{"id":6827,"date":"2025-03-06T01:31:43","date_gmt":"2025-03-06T01:31:43","guid":{"rendered":"https:\/\/lynnhan.com\/?page_id=6827"},"modified":"2025-03-06T02:22:37","modified_gmt":"2025-03-06T02:22:37","slug":"tai-lieu","status":"publish","type":"page","link":"https:\/\/lynnhan.com\/vi\/tai-lieu\/","title":{"rendered":"T\u00e0i li\u1ec7u"},"content":{"rendered":"<div data-elementor-type=\"wp-page\" data-elementor-id=\"6827\" class=\"elementor elementor-6827\" data-elementor-post-type=\"page\">\n\t\t\t\t<div class=\"elementor-element elementor-element-fd8e1b9 e-flex e-con-boxed e-con e-parent\" data-id=\"fd8e1b9\" data-element_type=\"container\">\n\t\t\t\t\t<div class=\"e-con-inner\">\n\t\t\t\t<div class=\"elementor-element elementor-element-69842f4 elementor-widget elementor-widget-image\" data-id=\"69842f4\" data-element_type=\"widget\" data-widget_type=\"image.default\">\n\t\t\t\t<div class=\"elementor-widget-container\">\n\t\t\t\t\t\t\t\t\t\t\t\t\t\t\t<img fetchpriority=\"high\" decoding=\"async\" width=\"2048\" height=\"1148\" src=\"https:\/\/pub-78925c7bf9ca4c6d820df8293a5c116c.r2.dev\/2025\/03\/documents-1.jpg\" class=\"attachment-full size-full wp-image-6830\" alt=\"T\u00e0i li\u1ec7u\" srcset=\"https:\/\/pub-78925c7bf9ca4c6d820df8293a5c116c.r2.dev\/2025\/03\/documents-1.jpg 2048w, https:\/\/pub-78925c7bf9ca4c6d820df8293a5c116c.r2.dev\/2025\/03\/documents-1-700x392.jpg 700w, https:\/\/pub-78925c7bf9ca4c6d820df8293a5c116c.r2.dev\/2025\/03\/documents-1-1024x574.jpg 1024w, https:\/\/pub-78925c7bf9ca4c6d820df8293a5c116c.r2.dev\/2025\/03\/documents-1-768x431.jpg 768w, https:\/\/pub-78925c7bf9ca4c6d820df8293a5c116c.r2.dev\/2025\/03\/documents-1-1536x861.jpg 1536w, https:\/\/pub-78925c7bf9ca4c6d820df8293a5c116c.r2.dev\/2025\/03\/documents-1-18x10.jpg 18w, https:\/\/pub-78925c7bf9ca4c6d820df8293a5c116c.r2.dev\/2025\/03\/documents-1-1140x639.jpg 1140w, https:\/\/pub-78925c7bf9ca4c6d820df8293a5c116c.r2.dev\/2025\/03\/documents-1-920x516.jpg 920w, https:\/\/pub-78925c7bf9ca4c6d820df8293a5c116c.r2.dev\/2025\/03\/documents-1-575x322.jpg 575w, https:\/\/pub-78925c7bf9ca4c6d820df8293a5c116c.r2.dev\/2025\/03\/documents-1-380x213.jpg 380w, https:\/\/pub-78925c7bf9ca4c6d820df8293a5c116c.r2.dev\/2025\/03\/documents-1-800x448.jpg 800w\" sizes=\"(max-width: 2048px) 100vw, 2048px\" \/>\t\t\t\t\t\t\t\t\t\t\t\t\t\t\t<\/div>\n\t\t\t\t<\/div>\n\t\t\t\t\t<\/div>\n\t\t\t\t<\/div>\n\t\t<div class=\"elementor-element elementor-element-bcb68ff e-flex e-con-boxed e-con e-parent\" data-id=\"bcb68ff\" data-element_type=\"container\">\n\t\t\t\t\t<div class=\"e-con-inner\">\n\t\t\t\t<div class=\"elementor-element elementor-element-aad77a5 elementor-widget elementor-widget-text-editor\" data-id=\"aad77a5\" data-element_type=\"widget\" data-widget_type=\"text-editor.default\">\n\t\t\t\t<div class=\"elementor-widget-container\">\n\t\t\t\t\t\t\t\t\t<p>T\u00ecm hi\u1ec3u c\u00e1c m\u00e0n h\u00ecnh LED, OLED, LCD, E-Paper cao c\u1ea5p v\u00e0 b\u1ea3ng hi\u1ec7u s\u1ed1 \u0111i\u1ec7n t\u1eed t\u1ea1i Lynnhan.com. L\u00e0 nh\u00e0 cung c\u1ea5p \u0111\u00e1ng tin c\u1eady, ch\u00fang t\u00f4i cung c\u1ea5p c\u00f4ng ngh\u1ec7 ti\u00ean ti\u1ebfn cho c\u00e1c doanh nghi\u1ec7p tr\u00ean to\u00e0n th\u1ebf gi\u1edbi. Kh\u00e1m ph\u00e1 t\u00e0i li\u1ec7u s\u1ea3n ph\u1ea9m, th\u00f4ng s\u1ed1 k\u1ef9 thu\u1eadt v\u00e0 t\u00e0i nguy\u00ean c\u1ee7a ch\u00fang t\u00f4i \u0111\u1ec3 t\u00ecm gi\u1ea3i ph\u00e1p m\u00e0n h\u00ecnh ph\u00f9 h\u1ee3p v\u1edbi nhu c\u1ea7u c\u1ee7a b\u1ea1n.<\/p>\t\t\t\t\t\t\t\t<\/div>\n\t\t\t\t<\/div>\n\t\t\t\t\t<\/div>\n\t\t\t\t<\/div>\n\t\t<div class=\"elementor-element elementor-element-aa8e1e8 e-flex e-con-boxed e-con e-parent\" data-id=\"aa8e1e8\" data-element_type=\"container\">\n\t\t\t\t\t<div class=\"e-con-inner\">\n\t\t\t\t<div class=\"elementor-element elementor-element-e3e4fff elementor-widget elementor-widget-spacer\" data-id=\"e3e4fff\" data-element_type=\"widget\" data-widget_type=\"spacer.default\">\n\t\t\t\t<div class=\"elementor-widget-container\">\n\t\t\t\t\t\t\t<div class=\"elementor-spacer\">\n\t\t\t<div class=\"elementor-spacer-inner\"><\/div>\n\t\t<\/div>\n\t\t\t\t\t\t<\/div>\n\t\t\t\t<\/div>\n\t\t\t\t\t<\/div>\n\t\t\t\t<\/div>\n\t\t<div class=\"elementor-element elementor-element-73dffe4 e-flex e-con-boxed e-con e-parent\" data-id=\"73dffe4\" data-element_type=\"container\">\n\t\t\t\t\t<div class=\"e-con-inner\">\n\t\t\t\t<div class=\"elementor-element elementor-element-34bd97c elementor-widget elementor-widget-heading\" data-id=\"34bd97c\" data-element_type=\"widget\" data-widget_type=\"heading.default\">\n\t\t\t\t<div class=\"elementor-widget-container\">\n\t\t\t\t\t<h5 class=\"elementor-heading-title elementor-size-default\"><a href=\"https:\/\/pub-78925c7bf9ca4c6d820df8293a5c116c.r2.dev\/2025\/03\/Lynnhan-Company-Product-Brochure-March-2025.pdf\">Lynnhan Company Product Brochure March 2025.pdf<\/a><\/h5>\t\t\t\t<\/div>\n\t\t\t\t<\/div>\n\t\t\t\t\t<\/div>\n\t\t\t\t<\/div>\n\t\t<div class=\"elementor-element elementor-element-2e48f13 e-flex e-con-boxed e-con e-parent\" data-id=\"2e48f13\" data-element_type=\"container\">\n\t\t\t\t\t<div class=\"e-con-inner\">\n\t\t\t\t<div class=\"elementor-element elementor-element-afdf861 elementor-widget elementor-widget-spacer\" data-id=\"afdf861\" data-element_type=\"widget\" data-widget_type=\"spacer.default\">\n\t\t\t\t<div class=\"elementor-widget-container\">\n\t\t\t\t\t\t\t<div class=\"elementor-spacer\">\n\t\t\t<div class=\"elementor-spacer-inner\"><\/div>\n\t\t<\/div>\n\t\t\t\t\t\t<\/div>\n\t\t\t\t<\/div>\n\t\t\t\t\t<\/div>\n\t\t\t\t<\/div>\n\t\t\t\t<\/div>","protected":false},"excerpt":{"rendered":"<p>Discover premium LED, OLED, LCD, E-Paper displays, and digital signage at Lynnhan.com. As a trusted supplier, we provide cutting-edge technology for businesses worldwide. Explore our product documents, specifications, and resources [\u2026]<\/p>","protected":false},"author":1,"featured_media":0,"parent":0,"menu_order":0,"comment_status":"closed","ping_status":"closed","template":"elementor_header_footer","meta":{"footnotes":""},"class_list":["post-6827","page","type-page","status-publish","hentry"],"yoast_head":"<!-- This site is optimized with the Yoast SEO plugin v26.6 - https:\/\/yoast.com\/wordpress\/plugins\/seo\/ -->\n<title>Documents - Lynnhan - Trusted Supplier | LED\/OLED\/LCD\/E-paper digital signages<\/title>\n<meta name=\"robots\" content=\"index, follow, max-snippet:-1, max-image-preview:large, max-video-preview:-1\" \/>\n<link rel=\"canonical\" href=\"https:\/\/lynnhan.com\/vi\/tai-lieu\/\" \/>\n<meta property=\"og:locale\" content=\"vi_VN\" \/>\n<meta property=\"og:type\" content=\"article\" \/>\n<meta property=\"og:title\" content=\"Documents - Lynnhan - Trusted Supplier | LED\/OLED\/LCD\/E-paper digital signages\" \/>\n<meta property=\"og:description\" content=\"Discover premium LED, OLED, LCD, E-Paper displays, and digital signage at Lynnhan.com. As a trusted supplier, we provide cutting-edge technology for businesses worldwide. Explore our product documents, specifications, and resources [&hellip;]\" \/>\n<meta property=\"og:url\" content=\"https:\/\/lynnhan.com\/vi\/tai-lieu\/\" \/>\n<meta property=\"og:site_name\" content=\"Lynnhan - Trusted Supplier | LED\/OLED\/LCD\/E-paper digital signages\" \/>\n<meta property=\"article:modified_time\" content=\"2025-03-06T02:22:37+00:00\" \/>\n<meta property=\"og:image\" content=\"https:\/\/pub-78925c7bf9ca4c6d820df8293a5c116c.r2.dev\/2025\/03\/documents-1.jpg\" \/>\n<meta name=\"twitter:card\" content=\"summary_large_image\" \/>\n<script type=\"application\/ld+json\" class=\"yoast-schema-graph\">{\"@context\":\"https:\/\/schema.org\",\"@graph\":[{\"@type\":\"WebPage\",\"@id\":\"https:\/\/lynnhan.com\/documents\/\",\"url\":\"https:\/\/lynnhan.com\/documents\/\",\"name\":\"Documents - Lynnhan - Trusted Supplier | LED\/OLED\/LCD\/E-paper digital signages\",\"isPartOf\":{\"@id\":\"https:\/\/lynnhan.com\/km\/#website\"},\"primaryImageOfPage\":{\"@id\":\"https:\/\/lynnhan.com\/documents\/#primaryimage\"},\"image\":{\"@id\":\"https:\/\/lynnhan.com\/documents\/#primaryimage\"},\"thumbnailUrl\":\"https:\/\/pub-78925c7bf9ca4c6d820df8293a5c116c.r2.dev\/2025\/03\/documents-1.jpg\",\"datePublished\":\"2025-03-06T01:31:43+00:00\",\"dateModified\":\"2025-03-06T02:22:37+00:00\",\"breadcrumb\":{\"@id\":\"https:\/\/lynnhan.com\/documents\/#breadcrumb\"},\"inLanguage\":\"vi\",\"potentialAction\":[{\"@type\":\"ReadAction\",\"target\":[\"https:\/\/lynnhan.com\/documents\/\"]}]},{\"@type\":\"ImageObject\",\"inLanguage\":\"vi\",\"@id\":\"https:\/\/lynnhan.com\/documents\/#primaryimage\",\"url\":\"https:\/\/pub-78925c7bf9ca4c6d820df8293a5c116c.r2.dev\/2025\/03\/documents-1.jpg\",\"contentUrl\":\"https:\/\/pub-78925c7bf9ca4c6d820df8293a5c116c.r2.dev\/2025\/03\/documents-1.jpg\"},{\"@type\":\"BreadcrumbList\",\"@id\":\"https:\/\/lynnhan.com\/documents\/#breadcrumb\",\"itemListElement\":[{\"@type\":\"ListItem\",\"position\":1,\"name\":\"Home\",\"item\":\"https:\/\/lynnhan.com\/\"},{\"@type\":\"ListItem\",\"position\":2,\"name\":\"Documents\"}]},{\"@type\":\"WebSite\",\"@id\":\"https:\/\/lynnhan.com\/km\/#website\",\"url\":\"https:\/\/lynnhan.com\/km\/\",\"name\":\"Lynnhan - Trusted Supplier | LED\/OLED\/LCD\/E-paper digital signages\",\"description\":\"Lynnhan - Trusted Supplier |  LED\/OLED\/LCD\/E-paper digital signages\",\"publisher\":{\"@id\":\"https:\/\/lynnhan.com\/km\/#organization\"},\"potentialAction\":[{\"@type\":\"SearchAction\",\"target\":{\"@type\":\"EntryPoint\",\"urlTemplate\":\"https:\/\/lynnhan.com\/km\/?s={search_term_string}\"},\"query-input\":{\"@type\":\"PropertyValueSpecification\",\"valueRequired\":true,\"valueName\":\"search_term_string\"}}],\"inLanguage\":\"vi\"},{\"@type\":\"Organization\",\"@id\":\"https:\/\/lynnhan.com\/km\/#organization\",\"name\":\"Lynnhan - Trusted Supplier | LED\/OLED\/LCD\/E-paper digital signages\",\"url\":\"https:\/\/lynnhan.com\/km\/\",\"logo\":{\"@type\":\"ImageObject\",\"inLanguage\":\"vi\",\"@id\":\"https:\/\/lynnhan.com\/km\/#\/schema\/logo\/image\/\",\"url\":\"https:\/\/pub-78925c7bf9ca4c6d820df8293a5c116c.r2.dev\/2024\/07\/LynnHan-logo3.png\",\"contentUrl\":\"https:\/\/pub-78925c7bf9ca4c6d820df8293a5c116c.r2.dev\/2024\/07\/LynnHan-logo3.png\",\"width\":390,\"height\":130,\"caption\":\"Lynnhan - Trusted Supplier | LED\/OLED\/LCD\/E-paper digital signages\"},\"image\":{\"@id\":\"https:\/\/lynnhan.com\/km\/#\/schema\/logo\/image\/\"}}]}<\/script>\n<!-- \/ Yoast SEO plugin. -->","yoast_head_json":{"title":"T\u00e0i li\u1ec7u - Lynnhan - Nh\u00e0 cung c\u1ea5p tin c\u1eady | \u0110\u00e8n LED\/OLED\/LCD\/E-paper qu\u1ea3ng c\u00e1o s\u1ed1","robots":{"index":"index","follow":"follow","max-snippet":"max-snippet:-1","max-image-preview":"max-image-preview:large","max-video-preview":"max-video-preview:-1"},"canonical":"https:\/\/lynnhan.com\/vi\/tai-lieu\/","og_locale":"vi_VN","og_type":"article","og_title":"Documents - Lynnhan - Trusted Supplier | LED\/OLED\/LCD\/E-paper digital signages","og_description":"Discover premium LED, OLED, LCD, E-Paper displays, and digital signage at Lynnhan.com. As a trusted supplier, we provide cutting-edge technology for businesses worldwide. Explore our product documents, specifications, and resources [&hellip;]","og_url":"https:\/\/lynnhan.com\/vi\/tai-lieu\/","og_site_name":"Lynnhan - Trusted Supplier | LED\/OLED\/LCD\/E-paper digital signages","article_modified_time":"2025-03-06T02:22:37+00:00","og_image":[{"url":"https:\/\/pub-78925c7bf9ca4c6d820df8293a5c116c.r2.dev\/2025\/03\/documents-1.jpg","type":"","width":"","height":""}],"twitter_card":"summary_large_image","schema":{"@context":"https:\/\/schema.org","@graph":[{"@type":"WebPage","@id":"https:\/\/lynnhan.com\/documents\/","url":"https:\/\/lynnhan.com\/documents\/","name":"T\u00e0i li\u1ec7u - Lynnhan - Nh\u00e0 cung c\u1ea5p tin c\u1eady | \u0110\u00e8n LED\/OLED\/LCD\/E-paper qu\u1ea3ng c\u00e1o s\u1ed1","isPartOf":{"@id":"https:\/\/lynnhan.com\/km\/#website"},"primaryImageOfPage":{"@id":"https:\/\/lynnhan.com\/documents\/#primaryimage"},"image":{"@id":"https:\/\/lynnhan.com\/documents\/#primaryimage"},"thumbnailUrl":"https:\/\/pub-78925c7bf9ca4c6d820df8293a5c116c.r2.dev\/2025\/03\/documents-1.jpg","datePublished":"2025-03-06T01:31:43+00:00","dateModified":"2025-03-06T02:22:37+00:00","breadcrumb":{"@id":"https:\/\/lynnhan.com\/documents\/#breadcrumb"},"inLanguage":"vi","potentialAction":[{"@type":"ReadAction","target":["https:\/\/lynnhan.com\/documents\/"]}]},{"@type":"ImageObject","inLanguage":"vi","@id":"https:\/\/lynnhan.com\/documents\/#primaryimage","url":"https:\/\/pub-78925c7bf9ca4c6d820df8293a5c116c.r2.dev\/2025\/03\/documents-1.jpg","contentUrl":"https:\/\/pub-78925c7bf9ca4c6d820df8293a5c116c.r2.dev\/2025\/03\/documents-1.jpg"},{"@type":"BreadcrumbList","@id":"https:\/\/lynnhan.com\/documents\/#breadcrumb","itemListElement":[{"@type":"ListItem","position":1,"name":"Home","item":"https:\/\/lynnhan.com\/"},{"@type":"ListItem","position":2,"name":"Documents"}]},{"@type":"WebSite","@id":"https:\/\/lynnhan.com\/km\/#website","url":"https:\/\/lynnhan.com\/km\/","name":"Lynnhan - Nh\u00e0 cung c\u1ea5p \u0111\u00e1ng tin c\u1eady | \u0110signage s\u1ed1 LED\/OLED\/LCD\/E-paper","description":"Lynnhan - Nh\u00e0 cung c\u1ea5p tin c\u1eady |  \u0110\u00e8n LED\/OLED\/LCD\/E-paper b\u1ea3ng qu\u1ea3ng c\u00e1o s\u1ed1 h\u00f3a","publisher":{"@id":"https:\/\/lynnhan.com\/km\/#organization"},"potentialAction":[{"@type":"SearchAction","target":{"@type":"EntryPoint","urlTemplate":"https:\/\/lynnhan.com\/km\/?s={search_term_string}"},"query-input":{"@type":"PropertyValueSpecification","valueRequired":true,"valueName":"search_term_string"}}],"inLanguage":"vi"},{"@type":"Organization","@id":"https:\/\/lynnhan.com\/km\/#organization","name":"Lynnhan - Nh\u00e0 cung c\u1ea5p \u0111\u00e1ng tin c\u1eady | \u0110signage s\u1ed1 LED\/OLED\/LCD\/E-paper","url":"https:\/\/lynnhan.com\/km\/","logo":{"@type":"ImageObject","inLanguage":"vi","@id":"https:\/\/lynnhan.com\/km\/#\/schema\/logo\/image\/","url":"https:\/\/pub-78925c7bf9ca4c6d820df8293a5c116c.r2.dev\/2024\/07\/LynnHan-logo3.png","contentUrl":"https:\/\/pub-78925c7bf9ca4c6d820df8293a5c116c.r2.dev\/2024\/07\/LynnHan-logo3.png","width":390,"height":130,"caption":"Lynnhan - Trusted Supplier | LED\/OLED\/LCD\/E-paper digital signages"},"image":{"@id":"https:\/\/lynnhan.com\/km\/#\/schema\/logo\/image\/"}}]}},"jetpack_sharing_enabled":true,"_links":{"self":[{"href":"https:\/\/lynnhan.com\/vi\/wp-json\/wp\/v2\/pages\/6827","targetHints":{"allow":["GET"]}}],"collection":[{"href":"https:\/\/lynnhan.com\/vi\/wp-json\/wp\/v2\/pages"}],"about":[{"href":"https:\/\/lynnhan.com\/vi\/wp-json\/wp\/v2\/types\/page"}],"author":[{"embeddable":true,"href":"https:\/\/lynnhan.com\/vi\/wp-json\/wp\/v2\/users\/1"}],"replies":[{"embeddable":true,"href":"https:\/\/lynnhan.com\/vi\/wp-json\/wp\/v2\/comments?post=6827"}],"version-history":[{"count":0,"href":"https:\/\/lynnhan.com\/vi\/wp-json\/wp\/v2\/pages\/6827\/revisions"}],"wp:attachment":[{"href":"https:\/\/lynnhan.com\/vi\/wp-json\/wp\/v2\/media?parent=6827"}],"curies":[{"name":"wp","href":"https:\/\/api.w.org\/{rel}","templated":true}]}}