{"id":603,"date":"2024-02-28T03:02:21","date_gmt":"2024-02-28T03:02:21","guid":{"rendered":"https:\/\/lynnhan.com\/?page_id=603"},"modified":"2024-12-18T10:29:55","modified_gmt":"2024-12-18T10:29:55","slug":"dieu-khoan-dich-vu","status":"publish","type":"page","link":"https:\/\/lynnhan.com\/vi\/dieu-khoan-dich-vu\/","title":{"rendered":"\u0110i\u1ec1u kho\u1ea3n d\u1ecbch v\u1ee5"},"content":{"rendered":"<div data-elementor-type=\"wp-page\" data-elementor-id=\"603\" class=\"elementor elementor-603\" data-elementor-post-type=\"page\">\n\t\t\t\t<div class=\"elementor-element elementor-element-15d4236 e-flex e-con-boxed e-con e-parent\" data-id=\"15d4236\" data-element_type=\"container\">\n\t\t\t\t\t<div class=\"e-con-inner\">\n\t\t\t\t<div class=\"elementor-element elementor-element-86e3659 elementor-widget elementor-widget-image\" data-id=\"86e3659\" data-element_type=\"widget\" data-widget_type=\"image.default\">\n\t\t\t\t<div class=\"elementor-widget-container\">\n\t\t\t\t\t\t\t\t\t\t\t\t\t\t\t<img fetchpriority=\"high\" decoding=\"async\" width=\"1456\" height=\"816\" src=\"https:\/\/pub-78925c7bf9ca4c6d820df8293a5c116c.r2.dev\/2024\/12\/Terms-Of-Service.webp\" class=\"attachment-full size-full wp-image-3307\" alt=\"\u0110i\u1ec1u kho\u1ea3n D\u1ecbch v\u1ee5 All in One LED\" srcset=\"https:\/\/pub-78925c7bf9ca4c6d820df8293a5c116c.r2.dev\/2024\/12\/Terms-Of-Service.webp 1456w, https:\/\/pub-78925c7bf9ca4c6d820df8293a5c116c.r2.dev\/2024\/12\/Terms-Of-Service-700x392.webp 700w, https:\/\/pub-78925c7bf9ca4c6d820df8293a5c116c.r2.dev\/2024\/12\/Terms-Of-Service-1024x574.webp 1024w, https:\/\/pub-78925c7bf9ca4c6d820df8293a5c116c.r2.dev\/2024\/12\/Terms-Of-Service-768x430.webp 768w, https:\/\/pub-78925c7bf9ca4c6d820df8293a5c116c.r2.dev\/2024\/12\/Terms-Of-Service-18x10.webp 18w, https:\/\/pub-78925c7bf9ca4c6d820df8293a5c116c.r2.dev\/2024\/12\/Terms-Of-Service-1140x639.webp 1140w, https:\/\/pub-78925c7bf9ca4c6d820df8293a5c116c.r2.dev\/2024\/12\/Terms-Of-Service-920x516.webp 920w, https:\/\/pub-78925c7bf9ca4c6d820df8293a5c116c.r2.dev\/2024\/12\/Terms-Of-Service-575x322.webp 575w, https:\/\/pub-78925c7bf9ca4c6d820df8293a5c116c.r2.dev\/2024\/12\/Terms-Of-Service-380x213.webp 380w, https:\/\/pub-78925c7bf9ca4c6d820df8293a5c116c.r2.dev\/2024\/12\/Terms-Of-Service-1320x740.webp 1320w, https:\/\/pub-78925c7bf9ca4c6d820df8293a5c116c.r2.dev\/2024\/12\/Terms-Of-Service-800x448.webp 800w\" sizes=\"(max-width: 1456px) 100vw, 1456px\" \/>\t\t\t\t\t\t\t\t\t\t\t\t\t\t\t<\/div>\n\t\t\t\t<\/div>\n\t\t\t\t\t<\/div>\n\t\t\t\t<\/div>\n\t\t<div class=\"elementor-element elementor-element-c870f31 e-flex e-con-boxed e-con e-parent\" data-id=\"c870f31\" data-element_type=\"container\">\n\t\t\t\t\t<div class=\"e-con-inner\">\n\t\t\t\t<div class=\"elementor-element elementor-element-1d30a00 elementor-widget elementor-widget-text-editor\" data-id=\"1d30a00\" data-element_type=\"widget\" data-widget_type=\"text-editor.default\">\n\t\t\t\t<div class=\"elementor-widget-container\">\n\t\t\t\t\t\t\t\t\t<h3>\u0110i\u1ec1u kho\u1ea3n D\u1ecbch v\u1ee5 cho Lynnhan<\/h3><p><strong>Ch\u00e0o m\u1eebng b\u1ea1n \u0111\u1ebfn v\u1edbi Lynnhan<\/strong><\/p><p>C\u1ea3m \u01a1n b\u1ea1n \u0111\u00e3 ch\u1ecdn Lynnhan \u0111\u1ec3 \u0111\u00e1p \u1ee9ng nhu c\u1ea7u c\u00f4ng ngh\u1ec7 th\u00f4ng minh c\u1ee7a m\u00ecnh. B\u1eb1ng vi\u1ec7c truy c\u1eadp v\u00e0 s\u1eed d\u1ee5ng trang web, s\u1ea3n ph\u1ea9m v\u00e0 d\u1ecbch v\u1ee5 c\u1ee7a ch\u00fang t\u00f4i, b\u1ea1n \u0111\u1ed3ng \u00fd tu\u00e2n th\u1ee7 v\u00e0 b\u1ecb r\u00e0ng bu\u1ed9c b\u1edfi c\u00e1c \u0111i\u1ec1u kho\u1ea3n v\u00e0 \u0111i\u1ec1u ki\u1ec7n d\u1ecbch v\u1ee5 sau. C\u00e1c \u0111i\u1ec1u kho\u1ea3n n\u00e0y \u00e1p d\u1ee5ng cho t\u1ea5t c\u1ea3 ng\u01b0\u1eddi d\u00f9ng, kh\u00e1ch truy c\u1eadp v\u00e0 nh\u1eefng ng\u01b0\u1eddi kh\u00e1c truy c\u1eadp ho\u1eb7c s\u1eed d\u1ee5ng D\u1ecbch v\u1ee5. Vui l\u00f2ng \u0111\u1ecdc c\u1ea9n th\u1eadn c\u00e1c \u0111i\u1ec1u kho\u1ea3n n\u00e0y tr\u01b0\u1edbc khi s\u1eed d\u1ee5ng d\u1ecbch v\u1ee5 c\u1ee7a ch\u00fang t\u00f4i.<\/p><p><strong>S\u1eed d\u1ee5ng D\u1ecbch v\u1ee5 c\u1ee7a Ch\u00fang t\u00f4i<\/strong><\/p><ul><li><strong>\u0110\u1ee7 \u0110\u1ed9 Tu\u1ed5i<\/strong>: B\u1ea1n ph\u1ea3i t\u1eeb 18 tu\u1ed5i tr\u1edf l\u00ean \u0111\u1ec3 s\u1eed d\u1ee5ng d\u1ecbch v\u1ee5 c\u1ee7a ch\u00fang t\u00f4i ho\u1eb7c c\u00f3 s\u1ef1 \u0111\u1ed3ng \u00fd ph\u00e1p l\u00fd c\u1ee7a ph\u1ee5 huynh ho\u1eb7c ng\u01b0\u1eddi b\u1ea3o v\u1ec7 n\u1ebfu b\u1ea1n l\u00e0 thi\u1ebfu ni\u00ean theo quy \u0111\u1ecbnh c\u1ee7a \u0111\u1ecba ph\u01b0\u01a1ng b\u1ea1n.<\/li><li><strong>Gi\u1ea5y ph\u00e9p S\u1eed d\u1ee5ng<\/strong>: Lynnhan c\u1ea5p cho b\u1ea1n m\u1ed9t gi\u1ea5y ph\u00e9p s\u1eed d\u1ee5ng h\u1ea1n ch\u1ebf, kh\u00f4ng \u0111\u1ed9c quy\u1ec1n, kh\u00f4ng chuy\u1ec3n nh\u01b0\u1ee3ng \u0111\u1ec3 truy c\u1eadp v\u00e0 s\u1eed d\u1ee5ng d\u1ecbch v\u1ee5 c\u1ee7a ch\u00fang t\u00f4i cho m\u1ee5c \u0111\u00edch c\u00e1 nh\u00e2n ho\u1eb7c n\u1ed9i b\u1ed9 kinh doanh, d\u01b0\u1edbi \u0111i\u1ec1u ki\u1ec7n c\u00e1c \u0110i\u1ec1u kho\u1ea3n D\u1ecbch v\u1ee5 n\u00e0y.<\/li><li><strong>\u0110\u0103ng k\u00fd T\u00e0i kho\u1ea3n<\/strong>: M\u1ed9t s\u1ed1_aspect c\u1ee7a d\u1ecbch v\u1ee5 c\u1ee7a ch\u00fang t\u00f4i c\u00f3 th\u1ec3 y\u00eau c\u1ea7u b\u1ea1n t\u1ea1o m\u1ed9t t\u00e0i kho\u1ea3n. B\u1ea1n ph\u1ea3i ch\u1ecbu tr\u00e1ch nhi\u1ec7m b\u1ea3o m\u1eadt th\u00f4ng tin t\u00e0i kho\u1ea3n c\u1ee7a m\u00ecnh v\u00e0 cho t\u1ea5t c\u1ea3 c\u00e1c ho\u1ea1t \u0111\u1ed9ng di\u1ec5n ra d\u01b0\u1edbi t\u00e0i kho\u1ea3n c\u1ee7a b\u1ea1n.<\/li><\/ul><p><strong>H\u00e0nh vi C\u1ea5m<\/strong><\/p><p>B\u1ea1n \u0111\u1ed3ng \u00fd kh\u00f4ng tham gia v\u00e0o c\u00e1c ho\u1ea1t \u0111\u1ed9ng c\u1ea5m sau:<\/p><ul><li>S\u1eed d\u1ee5ng d\u1ecbch v\u1ee5 cho b\u1ea5t k\u1ef3 m\u1ee5c \u0111\u00edch b\u1ea5t h\u1ee3p ph\u00e1p n\u00e0o ho\u1eb7c vi ph\u1ea1m b\u1ea5t k\u1ef3 lu\u1eadt \u0111\u1ecba ph\u01b0\u01a1ng, bang, qu\u1ed1c gia ho\u1eb7c qu\u1ed1c t\u1ebf n\u00e0o.<\/li><li>Vi ph\u1ea1m ho\u1eb7c c\u1ed1 \u00fd vi ph\u1ea1m an ninh c\u1ee7a d\u1ecbch v\u1ee5 c\u1ee7a ch\u00fang t\u00f4i.<\/li><li>S\u1eed d\u1ee5ng d\u1ecbch v\u1ee5 \u0111\u1ec3 ph\u00e2n ph\u1ed1i ph\u1ea7n m\u1ec1m \u0111\u1ed9c h\u1ea1i ho\u1eb7c n\u1ed9i dung x\u1ea5u.<\/li><li>X\u00e2m ph\u1ea1m quy\u1ec1n s\u1edf h\u1eefu tr\u00ed tu\u1ec7 ho\u1eb7c quy\u1ec1n s\u1edf h\u1eefu ri\u00eang t\u01b0 c\u1ee7a Lynnhan ho\u1eb7c b\u1ea5t k\u1ef3 b\u00ean th\u1ee9 ba n\u00e0o.<\/li><\/ul><p><strong>Quy\u1ec1n S\u1edf H\u1eefu Tr\u00ed Tu\u1ec7<\/strong><\/p><p>T\u1ea5t c\u1ea3 n\u1ed9i dung \u0111\u01b0\u1ee3c cung c\u1ea5p tr\u00ean d\u1ecbch v\u1ee5 c\u1ee7a ch\u00fang t\u00f4i, bao g\u1ed3m nh\u01b0ng kh\u00f4ng gi\u1edbi h\u1ea1n \u1edf v\u0103n b\u1ea3n, h\u00ecnh \u1ea3nh, logo, h\u00ecnh \u1ea3nh v\u00e0 ph\u1ea7n m\u1ec1m, l\u00e0 t\u00e0i s\u1ea3n c\u1ee7a Lynnhan ho\u1eb7c nh\u00e0 cung c\u1ea5p n\u1ed9i dung v\u00e0 \u0111\u01b0\u1ee3c b\u1ea3o v\u1ec7 b\u1edfi lu\u1eadt b\u1ea3n quy\u1ec1n v\u00e0 lu\u1eadt s\u1edf h\u1eefu tr\u00ed tu\u1ec7 qu\u1ed1c t\u1ebf.<\/p><p><strong>N\u1ed9i dung Ng\u01b0\u1eddi d\u00f9ng<\/strong><\/p><p>N\u1ebfu b\u1ea1n \u0111\u0103ng, t\u1ea3i l\u00ean ho\u1eb7c l\u00e0m s\u1eb5n c\u00f3 b\u1ea5t k\u1ef3 n\u1ed9i dung n\u00e0o tr\u00ean d\u1ecbch v\u1ee5 c\u1ee7a ch\u00fang t\u00f4i, b\u1ea1n c\u1ea5p cho Lynnhan m\u1ed9t gi\u1ea5y ph\u00e9p kh\u00f4ng \u0111\u1ed9c quy\u1ec1n, to\u00e0n c\u1ea7u, kh\u00f4ng ph\u1ea3i tr\u1ea3 ph\u00ed \u0111\u1ec3 s\u1eed d\u1ee5ng, sao ch\u00e9p, thay \u0111\u1ed5i v\u00e0 hi\u1ec3n th\u1ecb n\u1ed9i dung \u0111\u00f3 trong m\u1ed1i quan h\u1ec7 v\u1edbi vi\u1ec7c cung c\u1ea5p d\u1ecbch v\u1ee5.<\/p><p><strong>K\u1ebft th\u00fac<\/strong><\/p><p>Lynnhan c\u00f3 quy\u1ec1n ch\u1ea5m d\u1ee9t ho\u1eb7c t\u1ea1m d\u1eebng quy\u1ec1n truy c\u1eadp v\u00e0o d\u1ecbch v\u1ee5 c\u1ee7a ch\u00fang t\u00f4i m\u00e0 kh\u00f4ng c\u1ea7n th\u00f4ng b\u00e1o tr\u01b0\u1edbc ho\u1eb7c ch\u1ecbu tr\u00e1ch nhi\u1ec7m, v\u00ec b\u1ea5t k\u1ef3 l\u00fd do n\u00e0o, bao g\u1ed3m nh\u01b0ng kh\u00f4ng gi\u1edbi h\u1ea1n \u1edf vi\u1ec7c vi ph\u1ea1m \u0110i\u1ec1u kho\u1ea3n D\u1ecbch v\u1ee5.<\/p><p><strong>\u0110\u00e1nh gi\u00e1 Kh\u1ea3 n\u0103ng<\/strong><\/p><p>D\u1ecbch v\u1ee5 c\u1ee7a ch\u00fang t\u00f4i \u0111\u01b0\u1ee3c cung c\u1ea5p tr\u00ean c\u01a1 s\u1edf \u201cnh\u01b0 l\u00e0\u201d v\u00e0 \u201cnh\u01b0 c\u00f3 s\u1eb5n\u201d. Lynnhan kh\u00f4ng\u505a\u51fa b\u1ea5t k\u1ef3 b\u1ea3o \u0111\u1ea3m n\u00e0o, r\u00f5 r\u00e0ng ho\u1eb7c ng\u1ea7m hi\u1ec3u, v\u00e0 t\u1eeb ch\u1ed1i t\u1ea5t c\u1ea3 c\u00e1c b\u1ea3o \u0111\u1ea3m kh\u00e1c, bao g\u1ed3m nh\u01b0ng kh\u00f4ng gi\u1edbi h\u1ea1n \u1edf b\u1ea3o \u0111\u1ea3m ho\u1eb7c \u0111i\u1ec1u ki\u1ec7n ng\u1ea7m hi\u1ec3u v\u1ec1 t\u00ednh ch\u1ea5t th\u01b0\u01a1ng m\u1ea1i, ph\u00f9 h\u1ee3p cho m\u1ee5c \u0111\u00edch c\u1ee5 th\u1ec3 ho\u1eb7c kh\u00f4ng vi ph\u1ea1m quy\u1ec1n s\u1edf h\u1eefu tr\u00ed tu\u1ec7.<\/p><p><strong>Gi\u1edbi h\u1ea1n Tr\u00e1ch nhi\u1ec7m<\/strong><\/p><p>Trong tr\u01b0\u1eddng h\u1ee3p n\u00e0o \u0111\u00f3, Lynnhan ho\u1eb7c nh\u00e0 cung c\u1ea5p c\u1ee7a n\u00f3 kh\u00f4ng ph\u1ea3i ch\u1ecbu tr\u00e1ch nhi\u1ec7m v\u1ec1 b\u1ea5t k\u1ef3 t\u1ed5n th\u1ea5t gi\u00e1n ti\u1ebfp, ng\u1eabu nhi\u00ean, \u0111\u1eb7c bi\u1ec7t, h\u1eadu qu\u1ea3 ho\u1eb7c tr\u1eebng ph\u1ea1t n\u00e0o ph\u00e1t sinh t\u1eeb ho\u1eb7c li\u00ean quan \u0111\u1ebfn vi\u1ec7c s\u1eed d\u1ee5ng d\u1ecbch v\u1ee5 c\u1ee7a b\u1ea1n.<\/p><p><strong>Thay \u0111\u1ed5i \u0110i\u1ec1u kho\u1ea3n D\u1ecbch v\u1ee5<\/strong><\/p><p>Lynnhan c\u00f3 quy\u1ec1n, theo s\u1ef1 quy\u1ebft \u0111\u1ecbnh duy nh\u1ea5t c\u1ee7a m\u00ecnh,\u4fee\u6539 ho\u1eb7c thay th\u1ebf c\u00e1c \u0110i\u1ec1u kho\u1ea3n D\u1ecbch v\u1ee5 n\u00e0y v\u00e0o b\u1ea5t k\u1ef3 th\u1eddi \u0111i\u1ec3m n\u00e0o. Ch\u00fang t\u00f4i s\u1ebd cung c\u1ea5p th\u00f4ng b\u00e1o v\u1ec1 b\u1ea5t k\u1ef3 thay \u0111\u1ed5i quan tr\u1ecdng n\u00e0o. B\u1eb1ng c\u00e1ch ti\u1ebfp t\u1ee5c truy c\u1eadp ho\u1eb7c s\u1eed d\u1ee5ng d\u1ecbch v\u1ee5 c\u1ee7a ch\u00fang t\u00f4i sau khi nh\u1eefng s\u1eeda \u0111\u1ed5i \u0111\u00f3 c\u00f3 hi\u1ec7u l\u1ef1c, b\u1ea1n \u0111\u1ed3ng \u00fd b\u1ecb r\u00e0ng bu\u1ed9c b\u1edfi c\u00e1c \u0111i\u1ec1u kho\u1ea3n \u0111\u00e3 \u0111\u01b0\u1ee3c s\u1eeda \u0111\u1ed5i.<\/p><p><strong>Contact Us<\/strong><\/p><p>N\u1ebfu b\u1ea1n c\u00f3 b\u1ea5t k\u1ef3 c\u00e2u h\u1ecfi n\u00e0o v\u1ec1 c\u00e1c \u0110i\u1ec1u kho\u1ea3n D\u1ecbch v\u1ee5 n\u00e0y, xin vui l\u00f2ng li\u00ean h\u1ec7 v\u1edbi ch\u00fang t\u00f4i t\u1ea1i contact@xinxiangt.sg-host.com.<\/p><p><strong>Ng\u00e0y Hi\u1ec7u l\u1ef1c: 02.28.2024<br \/><\/strong><\/p><p>B\u1eb1ng c\u00e1ch truy c\u1eadp ho\u1eb7c s\u1eed d\u1ee5ng d\u1ecbch v\u1ee5 c\u1ee7a ch\u00fang t\u00f4i, b\u1ea1n x\u00e1c nh\u1eadn r\u1eb1ng b\u1ea1n \u0111\u00e3 \u0111\u1ecdc, hi\u1ec3u r\u00f5 v\u00e0 \u0111\u1ed3ng \u00fd b\u1ecb r\u00e0ng bu\u1ed9c b\u1edfi c\u00e1c \u0110i\u1ec1u kho\u1ea3n D\u1ecbch v\u1ee5 n\u00e0y.<\/p>\t\t\t\t\t\t\t\t<\/div>\n\t\t\t\t<\/div>\n\t\t\t\t\t<\/div>\n\t\t\t\t<\/div>\n\t\t\t\t<\/div>","protected":false},"excerpt":{"rendered":"<p>Terms of Service for Lynnhan Welcome to Lynnhan Thank you for choosing Lynnhan for your smart technology needs. By accessing and using our website, products, and services, you agree to [\u2026]<\/p>","protected":false},"author":1,"featured_media":0,"parent":0,"menu_order":0,"comment_status":"closed","ping_status":"closed","template":"","meta":{"footnotes":""},"class_list":["post-603","page","type-page","status-publish","hentry"],"yoast_head":"<!-- This site is optimized with the Yoast SEO plugin v26.6 - https:\/\/yoast.com\/wordpress\/plugins\/seo\/ -->\n<title>LynnHan Terms of Service: Your Guide to Safe Shopping<\/title>\n<meta name=\"description\" content=\"Fairness and transparency are at the heart of LynnHan&#039;s Terms of Service. Discover how we&#039;re dedicated to your satisfaction.\" \/>\n<meta name=\"robots\" content=\"index, follow, max-snippet:-1, max-image-preview:large, max-video-preview:-1\" \/>\n<link rel=\"canonical\" href=\"https:\/\/lynnhan.com\/vi\/dieu-khoan-dich-vu\/\" \/>\n<meta property=\"og:locale\" content=\"vi_VN\" \/>\n<meta property=\"og:type\" content=\"article\" \/>\n<meta property=\"og:title\" content=\"LynnHan Terms of Service: Your Guide to Safe Shopping\" \/>\n<meta property=\"og:description\" content=\"Fairness and transparency are at the heart of LynnHan&#039;s Terms of Service. Discover how we&#039;re dedicated to your satisfaction.\" \/>\n<meta property=\"og:url\" content=\"https:\/\/lynnhan.com\/vi\/dieu-khoan-dich-vu\/\" \/>\n<meta property=\"og:site_name\" content=\"Lynnhan - Trusted Supplier | LED\/OLED\/LCD\/E-paper digital signages\" \/>\n<meta property=\"article:modified_time\" content=\"2024-12-18T10:29:55+00:00\" \/>\n<meta property=\"og:image\" content=\"https:\/\/pub-78925c7bf9ca4c6d820df8293a5c116c.r2.dev\/2024\/12\/Terms-Of-Service.webp\" \/>\n<meta name=\"twitter:card\" content=\"summary_large_image\" \/>\n<meta name=\"twitter:label1\" content=\"\u01af\u1edbc t\u00ednh th\u1eddi gian \u0111\u1ecdc\" \/>\n\t<meta name=\"twitter:data1\" content=\"3 ph\u00fat\" \/>\n<script type=\"application\/ld+json\" class=\"yoast-schema-graph\">{\"@context\":\"https:\/\/schema.org\",\"@graph\":[{\"@type\":\"WebPage\",\"@id\":\"https:\/\/lynnhan.com\/bo\/terms-of-service\/\",\"url\":\"https:\/\/lynnhan.com\/bo\/terms-of-service\/\",\"name\":\"LynnHan Terms of Service: Your Guide to Safe Shopping\",\"isPartOf\":{\"@id\":\"https:\/\/lynnhan.com\/km\/#website\"},\"primaryImageOfPage\":{\"@id\":\"https:\/\/lynnhan.com\/bo\/terms-of-service\/#primaryimage\"},\"image\":{\"@id\":\"https:\/\/lynnhan.com\/bo\/terms-of-service\/#primaryimage\"},\"thumbnailUrl\":\"https:\/\/pub-78925c7bf9ca4c6d820df8293a5c116c.r2.dev\/2024\/12\/Terms-Of-Service.webp\",\"datePublished\":\"2024-02-28T03:02:21+00:00\",\"dateModified\":\"2024-12-18T10:29:55+00:00\",\"description\":\"Fairness and transparency are at the heart of LynnHan's Terms of Service. Discover how we're dedicated to your satisfaction.\",\"breadcrumb\":{\"@id\":\"https:\/\/lynnhan.com\/bo\/terms-of-service\/#breadcrumb\"},\"inLanguage\":\"vi\",\"potentialAction\":[{\"@type\":\"ReadAction\",\"target\":[\"https:\/\/lynnhan.com\/bo\/terms-of-service\/\"]}]},{\"@type\":\"ImageObject\",\"inLanguage\":\"vi\",\"@id\":\"https:\/\/lynnhan.com\/bo\/terms-of-service\/#primaryimage\",\"url\":\"https:\/\/pub-78925c7bf9ca4c6d820df8293a5c116c.r2.dev\/2024\/12\/Terms-Of-Service.webp\",\"contentUrl\":\"https:\/\/pub-78925c7bf9ca4c6d820df8293a5c116c.r2.dev\/2024\/12\/Terms-Of-Service.webp\"},{\"@type\":\"BreadcrumbList\",\"@id\":\"https:\/\/lynnhan.com\/bo\/terms-of-service\/#breadcrumb\",\"itemListElement\":[{\"@type\":\"ListItem\",\"position\":1,\"name\":\"Home\",\"item\":\"https:\/\/lynnhan.com\/\"},{\"@type\":\"ListItem\",\"position\":2,\"name\":\"Terms Of Service\"}]},{\"@type\":\"WebSite\",\"@id\":\"https:\/\/lynnhan.com\/km\/#website\",\"url\":\"https:\/\/lynnhan.com\/km\/\",\"name\":\"Lynnhan - Trusted Supplier | LED\/OLED\/LCD\/E-paper digital signages\",\"description\":\"Lynnhan - Trusted Supplier |  LED\/OLED\/LCD\/E-paper digital signages\",\"publisher\":{\"@id\":\"https:\/\/lynnhan.com\/km\/#organization\"},\"potentialAction\":[{\"@type\":\"SearchAction\",\"target\":{\"@type\":\"EntryPoint\",\"urlTemplate\":\"https:\/\/lynnhan.com\/km\/?s={search_term_string}\"},\"query-input\":{\"@type\":\"PropertyValueSpecification\",\"valueRequired\":true,\"valueName\":\"search_term_string\"}}],\"inLanguage\":\"vi\"},{\"@type\":\"Organization\",\"@id\":\"https:\/\/lynnhan.com\/km\/#organization\",\"name\":\"Lynnhan - Trusted Supplier | LED\/OLED\/LCD\/E-paper digital signages\",\"url\":\"https:\/\/lynnhan.com\/km\/\",\"logo\":{\"@type\":\"ImageObject\",\"inLanguage\":\"vi\",\"@id\":\"https:\/\/lynnhan.com\/km\/#\/schema\/logo\/image\/\",\"url\":\"https:\/\/pub-78925c7bf9ca4c6d820df8293a5c116c.r2.dev\/2024\/07\/LynnHan-logo3.png\",\"contentUrl\":\"https:\/\/pub-78925c7bf9ca4c6d820df8293a5c116c.r2.dev\/2024\/07\/LynnHan-logo3.png\",\"width\":390,\"height\":130,\"caption\":\"Lynnhan - Trusted Supplier | LED\/OLED\/LCD\/E-paper digital signages\"},\"image\":{\"@id\":\"https:\/\/lynnhan.com\/km\/#\/schema\/logo\/image\/\"}}]}<\/script>\n<!-- \/ Yoast SEO plugin. -->","yoast_head_json":{"title":"\u0110i\u1ec1u kho\u1ea3n d\u1ecbch v\u1ee5 LynnHan: H\u01b0\u1edbng d\u1eabn Mua s\u1eafm An to\u00e0n c\u1ee7a B\u1ea1n","description":"C\u00f4ng b\u1eb1ng v\u00e0 minh b\u1ea1ch l\u00e0 n\u1ec1n t\u1ea3ng c\u1ee7a \u0110i\u1ec1u kho\u1ea3n D\u1ecbch v\u1ee5 c\u1ee7a LynnHan. T\u00ecm hi\u1ec3u c\u00e1ch ch\u00fang t\u00f4i cam k\u1ebft l\u00e0m b\u1ea1n h\u00e0i l\u00f2ng.","robots":{"index":"index","follow":"follow","max-snippet":"max-snippet:-1","max-image-preview":"max-image-preview:large","max-video-preview":"max-video-preview:-1"},"canonical":"https:\/\/lynnhan.com\/vi\/dieu-khoan-dich-vu\/","og_locale":"vi_VN","og_type":"article","og_title":"LynnHan Terms of Service: Your Guide to Safe Shopping","og_description":"Fairness and transparency are at the heart of LynnHan's Terms of Service. Discover how we're dedicated to your satisfaction.","og_url":"https:\/\/lynnhan.com\/vi\/dieu-khoan-dich-vu\/","og_site_name":"Lynnhan - Trusted Supplier | LED\/OLED\/LCD\/E-paper digital signages","article_modified_time":"2024-12-18T10:29:55+00:00","og_image":[{"url":"https:\/\/pub-78925c7bf9ca4c6d820df8293a5c116c.r2.dev\/2024\/12\/Terms-Of-Service.webp","type":"","width":"","height":""}],"twitter_card":"summary_large_image","twitter_misc":{"\u01af\u1edbc t\u00ednh th\u1eddi gian \u0111\u1ecdc":"3 ph\u00fat"},"schema":{"@context":"https:\/\/schema.org","@graph":[{"@type":"WebPage","@id":"https:\/\/lynnhan.com\/bo\/terms-of-service\/","url":"https:\/\/lynnhan.com\/bo\/terms-of-service\/","name":"\u0110i\u1ec1u kho\u1ea3n d\u1ecbch v\u1ee5 LynnHan: H\u01b0\u1edbng d\u1eabn Mua s\u1eafm An to\u00e0n c\u1ee7a B\u1ea1n","isPartOf":{"@id":"https:\/\/lynnhan.com\/km\/#website"},"primaryImageOfPage":{"@id":"https:\/\/lynnhan.com\/bo\/terms-of-service\/#primaryimage"},"image":{"@id":"https:\/\/lynnhan.com\/bo\/terms-of-service\/#primaryimage"},"thumbnailUrl":"https:\/\/pub-78925c7bf9ca4c6d820df8293a5c116c.r2.dev\/2024\/12\/Terms-Of-Service.webp","datePublished":"2024-02-28T03:02:21+00:00","dateModified":"2024-12-18T10:29:55+00:00","description":"C\u00f4ng b\u1eb1ng v\u00e0 minh b\u1ea1ch l\u00e0 n\u1ec1n t\u1ea3ng c\u1ee7a \u0110i\u1ec1u kho\u1ea3n D\u1ecbch v\u1ee5 c\u1ee7a LynnHan. T\u00ecm hi\u1ec3u c\u00e1ch ch\u00fang t\u00f4i cam k\u1ebft l\u00e0m b\u1ea1n h\u00e0i l\u00f2ng.","breadcrumb":{"@id":"https:\/\/lynnhan.com\/bo\/terms-of-service\/#breadcrumb"},"inLanguage":"vi","potentialAction":[{"@type":"ReadAction","target":["https:\/\/lynnhan.com\/bo\/terms-of-service\/"]}]},{"@type":"ImageObject","inLanguage":"vi","@id":"https:\/\/lynnhan.com\/bo\/terms-of-service\/#primaryimage","url":"https:\/\/pub-78925c7bf9ca4c6d820df8293a5c116c.r2.dev\/2024\/12\/Terms-Of-Service.webp","contentUrl":"https:\/\/pub-78925c7bf9ca4c6d820df8293a5c116c.r2.dev\/2024\/12\/Terms-Of-Service.webp"},{"@type":"BreadcrumbList","@id":"https:\/\/lynnhan.com\/bo\/terms-of-service\/#breadcrumb","itemListElement":[{"@type":"ListItem","position":1,"name":"Home","item":"https:\/\/lynnhan.com\/"},{"@type":"ListItem","position":2,"name":"Terms Of Service"}]},{"@type":"WebSite","@id":"https:\/\/lynnhan.com\/km\/#website","url":"https:\/\/lynnhan.com\/km\/","name":"Lynnhan - Nh\u00e0 cung c\u1ea5p \u0111\u00e1ng tin c\u1eady | \u0110signage s\u1ed1 LED\/OLED\/LCD\/E-paper","description":"Lynnhan - Nh\u00e0 cung c\u1ea5p tin c\u1eady |  \u0110\u00e8n LED\/OLED\/LCD\/E-paper b\u1ea3ng qu\u1ea3ng c\u00e1o s\u1ed1 h\u00f3a","publisher":{"@id":"https:\/\/lynnhan.com\/km\/#organization"},"potentialAction":[{"@type":"SearchAction","target":{"@type":"EntryPoint","urlTemplate":"https:\/\/lynnhan.com\/km\/?s={search_term_string}"},"query-input":{"@type":"PropertyValueSpecification","valueRequired":true,"valueName":"search_term_string"}}],"inLanguage":"vi"},{"@type":"Organization","@id":"https:\/\/lynnhan.com\/km\/#organization","name":"Lynnhan - Nh\u00e0 cung c\u1ea5p \u0111\u00e1ng tin c\u1eady | \u0110signage s\u1ed1 LED\/OLED\/LCD\/E-paper","url":"https:\/\/lynnhan.com\/km\/","logo":{"@type":"ImageObject","inLanguage":"vi","@id":"https:\/\/lynnhan.com\/km\/#\/schema\/logo\/image\/","url":"https:\/\/pub-78925c7bf9ca4c6d820df8293a5c116c.r2.dev\/2024\/07\/LynnHan-logo3.png","contentUrl":"https:\/\/pub-78925c7bf9ca4c6d820df8293a5c116c.r2.dev\/2024\/07\/LynnHan-logo3.png","width":390,"height":130,"caption":"Lynnhan - Trusted Supplier | LED\/OLED\/LCD\/E-paper digital signages"},"image":{"@id":"https:\/\/lynnhan.com\/km\/#\/schema\/logo\/image\/"}}]}},"jetpack_sharing_enabled":true,"_links":{"self":[{"href":"https:\/\/lynnhan.com\/vi\/wp-json\/wp\/v2\/pages\/603","targetHints":{"allow":["GET"]}}],"collection":[{"href":"https:\/\/lynnhan.com\/vi\/wp-json\/wp\/v2\/pages"}],"about":[{"href":"https:\/\/lynnhan.com\/vi\/wp-json\/wp\/v2\/types\/page"}],"author":[{"embeddable":true,"href":"https:\/\/lynnhan.com\/vi\/wp-json\/wp\/v2\/users\/1"}],"replies":[{"embeddable":true,"href":"https:\/\/lynnhan.com\/vi\/wp-json\/wp\/v2\/comments?post=603"}],"version-history":[{"count":0,"href":"https:\/\/lynnhan.com\/vi\/wp-json\/wp\/v2\/pages\/603\/revisions"}],"wp:attachment":[{"href":"https:\/\/lynnhan.com\/vi\/wp-json\/wp\/v2\/media?parent=603"}],"curies":[{"name":"wp","href":"https:\/\/api.w.org\/{rel}","templated":true}]}}