{"id":601,"date":"2024-02-28T03:19:26","date_gmt":"2024-02-28T03:19:26","guid":{"rendered":"https:\/\/lynnhan.com\/?page_id=601"},"modified":"2024-12-18T10:32:06","modified_gmt":"2024-12-18T10:32:06","slug":"quyen-hanh-ung-xu","status":"publish","type":"page","link":"https:\/\/lynnhan.com\/vi\/quyen-hanh-ung-xu\/","title":{"rendered":"Quy t\u1eafc \u1ee9ng x\u1eed"},"content":{"rendered":"<div data-elementor-type=\"wp-page\" data-elementor-id=\"601\" class=\"elementor elementor-601\" data-elementor-post-type=\"page\">\n\t\t\t\t<div class=\"elementor-element elementor-element-1f21eb2 e-flex e-con-boxed e-con e-parent\" data-id=\"1f21eb2\" data-element_type=\"container\">\n\t\t\t\t\t<div class=\"e-con-inner\">\n\t\t\t\t<div class=\"elementor-element elementor-element-bfcddf0 elementor-widget elementor-widget-image\" data-id=\"bfcddf0\" data-element_type=\"widget\" data-widget_type=\"image.default\">\n\t\t\t\t<div class=\"elementor-widget-container\">\n\t\t\t\t\t\t\t\t\t\t\t\t\t\t\t<img fetchpriority=\"high\" decoding=\"async\" width=\"1536\" height=\"768\" src=\"https:\/\/pub-78925c7bf9ca4c6d820df8293a5c116c.r2.dev\/2024\/12\/Code-Of-Conduct.webp\" class=\"attachment-full size-full wp-image-3311\" alt=\"M\u00e3 h\u00e0nh vi c\u1ee7a nh\u00e0 cung c\u1ea5p LED All in One\" srcset=\"https:\/\/pub-78925c7bf9ca4c6d820df8293a5c116c.r2.dev\/2024\/12\/Code-Of-Conduct.webp 1536w, https:\/\/pub-78925c7bf9ca4c6d820df8293a5c116c.r2.dev\/2024\/12\/Code-Of-Conduct-700x350.webp 700w, https:\/\/pub-78925c7bf9ca4c6d820df8293a5c116c.r2.dev\/2024\/12\/Code-Of-Conduct-1024x512.webp 1024w, https:\/\/pub-78925c7bf9ca4c6d820df8293a5c116c.r2.dev\/2024\/12\/Code-Of-Conduct-768x384.webp 768w, https:\/\/pub-78925c7bf9ca4c6d820df8293a5c116c.r2.dev\/2024\/12\/Code-Of-Conduct-18x9.webp 18w, https:\/\/pub-78925c7bf9ca4c6d820df8293a5c116c.r2.dev\/2024\/12\/Code-Of-Conduct-1140x570.webp 1140w, https:\/\/pub-78925c7bf9ca4c6d820df8293a5c116c.r2.dev\/2024\/12\/Code-Of-Conduct-920x460.webp 920w, https:\/\/pub-78925c7bf9ca4c6d820df8293a5c116c.r2.dev\/2024\/12\/Code-Of-Conduct-575x288.webp 575w, https:\/\/pub-78925c7bf9ca4c6d820df8293a5c116c.r2.dev\/2024\/12\/Code-Of-Conduct-380x190.webp 380w, https:\/\/pub-78925c7bf9ca4c6d820df8293a5c116c.r2.dev\/2024\/12\/Code-Of-Conduct-1320x660.webp 1320w, https:\/\/pub-78925c7bf9ca4c6d820df8293a5c116c.r2.dev\/2024\/12\/Code-Of-Conduct-800x400.webp 800w\" sizes=\"(max-width: 1536px) 100vw, 1536px\" \/>\t\t\t\t\t\t\t\t\t\t\t\t\t\t\t<\/div>\n\t\t\t\t<\/div>\n\t\t\t\t\t<\/div>\n\t\t\t\t<\/div>\n\t\t<div class=\"elementor-element elementor-element-7b6aef8e e-flex e-con-boxed e-con e-parent\" data-id=\"7b6aef8e\" data-element_type=\"container\">\n\t\t\t\t\t<div class=\"e-con-inner\">\n\t\t\t\t<div class=\"elementor-element elementor-element-620072c1 elementor-widget elementor-widget-text-editor\" data-id=\"620072c1\" data-element_type=\"widget\" data-widget_type=\"text-editor.default\">\n\t\t\t\t<div class=\"elementor-widget-container\">\n\t\t\t\t\t\t\t\t\t\n<p><strong>2. Gi\u1edbi thi\u1ec7u<\/strong><\/p>\n\n\n\n<p>T\u1ea1i Lynnhan, ch\u00fang t\u00f4i cam k\u1ebft th\u1ef1c hi\u1ec7n kinh doanh c\u1ee7a m\u00ecnh theo c\u00e1c ti\u00eau chu\u1ea9n cao nh\u1ea5t v\u1ec1 t\u00ednh ch\u00ednh tr\u1ef1c v\u00e0 chuy\u00ean nghi\u1ec7p. Quy t\u1eafc \u1ee9ng x\u1eed n\u00e0y ph\u1ee5c v\u1ee5 nh\u01b0 m\u1ed9t h\u01b0\u1edbng d\u1eabn cho nh\u00e2n vi\u00ean, \u0111\u1ed1i t\u00e1c v\u00e0 li\u00ean doanh c\u1ee7a ch\u00fang t\u00f4i, n\u00eau r\u00f5 c\u00e1c nguy\u00ean t\u1eafc v\u00e0 ti\u00eau chu\u1ea9n \u0111\u1ecbnh ngh\u0129a h\u00e0nh vi v\u00e0 quy tr\u00ecnh ra quy\u1ebft \u0111\u1ecbnh doanh nghi\u1ec7p c\u1ee7a ch\u00fang t\u00f4i.<\/p>\n\n\n\n<p><strong>Cam k\u1ebft c\u1ee7a ch\u00fang t\u00f4i v\u1ec1 t\u00ednh ch\u00ednh tr\u1ef1c<\/strong><\/p>\n\n\n\n<ul class=\"wp-block-list\">\n<li><strong>Pratiques commerciales \u00e9thiques<\/strong>: Ch\u00fang t\u00f4i cam k\u1ebft th\u1ef1c hi\u1ec7n kinh doanh m\u1ed9t c\u00e1ch \u0111\u1ea1o \u0111\u1ee9c v\u00e0 v\u1edbi t\u00ednh ch\u00ednh tr\u1ef1c, t\u00f4n tr\u1ecdng t\u1ea5t c\u1ea3 c\u00e1c lu\u1eadt, quy \u0111\u1ecbnh v\u00e0 ti\u00eau chu\u1ea9n c\u00f3 li\u00ean quan.<\/li>\n\n\n\n<li><strong>Trong su\u1ed1t<\/strong>: Ch\u00fang t\u00f4i khuy\u1ebfn kh\u00edch m\u1ed9t m\u00f4i tr\u01b0\u1eddng minh b\u1ea1ch v\u00e0 c\u1edfi m\u1edf trong t\u1ea5t c\u1ea3 c\u00e1c giao d\u1ecbch kinh doanh c\u1ee7a m\u00ecnh, \u0111\u1ea3m b\u1ea3o r\u1eb1ng c\u00e1c b\u00ean li\u00ean quan \u0111\u01b0\u1ee3c th\u00f4ng tin v\u00e0 tham gia v\u00e0o c\u00e1c quy tr\u00ecnh c\u1ee7a ch\u00fang t\u00f4i.<\/li>\n<\/ul>\n\n\n\n<p><strong>T\u00f4n tr\u1ecdng v\u00e0 C\u00f4ng b\u1eb1ng<\/strong><\/p>\n\n\n\n<ul class=\"wp-block-list\">\n<li><strong>\u0110a d\u1ea1ng v\u00e0 T\u00edch h\u1ee3p<\/strong>: Ch\u00fang t\u00f4i coi tr\u1ecdng \u0111a d\u1ea1ng v\u00e0 cam k\u1ebft t\u1ea1o ra m\u1ed9t m\u00f4i tr\u01b0\u1eddng t\u00edch h\u1ee3p n\u01a1i m\u1ecdi ng\u01b0\u1eddi \u0111\u1ec1u \u0111\u01b0\u1ee3c \u0111\u1ed1i x\u1eed v\u1edbi s\u1ef1 t\u00f4n tr\u1ecdng v\u00e0 ph\u1ea9m gi\u00e1.<\/li>\n\n\n\n<li><strong>C\u00f4ng vi\u1ec7c kh\u00f4ng b\u1ecb qu\u1ea5y r\u1ed1i<\/strong>: Lynnhan cam k\u1ebft duy tr\u00ec m\u1ed9t m\u00f4i tr\u01b0\u1eddng l\u00e0m vi\u1ec7c kh\u00f4ng b\u1ecb qu\u1ea5y r\u1ed1i, ph\u00e2n bi\u1ec7t \u0111\u1ed1i x\u1eed ho\u1eb7c b\u1ea5t k\u1ef3 h\u00ecnh th\u1ee9c b\u1ea1o l\u1ef1c n\u00e0o. M\u1ecdi nh\u00e2n vi\u00ean \u0111\u1ec1u \u0111\u01b0\u1ee3c mong \u0111\u1ee3i \u0111\u00f3ng g\u00f3p v\u00e0o m\u1ed9t m\u00f4i tr\u01b0\u1eddng l\u00e0m vi\u1ec7c t\u00edch c\u1ef1c v\u00e0 t\u00f4n tr\u1ecdng.<\/li>\n<\/ul>\n\n\n\n<p><strong>T\u01b0 c\u00e1ch tr\u00e1ch nhi\u1ec7m v\u00e0 tr\u00e1ch nhi\u1ec7m<\/strong><\/p>\n\n\n\n<ul class=\"wp-block-list\">\n<li><strong>Tu\u00e2n th\u1ee7<\/strong>: T\u1ea5t c\u1ea3 c\u00e1c nh\u00e2n vi\u00ean v\u00e0 \u0111\u1ed1i t\u00e1c ph\u1ea3i tu\u00e2n th\u1ee7 Quy t\u1eafc \u1ee9ng x\u1eed n\u00e0y, ch\u00ednh s\u00e1ch c\u00f4ng ty v\u00e0 t\u1ea5t c\u1ea3 c\u00e1c lu\u1eadt v\u00e0 quy \u0111\u1ecbnh c\u00f3 li\u00ean quan.<\/li>\n\n\n\n<li><strong>B\u00e1o c\u00e1o vi ph\u1ea1m<\/strong>: Ch\u00fang t\u00f4i khuy\u1ebfn kh\u00edch vi\u1ec7c b\u00e1o c\u00e1o b\u1ea5t k\u1ef3 h\u00e0nh vi kh\u00f4ng \u0111\u1ea1o \u0111\u1ee9c ho\u1eb7c vi ph\u1ea1m Quy t\u1eafc \u1ee9ng x\u1eed n\u00e0y n\u00e0o. Lynnhan \u0111\u1ea3m b\u1ea3o r\u1eb1ng s\u1ebd kh\u00f4ng c\u00f3 s\u1ef1 tr\u1ea3 th\u00f9 \u0111\u1ed1i v\u1edbi nh\u1eefng c\u00e1 nh\u00e2n b\u00e1o c\u00e1o vi ph\u1ea1m t\u1ed1t t\u00e2m.<\/li>\n<\/ul>\n\n\n\n<p><strong>B\u1ea3o m\u1eadt v\u00e0 quy\u1ec1n ri\u00eang t\u01b0<\/strong><\/p>\n\n\n\n<ul class=\"wp-block-list\">\n<li><strong>B\u1ea3o v\u1ec7 th\u00f4ng tin<\/strong>: Ch\u00fang t\u00f4i cam k\u1ebft b\u1ea3o v\u1ec7 t\u00ednh b\u1ea3o m\u1eadt v\u00e0 quy\u1ec1n ri\u00eang t\u01b0 c\u1ee7a kh\u00e1ch h\u00e0ng, nh\u00e2n vi\u00ean v\u00e0 \u0111\u1ed1i t\u00e1c. Th\u00f4ng tin ph\u1ea3i \u0111\u01b0\u1ee3c x\u1eed l\u00fd v\u1edbi s\u1ef1 c\u1ea9n th\u1eadn v\u00e0 b\u1ea3o m\u1eadt cao nh\u1ea5t.<\/li>\n\n\n\n<li><strong>Quy\u1ec1n S\u1edf H\u1eefu Tr\u00ed Tu\u1ec7<\/strong>: Ch\u00fang t\u00f4i t\u00f4n tr\u1ecdng quy\u1ec1n s\u1edf h\u1eefu tr\u00ed tu\u1ec7 v\u00e0 mong \u0111\u1ee3i nh\u00e2n vi\u00ean v\u00e0 \u0111\u1ed1i t\u00e1c c\u1ee7a ch\u00fang t\u00f4i c\u0169ng l\u00e0m nh\u01b0 v\u1eady.<\/li>\n<\/ul>\n\n\n\n<p><strong>Xung \u0111\u1ed9t l\u1ee3i \u00edch<\/strong><\/p>\n\n\n\n<ul class=\"wp-block-list\">\n<li><strong>Tr\u00e1nh xung \u0111\u1ed9t<\/strong>: Nh\u00e2n vi\u00ean v\u00e0 \u0111\u1ed1i t\u00e1c n\u00ean tr\u00e1nh b\u1ea5t k\u1ef3 l\u1ee3i \u00edch c\u00e1 nh\u00e2n, t\u00e0i ch\u00ednh ho\u1eb7c kh\u00e1c n\u00e0o c\u00f3 th\u1ec3 c\u1ea3n tr\u1edf kh\u1ea3 n\u0103ng ho\u1eb7c s\u1ef1 s\u1eb5n l\u00f2ng c\u1ee7a h\u1ecd th\u1ef1c hi\u1ec7n c\u00f4ng vi\u1ec7c c\u1ee7a m\u00ecnh m\u1ed9t c\u00e1ch c\u00f4ng b\u1eb1ng.<\/li>\n\n\n\n<li><strong>Cung c\u1ea5p th\u00f4ng tin<\/strong>: B\u1ea5t k\u1ef3 xung \u0111\u1ed9t l\u1ee3i \u00edch ti\u1ec1m n\u0103ng n\u00e0o n\u00ean \u0111\u01b0\u1ee3c cung c\u1ea5p th\u00f4ng tin cho qu\u1ea3n l\u00fd \u0111\u1ec3 \u0111\u00e1nh gi\u00e1 v\u00e0 h\u01b0\u1edbng d\u1eabn.<\/li>\n<\/ul>\n\n\n\n<p><strong>Tr\u00e1ch nhi\u1ec7m m\u00f4i tr\u01b0\u1eddng<\/strong><\/p>\n\n\n\n<ul class=\"wp-block-list\">\n<li><strong>B\u1ec1n v\u1eefng<\/strong>: Lynnhan cam k\u1ebft b\u1ec1n v\u1eefng v\u00e0 qu\u1ea3n l\u00fd m\u00f4i tr\u01b0\u1eddng. Ch\u00fang t\u00f4i n\u1ed7 l\u1ef1c gi\u1ea3m thi\u1ec3u t\u00e1c \u0111\u1ed9ng m\u00f4i tr\u01b0\u1eddng v\u00e0 th\u00fac \u0111\u1ea9y c\u00e1c th\u1ef1c h\u00e0nh c\u00f3 tr\u00e1ch nhi\u1ec7m trong t\u1ea5t c\u1ea3 c\u00e1c l\u0129nh v\u1ef1c c\u1ee7a doanh nghi\u1ec7p.<\/li>\n<\/ul>\n\n\n\n<p><strong>Tham gia c\u1ed9ng \u0111\u1ed3ng<\/strong><\/p>\n\n\n\n<ul class=\"wp-block-list\">\n<li><strong>Tr\u1ea3 l\u1ea1i<\/strong>: Ch\u00fang t\u00f4i tin v\u00e0o vi\u1ec7c tr\u1ea3 l\u1ea1i cho c\u00e1c c\u1ed9ng \u0111\u1ed3ng n\u01a1i ch\u00fang t\u00f4i ho\u1ea1t \u0111\u1ed9ng, khuy\u1ebfn kh\u00edch tinh th\u1ea7n ph\u1ee5c v\u1ee5 v\u00e0 t\u00ecnh nguy\u1ec7n trong nh\u00e2n vi\u00ean v\u00e0 \u0111\u1ed1i t\u00e1c c\u1ee7a ch\u00fang t\u00f4i.<\/li>\n<\/ul>\n\n\n\n<p><strong>Tri\u1ec3n khai v\u00e0 thi h\u00e0nh<\/strong><\/p>\n\n\n\n<ul class=\"wp-block-list\">\n<li><strong>Hu\u1ea5n luy\u1ec7n<\/strong>: T\u1ea5t c\u1ea3 c\u00e1c nh\u00e2n vi\u00ean s\u1ebd nh\u1eadn \u0111\u01b0\u1ee3c \u0111\u00e0o t\u1ea1o v\u1ec1 M\u00e3 h\u00e0nh vi n\u00e0y \u0111\u1ec3 \u0111\u1ea3m b\u1ea3o h\u1ecd hi\u1ec3u r\u00f5 v\u00e0 c\u00f3 th\u1ec3 duy tr\u00ec hi\u1ec7u qu\u1ea3 c\u00e1c nguy\u00ean t\u1eafc n\u00e0y.<\/li>\n\n\n\n<li><strong>Thi h\u00e0nh<\/strong>: Vi ph\u1ea1m M\u00e3 h\u00e0nh vi n\u00e0y s\u1ebd \u0111\u01b0\u1ee3c xem x\u00e9t nghi\u00eam t\u00fac v\u00e0 c\u00f3 th\u1ec3 d\u1eabn \u0111\u1ebfn h\u00e0nh \u0111\u1ed9ng k\u1ef7 lu\u1eadt, bao g\u1ed3m vi\u1ec7c ch\u1ea5m d\u1ee9t h\u1ee3p \u0111\u1ed3ng lao \u0111\u1ed9ng ho\u1eb7c m\u1ed1i quan h\u1ec7 kinh doanh.<\/li>\n<\/ul>\n\n\n\n<p><strong>K\u1ebft lu\u1eadn<\/strong><\/p>\n\n\n\n<p>M\u00e3 h\u00e0nh vi n\u00e0y l\u00e0 trung t\u00e2m c\u1ee7a s\u1ee9 m\u1ec7nh t\u1ea1i Lynnhan. B\u1eb1ng c\u00e1ch tu\u00e2n th\u1ee7 c\u00e1c nguy\u00ean t\u1eafc n\u00e0y, ch\u00fang t\u00f4i duy tr\u00ec danh ti\u1ebfng v\u1ec1 t\u00ednh minh b\u1ea1ch, \u0111\u00f3ng g\u00f3p v\u00e0o m\u1ed9t v\u0103n h\u00f3a l\u00e0m vi\u1ec7c t\u00edch c\u1ef1c, v\u00e0 x\u00e2y d\u1ef1ng ni\u1ec1m tin v\u1edbi kh\u00e1ch h\u00e0ng, \u0111\u1ed1i t\u00e1c v\u00e0 c\u1ed9ng \u0111\u1ed3ng. C\u00f9ng nhau, ch\u00fang ta c\u00f3 th\u1ec3 \u0111\u1ea3m b\u1ea3o r\u1eb1ng Lynnhan ti\u1ebfp t\u1ee5c l\u00e0 n\u01a1i m\u00e0 s\u1ef1 xu\u1ea5t s\u1eafc, t\u00f4n tr\u1ecdng v\u00e0 t\u00ednh minh b\u1ea1ch ph\u00e1t tri\u1ec3n.<\/p>\n\t\t\t\t\t\t\t\t<\/div>\n\t\t\t\t<\/div>\n\t\t\t\t\t<\/div>\n\t\t\t\t<\/div>\n\t\t\t\t<\/div>","protected":false},"excerpt":{"rendered":"<p>Introduction At Lynnhan, we are committed to conducting our business according to the highest standards of integrity and professionalism. This Code of Conduct serves as a guide for our employees, [\u2026]<\/p>","protected":false},"author":1,"featured_media":0,"parent":0,"menu_order":0,"comment_status":"closed","ping_status":"closed","template":"","meta":{"footnotes":""},"class_list":["post-601","page","type-page","status-publish","hentry"],"yoast_head":"<!-- This site is optimized with the Yoast SEO plugin v26.6 - https:\/\/yoast.com\/wordpress\/plugins\/seo\/ -->\n<title>Code of Conduct-Lynnhan smart display factory<\/title>\n<meta name=\"description\" content=\"Lynnhan smart display factory&#039;s commits to ethics and integrity. Our code of conduct ensures a respectful and inclusive culture for all.\" \/>\n<meta name=\"robots\" content=\"index, follow, max-snippet:-1, max-image-preview:large, max-video-preview:-1\" \/>\n<link rel=\"canonical\" href=\"https:\/\/lynnhan.com\/vi\/quyen-hanh-ung-xu\/\" \/>\n<meta property=\"og:locale\" content=\"vi_VN\" \/>\n<meta property=\"og:type\" content=\"article\" \/>\n<meta property=\"og:title\" content=\"Code of Conduct-Lynnhan smart display factory\" \/>\n<meta property=\"og:description\" content=\"Lynnhan smart display factory&#039;s commits to ethics and integrity. Our code of conduct ensures a respectful and inclusive culture for all.\" \/>\n<meta property=\"og:url\" content=\"https:\/\/lynnhan.com\/vi\/quyen-hanh-ung-xu\/\" \/>\n<meta property=\"og:site_name\" content=\"Lynnhan - Trusted Supplier | LED\/OLED\/LCD\/E-paper digital signages\" \/>\n<meta property=\"article:modified_time\" content=\"2024-12-18T10:32:06+00:00\" \/>\n<meta property=\"og:image\" content=\"https:\/\/pub-78925c7bf9ca4c6d820df8293a5c116c.r2.dev\/2024\/12\/Code-Of-Conduct.webp\" \/>\n<meta name=\"twitter:card\" content=\"summary_large_image\" \/>\n<meta name=\"twitter:label1\" content=\"\u01af\u1edbc t\u00ednh th\u1eddi gian \u0111\u1ecdc\" \/>\n\t<meta name=\"twitter:data1\" content=\"3 ph\u00fat\" \/>\n<script type=\"application\/ld+json\" class=\"yoast-schema-graph\">{\"@context\":\"https:\/\/schema.org\",\"@graph\":[{\"@type\":\"WebPage\",\"@id\":\"https:\/\/lynnhan.com\/ja\/%e8%a1%8c%e5%8b%95%e8%a6%8f%e7%af%84\/\",\"url\":\"https:\/\/lynnhan.com\/ja\/%e8%a1%8c%e5%8b%95%e8%a6%8f%e7%af%84\/\",\"name\":\"Code of Conduct-Lynnhan smart display factory\",\"isPartOf\":{\"@id\":\"https:\/\/lynnhan.com\/km\/#website\"},\"primaryImageOfPage\":{\"@id\":\"https:\/\/lynnhan.com\/ja\/%e8%a1%8c%e5%8b%95%e8%a6%8f%e7%af%84\/#primaryimage\"},\"image\":{\"@id\":\"https:\/\/lynnhan.com\/ja\/%e8%a1%8c%e5%8b%95%e8%a6%8f%e7%af%84\/#primaryimage\"},\"thumbnailUrl\":\"https:\/\/pub-78925c7bf9ca4c6d820df8293a5c116c.r2.dev\/2024\/12\/Code-Of-Conduct.webp\",\"datePublished\":\"2024-02-28T03:19:26+00:00\",\"dateModified\":\"2024-12-18T10:32:06+00:00\",\"description\":\"Lynnhan smart display factory's commits to ethics and integrity. Our code of conduct ensures a respectful and inclusive culture for all.\",\"breadcrumb\":{\"@id\":\"https:\/\/lynnhan.com\/ja\/%e8%a1%8c%e5%8b%95%e8%a6%8f%e7%af%84\/#breadcrumb\"},\"inLanguage\":\"vi\",\"potentialAction\":[{\"@type\":\"ReadAction\",\"target\":[\"https:\/\/lynnhan.com\/ja\/%e8%a1%8c%e5%8b%95%e8%a6%8f%e7%af%84\/\"]}]},{\"@type\":\"ImageObject\",\"inLanguage\":\"vi\",\"@id\":\"https:\/\/lynnhan.com\/ja\/%e8%a1%8c%e5%8b%95%e8%a6%8f%e7%af%84\/#primaryimage\",\"url\":\"https:\/\/pub-78925c7bf9ca4c6d820df8293a5c116c.r2.dev\/2024\/12\/Code-Of-Conduct.webp\",\"contentUrl\":\"https:\/\/pub-78925c7bf9ca4c6d820df8293a5c116c.r2.dev\/2024\/12\/Code-Of-Conduct.webp\"},{\"@type\":\"BreadcrumbList\",\"@id\":\"https:\/\/lynnhan.com\/ja\/%e8%a1%8c%e5%8b%95%e8%a6%8f%e7%af%84\/#breadcrumb\",\"itemListElement\":[{\"@type\":\"ListItem\",\"position\":1,\"name\":\"Home\",\"item\":\"https:\/\/lynnhan.com\/\"},{\"@type\":\"ListItem\",\"position\":2,\"name\":\"Code Of Conduct\"}]},{\"@type\":\"WebSite\",\"@id\":\"https:\/\/lynnhan.com\/km\/#website\",\"url\":\"https:\/\/lynnhan.com\/km\/\",\"name\":\"Lynnhan - Trusted Supplier | LED\/OLED\/LCD\/E-paper digital signages\",\"description\":\"Lynnhan - Trusted Supplier |  LED\/OLED\/LCD\/E-paper digital signages\",\"publisher\":{\"@id\":\"https:\/\/lynnhan.com\/km\/#organization\"},\"potentialAction\":[{\"@type\":\"SearchAction\",\"target\":{\"@type\":\"EntryPoint\",\"urlTemplate\":\"https:\/\/lynnhan.com\/km\/?s={search_term_string}\"},\"query-input\":{\"@type\":\"PropertyValueSpecification\",\"valueRequired\":true,\"valueName\":\"search_term_string\"}}],\"inLanguage\":\"vi\"},{\"@type\":\"Organization\",\"@id\":\"https:\/\/lynnhan.com\/km\/#organization\",\"name\":\"Lynnhan - Trusted Supplier | LED\/OLED\/LCD\/E-paper digital signages\",\"url\":\"https:\/\/lynnhan.com\/km\/\",\"logo\":{\"@type\":\"ImageObject\",\"inLanguage\":\"vi\",\"@id\":\"https:\/\/lynnhan.com\/km\/#\/schema\/logo\/image\/\",\"url\":\"https:\/\/pub-78925c7bf9ca4c6d820df8293a5c116c.r2.dev\/2024\/07\/LynnHan-logo3.png\",\"contentUrl\":\"https:\/\/pub-78925c7bf9ca4c6d820df8293a5c116c.r2.dev\/2024\/07\/LynnHan-logo3.png\",\"width\":390,\"height\":130,\"caption\":\"Lynnhan - Trusted Supplier | LED\/OLED\/LCD\/E-paper digital signages\"},\"image\":{\"@id\":\"https:\/\/lynnhan.com\/km\/#\/schema\/logo\/image\/\"}}]}<\/script>\n<!-- \/ Yoast SEO plugin. -->","yoast_head_json":{"title":"Quy\u1ec1n h\u00e0nh \u1ee9ng x\u1eed - Nh\u00e0 m\u00e1y m\u00e0n h\u00ecnh th\u00f4ng minh Lynnhan","description":"Lynnhan smart display factory cam k\u1ebft \u0111\u1ea1o \u0111\u1ee9c v\u00e0 trung th\u1ef1c. Quy t\u1eafc \u1ee9ng x\u1eed c\u1ee7a ch\u00fang t\u00f4i \u0111\u1ea3m b\u1ea3o m\u1ed9t n\u1ec1n v\u0103n h\u00f3a t\u00f4n tr\u1ecdng v\u00e0 bao tr\u00f9m cho t\u1ea5t c\u1ea3.","robots":{"index":"index","follow":"follow","max-snippet":"max-snippet:-1","max-image-preview":"max-image-preview:large","max-video-preview":"max-video-preview:-1"},"canonical":"https:\/\/lynnhan.com\/vi\/quyen-hanh-ung-xu\/","og_locale":"vi_VN","og_type":"article","og_title":"Code of Conduct-Lynnhan smart display factory","og_description":"Lynnhan smart display factory's commits to ethics and integrity. Our code of conduct ensures a respectful and inclusive culture for all.","og_url":"https:\/\/lynnhan.com\/vi\/quyen-hanh-ung-xu\/","og_site_name":"Lynnhan - Trusted Supplier | LED\/OLED\/LCD\/E-paper digital signages","article_modified_time":"2024-12-18T10:32:06+00:00","og_image":[{"url":"https:\/\/pub-78925c7bf9ca4c6d820df8293a5c116c.r2.dev\/2024\/12\/Code-Of-Conduct.webp","type":"","width":"","height":""}],"twitter_card":"summary_large_image","twitter_misc":{"\u01af\u1edbc t\u00ednh th\u1eddi gian \u0111\u1ecdc":"3 ph\u00fat"},"schema":{"@context":"https:\/\/schema.org","@graph":[{"@type":"WebPage","@id":"https:\/\/lynnhan.com\/ja\/%e8%a1%8c%e5%8b%95%e8%a6%8f%e7%af%84\/","url":"https:\/\/lynnhan.com\/ja\/%e8%a1%8c%e5%8b%95%e8%a6%8f%e7%af%84\/","name":"Quy\u1ec1n h\u00e0nh \u1ee9ng x\u1eed - Nh\u00e0 m\u00e1y m\u00e0n h\u00ecnh th\u00f4ng minh Lynnhan","isPartOf":{"@id":"https:\/\/lynnhan.com\/km\/#website"},"primaryImageOfPage":{"@id":"https:\/\/lynnhan.com\/ja\/%e8%a1%8c%e5%8b%95%e8%a6%8f%e7%af%84\/#primaryimage"},"image":{"@id":"https:\/\/lynnhan.com\/ja\/%e8%a1%8c%e5%8b%95%e8%a6%8f%e7%af%84\/#primaryimage"},"thumbnailUrl":"https:\/\/pub-78925c7bf9ca4c6d820df8293a5c116c.r2.dev\/2024\/12\/Code-Of-Conduct.webp","datePublished":"2024-02-28T03:19:26+00:00","dateModified":"2024-12-18T10:32:06+00:00","description":"Lynnhan smart display factory cam k\u1ebft \u0111\u1ea1o \u0111\u1ee9c v\u00e0 trung th\u1ef1c. Quy t\u1eafc \u1ee9ng x\u1eed c\u1ee7a ch\u00fang t\u00f4i \u0111\u1ea3m b\u1ea3o m\u1ed9t n\u1ec1n v\u0103n h\u00f3a t\u00f4n tr\u1ecdng v\u00e0 bao tr\u00f9m cho t\u1ea5t c\u1ea3.","breadcrumb":{"@id":"https:\/\/lynnhan.com\/ja\/%e8%a1%8c%e5%8b%95%e8%a6%8f%e7%af%84\/#breadcrumb"},"inLanguage":"vi","potentialAction":[{"@type":"ReadAction","target":["https:\/\/lynnhan.com\/ja\/%e8%a1%8c%e5%8b%95%e8%a6%8f%e7%af%84\/"]}]},{"@type":"ImageObject","inLanguage":"vi","@id":"https:\/\/lynnhan.com\/ja\/%e8%a1%8c%e5%8b%95%e8%a6%8f%e7%af%84\/#primaryimage","url":"https:\/\/pub-78925c7bf9ca4c6d820df8293a5c116c.r2.dev\/2024\/12\/Code-Of-Conduct.webp","contentUrl":"https:\/\/pub-78925c7bf9ca4c6d820df8293a5c116c.r2.dev\/2024\/12\/Code-Of-Conduct.webp"},{"@type":"BreadcrumbList","@id":"https:\/\/lynnhan.com\/ja\/%e8%a1%8c%e5%8b%95%e8%a6%8f%e7%af%84\/#breadcrumb","itemListElement":[{"@type":"ListItem","position":1,"name":"Home","item":"https:\/\/lynnhan.com\/"},{"@type":"ListItem","position":2,"name":"Code Of Conduct"}]},{"@type":"WebSite","@id":"https:\/\/lynnhan.com\/km\/#website","url":"https:\/\/lynnhan.com\/km\/","name":"Lynnhan - Nh\u00e0 cung c\u1ea5p \u0111\u00e1ng tin c\u1eady | \u0110signage s\u1ed1 LED\/OLED\/LCD\/E-paper","description":"Lynnhan - Nh\u00e0 cung c\u1ea5p tin c\u1eady |  \u0110\u00e8n LED\/OLED\/LCD\/E-paper b\u1ea3ng qu\u1ea3ng c\u00e1o s\u1ed1 h\u00f3a","publisher":{"@id":"https:\/\/lynnhan.com\/km\/#organization"},"potentialAction":[{"@type":"SearchAction","target":{"@type":"EntryPoint","urlTemplate":"https:\/\/lynnhan.com\/km\/?s={search_term_string}"},"query-input":{"@type":"PropertyValueSpecification","valueRequired":true,"valueName":"search_term_string"}}],"inLanguage":"vi"},{"@type":"Organization","@id":"https:\/\/lynnhan.com\/km\/#organization","name":"Lynnhan - Nh\u00e0 cung c\u1ea5p \u0111\u00e1ng tin c\u1eady | \u0110signage s\u1ed1 LED\/OLED\/LCD\/E-paper","url":"https:\/\/lynnhan.com\/km\/","logo":{"@type":"ImageObject","inLanguage":"vi","@id":"https:\/\/lynnhan.com\/km\/#\/schema\/logo\/image\/","url":"https:\/\/pub-78925c7bf9ca4c6d820df8293a5c116c.r2.dev\/2024\/07\/LynnHan-logo3.png","contentUrl":"https:\/\/pub-78925c7bf9ca4c6d820df8293a5c116c.r2.dev\/2024\/07\/LynnHan-logo3.png","width":390,"height":130,"caption":"Lynnhan - Trusted Supplier | LED\/OLED\/LCD\/E-paper digital signages"},"image":{"@id":"https:\/\/lynnhan.com\/km\/#\/schema\/logo\/image\/"}}]}},"jetpack_sharing_enabled":true,"_links":{"self":[{"href":"https:\/\/lynnhan.com\/vi\/wp-json\/wp\/v2\/pages\/601","targetHints":{"allow":["GET"]}}],"collection":[{"href":"https:\/\/lynnhan.com\/vi\/wp-json\/wp\/v2\/pages"}],"about":[{"href":"https:\/\/lynnhan.com\/vi\/wp-json\/wp\/v2\/types\/page"}],"author":[{"embeddable":true,"href":"https:\/\/lynnhan.com\/vi\/wp-json\/wp\/v2\/users\/1"}],"replies":[{"embeddable":true,"href":"https:\/\/lynnhan.com\/vi\/wp-json\/wp\/v2\/comments?post=601"}],"version-history":[{"count":0,"href":"https:\/\/lynnhan.com\/vi\/wp-json\/wp\/v2\/pages\/601\/revisions"}],"wp:attachment":[{"href":"https:\/\/lynnhan.com\/vi\/wp-json\/wp\/v2\/media?parent=601"}],"curies":[{"name":"wp","href":"https:\/\/api.w.org\/{rel}","templated":true}]}}