{"id":562,"date":"2024-02-28T01:46:45","date_gmt":"2024-02-28T01:46:45","guid":{"rendered":"https:\/\/lynnhan.com\/?page_id=562"},"modified":"2026-01-06T03:52:39","modified_gmt":"2026-01-06T03:52:39","slug":"ve-lynnhan-interactive-display-factory","status":"publish","type":"page","link":"https:\/\/lynnhan.com\/vi\/ve-lynnhan-interactive-display-factory\/","title":{"rendered":"V\u1ec1 ch\u00fang t\u00f4i"},"content":{"rendered":"<p>T\u1ea1i Lynnhan Interative Display Factory, ch\u00fang t\u00f4i b\u1ecb th\u00fac \u0111\u1ea9y b\u1edfi m\u1ed9t s\u1ee9 m\u1ec7nh duy nh\u1ea5t: \u0111\u1ec3 c\u00e1ch m\u1ea1ng h\u00f3a c\u00e1ch b\u1ea1n s\u1ed1ng v\u00e0 l\u00e0m vi\u1ec7c th\u00f4ng qua c\u00f4ng ngh\u1ec7 s\u00e1ng t\u1ea1o. V\u1edbi h\u01a1n m\u1ed9t th\u1eadp k\u1ef7 kinh nghi\u1ec7m trong ng\u00e0nh c\u00f4ng ngh\u1ec7 th\u00f4ng minh, ch\u00fang t\u00f4i \u0111\u00e3 lu\u00f4n d\u1eabn \u0111\u1ea7u trong vi\u1ec7c thi\u1ebft k\u1ebf v\u00e0 cung c\u1ea5p c\u00e1c s\u1ea3n ph\u1ea9m ti\u00ean ti\u1ebfn nh\u1ea5t \u0111\u1ec3 n\u00e2ng cao n\u0103ng l\u1ef1c kinh doanh v\u00e0 l\u00e0m gi\u00e0u cu\u1ed9c s\u1ed1ng.<\/p>\n\n\n<p><\/p>","protected":false},"excerpt":{"rendered":"<p>At Lynnhan Interative Display Factory, we are driven by a single mission: to revolutionize the way you live and work through innovative technology. With over a decade of expertise in [\u2026]<\/p>","protected":false},"author":1,"featured_media":0,"parent":0,"menu_order":0,"comment_status":"closed","ping_status":"closed","template":"","meta":{"footnotes":""},"class_list":["post-562","page","type-page","status-publish","hentry"],"yoast_head":"<!-- This site is optimized with the Yoast SEO plugin v26.6 - https:\/\/yoast.com\/wordpress\/plugins\/seo\/ -->\n<title>About - Lynnhan Interactive Display Factory<\/title>\n<meta name=\"description\" content=\"About Lynnhan-We are a reliable Interactive Display factory Of smart boards, portable TVs, smart touch screens, smart portable projectors,etc\" \/>\n<meta name=\"robots\" content=\"index, follow, max-snippet:-1, max-image-preview:large, max-video-preview:-1\" \/>\n<link rel=\"canonical\" href=\"https:\/\/lynnhan.com\/vi\/ve-lynnhan-interactive-display-factory\/\" \/>\n<meta property=\"og:locale\" content=\"vi_VN\" \/>\n<meta property=\"og:type\" content=\"article\" \/>\n<meta property=\"og:title\" content=\"About - Lynnhan Interactive Display Factory\" \/>\n<meta property=\"og:description\" content=\"About Lynnhan-We are a reliable Interactive Display factory Of smart boards, portable TVs, smart touch screens, smart portable projectors,etc\" \/>\n<meta property=\"og:url\" content=\"https:\/\/lynnhan.com\/vi\/ve-lynnhan-interactive-display-factory\/\" \/>\n<meta property=\"og:site_name\" content=\"Lynnhan - Trusted Supplier | LED\/OLED\/LCD\/E-paper digital signages\" \/>\n<meta property=\"article:modified_time\" content=\"2026-01-06T03:52:39+00:00\" \/>\n<meta name=\"twitter:card\" content=\"summary_large_image\" \/>\n<meta name=\"twitter:label1\" content=\"\u01af\u1edbc t\u00ednh th\u1eddi gian \u0111\u1ecdc\" \/>\n\t<meta name=\"twitter:data1\" content=\"1 ph\u00fat\" \/>\n<script type=\"application\/ld+json\" class=\"yoast-schema-graph\">{\"@context\":\"https:\/\/schema.org\",\"@graph\":[{\"@type\":\"WebPage\",\"@id\":\"https:\/\/lynnhan.com\/about-lynnhan-interactive-display-factory\/\",\"url\":\"https:\/\/lynnhan.com\/about-lynnhan-interactive-display-factory\/\",\"name\":\"About - Lynnhan Interactive Display Factory\",\"isPartOf\":{\"@id\":\"https:\/\/lynnhan.com\/km\/#website\"},\"datePublished\":\"2024-02-28T01:46:45+00:00\",\"dateModified\":\"2026-01-06T03:52:39+00:00\",\"description\":\"About Lynnhan-We are a reliable Interactive Display factory Of smart boards, portable TVs, smart touch screens, smart portable projectors,etc\",\"breadcrumb\":{\"@id\":\"https:\/\/lynnhan.com\/about-lynnhan-interactive-display-factory\/#breadcrumb\"},\"inLanguage\":\"vi\",\"potentialAction\":[{\"@type\":\"ReadAction\",\"target\":[\"https:\/\/lynnhan.com\/about-lynnhan-interactive-display-factory\/\"]}]},{\"@type\":\"BreadcrumbList\",\"@id\":\"https:\/\/lynnhan.com\/about-lynnhan-interactive-display-factory\/#breadcrumb\",\"itemListElement\":[{\"@type\":\"ListItem\",\"position\":1,\"name\":\"Home\",\"item\":\"https:\/\/lynnhan.com\/\"},{\"@type\":\"ListItem\",\"position\":2,\"name\":\"About\"}]},{\"@type\":\"WebSite\",\"@id\":\"https:\/\/lynnhan.com\/km\/#website\",\"url\":\"https:\/\/lynnhan.com\/km\/\",\"name\":\"Lynnhan - Trusted Supplier | LED\/OLED\/LCD\/E-paper digital signages\",\"description\":\"Lynnhan - Trusted Supplier |  LED\/OLED\/LCD\/E-paper digital signages\",\"publisher\":{\"@id\":\"https:\/\/lynnhan.com\/km\/#organization\"},\"potentialAction\":[{\"@type\":\"SearchAction\",\"target\":{\"@type\":\"EntryPoint\",\"urlTemplate\":\"https:\/\/lynnhan.com\/km\/?s={search_term_string}\"},\"query-input\":{\"@type\":\"PropertyValueSpecification\",\"valueRequired\":true,\"valueName\":\"search_term_string\"}}],\"inLanguage\":\"vi\"},{\"@type\":\"Organization\",\"@id\":\"https:\/\/lynnhan.com\/km\/#organization\",\"name\":\"Lynnhan - Trusted Supplier | LED\/OLED\/LCD\/E-paper digital signages\",\"url\":\"https:\/\/lynnhan.com\/km\/\",\"logo\":{\"@type\":\"ImageObject\",\"inLanguage\":\"vi\",\"@id\":\"https:\/\/lynnhan.com\/km\/#\/schema\/logo\/image\/\",\"url\":\"https:\/\/pub-78925c7bf9ca4c6d820df8293a5c116c.r2.dev\/2024\/07\/LynnHan-logo3.png\",\"contentUrl\":\"https:\/\/pub-78925c7bf9ca4c6d820df8293a5c116c.r2.dev\/2024\/07\/LynnHan-logo3.png\",\"width\":390,\"height\":130,\"caption\":\"Lynnhan - Trusted Supplier | LED\/OLED\/LCD\/E-paper digital signages\"},\"image\":{\"@id\":\"https:\/\/lynnhan.com\/km\/#\/schema\/logo\/image\/\"}}]}<\/script>\n<!-- \/ Yoast SEO plugin. -->","yoast_head_json":{"title":"V\u1ec1 ch\u00fang t\u00f4i - Lynnhan Interactive Display Factory","description":"V\u1ec1 Lynnhan - Ch\u00fang t\u00f4i l\u00e0 nh\u00e0 m\u00e1y hi\u1ec3n th\u1ecb t\u01b0\u01a1ng t\u00e1c \u0111\u00e1ng tin c\u1eady c\u1ee7a b\u1ea3ng th\u00f4ng minh, TV di \u0111\u1ed9ng, m\u00e0n h\u00ecnh ch\u1ea1m th\u00f4ng minh, m\u00e1y chi\u1ebfu di \u0111\u1ed9ng th\u00f4ng minh, v.v.","robots":{"index":"index","follow":"follow","max-snippet":"max-snippet:-1","max-image-preview":"max-image-preview:large","max-video-preview":"max-video-preview:-1"},"canonical":"https:\/\/lynnhan.com\/vi\/ve-lynnhan-interactive-display-factory\/","og_locale":"vi_VN","og_type":"article","og_title":"About - Lynnhan Interactive Display Factory","og_description":"About Lynnhan-We are a reliable Interactive Display factory Of smart boards, portable TVs, smart touch screens, smart portable projectors,etc","og_url":"https:\/\/lynnhan.com\/vi\/ve-lynnhan-interactive-display-factory\/","og_site_name":"Lynnhan - Trusted Supplier | LED\/OLED\/LCD\/E-paper digital signages","article_modified_time":"2026-01-06T03:52:39+00:00","twitter_card":"summary_large_image","twitter_misc":{"\u01af\u1edbc t\u00ednh th\u1eddi gian \u0111\u1ecdc":"1 ph\u00fat"},"schema":{"@context":"https:\/\/schema.org","@graph":[{"@type":"WebPage","@id":"https:\/\/lynnhan.com\/about-lynnhan-interactive-display-factory\/","url":"https:\/\/lynnhan.com\/about-lynnhan-interactive-display-factory\/","name":"V\u1ec1 ch\u00fang t\u00f4i - Lynnhan Interactive Display Factory","isPartOf":{"@id":"https:\/\/lynnhan.com\/km\/#website"},"datePublished":"2024-02-28T01:46:45+00:00","dateModified":"2026-01-06T03:52:39+00:00","description":"V\u1ec1 Lynnhan - Ch\u00fang t\u00f4i l\u00e0 nh\u00e0 m\u00e1y hi\u1ec3n th\u1ecb t\u01b0\u01a1ng t\u00e1c \u0111\u00e1ng tin c\u1eady c\u1ee7a b\u1ea3ng th\u00f4ng minh, TV di \u0111\u1ed9ng, m\u00e0n h\u00ecnh ch\u1ea1m th\u00f4ng minh, m\u00e1y chi\u1ebfu di \u0111\u1ed9ng th\u00f4ng minh, v.v.","breadcrumb":{"@id":"https:\/\/lynnhan.com\/about-lynnhan-interactive-display-factory\/#breadcrumb"},"inLanguage":"vi","potentialAction":[{"@type":"ReadAction","target":["https:\/\/lynnhan.com\/about-lynnhan-interactive-display-factory\/"]}]},{"@type":"BreadcrumbList","@id":"https:\/\/lynnhan.com\/about-lynnhan-interactive-display-factory\/#breadcrumb","itemListElement":[{"@type":"ListItem","position":1,"name":"Home","item":"https:\/\/lynnhan.com\/"},{"@type":"ListItem","position":2,"name":"About"}]},{"@type":"WebSite","@id":"https:\/\/lynnhan.com\/km\/#website","url":"https:\/\/lynnhan.com\/km\/","name":"Lynnhan - Nh\u00e0 cung c\u1ea5p \u0111\u00e1ng tin c\u1eady | \u0110signage s\u1ed1 LED\/OLED\/LCD\/E-paper","description":"Lynnhan - Nh\u00e0 cung c\u1ea5p tin c\u1eady |  \u0110\u00e8n LED\/OLED\/LCD\/E-paper b\u1ea3ng qu\u1ea3ng c\u00e1o s\u1ed1 h\u00f3a","publisher":{"@id":"https:\/\/lynnhan.com\/km\/#organization"},"potentialAction":[{"@type":"SearchAction","target":{"@type":"EntryPoint","urlTemplate":"https:\/\/lynnhan.com\/km\/?s={search_term_string}"},"query-input":{"@type":"PropertyValueSpecification","valueRequired":true,"valueName":"search_term_string"}}],"inLanguage":"vi"},{"@type":"Organization","@id":"https:\/\/lynnhan.com\/km\/#organization","name":"Lynnhan - Nh\u00e0 cung c\u1ea5p \u0111\u00e1ng tin c\u1eady | \u0110signage s\u1ed1 LED\/OLED\/LCD\/E-paper","url":"https:\/\/lynnhan.com\/km\/","logo":{"@type":"ImageObject","inLanguage":"vi","@id":"https:\/\/lynnhan.com\/km\/#\/schema\/logo\/image\/","url":"https:\/\/pub-78925c7bf9ca4c6d820df8293a5c116c.r2.dev\/2024\/07\/LynnHan-logo3.png","contentUrl":"https:\/\/pub-78925c7bf9ca4c6d820df8293a5c116c.r2.dev\/2024\/07\/LynnHan-logo3.png","width":390,"height":130,"caption":"Lynnhan - Trusted Supplier | LED\/OLED\/LCD\/E-paper digital signages"},"image":{"@id":"https:\/\/lynnhan.com\/km\/#\/schema\/logo\/image\/"}}]}},"jetpack_sharing_enabled":true,"_links":{"self":[{"href":"https:\/\/lynnhan.com\/vi\/wp-json\/wp\/v2\/pages\/562","targetHints":{"allow":["GET"]}}],"collection":[{"href":"https:\/\/lynnhan.com\/vi\/wp-json\/wp\/v2\/pages"}],"about":[{"href":"https:\/\/lynnhan.com\/vi\/wp-json\/wp\/v2\/types\/page"}],"author":[{"embeddable":true,"href":"https:\/\/lynnhan.com\/vi\/wp-json\/wp\/v2\/users\/1"}],"replies":[{"embeddable":true,"href":"https:\/\/lynnhan.com\/vi\/wp-json\/wp\/v2\/comments?post=562"}],"version-history":[{"count":1,"href":"https:\/\/lynnhan.com\/vi\/wp-json\/wp\/v2\/pages\/562\/revisions"}],"predecessor-version":[{"id":8401,"href":"https:\/\/lynnhan.com\/vi\/wp-json\/wp\/v2\/pages\/562\/revisions\/8401"}],"wp:attachment":[{"href":"https:\/\/lynnhan.com\/vi\/wp-json\/wp\/v2\/media?parent=562"}],"curies":[{"name":"wp","href":"https:\/\/api.w.org\/{rel}","templated":true}]}}