{"id":540,"date":"2024-02-27T08:44:39","date_gmt":"2024-02-27T08:44:39","guid":{"rendered":"https:\/\/lynnhan.com\/?page_id=540"},"modified":"2024-12-18T09:42:17","modified_gmt":"2024-12-18T09:42:17","slug":"giao-hang","status":"publish","type":"page","link":"https:\/\/lynnhan.com\/vi\/giao-hang\/","title":{"rendered":"Giao h\u00e0ng"},"content":{"rendered":"<div data-elementor-type=\"wp-page\" data-elementor-id=\"540\" class=\"elementor elementor-540\" data-elementor-post-type=\"page\">\n\t\t\t\t<div class=\"elementor-element elementor-element-26335f7 e-flex e-con-boxed e-con e-parent\" data-id=\"26335f7\" data-element_type=\"container\">\n\t\t\t\t\t<div class=\"e-con-inner\">\n\t\t\t\t<div class=\"elementor-element elementor-element-68c9c7e elementor-widget elementor-widget-image\" data-id=\"68c9c7e\" data-element_type=\"widget\" data-widget_type=\"image.default\">\n\t\t\t\t<div class=\"elementor-widget-container\">\n\t\t\t\t\t\t\t\t\t\t\t\t\t\t\t<img fetchpriority=\"high\" decoding=\"async\" width=\"1165\" height=\"653\" src=\"https:\/\/pub-78925c7bf9ca4c6d820df8293a5c116c.r2.dev\/2024\/12\/shipment.webp\" class=\"attachment-full size-full wp-image-3297\" alt=\"Giao h\u00e0ng t\u1ea5t c\u1ea3 trong m\u1ed9t LED\" srcset=\"https:\/\/pub-78925c7bf9ca4c6d820df8293a5c116c.r2.dev\/2024\/12\/shipment.webp 1165w, https:\/\/pub-78925c7bf9ca4c6d820df8293a5c116c.r2.dev\/2024\/12\/shipment-700x392.webp 700w, https:\/\/pub-78925c7bf9ca4c6d820df8293a5c116c.r2.dev\/2024\/12\/shipment-1024x574.webp 1024w, https:\/\/pub-78925c7bf9ca4c6d820df8293a5c116c.r2.dev\/2024\/12\/shipment-768x430.webp 768w, https:\/\/pub-78925c7bf9ca4c6d820df8293a5c116c.r2.dev\/2024\/12\/shipment-18x10.webp 18w, https:\/\/pub-78925c7bf9ca4c6d820df8293a5c116c.r2.dev\/2024\/12\/shipment-1140x639.webp 1140w, https:\/\/pub-78925c7bf9ca4c6d820df8293a5c116c.r2.dev\/2024\/12\/shipment-920x516.webp 920w, https:\/\/pub-78925c7bf9ca4c6d820df8293a5c116c.r2.dev\/2024\/12\/shipment-575x322.webp 575w, https:\/\/pub-78925c7bf9ca4c6d820df8293a5c116c.r2.dev\/2024\/12\/shipment-380x213.webp 380w, https:\/\/pub-78925c7bf9ca4c6d820df8293a5c116c.r2.dev\/2024\/12\/shipment-800x448.webp 800w\" sizes=\"(max-width: 1165px) 100vw, 1165px\" \/>\t\t\t\t\t\t\t\t\t\t\t\t\t\t\t<\/div>\n\t\t\t\t<\/div>\n\t\t\t\t\t<\/div>\n\t\t\t\t<\/div>\n\t\t<div class=\"elementor-element elementor-element-8f6152b e-flex e-con-boxed e-con e-parent\" data-id=\"8f6152b\" data-element_type=\"container\">\n\t\t\t\t\t<div class=\"e-con-inner\">\n\t\t\t\t<div class=\"elementor-element elementor-element-2a13164 elementor-widget elementor-widget-text-editor\" data-id=\"2a13164\" data-element_type=\"widget\" data-widget_type=\"text-editor.default\">\n\t\t\t\t<div class=\"elementor-widget-container\">\n\t\t\t\t\t\t\t\t\t<h3>Gi\u1ea3i ph\u00e1p Giao h\u00e0ng t\u1ea1i Lynnhan: Giao h\u00e0ng Hi\u1ec7u qu\u1ea3 v\u00e0 \u0110\u1ea3m b\u1ea3o<\/h3><p><strong>Giao h\u00e0ng T\u00f9y ch\u1ec9nh cho Doanh nghi\u1ec7p c\u1ee7a B\u1ea1n<\/strong><\/p><p>T\u1ea1i Lynnhan, ch\u00fang t\u00f4i hi\u1ec3u r\u1eb1ng giao h\u00e0ng tin c\u1eady v\u00e0 hi\u1ec7u qu\u1ea3 l\u00e0 r\u1ea5t quan tr\u1ecdng cho ho\u1ea1t \u0111\u1ed9ng kinh doanh c\u1ee7a b\u1ea1n. C\u00e1c gi\u1ea3i ph\u00e1p giao h\u00e0ng to\u00e0n di\u1ec7n c\u1ee7a ch\u00fang t\u00f4i \u0111\u01b0\u1ee3c thi\u1ebft k\u1ebf \u0111\u1ec3 \u0111\u00e1p \u1ee9ng c\u00e1c nhu c\u1ea7u \u0111a d\u1ea1ng c\u1ee7a kh\u00e1ch h\u00e0ng B2B c\u1ee7a ch\u00fang t\u00f4i, \u0111\u1ea3m b\u1ea3o r\u1eb1ng s\u1ea3n ph\u1ea9m c\u1ee7a b\u1ea1n \u0111\u1ebfn \u0111\u00fang gi\u1edd v\u00e0 trong t\u00ecnh tr\u1ea1ng ho\u00e0n h\u1ea3o.<\/p><p><strong>T\u1ea7m N\u00e9t To\u00e0n C\u1ea7u, \u0110\u1ed9 Ch\u00ednh X\u00e1c C\u1ee5c b\u1ed9<\/strong><\/p><p>M\u1ea1ng l\u01b0\u1edbi \u0111\u1ed1i t\u00e1c giao h\u00e0ng c\u1ee7a ch\u00fang t\u00f4i r\u1ea5t r\u1ed9ng l\u1edbn, cho ph\u00e9p ch\u00fang t\u00f4i giao h\u00e0ng s\u1ea3n ph\u1ea9m c\u1ee7a b\u1ea1n \u0111\u1ebfn b\u1ea5t k\u1ef3 n\u01a1i n\u00e0o tr\u00ean th\u1ebf gi\u1edbi. D\u00f9 b\u1ea1n l\u00e0 doanh nghi\u1ec7p \u0111\u1ecba ph\u01b0\u01a1ng hay doanh nghi\u1ec7p to\u00e0n c\u1ea7u, Lynnhan cung c\u1ea5p c\u00e1c l\u1ef1a ch\u1ecdn giao h\u00e0ng t\u00f9y ch\u1ec9nh \u0111\u1ec3 \u0111\u1ea3m b\u1ea3o \u0111\u01a1n h\u00e0ng c\u1ee7a b\u1ea1n \u0111\u1ebfn destinaton m\u1ed9t c\u00e1ch hi\u1ec7u qu\u1ea3. \u0110\u1ed9i ng\u0169 c\u1ee7a ch\u00fang t\u00f4i l\u00e0m vi\u1ec7c ch\u1eb7t ch\u1ebd v\u1edbi c\u00e1c nh\u00e0 v\u1eadn chuy\u1ec3n \u0111\u00e1ng tin c\u1eady \u0111\u1ec3 cung c\u1ea5p tr\u1ea3i nghi\u1ec7m giao h\u00e0ng su\u00f4n s\u1ebb, t\u1eeb c\u1eeda \u0111\u1ebfn c\u1eeda.<\/p><p><strong>C\u00e1c L\u1ef1a ch\u1ecdn Giao h\u00e0ng D\u1ec5 Th\u01b0\u01a1ng<\/strong><\/p><ul><li><strong>Giao h\u00e0ng Ti\u00eau chu\u1ea9n:<\/strong> \u0110\u1eb7c bi\u1ec7t ph\u00f9 h\u1ee3p cho c\u00e1c \u0111\u01a1n h\u00e0ng kh\u00f4ng kh\u1ea9n c\u1ea5p, giao h\u00e0ng ti\u00eau chu\u1ea9n c\u1ee7a ch\u00fang t\u00f4i cung c\u1ea5p gi\u1ea3i ph\u00e1p kinh t\u1ebf v\u1edbi th\u1eddi gian giao h\u00e0ng tin c\u1eady.<\/li><li><strong>Giao h\u00e0ng Nhanh:<\/strong> Khi th\u1eddi gian l\u00e0 y\u1ebfu t\u1ed1 quan tr\u1ecdng, h\u00e3y ch\u1ecdn giao h\u00e0ng nhanh c\u1ee7a ch\u00fang t\u00f4i \u0111\u1ec3 giao h\u00e0ng nhanh h\u01a1n. Ch\u00fang t\u00f4i \u01b0u ti\u00ean giao h\u00e0ng c\u1ee7a b\u1ea1n \u0111\u1ec3 \u0111\u1ea3m b\u1ea3o n\u00f3 \u0111\u1ebfn nhanh ch\u00f3ng.<\/li><li><strong>Giao h\u00e0ng H\u00e0ng Ho\u00e1:<\/strong> \u0110\u1ed1i v\u1edbi c\u00e1c \u0111\u01a1n h\u00e0ng l\u1edbn ho\u1eb7c y\u00eau c\u1ea7u \u0111\u1eb7c bi\u1ec7t, d\u1ecbch v\u1ee5 giao h\u00e0ng h\u00e0ng h\u00f3a c\u1ee7a ch\u00fang t\u00f4i cung c\u1ea5p c\u00e1c gi\u1ea3i ph\u00e1p t\u00f9y ch\u1ec9nh, bao g\u1ed3m c\u00e1c l\u1ef1a ch\u1ecdn \u0111\u01b0\u1eddng bi\u1ec3n, \u0111\u01b0\u1eddng h\u00e0ng kh\u00f4ng v\u00e0 \u0111\u01b0\u1eddng b\u1ed9.<\/li><\/ul><p><strong>Theo d\u00f5i Th\u1ef1c t\u1ebf v\u00e0 H\u1ed7 tr\u1ee3<\/strong><\/p><p>Gi\u1eef th\u00f4ng tin t\u1eeb vi\u1ec7c giao h\u00e0ng \u0111\u1ebfn vi\u1ec7c giao h\u00e0ng v\u1edbi d\u1ecbch v\u1ee5 theo d\u00f5i th\u1ef1c t\u1ebf c\u1ee7a ch\u00fang t\u00f4i. Khi giao h\u00e0ng, b\u1ea1n s\u1ebd nh\u1eadn \u0111\u01b0\u1ee3c s\u1ed1 theo d\u00f5i \u0111\u1ec3 theo d\u00f5i ti\u1ebfn tr\u00ecnh \u0111\u01a1n h\u00e0ng c\u1ee7a b\u1ea1n. \u0110\u1ed9i ng\u0169 h\u1ed7 tr\u1ee3 chuy\u00ean d\u1ee5ng c\u1ee7a ch\u00fang t\u00f4i lu\u00f4n s\u1eb5n s\u00e0ng cung c\u1ea5p c\u00e1c c\u1eadp nh\u1eadt v\u00e0 h\u1ed7 tr\u1ee3 v\u1edbi b\u1ea5t k\u1ef3 th\u1eafc m\u1eafc v\u1ec1 giao h\u00e0ng n\u00e0o.<\/p><p><strong>X\u00f3a b\u1ecf H\u00e0ng C\u1ea5m v\u00e0 Tu\u00e2n th\u1ee7<\/strong><\/p><p>Kinh nghi\u1ec7m c\u1ee7a Lynnhan trong giao h\u00e0ng qu\u1ed1c t\u1ebf \u0111\u1ea3m b\u1ea3o quy tr\u00ecnh x\u00f3a b\u1ecf h\u00e0ng c\u1ea5m su\u00f4n s\u1ebb. Ch\u00fang t\u00f4i x\u1eed l\u00fd t\u1ea5t c\u1ea3 c\u00e1c t\u00e0i li\u1ec7u v\u00e0 y\u00eau c\u1ea7u tu\u00e2n th\u1ee7 c\u1ea7n thi\u1ebft, gi\u1ea3m thi\u1ec3u th\u1eddi gian ch\u1edd v\u00e0 \u0111\u1ea3m b\u1ea3o r\u1eb1ng giao h\u00e0ng c\u1ee7a b\u1ea1n tu\u00e2n th\u1ee7 c\u00e1c quy \u0111\u1ecbnh \u0111\u1ecba ph\u01b0\u01a1ng.<\/p><p><strong>Bao b\u00ec v\u00e0 Giao h\u00e0ng B\u1ec1n v\u1eefng<\/strong><\/p><p>Ch\u00fang t\u00f4i cam k\u1ebft b\u1ec1n v\u1eefng. Lynnhan s\u1eed d\u1ee5ng c\u00e1c v\u1eadt li\u1ec7u bao b\u00ec th\u00e2n thi\u1ec7n v\u1edbi m\u00f4i tr\u01b0\u1eddng v\u00e0 t\u1ed1i \u01b0u h\u00f3a c\u00e1c tuy\u1ebfn \u0111\u01b0\u1eddng giao h\u00e0ng \u0111\u1ec3 gi\u1ea3m thi\u1ec3u t\u00e1c \u0111\u1ed9ng m\u00f4i tr\u01b0\u1eddng. C\u00e1c l\u1ef1a ch\u1ecdn giao h\u00e0ng xanh c\u1ee7a ch\u00fang t\u00f4i l\u00e0 m\u1ed9t ph\u1ea7n c\u1ee7a cam k\u1ebft b\u1ea3o v\u1ec7 h\u00e0nh tinh trong khi ph\u1ee5c v\u1ee5 nhu c\u1ea7u kinh doanh c\u1ee7a b\u1ea1n.<\/p><p><strong>Chi ph\u00ed Giao h\u00e0ng v\u00e0 Ch\u00ednh s\u00e1ch<\/strong><\/p><p>C\u00e1c m\u1ee9c ph\u00ed giao h\u00e0ng c\u1ea1nh tranh c\u1ee7a ch\u00fang t\u00f4i \u0111\u01b0\u1ee3c t\u00ednh d\u1ef1a tr\u00ean k\u00edch th\u01b0\u1edbc \u0111\u01a1n h\u00e0ng, tr\u1ecdng l\u01b0\u1ee3ng v\u00e0 \u0111\u1ecba \u0111i\u1ec3m. \u0110\u1ec3 c\u00f3 th\u00f4ng tin chi ti\u1ebft v\u1ec1 chi ph\u00ed giao h\u00e0ng v\u00e0 ch\u00ednh s\u00e1ch, vui l\u00f2ng truy c\u1eadp trang web c\u1ee7a ch\u00fang t\u00f4i ho\u1eb7c li\u00ean h\u1ec7 v\u1edbi \u0111\u1ed9i ng\u0169 d\u1ecbch v\u1ee5 kh\u00e1ch h\u00e0ng c\u1ee7a ch\u00fang t\u00f4i. Ch\u00fang t\u00f4i n\u1ed7 l\u1ef1c cung c\u1ea5p gi\u00e1 c\u1ea3 r\u00f5 r\u00e0ng m\u00e0 kh\u00f4ng c\u00f3 ph\u00ed \u1ea9n.<\/p><p><strong>C\u00e1ch \u0110\u1eb7t Giao h\u00e0ng<\/strong><\/p><p>\u0110\u1eb7t \u0111\u01a1n h\u00e0ng v\u1edbi Lynnhan r\u1ea5t d\u1ec5 d\u00e0ng. Trong qu\u00e1 tr\u00ecnh thanh to\u00e1n, b\u1ea1n s\u1ebd \u0111\u01b0\u1ee3c y\u00eau c\u1ea7u ch\u1ecdn ph\u01b0\u01a1ng th\u1ee9c giao h\u00e0ng \u01b0a th\u00edch. \u0110\u1ed9i ng\u0169 c\u1ee7a ch\u00fang t\u00f4i s\u1ebd sau \u0111\u00f3 chu\u1ea9n b\u1ecb \u0111\u01a1n h\u00e0ng c\u1ee7a b\u1ea1n \u0111\u1ec3 giao h\u00e0ng, \u0111\u1ea3m b\u1ea3o r\u1eb1ng n\u00f3 \u0111\u01b0\u1ee3c \u0111\u00f3ng g\u00f3i an to\u00e0n v\u00e0 g\u1eedi \u0111i k\u1ecbp th\u1eddi. \u0110\u1ed1i v\u1edbi c\u00e1c y\u00eau c\u1ea7u giao h\u00e0ng \u0111\u1eb7c bi\u1ec7t ho\u1eb7c \u0111\u01a1n h\u00e0ng l\u1edbn, vui l\u00f2ng li\u00ean h\u1ec7 tr\u1ef1c ti\u1ebfp v\u1edbi \u0111\u1ed9i ng\u0169 b\u00e1n h\u00e0ng c\u1ee7a ch\u00fang t\u00f4i.<\/p><p>T\u1ea1i Lynnhan, ch\u00fang t\u00f4i cam k\u1ebft cung c\u1ea5p cho b\u1ea1n c\u00e1c gi\u1ea3i ph\u00e1p giao h\u00e0ng hi\u1ec7u qu\u1ea3, tin c\u1eady v\u00e0 t\u00f9y ch\u1ec9nh. M\u1ee5c ti\u00eau c\u1ee7a ch\u00fang t\u00f4i l\u00e0 h\u1ed7 tr\u1ee3 kinh doanh c\u1ee7a b\u1ea1n b\u1eb1ng c\u00e1ch \u0111\u1ea3m b\u1ea3o r\u1eb1ng s\u1ea3n ph\u1ea9m c\u1ee7a b\u1ea1n \u0111\u01b0\u1ee3c giao \u0111\u00fang gi\u1edd v\u00e0 trong t\u00ecnh tr\u1ea1ng ho\u00e0n h\u1ea3o, b\u1ea5t k\u1ec3 b\u1ea1n \u1edf b\u1ea5t k\u1ef3 n\u01a1i n\u00e0o tr\u00ean th\u1ebf gi\u1edbi.<\/p>\t\t\t\t\t\t\t\t<\/div>\n\t\t\t\t<\/div>\n\t\t\t\t\t<\/div>\n\t\t\t\t<\/div>\n\t\t\t\t<\/div>","protected":false},"excerpt":{"rendered":"<p>Shipping Solutions at Lynnhan: Efficient and Reliable Delivery Tailored Shipping for Your Business At Lynnhan, we understand that reliable and efficient shipping is crucial for your business operations. Our comprehensive [\u2026]<\/p>","protected":false},"author":1,"featured_media":0,"parent":0,"menu_order":0,"comment_status":"closed","ping_status":"closed","template":"","meta":{"footnotes":""},"class_list":["post-540","page","type-page","status-publish","hentry"],"yoast_head":"<!-- This site is optimized with the Yoast SEO plugin v26.6 - https:\/\/yoast.com\/wordpress\/plugins\/seo\/ -->\n<title>LynnHan Standbyme TV supplier Shipping<\/title>\n<meta name=\"description\" content=\"Hassle-free shipping starts at LynnHan Standbyme TV supplier. Our comprehensive guide ensures your packages arrive safely and on time.\" \/>\n<meta name=\"robots\" content=\"index, follow, max-snippet:-1, max-image-preview:large, max-video-preview:-1\" \/>\n<link rel=\"canonical\" href=\"https:\/\/lynnhan.com\/vi\/giao-hang\/\" \/>\n<meta property=\"og:locale\" content=\"vi_VN\" \/>\n<meta property=\"og:type\" content=\"article\" \/>\n<meta property=\"og:title\" content=\"LynnHan Standbyme TV supplier Shipping\" \/>\n<meta property=\"og:description\" content=\"Hassle-free shipping starts at LynnHan Standbyme TV supplier. Our comprehensive guide ensures your packages arrive safely and on time.\" \/>\n<meta property=\"og:url\" content=\"https:\/\/lynnhan.com\/vi\/giao-hang\/\" \/>\n<meta property=\"og:site_name\" content=\"Lynnhan - Trusted Supplier | LED\/OLED\/LCD\/E-paper digital signages\" \/>\n<meta property=\"article:modified_time\" content=\"2024-12-18T09:42:17+00:00\" \/>\n<meta property=\"og:image\" content=\"https:\/\/pub-78925c7bf9ca4c6d820df8293a5c116c.r2.dev\/2024\/12\/shipment.webp\" \/>\n<meta name=\"twitter:card\" content=\"summary_large_image\" \/>\n<meta name=\"twitter:label1\" content=\"\u01af\u1edbc t\u00ednh th\u1eddi gian \u0111\u1ecdc\" \/>\n\t<meta name=\"twitter:data1\" content=\"3 ph\u00fat\" \/>\n<script type=\"application\/ld+json\" class=\"yoast-schema-graph\">{\"@context\":\"https:\/\/schema.org\",\"@graph\":[{\"@type\":\"WebPage\",\"@id\":\"https:\/\/lynnhan.com\/be\/shipping\/\",\"url\":\"https:\/\/lynnhan.com\/be\/shipping\/\",\"name\":\"LynnHan Standbyme TV supplier Shipping\",\"isPartOf\":{\"@id\":\"https:\/\/lynnhan.com\/km\/#website\"},\"primaryImageOfPage\":{\"@id\":\"https:\/\/lynnhan.com\/be\/shipping\/#primaryimage\"},\"image\":{\"@id\":\"https:\/\/lynnhan.com\/be\/shipping\/#primaryimage\"},\"thumbnailUrl\":\"https:\/\/pub-78925c7bf9ca4c6d820df8293a5c116c.r2.dev\/2024\/12\/shipment.webp\",\"datePublished\":\"2024-02-27T08:44:39+00:00\",\"dateModified\":\"2024-12-18T09:42:17+00:00\",\"description\":\"Hassle-free shipping starts at LynnHan Standbyme TV supplier. Our comprehensive guide ensures your packages arrive safely and on time.\",\"breadcrumb\":{\"@id\":\"https:\/\/lynnhan.com\/be\/shipping\/#breadcrumb\"},\"inLanguage\":\"vi\",\"potentialAction\":[{\"@type\":\"ReadAction\",\"target\":[\"https:\/\/lynnhan.com\/be\/shipping\/\"]}]},{\"@type\":\"ImageObject\",\"inLanguage\":\"vi\",\"@id\":\"https:\/\/lynnhan.com\/be\/shipping\/#primaryimage\",\"url\":\"https:\/\/pub-78925c7bf9ca4c6d820df8293a5c116c.r2.dev\/2024\/12\/shipment.webp\",\"contentUrl\":\"https:\/\/pub-78925c7bf9ca4c6d820df8293a5c116c.r2.dev\/2024\/12\/shipment.webp\"},{\"@type\":\"BreadcrumbList\",\"@id\":\"https:\/\/lynnhan.com\/be\/shipping\/#breadcrumb\",\"itemListElement\":[{\"@type\":\"ListItem\",\"position\":1,\"name\":\"Home\",\"item\":\"https:\/\/lynnhan.com\/\"},{\"@type\":\"ListItem\",\"position\":2,\"name\":\"Shipping\"}]},{\"@type\":\"WebSite\",\"@id\":\"https:\/\/lynnhan.com\/km\/#website\",\"url\":\"https:\/\/lynnhan.com\/km\/\",\"name\":\"Lynnhan - Trusted Supplier | LED\/OLED\/LCD\/E-paper digital signages\",\"description\":\"Lynnhan - Trusted Supplier |  LED\/OLED\/LCD\/E-paper digital signages\",\"publisher\":{\"@id\":\"https:\/\/lynnhan.com\/km\/#organization\"},\"potentialAction\":[{\"@type\":\"SearchAction\",\"target\":{\"@type\":\"EntryPoint\",\"urlTemplate\":\"https:\/\/lynnhan.com\/km\/?s={search_term_string}\"},\"query-input\":{\"@type\":\"PropertyValueSpecification\",\"valueRequired\":true,\"valueName\":\"search_term_string\"}}],\"inLanguage\":\"vi\"},{\"@type\":\"Organization\",\"@id\":\"https:\/\/lynnhan.com\/km\/#organization\",\"name\":\"Lynnhan - Trusted Supplier | LED\/OLED\/LCD\/E-paper digital signages\",\"url\":\"https:\/\/lynnhan.com\/km\/\",\"logo\":{\"@type\":\"ImageObject\",\"inLanguage\":\"vi\",\"@id\":\"https:\/\/lynnhan.com\/km\/#\/schema\/logo\/image\/\",\"url\":\"https:\/\/pub-78925c7bf9ca4c6d820df8293a5c116c.r2.dev\/2024\/07\/LynnHan-logo3.png\",\"contentUrl\":\"https:\/\/pub-78925c7bf9ca4c6d820df8293a5c116c.r2.dev\/2024\/07\/LynnHan-logo3.png\",\"width\":390,\"height\":130,\"caption\":\"Lynnhan - Trusted Supplier | LED\/OLED\/LCD\/E-paper digital signages\"},\"image\":{\"@id\":\"https:\/\/lynnhan.com\/km\/#\/schema\/logo\/image\/\"}}]}<\/script>\n<!-- \/ Yoast SEO plugin. -->","yoast_head_json":{"title":"LynnHan Standbyme TV nh\u00e0 cung c\u1ea5p Giao h\u00e0ng","description":"Giao h\u00e0ng kh\u00f4ng g\u1eb7p r\u1eafc r\u1ed1i b\u1eaft \u0111\u1ea7u t\u1eeb nh\u00e0 cung c\u1ea5p LynnHan Standbyme TV. H\u01b0\u1edbng d\u1eabn to\u00e0n di\u1ec7n c\u1ee7a ch\u00fang t\u00f4i \u0111\u1ea3m b\u1ea3o g\u00f3i h\u00e0ng c\u1ee7a b\u1ea1n \u0111\u1ebfn an to\u00e0n v\u00e0 \u0111\u00fang gi\u1edd.","robots":{"index":"index","follow":"follow","max-snippet":"max-snippet:-1","max-image-preview":"max-image-preview:large","max-video-preview":"max-video-preview:-1"},"canonical":"https:\/\/lynnhan.com\/vi\/giao-hang\/","og_locale":"vi_VN","og_type":"article","og_title":"LynnHan Standbyme TV supplier Shipping","og_description":"Hassle-free shipping starts at LynnHan Standbyme TV supplier. Our comprehensive guide ensures your packages arrive safely and on time.","og_url":"https:\/\/lynnhan.com\/vi\/giao-hang\/","og_site_name":"Lynnhan - Trusted Supplier | LED\/OLED\/LCD\/E-paper digital signages","article_modified_time":"2024-12-18T09:42:17+00:00","og_image":[{"url":"https:\/\/pub-78925c7bf9ca4c6d820df8293a5c116c.r2.dev\/2024\/12\/shipment.webp","type":"","width":"","height":""}],"twitter_card":"summary_large_image","twitter_misc":{"\u01af\u1edbc t\u00ednh th\u1eddi gian \u0111\u1ecdc":"3 ph\u00fat"},"schema":{"@context":"https:\/\/schema.org","@graph":[{"@type":"WebPage","@id":"https:\/\/lynnhan.com\/be\/shipping\/","url":"https:\/\/lynnhan.com\/be\/shipping\/","name":"LynnHan Standbyme TV nh\u00e0 cung c\u1ea5p Giao h\u00e0ng","isPartOf":{"@id":"https:\/\/lynnhan.com\/km\/#website"},"primaryImageOfPage":{"@id":"https:\/\/lynnhan.com\/be\/shipping\/#primaryimage"},"image":{"@id":"https:\/\/lynnhan.com\/be\/shipping\/#primaryimage"},"thumbnailUrl":"https:\/\/pub-78925c7bf9ca4c6d820df8293a5c116c.r2.dev\/2024\/12\/shipment.webp","datePublished":"2024-02-27T08:44:39+00:00","dateModified":"2024-12-18T09:42:17+00:00","description":"Giao h\u00e0ng kh\u00f4ng g\u1eb7p r\u1eafc r\u1ed1i b\u1eaft \u0111\u1ea7u t\u1eeb nh\u00e0 cung c\u1ea5p LynnHan Standbyme TV. H\u01b0\u1edbng d\u1eabn to\u00e0n di\u1ec7n c\u1ee7a ch\u00fang t\u00f4i \u0111\u1ea3m b\u1ea3o g\u00f3i h\u00e0ng c\u1ee7a b\u1ea1n \u0111\u1ebfn an to\u00e0n v\u00e0 \u0111\u00fang gi\u1edd.","breadcrumb":{"@id":"https:\/\/lynnhan.com\/be\/shipping\/#breadcrumb"},"inLanguage":"vi","potentialAction":[{"@type":"ReadAction","target":["https:\/\/lynnhan.com\/be\/shipping\/"]}]},{"@type":"ImageObject","inLanguage":"vi","@id":"https:\/\/lynnhan.com\/be\/shipping\/#primaryimage","url":"https:\/\/pub-78925c7bf9ca4c6d820df8293a5c116c.r2.dev\/2024\/12\/shipment.webp","contentUrl":"https:\/\/pub-78925c7bf9ca4c6d820df8293a5c116c.r2.dev\/2024\/12\/shipment.webp"},{"@type":"BreadcrumbList","@id":"https:\/\/lynnhan.com\/be\/shipping\/#breadcrumb","itemListElement":[{"@type":"ListItem","position":1,"name":"Home","item":"https:\/\/lynnhan.com\/"},{"@type":"ListItem","position":2,"name":"Shipping"}]},{"@type":"WebSite","@id":"https:\/\/lynnhan.com\/km\/#website","url":"https:\/\/lynnhan.com\/km\/","name":"Lynnhan - Nh\u00e0 cung c\u1ea5p \u0111\u00e1ng tin c\u1eady | \u0110signage s\u1ed1 LED\/OLED\/LCD\/E-paper","description":"Lynnhan - Nh\u00e0 cung c\u1ea5p tin c\u1eady |  \u0110\u00e8n LED\/OLED\/LCD\/E-paper b\u1ea3ng qu\u1ea3ng c\u00e1o s\u1ed1 h\u00f3a","publisher":{"@id":"https:\/\/lynnhan.com\/km\/#organization"},"potentialAction":[{"@type":"SearchAction","target":{"@type":"EntryPoint","urlTemplate":"https:\/\/lynnhan.com\/km\/?s={search_term_string}"},"query-input":{"@type":"PropertyValueSpecification","valueRequired":true,"valueName":"search_term_string"}}],"inLanguage":"vi"},{"@type":"Organization","@id":"https:\/\/lynnhan.com\/km\/#organization","name":"Lynnhan - Nh\u00e0 cung c\u1ea5p \u0111\u00e1ng tin c\u1eady | \u0110signage s\u1ed1 LED\/OLED\/LCD\/E-paper","url":"https:\/\/lynnhan.com\/km\/","logo":{"@type":"ImageObject","inLanguage":"vi","@id":"https:\/\/lynnhan.com\/km\/#\/schema\/logo\/image\/","url":"https:\/\/pub-78925c7bf9ca4c6d820df8293a5c116c.r2.dev\/2024\/07\/LynnHan-logo3.png","contentUrl":"https:\/\/pub-78925c7bf9ca4c6d820df8293a5c116c.r2.dev\/2024\/07\/LynnHan-logo3.png","width":390,"height":130,"caption":"Lynnhan - Trusted Supplier | LED\/OLED\/LCD\/E-paper digital signages"},"image":{"@id":"https:\/\/lynnhan.com\/km\/#\/schema\/logo\/image\/"}}]}},"jetpack_sharing_enabled":true,"_links":{"self":[{"href":"https:\/\/lynnhan.com\/vi\/wp-json\/wp\/v2\/pages\/540","targetHints":{"allow":["GET"]}}],"collection":[{"href":"https:\/\/lynnhan.com\/vi\/wp-json\/wp\/v2\/pages"}],"about":[{"href":"https:\/\/lynnhan.com\/vi\/wp-json\/wp\/v2\/types\/page"}],"author":[{"embeddable":true,"href":"https:\/\/lynnhan.com\/vi\/wp-json\/wp\/v2\/users\/1"}],"replies":[{"embeddable":true,"href":"https:\/\/lynnhan.com\/vi\/wp-json\/wp\/v2\/comments?post=540"}],"version-history":[{"count":0,"href":"https:\/\/lynnhan.com\/vi\/wp-json\/wp\/v2\/pages\/540\/revisions"}],"wp:attachment":[{"href":"https:\/\/lynnhan.com\/vi\/wp-json\/wp\/v2\/media?parent=540"}],"curies":[{"name":"wp","href":"https:\/\/api.w.org\/{rel}","templated":true}]}}