{"id":535,"date":"2024-02-27T08:28:56","date_gmt":"2024-02-27T08:28:56","guid":{"rendered":"https:\/\/lynnhan.com\/?page_id=535"},"modified":"2024-12-18T10:25:48","modified_gmt":"2024-12-18T10:25:48","slug":"thanh-toan","status":"publish","type":"page","link":"https:\/\/lynnhan.com\/vi\/thanh-toan\/","title":{"rendered":"Thanh to\u00e1n"},"content":{"rendered":"<div data-elementor-type=\"wp-page\" data-elementor-id=\"535\" class=\"elementor elementor-535\" data-elementor-post-type=\"page\">\n\t\t\t\t<div class=\"elementor-element elementor-element-142d8d4 e-flex e-con-boxed e-con e-parent\" data-id=\"142d8d4\" data-element_type=\"container\">\n\t\t\t\t\t<div class=\"e-con-inner\">\n\t\t\t\t<div class=\"elementor-element elementor-element-6619f7f elementor-widget elementor-widget-image\" data-id=\"6619f7f\" data-element_type=\"widget\" data-widget_type=\"image.default\">\n\t\t\t\t<div class=\"elementor-widget-container\">\n\t\t\t\t\t\t\t\t\t\t\t\t\t\t\t<img fetchpriority=\"high\" decoding=\"async\" width=\"1920\" height=\"1076\" src=\"https:\/\/pub-78925c7bf9ca4c6d820df8293a5c116c.r2.dev\/2024\/12\/payments-2.webp\" class=\"attachment-full size-full wp-image-3303\" alt=\"C\u00e1c thanh to\u00e1n cho nh\u00e0 s\u1ea3n xu\u1ea5t LED to\u00e0n di\u1ec7n\" srcset=\"https:\/\/pub-78925c7bf9ca4c6d820df8293a5c116c.r2.dev\/2024\/12\/payments-2.webp 1920w, https:\/\/pub-78925c7bf9ca4c6d820df8293a5c116c.r2.dev\/2024\/12\/payments-2-700x392.webp 700w, https:\/\/pub-78925c7bf9ca4c6d820df8293a5c116c.r2.dev\/2024\/12\/payments-2-1024x574.webp 1024w, https:\/\/pub-78925c7bf9ca4c6d820df8293a5c116c.r2.dev\/2024\/12\/payments-2-768x430.webp 768w, https:\/\/pub-78925c7bf9ca4c6d820df8293a5c116c.r2.dev\/2024\/12\/payments-2-1536x861.webp 1536w, https:\/\/pub-78925c7bf9ca4c6d820df8293a5c116c.r2.dev\/2024\/12\/payments-2-18x10.webp 18w, https:\/\/pub-78925c7bf9ca4c6d820df8293a5c116c.r2.dev\/2024\/12\/payments-2-1140x639.webp 1140w, https:\/\/pub-78925c7bf9ca4c6d820df8293a5c116c.r2.dev\/2024\/12\/payments-2-920x516.webp 920w, https:\/\/pub-78925c7bf9ca4c6d820df8293a5c116c.r2.dev\/2024\/12\/payments-2-575x322.webp 575w, https:\/\/pub-78925c7bf9ca4c6d820df8293a5c116c.r2.dev\/2024\/12\/payments-2-380x213.webp 380w, https:\/\/pub-78925c7bf9ca4c6d820df8293a5c116c.r2.dev\/2024\/12\/payments-2-1320x740.webp 1320w, https:\/\/pub-78925c7bf9ca4c6d820df8293a5c116c.r2.dev\/2024\/12\/payments-2-800x448.webp 800w\" sizes=\"(max-width: 1920px) 100vw, 1920px\" \/>\t\t\t\t\t\t\t\t\t\t\t\t\t\t\t<\/div>\n\t\t\t\t<\/div>\n\t\t\t\t\t<\/div>\n\t\t\t\t<\/div>\n\t\t<div class=\"elementor-element elementor-element-d66f236 e-flex e-con-boxed e-con e-parent\" data-id=\"d66f236\" data-element_type=\"container\">\n\t\t\t\t\t<div class=\"e-con-inner\">\n\t\t\t\t<div class=\"elementor-element elementor-element-c3f9628 elementor-widget elementor-widget-text-editor\" data-id=\"c3f9628\" data-element_type=\"widget\" data-widget_type=\"text-editor.default\">\n\t\t\t\t<div class=\"elementor-widget-container\">\n\t\t\t\t\t\t\t\t\t<h3>Gi\u1ea3i ph\u00e1p thanh to\u00e1n t\u1ea1i Lynnhan: Giao d\u1ecbch g\u1ecdn g\u00e0ng v\u00e0 an to\u00e0n<\/h3><p><strong>C\u00e1c l\u1ef1a ch\u1ecdn thanh to\u00e1n linh ho\u1ea1t cho nhu c\u1ea7u kinh doanh c\u1ee7a b\u1ea1n<\/strong><\/p><p>T\u1ea1i Lynnhan, ch\u00fang t\u00f4i hi\u1ec3u t\u1ea7m quan tr\u1ecdng c\u1ee7a c\u00e1c gi\u1ea3i ph\u00e1p thanh to\u00e1n linh ho\u1ea1t v\u00e0 an to\u00e0n cho doanh nghi\u1ec7p. M\u1ee5c ti\u00eau c\u1ee7a ch\u00fang t\u00f4i l\u00e0 l\u00e0m cho quy tr\u00ecnh mua h\u00e0ng c\u1ee7a b\u1ea1n tr\u1edf n\u00ean m\u01b0\u1ee3t m\u00e0 v\u00e0 kh\u00f4ng g\u1eb7p kh\u00f3 kh\u0103n \u0111\u1ebfn m\u1ee9c t\u1ed1i \u0111a. \u0110\u00f3 l\u00e0 l\u00fd do t\u1ea1i sao ch\u00fang t\u00f4i cung c\u1ea5p nhi\u1ec1u l\u1ef1a ch\u1ecdn thanh to\u00e1n ph\u00f9 h\u1ee3p v\u1edbi nhu c\u1ea7u \u0111a d\u1ea1ng c\u1ee7a kh\u00e1ch h\u00e0ng B2B c\u1ee7a ch\u00fang t\u00f4i.<\/p><p><strong>Thanh to\u00e1n tr\u1ef1c tuy\u1ebfn an to\u00e0n<\/strong><\/p><p>\u0110\u1ec3 ti\u1ec7n l\u1ee3i v\u00e0 hi\u1ec7u qu\u1ea3, Lynnhan h\u1ed7 tr\u1ee3 thanh to\u00e1n tr\u1ef1c tuy\u1ebfn an to\u00e0n. Plattform c\u1ee7a ch\u00fang t\u00f4i ch\u1ea5p nh\u1eadn c\u00e1c lo\u1ea1i th\u1ebb t\u00edn d\u1ee5ng l\u1edbn, bao g\u1ed3m Visa, MasterCard v\u00e0 American Express, c\u0169ng nh\u01b0 PayPal cho c\u00e1c giao d\u1ecbch nhanh ch\u00f3ng v\u00e0 d\u1ec5 d\u00e0ng. M\u1ea1ng l\u01b0\u1edbi thanh to\u00e1n an to\u00e0n c\u1ee7a ch\u00fang t\u00f4i \u0111\u1ea3m b\u1ea3o r\u1eb1ng th\u00f4ng tin t\u00e0i ch\u00ednh c\u1ee7a b\u1ea1n lu\u00f4n \u0111\u01b0\u1ee3c b\u1ea3o v\u1ec7, s\u1eed d\u1ee5ng m\u00e3 h\u00f3a v\u00e0 c\u00e1c bi\u1ec7n ph\u00e1p b\u1ea3o m\u1eadt ti\u00ean ti\u1ebfn.<\/p><p><strong>Chuy\u1ec3n kho\u1ea3n ng\u00e2n h\u00e0ng (T\/T v\u00e0 Western Union)<br \/><\/strong><\/p><p>\u0110\u1ed1i v\u1edbi c\u00e1c \u0111\u01a1n h\u00e0ng l\u1edbn ho\u1eb7c c\u00e1c gi\u1ea3i ph\u00e1p t\u00f9y ch\u1ec9nh, ch\u00fang t\u00f4i h\u1ed7 tr\u1ee3 chuy\u1ec3n kho\u1ea3n ng\u00e2n h\u00e0ng tr\u1ef1c ti\u1ebfp. L\u1ef1a ch\u1ecdn n\u00e0y cho ph\u00e9p b\u1ea1n c\u00f3 th\u00eam\u7075\u6d3b\u6027 trong vi\u1ec7c qu\u1ea3n l\u00fd t\u00e0i ch\u00ednh v\u00e0 r\u1ea5t ph\u00f9 h\u1ee3p v\u1edbi c\u00e1c doanh nghi\u1ec7p \u01b0a th\u00edch c\u00e1c ph\u01b0\u01a1ng th\u1ee9c thanh to\u00e1n truy\u1ec1n th\u1ed1ng. \u0110\u1ed9i ng\u0169 d\u1ecbch v\u1ee5 kh\u00e1ch h\u00e0ng c\u1ee7a ch\u00fang t\u00f4i s\u1ebd cung c\u1ea5p cho b\u1ea1n t\u1ea5t c\u1ea3 c\u00e1c chi ti\u1ebft c\u1ea7n thi\u1ebft \u0111\u1ec3 th\u1ef1c hi\u1ec7n chuy\u1ec3n kho\u1ea3n ng\u00e2n h\u00e0ng m\u1ed9t c\u00e1ch m\u01b0\u1ee3t m\u00e0.<\/p><p><strong>K\u1ebf ho\u1ea1ch thanh to\u00e1n t\u00f9y ch\u1ec9nh<\/strong><\/p><p>Hi\u1ec3u r\u1eb1ng m\u1ed7i doanh nghi\u1ec7p \u0111\u1ec1u c\u00f3 nhu c\u1ea7u duy nh\u1ea5t, Lynnhan s\u1eb5n s\u00e0ng th\u1ea3o lu\u1eadn v\u1ec1 c\u00e1c k\u1ebf ho\u1ea1ch thanh to\u00e1n t\u00f9y ch\u1ec9nh. D\u00f9 l\u00e0 l\u1ecbch tr\u00ecnh thanh to\u00e1n ph\u00e2n k\u1ef3 hay gi\u1ea3i ph\u00e1p t\u00e0i ch\u00ednh \u0111\u01b0\u1ee3c t\u00f9y ch\u1ec9nh, \u0111\u1ed9i ng\u0169 c\u1ee7a ch\u00fang t\u00f4i cam k\u1ebft l\u00e0m vi\u1ec7c v\u1edbi b\u1ea1n \u0111\u1ec3 t\u00ecm ra c\u1ea5u tr\u00fac thanh to\u00e1n ph\u00f9 h\u1ee3p v\u1edbi y\u00eau c\u1ea7u kinh doanh c\u1ee7a b\u1ea1n.<\/p><p><strong>Quy tr\u00ecnh giao d\u1ecbch an to\u00e0n<\/strong><\/p><p>An to\u00e0n l\u00e0 \u01b0u ti\u00ean h\u00e0ng \u0111\u1ea7u c\u1ee7a ch\u00fang t\u00f4i khi n\u00f3i \u0111\u1ebfn thanh to\u00e1n. Lynnhan \u00e1p d\u1ee5ng c\u00e1c bi\u1ec7n ph\u00e1p b\u1ea3o m\u1eadt ti\u00ean ti\u1ebfn \u0111\u1ec3 b\u1ea3o v\u1ec7 c\u00e1c giao d\u1ecbch v\u00e0 th\u00f4ng tin c\u00e1 nh\u00e2n c\u1ee7a b\u1ea1n. Tu\u00e2n th\u1ee7 c\u00e1c ti\u00eau chu\u1ea9n PCI DSS \u0111\u1ea3m b\u1ea3o r\u1eb1ng giao d\u1ecbch c\u1ee7a b\u1ea1n \u0111\u01b0\u1ee3c x\u1eed l\u00fd trong m\u00f4i tr\u01b0\u1eddng an to\u00e0n nh\u1ea5t.<\/p><p><strong>H\u1ed7 tr\u1ee3 chuy\u00ean bi\u1ec7t<\/strong><\/p><p>\u0110\u1ed9i ng\u0169 h\u1ed7 tr\u1ee3 kh\u00e1ch h\u00e0ng chuy\u00ean bi\u1ec7t c\u1ee7a ch\u00fang t\u00f4i lu\u00f4n s\u1eb5n s\u00e0ng h\u1ed7 tr\u1ee3 b\u1ea1n v\u1edbi b\u1ea5t k\u1ef3 c\u00e2u h\u1ecfi ho\u1eb7c v\u1ea5n \u0111\u1ec1 li\u00ean quan \u0111\u1ebfn thanh to\u00e1n n\u00e0o. D\u00f9 b\u1ea1n c\u1ea7n gi\u00fap \u0111\u1ee1 trong vi\u1ec7c ch\u1ecdn l\u1ef1a ph\u01b0\u01a1ng th\u1ee9c thanh to\u00e1n ph\u00f9 h\u1ee3p, hi\u1ec3u h\u00f3a \u0111\u01a1n c\u1ee7a b\u1ea1n ho\u1eb7c th\u1ea3o lu\u1eadn v\u1ec1 k\u1ebf ho\u1ea1ch thanh to\u00e1n, ch\u00fang t\u00f4i lu\u00f4n s\u1eb5n s\u00e0ng \u0111\u1ec3 \u0111\u1ea3m b\u1ea3o tr\u1ea3i nghi\u1ec7m giao d\u1ecbch su\u00f4n s\u1ebb.<\/p><p><strong>C\u00e1ch thanh to\u00e1n<\/strong><\/p><p>Thanh to\u00e1n v\u1edbi Lynnhan r\u1ea5t \u0111\u01a1n gi\u1ea3n. M\u1ed9t khi b\u1ea1n \u0111\u00e3 \u0111\u1eb7t h\u00e0ng, b\u1ea1n s\u1ebd nh\u1eadn \u0111\u01b0\u1ee3c h\u00f3a \u0111\u01a1n v\u1edbi c\u00e1c h\u01b0\u1edbng d\u1eabn thanh to\u00e1n chi ti\u1ebft. Ch\u1ecdn ph\u01b0\u01a1ng th\u1ee9c thanh to\u00e1n \u01b0a th\u00edch c\u1ee7a b\u1ea1n v\u00e0 theo c\u00e1c b\u01b0\u1edbc \u0111\u01b0\u1ee3c cung c\u1ea5p \u0111\u1ec3 ho\u00e0n th\u00e0nh giao d\u1ecbch. \u0110\u1ed9i ng\u0169 h\u1ed7 tr\u1ee3 kh\u00e1ch h\u00e0ng c\u1ee7a ch\u00fang t\u00f4i lu\u00f4n s\u1eb5n s\u00e0ng h\u01b0\u1edbng d\u1eabn b\u1ea1n qua qu\u00e1 tr\u00ecnh n\u00e0y, n\u1ebfu b\u1ea1n c\u1ea7n h\u1ed7 tr\u1ee3.<\/p><p>T\u1ea1i Lynnhan, ch\u00fang t\u00f4i cam k\u1ebft cung c\u1ea5p cho kh\u00e1ch h\u00e0ng B2B c\u1ee7a m\u00ecnh c\u00e1c gi\u1ea3i ph\u00e1p thanh to\u00e1n an to\u00e0n, linh ho\u1ea1t v\u00e0 ti\u1ec7n l\u1ee3i. Danh m\u1ee5c c\u00e1c l\u1ef1a ch\u1ecdn thanh to\u00e1n c\u1ee7a ch\u00fang t\u00f4i \u0111\u01b0\u1ee3c thi\u1ebft k\u1ebf \u0111\u1ec3 \u0111\u00e1p \u1ee9ng nhu c\u1ea7u c\u1ee5 th\u1ec3 c\u1ee7a doanh nghi\u1ec7p c\u1ee7a b\u1ea1n, \u0111\u1ea3m b\u1ea3o tr\u1ea3i nghi\u1ec7m mua h\u00e0ng m\u01b0\u1ee3t m\u00e0 v\u00e0 hi\u1ec7u qu\u1ea3.<\/p>\t\t\t\t\t\t\t\t<\/div>\n\t\t\t\t<\/div>\n\t\t\t\t\t<\/div>\n\t\t\t\t<\/div>\n\t\t\t\t<\/div>","protected":false},"excerpt":{"rendered":"<p>Payment Solutions at Lynnhan: Streamlined and Secure Transactions Flexible Payment Options for Your Business Needs At Lynnhan, we understand the importance of flexible and secure payment solutions for businesses. Our [\u2026]<\/p>","protected":false},"author":1,"featured_media":0,"parent":0,"menu_order":0,"comment_status":"closed","ping_status":"closed","template":"","meta":{"footnotes":""},"class_list":["post-535","page","type-page","status-publish","hentry"],"yoast_head":"<!-- This site is optimized with the Yoast SEO plugin v26.6 - https:\/\/yoast.com\/wordpress\/plugins\/seo\/ -->\n<title>Payments: Lynnhan portable TV supplier<\/title>\n<meta name=\"description\" content=\"Discover how Lynnhan portable TV supplier Payments transforms your online purchases into smooth, effortless experiences.\" \/>\n<meta name=\"robots\" content=\"index, follow, max-snippet:-1, max-image-preview:large, max-video-preview:-1\" \/>\n<link rel=\"canonical\" href=\"https:\/\/lynnhan.com\/vi\/thanh-toan\/\" \/>\n<meta property=\"og:locale\" content=\"vi_VN\" \/>\n<meta property=\"og:type\" content=\"article\" \/>\n<meta property=\"og:title\" content=\"Payments: Lynnhan portable TV supplier\" \/>\n<meta property=\"og:description\" content=\"Discover how Lynnhan portable TV supplier Payments transforms your online purchases into smooth, effortless experiences.\" \/>\n<meta property=\"og:url\" content=\"https:\/\/lynnhan.com\/vi\/thanh-toan\/\" \/>\n<meta property=\"og:site_name\" content=\"Lynnhan - Trusted Supplier | LED\/OLED\/LCD\/E-paper digital signages\" \/>\n<meta property=\"article:modified_time\" content=\"2024-12-18T10:25:48+00:00\" \/>\n<meta property=\"og:image\" content=\"https:\/\/pub-78925c7bf9ca4c6d820df8293a5c116c.r2.dev\/2024\/12\/payments-2.webp\" \/>\n<meta name=\"twitter:card\" content=\"summary_large_image\" \/>\n<meta name=\"twitter:label1\" content=\"\u01af\u1edbc t\u00ednh th\u1eddi gian \u0111\u1ecdc\" \/>\n\t<meta name=\"twitter:data1\" content=\"2 ph\u00fat\" \/>\n<script type=\"application\/ld+json\" class=\"yoast-schema-graph\">{\"@context\":\"https:\/\/schema.org\",\"@graph\":[{\"@type\":\"WebPage\",\"@id\":\"https:\/\/lynnhan.com\/payments\/\",\"url\":\"https:\/\/lynnhan.com\/payments\/\",\"name\":\"Payments: Lynnhan portable TV supplier\",\"isPartOf\":{\"@id\":\"https:\/\/lynnhan.com\/km\/#website\"},\"primaryImageOfPage\":{\"@id\":\"https:\/\/lynnhan.com\/payments\/#primaryimage\"},\"image\":{\"@id\":\"https:\/\/lynnhan.com\/payments\/#primaryimage\"},\"thumbnailUrl\":\"https:\/\/pub-78925c7bf9ca4c6d820df8293a5c116c.r2.dev\/2024\/12\/payments-2.webp\",\"datePublished\":\"2024-02-27T08:28:56+00:00\",\"dateModified\":\"2024-12-18T10:25:48+00:00\",\"description\":\"Discover how Lynnhan portable TV supplier Payments transforms your online purchases into smooth, effortless experiences.\",\"breadcrumb\":{\"@id\":\"https:\/\/lynnhan.com\/payments\/#breadcrumb\"},\"inLanguage\":\"vi\",\"potentialAction\":[{\"@type\":\"ReadAction\",\"target\":[\"https:\/\/lynnhan.com\/payments\/\"]}]},{\"@type\":\"ImageObject\",\"inLanguage\":\"vi\",\"@id\":\"https:\/\/lynnhan.com\/payments\/#primaryimage\",\"url\":\"https:\/\/pub-78925c7bf9ca4c6d820df8293a5c116c.r2.dev\/2024\/12\/payments-2.webp\",\"contentUrl\":\"https:\/\/pub-78925c7bf9ca4c6d820df8293a5c116c.r2.dev\/2024\/12\/payments-2.webp\"},{\"@type\":\"BreadcrumbList\",\"@id\":\"https:\/\/lynnhan.com\/payments\/#breadcrumb\",\"itemListElement\":[{\"@type\":\"ListItem\",\"position\":1,\"name\":\"Home\",\"item\":\"https:\/\/lynnhan.com\/\"},{\"@type\":\"ListItem\",\"position\":2,\"name\":\"Payments\"}]},{\"@type\":\"WebSite\",\"@id\":\"https:\/\/lynnhan.com\/km\/#website\",\"url\":\"https:\/\/lynnhan.com\/km\/\",\"name\":\"Lynnhan - Trusted Supplier | LED\/OLED\/LCD\/E-paper digital signages\",\"description\":\"Lynnhan - Trusted Supplier |  LED\/OLED\/LCD\/E-paper digital signages\",\"publisher\":{\"@id\":\"https:\/\/lynnhan.com\/km\/#organization\"},\"potentialAction\":[{\"@type\":\"SearchAction\",\"target\":{\"@type\":\"EntryPoint\",\"urlTemplate\":\"https:\/\/lynnhan.com\/km\/?s={search_term_string}\"},\"query-input\":{\"@type\":\"PropertyValueSpecification\",\"valueRequired\":true,\"valueName\":\"search_term_string\"}}],\"inLanguage\":\"vi\"},{\"@type\":\"Organization\",\"@id\":\"https:\/\/lynnhan.com\/km\/#organization\",\"name\":\"Lynnhan - Trusted Supplier | LED\/OLED\/LCD\/E-paper digital signages\",\"url\":\"https:\/\/lynnhan.com\/km\/\",\"logo\":{\"@type\":\"ImageObject\",\"inLanguage\":\"vi\",\"@id\":\"https:\/\/lynnhan.com\/km\/#\/schema\/logo\/image\/\",\"url\":\"https:\/\/pub-78925c7bf9ca4c6d820df8293a5c116c.r2.dev\/2024\/07\/LynnHan-logo3.png\",\"contentUrl\":\"https:\/\/pub-78925c7bf9ca4c6d820df8293a5c116c.r2.dev\/2024\/07\/LynnHan-logo3.png\",\"width\":390,\"height\":130,\"caption\":\"Lynnhan - Trusted Supplier | LED\/OLED\/LCD\/E-paper digital signages\"},\"image\":{\"@id\":\"https:\/\/lynnhan.com\/km\/#\/schema\/logo\/image\/\"}}]}<\/script>\n<!-- \/ Yoast SEO plugin. -->","yoast_head_json":{"title":"Thanh to\u00e1n: Nh\u00e0 cung c\u1ea5p TV di \u0111\u1ed9ng Lynnhan","description":"Kh\u00e1m ph\u00e1 c\u00e1ch m\u00e0 Lynnhan portable TV supplier Payments chuy\u1ec3n \u0111\u1ed5i c\u00e1c mua s\u1eafm tr\u1ef1c tuy\u1ebfn c\u1ee7a b\u1ea1n th\u00e0nh nh\u1eefng tr\u1ea3i nghi\u1ec7m m\u01b0\u1ee3t m\u00e0, d\u1ec5 d\u00e0ng.","robots":{"index":"index","follow":"follow","max-snippet":"max-snippet:-1","max-image-preview":"max-image-preview:large","max-video-preview":"max-video-preview:-1"},"canonical":"https:\/\/lynnhan.com\/vi\/thanh-toan\/","og_locale":"vi_VN","og_type":"article","og_title":"Payments: Lynnhan portable TV supplier","og_description":"Discover how Lynnhan portable TV supplier Payments transforms your online purchases into smooth, effortless experiences.","og_url":"https:\/\/lynnhan.com\/vi\/thanh-toan\/","og_site_name":"Lynnhan - Trusted Supplier | LED\/OLED\/LCD\/E-paper digital signages","article_modified_time":"2024-12-18T10:25:48+00:00","og_image":[{"url":"https:\/\/pub-78925c7bf9ca4c6d820df8293a5c116c.r2.dev\/2024\/12\/payments-2.webp","type":"","width":"","height":""}],"twitter_card":"summary_large_image","twitter_misc":{"\u01af\u1edbc t\u00ednh th\u1eddi gian \u0111\u1ecdc":"2 ph\u00fat"},"schema":{"@context":"https:\/\/schema.org","@graph":[{"@type":"WebPage","@id":"https:\/\/lynnhan.com\/payments\/","url":"https:\/\/lynnhan.com\/payments\/","name":"Thanh to\u00e1n: Nh\u00e0 cung c\u1ea5p TV di \u0111\u1ed9ng Lynnhan","isPartOf":{"@id":"https:\/\/lynnhan.com\/km\/#website"},"primaryImageOfPage":{"@id":"https:\/\/lynnhan.com\/payments\/#primaryimage"},"image":{"@id":"https:\/\/lynnhan.com\/payments\/#primaryimage"},"thumbnailUrl":"https:\/\/pub-78925c7bf9ca4c6d820df8293a5c116c.r2.dev\/2024\/12\/payments-2.webp","datePublished":"2024-02-27T08:28:56+00:00","dateModified":"2024-12-18T10:25:48+00:00","description":"Kh\u00e1m ph\u00e1 c\u00e1ch m\u00e0 Lynnhan portable TV supplier Payments chuy\u1ec3n \u0111\u1ed5i c\u00e1c mua s\u1eafm tr\u1ef1c tuy\u1ebfn c\u1ee7a b\u1ea1n th\u00e0nh nh\u1eefng tr\u1ea3i nghi\u1ec7m m\u01b0\u1ee3t m\u00e0, d\u1ec5 d\u00e0ng.","breadcrumb":{"@id":"https:\/\/lynnhan.com\/payments\/#breadcrumb"},"inLanguage":"vi","potentialAction":[{"@type":"ReadAction","target":["https:\/\/lynnhan.com\/payments\/"]}]},{"@type":"ImageObject","inLanguage":"vi","@id":"https:\/\/lynnhan.com\/payments\/#primaryimage","url":"https:\/\/pub-78925c7bf9ca4c6d820df8293a5c116c.r2.dev\/2024\/12\/payments-2.webp","contentUrl":"https:\/\/pub-78925c7bf9ca4c6d820df8293a5c116c.r2.dev\/2024\/12\/payments-2.webp"},{"@type":"BreadcrumbList","@id":"https:\/\/lynnhan.com\/payments\/#breadcrumb","itemListElement":[{"@type":"ListItem","position":1,"name":"Home","item":"https:\/\/lynnhan.com\/"},{"@type":"ListItem","position":2,"name":"Payments"}]},{"@type":"WebSite","@id":"https:\/\/lynnhan.com\/km\/#website","url":"https:\/\/lynnhan.com\/km\/","name":"Lynnhan - Nh\u00e0 cung c\u1ea5p \u0111\u00e1ng tin c\u1eady | \u0110signage s\u1ed1 LED\/OLED\/LCD\/E-paper","description":"Lynnhan - Nh\u00e0 cung c\u1ea5p tin c\u1eady |  \u0110\u00e8n LED\/OLED\/LCD\/E-paper b\u1ea3ng qu\u1ea3ng c\u00e1o s\u1ed1 h\u00f3a","publisher":{"@id":"https:\/\/lynnhan.com\/km\/#organization"},"potentialAction":[{"@type":"SearchAction","target":{"@type":"EntryPoint","urlTemplate":"https:\/\/lynnhan.com\/km\/?s={search_term_string}"},"query-input":{"@type":"PropertyValueSpecification","valueRequired":true,"valueName":"search_term_string"}}],"inLanguage":"vi"},{"@type":"Organization","@id":"https:\/\/lynnhan.com\/km\/#organization","name":"Lynnhan - Nh\u00e0 cung c\u1ea5p \u0111\u00e1ng tin c\u1eady | \u0110signage s\u1ed1 LED\/OLED\/LCD\/E-paper","url":"https:\/\/lynnhan.com\/km\/","logo":{"@type":"ImageObject","inLanguage":"vi","@id":"https:\/\/lynnhan.com\/km\/#\/schema\/logo\/image\/","url":"https:\/\/pub-78925c7bf9ca4c6d820df8293a5c116c.r2.dev\/2024\/07\/LynnHan-logo3.png","contentUrl":"https:\/\/pub-78925c7bf9ca4c6d820df8293a5c116c.r2.dev\/2024\/07\/LynnHan-logo3.png","width":390,"height":130,"caption":"Lynnhan - Trusted Supplier | LED\/OLED\/LCD\/E-paper digital signages"},"image":{"@id":"https:\/\/lynnhan.com\/km\/#\/schema\/logo\/image\/"}}]}},"jetpack_sharing_enabled":true,"_links":{"self":[{"href":"https:\/\/lynnhan.com\/vi\/wp-json\/wp\/v2\/pages\/535","targetHints":{"allow":["GET"]}}],"collection":[{"href":"https:\/\/lynnhan.com\/vi\/wp-json\/wp\/v2\/pages"}],"about":[{"href":"https:\/\/lynnhan.com\/vi\/wp-json\/wp\/v2\/types\/page"}],"author":[{"embeddable":true,"href":"https:\/\/lynnhan.com\/vi\/wp-json\/wp\/v2\/users\/1"}],"replies":[{"embeddable":true,"href":"https:\/\/lynnhan.com\/vi\/wp-json\/wp\/v2\/comments?post=535"}],"version-history":[{"count":0,"href":"https:\/\/lynnhan.com\/vi\/wp-json\/wp\/v2\/pages\/535\/revisions"}],"wp:attachment":[{"href":"https:\/\/lynnhan.com\/vi\/wp-json\/wp\/v2\/media?parent=535"}],"curies":[{"name":"wp","href":"https:\/\/api.w.org\/{rel}","templated":true}]}}