{"id":527,"date":"2024-02-27T08:12:47","date_gmt":"2024-02-27T08:12:47","guid":{"rendered":"https:\/\/lynnhan.com\/?page_id=527"},"modified":"2024-12-19T02:53:21","modified_gmt":"2024-12-19T02:53:21","slug":"ben-vung","status":"publish","type":"page","link":"https:\/\/lynnhan.com\/vi\/ben-vung\/","title":{"rendered":"B\u1ec1n v\u1eefng"},"content":{"rendered":"<div data-elementor-type=\"wp-page\" data-elementor-id=\"527\" class=\"elementor elementor-527\" data-elementor-post-type=\"page\">\n\t\t\t\t<div class=\"elementor-element elementor-element-2320704 e-flex e-con-boxed e-con e-parent\" data-id=\"2320704\" data-element_type=\"container\">\n\t\t\t\t\t<div class=\"e-con-inner\">\n\t\t\t\t<div class=\"elementor-element elementor-element-629222c elementor-widget elementor-widget-image\" data-id=\"629222c\" data-element_type=\"widget\" data-widget_type=\"image.default\">\n\t\t\t\t<div class=\"elementor-widget-container\">\n\t\t\t\t\t\t\t\t\t\t\t\t\t\t\t<img fetchpriority=\"high\" decoding=\"async\" width=\"1024\" height=\"574\" src=\"https:\/\/pub-78925c7bf9ca4c6d820df8293a5c116c.r2.dev\/2024\/12\/All-in-one-LED-sustainability-1024x574.webp\" class=\"attachment-large size-large wp-image-3326\" alt=\"T\u1ea5t c\u1ea3 trong m\u1ed9t LED b\u1ec1n v\u1eefng\" srcset=\"https:\/\/pub-78925c7bf9ca4c6d820df8293a5c116c.r2.dev\/2024\/12\/All-in-one-LED-sustainability-1024x574.webp 1024w, https:\/\/pub-78925c7bf9ca4c6d820df8293a5c116c.r2.dev\/2024\/12\/All-in-one-LED-sustainability-700x392.webp 700w, https:\/\/pub-78925c7bf9ca4c6d820df8293a5c116c.r2.dev\/2024\/12\/All-in-one-LED-sustainability-768x430.webp 768w, https:\/\/pub-78925c7bf9ca4c6d820df8293a5c116c.r2.dev\/2024\/12\/All-in-one-LED-sustainability-1536x861.webp 1536w, https:\/\/pub-78925c7bf9ca4c6d820df8293a5c116c.r2.dev\/2024\/12\/All-in-one-LED-sustainability-18x10.webp 18w, https:\/\/pub-78925c7bf9ca4c6d820df8293a5c116c.r2.dev\/2024\/12\/All-in-one-LED-sustainability-1140x639.webp 1140w, https:\/\/pub-78925c7bf9ca4c6d820df8293a5c116c.r2.dev\/2024\/12\/All-in-one-LED-sustainability-920x516.webp 920w, https:\/\/pub-78925c7bf9ca4c6d820df8293a5c116c.r2.dev\/2024\/12\/All-in-one-LED-sustainability-575x322.webp 575w, https:\/\/pub-78925c7bf9ca4c6d820df8293a5c116c.r2.dev\/2024\/12\/All-in-one-LED-sustainability-380x213.webp 380w, https:\/\/pub-78925c7bf9ca4c6d820df8293a5c116c.r2.dev\/2024\/12\/All-in-one-LED-sustainability-1320x740.webp 1320w, https:\/\/pub-78925c7bf9ca4c6d820df8293a5c116c.r2.dev\/2024\/12\/All-in-one-LED-sustainability-800x448.webp 800w, https:\/\/pub-78925c7bf9ca4c6d820df8293a5c116c.r2.dev\/2024\/12\/All-in-one-LED-sustainability.webp 1920w\" sizes=\"(max-width: 1024px) 100vw, 1024px\" \/>\t\t\t\t\t\t\t\t\t\t\t\t\t\t\t<\/div>\n\t\t\t\t<\/div>\n\t\t\t\t\t<\/div>\n\t\t\t\t<\/div>\n\t\t<div class=\"elementor-element elementor-element-d4bc583 e-flex e-con-boxed e-con e-parent\" data-id=\"d4bc583\" data-element_type=\"container\">\n\t\t\t\t\t<div class=\"e-con-inner\">\n\t\t\t\t<div class=\"elementor-element elementor-element-1a85b96 elementor-widget elementor-widget-text-editor\" data-id=\"1a85b96\" data-element_type=\"widget\" data-widget_type=\"text-editor.default\">\n\t\t\t\t<div class=\"elementor-widget-container\">\n\t\t\t\t\t\t\t\t\t<h3>B\u1ec1n v\u1eefng t\u1ea1i Lynnhan: TCKER c\u1ee7a ch\u00fang t\u00f4i \u0111\u1ed1i v\u1edbi m\u1ed9t t\u01b0\u01a1ng lai xanh h\u01a1n<\/h3><h5><strong>Ch\u1ea5p nh\u1eadn B\u1ec1n v\u1eefng \u1edf M\u1ed7i kh\u00eda c\u1ea1nh<\/strong><\/h5><p>T\u1ea1i Lynnhan, ch\u00fang t\u00f4i nh\u1eadn th\u1ee9c \u0111\u01b0\u1ee3c t\u1ea7m quan tr\u1ecdng critical c\u1ee7a b\u1ec1n v\u1eefng trong h\u1ec7 sinh th\u00e1i to\u00e0n c\u1ea7u ng\u00e0y nay. TCKER c\u1ee7a ch\u00fang t\u00f4i \u0111\u1ed1i v\u1edbi qu\u1ea3n l\u00fd m\u00f4i tr\u01b0\u1eddng \u0111\u01b0\u1ee3c d\u1ec7t v\u00e0o c\u01a1 c\u1ea5u ho\u1ea1t \u0111\u1ed9ng, s\u1ea3n ph\u1ea9m v\u00e0 tinh th\u1ea7n doanh nghi\u1ec7p c\u1ee7a ch\u00fang t\u00f4i. Ch\u00fang t\u00f4i cam k\u1ebft ph\u00e1t tri\u1ec3n c\u00e1c gi\u1ea3i ph\u00e1p c\u00f4ng ngh\u1ec7 kh\u00f4ng ch\u1ec9 \u0111\u00e1p \u1ee9ng nhu c\u1ea7u c\u1ee7a kh\u00e1ch h\u00e0ng m\u00e0 c\u00f2n \u0111\u00f3ng g\u00f3p t\u00edch c\u1ef1c cho m\u00f4i tr\u01b0\u1eddng.<\/p><h5><strong>Thi\u1ebft k\u1ebf S\u1ea3n ph\u1ea9m Ti\u1ec7n l\u1ee3i cho M\u00f4i tr\u01b0\u1eddng<\/strong><\/h5><p>C\u00e1ch ti\u1ebfp c\u1eadn c\u1ee7a Lynnhan \u0111\u1ed1i v\u1edbi thi\u1ebft k\u1ebf s\u1ea3n ph\u1ea9m t\u1eadp trung v\u00e0o b\u1ec1n v\u1eefng. Ch\u00fang t\u00f4i \u01b0u ti\u00ean s\u1eed d\u1ee5ng c\u00e1c v\u1eadt li\u1ec7u c\u00f3 th\u1ec3 t\u00e1i ch\u1ebf, c\u00e1c th\u00e0nh ph\u1ea7n ti\u1ebft ki\u1ec7m n\u0103ng l\u01b0\u1ee3ng v\u00e0 c\u00e1c quy tr\u00ecnh s\u1ea3n xu\u1ea5t th\u00e2n thi\u1ec7n v\u1edbi m\u00f4i tr\u01b0\u1eddng. C\u00e1c s\u1ea3n ph\u1ea9m c\u1ee7a ch\u00fang t\u00f4i \u0111\u01b0\u1ee3c thi\u1ebft k\u1ebf \u0111\u1ec3 b\u1ec1n b\u1ec9, gi\u1ea3m nhu c\u1ea7u thay th\u1ebf th\u01b0\u1eddng xuy\u00ean v\u00e0 gi\u1ea3m thi\u1ec3u r\u00e1c th\u1ea3i.<\/p><h5><strong>Gi\u1ea3m \u0110\u811a\u5370 than<\/strong><\/h5><p>Ch\u00fang t\u00f4i li\u00ean t\u1ee5c n\u1ed7 l\u1ef1c gi\u1ea3m \u0110\u811a\u5370 than c\u1ee7a m\u00ecnh th\u00f4ng qua c\u00e1c s\u00e1ng ki\u1ebfn kh\u00e1c nhau, bao g\u1ed3m t\u1ed1i \u01b0u h\u00f3a chu\u1ed7i cung \u1ee9ng, n\u00e2ng cao hi\u1ec7u qu\u1ea3 n\u0103ng l\u01b0\u1ee3ng trong c\u00e1c c\u01a1 s\u1edf s\u1ea3n xu\u1ea5t c\u1ee7a ch\u00fang t\u00f4i v\u00e0 s\u1eed d\u1ee5ng c\u00e1c ngu\u1ed3n n\u0103ng l\u01b0\u1ee3ng t\u00e1i t\u1ea1o khi c\u00f3 th\u1ec3. Lynnhan cam k\u1ebft \u0111\u1ea1t \u0111\u01b0\u1ee3c s\u1ef1 trung t\u00ednh carbon, thi\u1ebft l\u1eadp c\u00e1c m\u1ee5c ti\u00eau tham v\u1ecdng \u0111\u1ec3 gi\u1ea3m c\u00e1c ph\u00e1t th\u1ea3i kh\u00ed nh\u00e0 k\u00ednh c\u1ee7a ch\u00fang t\u00f4i.<\/p><h5><strong>S\u1ea3n xu\u1ea5t Tr\u00e1ch nhi\u1ec7m<\/strong><\/h5><p>C\u00e1c quy tr\u00ecnh s\u1ea3n xu\u1ea5t c\u1ee7a ch\u00fang t\u00f4i \u0111\u01b0\u1ee3c thi\u1ebft k\u1ebf \u0111\u1ec3 gi\u1ea3m thi\u1ec3u t\u00e1c \u0111\u1ed9ng m\u00f4i tr\u01b0\u1eddng. Ch\u00fang t\u00f4i s\u1eed d\u1ee5ng c\u00e1c k\u1ef9 thu\u1eadt gi\u1ea3m r\u00e1c th\u1ea3i, t\u00e1i ch\u1ebf n\u01b0\u1edbc v\u00e0 tu\u00e2n th\u1ee7 ch\u1eb7t ch\u1ebd c\u00e1c quy \u0111\u1ecbnh m\u00f4i tr\u01b0\u1eddng. C\u00e1c \u0111\u1ed1i t\u00e1c s\u1ea3n xu\u1ea5t c\u1ee7a Lynnhan \u0111\u01b0\u1ee3c ch\u1ecdn l\u1ecdc c\u1ea9n th\u1eadn d\u1ef1a tr\u00ean cam k\u1ebft c\u1ee7a h\u1ecd \u0111\u1ed1i v\u1edbi b\u1ec1n v\u1eefng v\u00e0 c\u00e1c th\u1ef1c h\u00e0nh m\u00f4i tr\u01b0\u1eddng tr\u00e1ch nhi\u1ec7m.<\/p><h4><strong>H\u1ed7 tr\u1ee3 C\u00f4ng ngh\u1ec7 B\u1ec1n v\u1eefng<\/strong><\/h4><p>Lynnhan \u0111\u1ea7u t\u01b0 v\u00e0o nghi\u00ean c\u1ee9u v\u00e0 ph\u00e1t tri\u1ec3n \u0111\u1ec3 t\u1ea1o ra c\u00e1c s\u1ea3n ph\u1ea9m s\u00e1ng t\u1ea1o h\u1ed7 tr\u1ee3 c\u00e1c th\u1ef1c h\u00e0nh b\u1ec1n v\u1eefng. T\u1eeb b\u1ea3ng \u0111i\u1ec1u khi\u1ec3n th\u00f4ng minh ti\u1ebft ki\u1ec7m n\u0103ng l\u01b0\u1ee3ng v\u00e0 m\u00e0n h\u00ecnh c\u1ea3m \u1ee9ng \u0111\u1ebfn c\u00e1c thi\u1ebft b\u1ecb \u0111eo th\u00e2n thi\u1ec7n v\u1edbi m\u00f4i tr\u01b0\u1eddng, c\u00f4ng ngh\u1ec7 c\u1ee7a ch\u00fang t\u00f4i h\u01b0\u1edbng t\u1edbi gi\u1ea3m ti\u00eau th\u1ee5 n\u0103ng l\u01b0\u1ee3ng v\u00e0 th\u00fac \u0111\u1ea9y l\u1ed1i s\u1ed1ng b\u1ec1n v\u1eefng.<\/p><h4><strong>Tham gia C\u1ed9ng \u0111\u1ed3ng v\u00e0 Ng\u00e0nh<\/strong><\/h4><p>Ch\u00fang t\u00f4i tin v\u00e0o s\u1ee9c m\u1ea1nh c\u1ee7a s\u1ef1 h\u1ee3p t\u00e1c \u0111\u1ec3 \u0111\u1ea1t \u0111\u01b0\u1ee3c c\u00e1c m\u1ee5c ti\u00eau b\u1ec1n v\u1eefng. Lynnhan t\u00edch c\u1ef1c tham gia v\u1edbi c\u00e1c c\u1ed9ng \u0111\u1ed3ng, \u0111\u1ed1i t\u00e1c ng\u00e0nh v\u00e0 t\u1ed5 ch\u1ee9c m\u00f4i tr\u01b0\u1eddng \u0111\u1ec3 th\u00fac \u0111\u1ea9y c\u00e1c s\u00e1ng ki\u1ebfn b\u1ec1n v\u1eefng. Qua gi\u00e1o d\u1ee5c, h\u1ee3p t\u00e1c v\u00e0 c\u00e1c ch\u01b0\u01a1ng tr\u00ecnh c\u1ed9ng \u0111\u1ed3ng, ch\u00fang t\u00f4i nh\u1eb1m lan t\u1ecfa nh\u1eadn th\u1ee9c v\u00e0 khuy\u1ebfn kh\u00edch h\u00e0nh \u0111\u1ed9ng t\u1eadp th\u1ec3 h\u01b0\u1edbng t\u1edbi m\u1ed9t h\u00e0nh tinh xanh h\u01a1n.<\/p><p><strong>Nguy\u00ean t\u1eafc Kinh t\u1ebf Hoop<\/strong><\/p><p>Lynnhan ch\u1ea5p nh\u1eadn c\u00e1c nguy\u00ean t\u1eafc c\u1ee7a kinh t\u1ebf hoop, t\u1eadp trung v\u00e0o hi\u1ec7u qu\u1ea3 t\u00e0i nguy\u00ean, gi\u1ea3m thi\u1ec3u r\u00e1c th\u1ea3i v\u00e0 t\u00e1i ch\u1ebf v\u00e0 t\u00e1i s\u1eed d\u1ee5ng c\u00e1c s\u1ea3n ph\u1ea9m t\u1ea1i cu\u1ed1i chu k\u1ef3 v\u00f2ng \u0111\u1eddi c\u1ee7a ch\u00fang. Ch\u00fang t\u00f4i cung c\u1ea5p c\u00e1c ch\u01b0\u01a1ng tr\u00ecnh thu h\u1ed3i s\u1ea3n ph\u1ea9m c\u1ee7a m\u00ecnh, \u0111\u1ea3m b\u1ea3o ch\u00fang \u0111\u01b0\u1ee3c t\u00e1i ch\u1ebf ho\u1eb7c x\u1eed l\u00fd tr\u00e1ch nhi\u1ec7m, th\u00fac \u0111\u1ea9y cam k\u1ebft c\u1ee7a ch\u00fang t\u00f4i trong vi\u1ec7c gi\u1ea3m thi\u1ec3u t\u00e1c \u0111\u1ed9ng m\u00f4i tr\u01b0\u1eddng.<\/p><p><strong>TCKER B\u1ec1n v\u1eefng c\u1ee7a Ch\u00fang t\u00f4i<\/strong><\/p><p>B\u1ec1n v\u1eefng t\u1ea1i Lynnhan kh\u00f4ng ch\u1ec9 v\u1ec1 vi\u1ec7c \u0111\u00e1p \u1ee9ng nhu c\u1ea7u hi\u1ec7n t\u1ea1i m\u00e0 c\u00f2n \u0111\u1ea3m b\u1ea3o m\u1ed9t h\u00e0nh tinh kh\u1ecfe m\u1ea1nh, ph\u00e1t tri\u1ec3n cho c\u00e1c th\u1ebf h\u1ec7 t\u01b0\u01a1ng lai. Ch\u00fang t\u00f4i cam k\u1ebft c\u1ea3i thi\u1ec7n li\u00ean t\u1ee5c c\u00e1c th\u1ef1c h\u00e0nh b\u1ec1n v\u1eefng c\u1ee7a m\u00ecnh, thi\u1ebft l\u1eadp c\u00e1c ti\u00eau chu\u1ea9n m\u1edbi trong ng\u00e0nh c\u00f4ng ngh\u1ec7 v\u1ec1 tr\u00e1ch nhi\u1ec7m m\u00f4i tr\u01b0\u1eddng.<\/p><p>B\u1eb1ng c\u00e1ch ch\u1ecdn Lynnhan, b\u1ea1n \u0111ang h\u1ee3p t\u00e1c v\u1edbi m\u1ed9t nh\u00e3n hi\u1ec7u \u0111\u1eb7t b\u1ec1n v\u1eefng v\u00e0o trung t\u00e2m c\u1ee7a s\u1ee9 m\u1ec7nh c\u1ee7a m\u00ecnh. C\u00f9ng nhau, ch\u00fang ta c\u00f3 th\u1ec3 m\u1edf \u0111\u01b0\u1eddng cho m\u1ed9t t\u01b0\u01a1ng lai b\u1ec1n v\u1eefng h\u01a1n, s\u1eed d\u1ee5ng c\u00f4ng ngh\u1ec7 \u0111\u1ec3 t\u1ea1o ra \u1ea3nh h\u01b0\u1edfng t\u00edch c\u1ef1c tr\u00ean th\u1ebf gi\u1edbi.<\/p>\t\t\t\t\t\t\t\t<\/div>\n\t\t\t\t<\/div>\n\t\t\t\t\t<\/div>\n\t\t\t\t<\/div>\n\t\t\t\t<\/div>","protected":false},"excerpt":{"rendered":"<p>Sustainability at Lynnhan: Our Commitment to a Greener Future Embracing Sustainability in Every Aspect At Lynnhan, we recognize the critical importance of sustainability in today\u2019s global ecosystem. Our commitment to [\u2026]<\/p>","protected":false},"author":1,"featured_media":0,"parent":0,"menu_order":0,"comment_status":"closed","ping_status":"closed","template":"","meta":{"footnotes":""},"class_list":["post-527","page","type-page","status-publish","hentry"],"yoast_head":"<!-- This site is optimized with the Yoast SEO plugin v26.6 - https:\/\/yoast.com\/wordpress\/plugins\/seo\/ -->\n<title>Green Future: Explore LynnHan&#039;s Sustainability Efforts&quot;<\/title>\n<meta name=\"description\" content=\"Explore how LynnHan a leading smart tech manufacturer is making a difference with sustainable practices that benefit both the planet and future generations.\" \/>\n<meta name=\"robots\" content=\"index, follow, max-snippet:-1, max-image-preview:large, max-video-preview:-1\" \/>\n<link rel=\"canonical\" href=\"https:\/\/lynnhan.com\/vi\/ben-vung\/\" \/>\n<meta property=\"og:locale\" content=\"vi_VN\" \/>\n<meta property=\"og:type\" content=\"article\" \/>\n<meta property=\"og:title\" content=\"Green Future: Explore LynnHan&#039;s Sustainability Efforts&quot;\" \/>\n<meta property=\"og:description\" content=\"Explore how LynnHan a leading smart tech manufacturer is making a difference with sustainable practices that benefit both the planet and future generations.\" \/>\n<meta property=\"og:url\" content=\"https:\/\/lynnhan.com\/vi\/ben-vung\/\" \/>\n<meta property=\"og:site_name\" content=\"Lynnhan - Trusted Supplier | LED\/OLED\/LCD\/E-paper digital signages\" \/>\n<meta property=\"article:modified_time\" content=\"2024-12-19T02:53:21+00:00\" \/>\n<meta property=\"og:image\" content=\"https:\/\/pub-78925c7bf9ca4c6d820df8293a5c116c.r2.dev\/2024\/12\/All-in-one-LED-sustainability-1024x574.webp\" \/>\n<meta name=\"twitter:card\" content=\"summary_large_image\" \/>\n<meta name=\"twitter:label1\" content=\"\u01af\u1edbc t\u00ednh th\u1eddi gian \u0111\u1ecdc\" \/>\n\t<meta name=\"twitter:data1\" content=\"3 ph\u00fat\" \/>\n<script type=\"application\/ld+json\" class=\"yoast-schema-graph\">{\"@context\":\"https:\/\/schema.org\",\"@graph\":[{\"@type\":\"WebPage\",\"@id\":\"https:\/\/lynnhan.com\/sustainability\/\",\"url\":\"https:\/\/lynnhan.com\/sustainability\/\",\"name\":\"Green Future: Explore LynnHan's Sustainability Efforts\\\"\",\"isPartOf\":{\"@id\":\"https:\/\/lynnhan.com\/km\/#website\"},\"primaryImageOfPage\":{\"@id\":\"https:\/\/lynnhan.com\/sustainability\/#primaryimage\"},\"image\":{\"@id\":\"https:\/\/lynnhan.com\/sustainability\/#primaryimage\"},\"thumbnailUrl\":\"https:\/\/pub-78925c7bf9ca4c6d820df8293a5c116c.r2.dev\/2024\/12\/All-in-one-LED-sustainability-1024x574.webp\",\"datePublished\":\"2024-02-27T08:12:47+00:00\",\"dateModified\":\"2024-12-19T02:53:21+00:00\",\"description\":\"Explore how LynnHan a leading smart tech manufacturer is making a difference with sustainable practices that benefit both the planet and future generations.\",\"breadcrumb\":{\"@id\":\"https:\/\/lynnhan.com\/sustainability\/#breadcrumb\"},\"inLanguage\":\"vi\",\"potentialAction\":[{\"@type\":\"ReadAction\",\"target\":[\"https:\/\/lynnhan.com\/sustainability\/\"]}]},{\"@type\":\"ImageObject\",\"inLanguage\":\"vi\",\"@id\":\"https:\/\/lynnhan.com\/sustainability\/#primaryimage\",\"url\":\"https:\/\/pub-78925c7bf9ca4c6d820df8293a5c116c.r2.dev\/2024\/12\/All-in-one-LED-sustainability-1024x574.webp\",\"contentUrl\":\"https:\/\/pub-78925c7bf9ca4c6d820df8293a5c116c.r2.dev\/2024\/12\/All-in-one-LED-sustainability-1024x574.webp\"},{\"@type\":\"BreadcrumbList\",\"@id\":\"https:\/\/lynnhan.com\/sustainability\/#breadcrumb\",\"itemListElement\":[{\"@type\":\"ListItem\",\"position\":1,\"name\":\"Home\",\"item\":\"https:\/\/lynnhan.com\/\"},{\"@type\":\"ListItem\",\"position\":2,\"name\":\"Sustainability\"}]},{\"@type\":\"WebSite\",\"@id\":\"https:\/\/lynnhan.com\/km\/#website\",\"url\":\"https:\/\/lynnhan.com\/km\/\",\"name\":\"Lynnhan - Trusted Supplier | LED\/OLED\/LCD\/E-paper digital signages\",\"description\":\"Lynnhan - Trusted Supplier |  LED\/OLED\/LCD\/E-paper digital signages\",\"publisher\":{\"@id\":\"https:\/\/lynnhan.com\/km\/#organization\"},\"potentialAction\":[{\"@type\":\"SearchAction\",\"target\":{\"@type\":\"EntryPoint\",\"urlTemplate\":\"https:\/\/lynnhan.com\/km\/?s={search_term_string}\"},\"query-input\":{\"@type\":\"PropertyValueSpecification\",\"valueRequired\":true,\"valueName\":\"search_term_string\"}}],\"inLanguage\":\"vi\"},{\"@type\":\"Organization\",\"@id\":\"https:\/\/lynnhan.com\/km\/#organization\",\"name\":\"Lynnhan - Trusted Supplier | LED\/OLED\/LCD\/E-paper digital signages\",\"url\":\"https:\/\/lynnhan.com\/km\/\",\"logo\":{\"@type\":\"ImageObject\",\"inLanguage\":\"vi\",\"@id\":\"https:\/\/lynnhan.com\/km\/#\/schema\/logo\/image\/\",\"url\":\"https:\/\/pub-78925c7bf9ca4c6d820df8293a5c116c.r2.dev\/2024\/07\/LynnHan-logo3.png\",\"contentUrl\":\"https:\/\/pub-78925c7bf9ca4c6d820df8293a5c116c.r2.dev\/2024\/07\/LynnHan-logo3.png\",\"width\":390,\"height\":130,\"caption\":\"Lynnhan - Trusted Supplier | LED\/OLED\/LCD\/E-paper digital signages\"},\"image\":{\"@id\":\"https:\/\/lynnhan.com\/km\/#\/schema\/logo\/image\/\"}}]}<\/script>\n<!-- \/ Yoast SEO plugin. -->","yoast_head_json":{"title":"T\u01b0\u01a1ng Lai Xanh: Kh\u00e1m Ph\u00e1 N\u1ed7 L\u1ef1c B\u1ec1n V\u1eefng C\u1ee7a LynnHan","description":"Kh\u00e1m ph\u00e1 c\u00e1ch m\u00e0 LynnHan, m\u1ed9t nh\u00e0 s\u1ea3n xu\u1ea5t c\u00f4ng ngh\u1ec7 th\u00f4ng minh h\u00e0ng \u0111\u1ea7u, \u0111ang t\u1ea1o ra s\u1ef1 kh\u00e1c bi\u1ec7t b\u1eb1ng c\u00e1c th\u1ef1c h\u00e0nh b\u1ec1n v\u1eefng mang l\u1ea1i l\u1ee3i \u00edch cho c\u1ea3 h\u00e0nh tinh v\u00e0 th\u1ebf h\u1ec7 t\u01b0\u01a1ng lai.","robots":{"index":"index","follow":"follow","max-snippet":"max-snippet:-1","max-image-preview":"max-image-preview:large","max-video-preview":"max-video-preview:-1"},"canonical":"https:\/\/lynnhan.com\/vi\/ben-vung\/","og_locale":"vi_VN","og_type":"article","og_title":"Green Future: Explore LynnHan's Sustainability Efforts\"","og_description":"Explore how LynnHan a leading smart tech manufacturer is making a difference with sustainable practices that benefit both the planet and future generations.","og_url":"https:\/\/lynnhan.com\/vi\/ben-vung\/","og_site_name":"Lynnhan - Trusted Supplier | LED\/OLED\/LCD\/E-paper digital signages","article_modified_time":"2024-12-19T02:53:21+00:00","og_image":[{"url":"https:\/\/pub-78925c7bf9ca4c6d820df8293a5c116c.r2.dev\/2024\/12\/All-in-one-LED-sustainability-1024x574.webp","type":"","width":"","height":""}],"twitter_card":"summary_large_image","twitter_misc":{"\u01af\u1edbc t\u00ednh th\u1eddi gian \u0111\u1ecdc":"3 ph\u00fat"},"schema":{"@context":"https:\/\/schema.org","@graph":[{"@type":"WebPage","@id":"https:\/\/lynnhan.com\/sustainability\/","url":"https:\/\/lynnhan.com\/sustainability\/","name":"T\u01b0\u01a1ng Lai Xanh: Kh\u00e1m Ph\u00e1 N\u1ed7 L\u1ef1c B\u1ec1n V\u1eefng C\u1ee7a LynnHan","isPartOf":{"@id":"https:\/\/lynnhan.com\/km\/#website"},"primaryImageOfPage":{"@id":"https:\/\/lynnhan.com\/sustainability\/#primaryimage"},"image":{"@id":"https:\/\/lynnhan.com\/sustainability\/#primaryimage"},"thumbnailUrl":"https:\/\/pub-78925c7bf9ca4c6d820df8293a5c116c.r2.dev\/2024\/12\/All-in-one-LED-sustainability-1024x574.webp","datePublished":"2024-02-27T08:12:47+00:00","dateModified":"2024-12-19T02:53:21+00:00","description":"Kh\u00e1m ph\u00e1 c\u00e1ch m\u00e0 LynnHan, m\u1ed9t nh\u00e0 s\u1ea3n xu\u1ea5t c\u00f4ng ngh\u1ec7 th\u00f4ng minh h\u00e0ng \u0111\u1ea7u, \u0111ang t\u1ea1o ra s\u1ef1 kh\u00e1c bi\u1ec7t b\u1eb1ng c\u00e1c th\u1ef1c h\u00e0nh b\u1ec1n v\u1eefng mang l\u1ea1i l\u1ee3i \u00edch cho c\u1ea3 h\u00e0nh tinh v\u00e0 th\u1ebf h\u1ec7 t\u01b0\u01a1ng lai.","breadcrumb":{"@id":"https:\/\/lynnhan.com\/sustainability\/#breadcrumb"},"inLanguage":"vi","potentialAction":[{"@type":"ReadAction","target":["https:\/\/lynnhan.com\/sustainability\/"]}]},{"@type":"ImageObject","inLanguage":"vi","@id":"https:\/\/lynnhan.com\/sustainability\/#primaryimage","url":"https:\/\/pub-78925c7bf9ca4c6d820df8293a5c116c.r2.dev\/2024\/12\/All-in-one-LED-sustainability-1024x574.webp","contentUrl":"https:\/\/pub-78925c7bf9ca4c6d820df8293a5c116c.r2.dev\/2024\/12\/All-in-one-LED-sustainability-1024x574.webp"},{"@type":"BreadcrumbList","@id":"https:\/\/lynnhan.com\/sustainability\/#breadcrumb","itemListElement":[{"@type":"ListItem","position":1,"name":"Home","item":"https:\/\/lynnhan.com\/"},{"@type":"ListItem","position":2,"name":"Sustainability"}]},{"@type":"WebSite","@id":"https:\/\/lynnhan.com\/km\/#website","url":"https:\/\/lynnhan.com\/km\/","name":"Lynnhan - Nh\u00e0 cung c\u1ea5p \u0111\u00e1ng tin c\u1eady | \u0110signage s\u1ed1 LED\/OLED\/LCD\/E-paper","description":"Lynnhan - Nh\u00e0 cung c\u1ea5p tin c\u1eady |  \u0110\u00e8n LED\/OLED\/LCD\/E-paper b\u1ea3ng qu\u1ea3ng c\u00e1o s\u1ed1 h\u00f3a","publisher":{"@id":"https:\/\/lynnhan.com\/km\/#organization"},"potentialAction":[{"@type":"SearchAction","target":{"@type":"EntryPoint","urlTemplate":"https:\/\/lynnhan.com\/km\/?s={search_term_string}"},"query-input":{"@type":"PropertyValueSpecification","valueRequired":true,"valueName":"search_term_string"}}],"inLanguage":"vi"},{"@type":"Organization","@id":"https:\/\/lynnhan.com\/km\/#organization","name":"Lynnhan - Nh\u00e0 cung c\u1ea5p \u0111\u00e1ng tin c\u1eady | \u0110signage s\u1ed1 LED\/OLED\/LCD\/E-paper","url":"https:\/\/lynnhan.com\/km\/","logo":{"@type":"ImageObject","inLanguage":"vi","@id":"https:\/\/lynnhan.com\/km\/#\/schema\/logo\/image\/","url":"https:\/\/pub-78925c7bf9ca4c6d820df8293a5c116c.r2.dev\/2024\/07\/LynnHan-logo3.png","contentUrl":"https:\/\/pub-78925c7bf9ca4c6d820df8293a5c116c.r2.dev\/2024\/07\/LynnHan-logo3.png","width":390,"height":130,"caption":"Lynnhan - Trusted Supplier | LED\/OLED\/LCD\/E-paper digital signages"},"image":{"@id":"https:\/\/lynnhan.com\/km\/#\/schema\/logo\/image\/"}}]}},"jetpack_sharing_enabled":true,"_links":{"self":[{"href":"https:\/\/lynnhan.com\/vi\/wp-json\/wp\/v2\/pages\/527","targetHints":{"allow":["GET"]}}],"collection":[{"href":"https:\/\/lynnhan.com\/vi\/wp-json\/wp\/v2\/pages"}],"about":[{"href":"https:\/\/lynnhan.com\/vi\/wp-json\/wp\/v2\/types\/page"}],"author":[{"embeddable":true,"href":"https:\/\/lynnhan.com\/vi\/wp-json\/wp\/v2\/users\/1"}],"replies":[{"embeddable":true,"href":"https:\/\/lynnhan.com\/vi\/wp-json\/wp\/v2\/comments?post=527"}],"version-history":[{"count":0,"href":"https:\/\/lynnhan.com\/vi\/wp-json\/wp\/v2\/pages\/527\/revisions"}],"wp:attachment":[{"href":"https:\/\/lynnhan.com\/vi\/wp-json\/wp\/v2\/media?parent=527"}],"curies":[{"name":"wp","href":"https:\/\/api.w.org\/{rel}","templated":true}]}}