{"id":517,"date":"2024-02-27T08:02:52","date_gmt":"2024-02-27T08:02:52","guid":{"rendered":"https:\/\/lynnhan.com\/?page_id=517"},"modified":"2024-12-24T08:39:31","modified_gmt":"2024-12-24T08:39:31","slug":"tai-sao-lynnhan","status":"publish","type":"page","link":"https:\/\/lynnhan.com\/vi\/tai-sao-lynnhan\/","title":{"rendered":"T\u1ea1i sao ch\u1ecdn Lynnhan"},"content":{"rendered":"<div data-elementor-type=\"wp-page\" data-elementor-id=\"517\" class=\"elementor elementor-517\" data-elementor-post-type=\"page\">\n\t\t\t\t<div class=\"elementor-element elementor-element-ac24e16 e-flex e-con-boxed e-con e-parent\" data-id=\"ac24e16\" data-element_type=\"container\">\n\t\t\t\t\t<div class=\"e-con-inner\">\n\t\t\t\t<div class=\"elementor-element elementor-element-a8ffeb6 elementor-widget elementor-widget-image\" data-id=\"a8ffeb6\" data-element_type=\"widget\" data-widget_type=\"image.default\">\n\t\t\t\t<div class=\"elementor-widget-container\">\n\t\t\t\t\t\t\t\t\t\t\t\t\t\t\t<img fetchpriority=\"high\" decoding=\"async\" width=\"1920\" height=\"1076\" src=\"https:\/\/pub-78925c7bf9ca4c6d820df8293a5c116c.r2.dev\/2024\/12\/Why-Lynnhan.webp\" class=\"attachment-full size-full wp-image-3274\" alt=\"Wlhy All in One LED manufacturer Lynnhan\" srcset=\"https:\/\/pub-78925c7bf9ca4c6d820df8293a5c116c.r2.dev\/2024\/12\/Why-Lynnhan.webp 1920w, https:\/\/pub-78925c7bf9ca4c6d820df8293a5c116c.r2.dev\/2024\/12\/Why-Lynnhan-700x392.webp 700w, https:\/\/pub-78925c7bf9ca4c6d820df8293a5c116c.r2.dev\/2024\/12\/Why-Lynnhan-1024x574.webp 1024w, https:\/\/pub-78925c7bf9ca4c6d820df8293a5c116c.r2.dev\/2024\/12\/Why-Lynnhan-768x430.webp 768w, https:\/\/pub-78925c7bf9ca4c6d820df8293a5c116c.r2.dev\/2024\/12\/Why-Lynnhan-1536x861.webp 1536w, https:\/\/pub-78925c7bf9ca4c6d820df8293a5c116c.r2.dev\/2024\/12\/Why-Lynnhan-18x10.webp 18w, https:\/\/pub-78925c7bf9ca4c6d820df8293a5c116c.r2.dev\/2024\/12\/Why-Lynnhan-1140x639.webp 1140w, https:\/\/pub-78925c7bf9ca4c6d820df8293a5c116c.r2.dev\/2024\/12\/Why-Lynnhan-920x516.webp 920w, https:\/\/pub-78925c7bf9ca4c6d820df8293a5c116c.r2.dev\/2024\/12\/Why-Lynnhan-575x322.webp 575w, https:\/\/pub-78925c7bf9ca4c6d820df8293a5c116c.r2.dev\/2024\/12\/Why-Lynnhan-380x213.webp 380w, https:\/\/pub-78925c7bf9ca4c6d820df8293a5c116c.r2.dev\/2024\/12\/Why-Lynnhan-1320x740.webp 1320w, https:\/\/pub-78925c7bf9ca4c6d820df8293a5c116c.r2.dev\/2024\/12\/Why-Lynnhan-800x448.webp 800w\" sizes=\"(max-width: 1920px) 100vw, 1920px\" \/>\t\t\t\t\t\t\t\t\t\t\t\t\t\t\t<\/div>\n\t\t\t\t<\/div>\n\t\t\t\t\t<\/div>\n\t\t\t\t<\/div>\n\t\t<div class=\"elementor-element elementor-element-1c5267a e-flex e-con-boxed e-con e-parent\" data-id=\"1c5267a\" data-element_type=\"container\">\n\t\t\t\t\t<div class=\"e-con-inner\">\n\t\t\t\t<div class=\"elementor-element elementor-element-fadb91b elementor-widget elementor-widget-text-editor\" data-id=\"fadb91b\" data-element_type=\"widget\" data-widget_type=\"text-editor.default\">\n\t\t\t\t<div class=\"elementor-widget-container\">\n\t\t\t\t\t\t\t\t\t<h3>1. T\u1ea1i sao ch\u1ecdn Lynnhan: \u0110\u1ed1i t\u00e1c trong c\u00e1c Gi\u1ea3i ph\u00e1p C\u00f4ng ngh\u1ec7 S\u00e1ng t\u1ea1o<\/h3><p><strong>2. Gi\u1ea3i ph\u00e1p S\u00e1ng t\u1ea1o cho C\u00e1c Th\u00e1ch th\u1ee9c C\u1ee7a Th\u1eddi \u0110stringstream<\/strong><\/p><p>3. Trong m\u1ed9t th\u1ebf gi\u1edbi m\u00e0 c\u00f4ng ngh\u1ec7 ph\u00e1t tri\u1ec3n v\u1edbi t\u1ed1c \u0111\u1ed9 lightning, Lynnhan n\u1ed5i l\u00ean nh\u01b0 m\u1ed9t ng\u1ecdn h\u1ea3i \u0111\u0103ng c\u1ee7a s\u1ef1 s\u00e1ng t\u1ea1o v\u00e0 tin c\u1eady. Ch\u00fang t\u00f4i hi\u1ec3u ph\u1ee9c t\u1ea1p c\u1ee7a m\u00f4i tr\u01b0\u1eddng kinh doanh v\u00e0 gi\u00e1o d\u1ee5c hi\u1ec7n \u0111\u1ea1i, v\u00e0 ch\u00fang t\u00f4i cam k\u1ebft \u00e1p d\u1ee5ng C\u00f4ng ngh\u1ec7 tr\u00ed tu\u1ec7 nh\u00e2n t\u1ea1o AI m\u1ea1nh m\u1ebd v\u00e0 c\u00f4ng ngh\u1ec7 ti\u00ean ti\u1ebfn, cung c\u1ea5p c\u00e1c gi\u1ea3i ph\u00e1p c\u00f4ng ngh\u1ec7 th\u00f4ng minh gi\u1ea3i quy\u1ebft tr\u1ef1c ti\u1ebfp c\u00e1c th\u00e1ch th\u1ee9c n\u00e0y. D\u01b0\u1edbi \u0111\u00e2y ch\u1ec9 l\u00e0 m\u1ed9t s\u1ed1 l\u00fd do t\u1ea1i sao ch\u1ecdn Lynnhan l\u00e0 l\u1ef1a ch\u1ecdn th\u00f4ng minh cho t\u1ed5 ch\u1ee9c c\u1ee7a b\u1ea1n.<\/p><p><strong>4. Kinh nghi\u1ec7m B\u1ea5t ng\u1edd<\/strong><\/p><p>5. V\u1edbi h\u01a1n m\u1ed9t th\u1eadp k\u1ef7 trong l\u0129nh v\u1ef1c c\u00f4ng ngh\u1ec7 th\u00f4ng minh, Lynnhan mang \u0111\u1ebfn kho t\u00e0ng ki\u1ebfn th\u1ee9c v\u00e0 kinh nghi\u1ec7m. \u0110\u1ed9i ng\u0169 chuy\u00ean gia c\u1ee7a ch\u00fang t\u00f4i \u0111\u1ea7u t\u01b0 s\u00e2u s\u1eafc v\u00e0o nghi\u00ean c\u1ee9u v\u00e0 ph\u00e1t tri\u1ec3n, \u0111\u1ea3m b\u1ea3o r\u1eb1ng m\u1ed7i s\u1ea3n ph\u1ea9m ch\u00fang t\u00f4i cung c\u1ea5p \u0111\u1ec1u \u1edf m\u1ee9c ti\u00ean ti\u1ebfn c\u1ee7a c\u00f4ng ngh\u1ec7. Khi b\u1ea1n ch\u1ecdn Lynnhan, b\u1ea1n kh\u00f4ng ch\u1ec9 nh\u1eadn \u0111\u01b0\u1ee3c m\u1ed9t nh\u00e0 cung c\u1ea5p; b\u1ea1n c\u00f2n c\u00f3 \u0111\u01b0\u1ee3c m\u1ed9t \u0111\u1ed1i t\u00e1c v\u1edbi b\u1ea3n ghi ch\u00e9p xu\u1ea5t s\u1eafc v\u1ec1 s\u1ef1 xu\u1ea5t s\u1eafc.<\/p><p><strong>6. Gi\u1ea3i ph\u00e1p T\u00f9y ch\u1ec9nh<\/strong><\/p><p>7. Ch\u00fang t\u00f4i t\u1ef1 h\u00e0o v\u1ec1 kh\u1ea3 n\u0103ng t\u00f9y ch\u1ec9nh s\u1ea3n ph\u1ea9m v\u00e0 d\u1ecbch v\u1ee5 c\u1ee7a m\u00ecnh \u0111\u1ec3 \u0111\u00e1p \u1ee9ng nhu c\u1ea7u duy nh\u1ea5t c\u1ee7a kh\u00e1ch h\u00e0ng. T\u1eeb gi\u00e1o d\u1ee5c v\u00e0 y t\u1ebf \u0111\u1ebfn b\u00e1n l\u1ebb v\u00e0 m\u00f4i tr\u01b0\u1eddng doanh nghi\u1ec7p, d\u00f2ng s\u1ea3n ph\u1ea9m th\u00f4ng minh c\u1ee7a Lynnhan bao g\u1ed3m b\u1ea3ng th\u00f4ng minh, TV di \u0111\u1ed9ng, m\u00e0n h\u00ecnh ch\u1ea1m, m\u00e1y t\u00ednh b\u1ea3ng, laptop, mini PC v\u00e0 thi\u1ebft b\u1ecb \u0111eo c\u00f3 th\u1ec3 \u0111\u01b0\u1ee3c t\u00f9y ch\u1ec9nh \u0111\u1ec3 ph\u00f9 h\u1ee3p v\u1edbi y\u00eau c\u1ea7u c\u1ee5 th\u1ec3 c\u1ee7a b\u1ea1n. D\u1ecbch v\u1ee5 OEM\/ODM linh ho\u1ea1t c\u1ee7a ch\u00fang t\u00f4i c\u00f3 ngh\u0129a l\u00e0 t\u1ea7m nh\u00ecn c\u1ee7a b\u1ea1n c\u00f3 th\u1ec3 tr\u1edf th\u00e0nh hi\u1ec7n th\u1ef1c, v\u1edbi c\u00e1c gi\u1ea3i ph\u00e1p c\u00f4ng ngh\u1ec7 \u0111\u01b0\u1ee3c thi\u1ebft k\u1ebf \u0111\u1eb7c bi\u1ec7t cho b\u1ea1n.<\/p><p><strong>8. B\u1ea3o \u0111\u1ea3m Ch\u1ea5t l\u01b0\u1ee3ng<\/strong><\/p><p>9. Ch\u1ea5t l\u01b0\u1ee3ng kh\u00f4ng ch\u1ec9 l\u00e0 m\u1ee5c ti\u00eau; \u0111\u00f3 l\u00e0 m\u1ed9t l\u1eddi h\u1ee9a. T\u1ea1i Lynnhan, m\u1ed7i s\u1ea3n ph\u1ea9m \u0111\u1ec1u tr\u1ea3i qua qu\u00e1 tr\u00ecnh ki\u1ec3m tra v\u00e0 ki\u1ec3m so\u00e1t ch\u1ea5t l\u01b0\u1ee3ng nghi\u00eam ng\u1eb7t \u0111\u1ec3 \u0111\u1ea3m b\u1ea3o n\u00f3 \u0111\u1ea1t ti\u00eau chu\u1ea9n cao c\u1ee7a ch\u00fang t\u00f4i. Ch\u00fang t\u00f4i ch\u1ec9 s\u1eed d\u1ee5ng v\u1eadt li\u1ec7u t\u1ed1t nh\u1ea5t v\u00e0 c\u00e1c k\u1ef9 thu\u1eadt s\u1ea3n xu\u1ea5t ti\u00ean ti\u1ebfn nh\u1ea5t \u0111\u1ec3 \u0111\u1ea3m b\u1ea3o \u0111\u1ed9 tin c\u1eady v\u00e0 b\u1ec1n b\u1ec9. Khi b\u1ea1n \u0111\u1ea7u t\u01b0 v\u00e0o c\u00f4ng ngh\u1ec7 Lynnhan, b\u1ea1n \u0111ang \u0111\u1ea7u t\u01b0 v\u00e0o ch\u1ea5t l\u01b0\u1ee3ng b\u1ec1n v\u1eefng.<\/p><p><strong>10. B\u1ec1n v\u1eefng v\u00e0 Tr\u00e1ch nhi\u1ec7m<\/strong><\/p><p>11. Khi ch\u00fang t\u00f4i ti\u1ebfp t\u1ee5c ti\u1ebfn l\u00ean ph\u00eda tr\u01b0\u1edbc v\u00e0o t\u01b0\u01a1ng lai, Lynnhan v\u1eabn cam k\u1ebft v\u1edbi b\u1ec1n v\u1eefng v\u00e0 th\u1ef1c h\u00e0nh \u0111\u1ea1o \u0111\u1ee9c. Ch\u00fang t\u00f4i kh\u00f4ng ng\u1eebng t\u00ecm ki\u1ebfm c\u00e1ch gi\u1ea3m thi\u1ec3u t\u00e1c \u0111\u1ed9ng m\u00f4i tr\u01b0\u1eddng v\u00e0 ph\u00e1t tri\u1ec3n s\u1ea3n ph\u1ea9m kh\u00f4ng ch\u1ec9 s\u00e1ng t\u1ea1o m\u00e0 c\u00f2n th\u00e2n thi\u1ec7n v\u1edbi m\u00f4i tr\u01b0\u1eddng. H\u1ee3p t\u00e1c v\u1edbi Lynnhan c\u00f3 ngh\u0129a l\u00e0 h\u1ed7 tr\u1ee3 m\u1ed9t c\u00f4ng ty quan t\u00e2m \u0111\u1ebfn h\u00e0nh tinh nh\u01b0 b\u1ea1n nhi\u1ec1u nh\u01b0 b\u1ea1n.<\/p><p><strong>12. H\u1ed7 tr\u1ee3 Kh\u00e1ch h\u00e0ng Xu\u1ea5t s\u1eafc<\/strong><\/p><p>13. M\u1ed1i quan h\u1ec7 c\u1ee7a ch\u00fang t\u00f4i v\u1edbi kh\u00e1ch h\u00e0ng kh\u00f4ng k\u1ebft th\u00fac v\u1edbi m\u1ed9t l\u1ea7n b\u00e1n h\u00e0ng. Lynnhan cung c\u1ea5p h\u1ed7 tr\u1ee3 kh\u00e1ch h\u00e0ng to\u00e0n di\u1ec7n, t\u1eeb t\u01b0 v\u1ea5n ban \u0111\u1ea7u v\u00e0 c\u00e0i \u0111\u1eb7t \u0111\u1ebfn h\u1ed7 tr\u1ee3 k\u1ef9 thu\u1eadt v\u00e0 \u0111\u00e0o t\u1ea1o li\u00ean t\u1ee5c. \u0110\u1ed9i ng\u0169 c\u1ee7a ch\u00fang t\u00f4i lu\u00f4n s\u1eb5n s\u00e0ng gi\u00fap b\u1ea1n t\u1ed1i \u01b0u h\u00f3a c\u00e1c gi\u1ea3i ph\u00e1p Lynnhan c\u1ee7a b\u1ea1n, \u0111\u1ea3m b\u1ea3o tr\u1ea3i nghi\u1ec7m c\u1ee7a b\u1ea1n su\u00f4n s\u1ebb v\u00e0 h\u00e0i l\u00f2ng.<\/p><p><strong>14. T\u1ea7m Nh\u00ecn To\u00e0n C\u1ea7u, Tact Touch<\/strong><\/p><p>15. T\u1ea7m hi\u1ec7n di\u1ec7n to\u00e0n c\u1ea7u c\u1ee7a Lynnhan kh\u00f4ng ph\u1ea3i tr\u1ea3 gi\u00e1 b\u1eb1ng d\u1ecbch v\u1ee5 c\u00e1 nh\u00e2n h\u00f3a. Ch\u00fang t\u00f4i tr\u00e2n tr\u1ecdng kh\u00e1ch h\u00e0ng \u0111\u1ecba ph\u01b0\u01a1ng v\u00e0 n\u1ed7 l\u1ef1c hi\u1ec3u v\u00e0 \u0111\u00e1p \u1ee9ng nhu c\u1ea7u c\u1ee7a h\u1ecd v\u1edbi s\u1ef1 t\u1eadn t\u1ee5y v\u00e0 ch\u0103m s\u00f3c nh\u01b0 kh\u00e1ch h\u00e0ng qu\u1ed1c t\u1ebf. D\u00f9 b\u1ea1n \u0111ang \u1edf \u0111\u00e2u, Lynnhan lu\u00f4n s\u1eb5n s\u00e0ng h\u1ed7 tr\u1ee3 b\u1ea1n.<\/p><p><strong>16. \u0110\u1ea7u T\u01b0 V\u00e0o Th\u00e0nh C\u00f4ng C\u1ee7a B\u1ea1n<\/strong><\/p><p>17. T\u1ea1i Lynnhan, th\u00e0nh c\u00f4ng c\u1ee7a b\u1ea1n l\u00e0 th\u00e0nh c\u00f4ng c\u1ee7a ch\u00fang t\u00f4i. Ch\u00fang t\u00f4i kh\u00f4ng ch\u1ec9 b\u00e1n s\u1ea3n ph\u1ea9m; ch\u00fang t\u00f4i cung c\u1ea5p c\u00e1c gi\u1ea3i ph\u00e1p th\u00fac \u0111\u1ea9y t\u0103ng tr\u01b0\u1edfng, c\u1ea3i thi\u1ec7n s\u1ea3n xu\u1ea5t v\u00e0 n\u00e2ng cao cu\u1ed9c s\u1ed1ng. Cam k\u1ebft c\u1ee7a ch\u00fang t\u00f4i \u0111\u1ed1i v\u1edbi s\u1ef1 s\u00e1ng t\u1ea1o, ch\u1ea5t l\u01b0\u1ee3ng v\u00e0 s\u1ef1 h\u00e0i l\u00f2ng c\u1ee7a kh\u00e1ch h\u00e0ng l\u00e0 kh\u00f4ng thay \u0111\u1ed5i v\u00ec ch\u00fang t\u00f4i tin v\u00e0o vi\u1ec7c x\u00e2y d\u1ef1ng c\u00e1c m\u1ed1i quan h\u1ec7 \u0111\u1ed1i t\u00e1c d\u00e0i h\u1ea1n v\u1edbi kh\u00e1ch h\u00e0ng.<\/p><p><strong>18. Ch\u1ecdn Lynnhan: N\u01a1i S\u00e1ng t\u1ea1o G\u1eb7p \u0110\u1ed9 Tin C\u1eady<\/strong><\/p><p>19. Khi b\u1ea1n ch\u1ecdn Lynnhan, b\u1ea1n \u0111ang ch\u1ecdn m\u1ed9t \u0111\u1ed1i t\u00e1c cam k\u1ebft th\u00e0nh c\u00f4ng c\u1ee7a b\u1ea1n. V\u1edbi c\u00e1c gi\u1ea3i ph\u00e1p s\u00e1ng t\u1ea1o, c\u00e1ch ti\u1ebfp c\u1eadn t\u00f9y ch\u1ec9nh, cam k\u1ebft ch\u1ea5t l\u01b0\u1ee3ng v\u00e0 h\u1ed7 tr\u1ee3 xu\u1ea5t s\u1eafc, ch\u00fang t\u00f4i s\u1eb5n s\u00e0ng gi\u00fap b\u1ea1n \u0111\u1ed1i m\u1eb7t v\u1edbi c\u00e1c th\u00e1ch th\u1ee9c<\/p><p>Discover the Lynnhan difference. Let\u2019s innovate together.<\/p>\t\t\t\t\t\t\t\t<\/div>\n\t\t\t\t<\/div>\n\t\t\t\t\t<\/div>\n\t\t\t\t<\/div>\n\t\t\t\t<\/div>","protected":false},"excerpt":{"rendered":"<p>Why Lynnhan: Your Partner in Smart Technology Solutions Innovative Solutions for Modern Challenges In a world where technology evolves at lightning speed, Lynnhan stands out as a beacon of innovation [\u2026]<\/p>","protected":false},"author":1,"featured_media":0,"parent":0,"menu_order":0,"comment_status":"closed","ping_status":"closed","template":"","meta":{"footnotes":""},"class_list":["post-517","page","type-page","status-publish","hentry"],"yoast_head":"<!-- This site is optimized with the Yoast SEO plugin v26.6 - https:\/\/yoast.com\/wordpress\/plugins\/seo\/ -->\n<title>Why Lynnhan ? Smart Tech, Smart Touch<\/title>\n<meta name=\"description\" content=\"Experience the LynnHan difference. From innovative products to dedicated support, see why we exceed expectations.\" \/>\n<meta name=\"robots\" content=\"index, follow, max-snippet:-1, max-image-preview:large, max-video-preview:-1\" \/>\n<link rel=\"canonical\" href=\"https:\/\/lynnhan.com\/vi\/tai-sao-lynnhan\/\" \/>\n<meta property=\"og:locale\" content=\"vi_VN\" \/>\n<meta property=\"og:type\" content=\"article\" \/>\n<meta property=\"og:title\" content=\"Why Lynnhan ? Smart Tech, Smart Touch\" \/>\n<meta property=\"og:description\" content=\"Experience the LynnHan difference. From innovative products to dedicated support, see why we exceed expectations.\" \/>\n<meta property=\"og:url\" content=\"https:\/\/lynnhan.com\/vi\/tai-sao-lynnhan\/\" \/>\n<meta property=\"og:site_name\" content=\"Lynnhan - Trusted Supplier | LED\/OLED\/LCD\/E-paper digital signages\" \/>\n<meta property=\"article:modified_time\" content=\"2024-12-24T08:39:31+00:00\" \/>\n<meta property=\"og:image\" content=\"https:\/\/pub-78925c7bf9ca4c6d820df8293a5c116c.r2.dev\/2024\/12\/Why-Lynnhan.webp\" \/>\n<meta name=\"twitter:card\" content=\"summary_large_image\" \/>\n<meta name=\"twitter:label1\" content=\"\u01af\u1edbc t\u00ednh th\u1eddi gian \u0111\u1ecdc\" \/>\n\t<meta name=\"twitter:data1\" content=\"3 ph\u00fat\" \/>\n<script type=\"application\/ld+json\" class=\"yoast-schema-graph\">{\"@context\":\"https:\/\/schema.org\",\"@graph\":[{\"@type\":\"WebPage\",\"@id\":\"https:\/\/lynnhan.com\/why-lynnhan\/\",\"url\":\"https:\/\/lynnhan.com\/why-lynnhan\/\",\"name\":\"Why Lynnhan ? Smart Tech, Smart Touch\",\"isPartOf\":{\"@id\":\"https:\/\/lynnhan.com\/km\/#website\"},\"primaryImageOfPage\":{\"@id\":\"https:\/\/lynnhan.com\/why-lynnhan\/#primaryimage\"},\"image\":{\"@id\":\"https:\/\/lynnhan.com\/why-lynnhan\/#primaryimage\"},\"thumbnailUrl\":\"https:\/\/pub-78925c7bf9ca4c6d820df8293a5c116c.r2.dev\/2024\/12\/Why-Lynnhan.webp\",\"datePublished\":\"2024-02-27T08:02:52+00:00\",\"dateModified\":\"2024-12-24T08:39:31+00:00\",\"description\":\"Experience the LynnHan difference. From innovative products to dedicated support, see why we exceed expectations.\",\"breadcrumb\":{\"@id\":\"https:\/\/lynnhan.com\/why-lynnhan\/#breadcrumb\"},\"inLanguage\":\"vi\",\"potentialAction\":[{\"@type\":\"ReadAction\",\"target\":[\"https:\/\/lynnhan.com\/why-lynnhan\/\"]}]},{\"@type\":\"ImageObject\",\"inLanguage\":\"vi\",\"@id\":\"https:\/\/lynnhan.com\/why-lynnhan\/#primaryimage\",\"url\":\"https:\/\/pub-78925c7bf9ca4c6d820df8293a5c116c.r2.dev\/2024\/12\/Why-Lynnhan.webp\",\"contentUrl\":\"https:\/\/pub-78925c7bf9ca4c6d820df8293a5c116c.r2.dev\/2024\/12\/Why-Lynnhan.webp\"},{\"@type\":\"BreadcrumbList\",\"@id\":\"https:\/\/lynnhan.com\/why-lynnhan\/#breadcrumb\",\"itemListElement\":[{\"@type\":\"ListItem\",\"position\":1,\"name\":\"Home\",\"item\":\"https:\/\/lynnhan.com\/\"},{\"@type\":\"ListItem\",\"position\":2,\"name\":\"Why Lynnhan\"}]},{\"@type\":\"WebSite\",\"@id\":\"https:\/\/lynnhan.com\/km\/#website\",\"url\":\"https:\/\/lynnhan.com\/km\/\",\"name\":\"Lynnhan - Trusted Supplier | LED\/OLED\/LCD\/E-paper digital signages\",\"description\":\"Lynnhan - Trusted Supplier |  LED\/OLED\/LCD\/E-paper digital signages\",\"publisher\":{\"@id\":\"https:\/\/lynnhan.com\/km\/#organization\"},\"potentialAction\":[{\"@type\":\"SearchAction\",\"target\":{\"@type\":\"EntryPoint\",\"urlTemplate\":\"https:\/\/lynnhan.com\/km\/?s={search_term_string}\"},\"query-input\":{\"@type\":\"PropertyValueSpecification\",\"valueRequired\":true,\"valueName\":\"search_term_string\"}}],\"inLanguage\":\"vi\"},{\"@type\":\"Organization\",\"@id\":\"https:\/\/lynnhan.com\/km\/#organization\",\"name\":\"Lynnhan - Trusted Supplier | LED\/OLED\/LCD\/E-paper digital signages\",\"url\":\"https:\/\/lynnhan.com\/km\/\",\"logo\":{\"@type\":\"ImageObject\",\"inLanguage\":\"vi\",\"@id\":\"https:\/\/lynnhan.com\/km\/#\/schema\/logo\/image\/\",\"url\":\"https:\/\/pub-78925c7bf9ca4c6d820df8293a5c116c.r2.dev\/2024\/07\/LynnHan-logo3.png\",\"contentUrl\":\"https:\/\/pub-78925c7bf9ca4c6d820df8293a5c116c.r2.dev\/2024\/07\/LynnHan-logo3.png\",\"width\":390,\"height\":130,\"caption\":\"Lynnhan - Trusted Supplier | LED\/OLED\/LCD\/E-paper digital signages\"},\"image\":{\"@id\":\"https:\/\/lynnhan.com\/km\/#\/schema\/logo\/image\/\"}}]}<\/script>\n<!-- \/ Yoast SEO plugin. -->","yoast_head_json":{"title":"T\u1ea1i sao Lynnhan ? C\u00f4ng ngh\u1ec7 th\u00f4ng minh, Ch\u1ea1m th\u00f4ng minh","description":"Kinh nghi\u1ec7m s\u1ef1 kh\u00e1c bi\u1ec7t c\u1ee7a LynnHan. T\u1eeb s\u1ea3n ph\u1ea9m s\u00e1ng t\u1ea1o \u0111\u1ebfn h\u1ed7 tr\u1ee3 chuy\u00ean nghi\u1ec7p, h\u00e3y xem l\u00fd do t\u1ea1i sao ch\u00fang t\u00f4i v\u01b0\u1ee3t qua k\u1ef3 v\u1ecdng.","robots":{"index":"index","follow":"follow","max-snippet":"max-snippet:-1","max-image-preview":"max-image-preview:large","max-video-preview":"max-video-preview:-1"},"canonical":"https:\/\/lynnhan.com\/vi\/tai-sao-lynnhan\/","og_locale":"vi_VN","og_type":"article","og_title":"Why Lynnhan ? Smart Tech, Smart Touch","og_description":"Experience the LynnHan difference. From innovative products to dedicated support, see why we exceed expectations.","og_url":"https:\/\/lynnhan.com\/vi\/tai-sao-lynnhan\/","og_site_name":"Lynnhan - Trusted Supplier | LED\/OLED\/LCD\/E-paper digital signages","article_modified_time":"2024-12-24T08:39:31+00:00","og_image":[{"url":"https:\/\/pub-78925c7bf9ca4c6d820df8293a5c116c.r2.dev\/2024\/12\/Why-Lynnhan.webp","type":"","width":"","height":""}],"twitter_card":"summary_large_image","twitter_misc":{"\u01af\u1edbc t\u00ednh th\u1eddi gian \u0111\u1ecdc":"3 ph\u00fat"},"schema":{"@context":"https:\/\/schema.org","@graph":[{"@type":"WebPage","@id":"https:\/\/lynnhan.com\/why-lynnhan\/","url":"https:\/\/lynnhan.com\/why-lynnhan\/","name":"T\u1ea1i sao Lynnhan ? C\u00f4ng ngh\u1ec7 th\u00f4ng minh, Ch\u1ea1m th\u00f4ng minh","isPartOf":{"@id":"https:\/\/lynnhan.com\/km\/#website"},"primaryImageOfPage":{"@id":"https:\/\/lynnhan.com\/why-lynnhan\/#primaryimage"},"image":{"@id":"https:\/\/lynnhan.com\/why-lynnhan\/#primaryimage"},"thumbnailUrl":"https:\/\/pub-78925c7bf9ca4c6d820df8293a5c116c.r2.dev\/2024\/12\/Why-Lynnhan.webp","datePublished":"2024-02-27T08:02:52+00:00","dateModified":"2024-12-24T08:39:31+00:00","description":"Kinh nghi\u1ec7m s\u1ef1 kh\u00e1c bi\u1ec7t c\u1ee7a LynnHan. T\u1eeb s\u1ea3n ph\u1ea9m s\u00e1ng t\u1ea1o \u0111\u1ebfn h\u1ed7 tr\u1ee3 chuy\u00ean nghi\u1ec7p, h\u00e3y xem l\u00fd do t\u1ea1i sao ch\u00fang t\u00f4i v\u01b0\u1ee3t qua k\u1ef3 v\u1ecdng.","breadcrumb":{"@id":"https:\/\/lynnhan.com\/why-lynnhan\/#breadcrumb"},"inLanguage":"vi","potentialAction":[{"@type":"ReadAction","target":["https:\/\/lynnhan.com\/why-lynnhan\/"]}]},{"@type":"ImageObject","inLanguage":"vi","@id":"https:\/\/lynnhan.com\/why-lynnhan\/#primaryimage","url":"https:\/\/pub-78925c7bf9ca4c6d820df8293a5c116c.r2.dev\/2024\/12\/Why-Lynnhan.webp","contentUrl":"https:\/\/pub-78925c7bf9ca4c6d820df8293a5c116c.r2.dev\/2024\/12\/Why-Lynnhan.webp"},{"@type":"BreadcrumbList","@id":"https:\/\/lynnhan.com\/why-lynnhan\/#breadcrumb","itemListElement":[{"@type":"ListItem","position":1,"name":"Home","item":"https:\/\/lynnhan.com\/"},{"@type":"ListItem","position":2,"name":"Why Lynnhan"}]},{"@type":"WebSite","@id":"https:\/\/lynnhan.com\/km\/#website","url":"https:\/\/lynnhan.com\/km\/","name":"Lynnhan - Nh\u00e0 cung c\u1ea5p \u0111\u00e1ng tin c\u1eady | \u0110signage s\u1ed1 LED\/OLED\/LCD\/E-paper","description":"Lynnhan - Nh\u00e0 cung c\u1ea5p tin c\u1eady |  \u0110\u00e8n LED\/OLED\/LCD\/E-paper b\u1ea3ng qu\u1ea3ng c\u00e1o s\u1ed1 h\u00f3a","publisher":{"@id":"https:\/\/lynnhan.com\/km\/#organization"},"potentialAction":[{"@type":"SearchAction","target":{"@type":"EntryPoint","urlTemplate":"https:\/\/lynnhan.com\/km\/?s={search_term_string}"},"query-input":{"@type":"PropertyValueSpecification","valueRequired":true,"valueName":"search_term_string"}}],"inLanguage":"vi"},{"@type":"Organization","@id":"https:\/\/lynnhan.com\/km\/#organization","name":"Lynnhan - Nh\u00e0 cung c\u1ea5p \u0111\u00e1ng tin c\u1eady | \u0110signage s\u1ed1 LED\/OLED\/LCD\/E-paper","url":"https:\/\/lynnhan.com\/km\/","logo":{"@type":"ImageObject","inLanguage":"vi","@id":"https:\/\/lynnhan.com\/km\/#\/schema\/logo\/image\/","url":"https:\/\/pub-78925c7bf9ca4c6d820df8293a5c116c.r2.dev\/2024\/07\/LynnHan-logo3.png","contentUrl":"https:\/\/pub-78925c7bf9ca4c6d820df8293a5c116c.r2.dev\/2024\/07\/LynnHan-logo3.png","width":390,"height":130,"caption":"Lynnhan - Trusted Supplier | LED\/OLED\/LCD\/E-paper digital signages"},"image":{"@id":"https:\/\/lynnhan.com\/km\/#\/schema\/logo\/image\/"}}]}},"jetpack_sharing_enabled":true,"_links":{"self":[{"href":"https:\/\/lynnhan.com\/vi\/wp-json\/wp\/v2\/pages\/517","targetHints":{"allow":["GET"]}}],"collection":[{"href":"https:\/\/lynnhan.com\/vi\/wp-json\/wp\/v2\/pages"}],"about":[{"href":"https:\/\/lynnhan.com\/vi\/wp-json\/wp\/v2\/types\/page"}],"author":[{"embeddable":true,"href":"https:\/\/lynnhan.com\/vi\/wp-json\/wp\/v2\/users\/1"}],"replies":[{"embeddable":true,"href":"https:\/\/lynnhan.com\/vi\/wp-json\/wp\/v2\/comments?post=517"}],"version-history":[{"count":0,"href":"https:\/\/lynnhan.com\/vi\/wp-json\/wp\/v2\/pages\/517\/revisions"}],"wp:attachment":[{"href":"https:\/\/lynnhan.com\/vi\/wp-json\/wp\/v2\/media?parent=517"}],"curies":[{"name":"wp","href":"https:\/\/api.w.org\/{rel}","templated":true}]}}