{"id":488,"date":"2024-02-26T13:50:42","date_gmt":"2024-02-26T13:50:42","guid":{"rendered":"https:\/\/lynnhan.com\/?page_id=488"},"modified":"2025-02-12T14:58:52","modified_gmt":"2025-02-12T14:58:52","slug":"oem-odm","status":"publish","type":"page","link":"https:\/\/lynnhan.com\/vi\/oem-odm\/","title":{"rendered":"OEM\/ODM"},"content":{"rendered":"<div data-elementor-type=\"wp-page\" data-elementor-id=\"488\" class=\"elementor elementor-488\" data-elementor-post-type=\"page\">\n\t\t\t\t<div class=\"elementor-element elementor-element-dd1a2fb e-flex e-con-boxed e-con e-parent\" data-id=\"dd1a2fb\" data-element_type=\"container\">\n\t\t\t\t\t<div class=\"e-con-inner\">\n\t\t\t\t<div class=\"elementor-element elementor-element-712df76 elementor-widget elementor-widget-image\" data-id=\"712df76\" data-element_type=\"widget\" data-widget_type=\"image.default\">\n\t\t\t\t<div class=\"elementor-widget-container\">\n\t\t\t\t\t\t\t\t\t\t\t\t\t\t\t<img fetchpriority=\"high\" decoding=\"async\" width=\"1536\" height=\"768\" src=\"https:\/\/pub-78925c7bf9ca4c6d820df8293a5c116c.r2.dev\/2024\/12\/OEM.webp\" class=\"attachment-full size-full wp-image-3273\" alt=\"T\u1ea5t c\u1ea3 trong m\u1ed9t LED OEM\/ODM\" srcset=\"https:\/\/pub-78925c7bf9ca4c6d820df8293a5c116c.r2.dev\/2024\/12\/OEM.webp 1536w, https:\/\/pub-78925c7bf9ca4c6d820df8293a5c116c.r2.dev\/2024\/12\/OEM-700x350.webp 700w, https:\/\/pub-78925c7bf9ca4c6d820df8293a5c116c.r2.dev\/2024\/12\/OEM-1024x512.webp 1024w, https:\/\/pub-78925c7bf9ca4c6d820df8293a5c116c.r2.dev\/2024\/12\/OEM-768x384.webp 768w, https:\/\/pub-78925c7bf9ca4c6d820df8293a5c116c.r2.dev\/2024\/12\/OEM-18x9.webp 18w, https:\/\/pub-78925c7bf9ca4c6d820df8293a5c116c.r2.dev\/2024\/12\/OEM-1140x570.webp 1140w, https:\/\/pub-78925c7bf9ca4c6d820df8293a5c116c.r2.dev\/2024\/12\/OEM-920x460.webp 920w, https:\/\/pub-78925c7bf9ca4c6d820df8293a5c116c.r2.dev\/2024\/12\/OEM-575x288.webp 575w, https:\/\/pub-78925c7bf9ca4c6d820df8293a5c116c.r2.dev\/2024\/12\/OEM-380x190.webp 380w, https:\/\/pub-78925c7bf9ca4c6d820df8293a5c116c.r2.dev\/2024\/12\/OEM-1320x660.webp 1320w, https:\/\/pub-78925c7bf9ca4c6d820df8293a5c116c.r2.dev\/2024\/12\/OEM-800x400.webp 800w\" sizes=\"(max-width: 1536px) 100vw, 1536px\" \/>\t\t\t\t\t\t\t\t\t\t\t\t\t\t\t<\/div>\n\t\t\t\t<\/div>\n\t\t\t\t\t<\/div>\n\t\t\t\t<\/div>\n\t\t<div class=\"elementor-element elementor-element-d08357e e-flex e-con-boxed e-con e-parent\" data-id=\"d08357e\" data-element_type=\"container\">\n\t\t\t\t\t<div class=\"e-con-inner\">\n\t\t\t\t<div class=\"elementor-element elementor-element-c08653a elementor-widget elementor-widget-text-editor\" data-id=\"c08653a\" data-element_type=\"widget\" data-widget_type=\"text-editor.default\">\n\t\t\t\t<div class=\"elementor-widget-container\">\n\t\t\t\t\t\t\t\t\t<p><strong>2. Gi\u1edbi thi\u1ec7u<\/strong><br \/>All In One LED OEM\/ODM<\/p><article data-content=\"[{&quot;type&quot;:&quot;block&quot;,&quot;id&quot;:&quot;YAEu-1734512910116&quot;,&quot;name&quot;:&quot;heading&quot;,&quot;data&quot;:{&quot;level&quot;:&quot;h4&quot;,&quot;style&quot;:{},&quot;version&quot;:1},&quot;nodes&quot;:[{&quot;type&quot;:&quot;text&quot;,&quot;id&quot;:&quot;ZRIf-1734512910115&quot;,&quot;leaves&quot;:[{&quot;text&quot;:&quot;Our\u00a0OEM\/ODM\u00a0Services\u00a0Include:&quot;,&quot;marks&quot;:[{&quot;type&quot;:&quot;bold&quot;}]}]}],&quot;state&quot;:{}},{&quot;type&quot;:&quot;block&quot;,&quot;id&quot;:&quot;Ow4S-1734512910454&quot;,&quot;name&quot;:&quot;list-item&quot;,&quot;data&quot;:{&quot;listId&quot;:&quot;m1A3-1734512910477&quot;,&quot;listLevel&quot;:1,&quot;listType&quot;:&quot;unordered&quot;,&quot;style&quot;:{},&quot;version&quot;:1},&quot;nodes&quot;:[{&quot;type&quot;:&quot;text&quot;,&quot;id&quot;:&quot;5NBx-1734512910453&quot;,&quot;leaves&quot;:[{&quot;text&quot;:&quot;Custom\u00a0Product\u00a0Design:&quot;,&quot;marks&quot;:[]}]}],&quot;state&quot;:{&quot;index&quot;:1}},{&quot;type&quot;:&quot;block&quot;,&quot;id&quot;:&quot;sLcA-1734512910458&quot;,&quot;name&quot;:&quot;paragraph&quot;,&quot;data&quot;:{&quot;style&quot;:{},&quot;version&quot;:1},&quot;nodes&quot;:[{&quot;type&quot;:&quot;text&quot;,&quot;id&quot;:&quot;i0uu-1734512910457&quot;,&quot;leaves&quot;:[{&quot;text&quot;:&quot;We\u00a0work\u00a0closely\u00a0with\u00a0you\u00a0to\u00a0design\u00a0LED\u00a0display\u00a0solutions\u00a0that\u00a0reflect\u00a0your\u00a0brand\u2019s\u00a0vision,\u00a0ensuring\u00a0that\u00a0each\u00a0product\u00a0is\u00a0crafted\u00a0to\u00a0your\u00a0specifications.\u00a0Whether\u00a0it's\u00a0the\u00a0&quot;,&quot;marks&quot;:[]},{&quot;text&quot;:&quot;design\u00a0aesthetics&quot;,&quot;marks&quot;:[{&quot;type&quot;:&quot;bold&quot;}]},{&quot;text&quot;:&quot;\u00a0or\u00a0the\u00a0&quot;,&quot;marks&quot;:[]},{&quot;text&quot;:&quot;functional\u00a0features&quot;,&quot;marks&quot;:[{&quot;type&quot;:&quot;bold&quot;}]},{&quot;text&quot;:&quot;,\u00a0we\u00a0offer\u00a0full\u00a0customization\u00a0to\u00a0meet\u00a0your\u00a0requirements.&quot;,&quot;marks&quot;:[]}]}],&quot;state&quot;:{}},{&quot;type&quot;:&quot;block&quot;,&quot;id&quot;:&quot;3bPh-1734512910460&quot;,&quot;name&quot;:&quot;list-item&quot;,&quot;data&quot;:{&quot;listId&quot;:&quot;m1A3-1734512910477&quot;,&quot;listLevel&quot;:1,&quot;listType&quot;:&quot;unordered&quot;,&quot;style&quot;:{},&quot;version&quot;:1},&quot;nodes&quot;:[{&quot;type&quot;:&quot;text&quot;,&quot;id&quot;:&quot;G70j-1734512910459&quot;,&quot;leaves&quot;:[{&quot;text&quot;:&quot;Tailored\u00a0Technology\u00a0Integration:&quot;,&quot;marks&quot;:[]}]}],&quot;state&quot;:{&quot;index&quot;:2}},{&quot;type&quot;:&quot;block&quot;,&quot;id&quot;:&quot;wZOR-1734512910464&quot;,&quot;name&quot;:&quot;paragraph&quot;,&quot;data&quot;:{&quot;style&quot;:{},&quot;version&quot;:1},&quot;nodes&quot;:[{&quot;type&quot;:&quot;text&quot;,&quot;id&quot;:&quot;YnQc-1734512910463&quot;,&quot;leaves&quot;:[{&quot;text&quot;:&quot;We\u00a0integrate\u00a0the\u00a0latest\u00a0advancements\u00a0into\u00a0your\u00a0displays.\u00a0Our\u00a0team\u00a0ensures\u00a0seamless\u00a0compatibility\u00a0with\u00a0your\u00a0brand's\u00a0use\u00a0case,\u00a0whether\u00a0it\u2019s\u00a0for\u00a0&quot;,&quot;marks&quot;:[]},{&quot;text&quot;:&quot;digital\u00a0signage&quot;,&quot;marks&quot;:[{&quot;type&quot;:&quot;bold&quot;}]},{&quot;text&quot;:&quot;,\u00a0&quot;,&quot;marks&quot;:[]},{&quot;text&quot;:&quot;corporate\u00a0environments&quot;,&quot;marks&quot;:[{&quot;type&quot;:&quot;bold&quot;}]},{&quot;text&quot;:&quot;,\u00a0or\u00a0&quot;,&quot;marks&quot;:[]},{&quot;text&quot;:&quot;home\u00a0entertainment&quot;,&quot;marks&quot;:[{&quot;type&quot;:&quot;bold&quot;}]},{&quot;text&quot;:&quot;.&quot;,&quot;marks&quot;:[]}]}],&quot;state&quot;:{}},{&quot;type&quot;:&quot;block&quot;,&quot;id&quot;:&quot;W5JU-1734512910466&quot;,&quot;name&quot;:&quot;list-item&quot;,&quot;data&quot;:{&quot;listId&quot;:&quot;m1A3-1734512910477&quot;,&quot;listLevel&quot;:1,&quot;listType&quot;:&quot;unordered&quot;,&quot;style&quot;:{},&quot;version&quot;:1},&quot;nodes&quot;:[{&quot;type&quot;:&quot;text&quot;,&quot;id&quot;:&quot;aybS-1734512910465&quot;,&quot;leaves&quot;:[{&quot;text&quot;:&quot;End-to-End\u00a0Support:&quot;,&quot;marks&quot;:[]}]}],&quot;state&quot;:{&quot;index&quot;:3}},{&quot;type&quot;:&quot;block&quot;,&quot;id&quot;:&quot;sz53-1734512910470&quot;,&quot;name&quot;:&quot;paragraph&quot;,&quot;data&quot;:{&quot;style&quot;:{},&quot;version&quot;:1},&quot;nodes&quot;:[{&quot;type&quot;:&quot;text&quot;,&quot;id&quot;:&quot;IJEZ-1734512910469&quot;,&quot;leaves&quot;:[{&quot;text&quot;:&quot;We\u00a0handle\u00a0everything\u00a0from\u00a0&quot;,&quot;marks&quot;:[]},{&quot;text&quot;:&quot;product\u00a0development&quot;,&quot;marks&quot;:[{&quot;type&quot;:&quot;bold&quot;}]},{&quot;text&quot;:&quot;,\u00a0&quot;,&quot;marks&quot;:[]},{&quot;text&quot;:&quot;prototyping&quot;,&quot;marks&quot;:[{&quot;type&quot;:&quot;bold&quot;}]},{&quot;text&quot;:&quot;,\u00a0&quot;,&quot;marks&quot;:[]},{&quot;text&quot;:&quot;manufacturing&quot;,&quot;marks&quot;:[{&quot;type&quot;:&quot;bold&quot;}]},{&quot;text&quot;:&quot;,\u00a0to\u00a0&quot;,&quot;marks&quot;:[]},{&quot;text&quot;:&quot;quality\u00a0control&quot;,&quot;marks&quot;:[{&quot;type&quot;:&quot;bold&quot;}]},{&quot;text&quot;:&quot;,\u00a0ensuring\u00a0that\u00a0each\u00a0LED\u00a0display\u00a0meets\u00a0our\u00a0high\u00a0standards.\u00a0Our\u00a0dedicated\u00a0support\u00a0team\u00a0is\u00a0here\u00a0to\u00a0assist\u00a0throughout\u00a0the\u00a0entire\u00a0process,\u00a0ensuring\u00a0smooth\u00a0project\u00a0execution.&quot;,&quot;marks&quot;:[]}]}],&quot;state&quot;:{}},{&quot;type&quot;:&quot;block&quot;,&quot;id&quot;:&quot;dAEV-1734512910472&quot;,&quot;name&quot;:&quot;list-item&quot;,&quot;data&quot;:{&quot;listId&quot;:&quot;m1A3-1734512910477&quot;,&quot;listLevel&quot;:1,&quot;listType&quot;:&quot;unordered&quot;,&quot;style&quot;:{},&quot;version&quot;:1},&quot;nodes&quot;:[{&quot;type&quot;:&quot;text&quot;,&quot;id&quot;:&quot;FTXv-1734512910471&quot;,&quot;leaves&quot;:[{&quot;text&quot;:&quot;Global\u00a0Logistics\u00a0&amp;\u00a0Delivery:&quot;,&quot;marks&quot;:[]}]}],&quot;state&quot;:{&quot;index&quot;:4}},{&quot;type&quot;:&quot;block&quot;,&quot;id&quot;:&quot;wQfl-1734512910476&quot;,&quot;name&quot;:&quot;paragraph&quot;,&quot;data&quot;:{&quot;style&quot;:{},&quot;version&quot;:1},&quot;nodes&quot;:[{&quot;type&quot;:&quot;text&quot;,&quot;id&quot;:&quot;YHzv-1734512910475&quot;,&quot;leaves&quot;:[{&quot;text&quot;:&quot;With\u00a0a\u00a0global\u00a0network\u00a0of\u00a0partners\u00a0and\u00a0efficient\u00a0logistics\u00a0solutions,\u00a0we\u00a0deliver\u00a0your\u00a0custom\u00a0products\u00a0on\u00a0time\u00a0and\u00a0in\u00a0full,\u00a0wherever\u00a0you\u00a0are.&quot;,&quot;marks&quot;:[]}]}],&quot;state&quot;:{}}]\"><div id=\"7qwy-1734512988522\"><strong>C\u00e1c d\u1ecbch v\u1ee5 OEM\/ODM c\u1ee7a ch\u00fang t\u00f4i bao g\u1ed3m<\/strong>:<\/div><div><ul><li><strong>Thi\u1ebft k\u1ebf s\u1ea3n ph\u1ea9m t\u00f9y ch\u1ec9nh<\/strong>:<br \/>Ch\u00fang t\u00f4i l\u00e0m vi\u1ec7c ch\u1eb7t ch\u1ebd v\u1edbi b\u1ea1n \u0111\u1ec3 thi\u1ebft k\u1ebf c\u00e1c gi\u1ea3i ph\u00e1p m\u00e0n h\u00ecnh LED ph\u1ea3n \u00e1nh t\u1ea7m nh\u00ecn c\u1ee7a th\u01b0\u01a1ng hi\u1ec7u c\u1ee7a b\u1ea1n, \u0111\u1ea3m b\u1ea3o r\u1eb1ng m\u1ed7i s\u1ea3n ph\u1ea9m \u0111\u01b0\u1ee3c ch\u1ebf t\u00e1c theo y\u00eau c\u1ea7u c\u1ee7a b\u1ea1n. D\u00f9 l\u00e0 thi\u1ebft k\u1ebf m\u1ef9 thu\u1eadt hay c\u00e1c t\u00ednh n\u0103ng ch\u1ee9c n\u0103ng, ch\u00fang t\u00f4i cung c\u1ea5p t\u00f9y ch\u1ec9nh to\u00e0n di\u1ec7n \u0111\u1ec3 \u0111\u00e1p \u1ee9ng y\u00eau c\u1ea7u c\u1ee7a b\u1ea1n.<\/li><\/ul><\/div><div><ul><li><strong>T\u00edch h\u1ee3p c\u00f4ng ngh\u1ec7 t\u00f9y ch\u1ec9nh<\/strong>:<br \/>Ch\u00fang t\u00f4i t\u00edch h\u1ee3p nh\u1eefng ti\u1ebfn b\u1ed9 m\u1edbi nh\u1ea5t v\u00e0o m\u00e0n h\u00ecnh c\u1ee7a b\u1ea1n. \u0110\u1ed9i ng\u0169 c\u1ee7a ch\u00fang t\u00f4i \u0111\u1ea3m b\u1ea3o s\u1ef1 t\u01b0\u01a1ng th\u00edch m\u01b0\u1ee3t m\u00e0 v\u1edbi tr\u01b0\u1eddng h\u1ee3p s\u1eed d\u1ee5ng c\u1ee7a th\u01b0\u01a1ng hi\u1ec7u c\u1ee7a b\u1ea1n, b\u1ea5t k\u1ec3 l\u00e0 cho b\u1ea3ng qu\u1ea3ng c\u00e1o s\u1ed1, m\u00f4i tr\u01b0\u1eddng doanh nghi\u1ec7p ho\u1eb7c gi\u1ea3i tr\u00ed gia \u0111\u00ecnh.<\/li><\/ul><\/div><div><ul><li><strong>H\u1ed7 tr\u1ee3 t\u1eeb \u0111\u1ea7u \u0111\u1ebfn cu\u1ed1i<\/strong>:<br \/>Ch\u00fang t\u00f4i x\u1eed l\u00fd m\u1ecdi th\u1ee9 t\u1eeb ph\u00e1t tri\u1ec3n s\u1ea3n ph\u1ea9m, m\u1eabu th\u1eed, s\u1ea3n xu\u1ea5t \u0111\u1ebfn ki\u1ec3m so\u00e1t ch\u1ea5t l\u01b0\u1ee3ng, \u0111\u1ea3m b\u1ea3o r\u1eb1ng m\u1ed7i m\u00e0n h\u00ecnh LED \u0111\u00e1p \u1ee9ng c\u00e1c ti\u00eau chu\u1ea9n cao c\u1ee7a ch\u00fang t\u00f4i. \u0110\u1ed9i ng\u0169 h\u1ed7 tr\u1ee3 chuy\u00ean d\u1ee5ng c\u1ee7a ch\u00fang t\u00f4i lu\u00f4n s\u1eb5n s\u00e0ng h\u1ed7 tr\u1ee3 b\u1ea1n trong su\u1ed1t qu\u00e1 tr\u00ecnh, \u0111\u1ea3m b\u1ea3o vi\u1ec7c th\u1ef1c hi\u1ec7n d\u1ef1 \u00e1n su\u00f4n s\u1ebb.<\/li><\/ul><\/div><div><ul><li><strong>Logistics v\u00e0 Giao h\u00e0ng to\u00e0n c\u1ea7u<\/strong>:<br \/>V\u1edbi m\u1ea1ng l\u01b0\u1edbi \u0111\u1ed1i t\u00e1c to\u00e0n c\u1ea7u v\u00e0 c\u00e1c gi\u1ea3i ph\u00e1p logistics hi\u1ec7u qu\u1ea3, ch\u00fang t\u00f4i giao h\u00e0ng s\u1ea3n ph\u1ea9m t\u00f9y ch\u1ec9nh c\u1ee7a b\u1ea1n \u0111\u00fang h\u1ea1n v\u00e0 \u0111\u1ea7y \u0111\u1ee7, b\u1ea5t k\u1ec3 b\u1ea1n \u0111ang \u1edf \u0111\u00e2u.<\/li><\/ul><\/div><\/article><p><strong>T\u1ea1i sao ch\u1ecdn d\u1ecbch v\u1ee5 OEM\/ODM c\u1ee7a Lynnhan?<\/strong><\/p><ul><li><strong>Kinh nghi\u1ec7m v\u00e0 \u0110\u1ed5i m\u1edbi<\/strong>: V\u1edbi h\u01a1n m\u1ed9t th\u1eadp k\u1ef7 trong ng\u00e0nh c\u00f4ng ngh\u1ec7 th\u00f4ng minh, Lynnhan mang \u0111\u1ebfn m\u1ed9t kho ki\u1ebfn th\u1ee9c v\u00e0 v\u0103n h\u00f3a \u0111\u1ed5i m\u1edbi cho m\u1ed7i d\u1ef1 \u00e1n.<\/li><li><strong>8. B\u1ea3o \u0111\u1ea3m Ch\u1ea5t l\u01b0\u1ee3ng<\/strong>: S\u1ef1 cam k\u1ebft c\u1ee7a ch\u00fang t\u00f4i \u0111\u1ed1i v\u1edbi ch\u1ea5t l\u01b0\u1ee3ng r\u00f5 r\u00e0ng trong t\u1eebng s\u1ea3n ph\u1ea9m ch\u00fang t\u00f4i s\u1ea3n xu\u1ea5t. Ch\u00fang t\u00f4i tu\u00e2n th\u1ee7 c\u00e1c quy tr\u00ecnh ki\u1ec3m so\u00e1t ch\u1ea5t l\u01b0\u1ee3ng ch\u1eb7t ch\u1ebd \u0111\u1ec3 \u0111\u1ea3m b\u1ea3o m\u1ed7i s\u1ea3n ph\u1ea9m \u0111\u1ea1t ho\u1eb7c v\u01b0\u1ee3t qua c\u00e1c ti\u00eau chu\u1ea9n ng\u00e0nh.<\/li><li><strong>Gi\u1ea3i ph\u00e1p linh ho\u1ea1t<\/strong>: Hi\u1ec3u r\u1eb1ng m\u1ed7i kh\u00e1ch h\u00e0ng c\u00f3 nhu c\u1ea7u duy nh\u1ea5t, ch\u00fang t\u00f4i cung c\u1ea5p d\u1ecbch v\u1ee5 OEM\/ODM linh ho\u1ea1t \u0111\u01b0\u1ee3c thi\u1ebft k\u1ebf \u0111\u1ec3 \u0111\u00e1p \u1ee9ng c\u00e1c y\u00eau c\u1ea7u v\u00e0 ng\u00e2n s\u00e1ch kh\u00e1c nhau.<\/li><li><strong>Giao h\u00e0ng k\u1ecbp th\u1eddi<\/strong>: C\u00e1c quy tr\u00ecnh s\u1ea3n xu\u1ea5t hi\u1ec7u qu\u1ea3 v\u00e0 qu\u1ea3n l\u00fd chu\u1ed7i cung \u1ee9ng m\u1ea1nh m\u1ebd c\u1ee7a ch\u00fang t\u00f4i \u0111\u1ea3m b\u1ea3o giao h\u00e0ng k\u1ecbp th\u1eddi c\u1ee7a s\u1ea3n ph\u1ea9m c\u1ee7a b\u1ea1n, gi\u00fap b\u1ea1n nhanh ch\u00f3ng ra th\u1ecb tr\u01b0\u1eddng.<\/li><\/ul><p><strong>B\u1eaft \u0111\u1ea7u v\u1edbi d\u1ecbch v\u1ee5 OEM\/ODM c\u1ee7a Lynnhan<\/strong><\/p><ol><li><strong>T\u01b0 v\u1ea5n<\/strong>: Li\u00ean h\u1ec7 v\u1edbi ch\u00fang t\u00f4i \u0111\u1ec3 s\u1eafp x\u1ebfp m\u1ed9t cu\u1ed9c t\u01b0 v\u1ea5n. Trong cu\u1ed9c h\u1ecdp n\u00e0y, ch\u00fang t\u00f4i s\u1ebd th\u1ea3o lu\u1eadn v\u1ec1 y\u00eau c\u1ea7u d\u1ef1 \u00e1n, th\u1ecb tr\u01b0\u1eddng m\u1ee5c ti\u00eau v\u00e0 m\u1ee5c ti\u00eau c\u1ee7a b\u1ea1n.<\/li><li><strong>\u0110\u1ec1 xu\u1ea5t<\/strong>: D\u1ef1a tr\u00ean cu\u1ed9c t\u01b0 v\u1ea5n ban \u0111\u1ea7u, \u0111\u1ed9i ng\u0169 c\u1ee7a ch\u00fang t\u00f4i s\u1ebd cung c\u1ea5p m\u1ed9t \u0111\u1ec1 xu\u1ea5t chi ti\u1ebft n\u00eau r\u00f5 ph\u1ea1m vi d\u1ef1 \u00e1n, k\u1ebf ho\u1ea1ch v\u00e0 chi ph\u00ed.<\/li><li><strong>Thi\u1ebft k\u1ebf v\u00e0 M\u1eabu th\u1eed<\/strong>: Khi \u0111\u1ec1 xu\u1ea5t \u0111\u01b0\u1ee3c ph\u00ea duy\u1ec7t, ch\u00fang t\u00f4i chuy\u1ec3n sang giai \u0111o\u1ea1n thi\u1ebft k\u1ebf v\u00e0 m\u1eabu th\u1eed, n\u01a1i \u00fd t\u01b0\u1edfng c\u1ee7a b\u1ea1n b\u1eaft \u0111\u1ea7u h\u00ecnh th\u00e0nh.<\/li><li><strong>Manufacturing<\/strong>: Sau khi ph\u00ea duy\u1ec7t m\u1eabu th\u1eed, ch\u00fang t\u00f4i s\u1ebd ti\u1ebfn h\u00e0nh s\u1ea3n xu\u1ea5t, \u0111\u1ea3m b\u1ea3o m\u1ed7i s\u1ea3n ph\u1ea9m \u0111\u01b0\u1ee3c x\u00e2y d\u1ef1ng theo y\u00eau c\u1ea7u.<\/li><li><strong>Ki\u1ec3m so\u00e1t ch\u1ea5t l\u01b0\u1ee3ng v\u00e0 Giao h\u00e0ng<\/strong>: \u0110\u1ed9i ng\u0169 ki\u1ec3m so\u00e1t ch\u1ea5t l\u01b0\u1ee3ng c\u1ee7a ch\u00fang t\u00f4i ki\u1ec3m tra k\u1ef9 l\u01b0\u1ee1ng m\u1ed7i s\u1ea3n ph\u1ea9m tr\u01b0\u1edbc khi giao h\u00e0ng \u0111\u1ec3 \u0111\u1ea3m b\u1ea3o n\u00f3 \u0111\u1ea1t \u0111\u01b0\u1ee3c ti\u00eau chu\u1ea9n c\u1ee7a b\u1ea1n v\u00e0 c\u1ee7a ch\u00fang t\u00f4i.<\/li><\/ol><p><strong>Contact Us<\/strong><br \/>\u0110\u1ec3 t\u00ecm hi\u1ec3u c\u00e1ch d\u1ecbch v\u1ee5 OEM\/ODM c\u1ee7a Lynnhan c\u00f3 th\u1ec3 mang l\u1ea1i l\u1ee3i \u00edch cho doanh nghi\u1ec7p c\u1ee7a b\u1ea1n, vui l\u00f2ng li\u00ean h\u1ec7. Ch\u00fang t\u00f4i r\u1ea5t vui m\u1eebng \u0111\u01b0\u1ee3c h\u1ee3p t\u00e1c v\u1edbi b\u1ea1n \u0111\u1ec3 hi\u1ec7n th\u1ef1c h\u00f3a t\u1ea7m nh\u00ecn c\u1ee7a b\u1ea1n.<\/p><ul><li><strong>Email<\/strong>: sales@lynnhan.com<\/li><li><strong>\u0110i\u1ec7n tho\u1ea1i\/whatsapp<\/strong>: +86 189 2843 1537<\/li><li><strong>Bi\u1ec3u m\u1eabu li\u00ean h\u1ec7<\/strong>: Truy c\u1eadp trang web c\u1ee7a ch\u00fang t\u00f4i <a href=\"https:\/\/xinxiangt.sg-host.com\/sales-inquiry\/\"><strong><em>Y\u00eau c\u1ea7u b\u00e1n h\u00e0ng<\/em><\/strong><\/a> \u0110\u1ec1 ngh\u1ecb g\u1eedi y\u00eau c\u1ea7u tr\u1ef1c ti\u1ebfp.<\/li><\/ul><p>T\u1ea1i Lynnhan, ch\u00fang t\u00f4i cam k\u1ebft ph\u00e1t tri\u1ec3n quan h\u1ec7 \u0111\u1ed1i t\u00e1c d\u00e0i h\u1ea1n v\u1edbi kh\u00e1ch h\u00e0ng th\u00f4ng qua vi\u1ec7c cung c\u1ea5p c\u00e1c d\u1ecbch v\u1ee5 OEM\/ODM tin c\u1eady, s\u00e1ng t\u1ea1o v\u00e0 ch\u1ea5t l\u01b0\u1ee3ng cao. H\u00e3y h\u1ee3p t\u00e1c c\u00f9ng nhau \u0111\u1ec3 t\u1ea1o ra c\u00e1c gi\u1ea3i ph\u00e1p c\u00f4ng ngh\u1ec7 th\u00f4ng minh\u63a8\u52a8\u6210\u529f.<\/p>\t\t\t\t\t\t\t\t<\/div>\n\t\t\t\t<\/div>\n\t\t\t\t\t<\/div>\n\t\t\t\t<\/div>\n\t\t\t\t<\/div>","protected":false},"excerpt":{"rendered":"<p>IntroductionLynnhan is dedicated to providing innovative smart technology solutions tailored to meet the diverse needs of our clients. With extensive experience in the industry, we offer comprehensive Original Equipment Manufacturer [\u2026]<\/p>","protected":false},"author":1,"featured_media":0,"parent":0,"menu_order":0,"comment_status":"closed","ping_status":"closed","template":"","meta":{"footnotes":""},"class_list":["post-488","page","type-page","status-publish","hentry"],"yoast_head":"<!-- This site is optimized with the Yoast SEO plugin v26.6 - https:\/\/yoast.com\/wordpress\/plugins\/seo\/ -->\n<title>OEM\/ODM Services - Lynnhan Interactive display supplier<\/title>\n<meta name=\"description\" content=\"Lynnhan Interactive display supplier-Discover how OEM\/ODM services can elevate your product quality and innovation.\" \/>\n<meta name=\"robots\" content=\"index, follow, max-snippet:-1, max-image-preview:large, max-video-preview:-1\" \/>\n<link rel=\"canonical\" href=\"https:\/\/lynnhan.com\/vi\/oem-odm\/\" \/>\n<meta property=\"og:locale\" content=\"vi_VN\" \/>\n<meta property=\"og:type\" content=\"article\" \/>\n<meta property=\"og:title\" content=\"OEM\/ODM Services - Lynnhan Interactive display supplier\" \/>\n<meta property=\"og:description\" content=\"Lynnhan Interactive display supplier-Discover how OEM\/ODM services can elevate your product quality and innovation.\" \/>\n<meta property=\"og:url\" content=\"https:\/\/lynnhan.com\/vi\/oem-odm\/\" \/>\n<meta property=\"og:site_name\" content=\"Lynnhan - Trusted Supplier | LED\/OLED\/LCD\/E-paper digital signages\" \/>\n<meta property=\"article:modified_time\" content=\"2025-02-12T14:58:52+00:00\" \/>\n<meta property=\"og:image\" content=\"https:\/\/pub-78925c7bf9ca4c6d820df8293a5c116c.r2.dev\/2024\/12\/OEM.webp\" \/>\n<meta name=\"twitter:card\" content=\"summary_large_image\" \/>\n<meta name=\"twitter:label1\" content=\"\u01af\u1edbc t\u00ednh th\u1eddi gian \u0111\u1ecdc\" \/>\n\t<meta name=\"twitter:data1\" content=\"3 ph\u00fat\" \/>\n<script type=\"application\/ld+json\" class=\"yoast-schema-graph\">{\"@context\":\"https:\/\/schema.org\",\"@graph\":[{\"@type\":\"WebPage\",\"@id\":\"https:\/\/lynnhan.com\/fi\/oem-odm\/\",\"url\":\"https:\/\/lynnhan.com\/fi\/oem-odm\/\",\"name\":\"OEM\/ODM Services - Lynnhan Interactive display supplier\",\"isPartOf\":{\"@id\":\"https:\/\/lynnhan.com\/km\/#website\"},\"primaryImageOfPage\":{\"@id\":\"https:\/\/lynnhan.com\/fi\/oem-odm\/#primaryimage\"},\"image\":{\"@id\":\"https:\/\/lynnhan.com\/fi\/oem-odm\/#primaryimage\"},\"thumbnailUrl\":\"https:\/\/pub-78925c7bf9ca4c6d820df8293a5c116c.r2.dev\/2024\/12\/OEM.webp\",\"datePublished\":\"2024-02-26T13:50:42+00:00\",\"dateModified\":\"2025-02-12T14:58:52+00:00\",\"description\":\"Lynnhan Interactive display supplier-Discover how OEM\/ODM services can elevate your product quality and innovation.\",\"breadcrumb\":{\"@id\":\"https:\/\/lynnhan.com\/fi\/oem-odm\/#breadcrumb\"},\"inLanguage\":\"vi\",\"potentialAction\":[{\"@type\":\"ReadAction\",\"target\":[\"https:\/\/lynnhan.com\/fi\/oem-odm\/\"]}]},{\"@type\":\"ImageObject\",\"inLanguage\":\"vi\",\"@id\":\"https:\/\/lynnhan.com\/fi\/oem-odm\/#primaryimage\",\"url\":\"https:\/\/pub-78925c7bf9ca4c6d820df8293a5c116c.r2.dev\/2024\/12\/OEM.webp\",\"contentUrl\":\"https:\/\/pub-78925c7bf9ca4c6d820df8293a5c116c.r2.dev\/2024\/12\/OEM.webp\"},{\"@type\":\"BreadcrumbList\",\"@id\":\"https:\/\/lynnhan.com\/fi\/oem-odm\/#breadcrumb\",\"itemListElement\":[{\"@type\":\"ListItem\",\"position\":1,\"name\":\"Home\",\"item\":\"https:\/\/lynnhan.com\/\"},{\"@type\":\"ListItem\",\"position\":2,\"name\":\"OEM\/ODM\"}]},{\"@type\":\"WebSite\",\"@id\":\"https:\/\/lynnhan.com\/km\/#website\",\"url\":\"https:\/\/lynnhan.com\/km\/\",\"name\":\"Lynnhan - Trusted Supplier | LED\/OLED\/LCD\/E-paper digital signages\",\"description\":\"Lynnhan - Trusted Supplier |  LED\/OLED\/LCD\/E-paper digital signages\",\"publisher\":{\"@id\":\"https:\/\/lynnhan.com\/km\/#organization\"},\"potentialAction\":[{\"@type\":\"SearchAction\",\"target\":{\"@type\":\"EntryPoint\",\"urlTemplate\":\"https:\/\/lynnhan.com\/km\/?s={search_term_string}\"},\"query-input\":{\"@type\":\"PropertyValueSpecification\",\"valueRequired\":true,\"valueName\":\"search_term_string\"}}],\"inLanguage\":\"vi\"},{\"@type\":\"Organization\",\"@id\":\"https:\/\/lynnhan.com\/km\/#organization\",\"name\":\"Lynnhan - Trusted Supplier | LED\/OLED\/LCD\/E-paper digital signages\",\"url\":\"https:\/\/lynnhan.com\/km\/\",\"logo\":{\"@type\":\"ImageObject\",\"inLanguage\":\"vi\",\"@id\":\"https:\/\/lynnhan.com\/km\/#\/schema\/logo\/image\/\",\"url\":\"https:\/\/pub-78925c7bf9ca4c6d820df8293a5c116c.r2.dev\/2024\/07\/LynnHan-logo3.png\",\"contentUrl\":\"https:\/\/pub-78925c7bf9ca4c6d820df8293a5c116c.r2.dev\/2024\/07\/LynnHan-logo3.png\",\"width\":390,\"height\":130,\"caption\":\"Lynnhan - Trusted Supplier | LED\/OLED\/LCD\/E-paper digital signages\"},\"image\":{\"@id\":\"https:\/\/lynnhan.com\/km\/#\/schema\/logo\/image\/\"}}]}<\/script>\n<!-- \/ Yoast SEO plugin. -->","yoast_head_json":{"title":"D\u1ecbch v\u1ee5 OEM\/ODM - Cung c\u1ea5p m\u00e0n h\u00ecnh t\u01b0\u01a1ng t\u00e1c Lynnhan","description":"Lynnhan Interactive display supplier - T\u00ecm hi\u1ec3u c\u00e1ch d\u1ecbch v\u1ee5 OEM\/ODM c\u00f3 th\u1ec3 n\u00e2ng cao ch\u1ea5t l\u01b0\u1ee3ng v\u00e0 s\u1ef1 s\u00e1ng t\u1ea1o c\u1ee7a s\u1ea3n ph\u1ea9m c\u1ee7a b\u1ea1n.","robots":{"index":"index","follow":"follow","max-snippet":"max-snippet:-1","max-image-preview":"max-image-preview:large","max-video-preview":"max-video-preview:-1"},"canonical":"https:\/\/lynnhan.com\/vi\/oem-odm\/","og_locale":"vi_VN","og_type":"article","og_title":"OEM\/ODM Services - Lynnhan Interactive display supplier","og_description":"Lynnhan Interactive display supplier-Discover how OEM\/ODM services can elevate your product quality and innovation.","og_url":"https:\/\/lynnhan.com\/vi\/oem-odm\/","og_site_name":"Lynnhan - Trusted Supplier | LED\/OLED\/LCD\/E-paper digital signages","article_modified_time":"2025-02-12T14:58:52+00:00","og_image":[{"url":"https:\/\/pub-78925c7bf9ca4c6d820df8293a5c116c.r2.dev\/2024\/12\/OEM.webp","type":"","width":"","height":""}],"twitter_card":"summary_large_image","twitter_misc":{"\u01af\u1edbc t\u00ednh th\u1eddi gian \u0111\u1ecdc":"3 ph\u00fat"},"schema":{"@context":"https:\/\/schema.org","@graph":[{"@type":"WebPage","@id":"https:\/\/lynnhan.com\/fi\/oem-odm\/","url":"https:\/\/lynnhan.com\/fi\/oem-odm\/","name":"D\u1ecbch v\u1ee5 OEM\/ODM - Cung c\u1ea5p m\u00e0n h\u00ecnh t\u01b0\u01a1ng t\u00e1c Lynnhan","isPartOf":{"@id":"https:\/\/lynnhan.com\/km\/#website"},"primaryImageOfPage":{"@id":"https:\/\/lynnhan.com\/fi\/oem-odm\/#primaryimage"},"image":{"@id":"https:\/\/lynnhan.com\/fi\/oem-odm\/#primaryimage"},"thumbnailUrl":"https:\/\/pub-78925c7bf9ca4c6d820df8293a5c116c.r2.dev\/2024\/12\/OEM.webp","datePublished":"2024-02-26T13:50:42+00:00","dateModified":"2025-02-12T14:58:52+00:00","description":"Lynnhan Interactive display supplier - T\u00ecm hi\u1ec3u c\u00e1ch d\u1ecbch v\u1ee5 OEM\/ODM c\u00f3 th\u1ec3 n\u00e2ng cao ch\u1ea5t l\u01b0\u1ee3ng v\u00e0 s\u1ef1 s\u00e1ng t\u1ea1o c\u1ee7a s\u1ea3n ph\u1ea9m c\u1ee7a b\u1ea1n.","breadcrumb":{"@id":"https:\/\/lynnhan.com\/fi\/oem-odm\/#breadcrumb"},"inLanguage":"vi","potentialAction":[{"@type":"ReadAction","target":["https:\/\/lynnhan.com\/fi\/oem-odm\/"]}]},{"@type":"ImageObject","inLanguage":"vi","@id":"https:\/\/lynnhan.com\/fi\/oem-odm\/#primaryimage","url":"https:\/\/pub-78925c7bf9ca4c6d820df8293a5c116c.r2.dev\/2024\/12\/OEM.webp","contentUrl":"https:\/\/pub-78925c7bf9ca4c6d820df8293a5c116c.r2.dev\/2024\/12\/OEM.webp"},{"@type":"BreadcrumbList","@id":"https:\/\/lynnhan.com\/fi\/oem-odm\/#breadcrumb","itemListElement":[{"@type":"ListItem","position":1,"name":"Home","item":"https:\/\/lynnhan.com\/"},{"@type":"ListItem","position":2,"name":"OEM\/ODM"}]},{"@type":"WebSite","@id":"https:\/\/lynnhan.com\/km\/#website","url":"https:\/\/lynnhan.com\/km\/","name":"Lynnhan - Nh\u00e0 cung c\u1ea5p \u0111\u00e1ng tin c\u1eady | \u0110signage s\u1ed1 LED\/OLED\/LCD\/E-paper","description":"Lynnhan - Nh\u00e0 cung c\u1ea5p tin c\u1eady |  \u0110\u00e8n LED\/OLED\/LCD\/E-paper b\u1ea3ng qu\u1ea3ng c\u00e1o s\u1ed1 h\u00f3a","publisher":{"@id":"https:\/\/lynnhan.com\/km\/#organization"},"potentialAction":[{"@type":"SearchAction","target":{"@type":"EntryPoint","urlTemplate":"https:\/\/lynnhan.com\/km\/?s={search_term_string}"},"query-input":{"@type":"PropertyValueSpecification","valueRequired":true,"valueName":"search_term_string"}}],"inLanguage":"vi"},{"@type":"Organization","@id":"https:\/\/lynnhan.com\/km\/#organization","name":"Lynnhan - Nh\u00e0 cung c\u1ea5p \u0111\u00e1ng tin c\u1eady | \u0110signage s\u1ed1 LED\/OLED\/LCD\/E-paper","url":"https:\/\/lynnhan.com\/km\/","logo":{"@type":"ImageObject","inLanguage":"vi","@id":"https:\/\/lynnhan.com\/km\/#\/schema\/logo\/image\/","url":"https:\/\/pub-78925c7bf9ca4c6d820df8293a5c116c.r2.dev\/2024\/07\/LynnHan-logo3.png","contentUrl":"https:\/\/pub-78925c7bf9ca4c6d820df8293a5c116c.r2.dev\/2024\/07\/LynnHan-logo3.png","width":390,"height":130,"caption":"Lynnhan - Trusted Supplier | LED\/OLED\/LCD\/E-paper digital signages"},"image":{"@id":"https:\/\/lynnhan.com\/km\/#\/schema\/logo\/image\/"}}]}},"jetpack_sharing_enabled":true,"_links":{"self":[{"href":"https:\/\/lynnhan.com\/vi\/wp-json\/wp\/v2\/pages\/488","targetHints":{"allow":["GET"]}}],"collection":[{"href":"https:\/\/lynnhan.com\/vi\/wp-json\/wp\/v2\/pages"}],"about":[{"href":"https:\/\/lynnhan.com\/vi\/wp-json\/wp\/v2\/types\/page"}],"author":[{"embeddable":true,"href":"https:\/\/lynnhan.com\/vi\/wp-json\/wp\/v2\/users\/1"}],"replies":[{"embeddable":true,"href":"https:\/\/lynnhan.com\/vi\/wp-json\/wp\/v2\/comments?post=488"}],"version-history":[{"count":0,"href":"https:\/\/lynnhan.com\/vi\/wp-json\/wp\/v2\/pages\/488\/revisions"}],"wp:attachment":[{"href":"https:\/\/lynnhan.com\/vi\/wp-json\/wp\/v2\/media?parent=488"}],"curies":[{"name":"wp","href":"https:\/\/api.w.org\/{rel}","templated":true}]}}