{"id":483,"date":"2024-02-26T13:29:25","date_gmt":"2024-02-26T13:29:25","guid":{"rendered":"https:\/\/lynnhan.com\/?page_id=483"},"modified":"2024-12-18T14:05:52","modified_gmt":"2024-12-18T14:05:52","slug":"thong-tin-lien-he-chung-toi","status":"publish","type":"page","link":"https:\/\/lynnhan.com\/vi\/thong-tin-lien-he-chung-toi\/","title":{"rendered":"Th\u00f4ng tin li\u00ean h\u1ec7 ch\u00fang t\u00f4i"},"content":{"rendered":"<div data-elementor-type=\"wp-page\" data-elementor-id=\"483\" class=\"elementor elementor-483\" data-elementor-post-type=\"page\">\n\t\t\t\t<div class=\"elementor-element elementor-element-c951381 e-flex e-con-boxed e-con e-parent\" data-id=\"c951381\" data-element_type=\"container\">\n\t\t\t\t\t<div class=\"e-con-inner\">\n\t\t\t\t<div class=\"elementor-element elementor-element-ed8b053 elementor-widget elementor-widget-image\" data-id=\"ed8b053\" data-element_type=\"widget\" data-widget_type=\"image.default\">\n\t\t\t\t<div class=\"elementor-widget-container\">\n\t\t\t\t\t\t\t\t\t\t\t\t\t\t\t<img fetchpriority=\"high\" decoding=\"async\" width=\"1456\" height=\"816\" src=\"https:\/\/pub-78925c7bf9ca4c6d820df8293a5c116c.r2.dev\/2024\/12\/contact-us-info.webp\" class=\"attachment-full size-full wp-image-3319\" alt=\"Cung c\u1ea5p gi\u1ea3i ph\u00e1p LED to\u00e0n di\u1ec7n Lynnhan Ph\u01b0\u01a1ng th\u1ee9c li\u00ean h\u1ec7\" srcset=\"https:\/\/pub-78925c7bf9ca4c6d820df8293a5c116c.r2.dev\/2024\/12\/contact-us-info.webp 1456w, https:\/\/pub-78925c7bf9ca4c6d820df8293a5c116c.r2.dev\/2024\/12\/contact-us-info-700x392.webp 700w, https:\/\/pub-78925c7bf9ca4c6d820df8293a5c116c.r2.dev\/2024\/12\/contact-us-info-1024x574.webp 1024w, https:\/\/pub-78925c7bf9ca4c6d820df8293a5c116c.r2.dev\/2024\/12\/contact-us-info-768x430.webp 768w, https:\/\/pub-78925c7bf9ca4c6d820df8293a5c116c.r2.dev\/2024\/12\/contact-us-info-18x10.webp 18w, https:\/\/pub-78925c7bf9ca4c6d820df8293a5c116c.r2.dev\/2024\/12\/contact-us-info-1140x639.webp 1140w, https:\/\/pub-78925c7bf9ca4c6d820df8293a5c116c.r2.dev\/2024\/12\/contact-us-info-920x516.webp 920w, https:\/\/pub-78925c7bf9ca4c6d820df8293a5c116c.r2.dev\/2024\/12\/contact-us-info-575x322.webp 575w, https:\/\/pub-78925c7bf9ca4c6d820df8293a5c116c.r2.dev\/2024\/12\/contact-us-info-380x213.webp 380w, https:\/\/pub-78925c7bf9ca4c6d820df8293a5c116c.r2.dev\/2024\/12\/contact-us-info-1320x740.webp 1320w, https:\/\/pub-78925c7bf9ca4c6d820df8293a5c116c.r2.dev\/2024\/12\/contact-us-info-800x448.webp 800w\" sizes=\"(max-width: 1456px) 100vw, 1456px\" \/>\t\t\t\t\t\t\t\t\t\t\t\t\t\t\t<\/div>\n\t\t\t\t<\/div>\n\t\t\t\t\t<\/div>\n\t\t\t\t<\/div>\n\t\t<div class=\"elementor-element elementor-element-6a132c7 e-flex e-con-boxed e-con e-parent\" data-id=\"6a132c7\" data-element_type=\"container\">\n\t\t\t\t\t<div class=\"e-con-inner\">\n\t\t\t\t<div class=\"elementor-element elementor-element-5f66cb3 elementor-widget elementor-widget-text-editor\" data-id=\"5f66cb3\" data-element_type=\"widget\" data-widget_type=\"text-editor.default\">\n\t\t\t\t<div class=\"elementor-widget-container\">\n\t\t\t\t\t\t\t\t\t<p><strong>K\u1ebft n\u1ed1i v\u1edbi Lynnhan: \u0110\u1ed1i t\u00e1c c\u1ee7a b\u1ea1n trong c\u00e1c Gi\u1ea3i ph\u00e1p C\u00f4ng ngh\u1ec7 Smar<\/strong><\/p><p>T\u1ea1i Lynnhan, ch\u00fang t\u00f4i cam k\u1ebft cung c\u1ea5p cho kh\u00e1ch h\u00e0ng c\u1ee7a m\u00ecnh c\u00e1c gi\u1ea3i ph\u00e1p c\u00f4ng ngh\u1ec7 th\u00f4ng minh s\u00e1ng t\u1ea1o ph\u00f9 h\u1ee3p v\u1edbi nhu c\u1ea7u kinh doanh \u0111\u1ed9c \u0111\u00e1o c\u1ee7a h\u1ecd. D\u00f9 b\u1ea1n \u0111ang t\u00ecm c\u00e1ch c\u1ea3i thi\u1ec7n ho\u1ea1t \u0111\u1ed9ng kinh doanh v\u1edbi c\u00e1c d\u00f2ng s\u1ea3n ph\u1ea9m b\u1ea3ng th\u00f4ng minh, TV di \u0111\u1ed9ng, m\u00e0n h\u00ecnh ch\u1ea1m, m\u00e1y t\u00ednh b\u1ea3ng, laptop, mini PC ho\u1eb7c thi\u1ebft b\u1ecb \u0111eo, \u0111\u1ed9i ng\u0169 c\u1ee7a ch\u00fang t\u00f4i lu\u00f4n s\u1eb5n s\u00e0ng gi\u00fap b\u1ea1n t\u00ecm ra c\u00e1c gi\u1ea3i ph\u00e1p ph\u00f9 h\u1ee3p. H\u00e3y li\u00ean h\u1ec7 v\u1edbi ch\u00fang t\u00f4i ngay h\u00f4m nay \u0111\u1ec3 t\u00ecm hi\u1ec3u th\u00eam v\u1ec1 s\u1ea3n ph\u1ea9m c\u1ee7a ch\u00fang t\u00f4i, \u0111\u1eb7t l\u1ecbch tr\u00ecnh m\u1ed9t bu\u1ed5i demo ho\u1eb7c th\u1ea3o lu\u1eadn v\u1ec1 c\u00e1c gi\u1ea3i ph\u00e1p t\u00f9y ch\u1ec9nh.<\/p><p><strong>Li\u00ean h\u1ec7 v\u1edbi ch\u00fang t\u00f4i<\/strong><br \/>Ch\u00fang t\u00f4i \u0111\u00e1nh gi\u00e1 cao c\u00e1c c\u00e2u h\u1ecfi v\u00e0 ph\u1ea3n h\u1ed3i c\u1ee7a b\u1ea1n. D\u01b0\u1edbi \u0111\u00e2y l\u00e0 m\u1ed9t s\u1ed1 c\u00e1ch b\u1ea1n c\u00f3 th\u1ec3 li\u00ean h\u1ec7 v\u1edbi ch\u00fang t\u00f4i:<\/p><ul><li><p><strong>C\u00e2u h\u1ecfi v\u1ec1 B\u00e1n h\u00e0ng<\/strong>: B\u1ea1n quan t\u00e2m \u0111\u1ebfn vi\u1ec7c mua s\u1ea3n ph\u1ea9m Lynnhan ho\u1eb7c c\u1ea7n l\u1eddi khuy\u00ean v\u1ec1 c\u00e1c gi\u1ea3i ph\u00e1p t\u1ed1t nh\u1ea5t cho doanh nghi\u1ec7p c\u1ee7a b\u1ea1n? \u0110\u1ed9i ng\u0169 b\u00e1n h\u00e0ng c\u1ee7a ch\u00fang t\u00f4i s\u1eb5n s\u00e0ng h\u1ed7 tr\u1ee3 b\u1ea1n.<\/p><ul><li>Email: <a target=\"_new\">sales@xinxiangt.sg-host.com<\/a><\/li><li>\u0110i\u1ec7n tho\u1ea1i\/what\u2019s app: +86 189 2843 1537<\/li><\/ul><\/li><li><p><strong>H\u1ed7 tr\u1ee3 K\u1ef9 thu\u1eadt<\/strong>: B\u1ea1n c\u1ea7n gi\u00fap \u0111\u1ee1 v\u1edbi s\u1ea3n ph\u1ea9m Lynnhan? \u0110\u1ed9i ng\u0169 h\u1ed7 tr\u1ee3 k\u1ef9 thu\u1eadt c\u1ee7a ch\u00fang t\u00f4i lu\u00f4n s\u1eb5n s\u00e0ng h\u1ed7 tr\u1ee3 b\u1ea1n v\u1edbi b\u1ea5t k\u1ef3 v\u1ea5n \u0111\u1ec1 ho\u1eb7c c\u00e2u h\u1ecfi n\u00e0o.<\/p><ul><li>Th\u0103m trang <a href=\"https:\/\/chat.openai.com\/c\/3bcef6d8-79e0-448b-b325-64390622e650#\" target=\"_new\">H\u1ed7 tr\u1ee3 K\u1ef9 thu\u1eadt<\/a> c\u1ee7a ch\u00fang t\u00f4i \u0111\u1ec3 t\u00ecm t\u00e0i nguy\u00ean ho\u1eb7c li\u00ean h\u1ec7 tr\u1ef1c ti\u1ebfp.<\/li><li>Email: <a target=\"_new\">support@xinxiangt.sg-host.com<\/a><\/li><\/ul><\/li><li><p><strong>C\u00e2u h\u1ecfi T\u1ed5ng qu\u00e1t<\/strong>: \u0110\u1ed1i v\u1edbi t\u1ea5t c\u1ea3 c\u00e1c c\u00e2u h\u1ecfi ho\u1eb7c ph\u1ea3n h\u1ed3i kh\u00e1c, xin vui l\u00f2ng s\u1eed d\u1ee5ng c\u00e1c li\u00ean h\u1ec7 sau.<\/p><ul><li>Email: contact<a target=\"_new\">@xinxiangt.sg-host.com<\/a><\/li><\/ul><\/li><\/ul><p><strong>Gi\u1edd l\u00e0m vi\u1ec7c<\/strong><br \/>\u0110\u1ed9i ng\u0169 c\u1ee7a ch\u00fang t\u00f4i s\u1eb5n s\u00e0ng h\u1ed7 tr\u1ee3 b\u1ea1n trong c\u00e1c gi\u1edd sau:<br \/>Th\u1ee9 Hai \u2013 Th\u1ee9 S\u00e1u: 9:00 AM \u2013 5:00 PM (UST+8)<\/p><p><strong>Theo d\u00f5i ch\u00fang t\u00f4i<\/strong><br \/>Duy tr\u00ec k\u1ebft n\u1ed1i v\u1edbi Lynnhan v\u00e0 l\u00e0 ng\u01b0\u1eddi \u0111\u1ea7u ti\u00ean bi\u1ebft v\u1ec1 c\u00e1c s\u1ea3n ph\u1ea9m, c\u1eadp nh\u1eadt v\u00e0 s\u1ef1 ki\u1ec7n m\u1edbi nh\u1ea5t c\u1ee7a ch\u00fang t\u00f4i b\u1eb1ng c\u00e1ch theo d\u00f5i ch\u00fang t\u00f4i tr\u00ean c\u00e1c k\u00eanh truy\u1ec1n th\u00f4ng x\u00e3 h\u1ed9i c\u1ee7a ch\u00fang t\u00f4i:<\/p><ul><li>LinkedIn: <a href=\"https:\/\/www.linkedin.com\/in\/chris-tang-standbyme-tv-manufacturer\/\">https:\/\/www.linkedin.com\/in\/chris-tang-standbyme-tv-manufacturer\/<\/a><\/li><li>Twitter: [Insert Twitter URL]<\/li><li>Facebook:<a href=\"https:\/\/www.facebook.com\/profile.php?id=61557528243130\">https:\/\/www.facebook.com\/profile.php?id=61557528243130<\/a><\/li><\/ul><p><strong>Th\u0103m ch\u00fang t\u00f4i<\/strong><br \/>Tr\u1ee5 s\u1edf ch\u00ednh c\u1ee7a ch\u00fang t\u00f4i n\u1eb1m t\u1ea1i Th\u00e0nh ph\u1ed1 Shen Zhen, T\u1ec9nh GuangDong, Trung Qu\u1ed1c.<br \/>H\u00e3y t\u1ef1 do s\u1eafp x\u1ebfp m\u1ed9t bu\u1ed5i th\u0103m \u0111\u1ec3 th\u1ea3o lu\u1eadn v\u1ec1 nhu c\u1ea7u c\u1ee7a b\u1ea1n tr\u1ef1c ti\u1ebfp. Xin vui l\u00f2ng li\u00ean h\u1ec7 v\u1edbi ch\u00fang t\u00f4i \u0111\u1ec3 s\u1eafp x\u1ebfp m\u1ed9t cu\u1ed9c h\u1eb9n.<\/p><p><strong>G\u1eedi tin nh\u1eafn cho ch\u00fang t\u00f4i<\/strong><br \/>\u0110\u1ec3 ti\u1ec7n l\u1ee3i h\u01a1n, b\u1ea1n c\u0169ng c\u00f3 th\u1ec3 s\u1eed d\u1ee5ng bi\u1ec3u m\u1eabu d\u01b0\u1edbi \u0111\u00e2y \u0111\u1ec3 g\u1eedi tin nh\u1eafn tr\u1ef1c ti\u1ebfp. \u0110\u1ed9i ng\u0169 c\u1ee7a ch\u00fang t\u00f4i s\u1ebd ph\u1ea3n h\u1ed3i y\u00eau c\u1ea7u c\u1ee7a b\u1ea1n ngay khi c\u00f3 th\u1ec3.<\/p><p>[<a href=\"https:\/\/xinxiangt.sg-host.com\/contact-us-form\/\"><em><strong>Bi\u1ec3u m\u1eabu li\u00ean h\u1ec7<\/strong><\/em><\/a>]<\/p><p>T\u1ea1i Lynnhan, ch\u00fang t\u00f4i cam k\u1ebft cung c\u1ea5p d\u1ecbch v\u1ee5 xu\u1ea5t s\u1eafc v\u00e0 gi\u1ea3i ph\u00e1p ti\u00ean ti\u1ebfn. H\u00e3y li\u00ean h\u1ec7 v\u1edbi ch\u00fang t\u00f4i ngay h\u00f4m nay \u0111\u1ec3 xem c\u00e1ch ch\u00fang t\u00f4i c\u00f3 th\u1ec3 gi\u00fap doanh nghi\u1ec7p c\u1ee7a b\u1ea1n ph\u00e1t tri\u1ec3n m\u1ea1nh m\u1ebd v\u1edbi s\u1ee9c m\u1ea1nh c\u1ee7a c\u00f4ng ngh\u1ec7 th\u00f4ng minh.<\/p>\t\t\t\t\t\t\t\t<\/div>\n\t\t\t\t<\/div>\n\t\t\t\t\t<\/div>\n\t\t\t\t<\/div>\n\t\t\t\t<\/div>","protected":false},"excerpt":{"rendered":"<p>Connect with Lynnhan: Your Partner in Smart Technology Solutions At Lynnhan, we\u2019re dedicated to providing our clients with innovative smart technology solutions tailored to their unique business needs. Whether you\u2019re [\u2026]<\/p>","protected":false},"author":1,"featured_media":0,"parent":0,"menu_order":0,"comment_status":"closed","ping_status":"closed","template":"","meta":{"footnotes":""},"class_list":["post-483","page","type-page","status-publish","hentry"],"yoast_head":"<!-- This site is optimized with the Yoast SEO plugin v26.6 - https:\/\/yoast.com\/wordpress\/plugins\/seo\/ -->\n<title>Quick Contact Form Guide-Lynnhan smart boards manufacturer<\/title>\n<meta name=\"description\" content=\"Need immediate Lynnhan smart boards manufacturer support or have a question? Our contact form ensures you&#039;re heard. Reach out today!\" \/>\n<meta name=\"robots\" content=\"index, follow, max-snippet:-1, max-image-preview:large, max-video-preview:-1\" \/>\n<link rel=\"canonical\" href=\"https:\/\/lynnhan.com\/vi\/thong-tin-lien-he-chung-toi\/\" \/>\n<meta property=\"og:locale\" content=\"vi_VN\" \/>\n<meta property=\"og:type\" content=\"article\" \/>\n<meta property=\"og:title\" content=\"Quick Contact Form Guide-Lynnhan smart boards manufacturer\" \/>\n<meta property=\"og:description\" content=\"Need immediate Lynnhan smart boards manufacturer support or have a question? Our contact form ensures you&#039;re heard. Reach out today!\" \/>\n<meta property=\"og:url\" content=\"https:\/\/lynnhan.com\/vi\/thong-tin-lien-he-chung-toi\/\" \/>\n<meta property=\"og:site_name\" content=\"Lynnhan - Trusted Supplier | LED\/OLED\/LCD\/E-paper digital signages\" \/>\n<meta property=\"article:modified_time\" content=\"2024-12-18T14:05:52+00:00\" \/>\n<meta property=\"og:image\" content=\"https:\/\/pub-78925c7bf9ca4c6d820df8293a5c116c.r2.dev\/2024\/12\/contact-us-info.webp\" \/>\n<meta name=\"twitter:card\" content=\"summary_large_image\" \/>\n<meta name=\"twitter:label1\" content=\"\u01af\u1edbc t\u00ednh th\u1eddi gian \u0111\u1ecdc\" \/>\n\t<meta name=\"twitter:data1\" content=\"2 ph\u00fat\" \/>\n<script type=\"application\/ld+json\" class=\"yoast-schema-graph\">{\"@context\":\"https:\/\/schema.org\",\"@graph\":[{\"@type\":\"WebPage\",\"@id\":\"https:\/\/lynnhan.com\/ar\/%d9%85%d8%b9%d9%84%d9%88%d9%85%d8%a7%d8%aa-%d8%a7%d9%84%d8%a7%d8%aa%d8%b5%d8%a7%d9%84-%d8%a8%d9%86%d8%a7\/\",\"url\":\"https:\/\/lynnhan.com\/ar\/%d9%85%d8%b9%d9%84%d9%88%d9%85%d8%a7%d8%aa-%d8%a7%d9%84%d8%a7%d8%aa%d8%b5%d8%a7%d9%84-%d8%a8%d9%86%d8%a7\/\",\"name\":\"Quick Contact Form Guide-Lynnhan smart boards manufacturer\",\"isPartOf\":{\"@id\":\"https:\/\/lynnhan.com\/km\/#website\"},\"primaryImageOfPage\":{\"@id\":\"https:\/\/lynnhan.com\/ar\/%d9%85%d8%b9%d9%84%d9%88%d9%85%d8%a7%d8%aa-%d8%a7%d9%84%d8%a7%d8%aa%d8%b5%d8%a7%d9%84-%d8%a8%d9%86%d8%a7\/#primaryimage\"},\"image\":{\"@id\":\"https:\/\/lynnhan.com\/ar\/%d9%85%d8%b9%d9%84%d9%88%d9%85%d8%a7%d8%aa-%d8%a7%d9%84%d8%a7%d8%aa%d8%b5%d8%a7%d9%84-%d8%a8%d9%86%d8%a7\/#primaryimage\"},\"thumbnailUrl\":\"https:\/\/pub-78925c7bf9ca4c6d820df8293a5c116c.r2.dev\/2024\/12\/contact-us-info.webp\",\"datePublished\":\"2024-02-26T13:29:25+00:00\",\"dateModified\":\"2024-12-18T14:05:52+00:00\",\"description\":\"Need immediate Lynnhan smart boards manufacturer support or have a question? Our contact form ensures you're heard. Reach out today!\",\"breadcrumb\":{\"@id\":\"https:\/\/lynnhan.com\/ar\/%d9%85%d8%b9%d9%84%d9%88%d9%85%d8%a7%d8%aa-%d8%a7%d9%84%d8%a7%d8%aa%d8%b5%d8%a7%d9%84-%d8%a8%d9%86%d8%a7\/#breadcrumb\"},\"inLanguage\":\"vi\",\"potentialAction\":[{\"@type\":\"ReadAction\",\"target\":[\"https:\/\/lynnhan.com\/ar\/%d9%85%d8%b9%d9%84%d9%88%d9%85%d8%a7%d8%aa-%d8%a7%d9%84%d8%a7%d8%aa%d8%b5%d8%a7%d9%84-%d8%a8%d9%86%d8%a7\/\"]}]},{\"@type\":\"ImageObject\",\"inLanguage\":\"vi\",\"@id\":\"https:\/\/lynnhan.com\/ar\/%d9%85%d8%b9%d9%84%d9%88%d9%85%d8%a7%d8%aa-%d8%a7%d9%84%d8%a7%d8%aa%d8%b5%d8%a7%d9%84-%d8%a8%d9%86%d8%a7\/#primaryimage\",\"url\":\"https:\/\/pub-78925c7bf9ca4c6d820df8293a5c116c.r2.dev\/2024\/12\/contact-us-info.webp\",\"contentUrl\":\"https:\/\/pub-78925c7bf9ca4c6d820df8293a5c116c.r2.dev\/2024\/12\/contact-us-info.webp\"},{\"@type\":\"BreadcrumbList\",\"@id\":\"https:\/\/lynnhan.com\/ar\/%d9%85%d8%b9%d9%84%d9%88%d9%85%d8%a7%d8%aa-%d8%a7%d9%84%d8%a7%d8%aa%d8%b5%d8%a7%d9%84-%d8%a8%d9%86%d8%a7\/#breadcrumb\",\"itemListElement\":[{\"@type\":\"ListItem\",\"position\":1,\"name\":\"Home\",\"item\":\"https:\/\/lynnhan.com\/\"},{\"@type\":\"ListItem\",\"position\":2,\"name\":\"Contact Us Info\"}]},{\"@type\":\"WebSite\",\"@id\":\"https:\/\/lynnhan.com\/km\/#website\",\"url\":\"https:\/\/lynnhan.com\/km\/\",\"name\":\"Lynnhan - Trusted Supplier | LED\/OLED\/LCD\/E-paper digital signages\",\"description\":\"Lynnhan - Trusted Supplier |  LED\/OLED\/LCD\/E-paper digital signages\",\"publisher\":{\"@id\":\"https:\/\/lynnhan.com\/km\/#organization\"},\"potentialAction\":[{\"@type\":\"SearchAction\",\"target\":{\"@type\":\"EntryPoint\",\"urlTemplate\":\"https:\/\/lynnhan.com\/km\/?s={search_term_string}\"},\"query-input\":{\"@type\":\"PropertyValueSpecification\",\"valueRequired\":true,\"valueName\":\"search_term_string\"}}],\"inLanguage\":\"vi\"},{\"@type\":\"Organization\",\"@id\":\"https:\/\/lynnhan.com\/km\/#organization\",\"name\":\"Lynnhan - Trusted Supplier | LED\/OLED\/LCD\/E-paper digital signages\",\"url\":\"https:\/\/lynnhan.com\/km\/\",\"logo\":{\"@type\":\"ImageObject\",\"inLanguage\":\"vi\",\"@id\":\"https:\/\/lynnhan.com\/km\/#\/schema\/logo\/image\/\",\"url\":\"https:\/\/pub-78925c7bf9ca4c6d820df8293a5c116c.r2.dev\/2024\/07\/LynnHan-logo3.png\",\"contentUrl\":\"https:\/\/pub-78925c7bf9ca4c6d820df8293a5c116c.r2.dev\/2024\/07\/LynnHan-logo3.png\",\"width\":390,\"height\":130,\"caption\":\"Lynnhan - Trusted Supplier | LED\/OLED\/LCD\/E-paper digital signages\"},\"image\":{\"@id\":\"https:\/\/lynnhan.com\/km\/#\/schema\/logo\/image\/\"}}]}<\/script>\n<!-- \/ Yoast SEO plugin. -->","yoast_head_json":{"title":"H\u01b0\u1edbng d\u1eabn bi\u1ec3u m\u1eabu li\u00ean h\u1ec7 nhanh - Lynnhan smart boards manufacturer","description":"C\u1ea7n h\u1ed7 tr\u1ee3 t\u1eeb nh\u00e0 s\u1ea3n xu\u1ea5t Lynnhan smart boards ngay l\u1eadp t\u1ee9c ho\u1eb7c c\u00f3 c\u00e2u h\u1ecfi? Form li\u00ean h\u1ec7 c\u1ee7a ch\u00fang t\u00f4i \u0111\u1ea3m b\u1ea3o b\u1ea1n s\u1ebd \u0111\u01b0\u1ee3c l\u1eafng nghe. H\u00e3y li\u00ean h\u1ec7 ngay h\u00f4m nay!","robots":{"index":"index","follow":"follow","max-snippet":"max-snippet:-1","max-image-preview":"max-image-preview:large","max-video-preview":"max-video-preview:-1"},"canonical":"https:\/\/lynnhan.com\/vi\/thong-tin-lien-he-chung-toi\/","og_locale":"vi_VN","og_type":"article","og_title":"Quick Contact Form Guide-Lynnhan smart boards manufacturer","og_description":"Need immediate Lynnhan smart boards manufacturer support or have a question? Our contact form ensures you're heard. Reach out today!","og_url":"https:\/\/lynnhan.com\/vi\/thong-tin-lien-he-chung-toi\/","og_site_name":"Lynnhan - Trusted Supplier | LED\/OLED\/LCD\/E-paper digital signages","article_modified_time":"2024-12-18T14:05:52+00:00","og_image":[{"url":"https:\/\/pub-78925c7bf9ca4c6d820df8293a5c116c.r2.dev\/2024\/12\/contact-us-info.webp","type":"","width":"","height":""}],"twitter_card":"summary_large_image","twitter_misc":{"\u01af\u1edbc t\u00ednh th\u1eddi gian \u0111\u1ecdc":"2 ph\u00fat"},"schema":{"@context":"https:\/\/schema.org","@graph":[{"@type":"WebPage","@id":"https:\/\/lynnhan.com\/ar\/%d9%85%d8%b9%d9%84%d9%88%d9%85%d8%a7%d8%aa-%d8%a7%d9%84%d8%a7%d8%aa%d8%b5%d8%a7%d9%84-%d8%a8%d9%86%d8%a7\/","url":"https:\/\/lynnhan.com\/ar\/%d9%85%d8%b9%d9%84%d9%88%d9%85%d8%a7%d8%aa-%d8%a7%d9%84%d8%a7%d8%aa%d8%b5%d8%a7%d9%84-%d8%a8%d9%86%d8%a7\/","name":"H\u01b0\u1edbng d\u1eabn bi\u1ec3u m\u1eabu li\u00ean h\u1ec7 nhanh - Lynnhan smart boards manufacturer","isPartOf":{"@id":"https:\/\/lynnhan.com\/km\/#website"},"primaryImageOfPage":{"@id":"https:\/\/lynnhan.com\/ar\/%d9%85%d8%b9%d9%84%d9%88%d9%85%d8%a7%d8%aa-%d8%a7%d9%84%d8%a7%d8%aa%d8%b5%d8%a7%d9%84-%d8%a8%d9%86%d8%a7\/#primaryimage"},"image":{"@id":"https:\/\/lynnhan.com\/ar\/%d9%85%d8%b9%d9%84%d9%88%d9%85%d8%a7%d8%aa-%d8%a7%d9%84%d8%a7%d8%aa%d8%b5%d8%a7%d9%84-%d8%a8%d9%86%d8%a7\/#primaryimage"},"thumbnailUrl":"https:\/\/pub-78925c7bf9ca4c6d820df8293a5c116c.r2.dev\/2024\/12\/contact-us-info.webp","datePublished":"2024-02-26T13:29:25+00:00","dateModified":"2024-12-18T14:05:52+00:00","description":"C\u1ea7n h\u1ed7 tr\u1ee3 t\u1eeb nh\u00e0 s\u1ea3n xu\u1ea5t Lynnhan smart boards ngay l\u1eadp t\u1ee9c ho\u1eb7c c\u00f3 c\u00e2u h\u1ecfi? Form li\u00ean h\u1ec7 c\u1ee7a ch\u00fang t\u00f4i \u0111\u1ea3m b\u1ea3o b\u1ea1n s\u1ebd \u0111\u01b0\u1ee3c l\u1eafng nghe. H\u00e3y li\u00ean h\u1ec7 ngay h\u00f4m nay!","breadcrumb":{"@id":"https:\/\/lynnhan.com\/ar\/%d9%85%d8%b9%d9%84%d9%88%d9%85%d8%a7%d8%aa-%d8%a7%d9%84%d8%a7%d8%aa%d8%b5%d8%a7%d9%84-%d8%a8%d9%86%d8%a7\/#breadcrumb"},"inLanguage":"vi","potentialAction":[{"@type":"ReadAction","target":["https:\/\/lynnhan.com\/ar\/%d9%85%d8%b9%d9%84%d9%88%d9%85%d8%a7%d8%aa-%d8%a7%d9%84%d8%a7%d8%aa%d8%b5%d8%a7%d9%84-%d8%a8%d9%86%d8%a7\/"]}]},{"@type":"ImageObject","inLanguage":"vi","@id":"https:\/\/lynnhan.com\/ar\/%d9%85%d8%b9%d9%84%d9%88%d9%85%d8%a7%d8%aa-%d8%a7%d9%84%d8%a7%d8%aa%d8%b5%d8%a7%d9%84-%d8%a8%d9%86%d8%a7\/#primaryimage","url":"https:\/\/pub-78925c7bf9ca4c6d820df8293a5c116c.r2.dev\/2024\/12\/contact-us-info.webp","contentUrl":"https:\/\/pub-78925c7bf9ca4c6d820df8293a5c116c.r2.dev\/2024\/12\/contact-us-info.webp"},{"@type":"BreadcrumbList","@id":"https:\/\/lynnhan.com\/ar\/%d9%85%d8%b9%d9%84%d9%88%d9%85%d8%a7%d8%aa-%d8%a7%d9%84%d8%a7%d8%aa%d8%b5%d8%a7%d9%84-%d8%a8%d9%86%d8%a7\/#breadcrumb","itemListElement":[{"@type":"ListItem","position":1,"name":"Home","item":"https:\/\/lynnhan.com\/"},{"@type":"ListItem","position":2,"name":"Contact Us Info"}]},{"@type":"WebSite","@id":"https:\/\/lynnhan.com\/km\/#website","url":"https:\/\/lynnhan.com\/km\/","name":"Lynnhan - Nh\u00e0 cung c\u1ea5p \u0111\u00e1ng tin c\u1eady | \u0110signage s\u1ed1 LED\/OLED\/LCD\/E-paper","description":"Lynnhan - Nh\u00e0 cung c\u1ea5p tin c\u1eady |  \u0110\u00e8n LED\/OLED\/LCD\/E-paper b\u1ea3ng qu\u1ea3ng c\u00e1o s\u1ed1 h\u00f3a","publisher":{"@id":"https:\/\/lynnhan.com\/km\/#organization"},"potentialAction":[{"@type":"SearchAction","target":{"@type":"EntryPoint","urlTemplate":"https:\/\/lynnhan.com\/km\/?s={search_term_string}"},"query-input":{"@type":"PropertyValueSpecification","valueRequired":true,"valueName":"search_term_string"}}],"inLanguage":"vi"},{"@type":"Organization","@id":"https:\/\/lynnhan.com\/km\/#organization","name":"Lynnhan - Nh\u00e0 cung c\u1ea5p \u0111\u00e1ng tin c\u1eady | \u0110signage s\u1ed1 LED\/OLED\/LCD\/E-paper","url":"https:\/\/lynnhan.com\/km\/","logo":{"@type":"ImageObject","inLanguage":"vi","@id":"https:\/\/lynnhan.com\/km\/#\/schema\/logo\/image\/","url":"https:\/\/pub-78925c7bf9ca4c6d820df8293a5c116c.r2.dev\/2024\/07\/LynnHan-logo3.png","contentUrl":"https:\/\/pub-78925c7bf9ca4c6d820df8293a5c116c.r2.dev\/2024\/07\/LynnHan-logo3.png","width":390,"height":130,"caption":"Lynnhan - Trusted Supplier | LED\/OLED\/LCD\/E-paper digital signages"},"image":{"@id":"https:\/\/lynnhan.com\/km\/#\/schema\/logo\/image\/"}}]}},"jetpack_sharing_enabled":true,"_links":{"self":[{"href":"https:\/\/lynnhan.com\/vi\/wp-json\/wp\/v2\/pages\/483","targetHints":{"allow":["GET"]}}],"collection":[{"href":"https:\/\/lynnhan.com\/vi\/wp-json\/wp\/v2\/pages"}],"about":[{"href":"https:\/\/lynnhan.com\/vi\/wp-json\/wp\/v2\/types\/page"}],"author":[{"embeddable":true,"href":"https:\/\/lynnhan.com\/vi\/wp-json\/wp\/v2\/users\/1"}],"replies":[{"embeddable":true,"href":"https:\/\/lynnhan.com\/vi\/wp-json\/wp\/v2\/comments?post=483"}],"version-history":[{"count":0,"href":"https:\/\/lynnhan.com\/vi\/wp-json\/wp\/v2\/pages\/483\/revisions"}],"wp:attachment":[{"href":"https:\/\/lynnhan.com\/vi\/wp-json\/wp\/v2\/media?parent=483"}],"curies":[{"name":"wp","href":"https:\/\/api.w.org\/{rel}","templated":true}]}}