{"id":3,"date":"2024-02-24T07:46:55","date_gmt":"2024-02-24T07:46:55","guid":{"rendered":"https:\/\/lynnhan.com\/?page_id=3"},"modified":"2024-12-18T10:36:41","modified_gmt":"2024-12-18T10:36:41","slug":"chinh-sach-quyen-rieng-tu","status":"publish","type":"page","link":"https:\/\/lynnhan.com\/vi\/chinh-sach-quyen-rieng-tu\/","title":{"rendered":"Ch\u00ednh s\u00e1ch b\u1ea3o m\u1eadt"},"content":{"rendered":"<div data-elementor-type=\"wp-page\" data-elementor-id=\"3\" class=\"elementor elementor-3\" data-elementor-post-type=\"page\">\n\t\t\t\t<div class=\"elementor-element elementor-element-e9b38ac e-flex e-con-boxed e-con e-parent\" data-id=\"e9b38ac\" data-element_type=\"container\">\n\t\t\t\t\t<div class=\"e-con-inner\">\n\t\t\t\t<div class=\"elementor-element elementor-element-83498b3 elementor-widget elementor-widget-image\" data-id=\"83498b3\" data-element_type=\"widget\" data-widget_type=\"image.default\">\n\t\t\t\t<div class=\"elementor-widget-container\">\n\t\t\t\t\t\t\t\t\t\t\t\t\t\t\t<img fetchpriority=\"high\" decoding=\"async\" width=\"1456\" height=\"816\" src=\"https:\/\/pub-78925c7bf9ca4c6d820df8293a5c116c.r2.dev\/2024\/12\/Privacy-Policy.webp\" class=\"attachment-full size-full wp-image-3315\" alt=\"Ch\u00ednh s\u00e1ch B\u1ea3o m\u1eadt Cung c\u1ea5p LED T\u1ea5t c\u1ea3 Trong M\u1ed9t\" srcset=\"https:\/\/pub-78925c7bf9ca4c6d820df8293a5c116c.r2.dev\/2024\/12\/Privacy-Policy.webp 1456w, https:\/\/pub-78925c7bf9ca4c6d820df8293a5c116c.r2.dev\/2024\/12\/Privacy-Policy-700x392.webp 700w, https:\/\/pub-78925c7bf9ca4c6d820df8293a5c116c.r2.dev\/2024\/12\/Privacy-Policy-1024x574.webp 1024w, https:\/\/pub-78925c7bf9ca4c6d820df8293a5c116c.r2.dev\/2024\/12\/Privacy-Policy-768x430.webp 768w, https:\/\/pub-78925c7bf9ca4c6d820df8293a5c116c.r2.dev\/2024\/12\/Privacy-Policy-18x10.webp 18w, https:\/\/pub-78925c7bf9ca4c6d820df8293a5c116c.r2.dev\/2024\/12\/Privacy-Policy-1140x639.webp 1140w, https:\/\/pub-78925c7bf9ca4c6d820df8293a5c116c.r2.dev\/2024\/12\/Privacy-Policy-920x516.webp 920w, https:\/\/pub-78925c7bf9ca4c6d820df8293a5c116c.r2.dev\/2024\/12\/Privacy-Policy-575x322.webp 575w, https:\/\/pub-78925c7bf9ca4c6d820df8293a5c116c.r2.dev\/2024\/12\/Privacy-Policy-380x213.webp 380w, https:\/\/pub-78925c7bf9ca4c6d820df8293a5c116c.r2.dev\/2024\/12\/Privacy-Policy-1320x740.webp 1320w, https:\/\/pub-78925c7bf9ca4c6d820df8293a5c116c.r2.dev\/2024\/12\/Privacy-Policy-800x448.webp 800w\" sizes=\"(max-width: 1456px) 100vw, 1456px\" \/>\t\t\t\t\t\t\t\t\t\t\t\t\t\t\t<\/div>\n\t\t\t\t<\/div>\n\t\t\t\t\t<\/div>\n\t\t\t\t<\/div>\n\t\t<div class=\"elementor-element elementor-element-f7a3023 e-flex e-con-boxed e-con e-parent\" data-id=\"f7a3023\" data-element_type=\"container\">\n\t\t\t\t\t<div class=\"e-con-inner\">\n\t\t\t\t<div class=\"elementor-element elementor-element-77782203 elementor-widget elementor-widget-text-editor\" data-id=\"77782203\" data-element_type=\"widget\" data-widget_type=\"text-editor.default\">\n\t\t\t\t<div class=\"elementor-widget-container\">\n\t\t\t\t\t\t\t\t\t<h3>1. Ch\u00ednh s\u00e1ch B\u1ea3o m\u1eadt cho Lynnhan<\/h3>\n<p><strong>2. Ng\u00e0y Hi\u1ec7u l\u1ef1c: 02\/28\/2024<br \/><\/strong><\/p>\n<p>3. T\u1ea1i Lynnhan, ch\u00fang t\u00f4i cam k\u1ebft b\u1ea3o v\u1ec7 quy\u1ec1n ri\u00eang t\u01b0 c\u1ee7a b\u1ea1n. Ch\u00ednh s\u00e1ch B\u1ea3o m\u1eadt n\u00e0y n\u00eau r\u00f5 c\u00e1c lo\u1ea1i th\u00f4ng tin c\u00e1 nh\u00e2n ch\u00fang t\u00f4i thu th\u1eadp, c\u00e1ch ch\u00fang t\u00f4i s\u1eed d\u1ee5ng n\u00f3 v\u00e0 c\u00e1c bi\u1ec7n ph\u00e1p ch\u00fang t\u00f4i th\u1ef1c hi\u1ec7n \u0111\u1ec3 \u0111\u1ea3m b\u1ea3o d\u1eef li\u1ec7u c\u1ee7a b\u1ea1n \u0111\u01b0\u1ee3c b\u1ea3o v\u1ec7. B\u1eb1ng vi\u1ec7c s\u1eed d\u1ee5ng d\u1ecbch v\u1ee5 v\u00e0 s\u1ea3n ph\u1ea9m c\u1ee7a ch\u00fang t\u00f4i, b\u1ea1n \u0111\u1ed3ng \u00fd v\u1edbi vi\u1ec7c thu th\u1eadp v\u00e0 s\u1eed d\u1ee5ng th\u00f4ng tin theo ch\u00ednh s\u00e1ch n\u00e0y.<\/p>\n<p><strong>4. Thu th\u1eadp v\u00e0 S\u1eed d\u1ee5ng Th\u00f4ng tin<\/strong><\/p>\n<ul>\n<li><strong>5. Th\u00f4ng tin C\u00e1 nh\u00e2n<\/strong>6. : Ch\u00fang t\u00f4i thu th\u1eadp th\u00f4ng tin c\u00e1 nh\u00e2n nh\u01b0 t\u00ean, \u0111\u1ecba ch\u1ec9 email, s\u1ed1 \u0111i\u1ec7n tho\u1ea1i v\u00e0 \u0111\u1ecba ch\u1ec9 giao h\u00e0ng c\u1ee7a b\u1ea1n khi b\u1ea1n \u0111\u0103ng k\u00fd tr\u00ean trang web c\u1ee7a ch\u00fang t\u00f4i, \u0111\u1eb7t h\u00e0ng, \u0111\u0103ng k\u00fd nh\u1eadn tin t\u1ee9c c\u1ee7a ch\u00fang t\u00f4i ho\u1eb7c li\u00ean h\u1ec7 v\u1edbi ch\u00fang t\u00f4i \u0111\u1ec3 h\u1ed7 tr\u1ee3. Th\u00f4ng tin n\u00e0y \u0111\u01b0\u1ee3c s\u1eed d\u1ee5ng \u0111\u1ec3 ho\u00e0n th\u00e0nh giao d\u1ecbch, giao h\u00e0ng s\u1ea3n ph\u1ea9m v\u00e0 d\u1ecbch v\u1ee5, v\u00e0 li\u00ean h\u1ec7 v\u1edbi b\u1ea1n.<\/li>\n<li><strong>7. D\u1eef li\u1ec7u S\u1eed d\u1ee5ng<\/strong>8. : Ch\u00fang t\u00f4i c\u0169ng c\u00f3 th\u1ec3 thu th\u1eadp th\u00f4ng tin v\u1ec1 c\u00e1ch truy c\u1eadp v\u00e0 s\u1eed d\u1ee5ng D\u1ecbch v\u1ee5 (\u201cD\u1eef li\u1ec7u S\u1eed d\u1ee5ng\u201d). D\u1eef li\u1ec7u S\u1eed d\u1ee5ng n\u00e0y c\u00f3 th\u1ec3 bao g\u1ed3m c\u00e1c chi ti\u1ebft nh\u01b0 \u0111\u1ecba ch\u1ec9 IP c\u1ee7a m\u00e1y t\u00ednh c\u1ee7a b\u1ea1n (v\u00ed d\u1ee5: \u0111\u1ecba ch\u1ec9 IP), lo\u1ea1i tr\u00ecnh duy\u1ec7t, phi\u00ean b\u1ea3n tr\u00ecnh duy\u1ec7t, c\u00e1c trang c\u1ee7a D\u1ecbch v\u1ee5 m\u00e0 b\u1ea1n truy c\u1eadp, th\u1eddi gian v\u00e0 ng\u00e0y c\u1ee7a vi\u1ec7c truy c\u1eadp, th\u1eddi gian d\u00e0nh tr\u00ean nh\u1eefng trang \u0111\u00f3 v\u00e0 c\u00e1c d\u1eef li\u1ec7u ch\u1ea9n \u0111o\u00e1n kh\u00e1c.<\/li>\n<\/ul>\n<p><strong>9. Cookies v\u00e0 D\u1eef li\u1ec7u Theo d\u00f5i<\/strong><\/p>\n<p>10. Ch\u00fang t\u00f4i s\u1eed d\u1ee5ng cookies v\u00e0 c\u00e1c c\u00f4ng ngh\u1ec7 theo d\u00f5i t\u01b0\u01a1ng t\u1ef1 \u0111\u1ec3 theo d\u00f5i ho\u1ea1t \u0111\u1ed9ng tr\u00ean D\u1ecbch v\u1ee5 v\u00e0 l\u01b0u tr\u1eef certain th\u00f4ng tin. Cookies l\u00e0 c\u00e1c t\u1ec7p v\u1edbi m\u1ed9t l\u01b0\u1ee3ng d\u1eef li\u1ec7u nh\u1ecf c\u00f3 th\u1ec3 bao g\u1ed3m m\u1ed9t m\u00e3 \u0111\u1ecbnh danh duy nh\u1ea5t kh\u00f4ng th\u1ec3 x\u00e1c \u0111\u1ecbnh. B\u1ea1n c\u00f3 th\u1ec3 h\u01b0\u1edbng d\u1eabn tr\u00ecnh duy\u1ec7t c\u1ee7a m\u00ecnh t\u1eeb ch\u1ed1i t\u1ea5t c\u1ea3 c\u00e1c cookies ho\u1eb7c \u0111\u1ec3 ch\u1ec9 ra khi m\u1ed9t cookie \u0111ang \u0111\u01b0\u1ee3c g\u1eedi. Tuy nhi\u00ean, n\u1ebfu b\u1ea1n kh\u00f4ng ch\u1ea5p nh\u1eadn cookies, b\u1ea1n c\u00f3 th\u1ec3 kh\u00f4ng th\u1ec3 s\u1eed d\u1ee5ng m\u1ed9t s\u1ed1 ph\u1ea7n c\u1ee7a D\u1ecbch v\u1ee5 c\u1ee7a ch\u00fang t\u00f4i.<\/p>\n<p><strong>11. S\u1eed d\u1ee5ng D\u1eef li\u1ec7u<\/strong><\/p>\n<p>12. Lynnhan s\u1eed d\u1ee5ng d\u1eef li\u1ec7u thu th\u1eadp \u0111\u01b0\u1ee3c cho nhi\u1ec1u m\u1ee5c \u0111\u00edch:<\/p>\n<ul>\n<li>13. \u0110\u1ec3 cung c\u1ea5p v\u00e0 duy tr\u00ec D\u1ecbch v\u1ee5 c\u1ee7a ch\u00fang t\u00f4i<\/li>\n<li>14. \u0110\u1ec3 th\u00f4ng b\u00e1o cho b\u1ea1n v\u1ec1 c\u00e1c thay \u0111\u1ed5i trong D\u1ecbch v\u1ee5 c\u1ee7a ch\u00fang t\u00f4i<\/li>\n<li>15. \u0110\u1ec3 cho ph\u00e9p b\u1ea1n tham gia v\u00e0o c\u00e1c t\u00ednh n\u0103ng t\u01b0\u01a1ng t\u00e1c c\u1ee7a D\u1ecbch v\u1ee5 khi b\u1ea1n ch\u1ecdn l\u00e0m th\u1ebf<\/li>\n<li>16. \u0110\u1ec3 cung c\u1ea5p h\u1ed7 tr\u1ee3 kh\u00e1ch h\u00e0ng<\/li>\n<li>17. \u0110\u1ec3 thu th\u1eadp ph\u00e2n t\u00edch ho\u1eb7c th\u00f4ng tin qu\u00fd gi\u00e1 \u0111\u1ec3 ch\u00fang t\u00f4i c\u00f3 th\u1ec3 c\u1ea3i thi\u1ec7n D\u1ecbch v\u1ee5 c\u1ee7a ch\u00fang t\u00f4i<\/li>\n<li>18. \u0110\u1ec3 theo d\u00f5i vi\u1ec7c s\u1eed d\u1ee5ng D\u1ecbch v\u1ee5 c\u1ee7a ch\u00fang t\u00f4i<\/li>\n<li>19. \u0110\u1ec3 ph\u00e1t hi\u1ec7n, ng\u0103n ch\u1eb7n v\u00e0 gi\u1ea3i quy\u1ebft c\u00e1c v\u1ea5n \u0111\u1ec1 k\u1ef9 thu\u1eadt<\/li>\n<\/ul>\n<p><strong>20. Chia s\u1ebb v\u00e0 Khai b\u00e1o D\u1eef li\u1ec7u<\/strong><\/p>\n<p>21. Lynnhan s\u1ebd kh\u00f4ng chia s\u1ebb ho\u1eb7c c\u00f4ng b\u1ed1 th\u00f4ng tin c\u1ee7a b\u1ea1n cho b\u1ea5t k\u1ef3 ai tr\u1eeb khi \u0111\u01b0\u1ee3c m\u00f4 t\u1ea3 trong Ch\u00ednh s\u00e1ch B\u1ea3o m\u1eadt n\u00e0y. Ch\u00fang t\u00f4i c\u00f3 th\u1ec3 chia s\u1ebb th\u00f4ng tin c\u1ee7a b\u1ea1n v\u1edbi c\u00e1c nh\u00e0 cung c\u1ea5p d\u1ecbch v\u1ee5 th\u1ee9 ba \u0111\u1ec3 th\u1ef1c hi\u1ec7n c\u00e1c d\u1ecbch v\u1ee5 li\u00ean quan \u0111\u1ebfn D\u1ecbch v\u1ee5 ho\u1eb7c \u0111\u1ec3 h\u1ed7 tr\u1ee3 ch\u00fang t\u00f4i trong vi\u1ec7c ph\u00e2n t\u00edch c\u00e1ch s\u1eed d\u1ee5ng D\u1ecbch v\u1ee5 c\u1ee7a ch\u00fang t\u00f4i. Nh\u1eefng b\u00ean th\u1ee9 ba n\u00e0y ch\u1ec9 c\u00f3 quy\u1ec1n truy c\u1eadp v\u00e0o Th\u00f4ng tin C\u00e1 nh\u00e2n c\u1ee7a b\u1ea1n \u0111\u1ec3 th\u1ef1c hi\u1ec7n c\u00e1c nhi\u1ec7m v\u1ee5 thay m\u1eb7t ch\u00fang t\u00f4i v\u00e0 c\u00f3 ngh\u0129a v\u1ee5 kh\u00f4ng ti\u1ebft l\u1ed9 ho\u1eb7c s\u1eed d\u1ee5ng n\u00f3 cho b\u1ea5t k\u1ef3 m\u1ee5c \u0111\u00edch n\u00e0o kh\u00e1c.<\/p>\n<p><strong>22. B\u1ea3o m\u1eadt D\u1eef li\u1ec7u<\/strong><\/p>\n<p>23. B\u1ea3o m\u1eadt c\u1ee7a d\u1eef li\u1ec7u c\u1ee7a b\u1ea1n r\u1ea5t quan tr\u1ecdng v\u1edbi ch\u00fang t\u00f4i, nh\u01b0ng h\u00e3y nh\u1edb r\u1eb1ng kh\u00f4ng c\u00f3 ph\u01b0\u01a1ng ph\u00e1p truy\u1ec1n t\u1ea3i qua Internet ho\u1eb7c ph\u01b0\u01a1ng ph\u00e1p l\u01b0u tr\u1eef \u0111i\u1ec7n t\u1eed n\u00e0o l\u00e0 100% an to\u00e0n. M\u1eb7c d\u00f9 ch\u00fang t\u00f4i n\u1ed7 l\u1ef1c s\u1eed d\u1ee5ng c\u00e1c bi\u1ec7n ph\u00e1p th\u01b0\u01a1ng m\u1ea1i ch\u1ea5p nh\u1eadn \u0111\u01b0\u1ee3c \u0111\u1ec3 b\u1ea3o v\u1ec7 Th\u00f4ng tin C\u00e1 nh\u00e2n c\u1ee7a b\u1ea1n,\u4f46\u6211\u4eec kh\u00f4ng th\u1ec3 \u0111\u1ea3m b\u1ea3o s\u1ef1 an to\u00e0n tuy\u1ec7t \u0111\u1ed1i c\u1ee7a n\u00f3.<\/p>\n<p><strong>24. Quy\u1ec1n c\u1ee7a B\u1ea1n<\/strong><\/p>\n<p>25. B\u1ea1n c\u00f3 quy\u1ec1n truy c\u1eadp, c\u1eadp nh\u1eadt ho\u1eb7c x\u00f3a th\u00f4ng tin ch\u00fang t\u00f4i c\u00f3 v\u1ec1 b\u1ea1n. Khiempre possible, b\u1ea1n c\u00f3 th\u1ec3 truy c\u1eadp, c\u1eadp nh\u1eadt ho\u1eb7c y\u00eau c\u1ea7u x\u00f3a Th\u00f4ng tin C\u00e1 nh\u00e2n c\u1ee7a b\u1ea1n tr\u1ef1c ti\u1ebfp trong ph\u1ea7n c\u00e0i \u0111\u1eb7t t\u00e0i kho\u1ea3n c\u1ee7a b\u1ea1n. N\u1ebfu b\u1ea1n kh\u00f4ng th\u1ec3 t\u1ef1 th\u1ef1c hi\u1ec7n c\u00e1c h\u00e0nh \u0111\u1ed9ng n\u00e0y, xin vui l\u00f2ng li\u00ean h\u1ec7 v\u1edbi ch\u00fang t\u00f4i \u0111\u1ec3 h\u1ed7 tr\u1ee3 b\u1ea1n.<\/p>\n<p><strong>26. Thay \u0111\u1ed5i Ch\u00ednh s\u00e1ch B\u1ea3o m\u1eadt n\u00e0y<\/strong><\/p>\n<p>27. Ch\u00fang t\u00f4i c\u00f3 th\u1ec3 c\u1eadp nh\u1eadt Ch\u00ednh s\u00e1ch B\u1ea3o m\u1eadt c\u1ee7a ch\u00fang t\u00f4i t\u1eeb th\u1eddi gian n\u00e0y sang th\u1eddi gian kh\u00e1c. Ch\u00fang t\u00f4i s\u1ebd th\u00f4ng b\u00e1o cho b\u1ea1n<\/p>\n<p><strong>Contact Us<\/strong><\/p>\n<p>If you have any questions about this Privacy Policy, please contact us:<\/p>\n<ul>\n<li>By email: contact@xinxiangt.sg-host.com<\/li>\n<\/ul>\n<p>B\u1ea3o m\u1eadt ri\u00eang t\u01b0 c\u1ee7a b\u1ea1n l\u00e0 \u0111i\u1ec1u v\u00f4 c\u00f9ng quan tr\u1ecdng \u0111\u1ed1i v\u1edbi Lynnhan, v\u00e0 ch\u00fang t\u00f4i cam k\u1ebft b\u1ea3o v\u1ec7 th\u00f4ng tin c\u00e1 nh\u00e2n m\u00e0 b\u1ea1n tin t\u01b0\u1edfng giao ph\u00f3 cho ch\u00fang t\u00f4i.<\/p>\n\t\t\t\t\t\t\t\t<\/div>\n\t\t\t\t<\/div>\n\t\t\t\t\t<\/div>\n\t\t\t\t<\/div>\n\t\t\t\t<\/div>","protected":false},"excerpt":{"rendered":"<p>Privacy Policy for Lynnhan Effective Date: 02\/28\/2024 At Lynnhan, we are committed to protecting your privacy. This Privacy Policy outlines the types of personal information we collect, how we use [\u2026]<\/p>","protected":false},"author":1,"featured_media":0,"parent":0,"menu_order":0,"comment_status":"closed","ping_status":"open","template":"","meta":{"footnotes":""},"class_list":["post-3","page","type-page","status-publish","hentry"],"yoast_head":"<!-- This site is optimized with the Yoast SEO plugin v26.6 - https:\/\/yoast.com\/wordpress\/plugins\/seo\/ -->\n<title>Safeguard your privacy | Lynnhan Smart Display Manufacturer<\/title>\n<meta name=\"description\" content=\"Safeguard your privacy with LynnHan smart display manufacturer&#039;s policy. We&#039;re committed to protecting your information with care.\" \/>\n<meta name=\"robots\" content=\"index, follow, max-snippet:-1, max-image-preview:large, max-video-preview:-1\" \/>\n<link rel=\"canonical\" href=\"https:\/\/lynnhan.com\/vi\/chinh-sach-quyen-rieng-tu\/\" \/>\n<meta property=\"og:locale\" content=\"vi_VN\" \/>\n<meta property=\"og:type\" content=\"article\" \/>\n<meta property=\"og:title\" content=\"Safeguard your privacy | Lynnhan Smart Display Manufacturer\" \/>\n<meta property=\"og:description\" content=\"Safeguard your privacy with LynnHan smart display manufacturer&#039;s policy. We&#039;re committed to protecting your information with care.\" \/>\n<meta property=\"og:url\" content=\"https:\/\/lynnhan.com\/vi\/chinh-sach-quyen-rieng-tu\/\" \/>\n<meta property=\"og:site_name\" content=\"Lynnhan - Trusted Supplier | LED\/OLED\/LCD\/E-paper digital signages\" \/>\n<meta property=\"article:modified_time\" content=\"2024-12-18T10:36:41+00:00\" \/>\n<meta property=\"og:image\" content=\"https:\/\/pub-78925c7bf9ca4c6d820df8293a5c116c.r2.dev\/2024\/12\/Privacy-Policy.webp\" \/>\n<meta name=\"twitter:card\" content=\"summary_large_image\" \/>\n<meta name=\"twitter:label1\" content=\"\u01af\u1edbc t\u00ednh th\u1eddi gian \u0111\u1ecdc\" \/>\n\t<meta name=\"twitter:data1\" content=\"3 ph\u00fat\" \/>\n<script type=\"application\/ld+json\" class=\"yoast-schema-graph\">{\"@context\":\"https:\/\/schema.org\",\"@graph\":[{\"@type\":\"WebPage\",\"@id\":\"https:\/\/lynnhan.com\/en\/privacy-policy\/\",\"url\":\"https:\/\/lynnhan.com\/en\/privacy-policy\/\",\"name\":\"Safeguard your privacy | Lynnhan Smart Display Manufacturer\",\"isPartOf\":{\"@id\":\"https:\/\/lynnhan.com\/km\/#website\"},\"primaryImageOfPage\":{\"@id\":\"https:\/\/lynnhan.com\/en\/privacy-policy\/#primaryimage\"},\"image\":{\"@id\":\"https:\/\/lynnhan.com\/en\/privacy-policy\/#primaryimage\"},\"thumbnailUrl\":\"https:\/\/pub-78925c7bf9ca4c6d820df8293a5c116c.r2.dev\/2024\/12\/Privacy-Policy.webp\",\"datePublished\":\"2024-02-24T07:46:55+00:00\",\"dateModified\":\"2024-12-18T10:36:41+00:00\",\"description\":\"Safeguard your privacy with LynnHan smart display manufacturer's policy. We're committed to protecting your information with care.\",\"breadcrumb\":{\"@id\":\"https:\/\/lynnhan.com\/en\/privacy-policy\/#breadcrumb\"},\"inLanguage\":\"vi\",\"potentialAction\":[{\"@type\":\"ReadAction\",\"target\":[\"https:\/\/lynnhan.com\/en\/privacy-policy\/\"]}]},{\"@type\":\"ImageObject\",\"inLanguage\":\"vi\",\"@id\":\"https:\/\/lynnhan.com\/en\/privacy-policy\/#primaryimage\",\"url\":\"https:\/\/pub-78925c7bf9ca4c6d820df8293a5c116c.r2.dev\/2024\/12\/Privacy-Policy.webp\",\"contentUrl\":\"https:\/\/pub-78925c7bf9ca4c6d820df8293a5c116c.r2.dev\/2024\/12\/Privacy-Policy.webp\"},{\"@type\":\"BreadcrumbList\",\"@id\":\"https:\/\/lynnhan.com\/en\/privacy-policy\/#breadcrumb\",\"itemListElement\":[{\"@type\":\"ListItem\",\"position\":1,\"name\":\"Home\",\"item\":\"https:\/\/lynnhan.com\/\"},{\"@type\":\"ListItem\",\"position\":2,\"name\":\"Privacy Policy\"}]},{\"@type\":\"WebSite\",\"@id\":\"https:\/\/lynnhan.com\/km\/#website\",\"url\":\"https:\/\/lynnhan.com\/km\/\",\"name\":\"Lynnhan - Trusted Supplier | LED\/OLED\/LCD\/E-paper digital signages\",\"description\":\"Lynnhan - Trusted Supplier |  LED\/OLED\/LCD\/E-paper digital signages\",\"publisher\":{\"@id\":\"https:\/\/lynnhan.com\/km\/#organization\"},\"potentialAction\":[{\"@type\":\"SearchAction\",\"target\":{\"@type\":\"EntryPoint\",\"urlTemplate\":\"https:\/\/lynnhan.com\/km\/?s={search_term_string}\"},\"query-input\":{\"@type\":\"PropertyValueSpecification\",\"valueRequired\":true,\"valueName\":\"search_term_string\"}}],\"inLanguage\":\"vi\"},{\"@type\":\"Organization\",\"@id\":\"https:\/\/lynnhan.com\/km\/#organization\",\"name\":\"Lynnhan - Trusted Supplier | LED\/OLED\/LCD\/E-paper digital signages\",\"url\":\"https:\/\/lynnhan.com\/km\/\",\"logo\":{\"@type\":\"ImageObject\",\"inLanguage\":\"vi\",\"@id\":\"https:\/\/lynnhan.com\/km\/#\/schema\/logo\/image\/\",\"url\":\"https:\/\/pub-78925c7bf9ca4c6d820df8293a5c116c.r2.dev\/2024\/07\/LynnHan-logo3.png\",\"contentUrl\":\"https:\/\/pub-78925c7bf9ca4c6d820df8293a5c116c.r2.dev\/2024\/07\/LynnHan-logo3.png\",\"width\":390,\"height\":130,\"caption\":\"Lynnhan - Trusted Supplier | LED\/OLED\/LCD\/E-paper digital signages\"},\"image\":{\"@id\":\"https:\/\/lynnhan.com\/km\/#\/schema\/logo\/image\/\"}}]}<\/script>\n<!-- \/ Yoast SEO plugin. -->","yoast_head_json":{"title":"B\u1ea3o v\u1ec7 quy\u1ec1n ri\u00eang t\u01b0 c\u1ee7a b\u1ea1n | Lynnhan Smart Display Manufacturer","description":"B\u1ea3o v\u1ec7 quy\u1ec1n ri\u00eang t\u01b0 c\u1ee7a b\u1ea1n b\u1eb1ng ch\u00ednh s\u00e1ch c\u1ee7a nh\u00e0 s\u1ea3n xu\u1ea5t m\u00e0n h\u00ecnh th\u00f4ng minh LynnHan. Ch\u00fang t\u00f4i cam k\u1ebft b\u1ea3o v\u1ec7 th\u00f4ng tin c\u1ee7a b\u1ea1n m\u1ed9t c\u00e1ch c\u1ea9n th\u1eadn.","robots":{"index":"index","follow":"follow","max-snippet":"max-snippet:-1","max-image-preview":"max-image-preview:large","max-video-preview":"max-video-preview:-1"},"canonical":"https:\/\/lynnhan.com\/vi\/chinh-sach-quyen-rieng-tu\/","og_locale":"vi_VN","og_type":"article","og_title":"Safeguard your privacy | Lynnhan Smart Display Manufacturer","og_description":"Safeguard your privacy with LynnHan smart display manufacturer's policy. We're committed to protecting your information with care.","og_url":"https:\/\/lynnhan.com\/vi\/chinh-sach-quyen-rieng-tu\/","og_site_name":"Lynnhan - Trusted Supplier | LED\/OLED\/LCD\/E-paper digital signages","article_modified_time":"2024-12-18T10:36:41+00:00","og_image":[{"url":"https:\/\/pub-78925c7bf9ca4c6d820df8293a5c116c.r2.dev\/2024\/12\/Privacy-Policy.webp","type":"","width":"","height":""}],"twitter_card":"summary_large_image","twitter_misc":{"\u01af\u1edbc t\u00ednh th\u1eddi gian \u0111\u1ecdc":"3 ph\u00fat"},"schema":{"@context":"https:\/\/schema.org","@graph":[{"@type":"WebPage","@id":"https:\/\/lynnhan.com\/en\/privacy-policy\/","url":"https:\/\/lynnhan.com\/en\/privacy-policy\/","name":"B\u1ea3o v\u1ec7 quy\u1ec1n ri\u00eang t\u01b0 c\u1ee7a b\u1ea1n | Lynnhan Smart Display Manufacturer","isPartOf":{"@id":"https:\/\/lynnhan.com\/km\/#website"},"primaryImageOfPage":{"@id":"https:\/\/lynnhan.com\/en\/privacy-policy\/#primaryimage"},"image":{"@id":"https:\/\/lynnhan.com\/en\/privacy-policy\/#primaryimage"},"thumbnailUrl":"https:\/\/pub-78925c7bf9ca4c6d820df8293a5c116c.r2.dev\/2024\/12\/Privacy-Policy.webp","datePublished":"2024-02-24T07:46:55+00:00","dateModified":"2024-12-18T10:36:41+00:00","description":"B\u1ea3o v\u1ec7 quy\u1ec1n ri\u00eang t\u01b0 c\u1ee7a b\u1ea1n b\u1eb1ng ch\u00ednh s\u00e1ch c\u1ee7a nh\u00e0 s\u1ea3n xu\u1ea5t m\u00e0n h\u00ecnh th\u00f4ng minh LynnHan. Ch\u00fang t\u00f4i cam k\u1ebft b\u1ea3o v\u1ec7 th\u00f4ng tin c\u1ee7a b\u1ea1n m\u1ed9t c\u00e1ch c\u1ea9n th\u1eadn.","breadcrumb":{"@id":"https:\/\/lynnhan.com\/en\/privacy-policy\/#breadcrumb"},"inLanguage":"vi","potentialAction":[{"@type":"ReadAction","target":["https:\/\/lynnhan.com\/en\/privacy-policy\/"]}]},{"@type":"ImageObject","inLanguage":"vi","@id":"https:\/\/lynnhan.com\/en\/privacy-policy\/#primaryimage","url":"https:\/\/pub-78925c7bf9ca4c6d820df8293a5c116c.r2.dev\/2024\/12\/Privacy-Policy.webp","contentUrl":"https:\/\/pub-78925c7bf9ca4c6d820df8293a5c116c.r2.dev\/2024\/12\/Privacy-Policy.webp"},{"@type":"BreadcrumbList","@id":"https:\/\/lynnhan.com\/en\/privacy-policy\/#breadcrumb","itemListElement":[{"@type":"ListItem","position":1,"name":"Home","item":"https:\/\/lynnhan.com\/"},{"@type":"ListItem","position":2,"name":"Privacy Policy"}]},{"@type":"WebSite","@id":"https:\/\/lynnhan.com\/km\/#website","url":"https:\/\/lynnhan.com\/km\/","name":"Lynnhan - Nh\u00e0 cung c\u1ea5p \u0111\u00e1ng tin c\u1eady | \u0110signage s\u1ed1 LED\/OLED\/LCD\/E-paper","description":"Lynnhan - Nh\u00e0 cung c\u1ea5p tin c\u1eady |  \u0110\u00e8n LED\/OLED\/LCD\/E-paper b\u1ea3ng qu\u1ea3ng c\u00e1o s\u1ed1 h\u00f3a","publisher":{"@id":"https:\/\/lynnhan.com\/km\/#organization"},"potentialAction":[{"@type":"SearchAction","target":{"@type":"EntryPoint","urlTemplate":"https:\/\/lynnhan.com\/km\/?s={search_term_string}"},"query-input":{"@type":"PropertyValueSpecification","valueRequired":true,"valueName":"search_term_string"}}],"inLanguage":"vi"},{"@type":"Organization","@id":"https:\/\/lynnhan.com\/km\/#organization","name":"Lynnhan - Nh\u00e0 cung c\u1ea5p \u0111\u00e1ng tin c\u1eady | \u0110signage s\u1ed1 LED\/OLED\/LCD\/E-paper","url":"https:\/\/lynnhan.com\/km\/","logo":{"@type":"ImageObject","inLanguage":"vi","@id":"https:\/\/lynnhan.com\/km\/#\/schema\/logo\/image\/","url":"https:\/\/pub-78925c7bf9ca4c6d820df8293a5c116c.r2.dev\/2024\/07\/LynnHan-logo3.png","contentUrl":"https:\/\/pub-78925c7bf9ca4c6d820df8293a5c116c.r2.dev\/2024\/07\/LynnHan-logo3.png","width":390,"height":130,"caption":"Lynnhan - Trusted Supplier | LED\/OLED\/LCD\/E-paper digital signages"},"image":{"@id":"https:\/\/lynnhan.com\/km\/#\/schema\/logo\/image\/"}}]}},"jetpack_sharing_enabled":true,"_links":{"self":[{"href":"https:\/\/lynnhan.com\/vi\/wp-json\/wp\/v2\/pages\/3","targetHints":{"allow":["GET"]}}],"collection":[{"href":"https:\/\/lynnhan.com\/vi\/wp-json\/wp\/v2\/pages"}],"about":[{"href":"https:\/\/lynnhan.com\/vi\/wp-json\/wp\/v2\/types\/page"}],"author":[{"embeddable":true,"href":"https:\/\/lynnhan.com\/vi\/wp-json\/wp\/v2\/users\/1"}],"replies":[{"embeddable":true,"href":"https:\/\/lynnhan.com\/vi\/wp-json\/wp\/v2\/comments?post=3"}],"version-history":[{"count":0,"href":"https:\/\/lynnhan.com\/vi\/wp-json\/wp\/v2\/pages\/3\/revisions"}],"wp:attachment":[{"href":"https:\/\/lynnhan.com\/vi\/wp-json\/wp\/v2\/media?parent=3"}],"curies":[{"name":"wp","href":"https:\/\/api.w.org\/{rel}","templated":true}]}}