{"id":601,"date":"2024-02-28T03:19:26","date_gmt":"2024-02-28T03:19:26","guid":{"rendered":"https:\/\/lynnhan.com\/?page_id=601"},"modified":"2024-12-18T10:32:06","modified_gmt":"2024-12-18T10:32:06","slug":"uygulama-kurallari","status":"publish","type":"page","link":"https:\/\/lynnhan.com\/tr\/uygulama-kurallari\/","title":{"rendered":"Davran\u0131\u015f Kurallar\u0131"},"content":{"rendered":"<div data-elementor-type=\"wp-page\" data-elementor-id=\"601\" class=\"elementor elementor-601\" data-elementor-post-type=\"page\">\n\t\t\t\t<div class=\"elementor-element elementor-element-1f21eb2 e-flex e-con-boxed e-con e-parent\" data-id=\"1f21eb2\" data-element_type=\"container\">\n\t\t\t\t\t<div class=\"e-con-inner\">\n\t\t\t\t<div class=\"elementor-element elementor-element-bfcddf0 elementor-widget elementor-widget-image\" data-id=\"bfcddf0\" data-element_type=\"widget\" data-widget_type=\"image.default\">\n\t\t\t\t<div class=\"elementor-widget-container\">\n\t\t\t\t\t\t\t\t\t\t\t\t\t\t\t<img fetchpriority=\"high\" decoding=\"async\" width=\"1536\" height=\"768\" src=\"https:\/\/pub-78925c7bf9ca4c6d820df8293a5c116c.r2.dev\/2024\/12\/Code-Of-Conduct.webp\" class=\"attachment-full size-full wp-image-3311\" alt=\"T\u00fcm in Bir LED tedarik\u00e7i Davran\u0131\u015f Kurallar\u0131\" srcset=\"https:\/\/pub-78925c7bf9ca4c6d820df8293a5c116c.r2.dev\/2024\/12\/Code-Of-Conduct.webp 1536w, https:\/\/pub-78925c7bf9ca4c6d820df8293a5c116c.r2.dev\/2024\/12\/Code-Of-Conduct-700x350.webp 700w, https:\/\/pub-78925c7bf9ca4c6d820df8293a5c116c.r2.dev\/2024\/12\/Code-Of-Conduct-1024x512.webp 1024w, https:\/\/pub-78925c7bf9ca4c6d820df8293a5c116c.r2.dev\/2024\/12\/Code-Of-Conduct-768x384.webp 768w, https:\/\/pub-78925c7bf9ca4c6d820df8293a5c116c.r2.dev\/2024\/12\/Code-Of-Conduct-18x9.webp 18w, https:\/\/pub-78925c7bf9ca4c6d820df8293a5c116c.r2.dev\/2024\/12\/Code-Of-Conduct-1140x570.webp 1140w, https:\/\/pub-78925c7bf9ca4c6d820df8293a5c116c.r2.dev\/2024\/12\/Code-Of-Conduct-920x460.webp 920w, https:\/\/pub-78925c7bf9ca4c6d820df8293a5c116c.r2.dev\/2024\/12\/Code-Of-Conduct-575x288.webp 575w, https:\/\/pub-78925c7bf9ca4c6d820df8293a5c116c.r2.dev\/2024\/12\/Code-Of-Conduct-380x190.webp 380w, https:\/\/pub-78925c7bf9ca4c6d820df8293a5c116c.r2.dev\/2024\/12\/Code-Of-Conduct-1320x660.webp 1320w, https:\/\/pub-78925c7bf9ca4c6d820df8293a5c116c.r2.dev\/2024\/12\/Code-Of-Conduct-800x400.webp 800w\" sizes=\"(max-width: 1536px) 100vw, 1536px\" \/>\t\t\t\t\t\t\t\t\t\t\t\t\t\t\t<\/div>\n\t\t\t\t<\/div>\n\t\t\t\t\t<\/div>\n\t\t\t\t<\/div>\n\t\t<div class=\"elementor-element elementor-element-7b6aef8e e-flex e-con-boxed e-con e-parent\" data-id=\"7b6aef8e\" data-element_type=\"container\">\n\t\t\t\t\t<div class=\"e-con-inner\">\n\t\t\t\t<div class=\"elementor-element elementor-element-620072c1 elementor-widget elementor-widget-text-editor\" data-id=\"620072c1\" data-element_type=\"widget\" data-widget_type=\"text-editor.default\">\n\t\t\t\t<div class=\"elementor-widget-container\">\n\t\t\t\t\t\t\t\t\t\n<p><strong>Giri\u015f<\/strong><\/p>\n\n\n\n<p>Lynnhan'da, i\u015fimizi en y\u00fcksek d\u00fcr\u00fcstl\u00fck ve profesyonellik standartlar\u0131na g\u00f6re y\u00fcr\u00fctmeye ba\u011fl\u0131y\u0131z. Bu \u0130\u015f Y\u00f6netim Kodu, \u00e7al\u0131\u015fanlar\u0131m\u0131z, ortaklar\u0131m\u0131z ve i\u015ftiraklerimiz i\u00e7in bir rehber olarak hizmet ederek, \u015firketimizin davran\u0131\u015flar\u0131 ve karar verme s\u00fcre\u00e7lerini tan\u0131mlayan ilkeleri ve standartlar\u0131 \u00f6zetlemektedir.<\/p>\n\n\n\n<p><strong>D\u00fcr\u00fcstl\u00fc\u011fe Ba\u011fl\u0131l\u0131k<\/strong><\/p>\n\n\n\n<ul class=\"wp-block-list\">\n<li><strong>Ahlaki \u0130\u015f Uygulamalar\u0131<\/strong>: \u0130\u015f faaliyetlerimizi etik ve d\u00fcr\u00fcst bir \u015fekilde y\u00fcr\u00fctmeye, t\u00fcm ilgili yasalar, d\u00fczenlemeler ve standartlara sayg\u0131 g\u00f6stermeye ba\u011fl\u0131y\u0131z.<\/li>\n\n\n\n<li><strong>\u015eeffafl\u0131k<\/strong>: T\u00fcm i\u015f ili\u015fkilerimizde \u015feffafl\u0131k ve a\u00e7\u0131kl\u0131k ortam\u0131n\u0131 te\u015fvik ederiz, payda\u015flar\u0131m\u0131z\u0131n s\u00fcre\u00e7lerimiz hakk\u0131nda bilgilendirilmi\u015f ve etkin olmalar\u0131n\u0131 sa\u011flar\u0131z.<\/li>\n<\/ul>\n\n\n\n<p><strong>Sayg\u0131 ve Adilcilik<\/strong><\/p>\n\n\n\n<ul class=\"wp-block-list\">\n<li><strong>\u00c7e\u015fitlilik ve Kat\u0131l\u0131m<\/strong>: \u00c7e\u015fitlili\u011fi de\u011ferli buluyoruz ve herkesin sayg\u0131 ve onurla muamele g\u00f6rece\u011fi kapsay\u0131c\u0131 bir ortam olu\u015fturma konusunda ba\u011fl\u0131y\u0131z.<\/li>\n\n\n\n<li><strong>tacizden Ar\u0131nm\u0131\u015f \u00c7al\u0131\u015fma Alan\u0131<\/strong>: Lynnhan, taciz, ayr\u0131mc\u0131l\u0131k veya herhangi bir t\u00fcr k\u00f6t\u00fc muameleden ar\u0131nm\u0131\u015f bir \u00e7al\u0131\u015fma alan\u0131 s\u00fcrd\u00fcrmeye adanm\u0131\u015ft\u0131r. T\u00fcm \u00e7al\u0131\u015fanlar, olumlu ve sayg\u0131l\u0131 bir \u00e7al\u0131\u015fma ortam\u0131na katk\u0131da bulunmas\u0131 beklenmektedir.<\/li>\n<\/ul>\n\n\n\n<p><strong>Sorumluluk ve G\u00f6rev<\/strong><\/p>\n\n\n\n<ul class=\"wp-block-list\">\n<li><strong>Uyumluluk<\/strong>: T\u00fcm \u00e7al\u0131\u015fanlar ve ortaklar, bu \u0130\u015f Y\u00f6netim Kodu, \u015firket politikalar\u0131 ve t\u00fcm ilgili yasalar ve d\u00fczenlemelere uyum sa\u011flamak zorundad\u0131r.<\/li>\n\n\n\n<li><strong>Su\u00e7lamalar\u0131 Bildirme<\/strong>: Bu \u0130\u015f Y\u00f6netim Kodunun ihlalleri veya ahlaki davran\u0131\u015flarda usuls\u00fczl\u00fckler hakk\u0131nda bildirimde bulunmay\u0131 te\u015fvik ederiz. Lynnhan, iyi niyetle ihlalleri bildiren bireylere kar\u015f\u0131 herhangi bir intikam olmayaca\u011f\u0131n\u0131 sa\u011flar.<\/li>\n<\/ul>\n\n\n\n<p><strong>Gizlilik ve Gizlilik<\/strong><\/p>\n\n\n\n<ul class=\"wp-block-list\">\n<li><strong>Bilgi Koruma<\/strong>: M\u00fc\u015fterilerimiz, \u00e7al\u0131\u015fanlar\u0131m\u0131z ve ortaklar\u0131m\u0131z\u0131n gizlilik ve gizlili\u011fini korumaya ba\u011fl\u0131y\u0131z. Bilgiler en \u00fcst d\u00fczeyde dikkat ve g\u00fcvenlikle ele al\u0131nmal\u0131d\u0131r.<\/li>\n\n\n\n<li><strong>17. Fikri M\u00fclkiyet<\/strong>: Fikir sahipli\u011fi haklar\u0131na sayg\u0131 duyuyoruz ve \u00e7al\u0131\u015fanlar\u0131m\u0131z ve ortaklar\u0131m\u0131zdan da ayn\u0131 \u015fekilde davranmalar\u0131n\u0131 bekliyoruz.<\/li>\n<\/ul>\n\n\n\n<p><strong>\u00c7\u0131kar \u00c7at\u0131\u015fmas\u0131<\/strong><\/p>\n\n\n\n<ul class=\"wp-block-list\">\n<li><strong>\u00c7\u0131kar \u00c7at\u0131\u015fmalar\u0131n\u0131 Ka\u00e7\u0131nma<\/strong>: \u00c7al\u0131\u015fanlar ve ortaklar, g\u00f6revlerini tarafs\u0131z bir \u015fekilde yerine getirmelerini engelleyebilecek herhangi bir ki\u015fisel, mali veya di\u011fer \u00e7\u0131karlardan ka\u00e7\u0131nmal\u0131d\u0131r.<\/li>\n\n\n\n<li><strong>A\u00e7\u0131klama<\/strong>: Potansiyel \u00e7\u0131kar \u00e7at\u0131\u015fmalar\u0131 y\u00f6netim kuruluna de\u011ferlendirme ve rehberlik i\u00e7in bildirilmelidir.<\/li>\n<\/ul>\n\n\n\n<p><strong>\u00c7evresel Sorumluluk<\/strong><\/p>\n\n\n\n<ul class=\"wp-block-list\">\n<li><strong>S\u00fcrd\u00fcr\u00fclebilirlik<\/strong>: Lynnhan, s\u00fcrd\u00fcr\u00fclebilirlik ve \u00e7evresel y\u00f6neticili\u011fe adanm\u0131\u015ft\u0131r. \u00c7evresel etkimizi en aza indirmeye \u00e7al\u0131\u015f\u0131r ve i\u015fimizin t\u00fcm alanlar\u0131nda sorumlu uygulamalar\u0131 te\u015fvik ederiz.<\/li>\n<\/ul>\n\n\n\n<p><strong>Topluluk Kat\u0131l\u0131m\u0131<\/strong><\/p>\n\n\n\n<ul class=\"wp-block-list\">\n<li><strong>Geri Verme<\/strong>: Faaliyet g\u00f6sterdi\u011fimiz topluluklara geri verme inanc\u0131na sahibiz ve \u00e7al\u0131\u015fanlar\u0131m\u0131z ve ortaklar\u0131m\u0131z aras\u0131nda hizmet ruhu ve g\u00f6n\u00fcll\u00fcl\u00fc\u011f\u00fc te\u015fvik ederiz.<\/li>\n<\/ul>\n\n\n\n<p><strong>Uygulama ve Uygulama<\/strong><\/p>\n\n\n\n<ul class=\"wp-block-list\">\n<li><strong>E\u011fitim<\/strong>: T\u00fcm \u00e7al\u0131\u015fanlar, bu Davran\u0131\u015f Kurallar\u0131n\u0131 anlayabilmeleri ve bu ilkelere etkili bir \u015fekilde uymalar\u0131 i\u00e7in e\u011fitileceklerdir.<\/li>\n\n\n\n<li><strong>Uygulama<\/strong>: Bu Davran\u0131\u015f Kurallar\u0131na ayk\u0131r\u0131 eylemler ciddiye al\u0131nacak ve i\u015ften \u00e7\u0131karma veya i\u015f ili\u015fkilerinin sonland\u0131r\u0131lmas\u0131na kadar disiplin cezalar\u0131 sonu\u00e7lanabilir.<\/li>\n<\/ul>\n\n\n\n<p><strong>Sonu\u00e7<\/strong><\/p>\n\n\n\n<p>Bu Davran\u0131\u015f Kurallar\u0131, Lynnhan'daki misyonumuzun merkezinde yer almaktad\u0131r. Bu ilkelere uymak suretiyle, d\u00fcr\u00fcstl\u00fc\u011f\u00fcm\u00fcz\u00fcn itibar\u0131n\u0131 koruruz, olumlu bir i\u015f ortam\u0131 k\u00fclt\u00fcr\u00fcne katk\u0131da bulunuruz ve m\u00fc\u015fterilerimiz, ortaklar\u0131m\u0131z ve toplulukla g\u00fcven in\u015fa ederiz. Birlikte, Lynnhan'\u0131n m\u00fckemmellik, sayg\u0131 ve d\u00fcr\u00fcstl\u00fck \u00e7i\u00e7ek a\u00e7an bir yer olmas\u0131n\u0131 sa\u011flayabiliriz.<\/p>\n\t\t\t\t\t\t\t\t<\/div>\n\t\t\t\t<\/div>\n\t\t\t\t\t<\/div>\n\t\t\t\t<\/div>\n\t\t\t\t<\/div>","protected":false},"excerpt":{"rendered":"<p>Introduction At Lynnhan, we are committed to conducting our business according to the highest standards of integrity and professionalism. This Code of Conduct serves as a guide for our employees, [\u2026]<\/p>","protected":false},"author":1,"featured_media":0,"parent":0,"menu_order":0,"comment_status":"closed","ping_status":"closed","template":"","meta":{"footnotes":""},"class_list":["post-601","page","type-page","status-publish","hentry"],"yoast_head":"<!-- This site is optimized with the Yoast SEO plugin v26.6 - https:\/\/yoast.com\/wordpress\/plugins\/seo\/ -->\n<title>Code of Conduct-Lynnhan smart display factory<\/title>\n<meta name=\"description\" content=\"Lynnhan smart display factory&#039;s commits to ethics and integrity. Our code of conduct ensures a respectful and inclusive culture for all.\" \/>\n<meta name=\"robots\" content=\"index, follow, max-snippet:-1, max-image-preview:large, max-video-preview:-1\" \/>\n<link rel=\"canonical\" href=\"https:\/\/lynnhan.com\/tr\/uygulama-kurallari\/\" \/>\n<meta property=\"og:locale\" content=\"tr_TR\" \/>\n<meta property=\"og:type\" content=\"article\" \/>\n<meta property=\"og:title\" content=\"Code of Conduct-Lynnhan smart display factory\" \/>\n<meta property=\"og:description\" content=\"Lynnhan smart display factory&#039;s commits to ethics and integrity. Our code of conduct ensures a respectful and inclusive culture for all.\" \/>\n<meta property=\"og:url\" content=\"https:\/\/lynnhan.com\/tr\/uygulama-kurallari\/\" \/>\n<meta property=\"og:site_name\" content=\"Lynnhan - Trusted Supplier | LED\/OLED\/LCD\/E-paper digital signages\" \/>\n<meta property=\"article:modified_time\" content=\"2024-12-18T10:32:06+00:00\" \/>\n<meta property=\"og:image\" content=\"https:\/\/pub-78925c7bf9ca4c6d820df8293a5c116c.r2.dev\/2024\/12\/Code-Of-Conduct.webp\" \/>\n<meta name=\"twitter:card\" content=\"summary_large_image\" \/>\n<meta name=\"twitter:label1\" content=\"Tahmini okuma s\u00fcresi\" \/>\n\t<meta name=\"twitter:data1\" content=\"3 dakika\" \/>\n<script type=\"application\/ld+json\" class=\"yoast-schema-graph\">{\"@context\":\"https:\/\/schema.org\",\"@graph\":[{\"@type\":\"WebPage\",\"@id\":\"https:\/\/lynnhan.com\/ja\/%e8%a1%8c%e5%8b%95%e8%a6%8f%e7%af%84\/\",\"url\":\"https:\/\/lynnhan.com\/ja\/%e8%a1%8c%e5%8b%95%e8%a6%8f%e7%af%84\/\",\"name\":\"Code of Conduct-Lynnhan smart display factory\",\"isPartOf\":{\"@id\":\"https:\/\/lynnhan.com\/km\/#website\"},\"primaryImageOfPage\":{\"@id\":\"https:\/\/lynnhan.com\/ja\/%e8%a1%8c%e5%8b%95%e8%a6%8f%e7%af%84\/#primaryimage\"},\"image\":{\"@id\":\"https:\/\/lynnhan.com\/ja\/%e8%a1%8c%e5%8b%95%e8%a6%8f%e7%af%84\/#primaryimage\"},\"thumbnailUrl\":\"https:\/\/pub-78925c7bf9ca4c6d820df8293a5c116c.r2.dev\/2024\/12\/Code-Of-Conduct.webp\",\"datePublished\":\"2024-02-28T03:19:26+00:00\",\"dateModified\":\"2024-12-18T10:32:06+00:00\",\"description\":\"Lynnhan smart display factory's commits to ethics and integrity. Our code of conduct ensures a respectful and inclusive culture for all.\",\"breadcrumb\":{\"@id\":\"https:\/\/lynnhan.com\/ja\/%e8%a1%8c%e5%8b%95%e8%a6%8f%e7%af%84\/#breadcrumb\"},\"inLanguage\":\"tr\",\"potentialAction\":[{\"@type\":\"ReadAction\",\"target\":[\"https:\/\/lynnhan.com\/ja\/%e8%a1%8c%e5%8b%95%e8%a6%8f%e7%af%84\/\"]}]},{\"@type\":\"ImageObject\",\"inLanguage\":\"tr\",\"@id\":\"https:\/\/lynnhan.com\/ja\/%e8%a1%8c%e5%8b%95%e8%a6%8f%e7%af%84\/#primaryimage\",\"url\":\"https:\/\/pub-78925c7bf9ca4c6d820df8293a5c116c.r2.dev\/2024\/12\/Code-Of-Conduct.webp\",\"contentUrl\":\"https:\/\/pub-78925c7bf9ca4c6d820df8293a5c116c.r2.dev\/2024\/12\/Code-Of-Conduct.webp\"},{\"@type\":\"BreadcrumbList\",\"@id\":\"https:\/\/lynnhan.com\/ja\/%e8%a1%8c%e5%8b%95%e8%a6%8f%e7%af%84\/#breadcrumb\",\"itemListElement\":[{\"@type\":\"ListItem\",\"position\":1,\"name\":\"Home\",\"item\":\"https:\/\/lynnhan.com\/\"},{\"@type\":\"ListItem\",\"position\":2,\"name\":\"Code Of Conduct\"}]},{\"@type\":\"WebSite\",\"@id\":\"https:\/\/lynnhan.com\/km\/#website\",\"url\":\"https:\/\/lynnhan.com\/km\/\",\"name\":\"Lynnhan - Trusted Supplier | LED\/OLED\/LCD\/E-paper digital signages\",\"description\":\"Lynnhan - Trusted Supplier |  LED\/OLED\/LCD\/E-paper digital signages\",\"publisher\":{\"@id\":\"https:\/\/lynnhan.com\/km\/#organization\"},\"potentialAction\":[{\"@type\":\"SearchAction\",\"target\":{\"@type\":\"EntryPoint\",\"urlTemplate\":\"https:\/\/lynnhan.com\/km\/?s={search_term_string}\"},\"query-input\":{\"@type\":\"PropertyValueSpecification\",\"valueRequired\":true,\"valueName\":\"search_term_string\"}}],\"inLanguage\":\"tr\"},{\"@type\":\"Organization\",\"@id\":\"https:\/\/lynnhan.com\/km\/#organization\",\"name\":\"Lynnhan - Trusted Supplier | LED\/OLED\/LCD\/E-paper digital signages\",\"url\":\"https:\/\/lynnhan.com\/km\/\",\"logo\":{\"@type\":\"ImageObject\",\"inLanguage\":\"tr\",\"@id\":\"https:\/\/lynnhan.com\/km\/#\/schema\/logo\/image\/\",\"url\":\"https:\/\/pub-78925c7bf9ca4c6d820df8293a5c116c.r2.dev\/2024\/07\/LynnHan-logo3.png\",\"contentUrl\":\"https:\/\/pub-78925c7bf9ca4c6d820df8293a5c116c.r2.dev\/2024\/07\/LynnHan-logo3.png\",\"width\":390,\"height\":130,\"caption\":\"Lynnhan - Trusted Supplier | LED\/OLED\/LCD\/E-paper digital signages\"},\"image\":{\"@id\":\"https:\/\/lynnhan.com\/km\/#\/schema\/logo\/image\/\"}}]}<\/script>\n<!-- \/ Yoast SEO plugin. -->","yoast_head_json":{"title":"Uygulama Kurallar\u0131 - Lynnhan ak\u0131ll\u0131 ekran fabrikas\u0131","description":"Lynnhan ak\u0131ll\u0131 ekran fabrikas\u0131n\u0131n ahlak ve sadakatine olan ba\u011fl\u0131l\u0131\u011f\u0131. Y\u00f6netim kurallar\u0131m\u0131z, herkes i\u00e7in sayg\u0131l\u0131 ve kapsay\u0131c\u0131 bir k\u00fclt\u00fcr sa\u011flar.","robots":{"index":"index","follow":"follow","max-snippet":"max-snippet:-1","max-image-preview":"max-image-preview:large","max-video-preview":"max-video-preview:-1"},"canonical":"https:\/\/lynnhan.com\/tr\/uygulama-kurallari\/","og_locale":"tr_TR","og_type":"article","og_title":"Code of Conduct-Lynnhan smart display factory","og_description":"Lynnhan smart display factory's commits to ethics and integrity. Our code of conduct ensures a respectful and inclusive culture for all.","og_url":"https:\/\/lynnhan.com\/tr\/uygulama-kurallari\/","og_site_name":"Lynnhan - Trusted Supplier | LED\/OLED\/LCD\/E-paper digital signages","article_modified_time":"2024-12-18T10:32:06+00:00","og_image":[{"url":"https:\/\/pub-78925c7bf9ca4c6d820df8293a5c116c.r2.dev\/2024\/12\/Code-Of-Conduct.webp","type":"","width":"","height":""}],"twitter_card":"summary_large_image","twitter_misc":{"Tahmini okuma s\u00fcresi":"3 dakika"},"schema":{"@context":"https:\/\/schema.org","@graph":[{"@type":"WebPage","@id":"https:\/\/lynnhan.com\/ja\/%e8%a1%8c%e5%8b%95%e8%a6%8f%e7%af%84\/","url":"https:\/\/lynnhan.com\/ja\/%e8%a1%8c%e5%8b%95%e8%a6%8f%e7%af%84\/","name":"Uygulama Kurallar\u0131 - Lynnhan ak\u0131ll\u0131 ekran fabrikas\u0131","isPartOf":{"@id":"https:\/\/lynnhan.com\/km\/#website"},"primaryImageOfPage":{"@id":"https:\/\/lynnhan.com\/ja\/%e8%a1%8c%e5%8b%95%e8%a6%8f%e7%af%84\/#primaryimage"},"image":{"@id":"https:\/\/lynnhan.com\/ja\/%e8%a1%8c%e5%8b%95%e8%a6%8f%e7%af%84\/#primaryimage"},"thumbnailUrl":"https:\/\/pub-78925c7bf9ca4c6d820df8293a5c116c.r2.dev\/2024\/12\/Code-Of-Conduct.webp","datePublished":"2024-02-28T03:19:26+00:00","dateModified":"2024-12-18T10:32:06+00:00","description":"Lynnhan ak\u0131ll\u0131 ekran fabrikas\u0131n\u0131n ahlak ve sadakatine olan ba\u011fl\u0131l\u0131\u011f\u0131. Y\u00f6netim kurallar\u0131m\u0131z, herkes i\u00e7in sayg\u0131l\u0131 ve kapsay\u0131c\u0131 bir k\u00fclt\u00fcr sa\u011flar.","breadcrumb":{"@id":"https:\/\/lynnhan.com\/ja\/%e8%a1%8c%e5%8b%95%e8%a6%8f%e7%af%84\/#breadcrumb"},"inLanguage":"tr","potentialAction":[{"@type":"ReadAction","target":["https:\/\/lynnhan.com\/ja\/%e8%a1%8c%e5%8b%95%e8%a6%8f%e7%af%84\/"]}]},{"@type":"ImageObject","inLanguage":"tr","@id":"https:\/\/lynnhan.com\/ja\/%e8%a1%8c%e5%8b%95%e8%a6%8f%e7%af%84\/#primaryimage","url":"https:\/\/pub-78925c7bf9ca4c6d820df8293a5c116c.r2.dev\/2024\/12\/Code-Of-Conduct.webp","contentUrl":"https:\/\/pub-78925c7bf9ca4c6d820df8293a5c116c.r2.dev\/2024\/12\/Code-Of-Conduct.webp"},{"@type":"BreadcrumbList","@id":"https:\/\/lynnhan.com\/ja\/%e8%a1%8c%e5%8b%95%e8%a6%8f%e7%af%84\/#breadcrumb","itemListElement":[{"@type":"ListItem","position":1,"name":"Home","item":"https:\/\/lynnhan.com\/"},{"@type":"ListItem","position":2,"name":"Code Of Conduct"}]},{"@type":"WebSite","@id":"https:\/\/lynnhan.com\/km\/#website","url":"https:\/\/lynnhan.com\/km\/","name":"Lynnhan - G\u00fcvenilir Tedarik\u00e7i | LED\/OLED\/LCD\/E-paper dijital tabel reklamlar\u0131","description":"Lynnhan - G\u00fcvenilir Tedarik\u00e7i |  LED\/OLED\/LCD\/E-paper dijital tabelalar\u0131","publisher":{"@id":"https:\/\/lynnhan.com\/km\/#organization"},"potentialAction":[{"@type":"SearchAction","target":{"@type":"EntryPoint","urlTemplate":"https:\/\/lynnhan.com\/km\/?s={search_term_string}"},"query-input":{"@type":"PropertyValueSpecification","valueRequired":true,"valueName":"search_term_string"}}],"inLanguage":"tr"},{"@type":"Organization","@id":"https:\/\/lynnhan.com\/km\/#organization","name":"Lynnhan - G\u00fcvenilir Tedarik\u00e7i | LED\/OLED\/LCD\/E-paper dijital tabel reklamlar\u0131","url":"https:\/\/lynnhan.com\/km\/","logo":{"@type":"ImageObject","inLanguage":"tr","@id":"https:\/\/lynnhan.com\/km\/#\/schema\/logo\/image\/","url":"https:\/\/pub-78925c7bf9ca4c6d820df8293a5c116c.r2.dev\/2024\/07\/LynnHan-logo3.png","contentUrl":"https:\/\/pub-78925c7bf9ca4c6d820df8293a5c116c.r2.dev\/2024\/07\/LynnHan-logo3.png","width":390,"height":130,"caption":"Lynnhan - Trusted Supplier | LED\/OLED\/LCD\/E-paper digital signages"},"image":{"@id":"https:\/\/lynnhan.com\/km\/#\/schema\/logo\/image\/"}}]}},"jetpack_sharing_enabled":true,"_links":{"self":[{"href":"https:\/\/lynnhan.com\/tr\/wp-json\/wp\/v2\/pages\/601","targetHints":{"allow":["GET"]}}],"collection":[{"href":"https:\/\/lynnhan.com\/tr\/wp-json\/wp\/v2\/pages"}],"about":[{"href":"https:\/\/lynnhan.com\/tr\/wp-json\/wp\/v2\/types\/page"}],"author":[{"embeddable":true,"href":"https:\/\/lynnhan.com\/tr\/wp-json\/wp\/v2\/users\/1"}],"replies":[{"embeddable":true,"href":"https:\/\/lynnhan.com\/tr\/wp-json\/wp\/v2\/comments?post=601"}],"version-history":[{"count":0,"href":"https:\/\/lynnhan.com\/tr\/wp-json\/wp\/v2\/pages\/601\/revisions"}],"wp:attachment":[{"href":"https:\/\/lynnhan.com\/tr\/wp-json\/wp\/v2\/media?parent=601"}],"curies":[{"name":"wp","href":"https:\/\/api.w.org\/{rel}","templated":true}]}}