{"id":540,"date":"2024-02-27T08:44:39","date_gmt":"2024-02-27T08:44:39","guid":{"rendered":"https:\/\/lynnhan.com\/?page_id=540"},"modified":"2024-12-18T09:42:17","modified_gmt":"2024-12-18T09:42:17","slug":"nakliye","status":"publish","type":"page","link":"https:\/\/lynnhan.com\/tr\/nakliye\/","title":{"rendered":"Nakliye"},"content":{"rendered":"<div data-elementor-type=\"wp-page\" data-elementor-id=\"540\" class=\"elementor elementor-540\" data-elementor-post-type=\"page\">\n\t\t\t\t<div class=\"elementor-element elementor-element-26335f7 e-flex e-con-boxed e-con e-parent\" data-id=\"26335f7\" data-element_type=\"container\">\n\t\t\t\t\t<div class=\"e-con-inner\">\n\t\t\t\t<div class=\"elementor-element elementor-element-68c9c7e elementor-widget elementor-widget-image\" data-id=\"68c9c7e\" data-element_type=\"widget\" data-widget_type=\"image.default\">\n\t\t\t\t<div class=\"elementor-widget-container\">\n\t\t\t\t\t\t\t\t\t\t\t\t\t\t\t<img fetchpriority=\"high\" decoding=\"async\" width=\"1165\" height=\"653\" src=\"https:\/\/pub-78925c7bf9ca4c6d820df8293a5c116c.r2.dev\/2024\/12\/shipment.webp\" class=\"attachment-full size-full wp-image-3297\" alt=\"All in one LED shipment\" srcset=\"https:\/\/pub-78925c7bf9ca4c6d820df8293a5c116c.r2.dev\/2024\/12\/shipment.webp 1165w, https:\/\/pub-78925c7bf9ca4c6d820df8293a5c116c.r2.dev\/2024\/12\/shipment-700x392.webp 700w, https:\/\/pub-78925c7bf9ca4c6d820df8293a5c116c.r2.dev\/2024\/12\/shipment-1024x574.webp 1024w, https:\/\/pub-78925c7bf9ca4c6d820df8293a5c116c.r2.dev\/2024\/12\/shipment-768x430.webp 768w, https:\/\/pub-78925c7bf9ca4c6d820df8293a5c116c.r2.dev\/2024\/12\/shipment-18x10.webp 18w, https:\/\/pub-78925c7bf9ca4c6d820df8293a5c116c.r2.dev\/2024\/12\/shipment-1140x639.webp 1140w, https:\/\/pub-78925c7bf9ca4c6d820df8293a5c116c.r2.dev\/2024\/12\/shipment-920x516.webp 920w, https:\/\/pub-78925c7bf9ca4c6d820df8293a5c116c.r2.dev\/2024\/12\/shipment-575x322.webp 575w, https:\/\/pub-78925c7bf9ca4c6d820df8293a5c116c.r2.dev\/2024\/12\/shipment-380x213.webp 380w, https:\/\/pub-78925c7bf9ca4c6d820df8293a5c116c.r2.dev\/2024\/12\/shipment-800x448.webp 800w\" sizes=\"(max-width: 1165px) 100vw, 1165px\" \/>\t\t\t\t\t\t\t\t\t\t\t\t\t\t\t<\/div>\n\t\t\t\t<\/div>\n\t\t\t\t\t<\/div>\n\t\t\t\t<\/div>\n\t\t<div class=\"elementor-element elementor-element-8f6152b e-flex e-con-boxed e-con e-parent\" data-id=\"8f6152b\" data-element_type=\"container\">\n\t\t\t\t\t<div class=\"e-con-inner\">\n\t\t\t\t<div class=\"elementor-element elementor-element-2a13164 elementor-widget elementor-widget-text-editor\" data-id=\"2a13164\" data-element_type=\"widget\" data-widget_type=\"text-editor.default\">\n\t\t\t\t<div class=\"elementor-widget-container\">\n\t\t\t\t\t\t\t\t\t<h3>1. Lynnhan'da Ta\u015f\u0131ma \u00c7\u00f6z\u00fcmleri: Etkili ve G\u00fcvenilir Teslimat<\/h3><p><strong>2. \u0130\u015finiz \u0130\u00e7in Ki\u015fiselle\u015ftirilmi\u015f Ta\u015f\u0131ma<\/strong><\/p><p>3. Lynnhan'da, g\u00fcvenilir ve etkili ta\u015f\u0131man\u0131n i\u015fletme faaliyetleriniz i\u00e7in kritik oldu\u011funu biliyoruz. Kapsaml\u0131 ta\u015f\u0131ma \u00e7\u00f6z\u00fcmlerimiz, B2B m\u00fc\u015fterilerimizin \u00e7e\u015fitli ihtiya\u00e7lar\u0131n\u0131 kar\u015f\u0131lamak \u00fczere tasarlanm\u0131\u015ft\u0131r; \u00fcr\u00fcnleriniz zaman\u0131nda ve m\u00fckemmel durumda teslim edilir.<\/p><p><strong>4. Global Etki, Yerel D\u00fczenlik<\/strong><\/p><p>5. Geni\u015f ta\u015f\u0131ma ortaklar\u0131m\u0131z a\u011f\u0131, \u00fcr\u00fcnlerinizin d\u00fcnyan\u0131n her yerine teslim edilmesini sa\u011flar. Yerel bir i\u015fletme olun veya k\u00fcresel bir kurulu\u015f olun, Lynnhan, sipari\u015finizin verimli bir \u015fekilde var\u0131\u015f noktas\u0131na ula\u015fmas\u0131n\u0131 sa\u011flamak i\u00e7in ki\u015fiselle\u015ftirilmi\u015f ta\u015f\u0131ma se\u00e7enekleri sunar. Tak\u0131m\u0131m\u0131z, kap\u0131dan kap\u0131ya sorunsuz bir teslimat deneyimi sunmak i\u00e7in g\u00fcvenilir ta\u015f\u0131y\u0131c\u0131larla yak\u0131n i\u015fbirli\u011fi yapar.<\/p><p><strong>6. Esnek Ta\u015f\u0131ma Se\u00e7enekleri<\/strong><\/p><ul><li><strong>7. Standart Ta\u015f\u0131ma:<\/strong> 8. Acil olmayan sipari\u015fler i\u00e7in maliyetli ve g\u00fcvenilir teslimat sunan standart ta\u015f\u0131ma, ekonomik bir \u00e7\u00f6z\u00fcmd\u00fcr.<\/li><li><strong>9. H\u0131zl\u0131 Ta\u015f\u0131ma:<\/strong> 10. Zaman\u0131n \u00f6nem kazand\u0131\u011f\u0131 durumlarda, daha h\u0131zl\u0131 teslimat i\u00e7in h\u0131zl\u0131 ta\u015f\u0131ma se\u00e7ene\u011fimizi se\u00e7in. Sipari\u015finizin h\u0131zl\u0131 bir \u015fekilde ula\u015fmas\u0131n\u0131 sa\u011flamak i\u00e7in \u00f6nceliklendiririz.<\/li><li><strong>11. Kargo Ta\u015f\u0131ma:<\/strong> 12. Daha b\u00fcy\u00fck sipari\u015fler veya \u00f6zel gereksinimler i\u00e7in kargo ta\u015f\u0131ma hizmetlerimiz, deniz, hava ve kara se\u00e7enekleri dahil olmak \u00fczere ki\u015fiselle\u015ftirilmi\u015f \u00e7\u00f6z\u00fcmler sunar.<\/li><\/ul><p><strong>13. Ger\u00e7ek Zamanl\u0131 Takip ve Destek<\/strong><\/p><p>14. Dispatch'ten teslimata kadar bilgi sahibi olun\u6211\u4eec\u7684\u5b9e\u65f6\u8ddf\u8e2a\u670d\u52a1\u3002 Shipment s\u0131ras\u0131nda, sipari\u015finizin ilerlemesini izlemek i\u00e7in bir takip numaras\u0131 al\u0131n\u0131r. Adanm\u0131\u015f destek ekibimiz, g\u00fcncellemeler sa\u011flamak ve herhangi bir ta\u015f\u0131ma sorusuna yard\u0131mc\u0131 olmak i\u00e7in her zaman mevcuttur.<\/p><p><strong>15. G\u00fcmr\u00fck \u0130\u00e7in A\u00e7\u0131klama ve Uyumluluk<\/strong><\/p><p>16. Lynnhan'\u0131n uluslararas\u0131 ta\u015f\u0131mac\u0131l\u0131kta uzmanl\u0131\u011f\u0131, sorunsuz bir g\u00fcmr\u00fck a\u00e7\u0131klama s\u00fcreci sa\u011flar. T\u00fcm gerekli belgeleri ve uyumluluk gereksinimlerini ele al\u0131r, gecikmeleri minimize eder ve sipari\u015finizin yerel d\u00fczenlemelere uyum sa\u011flar.<\/p><p><strong>17. Ekolojik Dostu Ta\u015f\u0131ma ve Ambalaj<\/strong><\/p><p>18. S\u00fcrd\u00fcr\u00fclebilirli\u011fe ba\u011fl\u0131y\u0131z. Lynnhan, ekolojik dostu ambalaj malzemeleri kullan\u0131r ve ta\u015f\u0131ma rotalar\u0131n\u0131 optimize eder, \u00e7evresel etkimizi azalt\u0131r. Ye\u015fil ta\u015f\u0131ma se\u00e7eneklerimiz, d\u00fcnyay\u0131 koruma ve i\u015fletme ihtiya\u00e7lar\u0131n\u0131z\u0131 hizmet etme taahh\u00fcd\u00fcm\u00fcz\u00fcn bir par\u00e7as\u0131d\u0131r.<\/p><p><strong>19. Ta\u015f\u0131ma \u00dccretleri ve Politikalar\u0131<\/strong><\/p><p>20. Rekabet\u00e7i ta\u015f\u0131ma \u00fccretlerimiz, sipari\u015f b\u00fcy\u00fckl\u00fc\u011f\u00fc, a\u011f\u0131rl\u0131k ve var\u0131\u015f noktas\u0131na g\u00f6re hesaplan\u0131r. Ta\u015f\u0131ma maliyetleri ve politikalar\u0131 hakk\u0131nda ayr\u0131nt\u0131l\u0131 bilgi i\u00e7in l\u00fctfen web sitemizi ziyaret edin veya m\u00fc\u015fteri hizmetlerimizle ileti\u015fime ge\u00e7in. Gizli \u00fccretler olmadan \u015feffaf fiyatland\u0131rma sunmay\u0131 hedefliyoruz.<\/p><p><strong>21. Ta\u015f\u0131ma Ayarlama Nas\u0131l Yap\u0131l\u0131r<\/strong><\/p><p>22. Lynnhan ile sipari\u015f vermek kolayd\u0131r. \u00d6deme s\u00fcreci s\u0131ras\u0131nda, tercih etti\u011finiz ta\u015f\u0131ma y\u00f6ntemini se\u00e7menizi isteyece\u011fiz. Tak\u0131m\u0131m\u0131z, sipari\u015finizi g\u00fcvenli bir \u015fekilde paketleyip zaman\u0131nda dispatch etmeye haz\u0131rlar. \u00d6zel ta\u015f\u0131ma talepleri veya toplu sipari\u015fler i\u00e7in l\u00fctfen sat\u0131\u015f ekibimizle do\u011frudan ileti\u015fime ge\u00e7in.<\/p><p>23. Lynnhan'da, size verimli, g\u00fcvenilir ve ki\u015fiselle\u015ftirilmi\u015f ta\u015f\u0131ma \u00e7\u00f6z\u00fcmleri sunmaya adanm\u0131\u015f\u0131z. Amac\u0131m\u0131z, d\u00fcnya neresinde olursan\u0131z olun, \u00fcr\u00fcnlerinizin zaman\u0131nda ve m\u00fckemmel durumda<\/p>\t\t\t\t\t\t\t\t<\/div>\n\t\t\t\t<\/div>\n\t\t\t\t\t<\/div>\n\t\t\t\t<\/div>\n\t\t\t\t<\/div>","protected":false},"excerpt":{"rendered":"<p>Shipping Solutions at Lynnhan: Efficient and Reliable Delivery Tailored Shipping for Your Business At Lynnhan, we understand that reliable and efficient shipping is crucial for your business operations. Our comprehensive [\u2026]<\/p>","protected":false},"author":1,"featured_media":0,"parent":0,"menu_order":0,"comment_status":"closed","ping_status":"closed","template":"","meta":{"footnotes":""},"class_list":["post-540","page","type-page","status-publish","hentry"],"yoast_head":"<!-- This site is optimized with the Yoast SEO plugin v26.6 - https:\/\/yoast.com\/wordpress\/plugins\/seo\/ -->\n<title>LynnHan Standbyme TV supplier Shipping<\/title>\n<meta name=\"description\" content=\"Hassle-free shipping starts at LynnHan Standbyme TV supplier. Our comprehensive guide ensures your packages arrive safely and on time.\" \/>\n<meta name=\"robots\" content=\"index, follow, max-snippet:-1, max-image-preview:large, max-video-preview:-1\" \/>\n<link rel=\"canonical\" href=\"https:\/\/lynnhan.com\/tr\/nakliye\/\" \/>\n<meta property=\"og:locale\" content=\"tr_TR\" \/>\n<meta property=\"og:type\" content=\"article\" \/>\n<meta property=\"og:title\" content=\"LynnHan Standbyme TV supplier Shipping\" \/>\n<meta property=\"og:description\" content=\"Hassle-free shipping starts at LynnHan Standbyme TV supplier. Our comprehensive guide ensures your packages arrive safely and on time.\" \/>\n<meta property=\"og:url\" content=\"https:\/\/lynnhan.com\/tr\/nakliye\/\" \/>\n<meta property=\"og:site_name\" content=\"Lynnhan - Trusted Supplier | LED\/OLED\/LCD\/E-paper digital signages\" \/>\n<meta property=\"article:modified_time\" content=\"2024-12-18T09:42:17+00:00\" \/>\n<meta property=\"og:image\" content=\"https:\/\/pub-78925c7bf9ca4c6d820df8293a5c116c.r2.dev\/2024\/12\/shipment.webp\" \/>\n<meta name=\"twitter:card\" content=\"summary_large_image\" \/>\n<meta name=\"twitter:label1\" content=\"Tahmini okuma s\u00fcresi\" \/>\n\t<meta name=\"twitter:data1\" content=\"3 dakika\" \/>\n<script type=\"application\/ld+json\" class=\"yoast-schema-graph\">{\"@context\":\"https:\/\/schema.org\",\"@graph\":[{\"@type\":\"WebPage\",\"@id\":\"https:\/\/lynnhan.com\/be\/shipping\/\",\"url\":\"https:\/\/lynnhan.com\/be\/shipping\/\",\"name\":\"LynnHan Standbyme TV supplier Shipping\",\"isPartOf\":{\"@id\":\"https:\/\/lynnhan.com\/km\/#website\"},\"primaryImageOfPage\":{\"@id\":\"https:\/\/lynnhan.com\/be\/shipping\/#primaryimage\"},\"image\":{\"@id\":\"https:\/\/lynnhan.com\/be\/shipping\/#primaryimage\"},\"thumbnailUrl\":\"https:\/\/pub-78925c7bf9ca4c6d820df8293a5c116c.r2.dev\/2024\/12\/shipment.webp\",\"datePublished\":\"2024-02-27T08:44:39+00:00\",\"dateModified\":\"2024-12-18T09:42:17+00:00\",\"description\":\"Hassle-free shipping starts at LynnHan Standbyme TV supplier. Our comprehensive guide ensures your packages arrive safely and on time.\",\"breadcrumb\":{\"@id\":\"https:\/\/lynnhan.com\/be\/shipping\/#breadcrumb\"},\"inLanguage\":\"tr\",\"potentialAction\":[{\"@type\":\"ReadAction\",\"target\":[\"https:\/\/lynnhan.com\/be\/shipping\/\"]}]},{\"@type\":\"ImageObject\",\"inLanguage\":\"tr\",\"@id\":\"https:\/\/lynnhan.com\/be\/shipping\/#primaryimage\",\"url\":\"https:\/\/pub-78925c7bf9ca4c6d820df8293a5c116c.r2.dev\/2024\/12\/shipment.webp\",\"contentUrl\":\"https:\/\/pub-78925c7bf9ca4c6d820df8293a5c116c.r2.dev\/2024\/12\/shipment.webp\"},{\"@type\":\"BreadcrumbList\",\"@id\":\"https:\/\/lynnhan.com\/be\/shipping\/#breadcrumb\",\"itemListElement\":[{\"@type\":\"ListItem\",\"position\":1,\"name\":\"Home\",\"item\":\"https:\/\/lynnhan.com\/\"},{\"@type\":\"ListItem\",\"position\":2,\"name\":\"Shipping\"}]},{\"@type\":\"WebSite\",\"@id\":\"https:\/\/lynnhan.com\/km\/#website\",\"url\":\"https:\/\/lynnhan.com\/km\/\",\"name\":\"Lynnhan - Trusted Supplier | LED\/OLED\/LCD\/E-paper digital signages\",\"description\":\"Lynnhan - Trusted Supplier |  LED\/OLED\/LCD\/E-paper digital signages\",\"publisher\":{\"@id\":\"https:\/\/lynnhan.com\/km\/#organization\"},\"potentialAction\":[{\"@type\":\"SearchAction\",\"target\":{\"@type\":\"EntryPoint\",\"urlTemplate\":\"https:\/\/lynnhan.com\/km\/?s={search_term_string}\"},\"query-input\":{\"@type\":\"PropertyValueSpecification\",\"valueRequired\":true,\"valueName\":\"search_term_string\"}}],\"inLanguage\":\"tr\"},{\"@type\":\"Organization\",\"@id\":\"https:\/\/lynnhan.com\/km\/#organization\",\"name\":\"Lynnhan - Trusted Supplier | LED\/OLED\/LCD\/E-paper digital signages\",\"url\":\"https:\/\/lynnhan.com\/km\/\",\"logo\":{\"@type\":\"ImageObject\",\"inLanguage\":\"tr\",\"@id\":\"https:\/\/lynnhan.com\/km\/#\/schema\/logo\/image\/\",\"url\":\"https:\/\/pub-78925c7bf9ca4c6d820df8293a5c116c.r2.dev\/2024\/07\/LynnHan-logo3.png\",\"contentUrl\":\"https:\/\/pub-78925c7bf9ca4c6d820df8293a5c116c.r2.dev\/2024\/07\/LynnHan-logo3.png\",\"width\":390,\"height\":130,\"caption\":\"Lynnhan - Trusted Supplier | LED\/OLED\/LCD\/E-paper digital signages\"},\"image\":{\"@id\":\"https:\/\/lynnhan.com\/km\/#\/schema\/logo\/image\/\"}}]}<\/script>\n<!-- \/ Yoast SEO plugin. -->","yoast_head_json":{"title":"LynnHan Standbyme TV tedarik\u00e7isi Nakliye","description":"Hassle-free shipping starts at LynnHan Standbyme TV supplier.","robots":{"index":"index","follow":"follow","max-snippet":"max-snippet:-1","max-image-preview":"max-image-preview:large","max-video-preview":"max-video-preview:-1"},"canonical":"https:\/\/lynnhan.com\/tr\/nakliye\/","og_locale":"tr_TR","og_type":"article","og_title":"LynnHan Standbyme TV supplier Shipping","og_description":"Hassle-free shipping starts at LynnHan Standbyme TV supplier. Our comprehensive guide ensures your packages arrive safely and on time.","og_url":"https:\/\/lynnhan.com\/tr\/nakliye\/","og_site_name":"Lynnhan - Trusted Supplier | LED\/OLED\/LCD\/E-paper digital signages","article_modified_time":"2024-12-18T09:42:17+00:00","og_image":[{"url":"https:\/\/pub-78925c7bf9ca4c6d820df8293a5c116c.r2.dev\/2024\/12\/shipment.webp","type":"","width":"","height":""}],"twitter_card":"summary_large_image","twitter_misc":{"Tahmini okuma s\u00fcresi":"3 dakika"},"schema":{"@context":"https:\/\/schema.org","@graph":[{"@type":"WebPage","@id":"https:\/\/lynnhan.com\/be\/shipping\/","url":"https:\/\/lynnhan.com\/be\/shipping\/","name":"LynnHan Standbyme TV tedarik\u00e7isi Nakliye","isPartOf":{"@id":"https:\/\/lynnhan.com\/km\/#website"},"primaryImageOfPage":{"@id":"https:\/\/lynnhan.com\/be\/shipping\/#primaryimage"},"image":{"@id":"https:\/\/lynnhan.com\/be\/shipping\/#primaryimage"},"thumbnailUrl":"https:\/\/pub-78925c7bf9ca4c6d820df8293a5c116c.r2.dev\/2024\/12\/shipment.webp","datePublished":"2024-02-27T08:44:39+00:00","dateModified":"2024-12-18T09:42:17+00:00","description":"Hassle-free shipping starts at LynnHan Standbyme TV supplier.","breadcrumb":{"@id":"https:\/\/lynnhan.com\/be\/shipping\/#breadcrumb"},"inLanguage":"tr","potentialAction":[{"@type":"ReadAction","target":["https:\/\/lynnhan.com\/be\/shipping\/"]}]},{"@type":"ImageObject","inLanguage":"tr","@id":"https:\/\/lynnhan.com\/be\/shipping\/#primaryimage","url":"https:\/\/pub-78925c7bf9ca4c6d820df8293a5c116c.r2.dev\/2024\/12\/shipment.webp","contentUrl":"https:\/\/pub-78925c7bf9ca4c6d820df8293a5c116c.r2.dev\/2024\/12\/shipment.webp"},{"@type":"BreadcrumbList","@id":"https:\/\/lynnhan.com\/be\/shipping\/#breadcrumb","itemListElement":[{"@type":"ListItem","position":1,"name":"Home","item":"https:\/\/lynnhan.com\/"},{"@type":"ListItem","position":2,"name":"Shipping"}]},{"@type":"WebSite","@id":"https:\/\/lynnhan.com\/km\/#website","url":"https:\/\/lynnhan.com\/km\/","name":"Lynnhan - G\u00fcvenilir Tedarik\u00e7i | LED\/OLED\/LCD\/E-paper dijital tabel reklamlar\u0131","description":"Lynnhan - G\u00fcvenilir Tedarik\u00e7i |  LED\/OLED\/LCD\/E-paper dijital tabelalar\u0131","publisher":{"@id":"https:\/\/lynnhan.com\/km\/#organization"},"potentialAction":[{"@type":"SearchAction","target":{"@type":"EntryPoint","urlTemplate":"https:\/\/lynnhan.com\/km\/?s={search_term_string}"},"query-input":{"@type":"PropertyValueSpecification","valueRequired":true,"valueName":"search_term_string"}}],"inLanguage":"tr"},{"@type":"Organization","@id":"https:\/\/lynnhan.com\/km\/#organization","name":"Lynnhan - G\u00fcvenilir Tedarik\u00e7i | LED\/OLED\/LCD\/E-paper dijital tabel reklamlar\u0131","url":"https:\/\/lynnhan.com\/km\/","logo":{"@type":"ImageObject","inLanguage":"tr","@id":"https:\/\/lynnhan.com\/km\/#\/schema\/logo\/image\/","url":"https:\/\/pub-78925c7bf9ca4c6d820df8293a5c116c.r2.dev\/2024\/07\/LynnHan-logo3.png","contentUrl":"https:\/\/pub-78925c7bf9ca4c6d820df8293a5c116c.r2.dev\/2024\/07\/LynnHan-logo3.png","width":390,"height":130,"caption":"Lynnhan - Trusted Supplier | LED\/OLED\/LCD\/E-paper digital signages"},"image":{"@id":"https:\/\/lynnhan.com\/km\/#\/schema\/logo\/image\/"}}]}},"jetpack_sharing_enabled":true,"_links":{"self":[{"href":"https:\/\/lynnhan.com\/tr\/wp-json\/wp\/v2\/pages\/540","targetHints":{"allow":["GET"]}}],"collection":[{"href":"https:\/\/lynnhan.com\/tr\/wp-json\/wp\/v2\/pages"}],"about":[{"href":"https:\/\/lynnhan.com\/tr\/wp-json\/wp\/v2\/types\/page"}],"author":[{"embeddable":true,"href":"https:\/\/lynnhan.com\/tr\/wp-json\/wp\/v2\/users\/1"}],"replies":[{"embeddable":true,"href":"https:\/\/lynnhan.com\/tr\/wp-json\/wp\/v2\/comments?post=540"}],"version-history":[{"count":0,"href":"https:\/\/lynnhan.com\/tr\/wp-json\/wp\/v2\/pages\/540\/revisions"}],"wp:attachment":[{"href":"https:\/\/lynnhan.com\/tr\/wp-json\/wp\/v2\/media?parent=540"}],"curies":[{"name":"wp","href":"https:\/\/api.w.org\/{rel}","templated":true}]}}