{"id":517,"date":"2024-02-27T08:02:52","date_gmt":"2024-02-27T08:02:52","guid":{"rendered":"https:\/\/lynnhan.com\/?page_id=517"},"modified":"2024-12-24T08:39:31","modified_gmt":"2024-12-24T08:39:31","slug":"neden-lynnhan","status":"publish","type":"page","link":"https:\/\/lynnhan.com\/tr\/neden-lynnhan\/","title":{"rendered":"Neden Lynnhan"},"content":{"rendered":"<div data-elementor-type=\"wp-page\" data-elementor-id=\"517\" class=\"elementor elementor-517\" data-elementor-post-type=\"page\">\n\t\t\t\t<div class=\"elementor-element elementor-element-ac24e16 e-flex e-con-boxed e-con e-parent\" data-id=\"ac24e16\" data-element_type=\"container\">\n\t\t\t\t\t<div class=\"e-con-inner\">\n\t\t\t\t<div class=\"elementor-element elementor-element-a8ffeb6 elementor-widget elementor-widget-image\" data-id=\"a8ffeb6\" data-element_type=\"widget\" data-widget_type=\"image.default\">\n\t\t\t\t<div class=\"elementor-widget-container\">\n\t\t\t\t\t\t\t\t\t\t\t\t\t\t\t<img fetchpriority=\"high\" decoding=\"async\" width=\"1920\" height=\"1076\" src=\"https:\/\/pub-78925c7bf9ca4c6d820df8293a5c116c.r2.dev\/2024\/12\/Why-Lynnhan.webp\" class=\"attachment-full size-full wp-image-3274\" alt=\"Wlhy All in One LED manufacturer Lynnhan\" srcset=\"https:\/\/pub-78925c7bf9ca4c6d820df8293a5c116c.r2.dev\/2024\/12\/Why-Lynnhan.webp 1920w, https:\/\/pub-78925c7bf9ca4c6d820df8293a5c116c.r2.dev\/2024\/12\/Why-Lynnhan-700x392.webp 700w, https:\/\/pub-78925c7bf9ca4c6d820df8293a5c116c.r2.dev\/2024\/12\/Why-Lynnhan-1024x574.webp 1024w, https:\/\/pub-78925c7bf9ca4c6d820df8293a5c116c.r2.dev\/2024\/12\/Why-Lynnhan-768x430.webp 768w, https:\/\/pub-78925c7bf9ca4c6d820df8293a5c116c.r2.dev\/2024\/12\/Why-Lynnhan-1536x861.webp 1536w, https:\/\/pub-78925c7bf9ca4c6d820df8293a5c116c.r2.dev\/2024\/12\/Why-Lynnhan-18x10.webp 18w, https:\/\/pub-78925c7bf9ca4c6d820df8293a5c116c.r2.dev\/2024\/12\/Why-Lynnhan-1140x639.webp 1140w, https:\/\/pub-78925c7bf9ca4c6d820df8293a5c116c.r2.dev\/2024\/12\/Why-Lynnhan-920x516.webp 920w, https:\/\/pub-78925c7bf9ca4c6d820df8293a5c116c.r2.dev\/2024\/12\/Why-Lynnhan-575x322.webp 575w, https:\/\/pub-78925c7bf9ca4c6d820df8293a5c116c.r2.dev\/2024\/12\/Why-Lynnhan-380x213.webp 380w, https:\/\/pub-78925c7bf9ca4c6d820df8293a5c116c.r2.dev\/2024\/12\/Why-Lynnhan-1320x740.webp 1320w, https:\/\/pub-78925c7bf9ca4c6d820df8293a5c116c.r2.dev\/2024\/12\/Why-Lynnhan-800x448.webp 800w\" sizes=\"(max-width: 1920px) 100vw, 1920px\" \/>\t\t\t\t\t\t\t\t\t\t\t\t\t\t\t<\/div>\n\t\t\t\t<\/div>\n\t\t\t\t\t<\/div>\n\t\t\t\t<\/div>\n\t\t<div class=\"elementor-element elementor-element-1c5267a e-flex e-con-boxed e-con e-parent\" data-id=\"1c5267a\" data-element_type=\"container\">\n\t\t\t\t\t<div class=\"e-con-inner\">\n\t\t\t\t<div class=\"elementor-element elementor-element-fadb91b elementor-widget elementor-widget-text-editor\" data-id=\"fadb91b\" data-element_type=\"widget\" data-widget_type=\"text-editor.default\">\n\t\t\t\t<div class=\"elementor-widget-container\">\n\t\t\t\t\t\t\t\t\t<h3>1. Neden Lynnhan: Ak\u0131ll\u0131 Teknoloji \u00c7\u00f6z\u00fcmlerinizin Orta\u011f\u0131<\/h3><p><strong>2. Modern \u00c7a\u011f\u0131n Zorluklar\u0131 \u0130\u00e7in Yenilik\u00e7i \u00c7\u00f6z\u00fcmler<\/strong><\/p><p>3. Teknolojinin f\u0131rt\u0131na h\u0131z\u0131yla evrildi\u011fi bir d\u00fcnyada, Lynnhan yenilik ve g\u00fcvenilirlik konusunda \u00f6ne \u00e7\u0131k\u0131yor. Modern i\u015f ve e\u011fitim ortamlar\u0131n\u0131n karma\u015f\u0131kl\u0131klar\u0131n\u0131 anl\u0131yoruz ve bu zorluklar\u0131 ba\u015fa \u00e7\u0131kacak ak\u0131ll\u0131 teknoloji \u00e7\u00f6z\u00fcmleri sunmak i\u00e7in karma\u015f\u0131k Yapay Zeka AI g\u00fcc\u00fc ve en son teknolojileri kullanmaya adanm\u0131\u015f\u0131z. Lynnhan'\u0131 se\u00e7menizin organizasyonunuz i\u00e7in ak\u0131ll\u0131 bir se\u00e7im olmas\u0131n\u0131n sadece birka\u00e7 nedeni \u015funlard\u0131r.<\/p><p><strong>4. \u00dcst\u00fcn Uzmanl\u0131k<\/strong><\/p><p>5. Ak\u0131ll\u0131 teknoloji sekt\u00f6r\u00fcnde on y\u0131ldan fazla deneyime sahip Lynnhan, masaya birikimli bilgi ve deneyim getiriyor. Uzman ekibimiz ara\u015ft\u0131rma ve geli\u015ftirmeye derin bir \u015fekilde yat\u0131r\u0131m yap\u0131yor ve sundu\u011fumuz her \u00fcr\u00fcn\u00fcn teknolojinin en son noktas\u0131nda yer ald\u0131\u011f\u0131n\u0131 sa\u011fl\u0131yor. Lynnhan'\u0131 se\u00e7ti\u011finizde sadece bir tedarik\u00e7i de\u011fil, \u00f6rnek bir m\u00fckemmellik sicili olan bir orta\u011f\u0131 kazanm\u0131\u015f oluyorsunuz.<\/p><p><strong>6. \u00d6zelle\u015ftirilmi\u015f \u00c7\u00f6z\u00fcmler<\/strong><\/p><p>7. \u00dcr\u00fcnlerimiz ve hizmetlerimizin m\u00fc\u015fterilerimizin benzersiz ihtiya\u00e7lar\u0131na uyacak \u015fekilde uyarlanma yetene\u011fimizden gurur duyuyoruz. E\u011fitim ve sa\u011fl\u0131k sekt\u00f6rlerinden perakende ve kurumsal ortamlara kadar, Lynnhan'\u0131n geni\u015f kapsaml\u0131 ak\u0131ll\u0131 tahtalar\u0131, ta\u015f\u0131nabilir TV'ler, dokunmatik ekranlar, tabletler, diz\u00fcst\u00fc bilgisayarlar, mini PC'ler ve giyilebilir cihazlar\u0131 belirli gereksinimlerinize g\u00f6re \u00f6zelle\u015ftirilebilir. Esnek OEM\/ODM hizmetlerimiz, vizyonunuzun ger\u00e7ek olmas\u0131n\u0131 sa\u011flar, size \u00f6zel tasarlanm\u0131\u015f teknoloji \u00e7\u00f6z\u00fcmleri sunar.<\/p><p><strong>Kalite G\u00fcvencesi<\/strong><\/p><p>8. Kalite sadece bir hedef de\u011fil, bir s\u00f6z\u00fcde. Lynnhan'da her \u00fcr\u00fcn, y\u00fcksek standartlar\u0131m\u0131za ula\u015fmas\u0131n\u0131 sa\u011flamak i\u00e7in titizlikle test edilir ve kalite kontrol s\u00fcre\u00e7lerine tabi tutulur. Yaln\u0131zca en iyi malzemeleri ve en son \u00fcretim tekniklerini kullanarak g\u00fcvenilirlik ve dayan\u0131kl\u0131l\u0131\u011f\u0131 garanti ederiz. Lynnhan teknolojisi yat\u0131r\u0131m\u0131, kal\u0131c\u0131 kalitenin yat\u0131r\u0131m\u0131d\u0131r.<\/p><p><strong>9. S\u00fcrd\u00fcr\u00fclebilirlik ve Sorumluluk<\/strong><\/p><p>10. Gelece\u011fe do\u011fru ilerlerken, Lynnhan s\u00fcrd\u00fcr\u00fclebilirlik ve etik uygulamalara olan ba\u011fl\u0131l\u0131\u011f\u0131n\u0131 s\u00fcrd\u00fcrmeye devam ediyor. \u00c7evresel etkimizi azaltman\u0131n yollar\u0131n\u0131 s\u00fcrekli olarak ara\u015ft\u0131r\u0131yor ve sadece yenilik\u00e7i de\u011fil ayn\u0131 zamanda \u00e7evre dostu \u00fcr\u00fcnler geli\u015ftiriyoruz. Lynnhan ile ortakl\u0131k, gezegenle ayn\u0131 kadar size ilgi duyan bir \u015firket desteklemek anlam\u0131na gelir.<\/p><p><strong>11. M\u00fckemmel M\u00fc\u015fteri Deste\u011fi<\/strong><\/p><p>12. M\u00fc\u015fterilerimizle olan ili\u015fkimiz sat\u0131\u015fla bitmez. Lynnhan, ba\u015flang\u0131\u00e7tan son ana kadar kapsaml\u0131 m\u00fc\u015fteri deste\u011fi sunar, dan\u0131\u015fmanl\u0131k ve kurulumdan s\u00fcrekli teknik yard\u0131m ve e\u011fitime kadar. Adanm\u0131\u015f ekibimiz, Lynnhan \u00e7\u00f6z\u00fcmlerinizden en fazla yararlanman\u0131z\u0131 sa\u011flamak i\u00e7in her zaman size yard\u0131mc\u0131 olmaya haz\u0131rd\u0131r, deneyiminiz sorunsuz ve tatmin edici olmas\u0131n\u0131 sa\u011flar.<\/p><p><strong>13. K\u00fcresel Etki, Yerel Dokunu\u015f<\/strong><\/p><p>14. Lynnhan'\u0131n k\u00fcresel varl\u0131\u011f\u0131, ki\u015fiselle\u015ftirilmi\u015f hizmetin maliyeti de\u011fildir. Yerel m\u00fc\u015fterilerimize de\u011fer veriyoruz ve uluslararas\u0131 m\u00fc\u015fterilerimizle ayn\u0131 sadakat ve ilgiyle ihtiya\u00e7lar\u0131n\u0131 anlamaya ve kar\u015f\u0131lamaya \u00e7al\u0131\u015f\u0131yoruz. Nerede olursan\u0131z olun, Lynnhan her yerde size destek olur.<\/p><p><strong>15. Ba\u015far\u0131 Yat\u0131r\u0131m\u0131<\/strong><\/p><p>16. Lynnhan'da, ba\u015far\u0131 sizin ba\u015far\u0131n\u0131zd\u0131r. \u00dcr\u00fcnlerimizi satm\u0131yoruz, b\u00fcy\u00fcmeyi te\u015fvik eden, verimlili\u011fi art\u0131ran ve ya\u015famlar\u0131 iyile\u015ftiren \u00e7\u00f6z\u00fcmler sunuyoruz. Yenilik, kalite ve m\u00fc\u015fteri memnuniyetine olan ba\u011fl\u0131<\/p><p><strong>Choose Lynnhan: Where Innovation Meets Reliability<\/strong><\/p><p>When you choose Lynnhan, you\u2019re choosing a partner that is dedicated to your success. With our innovative solutions, customized approach, commitment to quality, and exceptional support, we\u2019re ready to help you tackle the challenges of today and tomorrow.<\/p><p>Discover the Lynnhan difference. Let\u2019s innovate together.<\/p>\t\t\t\t\t\t\t\t<\/div>\n\t\t\t\t<\/div>\n\t\t\t\t\t<\/div>\n\t\t\t\t<\/div>\n\t\t\t\t<\/div>","protected":false},"excerpt":{"rendered":"<p>Why Lynnhan: Your Partner in Smart Technology Solutions Innovative Solutions for Modern Challenges In a world where technology evolves at lightning speed, Lynnhan stands out as a beacon of innovation [\u2026]<\/p>","protected":false},"author":1,"featured_media":0,"parent":0,"menu_order":0,"comment_status":"closed","ping_status":"closed","template":"","meta":{"footnotes":""},"class_list":["post-517","page","type-page","status-publish","hentry"],"yoast_head":"<!-- This site is optimized with the Yoast SEO plugin v26.6 - https:\/\/yoast.com\/wordpress\/plugins\/seo\/ -->\n<title>Why Lynnhan ? Smart Tech, Smart Touch<\/title>\n<meta name=\"description\" content=\"Experience the LynnHan difference. From innovative products to dedicated support, see why we exceed expectations.\" \/>\n<meta name=\"robots\" content=\"index, follow, max-snippet:-1, max-image-preview:large, max-video-preview:-1\" \/>\n<link rel=\"canonical\" href=\"https:\/\/lynnhan.com\/tr\/neden-lynnhan\/\" \/>\n<meta property=\"og:locale\" content=\"tr_TR\" \/>\n<meta property=\"og:type\" content=\"article\" \/>\n<meta property=\"og:title\" content=\"Why Lynnhan ? Smart Tech, Smart Touch\" \/>\n<meta property=\"og:description\" content=\"Experience the LynnHan difference. From innovative products to dedicated support, see why we exceed expectations.\" \/>\n<meta property=\"og:url\" content=\"https:\/\/lynnhan.com\/tr\/neden-lynnhan\/\" \/>\n<meta property=\"og:site_name\" content=\"Lynnhan - Trusted Supplier | LED\/OLED\/LCD\/E-paper digital signages\" \/>\n<meta property=\"article:modified_time\" content=\"2024-12-24T08:39:31+00:00\" \/>\n<meta property=\"og:image\" content=\"https:\/\/pub-78925c7bf9ca4c6d820df8293a5c116c.r2.dev\/2024\/12\/Why-Lynnhan.webp\" \/>\n<meta name=\"twitter:card\" content=\"summary_large_image\" \/>\n<meta name=\"twitter:label1\" content=\"Tahmini okuma s\u00fcresi\" \/>\n\t<meta name=\"twitter:data1\" content=\"3 dakika\" \/>\n<script type=\"application\/ld+json\" class=\"yoast-schema-graph\">{\"@context\":\"https:\/\/schema.org\",\"@graph\":[{\"@type\":\"WebPage\",\"@id\":\"https:\/\/lynnhan.com\/why-lynnhan\/\",\"url\":\"https:\/\/lynnhan.com\/why-lynnhan\/\",\"name\":\"Why Lynnhan ? Smart Tech, Smart Touch\",\"isPartOf\":{\"@id\":\"https:\/\/lynnhan.com\/km\/#website\"},\"primaryImageOfPage\":{\"@id\":\"https:\/\/lynnhan.com\/why-lynnhan\/#primaryimage\"},\"image\":{\"@id\":\"https:\/\/lynnhan.com\/why-lynnhan\/#primaryimage\"},\"thumbnailUrl\":\"https:\/\/pub-78925c7bf9ca4c6d820df8293a5c116c.r2.dev\/2024\/12\/Why-Lynnhan.webp\",\"datePublished\":\"2024-02-27T08:02:52+00:00\",\"dateModified\":\"2024-12-24T08:39:31+00:00\",\"description\":\"Experience the LynnHan difference. From innovative products to dedicated support, see why we exceed expectations.\",\"breadcrumb\":{\"@id\":\"https:\/\/lynnhan.com\/why-lynnhan\/#breadcrumb\"},\"inLanguage\":\"tr\",\"potentialAction\":[{\"@type\":\"ReadAction\",\"target\":[\"https:\/\/lynnhan.com\/why-lynnhan\/\"]}]},{\"@type\":\"ImageObject\",\"inLanguage\":\"tr\",\"@id\":\"https:\/\/lynnhan.com\/why-lynnhan\/#primaryimage\",\"url\":\"https:\/\/pub-78925c7bf9ca4c6d820df8293a5c116c.r2.dev\/2024\/12\/Why-Lynnhan.webp\",\"contentUrl\":\"https:\/\/pub-78925c7bf9ca4c6d820df8293a5c116c.r2.dev\/2024\/12\/Why-Lynnhan.webp\"},{\"@type\":\"BreadcrumbList\",\"@id\":\"https:\/\/lynnhan.com\/why-lynnhan\/#breadcrumb\",\"itemListElement\":[{\"@type\":\"ListItem\",\"position\":1,\"name\":\"Home\",\"item\":\"https:\/\/lynnhan.com\/\"},{\"@type\":\"ListItem\",\"position\":2,\"name\":\"Why Lynnhan\"}]},{\"@type\":\"WebSite\",\"@id\":\"https:\/\/lynnhan.com\/km\/#website\",\"url\":\"https:\/\/lynnhan.com\/km\/\",\"name\":\"Lynnhan - Trusted Supplier | LED\/OLED\/LCD\/E-paper digital signages\",\"description\":\"Lynnhan - Trusted Supplier |  LED\/OLED\/LCD\/E-paper digital signages\",\"publisher\":{\"@id\":\"https:\/\/lynnhan.com\/km\/#organization\"},\"potentialAction\":[{\"@type\":\"SearchAction\",\"target\":{\"@type\":\"EntryPoint\",\"urlTemplate\":\"https:\/\/lynnhan.com\/km\/?s={search_term_string}\"},\"query-input\":{\"@type\":\"PropertyValueSpecification\",\"valueRequired\":true,\"valueName\":\"search_term_string\"}}],\"inLanguage\":\"tr\"},{\"@type\":\"Organization\",\"@id\":\"https:\/\/lynnhan.com\/km\/#organization\",\"name\":\"Lynnhan - Trusted Supplier | LED\/OLED\/LCD\/E-paper digital signages\",\"url\":\"https:\/\/lynnhan.com\/km\/\",\"logo\":{\"@type\":\"ImageObject\",\"inLanguage\":\"tr\",\"@id\":\"https:\/\/lynnhan.com\/km\/#\/schema\/logo\/image\/\",\"url\":\"https:\/\/pub-78925c7bf9ca4c6d820df8293a5c116c.r2.dev\/2024\/07\/LynnHan-logo3.png\",\"contentUrl\":\"https:\/\/pub-78925c7bf9ca4c6d820df8293a5c116c.r2.dev\/2024\/07\/LynnHan-logo3.png\",\"width\":390,\"height\":130,\"caption\":\"Lynnhan - Trusted Supplier | LED\/OLED\/LCD\/E-paper digital signages\"},\"image\":{\"@id\":\"https:\/\/lynnhan.com\/km\/#\/schema\/logo\/image\/\"}}]}<\/script>\n<!-- \/ Yoast SEO plugin. -->","yoast_head_json":{"title":"Neden Lynnhan? Ak\u0131ll\u0131 Teknoloji, Ak\u0131ll\u0131 Dokunu\u015f","description":"LynnHan fark\u0131n\u0131 deneyimleyin. Yarat\u0131c\u0131 \u00fcr\u00fcnlerden uzman deste\u011fe kadar, neden beklentilerinizi a\u015fdu\u011fumuzu g\u00f6r\u00fcn.","robots":{"index":"index","follow":"follow","max-snippet":"max-snippet:-1","max-image-preview":"max-image-preview:large","max-video-preview":"max-video-preview:-1"},"canonical":"https:\/\/lynnhan.com\/tr\/neden-lynnhan\/","og_locale":"tr_TR","og_type":"article","og_title":"Why Lynnhan ? Smart Tech, Smart Touch","og_description":"Experience the LynnHan difference. From innovative products to dedicated support, see why we exceed expectations.","og_url":"https:\/\/lynnhan.com\/tr\/neden-lynnhan\/","og_site_name":"Lynnhan - Trusted Supplier | LED\/OLED\/LCD\/E-paper digital signages","article_modified_time":"2024-12-24T08:39:31+00:00","og_image":[{"url":"https:\/\/pub-78925c7bf9ca4c6d820df8293a5c116c.r2.dev\/2024\/12\/Why-Lynnhan.webp","type":"","width":"","height":""}],"twitter_card":"summary_large_image","twitter_misc":{"Tahmini okuma s\u00fcresi":"3 dakika"},"schema":{"@context":"https:\/\/schema.org","@graph":[{"@type":"WebPage","@id":"https:\/\/lynnhan.com\/why-lynnhan\/","url":"https:\/\/lynnhan.com\/why-lynnhan\/","name":"Neden Lynnhan? Ak\u0131ll\u0131 Teknoloji, Ak\u0131ll\u0131 Dokunu\u015f","isPartOf":{"@id":"https:\/\/lynnhan.com\/km\/#website"},"primaryImageOfPage":{"@id":"https:\/\/lynnhan.com\/why-lynnhan\/#primaryimage"},"image":{"@id":"https:\/\/lynnhan.com\/why-lynnhan\/#primaryimage"},"thumbnailUrl":"https:\/\/pub-78925c7bf9ca4c6d820df8293a5c116c.r2.dev\/2024\/12\/Why-Lynnhan.webp","datePublished":"2024-02-27T08:02:52+00:00","dateModified":"2024-12-24T08:39:31+00:00","description":"LynnHan fark\u0131n\u0131 deneyimleyin. Yarat\u0131c\u0131 \u00fcr\u00fcnlerden uzman deste\u011fe kadar, neden beklentilerinizi a\u015fdu\u011fumuzu g\u00f6r\u00fcn.","breadcrumb":{"@id":"https:\/\/lynnhan.com\/why-lynnhan\/#breadcrumb"},"inLanguage":"tr","potentialAction":[{"@type":"ReadAction","target":["https:\/\/lynnhan.com\/why-lynnhan\/"]}]},{"@type":"ImageObject","inLanguage":"tr","@id":"https:\/\/lynnhan.com\/why-lynnhan\/#primaryimage","url":"https:\/\/pub-78925c7bf9ca4c6d820df8293a5c116c.r2.dev\/2024\/12\/Why-Lynnhan.webp","contentUrl":"https:\/\/pub-78925c7bf9ca4c6d820df8293a5c116c.r2.dev\/2024\/12\/Why-Lynnhan.webp"},{"@type":"BreadcrumbList","@id":"https:\/\/lynnhan.com\/why-lynnhan\/#breadcrumb","itemListElement":[{"@type":"ListItem","position":1,"name":"Home","item":"https:\/\/lynnhan.com\/"},{"@type":"ListItem","position":2,"name":"Why Lynnhan"}]},{"@type":"WebSite","@id":"https:\/\/lynnhan.com\/km\/#website","url":"https:\/\/lynnhan.com\/km\/","name":"Lynnhan - G\u00fcvenilir Tedarik\u00e7i | LED\/OLED\/LCD\/E-paper dijital tabel reklamlar\u0131","description":"Lynnhan - G\u00fcvenilir Tedarik\u00e7i |  LED\/OLED\/LCD\/E-paper dijital tabelalar\u0131","publisher":{"@id":"https:\/\/lynnhan.com\/km\/#organization"},"potentialAction":[{"@type":"SearchAction","target":{"@type":"EntryPoint","urlTemplate":"https:\/\/lynnhan.com\/km\/?s={search_term_string}"},"query-input":{"@type":"PropertyValueSpecification","valueRequired":true,"valueName":"search_term_string"}}],"inLanguage":"tr"},{"@type":"Organization","@id":"https:\/\/lynnhan.com\/km\/#organization","name":"Lynnhan - G\u00fcvenilir Tedarik\u00e7i | LED\/OLED\/LCD\/E-paper dijital tabel reklamlar\u0131","url":"https:\/\/lynnhan.com\/km\/","logo":{"@type":"ImageObject","inLanguage":"tr","@id":"https:\/\/lynnhan.com\/km\/#\/schema\/logo\/image\/","url":"https:\/\/pub-78925c7bf9ca4c6d820df8293a5c116c.r2.dev\/2024\/07\/LynnHan-logo3.png","contentUrl":"https:\/\/pub-78925c7bf9ca4c6d820df8293a5c116c.r2.dev\/2024\/07\/LynnHan-logo3.png","width":390,"height":130,"caption":"Lynnhan - Trusted Supplier | LED\/OLED\/LCD\/E-paper digital signages"},"image":{"@id":"https:\/\/lynnhan.com\/km\/#\/schema\/logo\/image\/"}}]}},"jetpack_sharing_enabled":true,"_links":{"self":[{"href":"https:\/\/lynnhan.com\/tr\/wp-json\/wp\/v2\/pages\/517","targetHints":{"allow":["GET"]}}],"collection":[{"href":"https:\/\/lynnhan.com\/tr\/wp-json\/wp\/v2\/pages"}],"about":[{"href":"https:\/\/lynnhan.com\/tr\/wp-json\/wp\/v2\/types\/page"}],"author":[{"embeddable":true,"href":"https:\/\/lynnhan.com\/tr\/wp-json\/wp\/v2\/users\/1"}],"replies":[{"embeddable":true,"href":"https:\/\/lynnhan.com\/tr\/wp-json\/wp\/v2\/comments?post=517"}],"version-history":[{"count":0,"href":"https:\/\/lynnhan.com\/tr\/wp-json\/wp\/v2\/pages\/517\/revisions"}],"wp:attachment":[{"href":"https:\/\/lynnhan.com\/tr\/wp-json\/wp\/v2\/media?parent=517"}],"curies":[{"name":"wp","href":"https:\/\/api.w.org\/{rel}","templated":true}]}}