{"id":488,"date":"2024-02-26T13:50:42","date_gmt":"2024-02-26T13:50:42","guid":{"rendered":"https:\/\/lynnhan.com\/?page_id=488"},"modified":"2025-02-12T14:58:52","modified_gmt":"2025-02-12T14:58:52","slug":"oem-odm","status":"publish","type":"page","link":"https:\/\/lynnhan.com\/tr\/oem-odm\/","title":{"rendered":"OEM\/ODM"},"content":{"rendered":"<div data-elementor-type=\"wp-page\" data-elementor-id=\"488\" class=\"elementor elementor-488\" data-elementor-post-type=\"page\">\n\t\t\t\t<div class=\"elementor-element elementor-element-dd1a2fb e-flex e-con-boxed e-con e-parent\" data-id=\"dd1a2fb\" data-element_type=\"container\">\n\t\t\t\t\t<div class=\"e-con-inner\">\n\t\t\t\t<div class=\"elementor-element elementor-element-712df76 elementor-widget elementor-widget-image\" data-id=\"712df76\" data-element_type=\"widget\" data-widget_type=\"image.default\">\n\t\t\t\t<div class=\"elementor-widget-container\">\n\t\t\t\t\t\t\t\t\t\t\t\t\t\t\t<img fetchpriority=\"high\" decoding=\"async\" width=\"1536\" height=\"768\" src=\"https:\/\/pub-78925c7bf9ca4c6d820df8293a5c116c.r2.dev\/2024\/12\/OEM.webp\" class=\"attachment-full size-full wp-image-3273\" alt=\"T\u00fcm\u00fc Bir Arada LED OEM\/ODM\" srcset=\"https:\/\/pub-78925c7bf9ca4c6d820df8293a5c116c.r2.dev\/2024\/12\/OEM.webp 1536w, https:\/\/pub-78925c7bf9ca4c6d820df8293a5c116c.r2.dev\/2024\/12\/OEM-700x350.webp 700w, https:\/\/pub-78925c7bf9ca4c6d820df8293a5c116c.r2.dev\/2024\/12\/OEM-1024x512.webp 1024w, https:\/\/pub-78925c7bf9ca4c6d820df8293a5c116c.r2.dev\/2024\/12\/OEM-768x384.webp 768w, https:\/\/pub-78925c7bf9ca4c6d820df8293a5c116c.r2.dev\/2024\/12\/OEM-18x9.webp 18w, https:\/\/pub-78925c7bf9ca4c6d820df8293a5c116c.r2.dev\/2024\/12\/OEM-1140x570.webp 1140w, https:\/\/pub-78925c7bf9ca4c6d820df8293a5c116c.r2.dev\/2024\/12\/OEM-920x460.webp 920w, https:\/\/pub-78925c7bf9ca4c6d820df8293a5c116c.r2.dev\/2024\/12\/OEM-575x288.webp 575w, https:\/\/pub-78925c7bf9ca4c6d820df8293a5c116c.r2.dev\/2024\/12\/OEM-380x190.webp 380w, https:\/\/pub-78925c7bf9ca4c6d820df8293a5c116c.r2.dev\/2024\/12\/OEM-1320x660.webp 1320w, https:\/\/pub-78925c7bf9ca4c6d820df8293a5c116c.r2.dev\/2024\/12\/OEM-800x400.webp 800w\" sizes=\"(max-width: 1536px) 100vw, 1536px\" \/>\t\t\t\t\t\t\t\t\t\t\t\t\t\t\t<\/div>\n\t\t\t\t<\/div>\n\t\t\t\t\t<\/div>\n\t\t\t\t<\/div>\n\t\t<div class=\"elementor-element elementor-element-d08357e e-flex e-con-boxed e-con e-parent\" data-id=\"d08357e\" data-element_type=\"container\">\n\t\t\t\t\t<div class=\"e-con-inner\">\n\t\t\t\t<div class=\"elementor-element elementor-element-c08653a elementor-widget elementor-widget-text-editor\" data-id=\"c08653a\" data-element_type=\"widget\" data-widget_type=\"text-editor.default\">\n\t\t\t\t<div class=\"elementor-widget-container\">\n\t\t\t\t\t\t\t\t\t<p><strong>Giri\u015f<\/strong><br \/>Lynnhan, m\u00fc\u015fterilerimizin \u00e7e\u015fitli ihtiya\u00e7lar\u0131na uygun yenilik\u00e7i ak\u0131ll\u0131 teknoloji \u00e7\u00f6z\u00fcmleri sunmakta kararl\u0131d\u0131r. End\u00fcstrideki geni\u015f deneyimimizle, kapsaml\u0131 Orijinal Ekipman \u00dcreticisi (OEM) ve Orijinal Tasar\u0131m \u00dcreticisi (ODM) hizmetleri sunuyoruz. Amac\u0131m\u0131z, marka kimli\u011finizle ve pazar gereksinimlerinizle uyumlu \u00f6zelle\u015ftirilmi\u015f \u00fcr\u00fcnler yaratarak i\u015finizi g\u00fc\u00e7lendirmektir.<\/p><article data-content=\"[{&quot;type&quot;:&quot;block&quot;,&quot;id&quot;:&quot;YAEu-1734512910116&quot;,&quot;name&quot;:&quot;heading&quot;,&quot;data&quot;:{&quot;level&quot;:&quot;h4&quot;,&quot;style&quot;:{},&quot;version&quot;:1},&quot;nodes&quot;:[{&quot;type&quot;:&quot;text&quot;,&quot;id&quot;:&quot;ZRIf-1734512910115&quot;,&quot;leaves&quot;:[{&quot;text&quot;:&quot;Our\u00a0OEM\/ODM\u00a0Services\u00a0Include:&quot;,&quot;marks&quot;:[{&quot;type&quot;:&quot;bold&quot;}]}]}],&quot;state&quot;:{}},{&quot;type&quot;:&quot;block&quot;,&quot;id&quot;:&quot;Ow4S-1734512910454&quot;,&quot;name&quot;:&quot;list-item&quot;,&quot;data&quot;:{&quot;listId&quot;:&quot;m1A3-1734512910477&quot;,&quot;listLevel&quot;:1,&quot;listType&quot;:&quot;unordered&quot;,&quot;style&quot;:{},&quot;version&quot;:1},&quot;nodes&quot;:[{&quot;type&quot;:&quot;text&quot;,&quot;id&quot;:&quot;5NBx-1734512910453&quot;,&quot;leaves&quot;:[{&quot;text&quot;:&quot;Custom\u00a0Product\u00a0Design:&quot;,&quot;marks&quot;:[]}]}],&quot;state&quot;:{&quot;index&quot;:1}},{&quot;type&quot;:&quot;block&quot;,&quot;id&quot;:&quot;sLcA-1734512910458&quot;,&quot;name&quot;:&quot;paragraph&quot;,&quot;data&quot;:{&quot;style&quot;:{},&quot;version&quot;:1},&quot;nodes&quot;:[{&quot;type&quot;:&quot;text&quot;,&quot;id&quot;:&quot;i0uu-1734512910457&quot;,&quot;leaves&quot;:[{&quot;text&quot;:&quot;We\u00a0work\u00a0closely\u00a0with\u00a0you\u00a0to\u00a0design\u00a0LED\u00a0display\u00a0solutions\u00a0that\u00a0reflect\u00a0your\u00a0brand\u2019s\u00a0vision,\u00a0ensuring\u00a0that\u00a0each\u00a0product\u00a0is\u00a0crafted\u00a0to\u00a0your\u00a0specifications.\u00a0Whether\u00a0it's\u00a0the\u00a0&quot;,&quot;marks&quot;:[]},{&quot;text&quot;:&quot;design\u00a0aesthetics&quot;,&quot;marks&quot;:[{&quot;type&quot;:&quot;bold&quot;}]},{&quot;text&quot;:&quot;\u00a0or\u00a0the\u00a0&quot;,&quot;marks&quot;:[]},{&quot;text&quot;:&quot;functional\u00a0features&quot;,&quot;marks&quot;:[{&quot;type&quot;:&quot;bold&quot;}]},{&quot;text&quot;:&quot;,\u00a0we\u00a0offer\u00a0full\u00a0customization\u00a0to\u00a0meet\u00a0your\u00a0requirements.&quot;,&quot;marks&quot;:[]}]}],&quot;state&quot;:{}},{&quot;type&quot;:&quot;block&quot;,&quot;id&quot;:&quot;3bPh-1734512910460&quot;,&quot;name&quot;:&quot;list-item&quot;,&quot;data&quot;:{&quot;listId&quot;:&quot;m1A3-1734512910477&quot;,&quot;listLevel&quot;:1,&quot;listType&quot;:&quot;unordered&quot;,&quot;style&quot;:{},&quot;version&quot;:1},&quot;nodes&quot;:[{&quot;type&quot;:&quot;text&quot;,&quot;id&quot;:&quot;G70j-1734512910459&quot;,&quot;leaves&quot;:[{&quot;text&quot;:&quot;Tailored\u00a0Technology\u00a0Integration:&quot;,&quot;marks&quot;:[]}]}],&quot;state&quot;:{&quot;index&quot;:2}},{&quot;type&quot;:&quot;block&quot;,&quot;id&quot;:&quot;wZOR-1734512910464&quot;,&quot;name&quot;:&quot;paragraph&quot;,&quot;data&quot;:{&quot;style&quot;:{},&quot;version&quot;:1},&quot;nodes&quot;:[{&quot;type&quot;:&quot;text&quot;,&quot;id&quot;:&quot;YnQc-1734512910463&quot;,&quot;leaves&quot;:[{&quot;text&quot;:&quot;We\u00a0integrate\u00a0the\u00a0latest\u00a0advancements\u00a0into\u00a0your\u00a0displays.\u00a0Our\u00a0team\u00a0ensures\u00a0seamless\u00a0compatibility\u00a0with\u00a0your\u00a0brand's\u00a0use\u00a0case,\u00a0whether\u00a0it\u2019s\u00a0for\u00a0&quot;,&quot;marks&quot;:[]},{&quot;text&quot;:&quot;digital\u00a0signage&quot;,&quot;marks&quot;:[{&quot;type&quot;:&quot;bold&quot;}]},{&quot;text&quot;:&quot;,\u00a0&quot;,&quot;marks&quot;:[]},{&quot;text&quot;:&quot;corporate\u00a0environments&quot;,&quot;marks&quot;:[{&quot;type&quot;:&quot;bold&quot;}]},{&quot;text&quot;:&quot;,\u00a0or\u00a0&quot;,&quot;marks&quot;:[]},{&quot;text&quot;:&quot;home\u00a0entertainment&quot;,&quot;marks&quot;:[{&quot;type&quot;:&quot;bold&quot;}]},{&quot;text&quot;:&quot;.&quot;,&quot;marks&quot;:[]}]}],&quot;state&quot;:{}},{&quot;type&quot;:&quot;block&quot;,&quot;id&quot;:&quot;W5JU-1734512910466&quot;,&quot;name&quot;:&quot;list-item&quot;,&quot;data&quot;:{&quot;listId&quot;:&quot;m1A3-1734512910477&quot;,&quot;listLevel&quot;:1,&quot;listType&quot;:&quot;unordered&quot;,&quot;style&quot;:{},&quot;version&quot;:1},&quot;nodes&quot;:[{&quot;type&quot;:&quot;text&quot;,&quot;id&quot;:&quot;aybS-1734512910465&quot;,&quot;leaves&quot;:[{&quot;text&quot;:&quot;End-to-End\u00a0Support:&quot;,&quot;marks&quot;:[]}]}],&quot;state&quot;:{&quot;index&quot;:3}},{&quot;type&quot;:&quot;block&quot;,&quot;id&quot;:&quot;sz53-1734512910470&quot;,&quot;name&quot;:&quot;paragraph&quot;,&quot;data&quot;:{&quot;style&quot;:{},&quot;version&quot;:1},&quot;nodes&quot;:[{&quot;type&quot;:&quot;text&quot;,&quot;id&quot;:&quot;IJEZ-1734512910469&quot;,&quot;leaves&quot;:[{&quot;text&quot;:&quot;We\u00a0handle\u00a0everything\u00a0from\u00a0&quot;,&quot;marks&quot;:[]},{&quot;text&quot;:&quot;product\u00a0development&quot;,&quot;marks&quot;:[{&quot;type&quot;:&quot;bold&quot;}]},{&quot;text&quot;:&quot;,\u00a0&quot;,&quot;marks&quot;:[]},{&quot;text&quot;:&quot;prototyping&quot;,&quot;marks&quot;:[{&quot;type&quot;:&quot;bold&quot;}]},{&quot;text&quot;:&quot;,\u00a0&quot;,&quot;marks&quot;:[]},{&quot;text&quot;:&quot;manufacturing&quot;,&quot;marks&quot;:[{&quot;type&quot;:&quot;bold&quot;}]},{&quot;text&quot;:&quot;,\u00a0to\u00a0&quot;,&quot;marks&quot;:[]},{&quot;text&quot;:&quot;quality\u00a0control&quot;,&quot;marks&quot;:[{&quot;type&quot;:&quot;bold&quot;}]},{&quot;text&quot;:&quot;,\u00a0ensuring\u00a0that\u00a0each\u00a0LED\u00a0display\u00a0meets\u00a0our\u00a0high\u00a0standards.\u00a0Our\u00a0dedicated\u00a0support\u00a0team\u00a0is\u00a0here\u00a0to\u00a0assist\u00a0throughout\u00a0the\u00a0entire\u00a0process,\u00a0ensuring\u00a0smooth\u00a0project\u00a0execution.&quot;,&quot;marks&quot;:[]}]}],&quot;state&quot;:{}},{&quot;type&quot;:&quot;block&quot;,&quot;id&quot;:&quot;dAEV-1734512910472&quot;,&quot;name&quot;:&quot;list-item&quot;,&quot;data&quot;:{&quot;listId&quot;:&quot;m1A3-1734512910477&quot;,&quot;listLevel&quot;:1,&quot;listType&quot;:&quot;unordered&quot;,&quot;style&quot;:{},&quot;version&quot;:1},&quot;nodes&quot;:[{&quot;type&quot;:&quot;text&quot;,&quot;id&quot;:&quot;FTXv-1734512910471&quot;,&quot;leaves&quot;:[{&quot;text&quot;:&quot;Global\u00a0Logistics\u00a0&amp;\u00a0Delivery:&quot;,&quot;marks&quot;:[]}]}],&quot;state&quot;:{&quot;index&quot;:4}},{&quot;type&quot;:&quot;block&quot;,&quot;id&quot;:&quot;wQfl-1734512910476&quot;,&quot;name&quot;:&quot;paragraph&quot;,&quot;data&quot;:{&quot;style&quot;:{},&quot;version&quot;:1},&quot;nodes&quot;:[{&quot;type&quot;:&quot;text&quot;,&quot;id&quot;:&quot;YHzv-1734512910475&quot;,&quot;leaves&quot;:[{&quot;text&quot;:&quot;With\u00a0a\u00a0global\u00a0network\u00a0of\u00a0partners\u00a0and\u00a0efficient\u00a0logistics\u00a0solutions,\u00a0we\u00a0deliver\u00a0your\u00a0custom\u00a0products\u00a0on\u00a0time\u00a0and\u00a0in\u00a0full,\u00a0wherever\u00a0you\u00a0are.&quot;,&quot;marks&quot;:[]}]}],&quot;state&quot;:{}}]\"><div id=\"7qwy-1734512988522\"><strong>OEM\/ODM Hizmetlerimiz \u0130\u00e7erir<\/strong>:<\/div><div><ul><li><strong>\u00d6zelle\u015ftirilmi\u015f \u00dcr\u00fcn Tasar\u0131m\u0131<\/strong>:<br \/>Marka vizyonunuzu yans\u0131tacak LED ekran \u00e7\u00f6z\u00fcmleri tasarlamak i\u00e7in sizi yak\u0131n \u015fekilde \u00e7al\u0131\u015f\u0131yoruz. \u00dcr\u00fcnlerinizde tasar\u0131m esteti\u011fi veya i\u015flevsel \u00f6zellikler ne olursa olsun, gereksinimlerinize uygun tamamen \u00f6zelle\u015ftirme sunuyoruz.<\/li><\/ul><\/div><div><ul><li><strong>\u00d6zelle\u015ftirilmi\u015f Teknoloji Entegrasyonu<\/strong>:<br \/>Ekranlar\u0131n\u0131za en son geli\u015fmeleri entegre ediyoruz. Tak\u0131m\u0131m\u0131z, dijital tabelac\u0131l\u0131k, kurumsal ortamlar veya ev e\u011flencesi i\u00e7in markan\u0131z\u0131n kullan\u0131m senaryosuyla sorunsuz uyumluluk sa\u011fl\u0131yor.<\/li><\/ul><\/div><div><ul><li><strong>Tamamlay\u0131c\u0131 Destek<\/strong>:<br \/>\u00dcr\u00fcn geli\u015ftirme, prototiplendirme, \u00fcretimden kalite kontrol\u00fcne kadar her \u015feyi ele al\u0131yoruz, b\u00f6ylece her LED ekran y\u00fcksek standartlar\u0131m\u0131za uygun olmas\u0131n\u0131 sa\u011fl\u0131yoruz. Adanm\u0131\u015f destek ekibimiz, t\u00fcm s\u00fcre\u00e7 boyunca sorunsuz proje y\u00fcr\u00fctme sa\u011flamak amac\u0131yla burada size yard\u0131mc\u0131 olmaktad\u0131r.<\/li><\/ul><\/div><div><ul><li><strong>K\u00fcresel Lojistik ve Teslimat<\/strong>:<br \/>K\u00fcresel bir partner a\u011f\u0131 ve verimli lojistik \u00e7\u00f6z\u00fcmleri ile, her yerde \u00f6zelle\u015ftirilmi\u015f \u00fcr\u00fcnlerinizi zaman\u0131nda ve tam olarak teslim ediyoruz.<\/li><\/ul><\/div><\/article><p><strong>Lynnhan'\u0131n OEM\/ODM Hizmetlerini Neden Se\u00e7melisiniz?<\/strong><\/p><ul><li><strong>Uzmanl\u0131k ve Yenilik\u00e7ilik<\/strong>: Ak\u0131ll\u0131 teknoloji sekt\u00f6r\u00fcnde on y\u0131ldan fazla deneyime sahip Lynnhan, her projeye bilgi birikimi ve yenilik\u00e7ilik k\u00fclt\u00fcr\u00fcn\u00fc getiriyor.<\/li><li><strong>Kalite G\u00fcvencesi<\/strong>: \u00dcretilen her \u00fcr\u00fcn\u00fcm\u00fczde kaliteye olan ba\u011fl\u0131l\u0131\u011f\u0131m\u0131z a\u00e7\u0131k\u00e7a g\u00f6r\u00fcl\u00fcr. Her \u00fcr\u00fcn\u00fcn end\u00fcstri standartlar\u0131n\u0131 kar\u015f\u0131lad\u0131\u011f\u0131 veya a\u015ft\u0131\u011f\u0131ndan emin olmak i\u00e7in kat\u0131 kalite kontrol s\u00fcre\u00e7lerine uyar\u0131z.<\/li><li><strong>Esnek \u00c7\u00f6z\u00fcmler<\/strong>: Her m\u00fc\u015fterinin benzersiz ihtiya\u00e7lar\u0131n\u0131 anlayarak, \u00e7e\u015fitli gereksinimler ve b\u00fct\u00e7eler i\u00e7in tasarlanm\u0131\u015f esnek OEM\/ODM hizmetleri sunuyoruz.<\/li><li><strong>Zaman\u0131nda Teslimat<\/strong>: Verimli \u00fcretim s\u00fcre\u00e7lerimiz ve g\u00fc\u00e7l\u00fc tedarik zinciri y\u00f6netimimiz, \u00fcr\u00fcnlerinizin zaman\u0131nda teslim edilmesini sa\u011flayarak pazarlara daha h\u0131zl\u0131 girmenizi kolayla\u015ft\u0131r\u0131yor.<\/li><\/ul><p><strong>Lynnhan'\u0131n OEM\/ODM Hizmetleri ile Ba\u015flama<\/strong><\/p><ol><li><strong>Dan\u0131\u015fmanl\u0131k<\/strong>: Bize ileti\u015fime ge\u00e7erek bir dan\u0131\u015fmanl\u0131k randevusu ayarlay\u0131n. Bu toplant\u0131da, proje gereksinimlerinizi, hedef pazar\u0131n\u0131z\u0131 ve hedeflerinizi tart\u0131\u015faca\u011f\u0131z.<\/li><li><strong>Teklif<\/strong>: \u0130lk dan\u0131\u015fmanl\u0131k sonras\u0131nda, tak\u0131m\u0131m\u0131z proje kapsam\u0131, zaman \u00e7izelgesi ve maliyeti a\u00e7\u0131klamak \u00fczere ayr\u0131nt\u0131l\u0131 bir teklif sunacakt\u0131r.<\/li><li><strong>Tasar\u0131m ve Prototiplendirme<\/strong>: Teklif onayland\u0131ktan sonra, fikirlerinizin \u015fekillendi\u011fi tasar\u0131m ve prototiplendirme a\u015famas\u0131na ge\u00e7i\u015f yapar\u0131z.<\/li><li><strong>\u00dcretim<\/strong>: Prototip onayland\u0131ktan sonra, her \u00fcr\u00fcn\u00fcn spesifikasyonlara uygun olarak in\u015fa edilmesini sa\u011flayarak \u00fcretim s\u00fcrecine ge\u00e7ilir.<\/li><li><strong>Kalite Kontrol ve Teslimat<\/strong>: Kalite kontrol ekibimiz, teslimat \u00f6ncesinde her \u00fcr\u00fcn\u00fcn standartlar\u0131n\u0131z\u0131 ve bizim standartlar\u0131m\u0131z\u0131 kar\u015f\u0131lad\u0131\u011f\u0131ndan emin olmak i\u00e7in titizce test eder.<\/li><\/ol><p><strong>Bize Ula\u015f\u0131n<\/strong><br \/>Lynnhan'\u0131n OEM\/ODM hizmetlerinin i\u015finize nas\u0131l fayda sa\u011flayabilece\u011fini ke\u015ffetmek i\u00e7in l\u00fctfen bize ula\u015f\u0131n. G\u00f6r\u00fc\u015fmemize heyecanla bekliyoruz ve vizyonunuzu ger\u00e7ekle\u015ftirmek i\u00e7in ortak olmaktan memnuniyet duyar\u0131z.<\/p><ul><li><strong>E-posta<\/strong>: sales@lynnhan.com<\/li><li><strong>Telefon\/whatsapp<\/strong>: +86 189 2843 1537<\/li><li><strong>\u0130leti\u015fim Formu<\/strong>: Web sitemizin sayfas\u0131n\u0131 ziyaret edin <a href=\"https:\/\/xinxiangt.sg-host.com\/sales-inquiry\/\"><strong><em>Sat\u0131\u015f Sorgusu<\/em><\/strong><\/a> do\u011frudan bir sorgulama g\u00f6ndermek i\u00e7in.<\/li><\/ul><p>Lynnhan'da, g\u00fcvenilir, yenilik\u00e7i ve y\u00fcksek kaliteli OEM\/ODM hizmetleri sa\u011flayarak m\u00fc\u015fterilerimizle uzun vadeli i\u015fbirlikleri kurmakta kararl\u0131y\u0131z. Ba\u015far\u0131y\u0131 te\u015fvik eden ak\u0131ll\u0131 teknoloji \u00e7\u00f6z\u00fcmleri yaratmak i\u00e7in i\u015fbirli\u011fi yapal\u0131m.<\/p>\t\t\t\t\t\t\t\t<\/div>\n\t\t\t\t<\/div>\n\t\t\t\t\t<\/div>\n\t\t\t\t<\/div>\n\t\t\t\t<\/div>","protected":false},"excerpt":{"rendered":"<p>IntroductionLynnhan is dedicated to providing innovative smart technology solutions tailored to meet the diverse needs of our clients. With extensive experience in the industry, we offer comprehensive Original Equipment Manufacturer [\u2026]<\/p>","protected":false},"author":1,"featured_media":0,"parent":0,"menu_order":0,"comment_status":"closed","ping_status":"closed","template":"","meta":{"footnotes":""},"class_list":["post-488","page","type-page","status-publish","hentry"],"yoast_head":"<!-- This site is optimized with the Yoast SEO plugin v26.6 - https:\/\/yoast.com\/wordpress\/plugins\/seo\/ -->\n<title>OEM\/ODM Services - Lynnhan Interactive display supplier<\/title>\n<meta name=\"description\" content=\"Lynnhan Interactive display supplier-Discover how OEM\/ODM services can elevate your product quality and innovation.\" \/>\n<meta name=\"robots\" content=\"index, follow, max-snippet:-1, max-image-preview:large, max-video-preview:-1\" \/>\n<link rel=\"canonical\" href=\"https:\/\/lynnhan.com\/tr\/oem-odm\/\" \/>\n<meta property=\"og:locale\" content=\"tr_TR\" \/>\n<meta property=\"og:type\" content=\"article\" \/>\n<meta property=\"og:title\" content=\"OEM\/ODM Services - Lynnhan Interactive display supplier\" \/>\n<meta property=\"og:description\" content=\"Lynnhan Interactive display supplier-Discover how OEM\/ODM services can elevate your product quality and innovation.\" \/>\n<meta property=\"og:url\" content=\"https:\/\/lynnhan.com\/tr\/oem-odm\/\" \/>\n<meta property=\"og:site_name\" content=\"Lynnhan - Trusted Supplier | LED\/OLED\/LCD\/E-paper digital signages\" \/>\n<meta property=\"article:modified_time\" content=\"2025-02-12T14:58:52+00:00\" \/>\n<meta property=\"og:image\" content=\"https:\/\/pub-78925c7bf9ca4c6d820df8293a5c116c.r2.dev\/2024\/12\/OEM.webp\" \/>\n<meta name=\"twitter:card\" content=\"summary_large_image\" \/>\n<meta name=\"twitter:label1\" content=\"Tahmini okuma s\u00fcresi\" \/>\n\t<meta name=\"twitter:data1\" content=\"3 dakika\" \/>\n<script type=\"application\/ld+json\" class=\"yoast-schema-graph\">{\"@context\":\"https:\/\/schema.org\",\"@graph\":[{\"@type\":\"WebPage\",\"@id\":\"https:\/\/lynnhan.com\/fi\/oem-odm\/\",\"url\":\"https:\/\/lynnhan.com\/fi\/oem-odm\/\",\"name\":\"OEM\/ODM Services - Lynnhan Interactive display supplier\",\"isPartOf\":{\"@id\":\"https:\/\/lynnhan.com\/km\/#website\"},\"primaryImageOfPage\":{\"@id\":\"https:\/\/lynnhan.com\/fi\/oem-odm\/#primaryimage\"},\"image\":{\"@id\":\"https:\/\/lynnhan.com\/fi\/oem-odm\/#primaryimage\"},\"thumbnailUrl\":\"https:\/\/pub-78925c7bf9ca4c6d820df8293a5c116c.r2.dev\/2024\/12\/OEM.webp\",\"datePublished\":\"2024-02-26T13:50:42+00:00\",\"dateModified\":\"2025-02-12T14:58:52+00:00\",\"description\":\"Lynnhan Interactive display supplier-Discover how OEM\/ODM services can elevate your product quality and innovation.\",\"breadcrumb\":{\"@id\":\"https:\/\/lynnhan.com\/fi\/oem-odm\/#breadcrumb\"},\"inLanguage\":\"tr\",\"potentialAction\":[{\"@type\":\"ReadAction\",\"target\":[\"https:\/\/lynnhan.com\/fi\/oem-odm\/\"]}]},{\"@type\":\"ImageObject\",\"inLanguage\":\"tr\",\"@id\":\"https:\/\/lynnhan.com\/fi\/oem-odm\/#primaryimage\",\"url\":\"https:\/\/pub-78925c7bf9ca4c6d820df8293a5c116c.r2.dev\/2024\/12\/OEM.webp\",\"contentUrl\":\"https:\/\/pub-78925c7bf9ca4c6d820df8293a5c116c.r2.dev\/2024\/12\/OEM.webp\"},{\"@type\":\"BreadcrumbList\",\"@id\":\"https:\/\/lynnhan.com\/fi\/oem-odm\/#breadcrumb\",\"itemListElement\":[{\"@type\":\"ListItem\",\"position\":1,\"name\":\"Home\",\"item\":\"https:\/\/lynnhan.com\/\"},{\"@type\":\"ListItem\",\"position\":2,\"name\":\"OEM\/ODM\"}]},{\"@type\":\"WebSite\",\"@id\":\"https:\/\/lynnhan.com\/km\/#website\",\"url\":\"https:\/\/lynnhan.com\/km\/\",\"name\":\"Lynnhan - Trusted Supplier | LED\/OLED\/LCD\/E-paper digital signages\",\"description\":\"Lynnhan - Trusted Supplier |  LED\/OLED\/LCD\/E-paper digital signages\",\"publisher\":{\"@id\":\"https:\/\/lynnhan.com\/km\/#organization\"},\"potentialAction\":[{\"@type\":\"SearchAction\",\"target\":{\"@type\":\"EntryPoint\",\"urlTemplate\":\"https:\/\/lynnhan.com\/km\/?s={search_term_string}\"},\"query-input\":{\"@type\":\"PropertyValueSpecification\",\"valueRequired\":true,\"valueName\":\"search_term_string\"}}],\"inLanguage\":\"tr\"},{\"@type\":\"Organization\",\"@id\":\"https:\/\/lynnhan.com\/km\/#organization\",\"name\":\"Lynnhan - Trusted Supplier | LED\/OLED\/LCD\/E-paper digital signages\",\"url\":\"https:\/\/lynnhan.com\/km\/\",\"logo\":{\"@type\":\"ImageObject\",\"inLanguage\":\"tr\",\"@id\":\"https:\/\/lynnhan.com\/km\/#\/schema\/logo\/image\/\",\"url\":\"https:\/\/pub-78925c7bf9ca4c6d820df8293a5c116c.r2.dev\/2024\/07\/LynnHan-logo3.png\",\"contentUrl\":\"https:\/\/pub-78925c7bf9ca4c6d820df8293a5c116c.r2.dev\/2024\/07\/LynnHan-logo3.png\",\"width\":390,\"height\":130,\"caption\":\"Lynnhan - Trusted Supplier | LED\/OLED\/LCD\/E-paper digital signages\"},\"image\":{\"@id\":\"https:\/\/lynnhan.com\/km\/#\/schema\/logo\/image\/\"}}]}<\/script>\n<!-- \/ Yoast SEO plugin. -->","yoast_head_json":{"title":"OEM\/ODM Hizmetleri - Lynnhan Interactive ekran tedarik\u00e7isi","description":"Lynnhan Interactive display sa\u011flay\u0131c\u0131 - OEM\/ODM hizmetlerinin \u00fcr\u00fcn kaliteniz ve yenilik\u00e7ili\u011finizi nas\u0131l y\u00fckseltebilece\u011fini ke\u015ffedin.","robots":{"index":"index","follow":"follow","max-snippet":"max-snippet:-1","max-image-preview":"max-image-preview:large","max-video-preview":"max-video-preview:-1"},"canonical":"https:\/\/lynnhan.com\/tr\/oem-odm\/","og_locale":"tr_TR","og_type":"article","og_title":"OEM\/ODM Services - Lynnhan Interactive display supplier","og_description":"Lynnhan Interactive display supplier-Discover how OEM\/ODM services can elevate your product quality and innovation.","og_url":"https:\/\/lynnhan.com\/tr\/oem-odm\/","og_site_name":"Lynnhan - Trusted Supplier | LED\/OLED\/LCD\/E-paper digital signages","article_modified_time":"2025-02-12T14:58:52+00:00","og_image":[{"url":"https:\/\/pub-78925c7bf9ca4c6d820df8293a5c116c.r2.dev\/2024\/12\/OEM.webp","type":"","width":"","height":""}],"twitter_card":"summary_large_image","twitter_misc":{"Tahmini okuma s\u00fcresi":"3 dakika"},"schema":{"@context":"https:\/\/schema.org","@graph":[{"@type":"WebPage","@id":"https:\/\/lynnhan.com\/fi\/oem-odm\/","url":"https:\/\/lynnhan.com\/fi\/oem-odm\/","name":"OEM\/ODM Hizmetleri - Lynnhan Interactive ekran tedarik\u00e7isi","isPartOf":{"@id":"https:\/\/lynnhan.com\/km\/#website"},"primaryImageOfPage":{"@id":"https:\/\/lynnhan.com\/fi\/oem-odm\/#primaryimage"},"image":{"@id":"https:\/\/lynnhan.com\/fi\/oem-odm\/#primaryimage"},"thumbnailUrl":"https:\/\/pub-78925c7bf9ca4c6d820df8293a5c116c.r2.dev\/2024\/12\/OEM.webp","datePublished":"2024-02-26T13:50:42+00:00","dateModified":"2025-02-12T14:58:52+00:00","description":"Lynnhan Interactive display sa\u011flay\u0131c\u0131 - OEM\/ODM hizmetlerinin \u00fcr\u00fcn kaliteniz ve yenilik\u00e7ili\u011finizi nas\u0131l y\u00fckseltebilece\u011fini ke\u015ffedin.","breadcrumb":{"@id":"https:\/\/lynnhan.com\/fi\/oem-odm\/#breadcrumb"},"inLanguage":"tr","potentialAction":[{"@type":"ReadAction","target":["https:\/\/lynnhan.com\/fi\/oem-odm\/"]}]},{"@type":"ImageObject","inLanguage":"tr","@id":"https:\/\/lynnhan.com\/fi\/oem-odm\/#primaryimage","url":"https:\/\/pub-78925c7bf9ca4c6d820df8293a5c116c.r2.dev\/2024\/12\/OEM.webp","contentUrl":"https:\/\/pub-78925c7bf9ca4c6d820df8293a5c116c.r2.dev\/2024\/12\/OEM.webp"},{"@type":"BreadcrumbList","@id":"https:\/\/lynnhan.com\/fi\/oem-odm\/#breadcrumb","itemListElement":[{"@type":"ListItem","position":1,"name":"Home","item":"https:\/\/lynnhan.com\/"},{"@type":"ListItem","position":2,"name":"OEM\/ODM"}]},{"@type":"WebSite","@id":"https:\/\/lynnhan.com\/km\/#website","url":"https:\/\/lynnhan.com\/km\/","name":"Lynnhan - G\u00fcvenilir Tedarik\u00e7i | LED\/OLED\/LCD\/E-paper dijital tabel reklamlar\u0131","description":"Lynnhan - G\u00fcvenilir Tedarik\u00e7i |  LED\/OLED\/LCD\/E-paper dijital tabelalar\u0131","publisher":{"@id":"https:\/\/lynnhan.com\/km\/#organization"},"potentialAction":[{"@type":"SearchAction","target":{"@type":"EntryPoint","urlTemplate":"https:\/\/lynnhan.com\/km\/?s={search_term_string}"},"query-input":{"@type":"PropertyValueSpecification","valueRequired":true,"valueName":"search_term_string"}}],"inLanguage":"tr"},{"@type":"Organization","@id":"https:\/\/lynnhan.com\/km\/#organization","name":"Lynnhan - G\u00fcvenilir Tedarik\u00e7i | LED\/OLED\/LCD\/E-paper dijital tabel reklamlar\u0131","url":"https:\/\/lynnhan.com\/km\/","logo":{"@type":"ImageObject","inLanguage":"tr","@id":"https:\/\/lynnhan.com\/km\/#\/schema\/logo\/image\/","url":"https:\/\/pub-78925c7bf9ca4c6d820df8293a5c116c.r2.dev\/2024\/07\/LynnHan-logo3.png","contentUrl":"https:\/\/pub-78925c7bf9ca4c6d820df8293a5c116c.r2.dev\/2024\/07\/LynnHan-logo3.png","width":390,"height":130,"caption":"Lynnhan - Trusted Supplier | LED\/OLED\/LCD\/E-paper digital signages"},"image":{"@id":"https:\/\/lynnhan.com\/km\/#\/schema\/logo\/image\/"}}]}},"jetpack_sharing_enabled":true,"_links":{"self":[{"href":"https:\/\/lynnhan.com\/tr\/wp-json\/wp\/v2\/pages\/488","targetHints":{"allow":["GET"]}}],"collection":[{"href":"https:\/\/lynnhan.com\/tr\/wp-json\/wp\/v2\/pages"}],"about":[{"href":"https:\/\/lynnhan.com\/tr\/wp-json\/wp\/v2\/types\/page"}],"author":[{"embeddable":true,"href":"https:\/\/lynnhan.com\/tr\/wp-json\/wp\/v2\/users\/1"}],"replies":[{"embeddable":true,"href":"https:\/\/lynnhan.com\/tr\/wp-json\/wp\/v2\/comments?post=488"}],"version-history":[{"count":0,"href":"https:\/\/lynnhan.com\/tr\/wp-json\/wp\/v2\/pages\/488\/revisions"}],"wp:attachment":[{"href":"https:\/\/lynnhan.com\/tr\/wp-json\/wp\/v2\/media?parent=488"}],"curies":[{"name":"wp","href":"https:\/\/api.w.org\/{rel}","templated":true}]}}