{"id":3,"date":"2024-02-24T07:46:55","date_gmt":"2024-02-24T07:46:55","guid":{"rendered":"https:\/\/lynnhan.com\/?page_id=3"},"modified":"2024-12-18T10:36:41","modified_gmt":"2024-12-18T10:36:41","slug":"gizlilik-politikasi","status":"publish","type":"page","link":"https:\/\/lynnhan.com\/tr\/gizlilik-politikasi\/","title":{"rendered":"Gizlilik Politikas\u0131"},"content":{"rendered":"<div data-elementor-type=\"wp-page\" data-elementor-id=\"3\" class=\"elementor elementor-3\" data-elementor-post-type=\"page\">\n\t\t\t\t<div class=\"elementor-element elementor-element-e9b38ac e-flex e-con-boxed e-con e-parent\" data-id=\"e9b38ac\" data-element_type=\"container\">\n\t\t\t\t\t<div class=\"e-con-inner\">\n\t\t\t\t<div class=\"elementor-element elementor-element-83498b3 elementor-widget elementor-widget-image\" data-id=\"83498b3\" data-element_type=\"widget\" data-widget_type=\"image.default\">\n\t\t\t\t<div class=\"elementor-widget-container\">\n\t\t\t\t\t\t\t\t\t\t\t\t\t\t\t<img fetchpriority=\"high\" decoding=\"async\" width=\"1456\" height=\"816\" src=\"https:\/\/pub-78925c7bf9ca4c6d820df8293a5c116c.r2.dev\/2024\/12\/Privacy-Policy.webp\" class=\"attachment-full size-full wp-image-3315\" alt=\"B\u00fct\u00fcn bir LED tedarik\u00e7isi Gizlilik Politikas\u0131\" srcset=\"https:\/\/pub-78925c7bf9ca4c6d820df8293a5c116c.r2.dev\/2024\/12\/Privacy-Policy.webp 1456w, https:\/\/pub-78925c7bf9ca4c6d820df8293a5c116c.r2.dev\/2024\/12\/Privacy-Policy-700x392.webp 700w, https:\/\/pub-78925c7bf9ca4c6d820df8293a5c116c.r2.dev\/2024\/12\/Privacy-Policy-1024x574.webp 1024w, https:\/\/pub-78925c7bf9ca4c6d820df8293a5c116c.r2.dev\/2024\/12\/Privacy-Policy-768x430.webp 768w, https:\/\/pub-78925c7bf9ca4c6d820df8293a5c116c.r2.dev\/2024\/12\/Privacy-Policy-18x10.webp 18w, https:\/\/pub-78925c7bf9ca4c6d820df8293a5c116c.r2.dev\/2024\/12\/Privacy-Policy-1140x639.webp 1140w, https:\/\/pub-78925c7bf9ca4c6d820df8293a5c116c.r2.dev\/2024\/12\/Privacy-Policy-920x516.webp 920w, https:\/\/pub-78925c7bf9ca4c6d820df8293a5c116c.r2.dev\/2024\/12\/Privacy-Policy-575x322.webp 575w, https:\/\/pub-78925c7bf9ca4c6d820df8293a5c116c.r2.dev\/2024\/12\/Privacy-Policy-380x213.webp 380w, https:\/\/pub-78925c7bf9ca4c6d820df8293a5c116c.r2.dev\/2024\/12\/Privacy-Policy-1320x740.webp 1320w, https:\/\/pub-78925c7bf9ca4c6d820df8293a5c116c.r2.dev\/2024\/12\/Privacy-Policy-800x448.webp 800w\" sizes=\"(max-width: 1456px) 100vw, 1456px\" \/>\t\t\t\t\t\t\t\t\t\t\t\t\t\t\t<\/div>\n\t\t\t\t<\/div>\n\t\t\t\t\t<\/div>\n\t\t\t\t<\/div>\n\t\t<div class=\"elementor-element elementor-element-f7a3023 e-flex e-con-boxed e-con e-parent\" data-id=\"f7a3023\" data-element_type=\"container\">\n\t\t\t\t\t<div class=\"e-con-inner\">\n\t\t\t\t<div class=\"elementor-element elementor-element-77782203 elementor-widget elementor-widget-text-editor\" data-id=\"77782203\" data-element_type=\"widget\" data-widget_type=\"text-editor.default\">\n\t\t\t\t<div class=\"elementor-widget-container\">\n\t\t\t\t\t\t\t\t\t<h3>1. Lynnhan i\u00e7in Gizlilik Politikas\u0131<\/h3>\n<p><strong>2. Y\u00fcr\u00fcrl\u00fcl\u00fck Tarihi: 02\/28\/2024<br \/><\/strong><\/p>\n<p>3. Lynnhan'da, gizlili\u011finizi korumaya ba\u011fl\u0131y\u0131z. Bu Gizlilik Politikas\u0131, toplad\u0131\u011f\u0131m\u0131z ki\u015fisel bilgilerin t\u00fcrlerini, nas\u0131l kulland\u0131\u011f\u0131m\u0131z\u0131 ve verilerinizi korumak i\u00e7in ald\u0131\u011f\u0131m\u0131z \u00f6nlemleri a\u00e7\u0131klar. Hizmetlerimiz ve \u00fcr\u00fcnlerimizi kullanarak, bu politikaya uygun olarak bilgi toplama ve kullanmay\u0131 kabul edersiniz.<\/p>\n<p><strong>4. Bilgi Toplama ve Kullan\u0131m<\/strong><\/p>\n<ul>\n<li><strong>5. Ki\u015fisel Bilgiler<\/strong>6. : Sitemize kay\u0131t olduktan sonra, bir sipari\u015f verdikten sonra, b\u00fcltenimize abone olduktan sonra veya destek i\u00e7in bize ileti\u015fim kurdu\u011funuzda, ad\u0131n\u0131z, e-posta adresiniz, telefon numaran\u0131z ve teslimat adresiniz gibi ki\u015fisel bilgiler topluyoruz. Bu bilgiler, i\u015flemleri tamamlamak, \u00fcr\u00fcn ve hizmetleri teslim etmek ve sizi ileti\u015fim kurmak i\u00e7in kullan\u0131l\u0131r.<\/li>\n<li><strong>7. Kullan\u0131m Verileri<\/strong>8. : Ayr\u0131ca, Hizmetin nas\u0131l eri\u015fildi\u011fi ve kullan\u0131ld\u0131\u011f\u0131 hakk\u0131nda bilgi topluyoruz (\u201cKullan\u0131m Verileri\u201d). Bu Kullan\u0131m Verileri, bilgisayar\u0131n\u0131z\u0131n \u0130nternet Protokol\u00fc adresi (\u00f6rne\u011fin, IP adresi), taray\u0131c\u0131 t\u00fcr\u00fc, taray\u0131c\u0131 s\u00fcr\u00fcm\u00fc, Hizmetimizin sayfalar\u0131n\u0131 ziyaret etti\u011finiz, ziyaret tarih ve saatleri, bu sayfalarda ge\u00e7irdi\u011finiz s\u00fcre ve di\u011fer tan\u0131sal verileri i\u00e7erebilir.<\/li>\n<\/ul>\n<p><strong>9. \u00c7erezler ve Takip Verileri<\/strong><\/p>\n<p>10. Hizmetimizin etkinli\u011finde ne kadar faaliyet g\u00f6sterdi\u011finizi takip etmek ve belirli bilgileri tutmak i\u00e7in \u00e7erezler ve benzeri takip teknolojileri kullan\u0131yoruz. \u00c7erezler, k\u00fc\u00e7\u00fck miktarda veri i\u00e7eren dosyalard\u0131r ve tan\u0131ms\u0131z benzersiz bir tan\u0131mlay\u0131c\u0131 i\u00e7erebilir. Taray\u0131c\u0131n\u0131z\u0131 t\u00fcm \u00e7erezleri reddetmek veya bir \u00e7erez g\u00f6nderildi\u011finde bildirmek i\u00e7in ayarlayabilirsiniz. Ancak, \u00e7erezleri kabul etmezseniz, Hizmetimizin baz\u0131 b\u00f6l\u00fcmlerini kullanamayabilirsiniz.<\/p>\n<p><strong>11. Veri Kullan\u0131m\u0131<\/strong><\/p>\n<p>12. Lynnhan, toplanan verileri \u00e7e\u015fitli ama\u00e7lar i\u00e7in kullan\u0131r:<\/p>\n<ul>\n<li>13. Hizmetimizin sa\u011flanmas\u0131 ve s\u00fcrd\u00fcr\u00fclmesi<\/li>\n<li>14. Hizmetimizin de\u011fi\u015fikliklerini size bildirmek<\/li>\n<li>15. Hizmetimizin etkile\u015fimli \u00f6zelliklerine kat\u0131lmak i\u00e7in sizin se\u00e7iminize ba\u011fl\u0131 olarak<\/li>\n<li>16. M\u00fc\u015fteri deste\u011fi sa\u011flamak<\/li>\n<li>17. Hizmetimizin iyile\u015ftirilmesi i\u00e7in analitik veya de\u011ferli bilgiler toplamak<\/li>\n<li>18. Hizmetimizin kullan\u0131m\u0131n\u0131 izlemek<\/li>\n<li>19. Teknik sorunlar\u0131 tespit etmek, \u00f6nlemek ve \u00e7\u00f6zmek<\/li>\n<\/ul>\n<p><strong>20. Veri Payla\u015f\u0131m\u0131 ve A\u00e7\u0131klama<\/strong><\/p>\n<p>21. Lynnhan, bu Gizlilik Politikas\u0131nda a\u00e7\u0131klanmad\u0131k\u00e7a kimseye bilgilerinizi payla\u015fmayacak veya a\u00e7\u0131klamayacakt\u0131r. Hizmetle ilgili hizmetleri yerine getirmek veya Hizmetimizin nas\u0131l kullan\u0131ld\u0131\u011f\u0131n\u0131 analiz etmemize yard\u0131mc\u0131 olmak i\u00e7in \u00fc\u00e7\u00fcnc\u00fc taraf hizmet sa\u011flay\u0131c\u0131lar\u0131yla bilgilerinizi payla\u015fabiliriz. Bu \u00fc\u00e7\u00fcnc\u00fc taraflar, yaln\u0131zca bu g\u00f6revleri bizim ad\u0131m\u0131za yerine getirmek i\u00e7in ki\u015fisel bilgilerinize eri\u015febilir ve bunu ba\u015fka bir ama\u00e7la a\u00e7\u0131klamamak veya kullanmamak zorundad\u0131r.<\/p>\n<p><strong>22. Veri G\u00fcvenli\u011fi<\/strong><\/p>\n<p>23. Verilerinizin g\u00fcvenli\u011fi bizim i\u00e7in \u00f6nemlidir, ancak \u0130nternet \u00fczerinden ileti\u015fimde herhangi bir y\u00f6ntemin veya elektronik depolama y\u00f6nteminin tamamen g\u00fcvenli oldu\u011funu unutmay\u0131n. Ki\u015fisel Bilgilerinizi korumak i\u00e7in ticari olarak makul y\u00f6ntemler kullanmaya \u00e7al\u0131\u015fsak da, kesinlikle g\u00fcvenli\u011fini garanti edemeyiz.<\/p>\n<p><strong>24. Sizin Haklar\u0131n\u0131z<\/strong><\/p>\n<p>25. Bilgilerimize eri\u015fme, g\u00fcncelleme veya silme hakk\u0131n\u0131z vard\u0131r. M\u00fcmk\u00fcn oldu\u011funda, Hesap Ayarlar\u0131n\u0131z b\u00f6l\u00fcm\u00fcnden do\u011frudan ki\u015fisel bilgilerinizi eri\u015febilir, g\u00fcncelleyebilir veya silme talebinde bulunabilirsiniz. Bu eylemleri kendiniz ger\u00e7ekle\u015ftiremeyen durumlar i\u00e7in bize ba\u015fv<\/p>\n<p><strong>Changes to This Privacy Policy<\/strong><\/p>\n<p>We may update our Privacy Policy from time to time. We will notify you of any changes by posting the new Privacy Policy on this page. You are advised to review this Privacy Policy periodically for any changes.<\/p>\n<p><strong>Bize Ula\u015f\u0131n<\/strong><\/p>\n<p>If you have any questions about this Privacy Policy, please contact us:<\/p>\n<ul>\n<li>By email: contact@xinxiangt.sg-host.com<\/li>\n<\/ul>\n<p>Your privacy is of paramount importance to Lynnhan, and we are committed to safeguarding the personal information you entrust to us.<\/p>\n\t\t\t\t\t\t\t\t<\/div>\n\t\t\t\t<\/div>\n\t\t\t\t\t<\/div>\n\t\t\t\t<\/div>\n\t\t\t\t<\/div>","protected":false},"excerpt":{"rendered":"<p>Privacy Policy for Lynnhan Effective Date: 02\/28\/2024 At Lynnhan, we are committed to protecting your privacy. This Privacy Policy outlines the types of personal information we collect, how we use [\u2026]<\/p>","protected":false},"author":1,"featured_media":0,"parent":0,"menu_order":0,"comment_status":"closed","ping_status":"open","template":"","meta":{"footnotes":""},"class_list":["post-3","page","type-page","status-publish","hentry"],"yoast_head":"<!-- This site is optimized with the Yoast SEO plugin v26.6 - https:\/\/yoast.com\/wordpress\/plugins\/seo\/ -->\n<title>Safeguard your privacy | Lynnhan Smart Display Manufacturer<\/title>\n<meta name=\"description\" content=\"Safeguard your privacy with LynnHan smart display manufacturer&#039;s policy. We&#039;re committed to protecting your information with care.\" \/>\n<meta name=\"robots\" content=\"index, follow, max-snippet:-1, max-image-preview:large, max-video-preview:-1\" \/>\n<link rel=\"canonical\" href=\"https:\/\/lynnhan.com\/tr\/gizlilik-politikasi\/\" \/>\n<meta property=\"og:locale\" content=\"tr_TR\" \/>\n<meta property=\"og:type\" content=\"article\" \/>\n<meta property=\"og:title\" content=\"Safeguard your privacy | Lynnhan Smart Display Manufacturer\" \/>\n<meta property=\"og:description\" content=\"Safeguard your privacy with LynnHan smart display manufacturer&#039;s policy. We&#039;re committed to protecting your information with care.\" \/>\n<meta property=\"og:url\" content=\"https:\/\/lynnhan.com\/tr\/gizlilik-politikasi\/\" \/>\n<meta property=\"og:site_name\" content=\"Lynnhan - Trusted Supplier | LED\/OLED\/LCD\/E-paper digital signages\" \/>\n<meta property=\"article:modified_time\" content=\"2024-12-18T10:36:41+00:00\" \/>\n<meta property=\"og:image\" content=\"https:\/\/pub-78925c7bf9ca4c6d820df8293a5c116c.r2.dev\/2024\/12\/Privacy-Policy.webp\" \/>\n<meta name=\"twitter:card\" content=\"summary_large_image\" \/>\n<meta name=\"twitter:label1\" content=\"Tahmini okuma s\u00fcresi\" \/>\n\t<meta name=\"twitter:data1\" content=\"3 dakika\" \/>\n<script type=\"application\/ld+json\" class=\"yoast-schema-graph\">{\"@context\":\"https:\/\/schema.org\",\"@graph\":[{\"@type\":\"WebPage\",\"@id\":\"https:\/\/lynnhan.com\/en\/privacy-policy\/\",\"url\":\"https:\/\/lynnhan.com\/en\/privacy-policy\/\",\"name\":\"Safeguard your privacy | Lynnhan Smart Display Manufacturer\",\"isPartOf\":{\"@id\":\"https:\/\/lynnhan.com\/km\/#website\"},\"primaryImageOfPage\":{\"@id\":\"https:\/\/lynnhan.com\/en\/privacy-policy\/#primaryimage\"},\"image\":{\"@id\":\"https:\/\/lynnhan.com\/en\/privacy-policy\/#primaryimage\"},\"thumbnailUrl\":\"https:\/\/pub-78925c7bf9ca4c6d820df8293a5c116c.r2.dev\/2024\/12\/Privacy-Policy.webp\",\"datePublished\":\"2024-02-24T07:46:55+00:00\",\"dateModified\":\"2024-12-18T10:36:41+00:00\",\"description\":\"Safeguard your privacy with LynnHan smart display manufacturer's policy. We're committed to protecting your information with care.\",\"breadcrumb\":{\"@id\":\"https:\/\/lynnhan.com\/en\/privacy-policy\/#breadcrumb\"},\"inLanguage\":\"tr\",\"potentialAction\":[{\"@type\":\"ReadAction\",\"target\":[\"https:\/\/lynnhan.com\/en\/privacy-policy\/\"]}]},{\"@type\":\"ImageObject\",\"inLanguage\":\"tr\",\"@id\":\"https:\/\/lynnhan.com\/en\/privacy-policy\/#primaryimage\",\"url\":\"https:\/\/pub-78925c7bf9ca4c6d820df8293a5c116c.r2.dev\/2024\/12\/Privacy-Policy.webp\",\"contentUrl\":\"https:\/\/pub-78925c7bf9ca4c6d820df8293a5c116c.r2.dev\/2024\/12\/Privacy-Policy.webp\"},{\"@type\":\"BreadcrumbList\",\"@id\":\"https:\/\/lynnhan.com\/en\/privacy-policy\/#breadcrumb\",\"itemListElement\":[{\"@type\":\"ListItem\",\"position\":1,\"name\":\"Home\",\"item\":\"https:\/\/lynnhan.com\/\"},{\"@type\":\"ListItem\",\"position\":2,\"name\":\"Privacy Policy\"}]},{\"@type\":\"WebSite\",\"@id\":\"https:\/\/lynnhan.com\/km\/#website\",\"url\":\"https:\/\/lynnhan.com\/km\/\",\"name\":\"Lynnhan - Trusted Supplier | LED\/OLED\/LCD\/E-paper digital signages\",\"description\":\"Lynnhan - Trusted Supplier |  LED\/OLED\/LCD\/E-paper digital signages\",\"publisher\":{\"@id\":\"https:\/\/lynnhan.com\/km\/#organization\"},\"potentialAction\":[{\"@type\":\"SearchAction\",\"target\":{\"@type\":\"EntryPoint\",\"urlTemplate\":\"https:\/\/lynnhan.com\/km\/?s={search_term_string}\"},\"query-input\":{\"@type\":\"PropertyValueSpecification\",\"valueRequired\":true,\"valueName\":\"search_term_string\"}}],\"inLanguage\":\"tr\"},{\"@type\":\"Organization\",\"@id\":\"https:\/\/lynnhan.com\/km\/#organization\",\"name\":\"Lynnhan - Trusted Supplier | LED\/OLED\/LCD\/E-paper digital signages\",\"url\":\"https:\/\/lynnhan.com\/km\/\",\"logo\":{\"@type\":\"ImageObject\",\"inLanguage\":\"tr\",\"@id\":\"https:\/\/lynnhan.com\/km\/#\/schema\/logo\/image\/\",\"url\":\"https:\/\/pub-78925c7bf9ca4c6d820df8293a5c116c.r2.dev\/2024\/07\/LynnHan-logo3.png\",\"contentUrl\":\"https:\/\/pub-78925c7bf9ca4c6d820df8293a5c116c.r2.dev\/2024\/07\/LynnHan-logo3.png\",\"width\":390,\"height\":130,\"caption\":\"Lynnhan - Trusted Supplier | LED\/OLED\/LCD\/E-paper digital signages\"},\"image\":{\"@id\":\"https:\/\/lynnhan.com\/km\/#\/schema\/logo\/image\/\"}}]}<\/script>\n<!-- \/ Yoast SEO plugin. -->","yoast_head_json":{"title":"Gizlinizi koruyun | Lynnhan Ak\u0131ll\u0131 Ekran \u00dcreticisi","description":"LynnHan ak\u0131ll\u0131 ekran \u00fcreticisinin politikas\u0131yla gizlili\u011finizi koruyun. Bilgilerinizi dikkatle korumaya kararl\u0131y\u0131z.","robots":{"index":"index","follow":"follow","max-snippet":"max-snippet:-1","max-image-preview":"max-image-preview:large","max-video-preview":"max-video-preview:-1"},"canonical":"https:\/\/lynnhan.com\/tr\/gizlilik-politikasi\/","og_locale":"tr_TR","og_type":"article","og_title":"Safeguard your privacy | Lynnhan Smart Display Manufacturer","og_description":"Safeguard your privacy with LynnHan smart display manufacturer's policy. We're committed to protecting your information with care.","og_url":"https:\/\/lynnhan.com\/tr\/gizlilik-politikasi\/","og_site_name":"Lynnhan - Trusted Supplier | LED\/OLED\/LCD\/E-paper digital signages","article_modified_time":"2024-12-18T10:36:41+00:00","og_image":[{"url":"https:\/\/pub-78925c7bf9ca4c6d820df8293a5c116c.r2.dev\/2024\/12\/Privacy-Policy.webp","type":"","width":"","height":""}],"twitter_card":"summary_large_image","twitter_misc":{"Tahmini okuma s\u00fcresi":"3 dakika"},"schema":{"@context":"https:\/\/schema.org","@graph":[{"@type":"WebPage","@id":"https:\/\/lynnhan.com\/en\/privacy-policy\/","url":"https:\/\/lynnhan.com\/en\/privacy-policy\/","name":"Gizlinizi koruyun | Lynnhan Ak\u0131ll\u0131 Ekran \u00dcreticisi","isPartOf":{"@id":"https:\/\/lynnhan.com\/km\/#website"},"primaryImageOfPage":{"@id":"https:\/\/lynnhan.com\/en\/privacy-policy\/#primaryimage"},"image":{"@id":"https:\/\/lynnhan.com\/en\/privacy-policy\/#primaryimage"},"thumbnailUrl":"https:\/\/pub-78925c7bf9ca4c6d820df8293a5c116c.r2.dev\/2024\/12\/Privacy-Policy.webp","datePublished":"2024-02-24T07:46:55+00:00","dateModified":"2024-12-18T10:36:41+00:00","description":"LynnHan ak\u0131ll\u0131 ekran \u00fcreticisinin politikas\u0131yla gizlili\u011finizi koruyun. Bilgilerinizi dikkatle korumaya kararl\u0131y\u0131z.","breadcrumb":{"@id":"https:\/\/lynnhan.com\/en\/privacy-policy\/#breadcrumb"},"inLanguage":"tr","potentialAction":[{"@type":"ReadAction","target":["https:\/\/lynnhan.com\/en\/privacy-policy\/"]}]},{"@type":"ImageObject","inLanguage":"tr","@id":"https:\/\/lynnhan.com\/en\/privacy-policy\/#primaryimage","url":"https:\/\/pub-78925c7bf9ca4c6d820df8293a5c116c.r2.dev\/2024\/12\/Privacy-Policy.webp","contentUrl":"https:\/\/pub-78925c7bf9ca4c6d820df8293a5c116c.r2.dev\/2024\/12\/Privacy-Policy.webp"},{"@type":"BreadcrumbList","@id":"https:\/\/lynnhan.com\/en\/privacy-policy\/#breadcrumb","itemListElement":[{"@type":"ListItem","position":1,"name":"Home","item":"https:\/\/lynnhan.com\/"},{"@type":"ListItem","position":2,"name":"Privacy Policy"}]},{"@type":"WebSite","@id":"https:\/\/lynnhan.com\/km\/#website","url":"https:\/\/lynnhan.com\/km\/","name":"Lynnhan - G\u00fcvenilir Tedarik\u00e7i | LED\/OLED\/LCD\/E-paper dijital tabel reklamlar\u0131","description":"Lynnhan - G\u00fcvenilir Tedarik\u00e7i |  LED\/OLED\/LCD\/E-paper dijital tabelalar\u0131","publisher":{"@id":"https:\/\/lynnhan.com\/km\/#organization"},"potentialAction":[{"@type":"SearchAction","target":{"@type":"EntryPoint","urlTemplate":"https:\/\/lynnhan.com\/km\/?s={search_term_string}"},"query-input":{"@type":"PropertyValueSpecification","valueRequired":true,"valueName":"search_term_string"}}],"inLanguage":"tr"},{"@type":"Organization","@id":"https:\/\/lynnhan.com\/km\/#organization","name":"Lynnhan - G\u00fcvenilir Tedarik\u00e7i | LED\/OLED\/LCD\/E-paper dijital tabel reklamlar\u0131","url":"https:\/\/lynnhan.com\/km\/","logo":{"@type":"ImageObject","inLanguage":"tr","@id":"https:\/\/lynnhan.com\/km\/#\/schema\/logo\/image\/","url":"https:\/\/pub-78925c7bf9ca4c6d820df8293a5c116c.r2.dev\/2024\/07\/LynnHan-logo3.png","contentUrl":"https:\/\/pub-78925c7bf9ca4c6d820df8293a5c116c.r2.dev\/2024\/07\/LynnHan-logo3.png","width":390,"height":130,"caption":"Lynnhan - Trusted Supplier | LED\/OLED\/LCD\/E-paper digital signages"},"image":{"@id":"https:\/\/lynnhan.com\/km\/#\/schema\/logo\/image\/"}}]}},"jetpack_sharing_enabled":true,"_links":{"self":[{"href":"https:\/\/lynnhan.com\/tr\/wp-json\/wp\/v2\/pages\/3","targetHints":{"allow":["GET"]}}],"collection":[{"href":"https:\/\/lynnhan.com\/tr\/wp-json\/wp\/v2\/pages"}],"about":[{"href":"https:\/\/lynnhan.com\/tr\/wp-json\/wp\/v2\/types\/page"}],"author":[{"embeddable":true,"href":"https:\/\/lynnhan.com\/tr\/wp-json\/wp\/v2\/users\/1"}],"replies":[{"embeddable":true,"href":"https:\/\/lynnhan.com\/tr\/wp-json\/wp\/v2\/comments?post=3"}],"version-history":[{"count":0,"href":"https:\/\/lynnhan.com\/tr\/wp-json\/wp\/v2\/pages\/3\/revisions"}],"wp:attachment":[{"href":"https:\/\/lynnhan.com\/tr\/wp-json\/wp\/v2\/media?parent=3"}],"curies":[{"name":"wp","href":"https:\/\/api.w.org\/{rel}","templated":true}]}}