{"id":483,"date":"2024-02-26T13:29:25","date_gmt":"2024-02-26T13:29:25","guid":{"rendered":"https:\/\/lynnhan.com\/?page_id=483"},"modified":"2024-12-18T14:05:52","modified_gmt":"2024-12-18T14:05:52","slug":"%e8%81%94%e7%b3%bb%e6%88%91%e4%bb%ac%e4%bf%a1%e6%81%af","status":"publish","type":"page","link":"https:\/\/lynnhan.com\/ta\/%e8%81%94%e7%b3%bb%e6%88%91%e4%bb%ac%e4%bf%a1%e6%81%af\/","title":{"rendered":"\u8054\u7cfb\u6211\u4eec\u4fe1\u606f"},"content":{"rendered":"<div data-elementor-type=\"wp-page\" data-elementor-id=\"483\" class=\"elementor elementor-483\" data-elementor-post-type=\"page\">\n\t\t\t\t<div class=\"elementor-element elementor-element-c951381 e-flex e-con-boxed e-con e-parent\" data-id=\"c951381\" data-element_type=\"container\">\n\t\t\t\t\t<div class=\"e-con-inner\">\n\t\t\t\t<div class=\"elementor-element elementor-element-ed8b053 elementor-widget elementor-widget-image\" data-id=\"ed8b053\" data-element_type=\"widget\" data-widget_type=\"image.default\">\n\t\t\t\t<div class=\"elementor-widget-container\">\n\t\t\t\t\t\t\t\t\t\t\t\t\t\t\t<img fetchpriority=\"high\" decoding=\"async\" width=\"1456\" height=\"816\" src=\"https:\/\/pub-78925c7bf9ca4c6d820df8293a5c116c.r2.dev\/2024\/12\/contact-us-info.webp\" class=\"attachment-full size-full wp-image-3319\" alt=\"All in One LED supplier Lynnhan Contact method\" srcset=\"https:\/\/pub-78925c7bf9ca4c6d820df8293a5c116c.r2.dev\/2024\/12\/contact-us-info.webp 1456w, https:\/\/pub-78925c7bf9ca4c6d820df8293a5c116c.r2.dev\/2024\/12\/contact-us-info-700x392.webp 700w, https:\/\/pub-78925c7bf9ca4c6d820df8293a5c116c.r2.dev\/2024\/12\/contact-us-info-1024x574.webp 1024w, https:\/\/pub-78925c7bf9ca4c6d820df8293a5c116c.r2.dev\/2024\/12\/contact-us-info-768x430.webp 768w, https:\/\/pub-78925c7bf9ca4c6d820df8293a5c116c.r2.dev\/2024\/12\/contact-us-info-18x10.webp 18w, https:\/\/pub-78925c7bf9ca4c6d820df8293a5c116c.r2.dev\/2024\/12\/contact-us-info-1140x639.webp 1140w, https:\/\/pub-78925c7bf9ca4c6d820df8293a5c116c.r2.dev\/2024\/12\/contact-us-info-920x516.webp 920w, https:\/\/pub-78925c7bf9ca4c6d820df8293a5c116c.r2.dev\/2024\/12\/contact-us-info-575x322.webp 575w, https:\/\/pub-78925c7bf9ca4c6d820df8293a5c116c.r2.dev\/2024\/12\/contact-us-info-380x213.webp 380w, https:\/\/pub-78925c7bf9ca4c6d820df8293a5c116c.r2.dev\/2024\/12\/contact-us-info-1320x740.webp 1320w, https:\/\/pub-78925c7bf9ca4c6d820df8293a5c116c.r2.dev\/2024\/12\/contact-us-info-800x448.webp 800w\" sizes=\"(max-width: 1456px) 100vw, 1456px\" \/>\t\t\t\t\t\t\t\t\t\t\t\t\t\t\t<\/div>\n\t\t\t\t<\/div>\n\t\t\t\t\t<\/div>\n\t\t\t\t<\/div>\n\t\t<div class=\"elementor-element elementor-element-6a132c7 e-flex e-con-boxed e-con e-parent\" data-id=\"6a132c7\" data-element_type=\"container\">\n\t\t\t\t\t<div class=\"e-con-inner\">\n\t\t\t\t<div class=\"elementor-element elementor-element-5f66cb3 elementor-widget elementor-widget-text-editor\" data-id=\"5f66cb3\" data-element_type=\"widget\" data-widget_type=\"text-editor.default\">\n\t\t\t\t<div class=\"elementor-widget-container\">\n\t\t\t\t\t\t\t\t\t<p><strong>\u9023\u63a5Lynnhan\uff1a\u60a8\u7684\u667a\u80fd\u6280\u8853\u89e3\u6c7a\u65b9\u6848\u5925\u4f34<\/strong><\/p><p>\u5728Lynnhan\uff0c\u6211\u5011\u81f4\u529b\u4e8e\u70ba\u5ba2\u6236\u63d0\u4f9b\u91dd\u5c0d\u5176\u7368\u7279\u696d\u52d9\u9700\u6c42\u91cf\u8eab\u5b9a\u5236\u7684\u5275\u65b0\u667a\u80fd\u6280\u8853\u89e3\u6c7a\u65b9\u6848\u3002\u7121\u8ad6\u60a8\u662f\u5e0c\u671b\u4f7f\u7528\u6211\u5011\u7684\u667a\u80fd\u767d\u677f\u3001\u53ef\u651c\u5f0f\u96fb\u8996\u3001\u89f8\u63a7\u5c4f\u3001\u5e73\u677f\u96fb\u8166\u3001\u7b46\u8a18\u672c\u3001\u8ff7\u4f60\u96fb\u8166\u6216\u53ef\u7a7f\u6234\u8a2d\u5099\u4f86\u63d0\u5347\u60a8\u7684\u904b\u71df\uff0c\u6211\u5011\u7684\u5718\u968a\u90fd\u5728\u9019\u88e1\u5e6b\u52a9\u60a8\u627e\u5230\u6b63\u78ba\u7684\u89e3\u6c7a\u65b9\u6848\u3002\u4eca\u5929\u806f\u7e6b\u6211\u5011\uff0c\u4e86\u89e3\u6211\u5011\u7684\u7522\u54c1\uff0c\u5b89\u6392\u6f14\u793a\uff0c\u6216\u8a0e\u8ad6\u5b9a\u5236\u89e3\u6c7a\u65b9\u6848\u3002<\/p><p><strong>\u806f\u7e6b\u6211\u5011<\/strong><br \/>\u6211\u5011\u73cd\u8996\u60a8\u7684\u67e5\u8a62\u548c\u53cd\u994b\u3002\u4ee5\u4e0b\u662f\u4e00\u4e9b\u60a8\u53ef\u4ee5\u806f\u7e6b\u6211\u5011\u7684\u65b9\u5f0f\uff1a<\/p><ul><li><p><strong>\u9500\u552e\u67e5\u8a62<\/strong>\uff1a\u5c0d\u8cfc\u8cb7Lynnhan\u7522\u54c1\u6216\u9700\u8981\u95dc\u65bc\u60a8\u696d\u52d9\u6700\u4f73\u89e3\u6c7a\u65b9\u6848\u7684\u5efa\u8b70\u611f\u8208\u8da3\uff1f\u6211\u5011\u7684\u92b7\u552e\u5718\u968a\u6e96\u5099\u597d\u70ba\u60a8\u63d0\u4f9b\u5354\u52a9\u3002<\/p><ul><li>\u96fb\u5b50\u90f5\u4ef6\uff1a <a target=\"_new\">sales@xinxiangt.sg-host.com<\/a><\/li><li>\u96fb\u8a71\/what\u2019s app\uff1a+86 189 2843 1537<\/li><\/ul><\/li><li><p><strong>\u6280\u8853\u652f\u6301<\/strong>\uff1a\u9700\u8981\u5e6b\u52a9\u89e3\u6c7aLynnhan\u7522\u54c1\u554f\u984c\uff1f\u6211\u5011\u7684\u6280\u8853\u652f\u6301\u5718\u968a\u5728\u6b64\u70ba\u60a8\u63d0\u4f9b\u4efb\u4f55\u554f\u984c\u6216\u7591\u554f\u7684\u5354\u52a9\u3002<\/p><ul><li>\u8a2a\u554f\u6211\u5011\u7684 <a href=\"https:\/\/chat.openai.com\/c\/3bcef6d8-79e0-448b-b325-64390622e650#\" target=\"_new\">\u6280\u8853\u652f\u6301\u9801\u9762<\/a> \u7372\u53d6\u8cc7\u6e90\u6216\u76f4\u63a5\u806f\u7e6b\u6211\u5011\u3002<\/li><li>\u96fb\u5b50\u90f5\u4ef6\uff1a <a target=\"_new\">support@xinxiangt.sg-host.com<\/a><\/li><\/ul><\/li><li><p><strong>\u901a\u7528\u67e5\u8a62<\/strong>\uff1a\u5c0d\u65bc\u6240\u6709\u5176\u4ed6\u554f\u984c\u6216\u53cd\u994b\uff0c\u8acb\u4f7f\u7528\u4ee5\u4e0b\u806f\u7e6b\u65b9\u5f0f\u3002<\/p><ul><li>\u96fb\u5b50\u90f5\u4ef6\uff1acontact<a target=\"_new\">@xinxiangt.sg-host.com<\/a><\/li><\/ul><\/li><\/ul><p><strong>\u529e\u516c\u6642\u9593<\/strong><br \/>\u6211\u5011\u7684\u5718\u968a\u5728\u4ee5\u4e0b\u6642\u9593\u5167\u53ef\u70ba\u60a8\u63d0\u4f9b\u5354\u52a9\uff1a<br \/>\u661f\u671f\u4e00\u81f3\u661f\u671f\u4e94\uff1a\u4e0a\u53489:00\u81f3\u4e0b\u53485:00\uff08UST+8\uff09<\/p><p><strong>\u8ddf\u96a8\u6211\u5011<\/strong><br \/>\u901a\u904e\u6211\u5011\u7684\u793e\u4ea4\u5a92\u9ad4\u983b\u9053\u8207Lynnhan\u4fdd\u6301\u806f\u7e6b\uff0c\u4e26\u6210\u70ba\u6211\u5011\u6700\u65b0\u7522\u54c1\u3001\u66f4\u65b0\u548c\u6d3b\u52d5\u7684\u7b2c\u4e00\u6642\u9593\u7372\u77e5\u8005\uff1a<\/p><ul><li>LinkedIn\uff1a <a href=\"https:\/\/www.linkedin.com\/in\/chris-tang-standbyme-tv-manufacturer\/\">https:\/\/www.linkedin.com\/in\/chris-tang-standbyme-tv-manufacturer\/<\/a><\/li><li>Twitter\uff1a[\u63d2\u5165Twitter URL]<\/li><li>Facebook\uff1a<a href=\"https:\/\/www.facebook.com\/profile.php?id=61557528243130\">https:\/\/www.facebook.com\/profile.php?id=61557528243130<\/a><\/li><\/ul><p><strong>\u8a2a\u554f\u6211\u5011<\/strong><br \/>\u6211\u5011\u7684\u7e3d\u90e8\u4f4d\u65bc\u4e2d\u570b\u5ee3\u6771\u7701\u6df1\u5733\u5dff\u3002<br \/>\u96a8\u610f\u5b89\u6392\u8a2a\u554f\uff0c\u4ee5\u89aa\u81ea\u8a0e\u8ad6\u60a8\u7684\u9700\u6c42\u3002\u8acb\u806f\u7e6b\u6211\u5011\u5b89\u6392\u7d04\u6703\u3002<\/p><p><strong>1. \u04ae\u04af\u0440\u0442\u043c\u044d\u043b \u0445\u04af\u0440\u0442\u044d\u0445\u0434\u044d\u044d<\/strong><br \/>2. \u0422\u0430\u043d\u0434 \u0438\u0445 \u04af\u0437\u04af\u04af\u043b\u044d\u043b\u0442\u0442\u044d\u0439, \u0442\u0430\u0430\u0441 \u0431\u04af\u0445\u0438\u0439 \u0445\u0443\u0443\u043b\u0438\u0430\u0440 \u0442\u04af\u0433\u044d\u044d\u043c\u044d\u043b \u0430\u0441\u0443\u0443\u043b\u0442 \u0445\u04af\u0440\u0442\u044d\u0445\u0434\u044d\u044d \u0430\u0448\u0438\u0433\u043b\u0430\u0445 \u0431\u043e\u043b\u043e\u043c\u0436\u0442\u043e\u0439. \u0425\u04af\u043c\u04af\u04af\u0441 \u0430\u0441\u0443\u0443\u043b\u0442\u0430\u0430 \u0445\u0430\u043c\u0433\u0438\u0439\u043d \u0441\u04af\u04af\u043b\u0438\u0439\u043d \u04af\u0435\u0434 \u0445\u0430\u0440\u0438\u0443\u0446\u0430\u0430\u0445\u0430\u0434 \u0431\u0430\u0439\u043d\u0430.<\/p><p>[<a href=\"https:\/\/xinxiangt.sg-host.com\/contact-us-form\/\"><em><strong>L\u00ecxi\u00e0n F\u00faxi\u00e0ng<\/strong><\/em><\/a>]<\/p><p>3. \u041b\u0438\u043d\u043d\u0430\u0445\u0430\u043d\u0434, \u0442\u04af\u04af\u043d\u0438\u0439\u0433 \u04af\u0437\u04af\u04af\u043b\u044d\u0445 \u0442\u0443\u0441\u0433\u0430\u0439 \u04af\u0439\u043b\u0447\u0438\u043b\u0433\u044d\u044d \u0431\u0430 \u0446\u0443\u0442\u0433\u0430\u0433\u0434\u0430\u0445 \u0448\u0438\u043d\u044d \u04af\u0439\u043b\u0447\u0438\u043b\u0433\u044d\u044d\u0433 \u04af\u0437\u04af\u04af\u043b\u044d\u0445 \u0442\u04af\u0440\u044d\u043c\u0433\u0438\u0439\u043b\u044d\u0445. \u0425\u04e9\u0434\u04e9\u043b\u043c\u04e9\u0440\u0438\u0439\u0433 \u0442\u04e9\u0433\u0441\u04e9\u0445\u04e9\u0434 \u0442\u04af\u04af\u043d\u0438\u0439\u0433 \u0445\u0430\u043c\u0433\u0430\u0430\u043b\u0430\u0445 \u0442\u0443\u043b \u0445\u04af\u043d\u0438\u0439 \u0445\u043e\u043b\u0431\u043e\u0433\u0434\u043e\u043b\u044b\u043d \u0442\u044d\u0433\u0448\u0438\u0442\u0433\u044d\u0445 \u0442\u0435\u0445\u043d\u043e\u043b\u043e\u0433\u0438\u0438\u0439\u043d \u0434\u0443\u0442\u0433\u0430\u0436 \u0431\u0430\u0439\u0433\u0430\u0430 \u0442\u04af\u04af\u043d\u0438\u0439\u0433 \u0442\u0430\u043d\u0438\u043b\u0443\u0443\u043b\u0430\u0445\u0430\u0434 \u0442\u04af\u04af\u043d\u0438\u0439\u0433 \u0445\u0430\u043c\u0433\u0438\u0439\u043d \u0441\u04af\u04af\u043b\u0438\u0439\u043d \u04af\u0435\u0434 \u0445\u0430\u043c\u0433\u0438\u0439\u043d \u0441\u04af\u04af\u043b\u0438\u0439\u043d \u04af\u0435\u0434 \u0445\u0430\u043c\u0433\u0438\u0439\u043d \u0441\u04af\u04af\u043b\u0438\u0439\u043d \u04af\u0435\u0434 \u0445\u0430\u043c\u0433\u0438\u0439\u043d \u0441\u04af\u04af\u043b\u0438\u0439\u043d \u04af\u0435\u0434 \u0445\u0430\u043c\u0433\u0438\u0439\u043d \u0441\u04af\u04af\u043b\u0438\u0439\u043d \u04af\u0435\u0434 \u0445\u0430\u043c\u0433\u0438\u0439\u043d \u0441\u04af\u04af\u043b\u0438\u0439\u043d \u04af\u0435\u0434 \u0445\u0430\u043c\u0433\u0438\u0439\u043d \u0441\u04af\u04af\u043b\u0438\u0439\u043d \u04af\u0435\u0434 \u0445\u0430\u043c\u0433\u0438\u0439\u043d \u0441\u04af\u04af\u043b\u0438\u0439\u043d \u04af\u0435\u0434 \u0445\u0430\u043c\u0433\u0438\u0439\u043d \u0441\u04af\u04af\u043b\u0438\u0439\u043d \u04af\u0435\u0434 \u0445\u0430\u043c\u0433\u0438\u0439\u043d \u0441\u04af\u04af\u043b\u0438\u0439\u043d \u04af\u0435\u0434 \u0445\u0430\u043c\u0433\u0438\u0439\u043d \u0441\u04af\u04af\u043b\u0438\u0439\u043d \u04af\u0435\u0434 \u0445\u0430\u043c\u0433\u0438\u0439\u043d \u0441\u04af\u04af\u043b\u0438\u0439\u043d \u04af\u0435\u0434 \u0445\u0430\u043c\u0433\u0438\u0439\u043d \u0441\u04af\u04af\u043b\u0438\u0439\u043d \u04af\u0435\u0434 \u0445\u0430\u043c\u0433\u0438\u0439\u043d \u0441\u04af\u04af\u043b\u0438\u0439\u043d \u04af\u0435\u0434 \u0445\u0430\u043c\u0433\u0438\u0439\u043d \u0441\u04af\u04af\u043b\u0438\u0439\u043d \u04af\u0435\u0434 \u0445\u0430\u043c\u0433\u0438\u0439\u043d \u0441\u04af\u04af\u043b\u0438\u0439\u043d \u04af\u0435\u0434 \u0445\u0430\u043c\u0433\u0438\u0439\u043d \u0441\u04af\u04af\u043b\u0438\u0439\u043d \u04af\u0435\u0434 \u0445\u0430\u043c\u0433\u0438\u0439\u043d \u0441\u04af\u04af\u043b\u0438\u0439\u043d \u04af\u0435\u0434 \u0445\u0430\u043c\u0433\u0438\u0439\u043d \u0441\u04af\u04af\u043b\u0438\u0439\u043d \u04af\u0435\u0434 \u0445\u0430\u043c\u0433\u0438\u0439\u043d \u0441\u04af\u04af\u043b\u0438\u0439\u043d \u04af\u0435\u0434 \u0445\u0430\u043c\u0433\u0438\u0439\u043d \u0441\u04af\u04af\u043b\u0438\u0439\u043d \u04af\u0435\u0434 \u0445\u0430\u043c\u0433\u0438\u0439\u043d \u0441\u04af\u04af\u043b\u0438\u0439\u043d \u04af\u0435\u0434 \u0445\u0430\u043c\u0433\u0438\u0439\u043d \u0441\u04af\u04af\u043b\u0438\u0439\u043d \u04af\u0435\u0434 \u0445\u0430\u043c\u0433\u0438\u0439\u043d \u0441\u04af\u04af\u043b\u0438\u0439\u043d \u04af\u0435\u0434 \u0445\u0430\u043c\u0433\u0438\u0439\u043d \u0441\u04af\u04af\u043b\u0438\u0439\u043d \u04af\u0435\u0434 \u0445\u0430\u043c\u0433\u0438\u0439\u043d \u0441\u04af\u04af\u043b\u0438\u0439\u043d \u04af\u0435\u0434 \u0445\u0430\u043c\u0433\u0438\u0439\u043d \u0441\u04af\u04af\u043b\u0438\u0439\u043d \u04af\u0435\u0434 \u0445\u0430\u043c\u0433\u0438\u0439\u043d \u0441\u04af\u04af\u043b\u0438\u0439\u043d \u04af\u0435\u0434 \u0445\u0430\u043c\u0433\u0438\u0439\u043d \u0441\u04af\u04af\u043b\u0438\u0439\u043d \u04af\u0435\u0434 \u0445\u0430\u043c\u0433\u0438\u0439\u043d \u0441\u04af\u04af\u043b\u0438\u0439\u043d \u04af\u0435\u0434 \u0445\u0430\u043c\u0433\u0438\u0439\u043d \u0441\u04af\u04af\u043b\u0438\u0439\u043d \u04af\u0435\u0434 \u0445\u0430\u043c\u0433\u0438\u0439\u043d \u0441\u04af\u04af\u043b\u0438\u0439\u043d \u04af\u0435\u0434 \u0445\u0430\u043c\u0433\u0438\u0439\u043d \u0441\u04af\u04af\u043b\u0438\u0439\u043d \u04af\u0435\u0434 \u0445\u0430\u043c\u0433\u0438\u0439\u043d \u0441\u04af\u04af\u043b\u0438\u0439\u043d \u04af\u0435\u0434 \u0445\u0430\u043c\u0433\u0438\u0439\u043d \u0441\u04af\u04af\u043b\u0438\u0439\u043d \u04af\u0435\u0434 \u0445\u0430\u043c\u0433\u0438\u0439\u043d \u0441\u04af\u04af\u043b\u0438\u0439\u043d \u04af\u0435\u0434 \u0445\u0430\u043c\u0433\u0438\u0439\u043d \u0441\u04af\u04af\u043b\u0438\u0439\u043d \u04af\u0435\u0434 \u0445\u0430\u043c\u0433\u0438\u0439\u043d \u0441\u04af\u04af\u043b\u0438\u0439\u043d \u04af\u0435\u0434 \u0445\u0430\u043c\u0433\u0438\u0439\u043d \u0441\u04af\u04af\u043b\u0438\u0439\u043d \u04af\u0435\u0434 \u0445\u0430\u043c\u0433\u0438\u0439\u043d \u0441\u04af\u04af\u043b\u0438\u0439\u043d \u04af\u0435\u0434 \u0445\u0430\u043c\u0433\u0438\u0439\u043d \u0441\u04af\u04af\u043b\u0438\u0439\u043d \u04af\u0435\u0434 \u0445\u0430\u043c\u0433\u0438\u0439\u043d \u0441\u04af\u04af\u043b\u0438\u0439\u043d \u04af\u0435\u0434 \u0445\u0430\u043c\u0433\u0438\u0439\u043d \u0441\u04af\u04af\u043b\u0438\u0439\u043d<\/p>\t\t\t\t\t\t\t\t<\/div>\n\t\t\t\t<\/div>\n\t\t\t\t\t<\/div>\n\t\t\t\t<\/div>\n\t\t\t\t<\/div>","protected":false},"excerpt":{"rendered":"<p>Connect with Lynnhan: Your Partner in Smart Technology Solutions At Lynnhan, we\u2019re dedicated to providing our clients with innovative smart technology solutions tailored to their unique business needs. Whether you\u2019re [\u2026]<\/p>","protected":false},"author":1,"featured_media":0,"parent":0,"menu_order":0,"comment_status":"closed","ping_status":"closed","template":"","meta":{"footnotes":""},"class_list":["post-483","page","type-page","status-publish","hentry"],"yoast_head":"<!-- This site is optimized with the Yoast SEO plugin v26.6 - https:\/\/yoast.com\/wordpress\/plugins\/seo\/ -->\n<title>Quick Contact Form Guide-Lynnhan smart boards manufacturer<\/title>\n<meta name=\"description\" content=\"Need immediate Lynnhan smart boards manufacturer support or have a question? Our contact form ensures you&#039;re heard. Reach out today!\" \/>\n<meta name=\"robots\" content=\"index, follow, max-snippet:-1, max-image-preview:large, max-video-preview:-1\" \/>\n<link rel=\"canonical\" href=\"https:\/\/lynnhan.com\/ta\/\u8054\u7cfb\u6211\u4eec\u4fe1\u606f\/\" \/>\n<meta property=\"og:locale\" content=\"ta_IN\" \/>\n<meta property=\"og:type\" content=\"article\" \/>\n<meta property=\"og:title\" content=\"Quick Contact Form Guide-Lynnhan smart boards manufacturer\" \/>\n<meta property=\"og:description\" content=\"Need immediate Lynnhan smart boards manufacturer support or have a question? Our contact form ensures you&#039;re heard. Reach out today!\" \/>\n<meta property=\"og:url\" content=\"https:\/\/lynnhan.com\/ta\/\u8054\u7cfb\u6211\u4eec\u4fe1\u606f\/\" \/>\n<meta property=\"og:site_name\" content=\"Lynnhan - Trusted Supplier | LED\/OLED\/LCD\/E-paper digital signages\" \/>\n<meta property=\"article:modified_time\" content=\"2024-12-18T14:05:52+00:00\" \/>\n<meta property=\"og:image\" content=\"https:\/\/pub-78925c7bf9ca4c6d820df8293a5c116c.r2.dev\/2024\/12\/contact-us-info.webp\" \/>\n<meta name=\"twitter:card\" content=\"summary_large_image\" \/>\n<meta name=\"twitter:label1\" content=\"Est. reading time\" \/>\n\t<meta name=\"twitter:data1\" content=\"2 minutes\" \/>\n<script type=\"application\/ld+json\" class=\"yoast-schema-graph\">{\"@context\":\"https:\/\/schema.org\",\"@graph\":[{\"@type\":\"WebPage\",\"@id\":\"https:\/\/lynnhan.com\/ar\/%d9%85%d8%b9%d9%84%d9%88%d9%85%d8%a7%d8%aa-%d8%a7%d9%84%d8%a7%d8%aa%d8%b5%d8%a7%d9%84-%d8%a8%d9%86%d8%a7\/\",\"url\":\"https:\/\/lynnhan.com\/ar\/%d9%85%d8%b9%d9%84%d9%88%d9%85%d8%a7%d8%aa-%d8%a7%d9%84%d8%a7%d8%aa%d8%b5%d8%a7%d9%84-%d8%a8%d9%86%d8%a7\/\",\"name\":\"Quick Contact Form Guide-Lynnhan smart boards manufacturer\",\"isPartOf\":{\"@id\":\"https:\/\/lynnhan.com\/km\/#website\"},\"primaryImageOfPage\":{\"@id\":\"https:\/\/lynnhan.com\/ar\/%d9%85%d8%b9%d9%84%d9%88%d9%85%d8%a7%d8%aa-%d8%a7%d9%84%d8%a7%d8%aa%d8%b5%d8%a7%d9%84-%d8%a8%d9%86%d8%a7\/#primaryimage\"},\"image\":{\"@id\":\"https:\/\/lynnhan.com\/ar\/%d9%85%d8%b9%d9%84%d9%88%d9%85%d8%a7%d8%aa-%d8%a7%d9%84%d8%a7%d8%aa%d8%b5%d8%a7%d9%84-%d8%a8%d9%86%d8%a7\/#primaryimage\"},\"thumbnailUrl\":\"https:\/\/pub-78925c7bf9ca4c6d820df8293a5c116c.r2.dev\/2024\/12\/contact-us-info.webp\",\"datePublished\":\"2024-02-26T13:29:25+00:00\",\"dateModified\":\"2024-12-18T14:05:52+00:00\",\"description\":\"Need immediate Lynnhan smart boards manufacturer support or have a question? Our contact form ensures you're heard. Reach out today!\",\"breadcrumb\":{\"@id\":\"https:\/\/lynnhan.com\/ar\/%d9%85%d8%b9%d9%84%d9%88%d9%85%d8%a7%d8%aa-%d8%a7%d9%84%d8%a7%d8%aa%d8%b5%d8%a7%d9%84-%d8%a8%d9%86%d8%a7\/#breadcrumb\"},\"inLanguage\":\"ta-IN\",\"potentialAction\":[{\"@type\":\"ReadAction\",\"target\":[\"https:\/\/lynnhan.com\/ar\/%d9%85%d8%b9%d9%84%d9%88%d9%85%d8%a7%d8%aa-%d8%a7%d9%84%d8%a7%d8%aa%d8%b5%d8%a7%d9%84-%d8%a8%d9%86%d8%a7\/\"]}]},{\"@type\":\"ImageObject\",\"inLanguage\":\"ta-IN\",\"@id\":\"https:\/\/lynnhan.com\/ar\/%d9%85%d8%b9%d9%84%d9%88%d9%85%d8%a7%d8%aa-%d8%a7%d9%84%d8%a7%d8%aa%d8%b5%d8%a7%d9%84-%d8%a8%d9%86%d8%a7\/#primaryimage\",\"url\":\"https:\/\/pub-78925c7bf9ca4c6d820df8293a5c116c.r2.dev\/2024\/12\/contact-us-info.webp\",\"contentUrl\":\"https:\/\/pub-78925c7bf9ca4c6d820df8293a5c116c.r2.dev\/2024\/12\/contact-us-info.webp\"},{\"@type\":\"BreadcrumbList\",\"@id\":\"https:\/\/lynnhan.com\/ar\/%d9%85%d8%b9%d9%84%d9%88%d9%85%d8%a7%d8%aa-%d8%a7%d9%84%d8%a7%d8%aa%d8%b5%d8%a7%d9%84-%d8%a8%d9%86%d8%a7\/#breadcrumb\",\"itemListElement\":[{\"@type\":\"ListItem\",\"position\":1,\"name\":\"Home\",\"item\":\"https:\/\/lynnhan.com\/\"},{\"@type\":\"ListItem\",\"position\":2,\"name\":\"Contact Us Info\"}]},{\"@type\":\"WebSite\",\"@id\":\"https:\/\/lynnhan.com\/km\/#website\",\"url\":\"https:\/\/lynnhan.com\/km\/\",\"name\":\"Lynnhan - Trusted Supplier | LED\/OLED\/LCD\/E-paper digital signages\",\"description\":\"Lynnhan - Trusted Supplier |  LED\/OLED\/LCD\/E-paper digital signages\",\"publisher\":{\"@id\":\"https:\/\/lynnhan.com\/km\/#organization\"},\"potentialAction\":[{\"@type\":\"SearchAction\",\"target\":{\"@type\":\"EntryPoint\",\"urlTemplate\":\"https:\/\/lynnhan.com\/km\/?s={search_term_string}\"},\"query-input\":{\"@type\":\"PropertyValueSpecification\",\"valueRequired\":true,\"valueName\":\"search_term_string\"}}],\"inLanguage\":\"ta-IN\"},{\"@type\":\"Organization\",\"@id\":\"https:\/\/lynnhan.com\/km\/#organization\",\"name\":\"Lynnhan - Trusted Supplier | LED\/OLED\/LCD\/E-paper digital signages\",\"url\":\"https:\/\/lynnhan.com\/km\/\",\"logo\":{\"@type\":\"ImageObject\",\"inLanguage\":\"ta-IN\",\"@id\":\"https:\/\/lynnhan.com\/km\/#\/schema\/logo\/image\/\",\"url\":\"https:\/\/pub-78925c7bf9ca4c6d820df8293a5c116c.r2.dev\/2024\/07\/LynnHan-logo3.png\",\"contentUrl\":\"https:\/\/pub-78925c7bf9ca4c6d820df8293a5c116c.r2.dev\/2024\/07\/LynnHan-logo3.png\",\"width\":390,\"height\":130,\"caption\":\"Lynnhan - Trusted Supplier | LED\/OLED\/LCD\/E-paper digital signages\"},\"image\":{\"@id\":\"https:\/\/lynnhan.com\/km\/#\/schema\/logo\/image\/\"}}]}<\/script>\n<!-- \/ Yoast SEO plugin. -->","yoast_head_json":{"title":"Quick Contact Form Guide-Lynnhan\u667a\u80fd\u767d\u677f\u5236\u9020\u5546","description":"\u9700\u8981\u7acb\u5373\u7684Lynnhan\u667a\u80fd\u767d\u677f\u5236\u9020\u5546\u652f\u6301\u6216\u6709\u7591\u95ee\uff1f\u6211\u4eec\u7684\u8054\u7cfb\u8868\u5355\u786e\u4fdd\u60a8\u7684\u58f0\u97f3\u88ab\u542c\u5230\u3002\u4eca\u5929\u8054\u7cfb\u6211\u4eec\uff01","robots":{"index":"index","follow":"follow","max-snippet":"max-snippet:-1","max-image-preview":"max-image-preview:large","max-video-preview":"max-video-preview:-1"},"canonical":"https:\/\/lynnhan.com\/ta\/\u8054\u7cfb\u6211\u4eec\u4fe1\u606f\/","og_locale":"ta_IN","og_type":"article","og_title":"Quick Contact Form Guide-Lynnhan smart boards manufacturer","og_description":"Need immediate Lynnhan smart boards manufacturer support or have a question? Our contact form ensures you're heard. Reach out today!","og_url":"https:\/\/lynnhan.com\/ta\/\u8054\u7cfb\u6211\u4eec\u4fe1\u606f\/","og_site_name":"Lynnhan - Trusted Supplier | LED\/OLED\/LCD\/E-paper digital signages","article_modified_time":"2024-12-18T14:05:52+00:00","og_image":[{"url":"https:\/\/pub-78925c7bf9ca4c6d820df8293a5c116c.r2.dev\/2024\/12\/contact-us-info.webp","type":"","width":"","height":""}],"twitter_card":"summary_large_image","twitter_misc":{"Est. reading time":"2 minutes"},"schema":{"@context":"https:\/\/schema.org","@graph":[{"@type":"WebPage","@id":"https:\/\/lynnhan.com\/ar\/%d9%85%d8%b9%d9%84%d9%88%d9%85%d8%a7%d8%aa-%d8%a7%d9%84%d8%a7%d8%aa%d8%b5%d8%a7%d9%84-%d8%a8%d9%86%d8%a7\/","url":"https:\/\/lynnhan.com\/ar\/%d9%85%d8%b9%d9%84%d9%88%d9%85%d8%a7%d8%aa-%d8%a7%d9%84%d8%a7%d8%aa%d8%b5%d8%a7%d9%84-%d8%a8%d9%86%d8%a7\/","name":"Quick Contact Form Guide-Lynnhan\u667a\u80fd\u767d\u677f\u5236\u9020\u5546","isPartOf":{"@id":"https:\/\/lynnhan.com\/km\/#website"},"primaryImageOfPage":{"@id":"https:\/\/lynnhan.com\/ar\/%d9%85%d8%b9%d9%84%d9%88%d9%85%d8%a7%d8%aa-%d8%a7%d9%84%d8%a7%d8%aa%d8%b5%d8%a7%d9%84-%d8%a8%d9%86%d8%a7\/#primaryimage"},"image":{"@id":"https:\/\/lynnhan.com\/ar\/%d9%85%d8%b9%d9%84%d9%88%d9%85%d8%a7%d8%aa-%d8%a7%d9%84%d8%a7%d8%aa%d8%b5%d8%a7%d9%84-%d8%a8%d9%86%d8%a7\/#primaryimage"},"thumbnailUrl":"https:\/\/pub-78925c7bf9ca4c6d820df8293a5c116c.r2.dev\/2024\/12\/contact-us-info.webp","datePublished":"2024-02-26T13:29:25+00:00","dateModified":"2024-12-18T14:05:52+00:00","description":"\u9700\u8981\u7acb\u5373\u7684Lynnhan\u667a\u80fd\u767d\u677f\u5236\u9020\u5546\u652f\u6301\u6216\u6709\u7591\u95ee\uff1f\u6211\u4eec\u7684\u8054\u7cfb\u8868\u5355\u786e\u4fdd\u60a8\u7684\u58f0\u97f3\u88ab\u542c\u5230\u3002\u4eca\u5929\u8054\u7cfb\u6211\u4eec\uff01","breadcrumb":{"@id":"https:\/\/lynnhan.com\/ar\/%d9%85%d8%b9%d9%84%d9%88%d9%85%d8%a7%d8%aa-%d8%a7%d9%84%d8%a7%d8%aa%d8%b5%d8%a7%d9%84-%d8%a8%d9%86%d8%a7\/#breadcrumb"},"inLanguage":"ta-IN","potentialAction":[{"@type":"ReadAction","target":["https:\/\/lynnhan.com\/ar\/%d9%85%d8%b9%d9%84%d9%88%d9%85%d8%a7%d8%aa-%d8%a7%d9%84%d8%a7%d8%aa%d8%b5%d8%a7%d9%84-%d8%a8%d9%86%d8%a7\/"]}]},{"@type":"ImageObject","inLanguage":"ta-IN","@id":"https:\/\/lynnhan.com\/ar\/%d9%85%d8%b9%d9%84%d9%88%d9%85%d8%a7%d8%aa-%d8%a7%d9%84%d8%a7%d8%aa%d8%b5%d8%a7%d9%84-%d8%a8%d9%86%d8%a7\/#primaryimage","url":"https:\/\/pub-78925c7bf9ca4c6d820df8293a5c116c.r2.dev\/2024\/12\/contact-us-info.webp","contentUrl":"https:\/\/pub-78925c7bf9ca4c6d820df8293a5c116c.r2.dev\/2024\/12\/contact-us-info.webp"},{"@type":"BreadcrumbList","@id":"https:\/\/lynnhan.com\/ar\/%d9%85%d8%b9%d9%84%d9%88%d9%85%d8%a7%d8%aa-%d8%a7%d9%84%d8%a7%d8%aa%d8%b5%d8%a7%d9%84-%d8%a8%d9%86%d8%a7\/#breadcrumb","itemListElement":[{"@type":"ListItem","position":1,"name":"Home","item":"https:\/\/lynnhan.com\/"},{"@type":"ListItem","position":2,"name":"Contact Us Info"}]},{"@type":"WebSite","@id":"https:\/\/lynnhan.com\/km\/#website","url":"https:\/\/lynnhan.com\/km\/","name":"Lynnhan - \u025bmniy\u0259t\u0259n\u0259n T\u0259chizat\u00e7i | LED\/OLED\/LCD\/E-paper digital signages","description":"Lynnhan - \u4fe1\u4efb\u7684\u4f9b\u5e94\u5546 | LED\/OLED\/LCD\/E-paper \u6570\u5b57\u6807\u8bc6","publisher":{"@id":"https:\/\/lynnhan.com\/km\/#organization"},"potentialAction":[{"@type":"SearchAction","target":{"@type":"EntryPoint","urlTemplate":"https:\/\/lynnhan.com\/km\/?s={search_term_string}"},"query-input":{"@type":"PropertyValueSpecification","valueRequired":true,"valueName":"search_term_string"}}],"inLanguage":"ta-IN"},{"@type":"Organization","@id":"https:\/\/lynnhan.com\/km\/#organization","name":"Lynnhan - \u025bmniy\u0259t\u0259n\u0259n T\u0259chizat\u00e7i | LED\/OLED\/LCD\/E-paper digital signages","url":"https:\/\/lynnhan.com\/km\/","logo":{"@type":"ImageObject","inLanguage":"ta-IN","@id":"https:\/\/lynnhan.com\/km\/#\/schema\/logo\/image\/","url":"https:\/\/pub-78925c7bf9ca4c6d820df8293a5c116c.r2.dev\/2024\/07\/LynnHan-logo3.png","contentUrl":"https:\/\/pub-78925c7bf9ca4c6d820df8293a5c116c.r2.dev\/2024\/07\/LynnHan-logo3.png","width":390,"height":130,"caption":"Lynnhan - Trusted Supplier | LED\/OLED\/LCD\/E-paper digital signages"},"image":{"@id":"https:\/\/lynnhan.com\/km\/#\/schema\/logo\/image\/"}}]}},"jetpack_sharing_enabled":true,"_links":{"self":[{"href":"https:\/\/lynnhan.com\/ta\/wp-json\/wp\/v2\/pages\/483","targetHints":{"allow":["GET"]}}],"collection":[{"href":"https:\/\/lynnhan.com\/ta\/wp-json\/wp\/v2\/pages"}],"about":[{"href":"https:\/\/lynnhan.com\/ta\/wp-json\/wp\/v2\/types\/page"}],"author":[{"embeddable":true,"href":"https:\/\/lynnhan.com\/ta\/wp-json\/wp\/v2\/users\/1"}],"replies":[{"embeddable":true,"href":"https:\/\/lynnhan.com\/ta\/wp-json\/wp\/v2\/comments?post=483"}],"version-history":[{"count":0,"href":"https:\/\/lynnhan.com\/ta\/wp-json\/wp\/v2\/pages\/483\/revisions"}],"wp:attachment":[{"href":"https:\/\/lynnhan.com\/ta\/wp-json\/wp\/v2\/media?parent=483"}],"curies":[{"name":"wp","href":"https:\/\/api.w.org\/{rel}","templated":true}]}}