{"id":603,"date":"2024-02-28T03:02:21","date_gmt":"2024-02-28T03:02:21","guid":{"rendered":"https:\/\/lynnhan.com\/?page_id=603"},"modified":"2024-12-18T10:29:55","modified_gmt":"2024-12-18T10:29:55","slug":"villkor-for-tjanst","status":"publish","type":"page","link":"https:\/\/lynnhan.com\/sv\/villkor-for-tjanst\/","title":{"rendered":"Villkor f\u00f6r tj\u00e4nst"},"content":{"rendered":"<div data-elementor-type=\"wp-page\" data-elementor-id=\"603\" class=\"elementor elementor-603\" data-elementor-post-type=\"page\">\n\t\t\t\t<div class=\"elementor-element elementor-element-15d4236 e-flex e-con-boxed e-con e-parent\" data-id=\"15d4236\" data-element_type=\"container\">\n\t\t\t\t\t<div class=\"e-con-inner\">\n\t\t\t\t<div class=\"elementor-element elementor-element-86e3659 elementor-widget elementor-widget-image\" data-id=\"86e3659\" data-element_type=\"widget\" data-widget_type=\"image.default\">\n\t\t\t\t<div class=\"elementor-widget-container\">\n\t\t\t\t\t\t\t\t\t\t\t\t\t\t\t<img fetchpriority=\"high\" decoding=\"async\" width=\"1456\" height=\"816\" src=\"https:\/\/pub-78925c7bf9ca4c6d820df8293a5c116c.r2.dev\/2024\/12\/Terms-Of-Service.webp\" class=\"attachment-full size-full wp-image-3307\" alt=\"All in One LED VILLKOR F\u00d6R TJ\u00c4NSTEN\" srcset=\"https:\/\/pub-78925c7bf9ca4c6d820df8293a5c116c.r2.dev\/2024\/12\/Terms-Of-Service.webp 1456w, https:\/\/pub-78925c7bf9ca4c6d820df8293a5c116c.r2.dev\/2024\/12\/Terms-Of-Service-700x392.webp 700w, https:\/\/pub-78925c7bf9ca4c6d820df8293a5c116c.r2.dev\/2024\/12\/Terms-Of-Service-1024x574.webp 1024w, https:\/\/pub-78925c7bf9ca4c6d820df8293a5c116c.r2.dev\/2024\/12\/Terms-Of-Service-768x430.webp 768w, https:\/\/pub-78925c7bf9ca4c6d820df8293a5c116c.r2.dev\/2024\/12\/Terms-Of-Service-18x10.webp 18w, https:\/\/pub-78925c7bf9ca4c6d820df8293a5c116c.r2.dev\/2024\/12\/Terms-Of-Service-1140x639.webp 1140w, https:\/\/pub-78925c7bf9ca4c6d820df8293a5c116c.r2.dev\/2024\/12\/Terms-Of-Service-920x516.webp 920w, https:\/\/pub-78925c7bf9ca4c6d820df8293a5c116c.r2.dev\/2024\/12\/Terms-Of-Service-575x322.webp 575w, https:\/\/pub-78925c7bf9ca4c6d820df8293a5c116c.r2.dev\/2024\/12\/Terms-Of-Service-380x213.webp 380w, https:\/\/pub-78925c7bf9ca4c6d820df8293a5c116c.r2.dev\/2024\/12\/Terms-Of-Service-1320x740.webp 1320w, https:\/\/pub-78925c7bf9ca4c6d820df8293a5c116c.r2.dev\/2024\/12\/Terms-Of-Service-800x448.webp 800w\" sizes=\"(max-width: 1456px) 100vw, 1456px\" \/>\t\t\t\t\t\t\t\t\t\t\t\t\t\t\t<\/div>\n\t\t\t\t<\/div>\n\t\t\t\t\t<\/div>\n\t\t\t\t<\/div>\n\t\t<div class=\"elementor-element elementor-element-c870f31 e-flex e-con-boxed e-con e-parent\" data-id=\"c870f31\" data-element_type=\"container\">\n\t\t\t\t\t<div class=\"e-con-inner\">\n\t\t\t\t<div class=\"elementor-element elementor-element-1d30a00 elementor-widget elementor-widget-text-editor\" data-id=\"1d30a00\" data-element_type=\"widget\" data-widget_type=\"text-editor.default\">\n\t\t\t\t<div class=\"elementor-widget-container\">\n\t\t\t\t\t\t\t\t\t<h3>1. Villkor f\u00f6r tj\u00e4nst f\u00f6r Lynnhan<\/h3><p><strong>2. V\u00e4lkommen till Lynnhan<\/strong><\/p><p>3. Tack f\u00f6r att du valde Lynnhan f\u00f6r dina smarta teknologibehov. Genom att komma \u00e5t och anv\u00e4nda v\u00e5r webbplats, produkter och tj\u00e4nster, godk\u00e4nner du att f\u00f6lja och vara bunden av f\u00f6ljande villkor och betingelser f\u00f6r tj\u00e4nst. Dessa villkor g\u00e4ller alla anv\u00e4ndare, bes\u00f6kare och andra som kommer \u00e5t eller anv\u00e4nder tj\u00e4nsten. L\u00e4s dessa villkor noggrant innan du anv\u00e4nder v\u00e5ra tj\u00e4nster.<\/p><p><strong>4. Anv\u00e4ndning av V\u00e5ra Tj\u00e4nster<\/strong><\/p><ul><li><strong>5. Kvalifikation<\/strong>6. : Du m\u00e5ste vara minst 18 \u00e5r gammal f\u00f6r att anv\u00e4nda v\u00e5ra tj\u00e4nster eller ha laglig f\u00f6r\u00e4ldralicens eller f\u00f6rmyndarconsent om du \u00e4r en minder\u00e5rig i din jurisdiktion.<\/li><li><strong>7. Licens att Anv\u00e4nda<\/strong>8. : Lynnhan beviljar dig en begr\u00e4nsad, icke-exklusiv, icke-\u00f6verf\u00f6rbar licens att komma \u00e5t och anv\u00e4nda v\u00e5ra tj\u00e4nster f\u00f6r personliga eller interna f\u00f6retags\u00e4ndam\u00e5l, under dessa villkor f\u00f6r tj\u00e4nst.<\/li><li><strong>9. Kontoregistrering<\/strong>10. : Vissa aspekter av v\u00e5r tj\u00e4nst kan kr\u00e4va att du skapar ett konto. Du ansvarar f\u00f6r att uppr\u00e4tth\u00e5lla konfidentiellheten av ditt kontoinformation och f\u00f6r alla aktiviteter som utf\u00f6rs under ditt konto.<\/li><\/ul><p><strong>11. F\u00f6rbjudet Beteende<\/strong><\/p><p>12. Du godk\u00e4nner att inte engagera dig i f\u00f6ljande f\u00f6rbjudna aktiviteter:<\/p><ul><li>13. Anv\u00e4nda tj\u00e4nsten f\u00f6r n\u00e5gra olagliga \u00e4ndam\u00e5l eller i strid med n\u00e5gon lokal, statlig, nationell eller internationell lag.<\/li><li>14. F\u00f6rst\u00f6ra eller f\u00f6rs\u00f6ka f\u00f6rst\u00f6ra s\u00e4kerheten f\u00f6r v\u00e5ra tj\u00e4nster.<\/li><li>15. Anv\u00e4nda tj\u00e4nsten f\u00f6r att distribuera malware eller malici\u00f6st inneh\u00e5ll.<\/li><li>16. F\u00f6rkasta intellektuella egendomsr\u00e4tter eller egendomsr\u00e4tter tillh\u00f6rande Lynnhan eller n\u00e5gon tredje part.<\/li><\/ul><p><strong>Intellektuell egendom<\/strong><\/p><p>17. Allt inneh\u00e5ll som tillhandah\u00e5lls p\u00e5 v\u00e5ra tj\u00e4nster, inklusive men inte begr\u00e4nsat till text, grafik, logotyper, bilder och programvara, \u00e4r egendom tillh\u00f6rande Lynnhan eller dess inneh\u00e5llsl\u00e4mnare och skyddas av internationella upphovsr\u00e4tts- och immateriella r\u00e4ttighetslagar.<\/p><p><strong>18. Anv\u00e4ndarinhalt<\/strong><\/p><p>19. Om du publicerar, laddar upp eller p\u00e5 annat s\u00e4tt g\u00f6r tillg\u00e4ngligt n\u00e5got inneh\u00e5ll p\u00e5 v\u00e5ra tj\u00e4nster, beviljar du Lynnhan en icke-exklusiv, global, royaltyfri licens att anv\u00e4nda, reproducera, modifiera och visa s\u00e5dant inneh\u00e5ll i samband med tillhandah\u00e5llande av tj\u00e4nsten.<\/p><p><strong>20. Avslutning<\/strong><\/p><p>21. Lynnhan f\u00f6rbeh\u00e5ller sig r\u00e4tten att avsluta eller suspendera din \u00e5tkomst till v\u00e5ra tj\u00e4nster utan f\u00f6rhandens varning eller ansvar, av vilket sk\u00e4l som helst, inklusive men inte begr\u00e4nsat till om du bryter mot Villkor f\u00f6r tj\u00e4nst.<\/p><p><strong>22. Fr\u00e5nvaro av Garantier<\/strong><\/p><p>23. V\u00e5ra tj\u00e4nster tillhandah\u00e5lls p\u00e5 ett \"som det \u00e4r\" och \"som tillg\u00e4ngligt\" grund. Lynnhan ger inga garantier, uttryckliga eller impliserade, och f\u00f6rkaster h\u00e4rmed alla andra garantier, inklusive men inte begr\u00e4nsat till, impliserade garantier eller villkor om handelsbarhet, l\u00e4mplighet f\u00f6r ett visst \u00e4ndam\u00e5l eller att inte kr\u00e4nka immateriella r\u00e4ttigheter.<\/p><p><strong>24. Begr\u00e4nsning av Ansvar<\/strong><\/p><p>25. Under inga omst\u00e4ndigheter b\u00f6r Lynnhan eller dess leverant\u00f6rer vara ansvariga f\u00f6r n\u00e5gra indirekta, incidentella, speciella, konsekventella eller straffande skador som uppst\u00e5r av eller i samband med ditt anv\u00e4ndande av v\u00e5ra tj\u00e4nster.<\/p><p><strong>26. \u00c4ndringar av Villkor f\u00f6r Tj\u00e4nst<\/strong><\/p><p>27. Lynnhan f\u00f6rbeh\u00e5ller sig r\u00e4tten, efter eget gottfinnande, att modifiera eller ers\u00e4tta dessa Villkor f\u00f6r tj\u00e4nst vid n\u00e5got tillf\u00e4lle. Vi kommer att ge meddelande om n\u00e5gra betydande \u00e4ndringar. Genom att forts\u00e4tta att komma \u00e5t eller anv\u00e4nda v\u00e5ra tj\u00e4nster<\/p><p><strong>Contact Us<\/strong><\/p><p>If you have any questions about these Terms of Service, please contact us at contact@xinxiangt.sg-host.com.<\/p><p><strong>Effective Date: 02.28.2024<br \/><\/strong><\/p><p>By accessing or using our services, you acknowledge that you have read, understood, and agree to be bound by these Terms of Service.<\/p>\t\t\t\t\t\t\t\t<\/div>\n\t\t\t\t<\/div>\n\t\t\t\t\t<\/div>\n\t\t\t\t<\/div>\n\t\t\t\t<\/div>","protected":false},"excerpt":{"rendered":"<p>Terms of Service for Lynnhan Welcome to Lynnhan Thank you for choosing Lynnhan for your smart technology needs. By accessing and using our website, products, and services, you agree to [\u2026]<\/p>","protected":false},"author":1,"featured_media":0,"parent":0,"menu_order":0,"comment_status":"closed","ping_status":"closed","template":"","meta":{"footnotes":""},"class_list":["post-603","page","type-page","status-publish","hentry"],"yoast_head":"<!-- This site is optimized with the Yoast SEO plugin v26.6 - https:\/\/yoast.com\/wordpress\/plugins\/seo\/ -->\n<title>LynnHan Terms of Service: Your Guide to Safe Shopping<\/title>\n<meta name=\"description\" content=\"Fairness and transparency are at the heart of LynnHan&#039;s Terms of Service. Discover how we&#039;re dedicated to your satisfaction.\" \/>\n<meta name=\"robots\" content=\"index, follow, max-snippet:-1, max-image-preview:large, max-video-preview:-1\" \/>\n<link rel=\"canonical\" href=\"https:\/\/lynnhan.com\/sv\/villkor-for-tjanst\/\" \/>\n<meta property=\"og:locale\" content=\"sv_SE\" \/>\n<meta property=\"og:type\" content=\"article\" \/>\n<meta property=\"og:title\" content=\"LynnHan Terms of Service: Your Guide to Safe Shopping\" \/>\n<meta property=\"og:description\" content=\"Fairness and transparency are at the heart of LynnHan&#039;s Terms of Service. Discover how we&#039;re dedicated to your satisfaction.\" \/>\n<meta property=\"og:url\" content=\"https:\/\/lynnhan.com\/sv\/villkor-for-tjanst\/\" \/>\n<meta property=\"og:site_name\" content=\"Lynnhan - Trusted Supplier | LED\/OLED\/LCD\/E-paper digital signages\" \/>\n<meta property=\"article:modified_time\" content=\"2024-12-18T10:29:55+00:00\" \/>\n<meta property=\"og:image\" content=\"https:\/\/pub-78925c7bf9ca4c6d820df8293a5c116c.r2.dev\/2024\/12\/Terms-Of-Service.webp\" \/>\n<meta name=\"twitter:card\" content=\"summary_large_image\" \/>\n<meta name=\"twitter:label1\" content=\"Ber\u00e4knad l\u00e4stid\" \/>\n\t<meta name=\"twitter:data1\" content=\"3 minuter\" \/>\n<script type=\"application\/ld+json\" class=\"yoast-schema-graph\">{\"@context\":\"https:\/\/schema.org\",\"@graph\":[{\"@type\":\"WebPage\",\"@id\":\"https:\/\/lynnhan.com\/bo\/terms-of-service\/\",\"url\":\"https:\/\/lynnhan.com\/bo\/terms-of-service\/\",\"name\":\"LynnHan Terms of Service: Your Guide to Safe Shopping\",\"isPartOf\":{\"@id\":\"https:\/\/lynnhan.com\/km\/#website\"},\"primaryImageOfPage\":{\"@id\":\"https:\/\/lynnhan.com\/bo\/terms-of-service\/#primaryimage\"},\"image\":{\"@id\":\"https:\/\/lynnhan.com\/bo\/terms-of-service\/#primaryimage\"},\"thumbnailUrl\":\"https:\/\/pub-78925c7bf9ca4c6d820df8293a5c116c.r2.dev\/2024\/12\/Terms-Of-Service.webp\",\"datePublished\":\"2024-02-28T03:02:21+00:00\",\"dateModified\":\"2024-12-18T10:29:55+00:00\",\"description\":\"Fairness and transparency are at the heart of LynnHan's Terms of Service. Discover how we're dedicated to your satisfaction.\",\"breadcrumb\":{\"@id\":\"https:\/\/lynnhan.com\/bo\/terms-of-service\/#breadcrumb\"},\"inLanguage\":\"sv-SE\",\"potentialAction\":[{\"@type\":\"ReadAction\",\"target\":[\"https:\/\/lynnhan.com\/bo\/terms-of-service\/\"]}]},{\"@type\":\"ImageObject\",\"inLanguage\":\"sv-SE\",\"@id\":\"https:\/\/lynnhan.com\/bo\/terms-of-service\/#primaryimage\",\"url\":\"https:\/\/pub-78925c7bf9ca4c6d820df8293a5c116c.r2.dev\/2024\/12\/Terms-Of-Service.webp\",\"contentUrl\":\"https:\/\/pub-78925c7bf9ca4c6d820df8293a5c116c.r2.dev\/2024\/12\/Terms-Of-Service.webp\"},{\"@type\":\"BreadcrumbList\",\"@id\":\"https:\/\/lynnhan.com\/bo\/terms-of-service\/#breadcrumb\",\"itemListElement\":[{\"@type\":\"ListItem\",\"position\":1,\"name\":\"Home\",\"item\":\"https:\/\/lynnhan.com\/\"},{\"@type\":\"ListItem\",\"position\":2,\"name\":\"Terms Of Service\"}]},{\"@type\":\"WebSite\",\"@id\":\"https:\/\/lynnhan.com\/km\/#website\",\"url\":\"https:\/\/lynnhan.com\/km\/\",\"name\":\"Lynnhan - Trusted Supplier | LED\/OLED\/LCD\/E-paper digital signages\",\"description\":\"Lynnhan - Trusted Supplier |  LED\/OLED\/LCD\/E-paper digital signages\",\"publisher\":{\"@id\":\"https:\/\/lynnhan.com\/km\/#organization\"},\"potentialAction\":[{\"@type\":\"SearchAction\",\"target\":{\"@type\":\"EntryPoint\",\"urlTemplate\":\"https:\/\/lynnhan.com\/km\/?s={search_term_string}\"},\"query-input\":{\"@type\":\"PropertyValueSpecification\",\"valueRequired\":true,\"valueName\":\"search_term_string\"}}],\"inLanguage\":\"sv-SE\"},{\"@type\":\"Organization\",\"@id\":\"https:\/\/lynnhan.com\/km\/#organization\",\"name\":\"Lynnhan - Trusted Supplier | LED\/OLED\/LCD\/E-paper digital signages\",\"url\":\"https:\/\/lynnhan.com\/km\/\",\"logo\":{\"@type\":\"ImageObject\",\"inLanguage\":\"sv-SE\",\"@id\":\"https:\/\/lynnhan.com\/km\/#\/schema\/logo\/image\/\",\"url\":\"https:\/\/pub-78925c7bf9ca4c6d820df8293a5c116c.r2.dev\/2024\/07\/LynnHan-logo3.png\",\"contentUrl\":\"https:\/\/pub-78925c7bf9ca4c6d820df8293a5c116c.r2.dev\/2024\/07\/LynnHan-logo3.png\",\"width\":390,\"height\":130,\"caption\":\"Lynnhan - Trusted Supplier | LED\/OLED\/LCD\/E-paper digital signages\"},\"image\":{\"@id\":\"https:\/\/lynnhan.com\/km\/#\/schema\/logo\/image\/\"}}]}<\/script>\n<!-- \/ Yoast SEO plugin. -->","yoast_head_json":{"title":"LynnHan VILLKOR F\u00d6R TJ\u00c4NSTEN: Din guide till s\u00e4ker shopping","description":"R\u00e4ttvisa och \u00f6ppenhet \u00e4r i hj\u00e4rtat av LynnHans Vilkor f\u00f6r Tj\u00e4nst. Uppt\u00e4ck hur vi \u00e4r dedikerade till din tillfredsst\u00e4llelse.","robots":{"index":"index","follow":"follow","max-snippet":"max-snippet:-1","max-image-preview":"max-image-preview:large","max-video-preview":"max-video-preview:-1"},"canonical":"https:\/\/lynnhan.com\/sv\/villkor-for-tjanst\/","og_locale":"sv_SE","og_type":"article","og_title":"LynnHan Terms of Service: Your Guide to Safe Shopping","og_description":"Fairness and transparency are at the heart of LynnHan's Terms of Service. Discover how we're dedicated to your satisfaction.","og_url":"https:\/\/lynnhan.com\/sv\/villkor-for-tjanst\/","og_site_name":"Lynnhan - Trusted Supplier | LED\/OLED\/LCD\/E-paper digital signages","article_modified_time":"2024-12-18T10:29:55+00:00","og_image":[{"url":"https:\/\/pub-78925c7bf9ca4c6d820df8293a5c116c.r2.dev\/2024\/12\/Terms-Of-Service.webp","type":"","width":"","height":""}],"twitter_card":"summary_large_image","twitter_misc":{"Ber\u00e4knad l\u00e4stid":"3 minuter"},"schema":{"@context":"https:\/\/schema.org","@graph":[{"@type":"WebPage","@id":"https:\/\/lynnhan.com\/bo\/terms-of-service\/","url":"https:\/\/lynnhan.com\/bo\/terms-of-service\/","name":"LynnHan VILLKOR F\u00d6R TJ\u00c4NSTEN: Din guide till s\u00e4ker shopping","isPartOf":{"@id":"https:\/\/lynnhan.com\/km\/#website"},"primaryImageOfPage":{"@id":"https:\/\/lynnhan.com\/bo\/terms-of-service\/#primaryimage"},"image":{"@id":"https:\/\/lynnhan.com\/bo\/terms-of-service\/#primaryimage"},"thumbnailUrl":"https:\/\/pub-78925c7bf9ca4c6d820df8293a5c116c.r2.dev\/2024\/12\/Terms-Of-Service.webp","datePublished":"2024-02-28T03:02:21+00:00","dateModified":"2024-12-18T10:29:55+00:00","description":"R\u00e4ttvisa och \u00f6ppenhet \u00e4r i hj\u00e4rtat av LynnHans Vilkor f\u00f6r Tj\u00e4nst. Uppt\u00e4ck hur vi \u00e4r dedikerade till din tillfredsst\u00e4llelse.","breadcrumb":{"@id":"https:\/\/lynnhan.com\/bo\/terms-of-service\/#breadcrumb"},"inLanguage":"sv-SE","potentialAction":[{"@type":"ReadAction","target":["https:\/\/lynnhan.com\/bo\/terms-of-service\/"]}]},{"@type":"ImageObject","inLanguage":"sv-SE","@id":"https:\/\/lynnhan.com\/bo\/terms-of-service\/#primaryimage","url":"https:\/\/pub-78925c7bf9ca4c6d820df8293a5c116c.r2.dev\/2024\/12\/Terms-Of-Service.webp","contentUrl":"https:\/\/pub-78925c7bf9ca4c6d820df8293a5c116c.r2.dev\/2024\/12\/Terms-Of-Service.webp"},{"@type":"BreadcrumbList","@id":"https:\/\/lynnhan.com\/bo\/terms-of-service\/#breadcrumb","itemListElement":[{"@type":"ListItem","position":1,"name":"Home","item":"https:\/\/lynnhan.com\/"},{"@type":"ListItem","position":2,"name":"Terms Of Service"}]},{"@type":"WebSite","@id":"https:\/\/lynnhan.com\/km\/#website","url":"https:\/\/lynnhan.com\/km\/","name":"Lynnhan - p\u00e5litlig leverant\u00f6r | LED\/OLED\/LCD\/E-paper digitala skyltar","description":"Lynnhan - p\u00e5litlig leverant\u00f6r | LED\/OLED\/LCD\/E-paper digitala skyltar","publisher":{"@id":"https:\/\/lynnhan.com\/km\/#organization"},"potentialAction":[{"@type":"SearchAction","target":{"@type":"EntryPoint","urlTemplate":"https:\/\/lynnhan.com\/km\/?s={search_term_string}"},"query-input":{"@type":"PropertyValueSpecification","valueRequired":true,"valueName":"search_term_string"}}],"inLanguage":"sv-SE"},{"@type":"Organization","@id":"https:\/\/lynnhan.com\/km\/#organization","name":"Lynnhan - p\u00e5litlig leverant\u00f6r | LED\/OLED\/LCD\/E-paper digitala skyltar","url":"https:\/\/lynnhan.com\/km\/","logo":{"@type":"ImageObject","inLanguage":"sv-SE","@id":"https:\/\/lynnhan.com\/km\/#\/schema\/logo\/image\/","url":"https:\/\/pub-78925c7bf9ca4c6d820df8293a5c116c.r2.dev\/2024\/07\/LynnHan-logo3.png","contentUrl":"https:\/\/pub-78925c7bf9ca4c6d820df8293a5c116c.r2.dev\/2024\/07\/LynnHan-logo3.png","width":390,"height":130,"caption":"Lynnhan - Trusted Supplier | LED\/OLED\/LCD\/E-paper digital signages"},"image":{"@id":"https:\/\/lynnhan.com\/km\/#\/schema\/logo\/image\/"}}]}},"jetpack_sharing_enabled":true,"_links":{"self":[{"href":"https:\/\/lynnhan.com\/sv\/wp-json\/wp\/v2\/pages\/603","targetHints":{"allow":["GET"]}}],"collection":[{"href":"https:\/\/lynnhan.com\/sv\/wp-json\/wp\/v2\/pages"}],"about":[{"href":"https:\/\/lynnhan.com\/sv\/wp-json\/wp\/v2\/types\/page"}],"author":[{"embeddable":true,"href":"https:\/\/lynnhan.com\/sv\/wp-json\/wp\/v2\/users\/1"}],"replies":[{"embeddable":true,"href":"https:\/\/lynnhan.com\/sv\/wp-json\/wp\/v2\/comments?post=603"}],"version-history":[{"count":0,"href":"https:\/\/lynnhan.com\/sv\/wp-json\/wp\/v2\/pages\/603\/revisions"}],"wp:attachment":[{"href":"https:\/\/lynnhan.com\/sv\/wp-json\/wp\/v2\/media?parent=603"}],"curies":[{"name":"wp","href":"https:\/\/api.w.org\/{rel}","templated":true}]}}