{"id":601,"date":"2024-02-28T03:19:26","date_gmt":"2024-02-28T03:19:26","guid":{"rendered":"https:\/\/lynnhan.com\/?page_id=601"},"modified":"2024-12-18T10:32:06","modified_gmt":"2024-12-18T10:32:06","slug":"uppforandekod","status":"publish","type":"page","link":"https:\/\/lynnhan.com\/sv\/uppforandekod\/","title":{"rendered":"Uppf\u00f6randekod"},"content":{"rendered":"<div data-elementor-type=\"wp-page\" data-elementor-id=\"601\" class=\"elementor elementor-601\" data-elementor-post-type=\"page\">\n\t\t\t\t<div class=\"elementor-element elementor-element-1f21eb2 e-flex e-con-boxed e-con e-parent\" data-id=\"1f21eb2\" data-element_type=\"container\">\n\t\t\t\t\t<div class=\"e-con-inner\">\n\t\t\t\t<div class=\"elementor-element elementor-element-bfcddf0 elementor-widget elementor-widget-image\" data-id=\"bfcddf0\" data-element_type=\"widget\" data-widget_type=\"image.default\">\n\t\t\t\t<div class=\"elementor-widget-container\">\n\t\t\t\t\t\t\t\t\t\t\t\t\t\t\t<img fetchpriority=\"high\" decoding=\"async\" width=\"1536\" height=\"768\" src=\"https:\/\/pub-78925c7bf9ca4c6d820df8293a5c116c.r2.dev\/2024\/12\/Code-Of-Conduct.webp\" class=\"attachment-full size-full wp-image-3311\" alt=\"Allt-i-ett LED-leverant\u00f6rsuppf\u00f6randekod\" srcset=\"https:\/\/pub-78925c7bf9ca4c6d820df8293a5c116c.r2.dev\/2024\/12\/Code-Of-Conduct.webp 1536w, https:\/\/pub-78925c7bf9ca4c6d820df8293a5c116c.r2.dev\/2024\/12\/Code-Of-Conduct-700x350.webp 700w, https:\/\/pub-78925c7bf9ca4c6d820df8293a5c116c.r2.dev\/2024\/12\/Code-Of-Conduct-1024x512.webp 1024w, https:\/\/pub-78925c7bf9ca4c6d820df8293a5c116c.r2.dev\/2024\/12\/Code-Of-Conduct-768x384.webp 768w, https:\/\/pub-78925c7bf9ca4c6d820df8293a5c116c.r2.dev\/2024\/12\/Code-Of-Conduct-18x9.webp 18w, https:\/\/pub-78925c7bf9ca4c6d820df8293a5c116c.r2.dev\/2024\/12\/Code-Of-Conduct-1140x570.webp 1140w, https:\/\/pub-78925c7bf9ca4c6d820df8293a5c116c.r2.dev\/2024\/12\/Code-Of-Conduct-920x460.webp 920w, https:\/\/pub-78925c7bf9ca4c6d820df8293a5c116c.r2.dev\/2024\/12\/Code-Of-Conduct-575x288.webp 575w, https:\/\/pub-78925c7bf9ca4c6d820df8293a5c116c.r2.dev\/2024\/12\/Code-Of-Conduct-380x190.webp 380w, https:\/\/pub-78925c7bf9ca4c6d820df8293a5c116c.r2.dev\/2024\/12\/Code-Of-Conduct-1320x660.webp 1320w, https:\/\/pub-78925c7bf9ca4c6d820df8293a5c116c.r2.dev\/2024\/12\/Code-Of-Conduct-800x400.webp 800w\" sizes=\"(max-width: 1536px) 100vw, 1536px\" \/>\t\t\t\t\t\t\t\t\t\t\t\t\t\t\t<\/div>\n\t\t\t\t<\/div>\n\t\t\t\t\t<\/div>\n\t\t\t\t<\/div>\n\t\t<div class=\"elementor-element elementor-element-7b6aef8e e-flex e-con-boxed e-con e-parent\" data-id=\"7b6aef8e\" data-element_type=\"container\">\n\t\t\t\t\t<div class=\"e-con-inner\">\n\t\t\t\t<div class=\"elementor-element elementor-element-620072c1 elementor-widget elementor-widget-text-editor\" data-id=\"620072c1\" data-element_type=\"widget\" data-widget_type=\"text-editor.default\">\n\t\t\t\t<div class=\"elementor-widget-container\">\n\t\t\t\t\t\t\t\t\t\n<p><strong>Introduktion<\/strong><\/p>\n\n\n\n<p>Hos Lynnhan \u00e4r vi engagerade i att bedriva v\u00e5r verksamhet enligt de h\u00f6gsta standarderna f\u00f6r \u00e4rlighet och professionalism. Denna uppf\u00f6randekod fungerar som en v\u00e4gledning f\u00f6r v\u00e5ra anst\u00e4llda, partner och affiliater, och beskriver de principer och standarder som definierar v\u00e5rt f\u00f6retagsbeteende och beslutsprocesser.<\/p>\n\n\n\n<p><strong>V\u00e5rt \u00e5tagande att vara \u00e4rlig<\/strong><\/p>\n\n\n\n<ul class=\"wp-block-list\">\n<li><strong>Etiska aff\u00e4rsmetoder<\/strong>: Vi \u00e4r engagerade i att bedriva v\u00e5r verksamhet etiskt och med \u00e4rlighet, respekterande av alla till\u00e4mpliga lagar, regler och standarder.<\/li>\n\n\n\n<li><strong>Transparens<\/strong>: Vi fr\u00e4mjar en milj\u00f6 av \u00f6ppenhet och transparens i alla v\u00e5ra aff\u00e4rstransaktioner, s\u00e4kerst\u00e4llande att v\u00e5ra intressenter \u00e4r informerade och engagerade i v\u00e5ra processer.<\/li>\n<\/ul>\n\n\n\n<p><strong>Respekt och r\u00e4ttvisa<\/strong><\/p>\n\n\n\n<ul class=\"wp-block-list\">\n<li><strong>M\u00e5ngfald och inkludering<\/strong>: Vi v\u00e4rderar m\u00e5ngfald och \u00e4r engagerade i att skapa en inkluderande milj\u00f6 d\u00e4r alla behandlas med respekt och v\u00e4rdighet.<\/li>\n\n\n\n<li><strong>Arbetsplats fri fr\u00e5n kr\u00e4nkningar<\/strong>: Lynnhan \u00e4r dedikerad till att uppr\u00e4tth\u00e5lla en arbetsplats fri fr\u00e5n kr\u00e4nkningar, diskriminering eller n\u00e5got annat slag av missbruk. Alla anst\u00e4llda f\u00f6rv\u00e4ntas bidra till en positiv och respektfull arbetsmilj\u00f6.<\/li>\n<\/ul>\n\n\n\n<p><strong>Ansvar och ansvar<\/strong><\/p>\n\n\n\n<ul class=\"wp-block-list\">\n<li><strong>\u00d6verensst\u00e4mmelse<\/strong>: Alla anst\u00e4llda och partner m\u00e5ste f\u00f6lja denna uppf\u00f6randekod, f\u00f6retagspolicyer och alla till\u00e4mpliga lagar och regler.<\/li>\n\n\n\n<li><strong>Rapportera \u00f6vertr\u00e4delser<\/strong>: Vi uppmuntrar till att rapportera allt oetiskt beteende eller \u00f6vertr\u00e4delser av denna uppf\u00f6randekod. Lynnhan s\u00e4kerst\u00e4ller att det inte kommer att finnas n\u00e5gra repressalier mot individer som rapporterar \u00f6vertr\u00e4delser i god tro.<\/li>\n<\/ul>\n\n\n\n<p><strong>Konfidentiellhet och integritet<\/strong><\/p>\n\n\n\n<ul class=\"wp-block-list\">\n<li><strong>Skydd av information<\/strong>: Vi \u00e4r engagerade i att skydda konfidentiellhet och integritet f\u00f6r v\u00e5ra kunder, anst\u00e4llda och partner. Information ska hanteras med st\u00f6rsta omsorg och s\u00e4kerhet.<\/li>\n\n\n\n<li><strong>Intellektuell egendom<\/strong>: Vi respekterar r\u00e4ttigheter till intellektuell egendom och f\u00f6rv\u00e4ntar oss att v\u00e5ra anst\u00e4llda och partner g\u00f6r detsamma.<\/li>\n<\/ul>\n\n\n\n<p><strong>Konflikt av intresse<\/strong><\/p>\n\n\n\n<ul class=\"wp-block-list\">\n<li><strong>Undvikande av konflikter<\/strong>: Anst\u00e4llda och partner b\u00f6r undvika alla personliga, finansiella eller andra intressen som kan f\u00f6rhindra deras f\u00f6rm\u00e5ga eller vilja att utf\u00f6ra sina arbetsuppgifter opartiskt.<\/li>\n\n\n\n<li><strong>Offentligg\u00f6rande<\/strong>: Eventuella potentiella konflikter av intresse b\u00f6r offentligg\u00f6ras f\u00f6r ledningen f\u00f6r utv\u00e4rdering och v\u00e4gledning.<\/li>\n<\/ul>\n\n\n\n<p><strong>Milj\u00f6ansvar<\/strong><\/p>\n\n\n\n<ul class=\"wp-block-list\">\n<li><strong>H\u00e5llbarhet<\/strong>: Lynnhan \u00e4r dedikerad till h\u00e5llbarhet och milj\u00f6ansvar. Vi str\u00e4var efter att minimera v\u00e5r milj\u00f6p\u00e5verkan och fr\u00e4mja ansvarstagande metoder inom alla omr\u00e5den av v\u00e5r verksamhet.<\/li>\n<\/ul>\n\n\n\n<p><strong>Samh\u00e4llsengagemang<\/strong><\/p>\n\n\n\n<ul class=\"wp-block-list\">\n<li><strong>Att ge tillbaka<\/strong>: Vi tror p\u00e5 att ge tillbaka till samh\u00e4llena d\u00e4r vi opererar, fr\u00e4mja ett andefullt service- och frivilligarbetsmedvetande bland v\u00e5ra anst\u00e4llda och partners.<\/li>\n<\/ul>\n\n\n\n<p><strong>Genomf\u00f6rande och genomdrivande<\/strong><\/p>\n\n\n\n<ul class=\"wp-block-list\">\n<li><strong>Utbildning<\/strong>: Alla anst\u00e4llda kommer att f\u00e5 utbildning i denna uppf\u00f6randekod f\u00f6r att s\u00e4kerst\u00e4lla att de f\u00f6rst\u00e5r och kan effektivt uppr\u00e4tth\u00e5lla dessa principer.<\/li>\n\n\n\n<li><strong>Genomdrivande<\/strong>: Brott mot denna uppf\u00f6randekod kommer att tas p\u00e5 allvar och kan leda till disciplin\u00e4r \u00e5tg\u00e4rd, inklusive avskedande av anst\u00e4llning eller aff\u00e4rsrelationer.<\/li>\n<\/ul>\n\n\n\n<p><strong>Slutsats<\/strong><\/p>\n\n\n\n<p>Denna uppf\u00f6randekod \u00e4r central f\u00f6r v\u00e5r mission p\u00e5 Lynnhan. Genom att f\u00f6lja dessa principer uppr\u00e4tth\u00e5ller vi v\u00e5r rykte f\u00f6r integritet, bidrar till en positiv arbetsplatskultur och bygger f\u00f6rtroende med v\u00e5ra kunder, partners och samh\u00e4llet. Tillsammans kan vi s\u00e4kerst\u00e4lla att Lynnhan forts\u00e4tter att vara ett st\u00e4lle d\u00e4r excellens, respekt och integritet blomstrar.<\/p>\n\t\t\t\t\t\t\t\t<\/div>\n\t\t\t\t<\/div>\n\t\t\t\t\t<\/div>\n\t\t\t\t<\/div>\n\t\t\t\t<\/div>","protected":false},"excerpt":{"rendered":"<p>Introduction At Lynnhan, we are committed to conducting our business according to the highest standards of integrity and professionalism. This Code of Conduct serves as a guide for our employees, [\u2026]<\/p>","protected":false},"author":1,"featured_media":0,"parent":0,"menu_order":0,"comment_status":"closed","ping_status":"closed","template":"","meta":{"footnotes":""},"class_list":["post-601","page","type-page","status-publish","hentry"],"yoast_head":"<!-- This site is optimized with the Yoast SEO plugin v26.6 - https:\/\/yoast.com\/wordpress\/plugins\/seo\/ -->\n<title>Code of Conduct-Lynnhan smart display factory<\/title>\n<meta name=\"description\" content=\"Lynnhan smart display factory&#039;s commits to ethics and integrity. Our code of conduct ensures a respectful and inclusive culture for all.\" \/>\n<meta name=\"robots\" content=\"index, follow, max-snippet:-1, max-image-preview:large, max-video-preview:-1\" \/>\n<link rel=\"canonical\" href=\"https:\/\/lynnhan.com\/sv\/uppforandekod\/\" \/>\n<meta property=\"og:locale\" content=\"sv_SE\" \/>\n<meta property=\"og:type\" content=\"article\" \/>\n<meta property=\"og:title\" content=\"Code of Conduct-Lynnhan smart display factory\" \/>\n<meta property=\"og:description\" content=\"Lynnhan smart display factory&#039;s commits to ethics and integrity. Our code of conduct ensures a respectful and inclusive culture for all.\" \/>\n<meta property=\"og:url\" content=\"https:\/\/lynnhan.com\/sv\/uppforandekod\/\" \/>\n<meta property=\"og:site_name\" content=\"Lynnhan - Trusted Supplier | LED\/OLED\/LCD\/E-paper digital signages\" \/>\n<meta property=\"article:modified_time\" content=\"2024-12-18T10:32:06+00:00\" \/>\n<meta property=\"og:image\" content=\"https:\/\/pub-78925c7bf9ca4c6d820df8293a5c116c.r2.dev\/2024\/12\/Code-Of-Conduct.webp\" \/>\n<meta name=\"twitter:card\" content=\"summary_large_image\" \/>\n<meta name=\"twitter:label1\" content=\"Ber\u00e4knad l\u00e4stid\" \/>\n\t<meta name=\"twitter:data1\" content=\"3 minuter\" \/>\n<script type=\"application\/ld+json\" class=\"yoast-schema-graph\">{\"@context\":\"https:\/\/schema.org\",\"@graph\":[{\"@type\":\"WebPage\",\"@id\":\"https:\/\/lynnhan.com\/ja\/%e8%a1%8c%e5%8b%95%e8%a6%8f%e7%af%84\/\",\"url\":\"https:\/\/lynnhan.com\/ja\/%e8%a1%8c%e5%8b%95%e8%a6%8f%e7%af%84\/\",\"name\":\"Code of Conduct-Lynnhan smart display factory\",\"isPartOf\":{\"@id\":\"https:\/\/lynnhan.com\/km\/#website\"},\"primaryImageOfPage\":{\"@id\":\"https:\/\/lynnhan.com\/ja\/%e8%a1%8c%e5%8b%95%e8%a6%8f%e7%af%84\/#primaryimage\"},\"image\":{\"@id\":\"https:\/\/lynnhan.com\/ja\/%e8%a1%8c%e5%8b%95%e8%a6%8f%e7%af%84\/#primaryimage\"},\"thumbnailUrl\":\"https:\/\/pub-78925c7bf9ca4c6d820df8293a5c116c.r2.dev\/2024\/12\/Code-Of-Conduct.webp\",\"datePublished\":\"2024-02-28T03:19:26+00:00\",\"dateModified\":\"2024-12-18T10:32:06+00:00\",\"description\":\"Lynnhan smart display factory's commits to ethics and integrity. Our code of conduct ensures a respectful and inclusive culture for all.\",\"breadcrumb\":{\"@id\":\"https:\/\/lynnhan.com\/ja\/%e8%a1%8c%e5%8b%95%e8%a6%8f%e7%af%84\/#breadcrumb\"},\"inLanguage\":\"sv-SE\",\"potentialAction\":[{\"@type\":\"ReadAction\",\"target\":[\"https:\/\/lynnhan.com\/ja\/%e8%a1%8c%e5%8b%95%e8%a6%8f%e7%af%84\/\"]}]},{\"@type\":\"ImageObject\",\"inLanguage\":\"sv-SE\",\"@id\":\"https:\/\/lynnhan.com\/ja\/%e8%a1%8c%e5%8b%95%e8%a6%8f%e7%af%84\/#primaryimage\",\"url\":\"https:\/\/pub-78925c7bf9ca4c6d820df8293a5c116c.r2.dev\/2024\/12\/Code-Of-Conduct.webp\",\"contentUrl\":\"https:\/\/pub-78925c7bf9ca4c6d820df8293a5c116c.r2.dev\/2024\/12\/Code-Of-Conduct.webp\"},{\"@type\":\"BreadcrumbList\",\"@id\":\"https:\/\/lynnhan.com\/ja\/%e8%a1%8c%e5%8b%95%e8%a6%8f%e7%af%84\/#breadcrumb\",\"itemListElement\":[{\"@type\":\"ListItem\",\"position\":1,\"name\":\"Home\",\"item\":\"https:\/\/lynnhan.com\/\"},{\"@type\":\"ListItem\",\"position\":2,\"name\":\"Code Of Conduct\"}]},{\"@type\":\"WebSite\",\"@id\":\"https:\/\/lynnhan.com\/km\/#website\",\"url\":\"https:\/\/lynnhan.com\/km\/\",\"name\":\"Lynnhan - Trusted Supplier | LED\/OLED\/LCD\/E-paper digital signages\",\"description\":\"Lynnhan - Trusted Supplier |  LED\/OLED\/LCD\/E-paper digital signages\",\"publisher\":{\"@id\":\"https:\/\/lynnhan.com\/km\/#organization\"},\"potentialAction\":[{\"@type\":\"SearchAction\",\"target\":{\"@type\":\"EntryPoint\",\"urlTemplate\":\"https:\/\/lynnhan.com\/km\/?s={search_term_string}\"},\"query-input\":{\"@type\":\"PropertyValueSpecification\",\"valueRequired\":true,\"valueName\":\"search_term_string\"}}],\"inLanguage\":\"sv-SE\"},{\"@type\":\"Organization\",\"@id\":\"https:\/\/lynnhan.com\/km\/#organization\",\"name\":\"Lynnhan - Trusted Supplier | LED\/OLED\/LCD\/E-paper digital signages\",\"url\":\"https:\/\/lynnhan.com\/km\/\",\"logo\":{\"@type\":\"ImageObject\",\"inLanguage\":\"sv-SE\",\"@id\":\"https:\/\/lynnhan.com\/km\/#\/schema\/logo\/image\/\",\"url\":\"https:\/\/pub-78925c7bf9ca4c6d820df8293a5c116c.r2.dev\/2024\/07\/LynnHan-logo3.png\",\"contentUrl\":\"https:\/\/pub-78925c7bf9ca4c6d820df8293a5c116c.r2.dev\/2024\/07\/LynnHan-logo3.png\",\"width\":390,\"height\":130,\"caption\":\"Lynnhan - Trusted Supplier | LED\/OLED\/LCD\/E-paper digital signages\"},\"image\":{\"@id\":\"https:\/\/lynnhan.com\/km\/#\/schema\/logo\/image\/\"}}]}<\/script>\n<!-- \/ Yoast SEO plugin. -->","yoast_head_json":{"title":"Integritetsregler-Lynnhan smart display factory","description":"Lynnhan smart display fabriks engagemang f\u00f6r etik och integritet. V\u00e5r uppf\u00f6randekod s\u00e4kerst\u00e4ller en respektfull och inkluderande kultur f\u00f6r alla.","robots":{"index":"index","follow":"follow","max-snippet":"max-snippet:-1","max-image-preview":"max-image-preview:large","max-video-preview":"max-video-preview:-1"},"canonical":"https:\/\/lynnhan.com\/sv\/uppforandekod\/","og_locale":"sv_SE","og_type":"article","og_title":"Code of Conduct-Lynnhan smart display factory","og_description":"Lynnhan smart display factory's commits to ethics and integrity. Our code of conduct ensures a respectful and inclusive culture for all.","og_url":"https:\/\/lynnhan.com\/sv\/uppforandekod\/","og_site_name":"Lynnhan - Trusted Supplier | LED\/OLED\/LCD\/E-paper digital signages","article_modified_time":"2024-12-18T10:32:06+00:00","og_image":[{"url":"https:\/\/pub-78925c7bf9ca4c6d820df8293a5c116c.r2.dev\/2024\/12\/Code-Of-Conduct.webp","type":"","width":"","height":""}],"twitter_card":"summary_large_image","twitter_misc":{"Ber\u00e4knad l\u00e4stid":"3 minuter"},"schema":{"@context":"https:\/\/schema.org","@graph":[{"@type":"WebPage","@id":"https:\/\/lynnhan.com\/ja\/%e8%a1%8c%e5%8b%95%e8%a6%8f%e7%af%84\/","url":"https:\/\/lynnhan.com\/ja\/%e8%a1%8c%e5%8b%95%e8%a6%8f%e7%af%84\/","name":"Integritetsregler-Lynnhan smart display factory","isPartOf":{"@id":"https:\/\/lynnhan.com\/km\/#website"},"primaryImageOfPage":{"@id":"https:\/\/lynnhan.com\/ja\/%e8%a1%8c%e5%8b%95%e8%a6%8f%e7%af%84\/#primaryimage"},"image":{"@id":"https:\/\/lynnhan.com\/ja\/%e8%a1%8c%e5%8b%95%e8%a6%8f%e7%af%84\/#primaryimage"},"thumbnailUrl":"https:\/\/pub-78925c7bf9ca4c6d820df8293a5c116c.r2.dev\/2024\/12\/Code-Of-Conduct.webp","datePublished":"2024-02-28T03:19:26+00:00","dateModified":"2024-12-18T10:32:06+00:00","description":"Lynnhan smart display fabriks engagemang f\u00f6r etik och integritet. V\u00e5r uppf\u00f6randekod s\u00e4kerst\u00e4ller en respektfull och inkluderande kultur f\u00f6r alla.","breadcrumb":{"@id":"https:\/\/lynnhan.com\/ja\/%e8%a1%8c%e5%8b%95%e8%a6%8f%e7%af%84\/#breadcrumb"},"inLanguage":"sv-SE","potentialAction":[{"@type":"ReadAction","target":["https:\/\/lynnhan.com\/ja\/%e8%a1%8c%e5%8b%95%e8%a6%8f%e7%af%84\/"]}]},{"@type":"ImageObject","inLanguage":"sv-SE","@id":"https:\/\/lynnhan.com\/ja\/%e8%a1%8c%e5%8b%95%e8%a6%8f%e7%af%84\/#primaryimage","url":"https:\/\/pub-78925c7bf9ca4c6d820df8293a5c116c.r2.dev\/2024\/12\/Code-Of-Conduct.webp","contentUrl":"https:\/\/pub-78925c7bf9ca4c6d820df8293a5c116c.r2.dev\/2024\/12\/Code-Of-Conduct.webp"},{"@type":"BreadcrumbList","@id":"https:\/\/lynnhan.com\/ja\/%e8%a1%8c%e5%8b%95%e8%a6%8f%e7%af%84\/#breadcrumb","itemListElement":[{"@type":"ListItem","position":1,"name":"Home","item":"https:\/\/lynnhan.com\/"},{"@type":"ListItem","position":2,"name":"Code Of Conduct"}]},{"@type":"WebSite","@id":"https:\/\/lynnhan.com\/km\/#website","url":"https:\/\/lynnhan.com\/km\/","name":"Lynnhan - p\u00e5litlig leverant\u00f6r | LED\/OLED\/LCD\/E-paper digitala skyltar","description":"Lynnhan - p\u00e5litlig leverant\u00f6r | LED\/OLED\/LCD\/E-paper digitala skyltar","publisher":{"@id":"https:\/\/lynnhan.com\/km\/#organization"},"potentialAction":[{"@type":"SearchAction","target":{"@type":"EntryPoint","urlTemplate":"https:\/\/lynnhan.com\/km\/?s={search_term_string}"},"query-input":{"@type":"PropertyValueSpecification","valueRequired":true,"valueName":"search_term_string"}}],"inLanguage":"sv-SE"},{"@type":"Organization","@id":"https:\/\/lynnhan.com\/km\/#organization","name":"Lynnhan - p\u00e5litlig leverant\u00f6r | LED\/OLED\/LCD\/E-paper digitala skyltar","url":"https:\/\/lynnhan.com\/km\/","logo":{"@type":"ImageObject","inLanguage":"sv-SE","@id":"https:\/\/lynnhan.com\/km\/#\/schema\/logo\/image\/","url":"https:\/\/pub-78925c7bf9ca4c6d820df8293a5c116c.r2.dev\/2024\/07\/LynnHan-logo3.png","contentUrl":"https:\/\/pub-78925c7bf9ca4c6d820df8293a5c116c.r2.dev\/2024\/07\/LynnHan-logo3.png","width":390,"height":130,"caption":"Lynnhan - Trusted Supplier | LED\/OLED\/LCD\/E-paper digital signages"},"image":{"@id":"https:\/\/lynnhan.com\/km\/#\/schema\/logo\/image\/"}}]}},"jetpack_sharing_enabled":true,"_links":{"self":[{"href":"https:\/\/lynnhan.com\/sv\/wp-json\/wp\/v2\/pages\/601","targetHints":{"allow":["GET"]}}],"collection":[{"href":"https:\/\/lynnhan.com\/sv\/wp-json\/wp\/v2\/pages"}],"about":[{"href":"https:\/\/lynnhan.com\/sv\/wp-json\/wp\/v2\/types\/page"}],"author":[{"embeddable":true,"href":"https:\/\/lynnhan.com\/sv\/wp-json\/wp\/v2\/users\/1"}],"replies":[{"embeddable":true,"href":"https:\/\/lynnhan.com\/sv\/wp-json\/wp\/v2\/comments?post=601"}],"version-history":[{"count":0,"href":"https:\/\/lynnhan.com\/sv\/wp-json\/wp\/v2\/pages\/601\/revisions"}],"wp:attachment":[{"href":"https:\/\/lynnhan.com\/sv\/wp-json\/wp\/v2\/media?parent=601"}],"curies":[{"name":"wp","href":"https:\/\/api.w.org\/{rel}","templated":true}]}}