{"id":540,"date":"2024-02-27T08:44:39","date_gmt":"2024-02-27T08:44:39","guid":{"rendered":"https:\/\/lynnhan.com\/?page_id=540"},"modified":"2024-12-18T09:42:17","modified_gmt":"2024-12-18T09:42:17","slug":"leverans","status":"publish","type":"page","link":"https:\/\/lynnhan.com\/sv\/leverans\/","title":{"rendered":"Leverans"},"content":{"rendered":"<div data-elementor-type=\"wp-page\" data-elementor-id=\"540\" class=\"elementor elementor-540\" data-elementor-post-type=\"page\">\n\t\t\t\t<div class=\"elementor-element elementor-element-26335f7 e-flex e-con-boxed e-con e-parent\" data-id=\"26335f7\" data-element_type=\"container\">\n\t\t\t\t\t<div class=\"e-con-inner\">\n\t\t\t\t<div class=\"elementor-element elementor-element-68c9c7e elementor-widget elementor-widget-image\" data-id=\"68c9c7e\" data-element_type=\"widget\" data-widget_type=\"image.default\">\n\t\t\t\t<div class=\"elementor-widget-container\">\n\t\t\t\t\t\t\t\t\t\t\t\t\t\t\t<img fetchpriority=\"high\" decoding=\"async\" width=\"1165\" height=\"653\" src=\"https:\/\/pub-78925c7bf9ca4c6d820df8293a5c116c.r2.dev\/2024\/12\/shipment.webp\" class=\"attachment-full size-full wp-image-3297\" alt=\"Allt i ett LED-f\u00f6rs\u00e4ndelse\" srcset=\"https:\/\/pub-78925c7bf9ca4c6d820df8293a5c116c.r2.dev\/2024\/12\/shipment.webp 1165w, https:\/\/pub-78925c7bf9ca4c6d820df8293a5c116c.r2.dev\/2024\/12\/shipment-700x392.webp 700w, https:\/\/pub-78925c7bf9ca4c6d820df8293a5c116c.r2.dev\/2024\/12\/shipment-1024x574.webp 1024w, https:\/\/pub-78925c7bf9ca4c6d820df8293a5c116c.r2.dev\/2024\/12\/shipment-768x430.webp 768w, https:\/\/pub-78925c7bf9ca4c6d820df8293a5c116c.r2.dev\/2024\/12\/shipment-18x10.webp 18w, https:\/\/pub-78925c7bf9ca4c6d820df8293a5c116c.r2.dev\/2024\/12\/shipment-1140x639.webp 1140w, https:\/\/pub-78925c7bf9ca4c6d820df8293a5c116c.r2.dev\/2024\/12\/shipment-920x516.webp 920w, https:\/\/pub-78925c7bf9ca4c6d820df8293a5c116c.r2.dev\/2024\/12\/shipment-575x322.webp 575w, https:\/\/pub-78925c7bf9ca4c6d820df8293a5c116c.r2.dev\/2024\/12\/shipment-380x213.webp 380w, https:\/\/pub-78925c7bf9ca4c6d820df8293a5c116c.r2.dev\/2024\/12\/shipment-800x448.webp 800w\" sizes=\"(max-width: 1165px) 100vw, 1165px\" \/>\t\t\t\t\t\t\t\t\t\t\t\t\t\t\t<\/div>\n\t\t\t\t<\/div>\n\t\t\t\t\t<\/div>\n\t\t\t\t<\/div>\n\t\t<div class=\"elementor-element elementor-element-8f6152b e-flex e-con-boxed e-con e-parent\" data-id=\"8f6152b\" data-element_type=\"container\">\n\t\t\t\t\t<div class=\"e-con-inner\">\n\t\t\t\t<div class=\"elementor-element elementor-element-2a13164 elementor-widget elementor-widget-text-editor\" data-id=\"2a13164\" data-element_type=\"widget\" data-widget_type=\"text-editor.default\">\n\t\t\t\t<div class=\"elementor-widget-container\">\n\t\t\t\t\t\t\t\t\t<h3>Leveransl\u00f6sningar hos Lynnhan: Effektiv och p\u00e5litlig leverans<\/h3><p><strong>Anpassad leverans f\u00f6r ditt f\u00f6retag<\/strong><\/p><p>Hos Lynnhan f\u00f6rst\u00e5r vi att p\u00e5litlig och effektiv leverans \u00e4r avg\u00f6rande f\u00f6r dina f\u00f6retagsverksamheter. V\u00e5ra omfattande leveransl\u00f6sningar \u00e4r utformade f\u00f6r att m\u00f6ta de m\u00e5ngfaldiga behoven hos v\u00e5ra B2B-kunder, s\u00e4kerst\u00e4ller att dina produkter anl\u00e4nder i tid och i perfekt skick.<\/p><p><strong>Global r\u00e4ckvidd, lokal noggrannhet<\/strong><\/p><p>V\u00e5rt omfattande n\u00e4tverk av leveranspartners g\u00f6r det m\u00f6jligt f\u00f6r oss att leverera dina produkter till varje h\u00f6rn av v\u00e4rlden. Oavsett om du \u00e4r ett lokalt f\u00f6retag eller ett globalt f\u00f6retag erbjuder Lynnhan anpassade leveransalternativ f\u00f6r att s\u00e4kerst\u00e4lla att din order n\u00e5r sitt m\u00e5l effektivt. V\u00e5rt team samarbetar n\u00e4ra med anlitliga transport\u00f6rer f\u00f6r att erbjuda en smidig leveransupplevelse, fr\u00e5n d\u00f6rr till d\u00f6rr.<\/p><p><strong>Flexibla leveransalternativ<\/strong><\/p><ul><li><strong>Standardleverans:<\/strong> Idealisk f\u00f6r ouppt\u00e4ckta best\u00e4llningar erbjuder v\u00e5r standardleverans en ekonomisk l\u00f6sning med p\u00e5litliga leveranstider.<\/li><li><strong>Expressleverans:<\/strong> N\u00e4r tid \u00e4r avg\u00f6rande, v\u00e4lj v\u00e5r expressleverans f\u00f6r snabbare leverans. Vi prioriterar din leverans f\u00f6r att s\u00e4kerst\u00e4lla att den anl\u00e4nder snabbt.<\/li><li><strong>Fraktleverans:<\/strong> F\u00f6r st\u00f6rre best\u00e4llningar eller s\u00e4rskilda krav erbjuder v\u00e5ra fraktleveranstj\u00e4nster anpassade l\u00f6sningar, inklusive sj\u00f6, luft och markalternativ.<\/li><\/ul><p><strong>Realtidsuppf\u00f6ljning och support<\/strong><\/p><p>H\u00e5ll dig informerad fr\u00e5n dispatch till leverans med v\u00e5r realtidsuppf\u00f6ljningstj\u00e4nst. N\u00e4r din leverans skickas kommer du att f\u00e5 en sp\u00e5rningsnummer f\u00f6r att \u00f6vervaka din order. V\u00e5rt dedikerade supportteam \u00e4r alltid tillg\u00e4ngligt f\u00f6r att ge uppdateringar och hj\u00e4lpa till med n\u00e5gra leveransfr\u00e5gor.<\/p><p><strong>Tullhantering och \u00f6verensst\u00e4mmelse<\/strong><\/p><p>Lynnhans expertis inom internationell leverans s\u00e4kerst\u00e4ller en smidig tullhanteringsprocess. Vi hanterar alla n\u00f6dv\u00e4ndiga dokument och \u00f6verensst\u00e4mmelseskrav, minimerar f\u00f6rseningar och s\u00e4kerst\u00e4ller att din leverans f\u00f6ljer lokala regler.<\/p><p><strong>Milj\u00f6v\u00e4nligt f\u00f6rpackning och leverans<\/strong><\/p><p>Vi \u00e4r engagerade i h\u00e5llbarhet. Lynnhan anv\u00e4nder milj\u00f6v\u00e4nliga f\u00f6rpackningsmaterial och optimerar leveransv\u00e4gar f\u00f6r att minska v\u00e5r milj\u00f6p\u00e5verkan. V\u00e5ra gr\u00f6na leveransalternativ \u00e4r en del av v\u00e5r dedikation att skydda planeten medan vi servar dina f\u00f6retagsbehov.<\/p><p><strong>Leveranskostnader och policyer<\/strong><\/p><p>V\u00e5ra konkurrenskraftiga leveranskostnader ber\u00e4knas baserat p\u00e5 orderstorlek, vikt och destination. F\u00f6r detaljerad information om leveranskostnader och policyer, bes\u00f6k v\u00e5r webbplats eller kontakta v\u00e5rt kundsupportteam. Vi str\u00e4var efter att erbjuda tydlig priss\u00e4ttning utan dolda avgifter.<\/p><p><strong>Hur man arrangerar leverans<\/strong><\/p><p>Att l\u00e4gga en order hos Lynnhan \u00e4r enkelt. Under utcheckningsprocessen kommer du att uppmanas att v\u00e4lja din f\u00f6redragna leveransmetod. V\u00e5rt team kommer sedan att f\u00f6rbereda din order f\u00f6r leverans, s\u00e4kerst\u00e4ller att den packas s\u00e4kert och skickas snabbt. F\u00f6r specialleveransf\u00f6rfr\u00e5gningar eller stora best\u00e4llningar, kontakta v\u00e5rt f\u00f6rs\u00e4ljningsteam direkt.<\/p><p>Hos Lynnhan \u00e4r vi engagerade i att ge dig effektiva, p\u00e5litliga och anpassade leveransl\u00f6sningar. V\u00e5rt m\u00e5l \u00e4r att st\u00f6dja ditt f\u00f6retag genom att s\u00e4kerst\u00e4lla att dina produkter levereras i tid och i perfekt skick, oavsett var i v\u00e4rlden du \u00e4r bel\u00e4gen.<\/p>\t\t\t\t\t\t\t\t<\/div>\n\t\t\t\t<\/div>\n\t\t\t\t\t<\/div>\n\t\t\t\t<\/div>\n\t\t\t\t<\/div>","protected":false},"excerpt":{"rendered":"<p>Shipping Solutions at Lynnhan: Efficient and Reliable Delivery Tailored Shipping for Your Business At Lynnhan, we understand that reliable and efficient shipping is crucial for your business operations. Our comprehensive [\u2026]<\/p>","protected":false},"author":1,"featured_media":0,"parent":0,"menu_order":0,"comment_status":"closed","ping_status":"closed","template":"","meta":{"footnotes":""},"class_list":["post-540","page","type-page","status-publish","hentry"],"yoast_head":"<!-- This site is optimized with the Yoast SEO plugin v26.6 - https:\/\/yoast.com\/wordpress\/plugins\/seo\/ -->\n<title>LynnHan Standbyme TV supplier Shipping<\/title>\n<meta name=\"description\" content=\"Hassle-free shipping starts at LynnHan Standbyme TV supplier. Our comprehensive guide ensures your packages arrive safely and on time.\" \/>\n<meta name=\"robots\" content=\"index, follow, max-snippet:-1, max-image-preview:large, max-video-preview:-1\" \/>\n<link rel=\"canonical\" href=\"https:\/\/lynnhan.com\/sv\/leverans\/\" \/>\n<meta property=\"og:locale\" content=\"sv_SE\" \/>\n<meta property=\"og:type\" content=\"article\" \/>\n<meta property=\"og:title\" content=\"LynnHan Standbyme TV supplier Shipping\" \/>\n<meta property=\"og:description\" content=\"Hassle-free shipping starts at LynnHan Standbyme TV supplier. Our comprehensive guide ensures your packages arrive safely and on time.\" \/>\n<meta property=\"og:url\" content=\"https:\/\/lynnhan.com\/sv\/leverans\/\" \/>\n<meta property=\"og:site_name\" content=\"Lynnhan - Trusted Supplier | LED\/OLED\/LCD\/E-paper digital signages\" \/>\n<meta property=\"article:modified_time\" content=\"2024-12-18T09:42:17+00:00\" \/>\n<meta property=\"og:image\" content=\"https:\/\/pub-78925c7bf9ca4c6d820df8293a5c116c.r2.dev\/2024\/12\/shipment.webp\" \/>\n<meta name=\"twitter:card\" content=\"summary_large_image\" \/>\n<meta name=\"twitter:label1\" content=\"Ber\u00e4knad l\u00e4stid\" \/>\n\t<meta name=\"twitter:data1\" content=\"3 minuter\" \/>\n<script type=\"application\/ld+json\" class=\"yoast-schema-graph\">{\"@context\":\"https:\/\/schema.org\",\"@graph\":[{\"@type\":\"WebPage\",\"@id\":\"https:\/\/lynnhan.com\/be\/shipping\/\",\"url\":\"https:\/\/lynnhan.com\/be\/shipping\/\",\"name\":\"LynnHan Standbyme TV supplier Shipping\",\"isPartOf\":{\"@id\":\"https:\/\/lynnhan.com\/km\/#website\"},\"primaryImageOfPage\":{\"@id\":\"https:\/\/lynnhan.com\/be\/shipping\/#primaryimage\"},\"image\":{\"@id\":\"https:\/\/lynnhan.com\/be\/shipping\/#primaryimage\"},\"thumbnailUrl\":\"https:\/\/pub-78925c7bf9ca4c6d820df8293a5c116c.r2.dev\/2024\/12\/shipment.webp\",\"datePublished\":\"2024-02-27T08:44:39+00:00\",\"dateModified\":\"2024-12-18T09:42:17+00:00\",\"description\":\"Hassle-free shipping starts at LynnHan Standbyme TV supplier. Our comprehensive guide ensures your packages arrive safely and on time.\",\"breadcrumb\":{\"@id\":\"https:\/\/lynnhan.com\/be\/shipping\/#breadcrumb\"},\"inLanguage\":\"sv-SE\",\"potentialAction\":[{\"@type\":\"ReadAction\",\"target\":[\"https:\/\/lynnhan.com\/be\/shipping\/\"]}]},{\"@type\":\"ImageObject\",\"inLanguage\":\"sv-SE\",\"@id\":\"https:\/\/lynnhan.com\/be\/shipping\/#primaryimage\",\"url\":\"https:\/\/pub-78925c7bf9ca4c6d820df8293a5c116c.r2.dev\/2024\/12\/shipment.webp\",\"contentUrl\":\"https:\/\/pub-78925c7bf9ca4c6d820df8293a5c116c.r2.dev\/2024\/12\/shipment.webp\"},{\"@type\":\"BreadcrumbList\",\"@id\":\"https:\/\/lynnhan.com\/be\/shipping\/#breadcrumb\",\"itemListElement\":[{\"@type\":\"ListItem\",\"position\":1,\"name\":\"Home\",\"item\":\"https:\/\/lynnhan.com\/\"},{\"@type\":\"ListItem\",\"position\":2,\"name\":\"Shipping\"}]},{\"@type\":\"WebSite\",\"@id\":\"https:\/\/lynnhan.com\/km\/#website\",\"url\":\"https:\/\/lynnhan.com\/km\/\",\"name\":\"Lynnhan - Trusted Supplier | LED\/OLED\/LCD\/E-paper digital signages\",\"description\":\"Lynnhan - Trusted Supplier |  LED\/OLED\/LCD\/E-paper digital signages\",\"publisher\":{\"@id\":\"https:\/\/lynnhan.com\/km\/#organization\"},\"potentialAction\":[{\"@type\":\"SearchAction\",\"target\":{\"@type\":\"EntryPoint\",\"urlTemplate\":\"https:\/\/lynnhan.com\/km\/?s={search_term_string}\"},\"query-input\":{\"@type\":\"PropertyValueSpecification\",\"valueRequired\":true,\"valueName\":\"search_term_string\"}}],\"inLanguage\":\"sv-SE\"},{\"@type\":\"Organization\",\"@id\":\"https:\/\/lynnhan.com\/km\/#organization\",\"name\":\"Lynnhan - Trusted Supplier | LED\/OLED\/LCD\/E-paper digital signages\",\"url\":\"https:\/\/lynnhan.com\/km\/\",\"logo\":{\"@type\":\"ImageObject\",\"inLanguage\":\"sv-SE\",\"@id\":\"https:\/\/lynnhan.com\/km\/#\/schema\/logo\/image\/\",\"url\":\"https:\/\/pub-78925c7bf9ca4c6d820df8293a5c116c.r2.dev\/2024\/07\/LynnHan-logo3.png\",\"contentUrl\":\"https:\/\/pub-78925c7bf9ca4c6d820df8293a5c116c.r2.dev\/2024\/07\/LynnHan-logo3.png\",\"width\":390,\"height\":130,\"caption\":\"Lynnhan - Trusted Supplier | LED\/OLED\/LCD\/E-paper digital signages\"},\"image\":{\"@id\":\"https:\/\/lynnhan.com\/km\/#\/schema\/logo\/image\/\"}}]}<\/script>\n<!-- \/ Yoast SEO plugin. -->","yoast_head_json":{"title":"LynnHan Standbyme TV-leverant\u00f6r Leverans","description":"Enkel frakt b\u00f6rjar vid LynnHan Standbyme TV-leverant\u00f6r. V\u00e5r omfattande guide s\u00e4kerst\u00e4ller att dina paket ankommer s\u00e4kert och i tid.","robots":{"index":"index","follow":"follow","max-snippet":"max-snippet:-1","max-image-preview":"max-image-preview:large","max-video-preview":"max-video-preview:-1"},"canonical":"https:\/\/lynnhan.com\/sv\/leverans\/","og_locale":"sv_SE","og_type":"article","og_title":"LynnHan Standbyme TV supplier Shipping","og_description":"Hassle-free shipping starts at LynnHan Standbyme TV supplier. Our comprehensive guide ensures your packages arrive safely and on time.","og_url":"https:\/\/lynnhan.com\/sv\/leverans\/","og_site_name":"Lynnhan - Trusted Supplier | LED\/OLED\/LCD\/E-paper digital signages","article_modified_time":"2024-12-18T09:42:17+00:00","og_image":[{"url":"https:\/\/pub-78925c7bf9ca4c6d820df8293a5c116c.r2.dev\/2024\/12\/shipment.webp","type":"","width":"","height":""}],"twitter_card":"summary_large_image","twitter_misc":{"Ber\u00e4knad l\u00e4stid":"3 minuter"},"schema":{"@context":"https:\/\/schema.org","@graph":[{"@type":"WebPage","@id":"https:\/\/lynnhan.com\/be\/shipping\/","url":"https:\/\/lynnhan.com\/be\/shipping\/","name":"LynnHan Standbyme TV-leverant\u00f6r Leverans","isPartOf":{"@id":"https:\/\/lynnhan.com\/km\/#website"},"primaryImageOfPage":{"@id":"https:\/\/lynnhan.com\/be\/shipping\/#primaryimage"},"image":{"@id":"https:\/\/lynnhan.com\/be\/shipping\/#primaryimage"},"thumbnailUrl":"https:\/\/pub-78925c7bf9ca4c6d820df8293a5c116c.r2.dev\/2024\/12\/shipment.webp","datePublished":"2024-02-27T08:44:39+00:00","dateModified":"2024-12-18T09:42:17+00:00","description":"Enkel frakt b\u00f6rjar vid LynnHan Standbyme TV-leverant\u00f6r. V\u00e5r omfattande guide s\u00e4kerst\u00e4ller att dina paket ankommer s\u00e4kert och i tid.","breadcrumb":{"@id":"https:\/\/lynnhan.com\/be\/shipping\/#breadcrumb"},"inLanguage":"sv-SE","potentialAction":[{"@type":"ReadAction","target":["https:\/\/lynnhan.com\/be\/shipping\/"]}]},{"@type":"ImageObject","inLanguage":"sv-SE","@id":"https:\/\/lynnhan.com\/be\/shipping\/#primaryimage","url":"https:\/\/pub-78925c7bf9ca4c6d820df8293a5c116c.r2.dev\/2024\/12\/shipment.webp","contentUrl":"https:\/\/pub-78925c7bf9ca4c6d820df8293a5c116c.r2.dev\/2024\/12\/shipment.webp"},{"@type":"BreadcrumbList","@id":"https:\/\/lynnhan.com\/be\/shipping\/#breadcrumb","itemListElement":[{"@type":"ListItem","position":1,"name":"Home","item":"https:\/\/lynnhan.com\/"},{"@type":"ListItem","position":2,"name":"Shipping"}]},{"@type":"WebSite","@id":"https:\/\/lynnhan.com\/km\/#website","url":"https:\/\/lynnhan.com\/km\/","name":"Lynnhan - p\u00e5litlig leverant\u00f6r | LED\/OLED\/LCD\/E-paper digitala skyltar","description":"Lynnhan - p\u00e5litlig leverant\u00f6r | LED\/OLED\/LCD\/E-paper digitala skyltar","publisher":{"@id":"https:\/\/lynnhan.com\/km\/#organization"},"potentialAction":[{"@type":"SearchAction","target":{"@type":"EntryPoint","urlTemplate":"https:\/\/lynnhan.com\/km\/?s={search_term_string}"},"query-input":{"@type":"PropertyValueSpecification","valueRequired":true,"valueName":"search_term_string"}}],"inLanguage":"sv-SE"},{"@type":"Organization","@id":"https:\/\/lynnhan.com\/km\/#organization","name":"Lynnhan - p\u00e5litlig leverant\u00f6r | LED\/OLED\/LCD\/E-paper digitala skyltar","url":"https:\/\/lynnhan.com\/km\/","logo":{"@type":"ImageObject","inLanguage":"sv-SE","@id":"https:\/\/lynnhan.com\/km\/#\/schema\/logo\/image\/","url":"https:\/\/pub-78925c7bf9ca4c6d820df8293a5c116c.r2.dev\/2024\/07\/LynnHan-logo3.png","contentUrl":"https:\/\/pub-78925c7bf9ca4c6d820df8293a5c116c.r2.dev\/2024\/07\/LynnHan-logo3.png","width":390,"height":130,"caption":"Lynnhan - Trusted Supplier | LED\/OLED\/LCD\/E-paper digital signages"},"image":{"@id":"https:\/\/lynnhan.com\/km\/#\/schema\/logo\/image\/"}}]}},"jetpack_sharing_enabled":true,"_links":{"self":[{"href":"https:\/\/lynnhan.com\/sv\/wp-json\/wp\/v2\/pages\/540","targetHints":{"allow":["GET"]}}],"collection":[{"href":"https:\/\/lynnhan.com\/sv\/wp-json\/wp\/v2\/pages"}],"about":[{"href":"https:\/\/lynnhan.com\/sv\/wp-json\/wp\/v2\/types\/page"}],"author":[{"embeddable":true,"href":"https:\/\/lynnhan.com\/sv\/wp-json\/wp\/v2\/users\/1"}],"replies":[{"embeddable":true,"href":"https:\/\/lynnhan.com\/sv\/wp-json\/wp\/v2\/comments?post=540"}],"version-history":[{"count":0,"href":"https:\/\/lynnhan.com\/sv\/wp-json\/wp\/v2\/pages\/540\/revisions"}],"wp:attachment":[{"href":"https:\/\/lynnhan.com\/sv\/wp-json\/wp\/v2\/media?parent=540"}],"curies":[{"name":"wp","href":"https:\/\/api.w.org\/{rel}","templated":true}]}}