{"id":517,"date":"2024-02-27T08:02:52","date_gmt":"2024-02-27T08:02:52","guid":{"rendered":"https:\/\/lynnhan.com\/?page_id=517"},"modified":"2024-12-24T08:39:31","modified_gmt":"2024-12-24T08:39:31","slug":"varfor-lynnhan","status":"publish","type":"page","link":"https:\/\/lynnhan.com\/sv\/varfor-lynnhan\/","title":{"rendered":"Varf\u00f6r Lynnhan"},"content":{"rendered":"<div data-elementor-type=\"wp-page\" data-elementor-id=\"517\" class=\"elementor elementor-517\" data-elementor-post-type=\"page\">\n\t\t\t\t<div class=\"elementor-element elementor-element-ac24e16 e-flex e-con-boxed e-con e-parent\" data-id=\"ac24e16\" data-element_type=\"container\">\n\t\t\t\t\t<div class=\"e-con-inner\">\n\t\t\t\t<div class=\"elementor-element elementor-element-a8ffeb6 elementor-widget elementor-widget-image\" data-id=\"a8ffeb6\" data-element_type=\"widget\" data-widget_type=\"image.default\">\n\t\t\t\t<div class=\"elementor-widget-container\">\n\t\t\t\t\t\t\t\t\t\t\t\t\t\t\t<img fetchpriority=\"high\" decoding=\"async\" width=\"1920\" height=\"1076\" src=\"https:\/\/pub-78925c7bf9ca4c6d820df8293a5c116c.r2.dev\/2024\/12\/Why-Lynnhan.webp\" class=\"attachment-full size-full wp-image-3274\" alt=\"Wlhy All in One LED manufacturer Lynnhan\" srcset=\"https:\/\/pub-78925c7bf9ca4c6d820df8293a5c116c.r2.dev\/2024\/12\/Why-Lynnhan.webp 1920w, https:\/\/pub-78925c7bf9ca4c6d820df8293a5c116c.r2.dev\/2024\/12\/Why-Lynnhan-700x392.webp 700w, https:\/\/pub-78925c7bf9ca4c6d820df8293a5c116c.r2.dev\/2024\/12\/Why-Lynnhan-1024x574.webp 1024w, https:\/\/pub-78925c7bf9ca4c6d820df8293a5c116c.r2.dev\/2024\/12\/Why-Lynnhan-768x430.webp 768w, https:\/\/pub-78925c7bf9ca4c6d820df8293a5c116c.r2.dev\/2024\/12\/Why-Lynnhan-1536x861.webp 1536w, https:\/\/pub-78925c7bf9ca4c6d820df8293a5c116c.r2.dev\/2024\/12\/Why-Lynnhan-18x10.webp 18w, https:\/\/pub-78925c7bf9ca4c6d820df8293a5c116c.r2.dev\/2024\/12\/Why-Lynnhan-1140x639.webp 1140w, https:\/\/pub-78925c7bf9ca4c6d820df8293a5c116c.r2.dev\/2024\/12\/Why-Lynnhan-920x516.webp 920w, https:\/\/pub-78925c7bf9ca4c6d820df8293a5c116c.r2.dev\/2024\/12\/Why-Lynnhan-575x322.webp 575w, https:\/\/pub-78925c7bf9ca4c6d820df8293a5c116c.r2.dev\/2024\/12\/Why-Lynnhan-380x213.webp 380w, https:\/\/pub-78925c7bf9ca4c6d820df8293a5c116c.r2.dev\/2024\/12\/Why-Lynnhan-1320x740.webp 1320w, https:\/\/pub-78925c7bf9ca4c6d820df8293a5c116c.r2.dev\/2024\/12\/Why-Lynnhan-800x448.webp 800w\" sizes=\"(max-width: 1920px) 100vw, 1920px\" \/>\t\t\t\t\t\t\t\t\t\t\t\t\t\t\t<\/div>\n\t\t\t\t<\/div>\n\t\t\t\t\t<\/div>\n\t\t\t\t<\/div>\n\t\t<div class=\"elementor-element elementor-element-1c5267a e-flex e-con-boxed e-con e-parent\" data-id=\"1c5267a\" data-element_type=\"container\">\n\t\t\t\t\t<div class=\"e-con-inner\">\n\t\t\t\t<div class=\"elementor-element elementor-element-fadb91b elementor-widget elementor-widget-text-editor\" data-id=\"fadb91b\" data-element_type=\"widget\" data-widget_type=\"text-editor.default\">\n\t\t\t\t<div class=\"elementor-widget-container\">\n\t\t\t\t\t\t\t\t\t<h3>1. Varf\u00f6r Lynnhan: Din partner i smarta teknologil\u00f6sningar<\/h3><p><strong>2. Innovativa l\u00f6sningar f\u00f6r moderna utmaningar<\/strong><\/p><p>3. I en v\u00e4rld d\u00e4r teknik utvecklas i blixthastighet utm\u00e4rker sig Lynnhan som en lysark som innovation och tillf\u00f6rlitlighet. Vi f\u00f6rst\u00e5r komplexiteten i moderna aff\u00e4rs- och utbildningsmilj\u00f6er och \u00e4r dedikerade till att anv\u00e4nda avancerad Artificiell Intelligens AI-driven och h\u00f6gkantig teknik, tillhandah\u00e5lla smarta teknologil\u00f6sningar som m\u00f6ter dessa utmaningar direkt. H\u00e4r \u00e4r bara n\u00e5gra av anledningarna till varf\u00f6r valet av Lynnhan \u00e4r den smarta valet f\u00f6r din organisation.<\/p><p><strong>4. Obefintlig expertis<\/strong><\/p><p>5. Med \u00f6ver ett decennium inom smart teknologisektorn b\u00e4r Lynnhan med sig en rikedom av kunskap och erfarenhet. V\u00e5rt team av experter \u00e4r djupt involverade i forskning och utveckling, vilket s\u00e4kerst\u00e4ller att varje produkt vi erbjuder \u00e4r p\u00e5 framkantens teknik. N\u00e4r du v\u00e4ljer Lynnhan f\u00e5r du inte bara en leverant\u00f6r; du f\u00e5r en partner med ett bepr\u00f6vade sp\u00e5r av exellens.<\/p><p><strong>6. Anpassade l\u00f6sningar<\/strong><\/p><p>7. Vi \u00e4r stolta \u00f6ver v\u00e5r f\u00f6rm\u00e5ga att anpassa v\u00e5ra produkter och tj\u00e4nster f\u00f6r att m\u00f6ta de unika behoven hos v\u00e5ra kunder. Fr\u00e5n utbildning och h\u00e4lso- och sjukv\u00e5rd till detaljhandel och f\u00f6retagsmilj\u00f6er kan Lynnhans breda sortiment av smarta whiteboards, b\u00e4rbara TV:er, peksk\u00e4rmar, surfplattor, datorer, mini-PC:er och kl\u00e4db\u00e4rande enheter anpassas f\u00f6r att passa dina specifika krav. V\u00e5ra flexibla OEM\/ODM-tj\u00e4nster inneb\u00e4r att din vision kan bli verklighet, med teknologil\u00f6sningar som \u00e4r designade specifikt f\u00f6r dig.<\/p><p><strong>8. Kvalitetss\u00e4kring<\/strong><\/p><p>9. Kvalitet \u00e4r inte bara ett m\u00e5l; det \u00e4r ett l\u00f6fte. P\u00e5 Lynnhan genomg\u00e5r varje produkt rigor\u00f6st testning och kvalitetskontroll f\u00f6r att s\u00e4kerst\u00e4lla att den uppfyller v\u00e5ra h\u00f6ga standarder. Vi anv\u00e4nder endast de b\u00e4sta materialen och de senaste tillverkningsmetoderna f\u00f6r att garantera p\u00e5litlighet och h\u00e5llbarhet. N\u00e4r du investerar i Lynnhan-teknologi investerar du i kvalitet som varar.<\/p><p><strong>10. H\u00e5llbarhet och ansvar<\/strong><\/p><p>11. Medan vi forts\u00e4tter fram\u00e5t in i framtiden f\u00f6rblir Lynnhan \u00e5dededikerad till h\u00e5llbarhet och etiska praxis. Vi utforskar st\u00e4ndigt s\u00e4tt att minska v\u00e5r milj\u00f6p\u00e5verkan och utveckla produkter som inte bara \u00e4r innovativa utan ocks\u00e5 milj\u00f6v\u00e4nliga. Att samarbeta med Lynnhan inneb\u00e4r att st\u00f6dja ett f\u00f6retag som bryr sig lika mycket om planeten som du sj\u00e4lv.<\/p><p><strong>12. Uppm\u00e4rksam kundsupport<\/strong><\/p><p>13. V\u00e5r relation med v\u00e5ra kunder slutar inte med f\u00f6rs\u00e4ljningen. Lynnhan erbjuder omfattande kundsupport, fr\u00e5n initial konsultation och installation till fortsatt teknisk assistans och utbildning. V\u00e5rt dedikerade team \u00e4r alltid redo att hj\u00e4lpa dig att utnyttja dina Lynnhan-l\u00f6sningar p\u00e5 b\u00e4sta m\u00f6jliga s\u00e4tt, vilket s\u00e4kerst\u00e4ller att din upplevelse \u00e4r smidig och tillfredsst\u00e4llande.<\/p><p><strong>14. Global r\u00e4ckvidd, lokal touch<\/strong><\/p><p>15. Lynnhans globala n\u00e4rvaro g\u00e5r inte ut \u00f6ver personlig service. Vi v\u00e4rdes\u00e4tter v\u00e5ra lokala kunder och str\u00e4var efter att f\u00f6rst\u00e5 och m\u00f6ta deras behov med samma dedikation och omsorg som v\u00e5ra internationella kunder. Var som helst du \u00e4r, finns Lynnhan d\u00e4r f\u00f6r att st\u00f6dja dig.<\/p><p><strong>16. Investera i din framg\u00e5ng<\/strong><\/p><p>17. P\u00e5 Lynnhan \u00e4r din framg\u00e5ng v\u00e5r framg\u00e5ng. Vi s\u00e4ljer inte bara produkter; vi erbjuder l\u00f6sningar som driver tillv\u00e4xt, \u00f6kar produktiviteten och f\u00f6rb\u00e4ttrar livet. V\u00e5r engagemang f\u00f6r innovation, kvalitet och kundn\u00f6jdhet \u00e4r of\u00f6r\u00e4ndrad eftersom vi tror p\u00e5 att bygga l\u00e5ngsiktiga partnerskap med v\u00e5ra kunder.<\/p><p><strong>18. V\u00e4lj Lynnhan: D\u00e4r innovation m\u00f6ter tillf\u00f6rlitlighet<\/strong><\/p><p>19. N\u00e4r du v\u00e4ljer Lynnhan v\u00e4ljer du en partner<\/p><p>Discover the Lynnhan difference. Let\u2019s innovate together.<\/p>\t\t\t\t\t\t\t\t<\/div>\n\t\t\t\t<\/div>\n\t\t\t\t\t<\/div>\n\t\t\t\t<\/div>\n\t\t\t\t<\/div>","protected":false},"excerpt":{"rendered":"<p>Why Lynnhan: Your Partner in Smart Technology Solutions Innovative Solutions for Modern Challenges In a world where technology evolves at lightning speed, Lynnhan stands out as a beacon of innovation [\u2026]<\/p>","protected":false},"author":1,"featured_media":0,"parent":0,"menu_order":0,"comment_status":"closed","ping_status":"closed","template":"","meta":{"footnotes":""},"class_list":["post-517","page","type-page","status-publish","hentry"],"yoast_head":"<!-- This site is optimized with the Yoast SEO plugin v26.6 - https:\/\/yoast.com\/wordpress\/plugins\/seo\/ -->\n<title>Why Lynnhan ? Smart Tech, Smart Touch<\/title>\n<meta name=\"description\" content=\"Experience the LynnHan difference. From innovative products to dedicated support, see why we exceed expectations.\" \/>\n<meta name=\"robots\" content=\"index, follow, max-snippet:-1, max-image-preview:large, max-video-preview:-1\" \/>\n<link rel=\"canonical\" href=\"https:\/\/lynnhan.com\/sv\/varfor-lynnhan\/\" \/>\n<meta property=\"og:locale\" content=\"sv_SE\" \/>\n<meta property=\"og:type\" content=\"article\" \/>\n<meta property=\"og:title\" content=\"Why Lynnhan ? Smart Tech, Smart Touch\" \/>\n<meta property=\"og:description\" content=\"Experience the LynnHan difference. From innovative products to dedicated support, see why we exceed expectations.\" \/>\n<meta property=\"og:url\" content=\"https:\/\/lynnhan.com\/sv\/varfor-lynnhan\/\" \/>\n<meta property=\"og:site_name\" content=\"Lynnhan - Trusted Supplier | LED\/OLED\/LCD\/E-paper digital signages\" \/>\n<meta property=\"article:modified_time\" content=\"2024-12-24T08:39:31+00:00\" \/>\n<meta property=\"og:image\" content=\"https:\/\/pub-78925c7bf9ca4c6d820df8293a5c116c.r2.dev\/2024\/12\/Why-Lynnhan.webp\" \/>\n<meta name=\"twitter:card\" content=\"summary_large_image\" \/>\n<meta name=\"twitter:label1\" content=\"Ber\u00e4knad l\u00e4stid\" \/>\n\t<meta name=\"twitter:data1\" content=\"3 minuter\" \/>\n<script type=\"application\/ld+json\" class=\"yoast-schema-graph\">{\"@context\":\"https:\/\/schema.org\",\"@graph\":[{\"@type\":\"WebPage\",\"@id\":\"https:\/\/lynnhan.com\/why-lynnhan\/\",\"url\":\"https:\/\/lynnhan.com\/why-lynnhan\/\",\"name\":\"Why Lynnhan ? Smart Tech, Smart Touch\",\"isPartOf\":{\"@id\":\"https:\/\/lynnhan.com\/km\/#website\"},\"primaryImageOfPage\":{\"@id\":\"https:\/\/lynnhan.com\/why-lynnhan\/#primaryimage\"},\"image\":{\"@id\":\"https:\/\/lynnhan.com\/why-lynnhan\/#primaryimage\"},\"thumbnailUrl\":\"https:\/\/pub-78925c7bf9ca4c6d820df8293a5c116c.r2.dev\/2024\/12\/Why-Lynnhan.webp\",\"datePublished\":\"2024-02-27T08:02:52+00:00\",\"dateModified\":\"2024-12-24T08:39:31+00:00\",\"description\":\"Experience the LynnHan difference. From innovative products to dedicated support, see why we exceed expectations.\",\"breadcrumb\":{\"@id\":\"https:\/\/lynnhan.com\/why-lynnhan\/#breadcrumb\"},\"inLanguage\":\"sv-SE\",\"potentialAction\":[{\"@type\":\"ReadAction\",\"target\":[\"https:\/\/lynnhan.com\/why-lynnhan\/\"]}]},{\"@type\":\"ImageObject\",\"inLanguage\":\"sv-SE\",\"@id\":\"https:\/\/lynnhan.com\/why-lynnhan\/#primaryimage\",\"url\":\"https:\/\/pub-78925c7bf9ca4c6d820df8293a5c116c.r2.dev\/2024\/12\/Why-Lynnhan.webp\",\"contentUrl\":\"https:\/\/pub-78925c7bf9ca4c6d820df8293a5c116c.r2.dev\/2024\/12\/Why-Lynnhan.webp\"},{\"@type\":\"BreadcrumbList\",\"@id\":\"https:\/\/lynnhan.com\/why-lynnhan\/#breadcrumb\",\"itemListElement\":[{\"@type\":\"ListItem\",\"position\":1,\"name\":\"Home\",\"item\":\"https:\/\/lynnhan.com\/\"},{\"@type\":\"ListItem\",\"position\":2,\"name\":\"Why Lynnhan\"}]},{\"@type\":\"WebSite\",\"@id\":\"https:\/\/lynnhan.com\/km\/#website\",\"url\":\"https:\/\/lynnhan.com\/km\/\",\"name\":\"Lynnhan - Trusted Supplier | LED\/OLED\/LCD\/E-paper digital signages\",\"description\":\"Lynnhan - Trusted Supplier |  LED\/OLED\/LCD\/E-paper digital signages\",\"publisher\":{\"@id\":\"https:\/\/lynnhan.com\/km\/#organization\"},\"potentialAction\":[{\"@type\":\"SearchAction\",\"target\":{\"@type\":\"EntryPoint\",\"urlTemplate\":\"https:\/\/lynnhan.com\/km\/?s={search_term_string}\"},\"query-input\":{\"@type\":\"PropertyValueSpecification\",\"valueRequired\":true,\"valueName\":\"search_term_string\"}}],\"inLanguage\":\"sv-SE\"},{\"@type\":\"Organization\",\"@id\":\"https:\/\/lynnhan.com\/km\/#organization\",\"name\":\"Lynnhan - Trusted Supplier | LED\/OLED\/LCD\/E-paper digital signages\",\"url\":\"https:\/\/lynnhan.com\/km\/\",\"logo\":{\"@type\":\"ImageObject\",\"inLanguage\":\"sv-SE\",\"@id\":\"https:\/\/lynnhan.com\/km\/#\/schema\/logo\/image\/\",\"url\":\"https:\/\/pub-78925c7bf9ca4c6d820df8293a5c116c.r2.dev\/2024\/07\/LynnHan-logo3.png\",\"contentUrl\":\"https:\/\/pub-78925c7bf9ca4c6d820df8293a5c116c.r2.dev\/2024\/07\/LynnHan-logo3.png\",\"width\":390,\"height\":130,\"caption\":\"Lynnhan - Trusted Supplier | LED\/OLED\/LCD\/E-paper digital signages\"},\"image\":{\"@id\":\"https:\/\/lynnhan.com\/km\/#\/schema\/logo\/image\/\"}}]}<\/script>\n<!-- \/ Yoast SEO plugin. -->","yoast_head_json":{"title":"Varf\u00f6r Lynnhan? Smart Tech, Smart Touch","description":"Upplev LynnHan skillnaden. Fr\u00e5n innovativa produkter till dedikerat st\u00f6d, se varf\u00f6r vi \u00f6vertr\u00e4ffar f\u00f6rv\u00e4ntningarna.","robots":{"index":"index","follow":"follow","max-snippet":"max-snippet:-1","max-image-preview":"max-image-preview:large","max-video-preview":"max-video-preview:-1"},"canonical":"https:\/\/lynnhan.com\/sv\/varfor-lynnhan\/","og_locale":"sv_SE","og_type":"article","og_title":"Why Lynnhan ? Smart Tech, Smart Touch","og_description":"Experience the LynnHan difference. From innovative products to dedicated support, see why we exceed expectations.","og_url":"https:\/\/lynnhan.com\/sv\/varfor-lynnhan\/","og_site_name":"Lynnhan - Trusted Supplier | LED\/OLED\/LCD\/E-paper digital signages","article_modified_time":"2024-12-24T08:39:31+00:00","og_image":[{"url":"https:\/\/pub-78925c7bf9ca4c6d820df8293a5c116c.r2.dev\/2024\/12\/Why-Lynnhan.webp","type":"","width":"","height":""}],"twitter_card":"summary_large_image","twitter_misc":{"Ber\u00e4knad l\u00e4stid":"3 minuter"},"schema":{"@context":"https:\/\/schema.org","@graph":[{"@type":"WebPage","@id":"https:\/\/lynnhan.com\/why-lynnhan\/","url":"https:\/\/lynnhan.com\/why-lynnhan\/","name":"Varf\u00f6r Lynnhan? Smart Tech, Smart Touch","isPartOf":{"@id":"https:\/\/lynnhan.com\/km\/#website"},"primaryImageOfPage":{"@id":"https:\/\/lynnhan.com\/why-lynnhan\/#primaryimage"},"image":{"@id":"https:\/\/lynnhan.com\/why-lynnhan\/#primaryimage"},"thumbnailUrl":"https:\/\/pub-78925c7bf9ca4c6d820df8293a5c116c.r2.dev\/2024\/12\/Why-Lynnhan.webp","datePublished":"2024-02-27T08:02:52+00:00","dateModified":"2024-12-24T08:39:31+00:00","description":"Upplev LynnHan skillnaden. Fr\u00e5n innovativa produkter till dedikerat st\u00f6d, se varf\u00f6r vi \u00f6vertr\u00e4ffar f\u00f6rv\u00e4ntningarna.","breadcrumb":{"@id":"https:\/\/lynnhan.com\/why-lynnhan\/#breadcrumb"},"inLanguage":"sv-SE","potentialAction":[{"@type":"ReadAction","target":["https:\/\/lynnhan.com\/why-lynnhan\/"]}]},{"@type":"ImageObject","inLanguage":"sv-SE","@id":"https:\/\/lynnhan.com\/why-lynnhan\/#primaryimage","url":"https:\/\/pub-78925c7bf9ca4c6d820df8293a5c116c.r2.dev\/2024\/12\/Why-Lynnhan.webp","contentUrl":"https:\/\/pub-78925c7bf9ca4c6d820df8293a5c116c.r2.dev\/2024\/12\/Why-Lynnhan.webp"},{"@type":"BreadcrumbList","@id":"https:\/\/lynnhan.com\/why-lynnhan\/#breadcrumb","itemListElement":[{"@type":"ListItem","position":1,"name":"Home","item":"https:\/\/lynnhan.com\/"},{"@type":"ListItem","position":2,"name":"Why Lynnhan"}]},{"@type":"WebSite","@id":"https:\/\/lynnhan.com\/km\/#website","url":"https:\/\/lynnhan.com\/km\/","name":"Lynnhan - p\u00e5litlig leverant\u00f6r | LED\/OLED\/LCD\/E-paper digitala skyltar","description":"Lynnhan - p\u00e5litlig leverant\u00f6r | LED\/OLED\/LCD\/E-paper digitala skyltar","publisher":{"@id":"https:\/\/lynnhan.com\/km\/#organization"},"potentialAction":[{"@type":"SearchAction","target":{"@type":"EntryPoint","urlTemplate":"https:\/\/lynnhan.com\/km\/?s={search_term_string}"},"query-input":{"@type":"PropertyValueSpecification","valueRequired":true,"valueName":"search_term_string"}}],"inLanguage":"sv-SE"},{"@type":"Organization","@id":"https:\/\/lynnhan.com\/km\/#organization","name":"Lynnhan - p\u00e5litlig leverant\u00f6r | LED\/OLED\/LCD\/E-paper digitala skyltar","url":"https:\/\/lynnhan.com\/km\/","logo":{"@type":"ImageObject","inLanguage":"sv-SE","@id":"https:\/\/lynnhan.com\/km\/#\/schema\/logo\/image\/","url":"https:\/\/pub-78925c7bf9ca4c6d820df8293a5c116c.r2.dev\/2024\/07\/LynnHan-logo3.png","contentUrl":"https:\/\/pub-78925c7bf9ca4c6d820df8293a5c116c.r2.dev\/2024\/07\/LynnHan-logo3.png","width":390,"height":130,"caption":"Lynnhan - Trusted Supplier | LED\/OLED\/LCD\/E-paper digital signages"},"image":{"@id":"https:\/\/lynnhan.com\/km\/#\/schema\/logo\/image\/"}}]}},"jetpack_sharing_enabled":true,"_links":{"self":[{"href":"https:\/\/lynnhan.com\/sv\/wp-json\/wp\/v2\/pages\/517","targetHints":{"allow":["GET"]}}],"collection":[{"href":"https:\/\/lynnhan.com\/sv\/wp-json\/wp\/v2\/pages"}],"about":[{"href":"https:\/\/lynnhan.com\/sv\/wp-json\/wp\/v2\/types\/page"}],"author":[{"embeddable":true,"href":"https:\/\/lynnhan.com\/sv\/wp-json\/wp\/v2\/users\/1"}],"replies":[{"embeddable":true,"href":"https:\/\/lynnhan.com\/sv\/wp-json\/wp\/v2\/comments?post=517"}],"version-history":[{"count":0,"href":"https:\/\/lynnhan.com\/sv\/wp-json\/wp\/v2\/pages\/517\/revisions"}],"wp:attachment":[{"href":"https:\/\/lynnhan.com\/sv\/wp-json\/wp\/v2\/media?parent=517"}],"curies":[{"name":"wp","href":"https:\/\/api.w.org\/{rel}","templated":true}]}}