{"id":483,"date":"2024-02-26T13:29:25","date_gmt":"2024-02-26T13:29:25","guid":{"rendered":"https:\/\/lynnhan.com\/?page_id=483"},"modified":"2024-12-18T14:05:52","modified_gmt":"2024-12-18T14:05:52","slug":"kontakta-oss-info","status":"publish","type":"page","link":"https:\/\/lynnhan.com\/sv\/kontakta-oss-info\/","title":{"rendered":"Kontakta oss-info"},"content":{"rendered":"<div data-elementor-type=\"wp-page\" data-elementor-id=\"483\" class=\"elementor elementor-483\" data-elementor-post-type=\"page\">\n\t\t\t\t<div class=\"elementor-element elementor-element-c951381 e-flex e-con-boxed e-con e-parent\" data-id=\"c951381\" data-element_type=\"container\">\n\t\t\t\t\t<div class=\"e-con-inner\">\n\t\t\t\t<div class=\"elementor-element elementor-element-ed8b053 elementor-widget elementor-widget-image\" data-id=\"ed8b053\" data-element_type=\"widget\" data-widget_type=\"image.default\">\n\t\t\t\t<div class=\"elementor-widget-container\">\n\t\t\t\t\t\t\t\t\t\t\t\t\t\t\t<img fetchpriority=\"high\" decoding=\"async\" width=\"1456\" height=\"816\" src=\"https:\/\/pub-78925c7bf9ca4c6d820df8293a5c116c.r2.dev\/2024\/12\/contact-us-info.webp\" class=\"attachment-full size-full wp-image-3319\" alt=\"Allt-i-ett LED-leverant\u00f6r Lynnhan kontaktmetod\" srcset=\"https:\/\/pub-78925c7bf9ca4c6d820df8293a5c116c.r2.dev\/2024\/12\/contact-us-info.webp 1456w, https:\/\/pub-78925c7bf9ca4c6d820df8293a5c116c.r2.dev\/2024\/12\/contact-us-info-700x392.webp 700w, https:\/\/pub-78925c7bf9ca4c6d820df8293a5c116c.r2.dev\/2024\/12\/contact-us-info-1024x574.webp 1024w, https:\/\/pub-78925c7bf9ca4c6d820df8293a5c116c.r2.dev\/2024\/12\/contact-us-info-768x430.webp 768w, https:\/\/pub-78925c7bf9ca4c6d820df8293a5c116c.r2.dev\/2024\/12\/contact-us-info-18x10.webp 18w, https:\/\/pub-78925c7bf9ca4c6d820df8293a5c116c.r2.dev\/2024\/12\/contact-us-info-1140x639.webp 1140w, https:\/\/pub-78925c7bf9ca4c6d820df8293a5c116c.r2.dev\/2024\/12\/contact-us-info-920x516.webp 920w, https:\/\/pub-78925c7bf9ca4c6d820df8293a5c116c.r2.dev\/2024\/12\/contact-us-info-575x322.webp 575w, https:\/\/pub-78925c7bf9ca4c6d820df8293a5c116c.r2.dev\/2024\/12\/contact-us-info-380x213.webp 380w, https:\/\/pub-78925c7bf9ca4c6d820df8293a5c116c.r2.dev\/2024\/12\/contact-us-info-1320x740.webp 1320w, https:\/\/pub-78925c7bf9ca4c6d820df8293a5c116c.r2.dev\/2024\/12\/contact-us-info-800x448.webp 800w\" sizes=\"(max-width: 1456px) 100vw, 1456px\" \/>\t\t\t\t\t\t\t\t\t\t\t\t\t\t\t<\/div>\n\t\t\t\t<\/div>\n\t\t\t\t\t<\/div>\n\t\t\t\t<\/div>\n\t\t<div class=\"elementor-element elementor-element-6a132c7 e-flex e-con-boxed e-con e-parent\" data-id=\"6a132c7\" data-element_type=\"container\">\n\t\t\t\t\t<div class=\"e-con-inner\">\n\t\t\t\t<div class=\"elementor-element elementor-element-5f66cb3 elementor-widget elementor-widget-text-editor\" data-id=\"5f66cb3\" data-element_type=\"widget\" data-widget_type=\"text-editor.default\">\n\t\t\t\t<div class=\"elementor-widget-container\">\n\t\t\t\t\t\t\t\t\t<p><strong>Anslut med Lynnhan: Din partner i smarta teknologil\u00f6sningar<\/strong><\/p><p>Hos Lynnhan \u00e4r vi dedikerade till att tillhandah\u00e5lla v\u00e5ra kunder innovativa smarta teknologil\u00f6sningar anpassade till deras unika f\u00f6retagsbehov. Oavsett om du s\u00f6ker att f\u00f6rb\u00e4ttra dina verksamheter med v\u00e5r sortiment av smarta whiteboard, b\u00e4rbara TV:er, peksk\u00e4rmar, tabletter, datorer, mini-PC:er eller b\u00e4rbart utrustning, \u00e4r v\u00e5rt team h\u00e4r f\u00f6r att hj\u00e4lpa dig att hitta r\u00e4tt l\u00f6sningar. Kontakta oss idag f\u00f6r att f\u00e5 veta mer om v\u00e5ra produkter, boka en demo eller diskutera skr\u00e4ddarsydda l\u00f6sningar.<\/p><p><strong>KONTAKTA OSS<\/strong><br \/>Vi v\u00e4rderar dina f\u00f6rfr\u00e5gningar och feedback. H\u00e4r \u00e4r n\u00e5gra s\u00e4tt att n\u00e5 oss:<\/p><ul><li><p><strong>F\u00f6rs\u00e4ljningsf\u00f6rfr\u00e5gningar<\/strong>: Intresserad av att k\u00f6pa Lynnhan-produkter eller beh\u00f6ver r\u00e5d om de b\u00e4sta l\u00f6sningarna f\u00f6r ditt f\u00f6retag? V\u00e5rt f\u00f6rs\u00e4ljningsteam \u00e4r redo att hj\u00e4lpa dig.<\/p><ul><li>E-post: <a target=\"_new\">sales@xinxiangt.sg-host.com<\/a><\/li><li>Telefon\/whatsapp: +86 189 2843 1537<\/li><\/ul><\/li><li><p><strong>Teknisk support<\/strong>: Beh\u00f6ver du hj\u00e4lp med en Lynnhan-produkt? V\u00e5rt tekniska supportteam \u00e4r h\u00e4r f\u00f6r att hj\u00e4lpa dig med eventuella problem eller fr\u00e5gor.<\/p><ul><li>Bes\u00f6k v\u00e5r <a href=\"https:\/\/chat.openai.com\/c\/3bcef6d8-79e0-448b-b325-64390622e650#\" target=\"_new\">Teknisk support-sida<\/a> f\u00f6r resurser eller kontakta oss direkt.<\/li><li>E-post: <a target=\"_new\">support@xinxiangt.sg-host.com<\/a><\/li><\/ul><\/li><li><p><strong>Allm\u00e4nna f\u00f6rfr\u00e5gningar<\/strong>: F\u00f6r alla andra fr\u00e5gor eller feedback, v\u00e4nligen anv\u00e4nd f\u00f6ljande kontakter.<\/p><ul><li>E-post: contact<a target=\"_new\">@xinxiangt.sg-host.com<\/a><\/li><\/ul><\/li><\/ul><p><strong>Kontors\u00f6ppettider<\/strong><br \/>V\u00e5rt team \u00e4r tillg\u00e4ngligt f\u00f6r att hj\u00e4lpa dig under f\u00f6ljande tider:<br \/>M\u00e5ndag \u2013 fredag: 9:00 AM \u2013 5:00 PM (UST+8)<\/p><p><strong>F\u00f6lj oss<\/strong><br \/>H\u00e5ll dig uppdaterad med Lynnhan och bli den f\u00f6rsta att f\u00e5 reda p\u00e5 v\u00e5ra senaste produkter, uppdateringar och evenemang genom att f\u00f6lja oss p\u00e5 v\u00e5ra sociala mediekanaler:<\/p><ul><li>LinkedIn: <a href=\"https:\/\/www.linkedin.com\/in\/chris-tang-standbyme-tv-manufacturer\/\">https:\/\/www.linkedin.com\/in\/chris-tang-standbyme-tv-manufacturer\/<\/a><\/li><li>Twitter: [Infoga Twitter-URL]<\/li><li>Facebook:<a href=\"https:\/\/www.facebook.com\/profile.php?id=61557528243130\">https:\/\/www.facebook.com\/profile.php?id=61557528243130<\/a><\/li><\/ul><p><strong>Bes\u00f6k oss<\/strong><br \/>V\u00e5ra huvudkontor ligger i Shenzhen City, Guangdong Province, Kina.<br \/>K\u00e4nner du dig v\u00e4lkommen att boka en bes\u00f6k f\u00f6r att diskutera dina behov personligen. V\u00e4nligen kontakta oss f\u00f6r att boka ett m\u00f6te.<\/p><p><strong>Skicka oss ett meddelande<\/strong><br \/>F\u00f6r att underl\u00e4tta f\u00f6r dig kan du ocks\u00e5 anv\u00e4nda formul\u00e4ret nedan f\u00f6r att skicka oss ett meddelande direkt. V\u00e5rt team kommer att svara p\u00e5 din f\u00f6rfr\u00e5gan s\u00e5 snart som m\u00f6jligt.<\/p><p>[<a href=\"https:\/\/xinxiangt.sg-host.com\/contact-us-form\/\"><em><strong>Kontaktformul\u00e4r<\/strong><\/em><\/a>]<\/p><p>Hos Lynnhan \u00e4r vi engagerade i att erbjuda utm\u00e4rkt service och avancerade l\u00f6sningar. Kontakta oss idag f\u00f6r att se hur vi kan hj\u00e4lpa ditt f\u00f6retag att blomstra med kraften fr\u00e5n smart teknik.<\/p>\t\t\t\t\t\t\t\t<\/div>\n\t\t\t\t<\/div>\n\t\t\t\t\t<\/div>\n\t\t\t\t<\/div>\n\t\t\t\t<\/div>","protected":false},"excerpt":{"rendered":"<p>Connect with Lynnhan: Your Partner in Smart Technology Solutions At Lynnhan, we\u2019re dedicated to providing our clients with innovative smart technology solutions tailored to their unique business needs. Whether you\u2019re [\u2026]<\/p>","protected":false},"author":1,"featured_media":0,"parent":0,"menu_order":0,"comment_status":"closed","ping_status":"closed","template":"","meta":{"footnotes":""},"class_list":["post-483","page","type-page","status-publish","hentry"],"yoast_head":"<!-- This site is optimized with the Yoast SEO plugin v26.6 - https:\/\/yoast.com\/wordpress\/plugins\/seo\/ -->\n<title>Quick Contact Form Guide-Lynnhan smart boards manufacturer<\/title>\n<meta name=\"description\" content=\"Need immediate Lynnhan smart boards manufacturer support or have a question? Our contact form ensures you&#039;re heard. Reach out today!\" \/>\n<meta name=\"robots\" content=\"index, follow, max-snippet:-1, max-image-preview:large, max-video-preview:-1\" \/>\n<link rel=\"canonical\" href=\"https:\/\/lynnhan.com\/sv\/kontakta-oss-info\/\" \/>\n<meta property=\"og:locale\" content=\"sv_SE\" \/>\n<meta property=\"og:type\" content=\"article\" \/>\n<meta property=\"og:title\" content=\"Quick Contact Form Guide-Lynnhan smart boards manufacturer\" \/>\n<meta property=\"og:description\" content=\"Need immediate Lynnhan smart boards manufacturer support or have a question? Our contact form ensures you&#039;re heard. Reach out today!\" \/>\n<meta property=\"og:url\" content=\"https:\/\/lynnhan.com\/sv\/kontakta-oss-info\/\" \/>\n<meta property=\"og:site_name\" content=\"Lynnhan - Trusted Supplier | LED\/OLED\/LCD\/E-paper digital signages\" \/>\n<meta property=\"article:modified_time\" content=\"2024-12-18T14:05:52+00:00\" \/>\n<meta property=\"og:image\" content=\"https:\/\/pub-78925c7bf9ca4c6d820df8293a5c116c.r2.dev\/2024\/12\/contact-us-info.webp\" \/>\n<meta name=\"twitter:card\" content=\"summary_large_image\" \/>\n<meta name=\"twitter:label1\" content=\"Ber\u00e4knad l\u00e4stid\" \/>\n\t<meta name=\"twitter:data1\" content=\"2 minuter\" \/>\n<script type=\"application\/ld+json\" class=\"yoast-schema-graph\">{\"@context\":\"https:\/\/schema.org\",\"@graph\":[{\"@type\":\"WebPage\",\"@id\":\"https:\/\/lynnhan.com\/ar\/%d9%85%d8%b9%d9%84%d9%88%d9%85%d8%a7%d8%aa-%d8%a7%d9%84%d8%a7%d8%aa%d8%b5%d8%a7%d9%84-%d8%a8%d9%86%d8%a7\/\",\"url\":\"https:\/\/lynnhan.com\/ar\/%d9%85%d8%b9%d9%84%d9%88%d9%85%d8%a7%d8%aa-%d8%a7%d9%84%d8%a7%d8%aa%d8%b5%d8%a7%d9%84-%d8%a8%d9%86%d8%a7\/\",\"name\":\"Quick Contact Form Guide-Lynnhan smart boards manufacturer\",\"isPartOf\":{\"@id\":\"https:\/\/lynnhan.com\/km\/#website\"},\"primaryImageOfPage\":{\"@id\":\"https:\/\/lynnhan.com\/ar\/%d9%85%d8%b9%d9%84%d9%88%d9%85%d8%a7%d8%aa-%d8%a7%d9%84%d8%a7%d8%aa%d8%b5%d8%a7%d9%84-%d8%a8%d9%86%d8%a7\/#primaryimage\"},\"image\":{\"@id\":\"https:\/\/lynnhan.com\/ar\/%d9%85%d8%b9%d9%84%d9%88%d9%85%d8%a7%d8%aa-%d8%a7%d9%84%d8%a7%d8%aa%d8%b5%d8%a7%d9%84-%d8%a8%d9%86%d8%a7\/#primaryimage\"},\"thumbnailUrl\":\"https:\/\/pub-78925c7bf9ca4c6d820df8293a5c116c.r2.dev\/2024\/12\/contact-us-info.webp\",\"datePublished\":\"2024-02-26T13:29:25+00:00\",\"dateModified\":\"2024-12-18T14:05:52+00:00\",\"description\":\"Need immediate Lynnhan smart boards manufacturer support or have a question? Our contact form ensures you're heard. Reach out today!\",\"breadcrumb\":{\"@id\":\"https:\/\/lynnhan.com\/ar\/%d9%85%d8%b9%d9%84%d9%88%d9%85%d8%a7%d8%aa-%d8%a7%d9%84%d8%a7%d8%aa%d8%b5%d8%a7%d9%84-%d8%a8%d9%86%d8%a7\/#breadcrumb\"},\"inLanguage\":\"sv-SE\",\"potentialAction\":[{\"@type\":\"ReadAction\",\"target\":[\"https:\/\/lynnhan.com\/ar\/%d9%85%d8%b9%d9%84%d9%88%d9%85%d8%a7%d8%aa-%d8%a7%d9%84%d8%a7%d8%aa%d8%b5%d8%a7%d9%84-%d8%a8%d9%86%d8%a7\/\"]}]},{\"@type\":\"ImageObject\",\"inLanguage\":\"sv-SE\",\"@id\":\"https:\/\/lynnhan.com\/ar\/%d9%85%d8%b9%d9%84%d9%88%d9%85%d8%a7%d8%aa-%d8%a7%d9%84%d8%a7%d8%aa%d8%b5%d8%a7%d9%84-%d8%a8%d9%86%d8%a7\/#primaryimage\",\"url\":\"https:\/\/pub-78925c7bf9ca4c6d820df8293a5c116c.r2.dev\/2024\/12\/contact-us-info.webp\",\"contentUrl\":\"https:\/\/pub-78925c7bf9ca4c6d820df8293a5c116c.r2.dev\/2024\/12\/contact-us-info.webp\"},{\"@type\":\"BreadcrumbList\",\"@id\":\"https:\/\/lynnhan.com\/ar\/%d9%85%d8%b9%d9%84%d9%88%d9%85%d8%a7%d8%aa-%d8%a7%d9%84%d8%a7%d8%aa%d8%b5%d8%a7%d9%84-%d8%a8%d9%86%d8%a7\/#breadcrumb\",\"itemListElement\":[{\"@type\":\"ListItem\",\"position\":1,\"name\":\"Home\",\"item\":\"https:\/\/lynnhan.com\/\"},{\"@type\":\"ListItem\",\"position\":2,\"name\":\"Contact Us Info\"}]},{\"@type\":\"WebSite\",\"@id\":\"https:\/\/lynnhan.com\/km\/#website\",\"url\":\"https:\/\/lynnhan.com\/km\/\",\"name\":\"Lynnhan - Trusted Supplier | LED\/OLED\/LCD\/E-paper digital signages\",\"description\":\"Lynnhan - Trusted Supplier |  LED\/OLED\/LCD\/E-paper digital signages\",\"publisher\":{\"@id\":\"https:\/\/lynnhan.com\/km\/#organization\"},\"potentialAction\":[{\"@type\":\"SearchAction\",\"target\":{\"@type\":\"EntryPoint\",\"urlTemplate\":\"https:\/\/lynnhan.com\/km\/?s={search_term_string}\"},\"query-input\":{\"@type\":\"PropertyValueSpecification\",\"valueRequired\":true,\"valueName\":\"search_term_string\"}}],\"inLanguage\":\"sv-SE\"},{\"@type\":\"Organization\",\"@id\":\"https:\/\/lynnhan.com\/km\/#organization\",\"name\":\"Lynnhan - Trusted Supplier | LED\/OLED\/LCD\/E-paper digital signages\",\"url\":\"https:\/\/lynnhan.com\/km\/\",\"logo\":{\"@type\":\"ImageObject\",\"inLanguage\":\"sv-SE\",\"@id\":\"https:\/\/lynnhan.com\/km\/#\/schema\/logo\/image\/\",\"url\":\"https:\/\/pub-78925c7bf9ca4c6d820df8293a5c116c.r2.dev\/2024\/07\/LynnHan-logo3.png\",\"contentUrl\":\"https:\/\/pub-78925c7bf9ca4c6d820df8293a5c116c.r2.dev\/2024\/07\/LynnHan-logo3.png\",\"width\":390,\"height\":130,\"caption\":\"Lynnhan - Trusted Supplier | LED\/OLED\/LCD\/E-paper digital signages\"},\"image\":{\"@id\":\"https:\/\/lynnhan.com\/km\/#\/schema\/logo\/image\/\"}}]}<\/script>\n<!-- \/ Yoast SEO plugin. -->","yoast_head_json":{"title":"Snabb kontaktformul\u00e4r-guide-Lynnhan smarta sk\u00e4rmar tillverkare","description":"Beh\u00f6ver du omedelbar support fr\u00e5n Lynnhan smarta sk\u00e4rmarstillverkare eller har du en fr\u00e5ga? V\u00e5rt kontaktformul\u00e4r s\u00e4kerst\u00e4ller att du h\u00f6rs. Kontakta oss idag!","robots":{"index":"index","follow":"follow","max-snippet":"max-snippet:-1","max-image-preview":"max-image-preview:large","max-video-preview":"max-video-preview:-1"},"canonical":"https:\/\/lynnhan.com\/sv\/kontakta-oss-info\/","og_locale":"sv_SE","og_type":"article","og_title":"Quick Contact Form Guide-Lynnhan smart boards manufacturer","og_description":"Need immediate Lynnhan smart boards manufacturer support or have a question? Our contact form ensures you're heard. Reach out today!","og_url":"https:\/\/lynnhan.com\/sv\/kontakta-oss-info\/","og_site_name":"Lynnhan - Trusted Supplier | LED\/OLED\/LCD\/E-paper digital signages","article_modified_time":"2024-12-18T14:05:52+00:00","og_image":[{"url":"https:\/\/pub-78925c7bf9ca4c6d820df8293a5c116c.r2.dev\/2024\/12\/contact-us-info.webp","type":"","width":"","height":""}],"twitter_card":"summary_large_image","twitter_misc":{"Ber\u00e4knad l\u00e4stid":"2 minuter"},"schema":{"@context":"https:\/\/schema.org","@graph":[{"@type":"WebPage","@id":"https:\/\/lynnhan.com\/ar\/%d9%85%d8%b9%d9%84%d9%88%d9%85%d8%a7%d8%aa-%d8%a7%d9%84%d8%a7%d8%aa%d8%b5%d8%a7%d9%84-%d8%a8%d9%86%d8%a7\/","url":"https:\/\/lynnhan.com\/ar\/%d9%85%d8%b9%d9%84%d9%88%d9%85%d8%a7%d8%aa-%d8%a7%d9%84%d8%a7%d8%aa%d8%b5%d8%a7%d9%84-%d8%a8%d9%86%d8%a7\/","name":"Snabb kontaktformul\u00e4r-guide-Lynnhan smarta sk\u00e4rmar tillverkare","isPartOf":{"@id":"https:\/\/lynnhan.com\/km\/#website"},"primaryImageOfPage":{"@id":"https:\/\/lynnhan.com\/ar\/%d9%85%d8%b9%d9%84%d9%88%d9%85%d8%a7%d8%aa-%d8%a7%d9%84%d8%a7%d8%aa%d8%b5%d8%a7%d9%84-%d8%a8%d9%86%d8%a7\/#primaryimage"},"image":{"@id":"https:\/\/lynnhan.com\/ar\/%d9%85%d8%b9%d9%84%d9%88%d9%85%d8%a7%d8%aa-%d8%a7%d9%84%d8%a7%d8%aa%d8%b5%d8%a7%d9%84-%d8%a8%d9%86%d8%a7\/#primaryimage"},"thumbnailUrl":"https:\/\/pub-78925c7bf9ca4c6d820df8293a5c116c.r2.dev\/2024\/12\/contact-us-info.webp","datePublished":"2024-02-26T13:29:25+00:00","dateModified":"2024-12-18T14:05:52+00:00","description":"Beh\u00f6ver du omedelbar support fr\u00e5n Lynnhan smarta sk\u00e4rmarstillverkare eller har du en fr\u00e5ga? V\u00e5rt kontaktformul\u00e4r s\u00e4kerst\u00e4ller att du h\u00f6rs. Kontakta oss idag!","breadcrumb":{"@id":"https:\/\/lynnhan.com\/ar\/%d9%85%d8%b9%d9%84%d9%88%d9%85%d8%a7%d8%aa-%d8%a7%d9%84%d8%a7%d8%aa%d8%b5%d8%a7%d9%84-%d8%a8%d9%86%d8%a7\/#breadcrumb"},"inLanguage":"sv-SE","potentialAction":[{"@type":"ReadAction","target":["https:\/\/lynnhan.com\/ar\/%d9%85%d8%b9%d9%84%d9%88%d9%85%d8%a7%d8%aa-%d8%a7%d9%84%d8%a7%d8%aa%d8%b5%d8%a7%d9%84-%d8%a8%d9%86%d8%a7\/"]}]},{"@type":"ImageObject","inLanguage":"sv-SE","@id":"https:\/\/lynnhan.com\/ar\/%d9%85%d8%b9%d9%84%d9%88%d9%85%d8%a7%d8%aa-%d8%a7%d9%84%d8%a7%d8%aa%d8%b5%d8%a7%d9%84-%d8%a8%d9%86%d8%a7\/#primaryimage","url":"https:\/\/pub-78925c7bf9ca4c6d820df8293a5c116c.r2.dev\/2024\/12\/contact-us-info.webp","contentUrl":"https:\/\/pub-78925c7bf9ca4c6d820df8293a5c116c.r2.dev\/2024\/12\/contact-us-info.webp"},{"@type":"BreadcrumbList","@id":"https:\/\/lynnhan.com\/ar\/%d9%85%d8%b9%d9%84%d9%88%d9%85%d8%a7%d8%aa-%d8%a7%d9%84%d8%a7%d8%aa%d8%b5%d8%a7%d9%84-%d8%a8%d9%86%d8%a7\/#breadcrumb","itemListElement":[{"@type":"ListItem","position":1,"name":"Home","item":"https:\/\/lynnhan.com\/"},{"@type":"ListItem","position":2,"name":"Contact Us Info"}]},{"@type":"WebSite","@id":"https:\/\/lynnhan.com\/km\/#website","url":"https:\/\/lynnhan.com\/km\/","name":"Lynnhan - p\u00e5litlig leverant\u00f6r | LED\/OLED\/LCD\/E-paper digitala skyltar","description":"Lynnhan - p\u00e5litlig leverant\u00f6r | LED\/OLED\/LCD\/E-paper digitala skyltar","publisher":{"@id":"https:\/\/lynnhan.com\/km\/#organization"},"potentialAction":[{"@type":"SearchAction","target":{"@type":"EntryPoint","urlTemplate":"https:\/\/lynnhan.com\/km\/?s={search_term_string}"},"query-input":{"@type":"PropertyValueSpecification","valueRequired":true,"valueName":"search_term_string"}}],"inLanguage":"sv-SE"},{"@type":"Organization","@id":"https:\/\/lynnhan.com\/km\/#organization","name":"Lynnhan - p\u00e5litlig leverant\u00f6r | LED\/OLED\/LCD\/E-paper digitala skyltar","url":"https:\/\/lynnhan.com\/km\/","logo":{"@type":"ImageObject","inLanguage":"sv-SE","@id":"https:\/\/lynnhan.com\/km\/#\/schema\/logo\/image\/","url":"https:\/\/pub-78925c7bf9ca4c6d820df8293a5c116c.r2.dev\/2024\/07\/LynnHan-logo3.png","contentUrl":"https:\/\/pub-78925c7bf9ca4c6d820df8293a5c116c.r2.dev\/2024\/07\/LynnHan-logo3.png","width":390,"height":130,"caption":"Lynnhan - Trusted Supplier | LED\/OLED\/LCD\/E-paper digital signages"},"image":{"@id":"https:\/\/lynnhan.com\/km\/#\/schema\/logo\/image\/"}}]}},"jetpack_sharing_enabled":true,"_links":{"self":[{"href":"https:\/\/lynnhan.com\/sv\/wp-json\/wp\/v2\/pages\/483","targetHints":{"allow":["GET"]}}],"collection":[{"href":"https:\/\/lynnhan.com\/sv\/wp-json\/wp\/v2\/pages"}],"about":[{"href":"https:\/\/lynnhan.com\/sv\/wp-json\/wp\/v2\/types\/page"}],"author":[{"embeddable":true,"href":"https:\/\/lynnhan.com\/sv\/wp-json\/wp\/v2\/users\/1"}],"replies":[{"embeddable":true,"href":"https:\/\/lynnhan.com\/sv\/wp-json\/wp\/v2\/comments?post=483"}],"version-history":[{"count":0,"href":"https:\/\/lynnhan.com\/sv\/wp-json\/wp\/v2\/pages\/483\/revisions"}],"wp:attachment":[{"href":"https:\/\/lynnhan.com\/sv\/wp-json\/wp\/v2\/media?parent=483"}],"curies":[{"name":"wp","href":"https:\/\/api.w.org\/{rel}","templated":true}]}}