{"id":601,"date":"2024-02-28T03:19:26","date_gmt":"2024-02-28T03:19:26","guid":{"rendered":"https:\/\/lynnhan.com\/?page_id=601"},"modified":"2024-12-18T10:32:06","modified_gmt":"2024-12-18T10:32:06","slug":"kod-i-veprimtar","status":"publish","type":"page","link":"https:\/\/lynnhan.com\/sq\/kod-i-veprimtar\/","title":{"rendered":"Kode i Komportimit"},"content":{"rendered":"<div data-elementor-type=\"wp-page\" data-elementor-id=\"601\" class=\"elementor elementor-601\" data-elementor-post-type=\"page\">\n\t\t\t\t<div class=\"elementor-element elementor-element-1f21eb2 e-flex e-con-boxed e-con e-parent\" data-id=\"1f21eb2\" data-element_type=\"container\">\n\t\t\t\t\t<div class=\"e-con-inner\">\n\t\t\t\t<div class=\"elementor-element elementor-element-bfcddf0 elementor-widget elementor-widget-image\" data-id=\"bfcddf0\" data-element_type=\"widget\" data-widget_type=\"image.default\">\n\t\t\t\t<div class=\"elementor-widget-container\">\n\t\t\t\t\t\t\t\t\t\t\t\t\t\t\t<img fetchpriority=\"high\" decoding=\"async\" width=\"1536\" height=\"768\" src=\"https:\/\/pub-78925c7bf9ca4c6d820df8293a5c116c.r2.dev\/2024\/12\/Code-Of-Conduct.webp\" class=\"attachment-full size-full wp-image-3311\" alt=\"Kode i Komportimit i P\u00ebrgjithsh\u00ebm i Pajtuesve t\u00eb LED\" srcset=\"https:\/\/pub-78925c7bf9ca4c6d820df8293a5c116c.r2.dev\/2024\/12\/Code-Of-Conduct.webp 1536w, https:\/\/pub-78925c7bf9ca4c6d820df8293a5c116c.r2.dev\/2024\/12\/Code-Of-Conduct-700x350.webp 700w, https:\/\/pub-78925c7bf9ca4c6d820df8293a5c116c.r2.dev\/2024\/12\/Code-Of-Conduct-1024x512.webp 1024w, https:\/\/pub-78925c7bf9ca4c6d820df8293a5c116c.r2.dev\/2024\/12\/Code-Of-Conduct-768x384.webp 768w, https:\/\/pub-78925c7bf9ca4c6d820df8293a5c116c.r2.dev\/2024\/12\/Code-Of-Conduct-18x9.webp 18w, https:\/\/pub-78925c7bf9ca4c6d820df8293a5c116c.r2.dev\/2024\/12\/Code-Of-Conduct-1140x570.webp 1140w, https:\/\/pub-78925c7bf9ca4c6d820df8293a5c116c.r2.dev\/2024\/12\/Code-Of-Conduct-920x460.webp 920w, https:\/\/pub-78925c7bf9ca4c6d820df8293a5c116c.r2.dev\/2024\/12\/Code-Of-Conduct-575x288.webp 575w, https:\/\/pub-78925c7bf9ca4c6d820df8293a5c116c.r2.dev\/2024\/12\/Code-Of-Conduct-380x190.webp 380w, https:\/\/pub-78925c7bf9ca4c6d820df8293a5c116c.r2.dev\/2024\/12\/Code-Of-Conduct-1320x660.webp 1320w, https:\/\/pub-78925c7bf9ca4c6d820df8293a5c116c.r2.dev\/2024\/12\/Code-Of-Conduct-800x400.webp 800w\" sizes=\"(max-width: 1536px) 100vw, 1536px\" \/>\t\t\t\t\t\t\t\t\t\t\t\t\t\t\t<\/div>\n\t\t\t\t<\/div>\n\t\t\t\t\t<\/div>\n\t\t\t\t<\/div>\n\t\t<div class=\"elementor-element elementor-element-7b6aef8e e-flex e-con-boxed e-con e-parent\" data-id=\"7b6aef8e\" data-element_type=\"container\">\n\t\t\t\t\t<div class=\"e-con-inner\">\n\t\t\t\t<div class=\"elementor-element elementor-element-620072c1 elementor-widget elementor-widget-text-editor\" data-id=\"620072c1\" data-element_type=\"widget\" data-widget_type=\"text-editor.default\">\n\t\t\t\t<div class=\"elementor-widget-container\">\n\t\t\t\t\t\t\t\t\t\n<p><strong>2. Hyrja<\/strong><\/p>\n\n\n\n<p>1. N\u00eb Lynnhan, ne jemi i p\u00ebrkushtuar p\u00ebr kryerjen e biznises son\u00eb me standarde t\u00eb larta t\u00eb integritetit e profesionizmit. Ky Kod i Veprimtaris\u00eb \u00ebsht\u00eb nj\u00eb udh\u00ebzues p\u00ebr pun\u00ebtor\u00ebt, partner\u00ebt e affiliate, duke p\u00ebrcaktuar principet dhe standartet q\u00eb definojn\u00eb veprimtarin\u00eb dhe proceset e vendosjes s\u00eb vendimeve t\u00eb kompanis\u00eb.<\/p>\n\n\n\n<p><strong>2. P\u00ebrkushtimi i Nesh\u00ebs p\u00ebr Integritet<\/strong><\/p>\n\n\n\n<ul class=\"wp-block-list\">\n<li><strong>3. Praktika Biznesore Etike<\/strong>4. : Ne jemi i p\u00ebrkushtuar p\u00ebr kryerjen e biznises etik dhe me integritet, respektuar t\u00eb gjitha ligjet, rregullimet dhe standartet q\u00eb zbatohen.<\/li>\n\n\n\n<li><strong>Transparenca<\/strong>5. : Ne zhvillonim nj\u00eb ambient t\u00eb hap\u00ebsishm\u00ebris\u00eb dhe transparenc\u00ebs n\u00eb t\u00eb gjitha veprimtarit\u00eb e biznesit, siguruar q\u00eb p\u00ebrkushtuesit e nesh\u00ebs jan\u00eb informuar dhe angazhuar n\u00eb proceset e nesh\u00ebs.<\/li>\n<\/ul>\n\n\n\n<p><strong>6. Respekt dhe Fairnes<\/strong><\/p>\n\n\n\n<ul class=\"wp-block-list\">\n<li><strong>7. Diversiteti dhe Inkluzioni<\/strong>8. : Ne vler\u00ebsonim diversitetin dhe jemi e p\u00ebrkushtuar p\u00ebr krijimin e nj\u00eb ambienti t\u00eb p\u00ebrfshir\u00ebs, ku \u00e7do njeri \u00ebsht\u00eb traktuar me respekt dhe shum\u00ebsi.<\/li>\n\n\n\n<li><strong>9. Pun\u00ebrishtje pa Harac<\/strong>10. : Lynnhan \u00ebsht\u00eb e p\u00ebrkushtuar p\u00ebr mbajtjen e nj\u00eb pun\u00ebrishtje pa harac, diskriminim ose \u00e7do form\u00eb abuzimi. T\u00eb gjith\u00eb pun\u00ebtor\u00ebt pranohen t\u00eb kontribuojn\u00eb n\u00eb nj\u00eb ambient pun\u00ebsor pozitiv dhe respektues.<\/li>\n<\/ul>\n\n\n\n<p><strong>11. P\u00ebrgjegj\u00ebsia dhe R\u00ebnd\u00ebsia<\/strong><\/p>\n\n\n\n<ul class=\"wp-block-list\">\n<li><strong>12. Konformiteti<\/strong>13. : T\u00eb gjith\u00eb pun\u00ebtor\u00ebt dhe partner\u00ebt duhet t\u00eb respektojn\u00eb k\u00ebt\u00eb Kod t\u00eb Veprimtaris\u00eb, politikat e kompanis\u00eb dhe t\u00eb gjitha ligjet dhe rregullimet q\u00eb zbatohen.<\/li>\n\n\n\n<li><strong>14. Raportimi i Violacioneve<\/strong>15. : Ne urdh\u00ebrujm\u00eb raportimin e \u00e7do p\u00ebrb\u00ebrje etike ose vijuese t\u00eb k\u00ebt\u00eb Kod t\u00eb Veprimtaris\u00eb. Lynnhan siguron q\u00eb nuk do t\u00eb ket\u00eb asnj\u00eb r\u00ebshirje ndaj individ\u00ebve q\u00eb raporton\u00eb vijuese me mendjen e mir\u00eb.<\/li>\n<\/ul>\n\n\n\n<p><strong>16. Konfidencialiteti dhe Privat\u00ebsia<\/strong><\/p>\n\n\n\n<ul class=\"wp-block-list\">\n<li><strong>17. Mbrojtja e Informacionit<\/strong>18. : Ne jemi e p\u00ebrkushtuar p\u00ebr mbrojtjen e konfidencialitetit dhe privat\u00ebsies s\u00eb klient\u00ebve, pun\u00ebtor\u00ebve dhe partner\u00ebve. Informacioni duhet t\u00eb jet\u00eb i trajtuar me shum\u00eb kujdes dhe siguri.<\/li>\n\n\n\n<li><strong>19. Pron\u00ebria Intelektuale<\/strong>20. : Ne respektojm\u00eb t\u00eb drejtat e pron\u00ebsis\u00eb intelektuale dhe pranohet q\u00eb pun\u00ebtor\u00ebt dhe partner\u00ebt t\u00eb b\u00ebjn\u00eb k\u00ebt\u00eb gjithashtu.<\/li>\n<\/ul>\n\n\n\n<p><strong>21. Konflikti i Interesit<\/strong><\/p>\n\n\n\n<ul class=\"wp-block-list\">\n<li><strong>22. Paralajm\u00ebrimi i Konfliktit<\/strong>23. : Pun\u00ebtor\u00ebt dhe partner\u00ebt duhet t\u00eb paralajm\u00ebrojn\u00eb \u00e7do interes personal, financiar ose tjet\u00ebr q\u00eb mund t\u00eb kufizoj\u00eb kapacitetin ose gjuh\u00ebt\u00ebsine e tyre p\u00ebr t\u00eb kryer detyrat e tyre me imparcialitet.<\/li>\n\n\n\n<li><strong>24. Shpallja<\/strong>25. : \u00c7do konflikt i mundsh\u00ebm i interesit duhet t\u00eb shpallet drejtp\u00ebrdrejt menaxhimit p\u00ebr v\u00ebrtetim dhe udh\u00ebzim.<\/li>\n<\/ul>\n\n\n\n<p><strong>26. P\u00ebrgjegj\u00ebsia Ekologjike<\/strong><\/p>\n\n\n\n<ul class=\"wp-block-list\">\n<li><strong>P\u00ebrgjegj\u00ebsia p\u00ebr Q\u00ebndrueshm\u00ebri<\/strong>27. : Lynnhan \u00ebsht\u00eb e p\u00ebrkushtuar p\u00ebr q\u00ebndrueshm\u00ebri dhe mbik\u00ebqyrjen ekologjike. Ne p\u00ebrpiqemi t\u00eb minimizojm\u00eb ndikimin e ekologjik t\u00eb nesh\u00ebs dhe t\u00eb promovoj<\/li>\n<\/ul>\n\n\n\n<p><strong>Community Engagement<\/strong><\/p>\n\n\n\n<ul class=\"wp-block-list\">\n<li><strong>Giving Back<\/strong>: We believe in giving back to the communities where we operate, fostering a spirit of service and volunteerism among our employees and partners.<\/li>\n<\/ul>\n\n\n\n<p><strong>Ekzekutimi dhe zbatimimi<\/strong><\/p>\n\n\n\n<ul class=\"wp-block-list\">\n<li><strong>Trening<\/strong>: T\u00eb gjitha pun\u00ebtor\u00ebt do t\u00eb marrin trening mbi Koden e Komportimit p\u00ebr t'u siguruar q\u00eb kan\u00eb kuptuar dhe mund ta mbajn\u00eb efikasht k\u00ebto principet.<\/li>\n\n\n\n<li><strong>Zbatimimi<\/strong>: Veprimet e pa zbatueshme t\u00eb Kodes s\u00eb Komportimit do t\u00eb traktohen shum\u00eb rresh\u00ebt dhe mund t\u00eb rezultojn\u00eb veprime disiplinore, duke p\u00ebrfshir\u00eb p\u00ebrmbylljen e pun\u00ebs ose marr\u00ebveshjeve biznesore.<\/li>\n<\/ul>\n\n\n\n<p><strong>P\u00ebrfundim<\/strong><\/p>\n\n\n\n<p>Ky Kode i Komportimit \u00ebsht\u00eb qendror n\u00eb misjonin e Lyonhan. duke i p\u00ebrkrahur k\u00ebto principet, mir\u00ebmbajn\u00eb reputacionin e integritetit, kontribuojn\u00eb n\u00eb kultur\u00ebn pun\u00ebtore pozitive, dhe nd\u00ebrtojn\u00eb besim me klient\u00ebt, partner\u00ebt, dhe komunitetin. Bashk\u00eb, mund t\u00eb sigurojm\u00eb q\u00eb Lyonhan vazhdoj\u00eb t\u00eb jet\u00eb nj\u00eb vend ku shk\u00eblqen\u00eb ekspertiza, respekti, dhe integriteti.<\/p>\n\t\t\t\t\t\t\t\t<\/div>\n\t\t\t\t<\/div>\n\t\t\t\t\t<\/div>\n\t\t\t\t<\/div>\n\t\t\t\t<\/div>","protected":false},"excerpt":{"rendered":"<p>Introduction At Lynnhan, we are committed to conducting our business according to the highest standards of integrity and professionalism. This Code of Conduct serves as a guide for our employees, [\u2026]<\/p>","protected":false},"author":1,"featured_media":0,"parent":0,"menu_order":0,"comment_status":"closed","ping_status":"closed","template":"","meta":{"footnotes":""},"class_list":["post-601","page","type-page","status-publish","hentry"],"yoast_head":"<!-- This site is optimized with the Yoast SEO plugin v26.6 - https:\/\/yoast.com\/wordpress\/plugins\/seo\/ -->\n<title>Code of Conduct-Lynnhan smart display factory<\/title>\n<meta name=\"description\" content=\"Lynnhan smart display factory&#039;s commits to ethics and integrity. Our code of conduct ensures a respectful and inclusive culture for all.\" \/>\n<meta name=\"robots\" content=\"index, follow, max-snippet:-1, max-image-preview:large, max-video-preview:-1\" \/>\n<link rel=\"canonical\" href=\"https:\/\/lynnhan.com\/sq\/kod-i-veprimtar\/\" \/>\n<meta property=\"og:locale\" content=\"sq_AL\" \/>\n<meta property=\"og:type\" content=\"article\" \/>\n<meta property=\"og:title\" content=\"Code of Conduct-Lynnhan smart display factory\" \/>\n<meta property=\"og:description\" content=\"Lynnhan smart display factory&#039;s commits to ethics and integrity. Our code of conduct ensures a respectful and inclusive culture for all.\" \/>\n<meta property=\"og:url\" content=\"https:\/\/lynnhan.com\/sq\/kod-i-veprimtar\/\" \/>\n<meta property=\"og:site_name\" content=\"Lynnhan - Trusted Supplier | LED\/OLED\/LCD\/E-paper digital signages\" \/>\n<meta property=\"article:modified_time\" content=\"2024-12-18T10:32:06+00:00\" \/>\n<meta property=\"og:image\" content=\"https:\/\/pub-78925c7bf9ca4c6d820df8293a5c116c.r2.dev\/2024\/12\/Code-Of-Conduct.webp\" \/>\n<meta name=\"twitter:card\" content=\"summary_large_image\" \/>\n<meta name=\"twitter:label1\" content=\"Est. reading time\" \/>\n\t<meta name=\"twitter:data1\" content=\"3 minuta\" \/>\n<script type=\"application\/ld+json\" class=\"yoast-schema-graph\">{\"@context\":\"https:\/\/schema.org\",\"@graph\":[{\"@type\":\"WebPage\",\"@id\":\"https:\/\/lynnhan.com\/ja\/%e8%a1%8c%e5%8b%95%e8%a6%8f%e7%af%84\/\",\"url\":\"https:\/\/lynnhan.com\/ja\/%e8%a1%8c%e5%8b%95%e8%a6%8f%e7%af%84\/\",\"name\":\"Code of Conduct-Lynnhan smart display factory\",\"isPartOf\":{\"@id\":\"https:\/\/lynnhan.com\/km\/#website\"},\"primaryImageOfPage\":{\"@id\":\"https:\/\/lynnhan.com\/ja\/%e8%a1%8c%e5%8b%95%e8%a6%8f%e7%af%84\/#primaryimage\"},\"image\":{\"@id\":\"https:\/\/lynnhan.com\/ja\/%e8%a1%8c%e5%8b%95%e8%a6%8f%e7%af%84\/#primaryimage\"},\"thumbnailUrl\":\"https:\/\/pub-78925c7bf9ca4c6d820df8293a5c116c.r2.dev\/2024\/12\/Code-Of-Conduct.webp\",\"datePublished\":\"2024-02-28T03:19:26+00:00\",\"dateModified\":\"2024-12-18T10:32:06+00:00\",\"description\":\"Lynnhan smart display factory's commits to ethics and integrity. Our code of conduct ensures a respectful and inclusive culture for all.\",\"breadcrumb\":{\"@id\":\"https:\/\/lynnhan.com\/ja\/%e8%a1%8c%e5%8b%95%e8%a6%8f%e7%af%84\/#breadcrumb\"},\"inLanguage\":\"sq\",\"potentialAction\":[{\"@type\":\"ReadAction\",\"target\":[\"https:\/\/lynnhan.com\/ja\/%e8%a1%8c%e5%8b%95%e8%a6%8f%e7%af%84\/\"]}]},{\"@type\":\"ImageObject\",\"inLanguage\":\"sq\",\"@id\":\"https:\/\/lynnhan.com\/ja\/%e8%a1%8c%e5%8b%95%e8%a6%8f%e7%af%84\/#primaryimage\",\"url\":\"https:\/\/pub-78925c7bf9ca4c6d820df8293a5c116c.r2.dev\/2024\/12\/Code-Of-Conduct.webp\",\"contentUrl\":\"https:\/\/pub-78925c7bf9ca4c6d820df8293a5c116c.r2.dev\/2024\/12\/Code-Of-Conduct.webp\"},{\"@type\":\"BreadcrumbList\",\"@id\":\"https:\/\/lynnhan.com\/ja\/%e8%a1%8c%e5%8b%95%e8%a6%8f%e7%af%84\/#breadcrumb\",\"itemListElement\":[{\"@type\":\"ListItem\",\"position\":1,\"name\":\"Home\",\"item\":\"https:\/\/lynnhan.com\/\"},{\"@type\":\"ListItem\",\"position\":2,\"name\":\"Code Of Conduct\"}]},{\"@type\":\"WebSite\",\"@id\":\"https:\/\/lynnhan.com\/km\/#website\",\"url\":\"https:\/\/lynnhan.com\/km\/\",\"name\":\"Lynnhan - Trusted Supplier | LED\/OLED\/LCD\/E-paper digital signages\",\"description\":\"Lynnhan - Trusted Supplier |  LED\/OLED\/LCD\/E-paper digital signages\",\"publisher\":{\"@id\":\"https:\/\/lynnhan.com\/km\/#organization\"},\"potentialAction\":[{\"@type\":\"SearchAction\",\"target\":{\"@type\":\"EntryPoint\",\"urlTemplate\":\"https:\/\/lynnhan.com\/km\/?s={search_term_string}\"},\"query-input\":{\"@type\":\"PropertyValueSpecification\",\"valueRequired\":true,\"valueName\":\"search_term_string\"}}],\"inLanguage\":\"sq\"},{\"@type\":\"Organization\",\"@id\":\"https:\/\/lynnhan.com\/km\/#organization\",\"name\":\"Lynnhan - Trusted Supplier | LED\/OLED\/LCD\/E-paper digital signages\",\"url\":\"https:\/\/lynnhan.com\/km\/\",\"logo\":{\"@type\":\"ImageObject\",\"inLanguage\":\"sq\",\"@id\":\"https:\/\/lynnhan.com\/km\/#\/schema\/logo\/image\/\",\"url\":\"https:\/\/pub-78925c7bf9ca4c6d820df8293a5c116c.r2.dev\/2024\/07\/LynnHan-logo3.png\",\"contentUrl\":\"https:\/\/pub-78925c7bf9ca4c6d820df8293a5c116c.r2.dev\/2024\/07\/LynnHan-logo3.png\",\"width\":390,\"height\":130,\"caption\":\"Lynnhan - Trusted Supplier | LED\/OLED\/LCD\/E-paper digital signages\"},\"image\":{\"@id\":\"https:\/\/lynnhan.com\/km\/#\/schema\/logo\/image\/\"}}]}<\/script>\n<!-- \/ Yoast SEO plugin. -->","yoast_head_json":{"title":"Kod i Veprimtar-Factory e shikimit smart Lynnhan","description":"Fabrika e ekranit inteligjent t\u00eb Lynnhan ka bindje me etik\u00ebn dhe integritetin. Kodehi i p\u00ebrgjithsh\u00ebm i behaviorit tuj siguron nj\u00eb kultur\u00eb respektuese dhe p\u00ebrfshir\u00ebse p\u00ebr t\u00eb gjith\u00eb.","robots":{"index":"index","follow":"follow","max-snippet":"max-snippet:-1","max-image-preview":"max-image-preview:large","max-video-preview":"max-video-preview:-1"},"canonical":"https:\/\/lynnhan.com\/sq\/kod-i-veprimtar\/","og_locale":"sq_AL","og_type":"article","og_title":"Code of Conduct-Lynnhan smart display factory","og_description":"Lynnhan smart display factory's commits to ethics and integrity. Our code of conduct ensures a respectful and inclusive culture for all.","og_url":"https:\/\/lynnhan.com\/sq\/kod-i-veprimtar\/","og_site_name":"Lynnhan - Trusted Supplier | LED\/OLED\/LCD\/E-paper digital signages","article_modified_time":"2024-12-18T10:32:06+00:00","og_image":[{"url":"https:\/\/pub-78925c7bf9ca4c6d820df8293a5c116c.r2.dev\/2024\/12\/Code-Of-Conduct.webp","type":"","width":"","height":""}],"twitter_card":"summary_large_image","twitter_misc":{"Est. reading time":"3 minuta"},"schema":{"@context":"https:\/\/schema.org","@graph":[{"@type":"WebPage","@id":"https:\/\/lynnhan.com\/ja\/%e8%a1%8c%e5%8b%95%e8%a6%8f%e7%af%84\/","url":"https:\/\/lynnhan.com\/ja\/%e8%a1%8c%e5%8b%95%e8%a6%8f%e7%af%84\/","name":"Kod i Veprimtar-Factory e shikimit smart Lynnhan","isPartOf":{"@id":"https:\/\/lynnhan.com\/km\/#website"},"primaryImageOfPage":{"@id":"https:\/\/lynnhan.com\/ja\/%e8%a1%8c%e5%8b%95%e8%a6%8f%e7%af%84\/#primaryimage"},"image":{"@id":"https:\/\/lynnhan.com\/ja\/%e8%a1%8c%e5%8b%95%e8%a6%8f%e7%af%84\/#primaryimage"},"thumbnailUrl":"https:\/\/pub-78925c7bf9ca4c6d820df8293a5c116c.r2.dev\/2024\/12\/Code-Of-Conduct.webp","datePublished":"2024-02-28T03:19:26+00:00","dateModified":"2024-12-18T10:32:06+00:00","description":"Fabrika e ekranit inteligjent t\u00eb Lynnhan ka bindje me etik\u00ebn dhe integritetin. Kodehi i p\u00ebrgjithsh\u00ebm i behaviorit tuj siguron nj\u00eb kultur\u00eb respektuese dhe p\u00ebrfshir\u00ebse p\u00ebr t\u00eb gjith\u00eb.","breadcrumb":{"@id":"https:\/\/lynnhan.com\/ja\/%e8%a1%8c%e5%8b%95%e8%a6%8f%e7%af%84\/#breadcrumb"},"inLanguage":"sq","potentialAction":[{"@type":"ReadAction","target":["https:\/\/lynnhan.com\/ja\/%e8%a1%8c%e5%8b%95%e8%a6%8f%e7%af%84\/"]}]},{"@type":"ImageObject","inLanguage":"sq","@id":"https:\/\/lynnhan.com\/ja\/%e8%a1%8c%e5%8b%95%e8%a6%8f%e7%af%84\/#primaryimage","url":"https:\/\/pub-78925c7bf9ca4c6d820df8293a5c116c.r2.dev\/2024\/12\/Code-Of-Conduct.webp","contentUrl":"https:\/\/pub-78925c7bf9ca4c6d820df8293a5c116c.r2.dev\/2024\/12\/Code-Of-Conduct.webp"},{"@type":"BreadcrumbList","@id":"https:\/\/lynnhan.com\/ja\/%e8%a1%8c%e5%8b%95%e8%a6%8f%e7%af%84\/#breadcrumb","itemListElement":[{"@type":"ListItem","position":1,"name":"Home","item":"https:\/\/lynnhan.com\/"},{"@type":"ListItem","position":2,"name":"Code Of Conduct"}]},{"@type":"WebSite","@id":"https:\/\/lynnhan.com\/km\/#website","url":"https:\/\/lynnhan.com\/km\/","name":"Lynnhan - Pajtor i Besht\u00ebrit | LED\/OLED\/LCD\/E-paper shenime digital\u00eb","description":"Lynnhan - Pajt\u00eb e besuar |  Sh\u00ebnime digital\u00eb LED\/OLED\/LCD\/E-paper","publisher":{"@id":"https:\/\/lynnhan.com\/km\/#organization"},"potentialAction":[{"@type":"SearchAction","target":{"@type":"EntryPoint","urlTemplate":"https:\/\/lynnhan.com\/km\/?s={search_term_string}"},"query-input":{"@type":"PropertyValueSpecification","valueRequired":true,"valueName":"search_term_string"}}],"inLanguage":"sq"},{"@type":"Organization","@id":"https:\/\/lynnhan.com\/km\/#organization","name":"Lynnhan - Pajtor i Besht\u00ebrit | LED\/OLED\/LCD\/E-paper shenime digital\u00eb","url":"https:\/\/lynnhan.com\/km\/","logo":{"@type":"ImageObject","inLanguage":"sq","@id":"https:\/\/lynnhan.com\/km\/#\/schema\/logo\/image\/","url":"https:\/\/pub-78925c7bf9ca4c6d820df8293a5c116c.r2.dev\/2024\/07\/LynnHan-logo3.png","contentUrl":"https:\/\/pub-78925c7bf9ca4c6d820df8293a5c116c.r2.dev\/2024\/07\/LynnHan-logo3.png","width":390,"height":130,"caption":"Lynnhan - Trusted Supplier | LED\/OLED\/LCD\/E-paper digital signages"},"image":{"@id":"https:\/\/lynnhan.com\/km\/#\/schema\/logo\/image\/"}}]}},"jetpack_sharing_enabled":true,"_links":{"self":[{"href":"https:\/\/lynnhan.com\/sq\/wp-json\/wp\/v2\/pages\/601","targetHints":{"allow":["GET"]}}],"collection":[{"href":"https:\/\/lynnhan.com\/sq\/wp-json\/wp\/v2\/pages"}],"about":[{"href":"https:\/\/lynnhan.com\/sq\/wp-json\/wp\/v2\/types\/page"}],"author":[{"embeddable":true,"href":"https:\/\/lynnhan.com\/sq\/wp-json\/wp\/v2\/users\/1"}],"replies":[{"embeddable":true,"href":"https:\/\/lynnhan.com\/sq\/wp-json\/wp\/v2\/comments?post=601"}],"version-history":[{"count":0,"href":"https:\/\/lynnhan.com\/sq\/wp-json\/wp\/v2\/pages\/601\/revisions"}],"wp:attachment":[{"href":"https:\/\/lynnhan.com\/sq\/wp-json\/wp\/v2\/media?parent=601"}],"curies":[{"name":"wp","href":"https:\/\/api.w.org\/{rel}","templated":true}]}}