{"id":3,"date":"2024-02-24T07:46:55","date_gmt":"2024-02-24T07:46:55","guid":{"rendered":"https:\/\/lynnhan.com\/?page_id=3"},"modified":"2024-12-18T10:36:41","modified_gmt":"2024-12-18T10:36:41","slug":"politika-e-privatesise","status":"publish","type":"page","link":"https:\/\/lynnhan.com\/sq\/politika-e-privatesise\/","title":{"rendered":"Politika Privat\u00ebsis\u00eb"},"content":{"rendered":"<div data-elementor-type=\"wp-page\" data-elementor-id=\"3\" class=\"elementor elementor-3\" data-elementor-post-type=\"page\">\n\t\t\t\t<div class=\"elementor-element elementor-element-e9b38ac e-flex e-con-boxed e-con e-parent\" data-id=\"e9b38ac\" data-element_type=\"container\">\n\t\t\t\t\t<div class=\"e-con-inner\">\n\t\t\t\t<div class=\"elementor-element elementor-element-83498b3 elementor-widget elementor-widget-image\" data-id=\"83498b3\" data-element_type=\"widget\" data-widget_type=\"image.default\">\n\t\t\t\t<div class=\"elementor-widget-container\">\n\t\t\t\t\t\t\t\t\t\t\t\t\t\t\t<img fetchpriority=\"high\" decoding=\"async\" width=\"1456\" height=\"816\" src=\"https:\/\/pub-78925c7bf9ca4c6d820df8293a5c116c.r2.dev\/2024\/12\/Privacy-Policy.webp\" class=\"attachment-full size-full wp-image-3315\" alt=\"Politika Privat\u00ebsie p\u00ebr furnizuesin e LED t\u00eb gjith\u00e7ka n\u00eb nj\u00eb koh\u00eb\" srcset=\"https:\/\/pub-78925c7bf9ca4c6d820df8293a5c116c.r2.dev\/2024\/12\/Privacy-Policy.webp 1456w, https:\/\/pub-78925c7bf9ca4c6d820df8293a5c116c.r2.dev\/2024\/12\/Privacy-Policy-700x392.webp 700w, https:\/\/pub-78925c7bf9ca4c6d820df8293a5c116c.r2.dev\/2024\/12\/Privacy-Policy-1024x574.webp 1024w, https:\/\/pub-78925c7bf9ca4c6d820df8293a5c116c.r2.dev\/2024\/12\/Privacy-Policy-768x430.webp 768w, https:\/\/pub-78925c7bf9ca4c6d820df8293a5c116c.r2.dev\/2024\/12\/Privacy-Policy-18x10.webp 18w, https:\/\/pub-78925c7bf9ca4c6d820df8293a5c116c.r2.dev\/2024\/12\/Privacy-Policy-1140x639.webp 1140w, https:\/\/pub-78925c7bf9ca4c6d820df8293a5c116c.r2.dev\/2024\/12\/Privacy-Policy-920x516.webp 920w, https:\/\/pub-78925c7bf9ca4c6d820df8293a5c116c.r2.dev\/2024\/12\/Privacy-Policy-575x322.webp 575w, https:\/\/pub-78925c7bf9ca4c6d820df8293a5c116c.r2.dev\/2024\/12\/Privacy-Policy-380x213.webp 380w, https:\/\/pub-78925c7bf9ca4c6d820df8293a5c116c.r2.dev\/2024\/12\/Privacy-Policy-1320x740.webp 1320w, https:\/\/pub-78925c7bf9ca4c6d820df8293a5c116c.r2.dev\/2024\/12\/Privacy-Policy-800x448.webp 800w\" sizes=\"(max-width: 1456px) 100vw, 1456px\" \/>\t\t\t\t\t\t\t\t\t\t\t\t\t\t\t<\/div>\n\t\t\t\t<\/div>\n\t\t\t\t\t<\/div>\n\t\t\t\t<\/div>\n\t\t<div class=\"elementor-element elementor-element-f7a3023 e-flex e-con-boxed e-con e-parent\" data-id=\"f7a3023\" data-element_type=\"container\">\n\t\t\t\t\t<div class=\"e-con-inner\">\n\t\t\t\t<div class=\"elementor-element elementor-element-77782203 elementor-widget elementor-widget-text-editor\" data-id=\"77782203\" data-element_type=\"widget\" data-widget_type=\"text-editor.default\">\n\t\t\t\t<div class=\"elementor-widget-container\">\n\t\t\t\t\t\t\t\t\t<h3>1. Politika Privat\u00ebsi p\u00ebr Lynnhan<\/h3>\n<p><strong>2. Data Fillimi: 02\/28\/2024<br \/><\/strong><\/p>\n<p>3. Te Lynnhan, ne jemi t\u00eb angazhuar p\u00ebr t\u00eb mbrojtur privat\u00ebsin\u00eb tuaj. Kjo Politika Privat\u00ebsi sh\u00ebnon tiparet e informacionit personal q\u00eb e kolektom, si e p\u00ebrdorojm\u00eb at\u00eb, dhe m\u00ebsht\u00ebsimet q\u00eb i marrim p\u00ebr t\u00eb siguruar q\u00eb t\u00eb dh\u00ebnat tuaja jan\u00eb t\u00eb mbrojtura. Me p\u00ebrdorimin e sh\u00ebrbimeve dhe produkt\u00ebve tuaj, ju pranoni koleksionin e p\u00ebrdorimit t\u00eb informacionit sipas k\u00ebsaj politik\u00eb.<\/p>\n<p><strong>4. Koleksion i Informacionit dhe P\u00ebrdorimi<\/strong><\/p>\n<ul>\n<li><strong>5. Informacion Personal<\/strong>6. : Ne kolektom informacion personal si emri tuaj, adresa e email, numri i telefonit, dhe adresa e d\u00ebrgimit kur ju regjistroheti te sajtimin ton\u00eb, vendosni nj\u00eb porosje, abononi te nj\u00ebrev\u00ebtjes tone, ose contactoni me na p\u00ebr mb\u00ebshtetje. Ky informacion p\u00ebrdoret p\u00ebr t\u00eb p\u00ebrfunduar transaksionet, t\u00eb d\u00ebrgojm\u00eb produktime dhe sh\u00ebrbime, dhe p\u00ebr t\u00eb komunikuar me ju.<\/li>\n<li><strong>7. t\u00eb dh\u00ebnat e P\u00ebrdorimit<\/strong>8. : Ne mund gjithashtu t\u00eb kolektojm\u00eb informacion mbi m\u00ebnyr\u00ebn se si Sh\u00ebrbimi \u00ebsht\u00eb pranuar dhe p\u00ebrdoret (\u201cT\u00eb dh\u00ebnat e P\u00ebrdorimit\u201d ). T\u00eb dh\u00ebnat e P\u00ebrdorimit mund t\u00eb p\u00ebrfshijn\u00eb detaje si adresa IP e kompjuterit tuaj (p.sh., IP-adresa), lloji i shfletuesit, versioni i shfletuesit, faqet e Sh\u00ebrbimit tone q\u00eb vizitoni, data dhe ora e vizit\u00ebs, koh\u00ebt e kaluara n\u00eb ato faqe, dhe t\u00eb dh\u00ebna diagnostike t\u00eb tjera.<\/li>\n<\/ul>\n<p><strong>9. Cookies dhe T\u00eb dh\u00ebnat e Gjurmimit<\/strong><\/p>\n<p>10. Ne p\u00ebrdorim cookies dhe teknologji t\u00eb ngjashme t\u00eb gjurmimit p\u00ebr t\u00eb gjurmuar aktivitetin n\u00eb Sh\u00ebrbimin ton\u00eb dhe p\u00ebr t\u00eb mbajtur disa informacione. Cookies jan\u00eb skeda me pakic\u00eb t\u00eb dh\u00ebnash q\u00eb mund t\u00eb p\u00ebrfshijn\u00eb nj\u00eb identifikator t\u00eb panjohur anonim. Ju mund t'iu urdh\u00ebrisi shfletuesit tuaj t\u00eb rifuzoj\u00eb t\u00eb gjitha cookies ose t'i sh\u00ebnoni kur nj\u00eb cookie \u00ebsht\u00eb d\u00ebrguar. Por, n\u00ebse nuk pranoni cookies, ju mund t'iu mos jet\u00eb i mundur q\u00eb t'iu p\u00ebrdorni disa pjes\u00eb t\u00eb Sh\u00ebrbimit tone.<\/p>\n<p><strong>11. P\u00ebrdorimi i t\u00eb dh\u00ebnave<\/strong><\/p>\n<p>12. Lynnhan p\u00ebrdor t\u00eb dh\u00ebnat kolektuara p\u00ebr shum\u00eb m\u00ebnyra:<\/p>\n<ul>\n<li>13. P\u00ebr t'of\u00ebruar dhe mbajtur Sh\u00ebrbimin ton\u00eb<\/li>\n<li>14. P\u00ebr t'iu njoftuar p\u00ebr ndryshime n\u00eb Sh\u00ebrbimin ton\u00eb<\/li>\n<li>15. P\u00ebr t'iu lejuar t'iu p\u00ebrdorni pjes\u00ebt interaktive t\u00eb Sh\u00ebrbimit tone kur ju zgjidhni ta b\u00ebni k\u00ebt\u00eb<\/li>\n<li>16. P\u00ebr t'iu ofruar mb\u00ebshtetje klient\u00ebve<\/li>\n<li>17. P\u00ebr t\u00eb mbledhur analiz\u00eb ose informacion t\u00eb v\u00ebrtet\u00eb q\u00eb ne mund t'i p\u00ebrmir\u00ebsojm\u00eb Sh\u00ebrbimin ton\u00eb<\/li>\n<li>18. P\u00ebr t\u00eb monitoruar p\u00ebrdorimin e Sh\u00ebrbimit tone<\/li>\n<li>19. P\u00ebr t\u00eb detektuar, parandaluar, dhe zgjidhur probleme teknike<\/li>\n<\/ul>\n<p><strong>20. Sharing i t\u00eb dh\u00ebnave dhe Shp\u00ebrndarja<\/strong><\/p>\n<p>21. Lynnhan nuk do t'i shp\u00ebrndaje ose t'i shfaq\u00eb informacionin tuaj asaj q\u00eb \u00ebsht\u00eb p\u00ebrmendur te k\u00ebsaj Politike Privat\u00ebsi. N\u00ebse \u00ebsht\u00eb e nevojshme, ne mund t\u00eb shp\u00ebrndajm\u00eb informacionin tuaj me provedor\u00eb t\u00eb tret\u00eb<\/p>\n<p><strong>Data Security<\/strong><\/p>\n<p>The security of your data is important to us, but remember that no method of transmission over the Internet or method of electronic storage is 100% secure. While we strive to use commercially acceptable means to protect your Personal Information, we cannot guarantee its absolute security.<\/p>\n<p><strong>Your Rights<\/strong><\/p>\n<p>You have the right to access, update, or delete the information we have on you. Whenever made possible, you can access, update or request deletion of your Personal Information directly within your account settings section. If you are unable to perform these actions yourself, please contact us to assist you.<\/p>\n<p><strong>Changes to This Privacy Policy<\/strong><\/p>\n<p>We may update our Privacy Policy from time to time. We will notify you of any changes by posting the new Privacy Policy on this page. You are advised to review this Privacy Policy periodically for any changes.<\/p>\n<p><strong>Contact Us<\/strong><\/p>\n<p>If you have any questions about this Privacy Policy, please contact us:<\/p>\n<ul>\n<li>By email: contact@xinxiangt.sg-host.com<\/li>\n<\/ul>\n<p>Privat\u00ebsia juaj \u00ebsht\u00eb e r\u00ebnd\u00ebsishme p\u00ebr Lynnhan, dhe ne jemi t\u00eb p\u00ebrkushtuar p\u00ebr mbrojtjen e informacionit personal q\u00eb ju keni besuar tek nje<\/p>\n\t\t\t\t\t\t\t\t<\/div>\n\t\t\t\t<\/div>\n\t\t\t\t\t<\/div>\n\t\t\t\t<\/div>\n\t\t\t\t<\/div>","protected":false},"excerpt":{"rendered":"<p>Privacy Policy for Lynnhan Effective Date: 02\/28\/2024 At Lynnhan, we are committed to protecting your privacy. This Privacy Policy outlines the types of personal information we collect, how we use [\u2026]<\/p>","protected":false},"author":1,"featured_media":0,"parent":0,"menu_order":0,"comment_status":"closed","ping_status":"open","template":"","meta":{"footnotes":""},"class_list":["post-3","page","type-page","status-publish","hentry"],"yoast_head":"<!-- This site is optimized with the Yoast SEO plugin v26.6 - https:\/\/yoast.com\/wordpress\/plugins\/seo\/ -->\n<title>Safeguard your privacy | Lynnhan Smart Display Manufacturer<\/title>\n<meta name=\"description\" content=\"Safeguard your privacy with LynnHan smart display manufacturer&#039;s policy. We&#039;re committed to protecting your information with care.\" \/>\n<meta name=\"robots\" content=\"index, follow, max-snippet:-1, max-image-preview:large, max-video-preview:-1\" \/>\n<link rel=\"canonical\" href=\"https:\/\/lynnhan.com\/sq\/politika-e-privatesise\/\" \/>\n<meta property=\"og:locale\" content=\"sq_AL\" \/>\n<meta property=\"og:type\" content=\"article\" \/>\n<meta property=\"og:title\" content=\"Safeguard your privacy | Lynnhan Smart Display Manufacturer\" \/>\n<meta property=\"og:description\" content=\"Safeguard your privacy with LynnHan smart display manufacturer&#039;s policy. We&#039;re committed to protecting your information with care.\" \/>\n<meta property=\"og:url\" content=\"https:\/\/lynnhan.com\/sq\/politika-e-privatesise\/\" \/>\n<meta property=\"og:site_name\" content=\"Lynnhan - Trusted Supplier | LED\/OLED\/LCD\/E-paper digital signages\" \/>\n<meta property=\"article:modified_time\" content=\"2024-12-18T10:36:41+00:00\" \/>\n<meta property=\"og:image\" content=\"https:\/\/pub-78925c7bf9ca4c6d820df8293a5c116c.r2.dev\/2024\/12\/Privacy-Policy.webp\" \/>\n<meta name=\"twitter:card\" content=\"summary_large_image\" \/>\n<meta name=\"twitter:label1\" content=\"Est. reading time\" \/>\n\t<meta name=\"twitter:data1\" content=\"3 minuta\" \/>\n<script type=\"application\/ld+json\" class=\"yoast-schema-graph\">{\"@context\":\"https:\/\/schema.org\",\"@graph\":[{\"@type\":\"WebPage\",\"@id\":\"https:\/\/lynnhan.com\/en\/privacy-policy\/\",\"url\":\"https:\/\/lynnhan.com\/en\/privacy-policy\/\",\"name\":\"Safeguard your privacy | Lynnhan Smart Display Manufacturer\",\"isPartOf\":{\"@id\":\"https:\/\/lynnhan.com\/km\/#website\"},\"primaryImageOfPage\":{\"@id\":\"https:\/\/lynnhan.com\/en\/privacy-policy\/#primaryimage\"},\"image\":{\"@id\":\"https:\/\/lynnhan.com\/en\/privacy-policy\/#primaryimage\"},\"thumbnailUrl\":\"https:\/\/pub-78925c7bf9ca4c6d820df8293a5c116c.r2.dev\/2024\/12\/Privacy-Policy.webp\",\"datePublished\":\"2024-02-24T07:46:55+00:00\",\"dateModified\":\"2024-12-18T10:36:41+00:00\",\"description\":\"Safeguard your privacy with LynnHan smart display manufacturer's policy. We're committed to protecting your information with care.\",\"breadcrumb\":{\"@id\":\"https:\/\/lynnhan.com\/en\/privacy-policy\/#breadcrumb\"},\"inLanguage\":\"sq\",\"potentialAction\":[{\"@type\":\"ReadAction\",\"target\":[\"https:\/\/lynnhan.com\/en\/privacy-policy\/\"]}]},{\"@type\":\"ImageObject\",\"inLanguage\":\"sq\",\"@id\":\"https:\/\/lynnhan.com\/en\/privacy-policy\/#primaryimage\",\"url\":\"https:\/\/pub-78925c7bf9ca4c6d820df8293a5c116c.r2.dev\/2024\/12\/Privacy-Policy.webp\",\"contentUrl\":\"https:\/\/pub-78925c7bf9ca4c6d820df8293a5c116c.r2.dev\/2024\/12\/Privacy-Policy.webp\"},{\"@type\":\"BreadcrumbList\",\"@id\":\"https:\/\/lynnhan.com\/en\/privacy-policy\/#breadcrumb\",\"itemListElement\":[{\"@type\":\"ListItem\",\"position\":1,\"name\":\"Home\",\"item\":\"https:\/\/lynnhan.com\/\"},{\"@type\":\"ListItem\",\"position\":2,\"name\":\"Privacy Policy\"}]},{\"@type\":\"WebSite\",\"@id\":\"https:\/\/lynnhan.com\/km\/#website\",\"url\":\"https:\/\/lynnhan.com\/km\/\",\"name\":\"Lynnhan - Trusted Supplier | LED\/OLED\/LCD\/E-paper digital signages\",\"description\":\"Lynnhan - Trusted Supplier |  LED\/OLED\/LCD\/E-paper digital signages\",\"publisher\":{\"@id\":\"https:\/\/lynnhan.com\/km\/#organization\"},\"potentialAction\":[{\"@type\":\"SearchAction\",\"target\":{\"@type\":\"EntryPoint\",\"urlTemplate\":\"https:\/\/lynnhan.com\/km\/?s={search_term_string}\"},\"query-input\":{\"@type\":\"PropertyValueSpecification\",\"valueRequired\":true,\"valueName\":\"search_term_string\"}}],\"inLanguage\":\"sq\"},{\"@type\":\"Organization\",\"@id\":\"https:\/\/lynnhan.com\/km\/#organization\",\"name\":\"Lynnhan - Trusted Supplier | LED\/OLED\/LCD\/E-paper digital signages\",\"url\":\"https:\/\/lynnhan.com\/km\/\",\"logo\":{\"@type\":\"ImageObject\",\"inLanguage\":\"sq\",\"@id\":\"https:\/\/lynnhan.com\/km\/#\/schema\/logo\/image\/\",\"url\":\"https:\/\/pub-78925c7bf9ca4c6d820df8293a5c116c.r2.dev\/2024\/07\/LynnHan-logo3.png\",\"contentUrl\":\"https:\/\/pub-78925c7bf9ca4c6d820df8293a5c116c.r2.dev\/2024\/07\/LynnHan-logo3.png\",\"width\":390,\"height\":130,\"caption\":\"Lynnhan - Trusted Supplier | LED\/OLED\/LCD\/E-paper digital signages\"},\"image\":{\"@id\":\"https:\/\/lynnhan.com\/km\/#\/schema\/logo\/image\/\"}}]}<\/script>\n<!-- \/ Yoast SEO plugin. -->","yoast_head_json":{"title":"Mbrojuni privat\u00ebsin\u00eb tuaj | Prodhuesi i Shfaqes\u00ebs Smart t\u00eb Lynnhan","description":"Mbrojuni privat\u00ebsin\u00eb me politik\u00ebn e prodhuesit t\u00eb shfaqjes s\u00eb inteligjent\u00eb LynnHan. Ne jemi i p\u00ebrkushtuar p\u00ebr mbrojtjen e informacionit me mir\u00ebqenim.","robots":{"index":"index","follow":"follow","max-snippet":"max-snippet:-1","max-image-preview":"max-image-preview:large","max-video-preview":"max-video-preview:-1"},"canonical":"https:\/\/lynnhan.com\/sq\/politika-e-privatesise\/","og_locale":"sq_AL","og_type":"article","og_title":"Safeguard your privacy | Lynnhan Smart Display Manufacturer","og_description":"Safeguard your privacy with LynnHan smart display manufacturer's policy. We're committed to protecting your information with care.","og_url":"https:\/\/lynnhan.com\/sq\/politika-e-privatesise\/","og_site_name":"Lynnhan - Trusted Supplier | LED\/OLED\/LCD\/E-paper digital signages","article_modified_time":"2024-12-18T10:36:41+00:00","og_image":[{"url":"https:\/\/pub-78925c7bf9ca4c6d820df8293a5c116c.r2.dev\/2024\/12\/Privacy-Policy.webp","type":"","width":"","height":""}],"twitter_card":"summary_large_image","twitter_misc":{"Est. reading time":"3 minuta"},"schema":{"@context":"https:\/\/schema.org","@graph":[{"@type":"WebPage","@id":"https:\/\/lynnhan.com\/en\/privacy-policy\/","url":"https:\/\/lynnhan.com\/en\/privacy-policy\/","name":"Mbrojuni privat\u00ebsin\u00eb tuaj | Prodhuesi i Shfaqes\u00ebs Smart t\u00eb Lynnhan","isPartOf":{"@id":"https:\/\/lynnhan.com\/km\/#website"},"primaryImageOfPage":{"@id":"https:\/\/lynnhan.com\/en\/privacy-policy\/#primaryimage"},"image":{"@id":"https:\/\/lynnhan.com\/en\/privacy-policy\/#primaryimage"},"thumbnailUrl":"https:\/\/pub-78925c7bf9ca4c6d820df8293a5c116c.r2.dev\/2024\/12\/Privacy-Policy.webp","datePublished":"2024-02-24T07:46:55+00:00","dateModified":"2024-12-18T10:36:41+00:00","description":"Mbrojuni privat\u00ebsin\u00eb me politik\u00ebn e prodhuesit t\u00eb shfaqjes s\u00eb inteligjent\u00eb LynnHan. Ne jemi i p\u00ebrkushtuar p\u00ebr mbrojtjen e informacionit me mir\u00ebqenim.","breadcrumb":{"@id":"https:\/\/lynnhan.com\/en\/privacy-policy\/#breadcrumb"},"inLanguage":"sq","potentialAction":[{"@type":"ReadAction","target":["https:\/\/lynnhan.com\/en\/privacy-policy\/"]}]},{"@type":"ImageObject","inLanguage":"sq","@id":"https:\/\/lynnhan.com\/en\/privacy-policy\/#primaryimage","url":"https:\/\/pub-78925c7bf9ca4c6d820df8293a5c116c.r2.dev\/2024\/12\/Privacy-Policy.webp","contentUrl":"https:\/\/pub-78925c7bf9ca4c6d820df8293a5c116c.r2.dev\/2024\/12\/Privacy-Policy.webp"},{"@type":"BreadcrumbList","@id":"https:\/\/lynnhan.com\/en\/privacy-policy\/#breadcrumb","itemListElement":[{"@type":"ListItem","position":1,"name":"Home","item":"https:\/\/lynnhan.com\/"},{"@type":"ListItem","position":2,"name":"Privacy Policy"}]},{"@type":"WebSite","@id":"https:\/\/lynnhan.com\/km\/#website","url":"https:\/\/lynnhan.com\/km\/","name":"Lynnhan - Pajtor i Besht\u00ebrit | LED\/OLED\/LCD\/E-paper shenime digital\u00eb","description":"Lynnhan - Pajt\u00eb e besuar |  Sh\u00ebnime digital\u00eb LED\/OLED\/LCD\/E-paper","publisher":{"@id":"https:\/\/lynnhan.com\/km\/#organization"},"potentialAction":[{"@type":"SearchAction","target":{"@type":"EntryPoint","urlTemplate":"https:\/\/lynnhan.com\/km\/?s={search_term_string}"},"query-input":{"@type":"PropertyValueSpecification","valueRequired":true,"valueName":"search_term_string"}}],"inLanguage":"sq"},{"@type":"Organization","@id":"https:\/\/lynnhan.com\/km\/#organization","name":"Lynnhan - Pajtor i Besht\u00ebrit | LED\/OLED\/LCD\/E-paper shenime digital\u00eb","url":"https:\/\/lynnhan.com\/km\/","logo":{"@type":"ImageObject","inLanguage":"sq","@id":"https:\/\/lynnhan.com\/km\/#\/schema\/logo\/image\/","url":"https:\/\/pub-78925c7bf9ca4c6d820df8293a5c116c.r2.dev\/2024\/07\/LynnHan-logo3.png","contentUrl":"https:\/\/pub-78925c7bf9ca4c6d820df8293a5c116c.r2.dev\/2024\/07\/LynnHan-logo3.png","width":390,"height":130,"caption":"Lynnhan - Trusted Supplier | LED\/OLED\/LCD\/E-paper digital signages"},"image":{"@id":"https:\/\/lynnhan.com\/km\/#\/schema\/logo\/image\/"}}]}},"jetpack_sharing_enabled":true,"_links":{"self":[{"href":"https:\/\/lynnhan.com\/sq\/wp-json\/wp\/v2\/pages\/3","targetHints":{"allow":["GET"]}}],"collection":[{"href":"https:\/\/lynnhan.com\/sq\/wp-json\/wp\/v2\/pages"}],"about":[{"href":"https:\/\/lynnhan.com\/sq\/wp-json\/wp\/v2\/types\/page"}],"author":[{"embeddable":true,"href":"https:\/\/lynnhan.com\/sq\/wp-json\/wp\/v2\/users\/1"}],"replies":[{"embeddable":true,"href":"https:\/\/lynnhan.com\/sq\/wp-json\/wp\/v2\/comments?post=3"}],"version-history":[{"count":0,"href":"https:\/\/lynnhan.com\/sq\/wp-json\/wp\/v2\/pages\/3\/revisions"}],"wp:attachment":[{"href":"https:\/\/lynnhan.com\/sq\/wp-json\/wp\/v2\/media?parent=3"}],"curies":[{"name":"wp","href":"https:\/\/api.w.org\/{rel}","templated":true}]}}