{"id":603,"date":"2024-02-28T03:02:21","date_gmt":"2024-02-28T03:02:21","guid":{"rendered":"https:\/\/lynnhan.com\/?page_id=603"},"modified":"2024-12-18T10:29:55","modified_gmt":"2024-12-18T10:29:55","slug":"podmienky-sluzieb","status":"publish","type":"page","link":"https:\/\/lynnhan.com\/sk\/podmienky-sluzieb\/","title":{"rendered":"Podmienky slu\u017eby"},"content":{"rendered":"<div data-elementor-type=\"wp-page\" data-elementor-id=\"603\" class=\"elementor elementor-603\" data-elementor-post-type=\"page\">\n\t\t\t\t<div class=\"elementor-element elementor-element-15d4236 e-flex e-con-boxed e-con e-parent\" data-id=\"15d4236\" data-element_type=\"container\">\n\t\t\t\t\t<div class=\"e-con-inner\">\n\t\t\t\t<div class=\"elementor-element elementor-element-86e3659 elementor-widget elementor-widget-image\" data-id=\"86e3659\" data-element_type=\"widget\" data-widget_type=\"image.default\">\n\t\t\t\t<div class=\"elementor-widget-container\">\n\t\t\t\t\t\t\t\t\t\t\t\t\t\t\t<img fetchpriority=\"high\" decoding=\"async\" width=\"1456\" height=\"816\" src=\"https:\/\/pub-78925c7bf9ca4c6d820df8293a5c116c.r2.dev\/2024\/12\/Terms-Of-Service.webp\" class=\"attachment-full size-full wp-image-3307\" alt=\"Podmienky pou\u017eitia slu\u017eieb All in One LED\" srcset=\"https:\/\/pub-78925c7bf9ca4c6d820df8293a5c116c.r2.dev\/2024\/12\/Terms-Of-Service.webp 1456w, https:\/\/pub-78925c7bf9ca4c6d820df8293a5c116c.r2.dev\/2024\/12\/Terms-Of-Service-700x392.webp 700w, https:\/\/pub-78925c7bf9ca4c6d820df8293a5c116c.r2.dev\/2024\/12\/Terms-Of-Service-1024x574.webp 1024w, https:\/\/pub-78925c7bf9ca4c6d820df8293a5c116c.r2.dev\/2024\/12\/Terms-Of-Service-768x430.webp 768w, https:\/\/pub-78925c7bf9ca4c6d820df8293a5c116c.r2.dev\/2024\/12\/Terms-Of-Service-18x10.webp 18w, https:\/\/pub-78925c7bf9ca4c6d820df8293a5c116c.r2.dev\/2024\/12\/Terms-Of-Service-1140x639.webp 1140w, https:\/\/pub-78925c7bf9ca4c6d820df8293a5c116c.r2.dev\/2024\/12\/Terms-Of-Service-920x516.webp 920w, https:\/\/pub-78925c7bf9ca4c6d820df8293a5c116c.r2.dev\/2024\/12\/Terms-Of-Service-575x322.webp 575w, https:\/\/pub-78925c7bf9ca4c6d820df8293a5c116c.r2.dev\/2024\/12\/Terms-Of-Service-380x213.webp 380w, https:\/\/pub-78925c7bf9ca4c6d820df8293a5c116c.r2.dev\/2024\/12\/Terms-Of-Service-1320x740.webp 1320w, https:\/\/pub-78925c7bf9ca4c6d820df8293a5c116c.r2.dev\/2024\/12\/Terms-Of-Service-800x448.webp 800w\" sizes=\"(max-width: 1456px) 100vw, 1456px\" \/>\t\t\t\t\t\t\t\t\t\t\t\t\t\t\t<\/div>\n\t\t\t\t<\/div>\n\t\t\t\t\t<\/div>\n\t\t\t\t<\/div>\n\t\t<div class=\"elementor-element elementor-element-c870f31 e-flex e-con-boxed e-con e-parent\" data-id=\"c870f31\" data-element_type=\"container\">\n\t\t\t\t\t<div class=\"e-con-inner\">\n\t\t\t\t<div class=\"elementor-element elementor-element-1d30a00 elementor-widget elementor-widget-text-editor\" data-id=\"1d30a00\" data-element_type=\"widget\" data-widget_type=\"text-editor.default\">\n\t\t\t\t<div class=\"elementor-widget-container\">\n\t\t\t\t\t\t\t\t\t<h3>1. Podmienky slu\u017eby pre Lynnhan<\/h3><p><strong>2. Vitajte na Lynnhan<\/strong><\/p><p>3. \u010eakujeme, \u017ee ste si vybrali Lynnhan pre va\u0161e potreby smart technologii. Pr\u00edstupom a pou\u017e\u00edvan\u00edm na\u0161ej str\u00e1nky, produktov a slu\u017eieb s\u00fahlas\u00edte s t\u00fdm, \u017ee budete dodr\u017eiava\u0165 a bud\u00fa v\u00e1s viaza\u0165 nasledovn\u00e9 podmienky slu\u017eby. Tieto podmienky sa vztahuj\u00fa na v\u0161etk\u00fdch pou\u017e\u00edvate\u013eov, n\u00e1v\u0161tevn\u00edkov a in\u00fdch, ktor\u00ed pr\u00edstupuj\u00fa alebo pou\u017e\u00edvaj\u00fa Slu\u017ebu. Pros\u00edm, pre\u010d\u00edtajte si tieto podmienky starostlivo pred pou\u017eit\u00edm na\u0161ich slu\u017eieb.<\/p><p><strong>4. Pou\u017e\u00edvanie na\u0161ich slu\u017eieb<\/strong><\/p><ul><li><strong>5. Povolenie<\/strong>6. : Mus\u00edte ma\u0165 najmenej 18 rokov, aby ste mohli pou\u017e\u00edva\u0165 na\u0161e slu\u017eby alebo m\u00e1te pr\u00e1voplatn\u00fd rodi\u010dovsk\u00fd alebo opatrovate\u013esk\u00fd s\u00fahlas, ak ste v va\u0161ej jurisdikcii minor.<\/li><li><strong>7. Licencia na pou\u017e\u00edvanie<\/strong>8. : Lynnhan v\u00e1m ud\u00e1va obmedzen\u00fa, neexkluz\u00edvnu, nepreberate\u013en\u00fa licenciu na pr\u00edstup a pou\u017e\u00edvanie na\u0161ich slu\u017eieb pre osobn\u00e9 alebo intern\u00e9 podnikov\u00e9 \u00fa\u010dely, pod\u013ea t\u00fdchto Podmienok slu\u017eby.<\/li><li><strong>9. Zaregistrovanie \u00fa\u010dtu<\/strong>10. : Niektor\u00e9 aspekty na\u0161ej slu\u017eby m\u00f4\u017eu vy\u017eadova\u0165, aby ste vytvorili \u00fa\u010det. Ste zodpovedn\u00fd za uchovanie tajnosti inform\u00e1ci\u00ed o va\u0161om \u00fa\u010dte a za v\u0161etky \u010dinnosti, ktor\u00e9 sa vyskytuj\u00fa pod va\u0161\u00edm \u00fa\u010dtom.<\/li><\/ul><p><strong>11. zak\u00e1zan\u00e9 \u010dinnosti<\/strong><\/p><p>12. S\u00fahlas\u00edte, \u017ee nebudete sa zap\u00e1ja\u0165 do nasledovn\u00fdch zak\u00e1zan\u00fdch aktiv\u00edt:<\/p><ul><li>13. Pou\u017e\u00edvanie slu\u017eby na ak\u00fako\u013evek neleg\u00e1lnu \u00fa\u010del alebo v protikladu s ak\u00fdmko\u013evek miestnym, \u0161t\u00e1tnym, n\u00e1rodn\u00fdm alebo medzin\u00e1rodn\u00fdm z\u00e1konom.<\/li><li>14. Poru\u0161ovanie alebo pokus o poru\u0161enie bezpe\u010dnosti na\u0161ich slu\u017eieb.<\/li><li>15. Pou\u017e\u00edvanie slu\u017eby na distrib\u00faciu malware alebo \u0161kodliv\u00e9ho obsahu.<\/li><li>16. Poru\u0161ovanie pr\u00e1v du\u0161evn\u00e9ho vlastn\u00edctva alebo vlastn\u00edctva druhej strany Lynnhan.<\/li><\/ul><p><strong>Intelektu\u00e1lna vlastnos\u0165<\/strong><\/p><p>17. V\u0161etok obsah poskytovan\u00fd na na\u0161ich slu\u017eb\u00e1ch, v\u010detne, ale nie len textu, grafiky, logov, obr\u00e1zkov a softv\u00e9ru, je vlastn\u00edctvom Lynnhan alebo jej dod\u00e1vate\u013eov obsahu a chr\u00e1nen\u00fd medzin\u00e1rodn\u00fdmi z\u00e1konom o autorskom pr\u00e1ve a pr\u00e1vami du\u0161evn\u00e9ho vlastn\u00edctva.<\/p><p><strong>18. Obsah pou\u017e\u00edvate\u013ea<\/strong><\/p><p>19. Ak uverejn\u00edte, nahrajete alebo inak u\u010din\u00edte obsah dostupn\u00fdm na na\u0161ich slu\u017eb\u00e1ch, ud\u00e1\u0161te Lynnhan neexkluz\u00edvnu, svetov\u00fa, neplatn\u00fa licenciu na pou\u017e\u00edvanie, replik\u00e1ciu, \u00fapravu a zobrazenie tak\u00e9ho obsahu v s\u00favislosti s poskytovan\u00edm slu\u017eby.<\/p><p><strong>20. Zru\u0161enie<\/strong><\/p><p>21. Lynnhan si vyhlasuje pr\u00e1vo zru\u0161i\u0165 alebo pozastavi\u0165 v\u00e1\u0161 pr\u00edstup k na\u0161im slu\u017eb\u00e1m bez predch\u00e1dzaj\u00faceho ozn\u00e1menia alebo odpovednosti, z ak\u00fako\u013evek d\u00f4vody, vr\u00e1tane, ale nie len v pr\u00edpade, \u017ee poru\u0161\u00edte Tieto podmienky slu\u017eby.<\/p><p><strong>22. V\u00fdnimka z z\u00e1ruk<\/strong><\/p><p>23. Na\u0161e slu\u017eby s\u00fa poskytovan\u00e9 v podobe \u201cako je\u201d a \u201cako je dostupn\u00e9\u201d. Lynnhan neud\u00e1va \u017eiadne z\u00e1ruky, vyjadrven\u00e9 alebo predpokladan\u00e9, a teda vyhlasuje v\u0161etky ostatn\u00e9 z\u00e1ruky, vr\u00e1tane, ale nie len predpokladan\u00fdch z\u00e1ruk alebo podmienok predajnosti, vhodnosti pre ur\u010dit\u00fd \u00fa\u010del alebo nezhody<\/p><p><strong>Limitation of Liability<\/strong><\/p><p>In no event shall Lynnhan or its suppliers be liable for any indirect, incidental, special, consequential, or punitive damages arising out of or in connection with your use of our services.<\/p><p><strong>Changes to Terms of Service<\/strong><\/p><p>Lynnhan reserves the right, at our sole discretion, to modify or replace these Terms of Service at any time. We will provide notice of any significant changes. By continuing to access or use our services after those revisions become effective, you agree to be bound by the revised terms.<\/p><p><strong>Contact Us<\/strong><\/p><p>If you have any questions about these Terms of Service, please contact us at contact@xinxiangt.sg-host.com.<\/p><p><strong>Effective Date: 02.28.2024<br \/><\/strong><\/p><p>T\u00fdm\u017e pr\u00edstupom alebo pou\u017e\u00edvan\u00edm na\u0161ich slu\u017eieb vyhlasujete, \u017ee ste \u010d\u00edtali, rozumieli a s\u00fahlas\u00edte s t\u00fdmito Podmienkami pou\u017eitia slu\u017eieb.<\/p>\t\t\t\t\t\t\t\t<\/div>\n\t\t\t\t<\/div>\n\t\t\t\t\t<\/div>\n\t\t\t\t<\/div>\n\t\t\t\t<\/div>","protected":false},"excerpt":{"rendered":"<p>Terms of Service for Lynnhan Welcome to Lynnhan Thank you for choosing Lynnhan for your smart technology needs. By accessing and using our website, products, and services, you agree to [\u2026]<\/p>","protected":false},"author":1,"featured_media":0,"parent":0,"menu_order":0,"comment_status":"closed","ping_status":"closed","template":"","meta":{"footnotes":""},"class_list":["post-603","page","type-page","status-publish","hentry"],"yoast_head":"<!-- This site is optimized with the Yoast SEO plugin v26.6 - https:\/\/yoast.com\/wordpress\/plugins\/seo\/ -->\n<title>LynnHan Terms of Service: Your Guide to Safe Shopping<\/title>\n<meta name=\"description\" content=\"Fairness and transparency are at the heart of LynnHan&#039;s Terms of Service. Discover how we&#039;re dedicated to your satisfaction.\" \/>\n<meta name=\"robots\" content=\"index, follow, max-snippet:-1, max-image-preview:large, max-video-preview:-1\" \/>\n<link rel=\"canonical\" href=\"https:\/\/lynnhan.com\/sk\/podmienky-sluzieb\/\" \/>\n<meta property=\"og:locale\" content=\"sk_SK\" \/>\n<meta property=\"og:type\" content=\"article\" \/>\n<meta property=\"og:title\" content=\"LynnHan Terms of Service: Your Guide to Safe Shopping\" \/>\n<meta property=\"og:description\" content=\"Fairness and transparency are at the heart of LynnHan&#039;s Terms of Service. Discover how we&#039;re dedicated to your satisfaction.\" \/>\n<meta property=\"og:url\" content=\"https:\/\/lynnhan.com\/sk\/podmienky-sluzieb\/\" \/>\n<meta property=\"og:site_name\" content=\"Lynnhan - Trusted Supplier | LED\/OLED\/LCD\/E-paper digital signages\" \/>\n<meta property=\"article:modified_time\" content=\"2024-12-18T10:29:55+00:00\" \/>\n<meta property=\"og:image\" content=\"https:\/\/pub-78925c7bf9ca4c6d820df8293a5c116c.r2.dev\/2024\/12\/Terms-Of-Service.webp\" \/>\n<meta name=\"twitter:card\" content=\"summary_large_image\" \/>\n<meta name=\"twitter:label1\" content=\"Predpokladan\u00fd \u010das \u010d\u00edtania\" \/>\n\t<meta name=\"twitter:data1\" content=\"3 min\u00faty\" \/>\n<script type=\"application\/ld+json\" class=\"yoast-schema-graph\">{\"@context\":\"https:\/\/schema.org\",\"@graph\":[{\"@type\":\"WebPage\",\"@id\":\"https:\/\/lynnhan.com\/bo\/terms-of-service\/\",\"url\":\"https:\/\/lynnhan.com\/bo\/terms-of-service\/\",\"name\":\"LynnHan Terms of Service: Your Guide to Safe Shopping\",\"isPartOf\":{\"@id\":\"https:\/\/lynnhan.com\/km\/#website\"},\"primaryImageOfPage\":{\"@id\":\"https:\/\/lynnhan.com\/bo\/terms-of-service\/#primaryimage\"},\"image\":{\"@id\":\"https:\/\/lynnhan.com\/bo\/terms-of-service\/#primaryimage\"},\"thumbnailUrl\":\"https:\/\/pub-78925c7bf9ca4c6d820df8293a5c116c.r2.dev\/2024\/12\/Terms-Of-Service.webp\",\"datePublished\":\"2024-02-28T03:02:21+00:00\",\"dateModified\":\"2024-12-18T10:29:55+00:00\",\"description\":\"Fairness and transparency are at the heart of LynnHan's Terms of Service. Discover how we're dedicated to your satisfaction.\",\"breadcrumb\":{\"@id\":\"https:\/\/lynnhan.com\/bo\/terms-of-service\/#breadcrumb\"},\"inLanguage\":\"sk-SK\",\"potentialAction\":[{\"@type\":\"ReadAction\",\"target\":[\"https:\/\/lynnhan.com\/bo\/terms-of-service\/\"]}]},{\"@type\":\"ImageObject\",\"inLanguage\":\"sk-SK\",\"@id\":\"https:\/\/lynnhan.com\/bo\/terms-of-service\/#primaryimage\",\"url\":\"https:\/\/pub-78925c7bf9ca4c6d820df8293a5c116c.r2.dev\/2024\/12\/Terms-Of-Service.webp\",\"contentUrl\":\"https:\/\/pub-78925c7bf9ca4c6d820df8293a5c116c.r2.dev\/2024\/12\/Terms-Of-Service.webp\"},{\"@type\":\"BreadcrumbList\",\"@id\":\"https:\/\/lynnhan.com\/bo\/terms-of-service\/#breadcrumb\",\"itemListElement\":[{\"@type\":\"ListItem\",\"position\":1,\"name\":\"Home\",\"item\":\"https:\/\/lynnhan.com\/\"},{\"@type\":\"ListItem\",\"position\":2,\"name\":\"Terms Of Service\"}]},{\"@type\":\"WebSite\",\"@id\":\"https:\/\/lynnhan.com\/km\/#website\",\"url\":\"https:\/\/lynnhan.com\/km\/\",\"name\":\"Lynnhan - Trusted Supplier | LED\/OLED\/LCD\/E-paper digital signages\",\"description\":\"Lynnhan - Trusted Supplier |  LED\/OLED\/LCD\/E-paper digital signages\",\"publisher\":{\"@id\":\"https:\/\/lynnhan.com\/km\/#organization\"},\"potentialAction\":[{\"@type\":\"SearchAction\",\"target\":{\"@type\":\"EntryPoint\",\"urlTemplate\":\"https:\/\/lynnhan.com\/km\/?s={search_term_string}\"},\"query-input\":{\"@type\":\"PropertyValueSpecification\",\"valueRequired\":true,\"valueName\":\"search_term_string\"}}],\"inLanguage\":\"sk-SK\"},{\"@type\":\"Organization\",\"@id\":\"https:\/\/lynnhan.com\/km\/#organization\",\"name\":\"Lynnhan - Trusted Supplier | LED\/OLED\/LCD\/E-paper digital signages\",\"url\":\"https:\/\/lynnhan.com\/km\/\",\"logo\":{\"@type\":\"ImageObject\",\"inLanguage\":\"sk-SK\",\"@id\":\"https:\/\/lynnhan.com\/km\/#\/schema\/logo\/image\/\",\"url\":\"https:\/\/pub-78925c7bf9ca4c6d820df8293a5c116c.r2.dev\/2024\/07\/LynnHan-logo3.png\",\"contentUrl\":\"https:\/\/pub-78925c7bf9ca4c6d820df8293a5c116c.r2.dev\/2024\/07\/LynnHan-logo3.png\",\"width\":390,\"height\":130,\"caption\":\"Lynnhan - Trusted Supplier | LED\/OLED\/LCD\/E-paper digital signages\"},\"image\":{\"@id\":\"https:\/\/lynnhan.com\/km\/#\/schema\/logo\/image\/\"}}]}<\/script>\n<!-- \/ Yoast SEO plugin. -->","yoast_head_json":{"title":"Podmienky slu\u017eieb LynnHan: Va\u0161a vieda bezpe\u010dn\u00e9ho n\u00e1kupu","description":"Spravedlivos\u0165 a transparentnos\u0165 s\u00fa v srdci Zmluvn\u00fdch podmienok LynnHan. Zistite, ako sa zamestn\u00e1van\u00edm o va\u0161u spokojnos\u0165.","robots":{"index":"index","follow":"follow","max-snippet":"max-snippet:-1","max-image-preview":"max-image-preview:large","max-video-preview":"max-video-preview:-1"},"canonical":"https:\/\/lynnhan.com\/sk\/podmienky-sluzieb\/","og_locale":"sk_SK","og_type":"article","og_title":"LynnHan Terms of Service: Your Guide to Safe Shopping","og_description":"Fairness and transparency are at the heart of LynnHan's Terms of Service. Discover how we're dedicated to your satisfaction.","og_url":"https:\/\/lynnhan.com\/sk\/podmienky-sluzieb\/","og_site_name":"Lynnhan - Trusted Supplier | LED\/OLED\/LCD\/E-paper digital signages","article_modified_time":"2024-12-18T10:29:55+00:00","og_image":[{"url":"https:\/\/pub-78925c7bf9ca4c6d820df8293a5c116c.r2.dev\/2024\/12\/Terms-Of-Service.webp","type":"","width":"","height":""}],"twitter_card":"summary_large_image","twitter_misc":{"Predpokladan\u00fd \u010das \u010d\u00edtania":"3 min\u00faty"},"schema":{"@context":"https:\/\/schema.org","@graph":[{"@type":"WebPage","@id":"https:\/\/lynnhan.com\/bo\/terms-of-service\/","url":"https:\/\/lynnhan.com\/bo\/terms-of-service\/","name":"Podmienky slu\u017eieb LynnHan: Va\u0161a vieda bezpe\u010dn\u00e9ho n\u00e1kupu","isPartOf":{"@id":"https:\/\/lynnhan.com\/km\/#website"},"primaryImageOfPage":{"@id":"https:\/\/lynnhan.com\/bo\/terms-of-service\/#primaryimage"},"image":{"@id":"https:\/\/lynnhan.com\/bo\/terms-of-service\/#primaryimage"},"thumbnailUrl":"https:\/\/pub-78925c7bf9ca4c6d820df8293a5c116c.r2.dev\/2024\/12\/Terms-Of-Service.webp","datePublished":"2024-02-28T03:02:21+00:00","dateModified":"2024-12-18T10:29:55+00:00","description":"Spravedlivos\u0165 a transparentnos\u0165 s\u00fa v srdci Zmluvn\u00fdch podmienok LynnHan. Zistite, ako sa zamestn\u00e1van\u00edm o va\u0161u spokojnos\u0165.","breadcrumb":{"@id":"https:\/\/lynnhan.com\/bo\/terms-of-service\/#breadcrumb"},"inLanguage":"sk-SK","potentialAction":[{"@type":"ReadAction","target":["https:\/\/lynnhan.com\/bo\/terms-of-service\/"]}]},{"@type":"ImageObject","inLanguage":"sk-SK","@id":"https:\/\/lynnhan.com\/bo\/terms-of-service\/#primaryimage","url":"https:\/\/pub-78925c7bf9ca4c6d820df8293a5c116c.r2.dev\/2024\/12\/Terms-Of-Service.webp","contentUrl":"https:\/\/pub-78925c7bf9ca4c6d820df8293a5c116c.r2.dev\/2024\/12\/Terms-Of-Service.webp"},{"@type":"BreadcrumbList","@id":"https:\/\/lynnhan.com\/bo\/terms-of-service\/#breadcrumb","itemListElement":[{"@type":"ListItem","position":1,"name":"Home","item":"https:\/\/lynnhan.com\/"},{"@type":"ListItem","position":2,"name":"Terms Of Service"}]},{"@type":"WebSite","@id":"https:\/\/lynnhan.com\/km\/#website","url":"https:\/\/lynnhan.com\/km\/","name":"Lynnhan - D\u00f4very\u010dn\u00fd dod\u00e1vate\u013e | Digit\u00e1lna reklama LED\/OLED\/LCD\/E-paper","description":"Lynnhan - D\u00f4very\u010dn\u00fd dod\u00e1vate\u013e |  LED\/OLED\/LCD\/E-paper digit\u00e1lna reklama","publisher":{"@id":"https:\/\/lynnhan.com\/km\/#organization"},"potentialAction":[{"@type":"SearchAction","target":{"@type":"EntryPoint","urlTemplate":"https:\/\/lynnhan.com\/km\/?s={search_term_string}"},"query-input":{"@type":"PropertyValueSpecification","valueRequired":true,"valueName":"search_term_string"}}],"inLanguage":"sk-SK"},{"@type":"Organization","@id":"https:\/\/lynnhan.com\/km\/#organization","name":"Lynnhan - D\u00f4very\u010dn\u00fd dod\u00e1vate\u013e | Digit\u00e1lna reklama LED\/OLED\/LCD\/E-paper","url":"https:\/\/lynnhan.com\/km\/","logo":{"@type":"ImageObject","inLanguage":"sk-SK","@id":"https:\/\/lynnhan.com\/km\/#\/schema\/logo\/image\/","url":"https:\/\/pub-78925c7bf9ca4c6d820df8293a5c116c.r2.dev\/2024\/07\/LynnHan-logo3.png","contentUrl":"https:\/\/pub-78925c7bf9ca4c6d820df8293a5c116c.r2.dev\/2024\/07\/LynnHan-logo3.png","width":390,"height":130,"caption":"Lynnhan - Trusted Supplier | LED\/OLED\/LCD\/E-paper digital signages"},"image":{"@id":"https:\/\/lynnhan.com\/km\/#\/schema\/logo\/image\/"}}]}},"jetpack_sharing_enabled":true,"_links":{"self":[{"href":"https:\/\/lynnhan.com\/sk\/wp-json\/wp\/v2\/pages\/603","targetHints":{"allow":["GET"]}}],"collection":[{"href":"https:\/\/lynnhan.com\/sk\/wp-json\/wp\/v2\/pages"}],"about":[{"href":"https:\/\/lynnhan.com\/sk\/wp-json\/wp\/v2\/types\/page"}],"author":[{"embeddable":true,"href":"https:\/\/lynnhan.com\/sk\/wp-json\/wp\/v2\/users\/1"}],"replies":[{"embeddable":true,"href":"https:\/\/lynnhan.com\/sk\/wp-json\/wp\/v2\/comments?post=603"}],"version-history":[{"count":0,"href":"https:\/\/lynnhan.com\/sk\/wp-json\/wp\/v2\/pages\/603\/revisions"}],"wp:attachment":[{"href":"https:\/\/lynnhan.com\/sk\/wp-json\/wp\/v2\/media?parent=603"}],"curies":[{"name":"wp","href":"https:\/\/api.w.org\/{rel}","templated":true}]}}