{"id":601,"date":"2024-02-28T03:19:26","date_gmt":"2024-02-28T03:19:26","guid":{"rendered":"https:\/\/lynnhan.com\/?page_id=601"},"modified":"2024-12-18T10:32:06","modified_gmt":"2024-12-18T10:32:06","slug":"kod-chovania","status":"publish","type":"page","link":"https:\/\/lynnhan.com\/sk\/kod-chovania\/","title":{"rendered":"K\u00f3d chovania"},"content":{"rendered":"<div data-elementor-type=\"wp-page\" data-elementor-id=\"601\" class=\"elementor elementor-601\" data-elementor-post-type=\"page\">\n\t\t\t\t<div class=\"elementor-element elementor-element-1f21eb2 e-flex e-con-boxed e-con e-parent\" data-id=\"1f21eb2\" data-element_type=\"container\">\n\t\t\t\t\t<div class=\"e-con-inner\">\n\t\t\t\t<div class=\"elementor-element elementor-element-bfcddf0 elementor-widget elementor-widget-image\" data-id=\"bfcddf0\" data-element_type=\"widget\" data-widget_type=\"image.default\">\n\t\t\t\t<div class=\"elementor-widget-container\">\n\t\t\t\t\t\t\t\t\t\t\t\t\t\t\t<img fetchpriority=\"high\" decoding=\"async\" width=\"1536\" height=\"768\" src=\"https:\/\/pub-78925c7bf9ca4c6d820df8293a5c116c.r2.dev\/2024\/12\/Code-Of-Conduct.webp\" class=\"attachment-full size-full wp-image-3311\" alt=\"K\u00f3dex chovania pre dod\u00e1vate\u013eov jednotliv\u00fdch LED\" srcset=\"https:\/\/pub-78925c7bf9ca4c6d820df8293a5c116c.r2.dev\/2024\/12\/Code-Of-Conduct.webp 1536w, https:\/\/pub-78925c7bf9ca4c6d820df8293a5c116c.r2.dev\/2024\/12\/Code-Of-Conduct-700x350.webp 700w, https:\/\/pub-78925c7bf9ca4c6d820df8293a5c116c.r2.dev\/2024\/12\/Code-Of-Conduct-1024x512.webp 1024w, https:\/\/pub-78925c7bf9ca4c6d820df8293a5c116c.r2.dev\/2024\/12\/Code-Of-Conduct-768x384.webp 768w, https:\/\/pub-78925c7bf9ca4c6d820df8293a5c116c.r2.dev\/2024\/12\/Code-Of-Conduct-18x9.webp 18w, https:\/\/pub-78925c7bf9ca4c6d820df8293a5c116c.r2.dev\/2024\/12\/Code-Of-Conduct-1140x570.webp 1140w, https:\/\/pub-78925c7bf9ca4c6d820df8293a5c116c.r2.dev\/2024\/12\/Code-Of-Conduct-920x460.webp 920w, https:\/\/pub-78925c7bf9ca4c6d820df8293a5c116c.r2.dev\/2024\/12\/Code-Of-Conduct-575x288.webp 575w, https:\/\/pub-78925c7bf9ca4c6d820df8293a5c116c.r2.dev\/2024\/12\/Code-Of-Conduct-380x190.webp 380w, https:\/\/pub-78925c7bf9ca4c6d820df8293a5c116c.r2.dev\/2024\/12\/Code-Of-Conduct-1320x660.webp 1320w, https:\/\/pub-78925c7bf9ca4c6d820df8293a5c116c.r2.dev\/2024\/12\/Code-Of-Conduct-800x400.webp 800w\" sizes=\"(max-width: 1536px) 100vw, 1536px\" \/>\t\t\t\t\t\t\t\t\t\t\t\t\t\t\t<\/div>\n\t\t\t\t<\/div>\n\t\t\t\t\t<\/div>\n\t\t\t\t<\/div>\n\t\t<div class=\"elementor-element elementor-element-7b6aef8e e-flex e-con-boxed e-con e-parent\" data-id=\"7b6aef8e\" data-element_type=\"container\">\n\t\t\t\t\t<div class=\"e-con-inner\">\n\t\t\t\t<div class=\"elementor-element elementor-element-620072c1 elementor-widget elementor-widget-text-editor\" data-id=\"620072c1\" data-element_type=\"widget\" data-widget_type=\"text-editor.default\">\n\t\t\t\t<div class=\"elementor-widget-container\">\n\t\t\t\t\t\t\t\t\t\n<p><strong>\u00davodenie<\/strong><\/p>\n\n\n\n<p>V Lynnhan sme zvestn\u00e9, \u017ee budeme vedenie na\u0161ej spolo\u010dnosti pod\u013ea najvy\u0161\u0161\u00edch \u0161tandardov integrity a profesionalizmu. Tento K\u00f3d chovania sl\u00fa\u017ei ako vodca pre na\u0161ich zamestnancov, partnerov a affiliatov, ktor\u00fd vyzdvihuje princ\u00edpy a \u0161tandardy, ktor\u00e9 definuj\u00fa na\u0161u spolo\u010densk\u00fa spr\u00e1vu a procesy rozhodovania.<\/p>\n\n\n\n<p><strong>Na\u0161e zvestnos\u0165<\/strong><\/p>\n\n\n\n<ul class=\"wp-block-list\">\n<li><strong>Etick\u00e9 podnikanie<\/strong>: Smie\u0161ame sa vedenie na\u0161ej spolo\u010dnosti eticky a s integritou, respektujeme v\u0161etky platn\u00e9 z\u00e1kony, regul\u00e1cie a \u0161tandardy.<\/li>\n\n\n\n<li><strong>Otvorenos\u0165<\/strong>: V\u0161etky na\u0161e obchodn\u00e9 transakcie podporujeme otvoren\u00fd a transparentn\u00fd prostredie, aby boli na\u0161i z\u00e1ujemcovia informovan\u00ed a zapojen\u00ed do na\u0161ich procesov.<\/li>\n<\/ul>\n\n\n\n<p><strong>Respekt a spravedlivos\u0165<\/strong><\/p>\n\n\n\n<ul class=\"wp-block-list\">\n<li><strong>Rozmanitos\u0165 a zahrnutie<\/strong>: V\u00e1\u017eime rozmanitos\u0165 a sme zvestn\u00ed, aby sme vytvorili inkluz\u00edvne prostredie, kde ka\u017ed\u00fd je spracov\u00e1van\u00fd s respektom a \u00factou.<\/li>\n\n\n\n<li><strong>Pracovisko bez hara\u010denia<\/strong>: Lynnhan je oddan\u00fd udr\u017eiavaniu pracoviska bez hara\u010denia, diskrimin\u00e1cie alebo ak\u00e9hoko\u013evek in\u00e9ho formy zneu\u017eitia. V\u0161etci zamestnanci sa maj\u00fa prispieva\u0165 k pozit\u00edvnemu a respektu\u010dn\u00e9mu pracovn\u00e9mu prostrediu.<\/li>\n<\/ul>\n\n\n\n<p><strong>Zodpovednos\u0165 a odpovednos\u0165<\/strong><\/p>\n\n\n\n<ul class=\"wp-block-list\">\n<li><strong>Prispenos\u0165<\/strong>: V\u0161etci zamestnanci a partneri musia prispieva\u0165 k tomuto K\u00f3du chovania, spolo\u010densk\u00fdm politik\u00e1m a v\u0161etk\u00fdm platn\u00fdm z\u00e1konom a regul\u00e1ci\u00e1m.<\/li>\n\n\n\n<li><strong>Hl\u00e1senie poru\u0161en\u00ed<\/strong>: Ovliekame sa na hl\u00e1senie ak\u00e9hoko\u013evek neetick\u00e9ho spr\u00e1vania alebo poru\u0161en\u00ed tohto K\u00f3du chovania. Lynnhan zabezpe\u010d\u00ed, \u017ee nebude dovolen\u00e9 \u017eiadne odvetn\u00e9 spr\u00e1vanie vo\u010di osob\u00e1m, ktor\u00e9 v dobrej v\u00edre hl\u00e1sia poru\u0161enia.<\/li>\n<\/ul>\n\n\n\n<p><strong>D\u00f4veryhodnos\u0165 a s\u00fakromie<\/strong><\/p>\n\n\n\n<ul class=\"wp-block-list\">\n<li><strong>Ochrana inform\u00e1ci\u00ed<\/strong>: sme zvestn\u00ed, aby sme chr\u00e1nili d\u00f4veryhodnos\u0165 a s\u00fakromie na\u0161ich z\u00e1kazn\u00edkov, zamestnancov a partnerov. Inform\u00e1cie sa maj\u00fa spracov\u00e1va\u0165 s najv\u00e4\u010d\u0161ou opatrnos\u0165ou a bezpe\u010dnos\u0165ou.<\/li>\n\n\n\n<li><strong>Intelektu\u00e1lna vlastnos\u0165<\/strong>: Respektujeme pr\u00e1va du\u0161evn\u00e9ho vlastn\u00edctva a o\u010dak\u00e1vame, \u017ee na\u0161i zamestnanci a partneri to tie\u017e robia.<\/li>\n<\/ul>\n\n\n\n<p><strong>Konflikt z\u00e1ujmov<\/strong><\/p>\n\n\n\n<ul class=\"wp-block-list\">\n<li><strong>Izolovanie konfliktov<\/strong>: Zamestnanci a partneri by mali izola\u0165 ak\u00fdko\u013evek osobn\u00fd, finan\u010dn\u00fd alebo in\u00fd z\u00e1ujem, ktor\u00fd by mohol obmedzi\u0165 ich schopnos\u0165 alebo ochotu vykon\u00e1va\u0165 ich pracovn\u00e9 povinnosti bezpartijn\u00fdm sp\u00f4sobom.<\/li>\n\n\n\n<li><strong>Ozn\u00e1menie<\/strong>: Ak\u00e9ko\u013evek potenci\u00e1lne konflikty z\u00e1ujmov by mali by\u0165 ozn\u00e1men\u00e9 vedeniu na hodnotenie a vedenie.<\/li>\n<\/ul>\n\n\n\n<p><strong>Odpovednos\u0165 za \u017eivotn\u00e9 prostredie<\/strong><\/p>\n\n\n\n<ul class=\"wp-block-list\">\n<li><strong>Udr\u017eate\u013enos\u0165<\/strong>: Lynnhan je oddan\u00fd udr\u017eiavaniu udr\u017eate\u013enosti a ochrany \u017eivotn\u00e9ho prostredia. Sna\u017e\u00edme sa minimalizova\u0165 na\u0161u ekologick\u00fa stopu a podporova\u0165 zodpovedn\u00e9 praxi vo v\u0161etk\u00fdch oblastiach na\u0161ej spolo\u010dnosti.<\/li>\n<\/ul>\n\n\n\n<p><strong>Anga\u017eovanos\u0165 v spolo\u010dnosti<\/strong><\/p>\n\n\n\n<ul class=\"wp-block-list\">\n<li><strong>Vra\u0107anie do spolo\u010dnosti<\/strong>Vierame vraci\u0165 sp\u00e4\u0165 do komunit, v ktor\u00fdch p\u00f4sob\u00edme, podporujeme duch slu\u017eby a dobrovo\u013en\u00edctva medzi na\u0161imi zamestnancami a partnermi.<\/li>\n<\/ul>\n\n\n\n<p><strong>Implement\u00e1cia a vynucovanie<\/strong><\/p>\n\n\n\n<ul class=\"wp-block-list\">\n<li><strong>Tr\u00e9ning<\/strong>V\u0161etci zamestnanci bud\u00fa dost\u00e1va\u0165 tr\u00e9ning o tomto K\u00f3dexe chovania, aby boli schopn\u00ed ich z\u00e1sady rozumie\u0165 a efekt\u00edvne ich dodr\u017eiava\u0165.<\/li>\n\n\n\n<li><strong>Vynucovanie<\/strong>Poru\u0161ovanie tohto K\u00f3dexu chovania bude br\u00e1no v\u00e1\u017ene a m\u00f4\u017ee vies\u0165 k disciplin\u00e1rnej akcii, v\u010detne zru\u0161enia zamestnanosti alebo obchodn\u00fdch vz\u0165ahov.<\/li>\n<\/ul>\n\n\n\n<p><strong>Z\u00e1ver<\/strong><\/p>\n\n\n\n<p>Tento K\u00f3dex chovania je centr\u00e1lny pre na\u0161u misiu v Lynnhan. Dodr\u017eovan\u00edm t\u00fdchto princ\u00edpov udr\u017eiavame na\u0161u reput\u00e1ciu za integritu, prispievame k pozit\u00edvnej kult\u00fare pracoviska a budujeme d\u016fveru s na\u0161imi z\u00e1kazn\u00edkmi, partnermi a komunitou. Spolu m\u00f4\u017eeme zisti\u0165, aby sa Lynnhan st\u00e1le choval ako miesto, kde prekvapuje dokonalos\u0165, \u00facta a integrita.<\/p>\n\t\t\t\t\t\t\t\t<\/div>\n\t\t\t\t<\/div>\n\t\t\t\t\t<\/div>\n\t\t\t\t<\/div>\n\t\t\t\t<\/div>","protected":false},"excerpt":{"rendered":"<p>Introduction At Lynnhan, we are committed to conducting our business according to the highest standards of integrity and professionalism. This Code of Conduct serves as a guide for our employees, [\u2026]<\/p>","protected":false},"author":1,"featured_media":0,"parent":0,"menu_order":0,"comment_status":"closed","ping_status":"closed","template":"","meta":{"footnotes":""},"class_list":["post-601","page","type-page","status-publish","hentry"],"yoast_head":"<!-- This site is optimized with the Yoast SEO plugin v26.6 - https:\/\/yoast.com\/wordpress\/plugins\/seo\/ -->\n<title>Code of Conduct-Lynnhan smart display factory<\/title>\n<meta name=\"description\" content=\"Lynnhan smart display factory&#039;s commits to ethics and integrity. Our code of conduct ensures a respectful and inclusive culture for all.\" \/>\n<meta name=\"robots\" content=\"index, follow, max-snippet:-1, max-image-preview:large, max-video-preview:-1\" \/>\n<link rel=\"canonical\" href=\"https:\/\/lynnhan.com\/sk\/kod-chovania\/\" \/>\n<meta property=\"og:locale\" content=\"sk_SK\" \/>\n<meta property=\"og:type\" content=\"article\" \/>\n<meta property=\"og:title\" content=\"Code of Conduct-Lynnhan smart display factory\" \/>\n<meta property=\"og:description\" content=\"Lynnhan smart display factory&#039;s commits to ethics and integrity. Our code of conduct ensures a respectful and inclusive culture for all.\" \/>\n<meta property=\"og:url\" content=\"https:\/\/lynnhan.com\/sk\/kod-chovania\/\" \/>\n<meta property=\"og:site_name\" content=\"Lynnhan - Trusted Supplier | LED\/OLED\/LCD\/E-paper digital signages\" \/>\n<meta property=\"article:modified_time\" content=\"2024-12-18T10:32:06+00:00\" \/>\n<meta property=\"og:image\" content=\"https:\/\/pub-78925c7bf9ca4c6d820df8293a5c116c.r2.dev\/2024\/12\/Code-Of-Conduct.webp\" \/>\n<meta name=\"twitter:card\" content=\"summary_large_image\" \/>\n<meta name=\"twitter:label1\" content=\"Predpokladan\u00fd \u010das \u010d\u00edtania\" \/>\n\t<meta name=\"twitter:data1\" content=\"3 min\u00faty\" \/>\n<script type=\"application\/ld+json\" class=\"yoast-schema-graph\">{\"@context\":\"https:\/\/schema.org\",\"@graph\":[{\"@type\":\"WebPage\",\"@id\":\"https:\/\/lynnhan.com\/ja\/%e8%a1%8c%e5%8b%95%e8%a6%8f%e7%af%84\/\",\"url\":\"https:\/\/lynnhan.com\/ja\/%e8%a1%8c%e5%8b%95%e8%a6%8f%e7%af%84\/\",\"name\":\"Code of Conduct-Lynnhan smart display factory\",\"isPartOf\":{\"@id\":\"https:\/\/lynnhan.com\/km\/#website\"},\"primaryImageOfPage\":{\"@id\":\"https:\/\/lynnhan.com\/ja\/%e8%a1%8c%e5%8b%95%e8%a6%8f%e7%af%84\/#primaryimage\"},\"image\":{\"@id\":\"https:\/\/lynnhan.com\/ja\/%e8%a1%8c%e5%8b%95%e8%a6%8f%e7%af%84\/#primaryimage\"},\"thumbnailUrl\":\"https:\/\/pub-78925c7bf9ca4c6d820df8293a5c116c.r2.dev\/2024\/12\/Code-Of-Conduct.webp\",\"datePublished\":\"2024-02-28T03:19:26+00:00\",\"dateModified\":\"2024-12-18T10:32:06+00:00\",\"description\":\"Lynnhan smart display factory's commits to ethics and integrity. Our code of conduct ensures a respectful and inclusive culture for all.\",\"breadcrumb\":{\"@id\":\"https:\/\/lynnhan.com\/ja\/%e8%a1%8c%e5%8b%95%e8%a6%8f%e7%af%84\/#breadcrumb\"},\"inLanguage\":\"sk-SK\",\"potentialAction\":[{\"@type\":\"ReadAction\",\"target\":[\"https:\/\/lynnhan.com\/ja\/%e8%a1%8c%e5%8b%95%e8%a6%8f%e7%af%84\/\"]}]},{\"@type\":\"ImageObject\",\"inLanguage\":\"sk-SK\",\"@id\":\"https:\/\/lynnhan.com\/ja\/%e8%a1%8c%e5%8b%95%e8%a6%8f%e7%af%84\/#primaryimage\",\"url\":\"https:\/\/pub-78925c7bf9ca4c6d820df8293a5c116c.r2.dev\/2024\/12\/Code-Of-Conduct.webp\",\"contentUrl\":\"https:\/\/pub-78925c7bf9ca4c6d820df8293a5c116c.r2.dev\/2024\/12\/Code-Of-Conduct.webp\"},{\"@type\":\"BreadcrumbList\",\"@id\":\"https:\/\/lynnhan.com\/ja\/%e8%a1%8c%e5%8b%95%e8%a6%8f%e7%af%84\/#breadcrumb\",\"itemListElement\":[{\"@type\":\"ListItem\",\"position\":1,\"name\":\"Home\",\"item\":\"https:\/\/lynnhan.com\/\"},{\"@type\":\"ListItem\",\"position\":2,\"name\":\"Code Of Conduct\"}]},{\"@type\":\"WebSite\",\"@id\":\"https:\/\/lynnhan.com\/km\/#website\",\"url\":\"https:\/\/lynnhan.com\/km\/\",\"name\":\"Lynnhan - Trusted Supplier | LED\/OLED\/LCD\/E-paper digital signages\",\"description\":\"Lynnhan - Trusted Supplier |  LED\/OLED\/LCD\/E-paper digital signages\",\"publisher\":{\"@id\":\"https:\/\/lynnhan.com\/km\/#organization\"},\"potentialAction\":[{\"@type\":\"SearchAction\",\"target\":{\"@type\":\"EntryPoint\",\"urlTemplate\":\"https:\/\/lynnhan.com\/km\/?s={search_term_string}\"},\"query-input\":{\"@type\":\"PropertyValueSpecification\",\"valueRequired\":true,\"valueName\":\"search_term_string\"}}],\"inLanguage\":\"sk-SK\"},{\"@type\":\"Organization\",\"@id\":\"https:\/\/lynnhan.com\/km\/#organization\",\"name\":\"Lynnhan - Trusted Supplier | LED\/OLED\/LCD\/E-paper digital signages\",\"url\":\"https:\/\/lynnhan.com\/km\/\",\"logo\":{\"@type\":\"ImageObject\",\"inLanguage\":\"sk-SK\",\"@id\":\"https:\/\/lynnhan.com\/km\/#\/schema\/logo\/image\/\",\"url\":\"https:\/\/pub-78925c7bf9ca4c6d820df8293a5c116c.r2.dev\/2024\/07\/LynnHan-logo3.png\",\"contentUrl\":\"https:\/\/pub-78925c7bf9ca4c6d820df8293a5c116c.r2.dev\/2024\/07\/LynnHan-logo3.png\",\"width\":390,\"height\":130,\"caption\":\"Lynnhan - Trusted Supplier | LED\/OLED\/LCD\/E-paper digital signages\"},\"image\":{\"@id\":\"https:\/\/lynnhan.com\/km\/#\/schema\/logo\/image\/\"}}]}<\/script>\n<!-- \/ Yoast SEO plugin. -->","yoast_head_json":{"title":"K\u00f3d chovania-Lynnhan smart display factory","description":"Lynnhan smart display factory's ded\u00e1va etiku a integritu. Na\u0161 k\u00f3d chovania zabezpe\u010duje \u00facta a inkluz\u00edvnu kult\u00faru pre v\u0161etk\u00fdch.","robots":{"index":"index","follow":"follow","max-snippet":"max-snippet:-1","max-image-preview":"max-image-preview:large","max-video-preview":"max-video-preview:-1"},"canonical":"https:\/\/lynnhan.com\/sk\/kod-chovania\/","og_locale":"sk_SK","og_type":"article","og_title":"Code of Conduct-Lynnhan smart display factory","og_description":"Lynnhan smart display factory's commits to ethics and integrity. Our code of conduct ensures a respectful and inclusive culture for all.","og_url":"https:\/\/lynnhan.com\/sk\/kod-chovania\/","og_site_name":"Lynnhan - Trusted Supplier | LED\/OLED\/LCD\/E-paper digital signages","article_modified_time":"2024-12-18T10:32:06+00:00","og_image":[{"url":"https:\/\/pub-78925c7bf9ca4c6d820df8293a5c116c.r2.dev\/2024\/12\/Code-Of-Conduct.webp","type":"","width":"","height":""}],"twitter_card":"summary_large_image","twitter_misc":{"Predpokladan\u00fd \u010das \u010d\u00edtania":"3 min\u00faty"},"schema":{"@context":"https:\/\/schema.org","@graph":[{"@type":"WebPage","@id":"https:\/\/lynnhan.com\/ja\/%e8%a1%8c%e5%8b%95%e8%a6%8f%e7%af%84\/","url":"https:\/\/lynnhan.com\/ja\/%e8%a1%8c%e5%8b%95%e8%a6%8f%e7%af%84\/","name":"K\u00f3d chovania-Lynnhan smart display factory","isPartOf":{"@id":"https:\/\/lynnhan.com\/km\/#website"},"primaryImageOfPage":{"@id":"https:\/\/lynnhan.com\/ja\/%e8%a1%8c%e5%8b%95%e8%a6%8f%e7%af%84\/#primaryimage"},"image":{"@id":"https:\/\/lynnhan.com\/ja\/%e8%a1%8c%e5%8b%95%e8%a6%8f%e7%af%84\/#primaryimage"},"thumbnailUrl":"https:\/\/pub-78925c7bf9ca4c6d820df8293a5c116c.r2.dev\/2024\/12\/Code-Of-Conduct.webp","datePublished":"2024-02-28T03:19:26+00:00","dateModified":"2024-12-18T10:32:06+00:00","description":"Lynnhan smart display factory's ded\u00e1va etiku a integritu. Na\u0161 k\u00f3d chovania zabezpe\u010duje \u00facta a inkluz\u00edvnu kult\u00faru pre v\u0161etk\u00fdch.","breadcrumb":{"@id":"https:\/\/lynnhan.com\/ja\/%e8%a1%8c%e5%8b%95%e8%a6%8f%e7%af%84\/#breadcrumb"},"inLanguage":"sk-SK","potentialAction":[{"@type":"ReadAction","target":["https:\/\/lynnhan.com\/ja\/%e8%a1%8c%e5%8b%95%e8%a6%8f%e7%af%84\/"]}]},{"@type":"ImageObject","inLanguage":"sk-SK","@id":"https:\/\/lynnhan.com\/ja\/%e8%a1%8c%e5%8b%95%e8%a6%8f%e7%af%84\/#primaryimage","url":"https:\/\/pub-78925c7bf9ca4c6d820df8293a5c116c.r2.dev\/2024\/12\/Code-Of-Conduct.webp","contentUrl":"https:\/\/pub-78925c7bf9ca4c6d820df8293a5c116c.r2.dev\/2024\/12\/Code-Of-Conduct.webp"},{"@type":"BreadcrumbList","@id":"https:\/\/lynnhan.com\/ja\/%e8%a1%8c%e5%8b%95%e8%a6%8f%e7%af%84\/#breadcrumb","itemListElement":[{"@type":"ListItem","position":1,"name":"Home","item":"https:\/\/lynnhan.com\/"},{"@type":"ListItem","position":2,"name":"Code Of Conduct"}]},{"@type":"WebSite","@id":"https:\/\/lynnhan.com\/km\/#website","url":"https:\/\/lynnhan.com\/km\/","name":"Lynnhan - D\u00f4very\u010dn\u00fd dod\u00e1vate\u013e | Digit\u00e1lna reklama LED\/OLED\/LCD\/E-paper","description":"Lynnhan - D\u00f4very\u010dn\u00fd dod\u00e1vate\u013e |  LED\/OLED\/LCD\/E-paper digit\u00e1lna reklama","publisher":{"@id":"https:\/\/lynnhan.com\/km\/#organization"},"potentialAction":[{"@type":"SearchAction","target":{"@type":"EntryPoint","urlTemplate":"https:\/\/lynnhan.com\/km\/?s={search_term_string}"},"query-input":{"@type":"PropertyValueSpecification","valueRequired":true,"valueName":"search_term_string"}}],"inLanguage":"sk-SK"},{"@type":"Organization","@id":"https:\/\/lynnhan.com\/km\/#organization","name":"Lynnhan - D\u00f4very\u010dn\u00fd dod\u00e1vate\u013e | Digit\u00e1lna reklama LED\/OLED\/LCD\/E-paper","url":"https:\/\/lynnhan.com\/km\/","logo":{"@type":"ImageObject","inLanguage":"sk-SK","@id":"https:\/\/lynnhan.com\/km\/#\/schema\/logo\/image\/","url":"https:\/\/pub-78925c7bf9ca4c6d820df8293a5c116c.r2.dev\/2024\/07\/LynnHan-logo3.png","contentUrl":"https:\/\/pub-78925c7bf9ca4c6d820df8293a5c116c.r2.dev\/2024\/07\/LynnHan-logo3.png","width":390,"height":130,"caption":"Lynnhan - Trusted Supplier | LED\/OLED\/LCD\/E-paper digital signages"},"image":{"@id":"https:\/\/lynnhan.com\/km\/#\/schema\/logo\/image\/"}}]}},"jetpack_sharing_enabled":true,"_links":{"self":[{"href":"https:\/\/lynnhan.com\/sk\/wp-json\/wp\/v2\/pages\/601","targetHints":{"allow":["GET"]}}],"collection":[{"href":"https:\/\/lynnhan.com\/sk\/wp-json\/wp\/v2\/pages"}],"about":[{"href":"https:\/\/lynnhan.com\/sk\/wp-json\/wp\/v2\/types\/page"}],"author":[{"embeddable":true,"href":"https:\/\/lynnhan.com\/sk\/wp-json\/wp\/v2\/users\/1"}],"replies":[{"embeddable":true,"href":"https:\/\/lynnhan.com\/sk\/wp-json\/wp\/v2\/comments?post=601"}],"version-history":[{"count":0,"href":"https:\/\/lynnhan.com\/sk\/wp-json\/wp\/v2\/pages\/601\/revisions"}],"wp:attachment":[{"href":"https:\/\/lynnhan.com\/sk\/wp-json\/wp\/v2\/media?parent=601"}],"curies":[{"name":"wp","href":"https:\/\/api.w.org\/{rel}","templated":true}]}}