{"id":535,"date":"2024-02-27T08:28:56","date_gmt":"2024-02-27T08:28:56","guid":{"rendered":"https:\/\/lynnhan.com\/?page_id=535"},"modified":"2024-12-18T10:25:48","modified_gmt":"2024-12-18T10:25:48","slug":"platenie","status":"publish","type":"page","link":"https:\/\/lynnhan.com\/sk\/platenie\/","title":{"rendered":"Platenie"},"content":{"rendered":"<div data-elementor-type=\"wp-page\" data-elementor-id=\"535\" class=\"elementor elementor-535\" data-elementor-post-type=\"page\">\n\t\t\t\t<div class=\"elementor-element elementor-element-142d8d4 e-flex e-con-boxed e-con e-parent\" data-id=\"142d8d4\" data-element_type=\"container\">\n\t\t\t\t\t<div class=\"e-con-inner\">\n\t\t\t\t<div class=\"elementor-element elementor-element-6619f7f elementor-widget elementor-widget-image\" data-id=\"6619f7f\" data-element_type=\"widget\" data-widget_type=\"image.default\">\n\t\t\t\t<div class=\"elementor-widget-container\">\n\t\t\t\t\t\t\t\t\t\t\t\t\t\t\t<img fetchpriority=\"high\" decoding=\"async\" width=\"1920\" height=\"1076\" src=\"https:\/\/pub-78925c7bf9ca4c6d820df8293a5c116c.r2.dev\/2024\/12\/payments-2.webp\" class=\"attachment-full size-full wp-image-3303\" alt=\"V\u0161\" srcset=\"https:\/\/pub-78925c7bf9ca4c6d820df8293a5c116c.r2.dev\/2024\/12\/payments-2.webp 1920w, https:\/\/pub-78925c7bf9ca4c6d820df8293a5c116c.r2.dev\/2024\/12\/payments-2-700x392.webp 700w, https:\/\/pub-78925c7bf9ca4c6d820df8293a5c116c.r2.dev\/2024\/12\/payments-2-1024x574.webp 1024w, https:\/\/pub-78925c7bf9ca4c6d820df8293a5c116c.r2.dev\/2024\/12\/payments-2-768x430.webp 768w, https:\/\/pub-78925c7bf9ca4c6d820df8293a5c116c.r2.dev\/2024\/12\/payments-2-1536x861.webp 1536w, https:\/\/pub-78925c7bf9ca4c6d820df8293a5c116c.r2.dev\/2024\/12\/payments-2-18x10.webp 18w, https:\/\/pub-78925c7bf9ca4c6d820df8293a5c116c.r2.dev\/2024\/12\/payments-2-1140x639.webp 1140w, https:\/\/pub-78925c7bf9ca4c6d820df8293a5c116c.r2.dev\/2024\/12\/payments-2-920x516.webp 920w, https:\/\/pub-78925c7bf9ca4c6d820df8293a5c116c.r2.dev\/2024\/12\/payments-2-575x322.webp 575w, https:\/\/pub-78925c7bf9ca4c6d820df8293a5c116c.r2.dev\/2024\/12\/payments-2-380x213.webp 380w, https:\/\/pub-78925c7bf9ca4c6d820df8293a5c116c.r2.dev\/2024\/12\/payments-2-1320x740.webp 1320w, https:\/\/pub-78925c7bf9ca4c6d820df8293a5c116c.r2.dev\/2024\/12\/payments-2-800x448.webp 800w\" sizes=\"(max-width: 1920px) 100vw, 1920px\" \/>\t\t\t\t\t\t\t\t\t\t\t\t\t\t\t<\/div>\n\t\t\t\t<\/div>\n\t\t\t\t\t<\/div>\n\t\t\t\t<\/div>\n\t\t<div class=\"elementor-element elementor-element-d66f236 e-flex e-con-boxed e-con e-parent\" data-id=\"d66f236\" data-element_type=\"container\">\n\t\t\t\t\t<div class=\"e-con-inner\">\n\t\t\t\t<div class=\"elementor-element elementor-element-c3f9628 elementor-widget elementor-widget-text-editor\" data-id=\"c3f9628\" data-element_type=\"widget\" data-widget_type=\"text-editor.default\">\n\t\t\t\t<div class=\"elementor-widget-container\">\n\t\t\t\t\t\t\t\t\t<h3>Platenie rie\u0161enia v Lynnhan: Simplifikovan\u00e9 a bezpe\u010dn\u00e9 transakcie<\/h3><p><strong>Flexibiln\u00e9 platenie pre va\u0161e podnikov\u00e9 potreby<\/strong><\/p><p>V Lynnhan rozum\u00edme v\u00fdznamu flexibiln\u00fdch a bezpe\u010dn\u00fdch platenie rie\u0161ien pre podniky. Na\u0161\u00edm cie\u013eom je u\u013eah\u010di\u0165 v\u00e1m proces n\u00e1kupu tak, aby bol \u010do naj\u013eah\u0161\u00ed a bez probl\u00e9mov. Preto v\u00e1m pon\u00fakame \u0161irok\u00fd v\u00fdber platenie prisp\u00f4soben\u00fd r\u00f4znym potreb\u00e1m na\u0161ich B2B klientov.<\/p><p><strong>Bezpe\u010dn\u00e9 online platenie<\/strong><\/p><p>Pre zjednodu\u0161enie a efektivitu podporuje Lynnhan bezpe\u010dn\u00e9 online platenie. Na\u0161a platforma akceptuje hlavn\u00e9 kreditn\u00e9 karty, vr\u00e1tane Visa, MasterCard a American Express, ako aj PayPal pre r\u00fdchle a \u013eahk\u00e9 transakcie. Na\u0161a bezpe\u010dn\u00e1 platenie br\u00e1na zabezpe\u010duje, \u017ee va\u0161e finan\u010dn\u00e9 inform\u00e1cie s\u00fa v\u017edy chr\u00e1nen\u00e9, pou\u017e\u00edvan\u00edm pokro\u010dil\u00fdch \u0161ifrovac\u00edch a bezpe\u010dnostn\u00fdch protokolov.<\/p><p><strong>Bankov\u00e9 prelievy (T\/T a Western Union)<br \/><\/strong><\/p><p>Pre v\u00e4\u010d\u0161ie objedn\u00e1vky alebo \u0161peci\u00e1lne rie\u0161enia umo\u017e\u0148ujeme priame bankov\u00e9 prelievy. T\u00e1to mo\u017enos\u0165 umo\u017e\u0148uje v\u00e4\u010d\u0161iu flexibilitu pri spracov\u00e1van\u00ed finan\u010dn\u00fdch prostriedkov a je ide\u00e1lna pre podniky, ktor\u00e9 uprednost\u0148uj\u00fa tradi\u010dn\u00e9 platenie met\u00f3dy. Na\u0161a z\u00e1kazn\u00edcka slu\u017eba v\u00e1m poskytne v\u0161etky potrebn\u00e9 detaily na zjednodu\u0161enie priameho bankov\u00e9ho prelievu.<\/p><p><strong>Vlastn\u00e9 platenie pl\u00e1ny<\/strong><\/p><p>Rozumiame, \u017ee ka\u017ed\u00fd podnik m\u00e1 jedine\u010dn\u00e9 potreby, tak\u017ee Lynnhan je ochotn\u00fd diskutova\u0165 o vlastn\u00fdch platenie pl\u00e1noch. A\u0165 u\u017e je to postupn\u00fd platenie harmonogram alebo prisp\u00f4soben\u00e9 financovanie, n\u00e1\u0161 t\u00edm je odhodlan\u00fd spolupracova\u0165 s vami na n\u00e1jden\u00ed platenie \u0161trukt\u00fary, ktor\u00e1 vyhovuje va\u0161im podnikov\u00fdm po\u017eiadavk\u00e1m.<\/p><p><strong>Bezpe\u010dn\u00fd proces transakcie<\/strong><\/p><p>Bezpe\u010dnos\u0165 je najvy\u0161\u0161ia priorita pri platen\u00ed. Lynnhan pou\u017e\u00edva najnov\u0161ie bezpe\u010dnostn\u00e9 opatrenia na ochranu va\u0161ich transakci\u00ed a osobn\u00fdch inform\u00e1ci\u00ed. Na\u0161e prisp\u00f4sobenie \u0161tandardom PCI DSS zabezpe\u010duje, \u017ee v\u00e1\u0161 plat je spracovan\u00fd v najbezpe\u010dnej\u0161om prostred\u00ed.<\/p><p><strong>Oddelenie z\u00e1kazn\u00edckej podpory<\/strong><\/p><p>Na\u0161a oddelenie z\u00e1kazn\u00edckej podpory je tu, aby v\u00e1m pomohla s ak\u00fdmko\u013evek dotazom alebo probl\u00e9mom t\u00fdkaj\u00facim sa platenia. A\u0165 u\u017e potrebujete pomoc pri v\u00fdbere spr\u00e1vnej mo\u017enosti platenia, pochopen\u00ed v\u00e1\u0161ho fakt\u00fary alebo diskusiu o platenie pl\u00e1noch, sme tu, aby sme v\u00e1m zabezpe\u010dili hladk\u00fd transak\u010dn\u00fd z\u00e1\u017eitok.<\/p><p><strong>Ako urobi\u0165 platbu<\/strong><\/p><p>Platenie s Lynnhanom je jednoduch\u00e9. Po uroben\u00ed objedn\u00e1vky dostanete fakt\u00faru s podrobn\u00fdmi pokynmi k plateniu. Vyberte si uprednost\u0148ovan\u00fd sp\u00f4sob platenia a postupujte pod\u013ea uveden\u00fdch krokov, aby ste dokon\u010dili transakciu. Na\u0161a z\u00e1kazn\u00edcka slu\u017eba je v\u017edy k dispoz\u00edcii, ak potrebujete pomoc pri procese, ak\u00fdko\u013evek.<\/p><p>V Lynnhan sme oddan\u00ed poskytovaniu na\u0161im B2B klientom bezpe\u010dn\u00fdch, flexibiln\u00fdch a pohodln\u00fdch platenie rie\u0161ien. Na\u0161a \u0161\u00edrka platenie mo\u017enost\u00ed je navrhnut\u00e1 tak, aby vyhovovala \u0161pecifick\u00fdm potreb\u00e1m va\u0161eho podniku, zabezpe\u010duj\u00fac tak hladk\u00fd a efekt\u00edvny n\u00e1kupn\u00fd z\u00e1\u017eitok.<\/p>\t\t\t\t\t\t\t\t<\/div>\n\t\t\t\t<\/div>\n\t\t\t\t\t<\/div>\n\t\t\t\t<\/div>\n\t\t\t\t<\/div>","protected":false},"excerpt":{"rendered":"<p>Payment Solutions at Lynnhan: Streamlined and Secure Transactions Flexible Payment Options for Your Business Needs At Lynnhan, we understand the importance of flexible and secure payment solutions for businesses. Our [\u2026]<\/p>","protected":false},"author":1,"featured_media":0,"parent":0,"menu_order":0,"comment_status":"closed","ping_status":"closed","template":"","meta":{"footnotes":""},"class_list":["post-535","page","type-page","status-publish","hentry"],"yoast_head":"<!-- This site is optimized with the Yoast SEO plugin v26.6 - https:\/\/yoast.com\/wordpress\/plugins\/seo\/ -->\n<title>Payments: Lynnhan portable TV supplier<\/title>\n<meta name=\"description\" content=\"Discover how Lynnhan portable TV supplier Payments transforms your online purchases into smooth, effortless experiences.\" \/>\n<meta name=\"robots\" content=\"index, follow, max-snippet:-1, max-image-preview:large, max-video-preview:-1\" \/>\n<link rel=\"canonical\" href=\"https:\/\/lynnhan.com\/sk\/platenie\/\" \/>\n<meta property=\"og:locale\" content=\"sk_SK\" \/>\n<meta property=\"og:type\" content=\"article\" \/>\n<meta property=\"og:title\" content=\"Payments: Lynnhan portable TV supplier\" \/>\n<meta property=\"og:description\" content=\"Discover how Lynnhan portable TV supplier Payments transforms your online purchases into smooth, effortless experiences.\" \/>\n<meta property=\"og:url\" content=\"https:\/\/lynnhan.com\/sk\/platenie\/\" \/>\n<meta property=\"og:site_name\" content=\"Lynnhan - Trusted Supplier | LED\/OLED\/LCD\/E-paper digital signages\" \/>\n<meta property=\"article:modified_time\" content=\"2024-12-18T10:25:48+00:00\" \/>\n<meta property=\"og:image\" content=\"https:\/\/pub-78925c7bf9ca4c6d820df8293a5c116c.r2.dev\/2024\/12\/payments-2.webp\" \/>\n<meta name=\"twitter:card\" content=\"summary_large_image\" \/>\n<meta name=\"twitter:label1\" content=\"Predpokladan\u00fd \u010das \u010d\u00edtania\" \/>\n\t<meta name=\"twitter:data1\" content=\"2 min\u00faty\" \/>\n<script type=\"application\/ld+json\" class=\"yoast-schema-graph\">{\"@context\":\"https:\/\/schema.org\",\"@graph\":[{\"@type\":\"WebPage\",\"@id\":\"https:\/\/lynnhan.com\/payments\/\",\"url\":\"https:\/\/lynnhan.com\/payments\/\",\"name\":\"Payments: Lynnhan portable TV supplier\",\"isPartOf\":{\"@id\":\"https:\/\/lynnhan.com\/km\/#website\"},\"primaryImageOfPage\":{\"@id\":\"https:\/\/lynnhan.com\/payments\/#primaryimage\"},\"image\":{\"@id\":\"https:\/\/lynnhan.com\/payments\/#primaryimage\"},\"thumbnailUrl\":\"https:\/\/pub-78925c7bf9ca4c6d820df8293a5c116c.r2.dev\/2024\/12\/payments-2.webp\",\"datePublished\":\"2024-02-27T08:28:56+00:00\",\"dateModified\":\"2024-12-18T10:25:48+00:00\",\"description\":\"Discover how Lynnhan portable TV supplier Payments transforms your online purchases into smooth, effortless experiences.\",\"breadcrumb\":{\"@id\":\"https:\/\/lynnhan.com\/payments\/#breadcrumb\"},\"inLanguage\":\"sk-SK\",\"potentialAction\":[{\"@type\":\"ReadAction\",\"target\":[\"https:\/\/lynnhan.com\/payments\/\"]}]},{\"@type\":\"ImageObject\",\"inLanguage\":\"sk-SK\",\"@id\":\"https:\/\/lynnhan.com\/payments\/#primaryimage\",\"url\":\"https:\/\/pub-78925c7bf9ca4c6d820df8293a5c116c.r2.dev\/2024\/12\/payments-2.webp\",\"contentUrl\":\"https:\/\/pub-78925c7bf9ca4c6d820df8293a5c116c.r2.dev\/2024\/12\/payments-2.webp\"},{\"@type\":\"BreadcrumbList\",\"@id\":\"https:\/\/lynnhan.com\/payments\/#breadcrumb\",\"itemListElement\":[{\"@type\":\"ListItem\",\"position\":1,\"name\":\"Home\",\"item\":\"https:\/\/lynnhan.com\/\"},{\"@type\":\"ListItem\",\"position\":2,\"name\":\"Payments\"}]},{\"@type\":\"WebSite\",\"@id\":\"https:\/\/lynnhan.com\/km\/#website\",\"url\":\"https:\/\/lynnhan.com\/km\/\",\"name\":\"Lynnhan - Trusted Supplier | LED\/OLED\/LCD\/E-paper digital signages\",\"description\":\"Lynnhan - Trusted Supplier |  LED\/OLED\/LCD\/E-paper digital signages\",\"publisher\":{\"@id\":\"https:\/\/lynnhan.com\/km\/#organization\"},\"potentialAction\":[{\"@type\":\"SearchAction\",\"target\":{\"@type\":\"EntryPoint\",\"urlTemplate\":\"https:\/\/lynnhan.com\/km\/?s={search_term_string}\"},\"query-input\":{\"@type\":\"PropertyValueSpecification\",\"valueRequired\":true,\"valueName\":\"search_term_string\"}}],\"inLanguage\":\"sk-SK\"},{\"@type\":\"Organization\",\"@id\":\"https:\/\/lynnhan.com\/km\/#organization\",\"name\":\"Lynnhan - Trusted Supplier | LED\/OLED\/LCD\/E-paper digital signages\",\"url\":\"https:\/\/lynnhan.com\/km\/\",\"logo\":{\"@type\":\"ImageObject\",\"inLanguage\":\"sk-SK\",\"@id\":\"https:\/\/lynnhan.com\/km\/#\/schema\/logo\/image\/\",\"url\":\"https:\/\/pub-78925c7bf9ca4c6d820df8293a5c116c.r2.dev\/2024\/07\/LynnHan-logo3.png\",\"contentUrl\":\"https:\/\/pub-78925c7bf9ca4c6d820df8293a5c116c.r2.dev\/2024\/07\/LynnHan-logo3.png\",\"width\":390,\"height\":130,\"caption\":\"Lynnhan - Trusted Supplier | LED\/OLED\/LCD\/E-paper digital signages\"},\"image\":{\"@id\":\"https:\/\/lynnhan.com\/km\/#\/schema\/logo\/image\/\"}}]}<\/script>\n<!-- \/ Yoast SEO plugin. -->","yoast_head_json":{"title":"Platenie: Lynnhan mobiln\u00fd TV dod\u00e1vate\u013e","description":"Odkryjte, ako spolo\u010dnos\u0165 Lynnhan portable TV supplier Payments premen\u00ed va\u0161e online n\u00e1kupy na hladk\u00e9, be\u017en\u00e9 z\u00e1\u017eitky.","robots":{"index":"index","follow":"follow","max-snippet":"max-snippet:-1","max-image-preview":"max-image-preview:large","max-video-preview":"max-video-preview:-1"},"canonical":"https:\/\/lynnhan.com\/sk\/platenie\/","og_locale":"sk_SK","og_type":"article","og_title":"Payments: Lynnhan portable TV supplier","og_description":"Discover how Lynnhan portable TV supplier Payments transforms your online purchases into smooth, effortless experiences.","og_url":"https:\/\/lynnhan.com\/sk\/platenie\/","og_site_name":"Lynnhan - Trusted Supplier | LED\/OLED\/LCD\/E-paper digital signages","article_modified_time":"2024-12-18T10:25:48+00:00","og_image":[{"url":"https:\/\/pub-78925c7bf9ca4c6d820df8293a5c116c.r2.dev\/2024\/12\/payments-2.webp","type":"","width":"","height":""}],"twitter_card":"summary_large_image","twitter_misc":{"Predpokladan\u00fd \u010das \u010d\u00edtania":"2 min\u00faty"},"schema":{"@context":"https:\/\/schema.org","@graph":[{"@type":"WebPage","@id":"https:\/\/lynnhan.com\/payments\/","url":"https:\/\/lynnhan.com\/payments\/","name":"Platenie: Lynnhan mobiln\u00fd TV dod\u00e1vate\u013e","isPartOf":{"@id":"https:\/\/lynnhan.com\/km\/#website"},"primaryImageOfPage":{"@id":"https:\/\/lynnhan.com\/payments\/#primaryimage"},"image":{"@id":"https:\/\/lynnhan.com\/payments\/#primaryimage"},"thumbnailUrl":"https:\/\/pub-78925c7bf9ca4c6d820df8293a5c116c.r2.dev\/2024\/12\/payments-2.webp","datePublished":"2024-02-27T08:28:56+00:00","dateModified":"2024-12-18T10:25:48+00:00","description":"Odkryjte, ako spolo\u010dnos\u0165 Lynnhan portable TV supplier Payments premen\u00ed va\u0161e online n\u00e1kupy na hladk\u00e9, be\u017en\u00e9 z\u00e1\u017eitky.","breadcrumb":{"@id":"https:\/\/lynnhan.com\/payments\/#breadcrumb"},"inLanguage":"sk-SK","potentialAction":[{"@type":"ReadAction","target":["https:\/\/lynnhan.com\/payments\/"]}]},{"@type":"ImageObject","inLanguage":"sk-SK","@id":"https:\/\/lynnhan.com\/payments\/#primaryimage","url":"https:\/\/pub-78925c7bf9ca4c6d820df8293a5c116c.r2.dev\/2024\/12\/payments-2.webp","contentUrl":"https:\/\/pub-78925c7bf9ca4c6d820df8293a5c116c.r2.dev\/2024\/12\/payments-2.webp"},{"@type":"BreadcrumbList","@id":"https:\/\/lynnhan.com\/payments\/#breadcrumb","itemListElement":[{"@type":"ListItem","position":1,"name":"Home","item":"https:\/\/lynnhan.com\/"},{"@type":"ListItem","position":2,"name":"Payments"}]},{"@type":"WebSite","@id":"https:\/\/lynnhan.com\/km\/#website","url":"https:\/\/lynnhan.com\/km\/","name":"Lynnhan - D\u00f4very\u010dn\u00fd dod\u00e1vate\u013e | Digit\u00e1lna reklama LED\/OLED\/LCD\/E-paper","description":"Lynnhan - D\u00f4very\u010dn\u00fd dod\u00e1vate\u013e |  LED\/OLED\/LCD\/E-paper digit\u00e1lna reklama","publisher":{"@id":"https:\/\/lynnhan.com\/km\/#organization"},"potentialAction":[{"@type":"SearchAction","target":{"@type":"EntryPoint","urlTemplate":"https:\/\/lynnhan.com\/km\/?s={search_term_string}"},"query-input":{"@type":"PropertyValueSpecification","valueRequired":true,"valueName":"search_term_string"}}],"inLanguage":"sk-SK"},{"@type":"Organization","@id":"https:\/\/lynnhan.com\/km\/#organization","name":"Lynnhan - D\u00f4very\u010dn\u00fd dod\u00e1vate\u013e | Digit\u00e1lna reklama LED\/OLED\/LCD\/E-paper","url":"https:\/\/lynnhan.com\/km\/","logo":{"@type":"ImageObject","inLanguage":"sk-SK","@id":"https:\/\/lynnhan.com\/km\/#\/schema\/logo\/image\/","url":"https:\/\/pub-78925c7bf9ca4c6d820df8293a5c116c.r2.dev\/2024\/07\/LynnHan-logo3.png","contentUrl":"https:\/\/pub-78925c7bf9ca4c6d820df8293a5c116c.r2.dev\/2024\/07\/LynnHan-logo3.png","width":390,"height":130,"caption":"Lynnhan - Trusted Supplier | LED\/OLED\/LCD\/E-paper digital signages"},"image":{"@id":"https:\/\/lynnhan.com\/km\/#\/schema\/logo\/image\/"}}]}},"jetpack_sharing_enabled":true,"_links":{"self":[{"href":"https:\/\/lynnhan.com\/sk\/wp-json\/wp\/v2\/pages\/535","targetHints":{"allow":["GET"]}}],"collection":[{"href":"https:\/\/lynnhan.com\/sk\/wp-json\/wp\/v2\/pages"}],"about":[{"href":"https:\/\/lynnhan.com\/sk\/wp-json\/wp\/v2\/types\/page"}],"author":[{"embeddable":true,"href":"https:\/\/lynnhan.com\/sk\/wp-json\/wp\/v2\/users\/1"}],"replies":[{"embeddable":true,"href":"https:\/\/lynnhan.com\/sk\/wp-json\/wp\/v2\/comments?post=535"}],"version-history":[{"count":0,"href":"https:\/\/lynnhan.com\/sk\/wp-json\/wp\/v2\/pages\/535\/revisions"}],"wp:attachment":[{"href":"https:\/\/lynnhan.com\/sk\/wp-json\/wp\/v2\/media?parent=535"}],"curies":[{"name":"wp","href":"https:\/\/api.w.org\/{rel}","templated":true}]}}