{"id":517,"date":"2024-02-27T08:02:52","date_gmt":"2024-02-27T08:02:52","guid":{"rendered":"https:\/\/lynnhan.com\/?page_id=517"},"modified":"2024-12-24T08:39:31","modified_gmt":"2024-12-24T08:39:31","slug":"preco-lynnhan","status":"publish","type":"page","link":"https:\/\/lynnhan.com\/sk\/preco-lynnhan\/","title":{"rendered":"Pre\u010do Lynnhan"},"content":{"rendered":"<div data-elementor-type=\"wp-page\" data-elementor-id=\"517\" class=\"elementor elementor-517\" data-elementor-post-type=\"page\">\n\t\t\t\t<div class=\"elementor-element elementor-element-ac24e16 e-flex e-con-boxed e-con e-parent\" data-id=\"ac24e16\" data-element_type=\"container\">\n\t\t\t\t\t<div class=\"e-con-inner\">\n\t\t\t\t<div class=\"elementor-element elementor-element-a8ffeb6 elementor-widget elementor-widget-image\" data-id=\"a8ffeb6\" data-element_type=\"widget\" data-widget_type=\"image.default\">\n\t\t\t\t<div class=\"elementor-widget-container\">\n\t\t\t\t\t\t\t\t\t\t\t\t\t\t\t<img fetchpriority=\"high\" decoding=\"async\" width=\"1920\" height=\"1076\" src=\"https:\/\/pub-78925c7bf9ca4c6d820df8293a5c116c.r2.dev\/2024\/12\/Why-Lynnhan.webp\" class=\"attachment-full size-full wp-image-3274\" alt=\"Wlhy All in One LED v\u00fdrobcu Lynnhan\" srcset=\"https:\/\/pub-78925c7bf9ca4c6d820df8293a5c116c.r2.dev\/2024\/12\/Why-Lynnhan.webp 1920w, https:\/\/pub-78925c7bf9ca4c6d820df8293a5c116c.r2.dev\/2024\/12\/Why-Lynnhan-700x392.webp 700w, https:\/\/pub-78925c7bf9ca4c6d820df8293a5c116c.r2.dev\/2024\/12\/Why-Lynnhan-1024x574.webp 1024w, https:\/\/pub-78925c7bf9ca4c6d820df8293a5c116c.r2.dev\/2024\/12\/Why-Lynnhan-768x430.webp 768w, https:\/\/pub-78925c7bf9ca4c6d820df8293a5c116c.r2.dev\/2024\/12\/Why-Lynnhan-1536x861.webp 1536w, https:\/\/pub-78925c7bf9ca4c6d820df8293a5c116c.r2.dev\/2024\/12\/Why-Lynnhan-18x10.webp 18w, https:\/\/pub-78925c7bf9ca4c6d820df8293a5c116c.r2.dev\/2024\/12\/Why-Lynnhan-1140x639.webp 1140w, https:\/\/pub-78925c7bf9ca4c6d820df8293a5c116c.r2.dev\/2024\/12\/Why-Lynnhan-920x516.webp 920w, https:\/\/pub-78925c7bf9ca4c6d820df8293a5c116c.r2.dev\/2024\/12\/Why-Lynnhan-575x322.webp 575w, https:\/\/pub-78925c7bf9ca4c6d820df8293a5c116c.r2.dev\/2024\/12\/Why-Lynnhan-380x213.webp 380w, https:\/\/pub-78925c7bf9ca4c6d820df8293a5c116c.r2.dev\/2024\/12\/Why-Lynnhan-1320x740.webp 1320w, https:\/\/pub-78925c7bf9ca4c6d820df8293a5c116c.r2.dev\/2024\/12\/Why-Lynnhan-800x448.webp 800w\" sizes=\"(max-width: 1920px) 100vw, 1920px\" \/>\t\t\t\t\t\t\t\t\t\t\t\t\t\t\t<\/div>\n\t\t\t\t<\/div>\n\t\t\t\t\t<\/div>\n\t\t\t\t<\/div>\n\t\t<div class=\"elementor-element elementor-element-1c5267a e-flex e-con-boxed e-con e-parent\" data-id=\"1c5267a\" data-element_type=\"container\">\n\t\t\t\t\t<div class=\"e-con-inner\">\n\t\t\t\t<div class=\"elementor-element elementor-element-fadb91b elementor-widget elementor-widget-text-editor\" data-id=\"fadb91b\" data-element_type=\"widget\" data-widget_type=\"text-editor.default\">\n\t\t\t\t<div class=\"elementor-widget-container\">\n\t\t\t\t\t\t\t\t\t<h3>16. Pre\u010do vybra\u0165 Lynnhan: V\u00e1\u0161 partner v inteligentn\u00fdch rie\u0161eniach technologick\u00fdch probl\u00e9mov<\/h3><p><strong>17. Inova\u010dn\u00e9 rie\u0161enia pre s\u00fa\u010dasn\u00fa v\u00fdzvu<\/strong><\/p><p>18. V svete, kde sa technol\u00f3gia vyv\u00edja ako blesk, sa Lynnhan vyzna\u010duje ako majster inov\u00e1ci\u00ed a d\u00f4very. Rozumejeme slo\u017eitosti s\u00fa\u010dasn\u00e9ho podnikov\u00e9ho a vzdel\u00e1vacieho prostredia a venujeme sa vyu\u017e\u00edvaniu pokro\u010dil\u00fdch umel\u00fdch inteligenci\u00ed AI a najnov\u0161\u00edch technol\u00f3gi\u00ed, poskytuj\u00fac smart technologick\u00e9 rie\u0161enia, ktor\u00e9 tieto v\u00fdzvy tvrdo \u010delia. Zobrazieme v\u00e1m iba nieko\u013eko d\u00f4vodov, pre\u010do v\u00fdber Lynnhan je inteligentn\u00e1 vo\u013eba pre va\u0161u organiz\u00e1ciu.<\/p><p><strong>19. Neokoren\u00fd odborn\u00edctvo<\/strong><\/p><p>20. So z\u00e1sobou viac ako desa\u0165ro\u010dn\u00e9ho p\u00f4sobenia v oblasti smart technol\u00f3gi\u00ed priniesol Lynnhan do stolika bohatos\u0165 vedomost\u00ed a sk\u00fasenost\u00ed. Na\u0161o t\u00edmov expertov je hluboko investovan\u00fd do v\u00fdskumu a v\u00fdvoja, \u010do znamen\u00e1, \u017ee ka\u017ed\u00fd produkt, ktor\u00fd pon\u00fakame, je na \u0161pi\u010dke technol\u00f3gie. Ke\u010f vyberiete Lynnhan, nie ste len z\u00e1kazn\u00edkom; z\u00edskavate partnera s d\u00f4kazom o kvalite.<\/p><p><strong>21. Prisp\u00f4sobite\u013en\u00e9 rie\u0161enia<\/strong><\/p><p>22. Hrd\u00edme sa schopnosti prisp\u00f4sobi\u0165 na\u0161ie produkty a slu\u017eby na jedine\u010dn\u00e9 potreby na\u0161ich klientov. Od vzdel\u00e1vania a zdravotnej starostlivosti cez re\u0165ail a korporat\u00edvne prostredie, \u0161irok\u00e1 \u0161k\u00e1la smart tabuli\u00ed, mobiln\u00fdch TV, dotykov\u00fdch obrazoviek, tabletov, laptopov, mini PC a no\u0161ite\u013en\u00fdch zariaden\u00ed od Lynnhan m\u00f4\u017ee by\u0165 prisp\u00f4soben\u00e1 na va\u0161e \u0161pecifick\u00e9 po\u017eiadavky. Na\u0161ie flexibiln\u00e9 OEM\/ODM slu\u017eby znamenaj\u00fa, \u017ee v\u00e1\u0161 n\u00e1pad m\u00f4\u017ee sa sta\u0165 realitou, s technologick\u00fdmi rie\u0161eniami navrhnut\u00fdmi \u0161peci\u00e1lne pre v\u00e1s.<\/p><p><strong>23. Ochrana kvality<\/strong><\/p><p>24. Kvalita nie je iba cie\u013e; to je slib. V Lynnhan ka\u017ed\u00fd produkt prech\u00e1dza prikrutn\u00fdm testovan\u00edm a procesmi kvalitn\u00e9ho kontrolovania, aby vyhovoval na\u0161im vysok\u00fdm \u0161tandardom. Pou\u017e\u00edvame iba najlep\u0161ie materi\u00e1ly a najnov\u0161ie v\u00fdrobn\u00e9 techniky, aby sme zabezpe\u010dili spolehlivos\u0165 a trvanlivos\u0165. Ke\u010f investujete do technol\u00f3gi\u00ed Lynnhan, investujete do kvality, ktor\u00e1 vydr\u017e\u00ed.<\/p><p><strong>25. Udr\u017eiavate\u013enos\u0165 a zodpovednos\u0165<\/strong><\/p><p>26. Ak\u00fdm sa vyd\u00e1vame do bud\u00facnosti, Lynnhan ost\u00e1va oddan\u00fd udr\u017eiavate\u013enosti a etick\u00fdm praxem. Neust\u00e1le h\u013ead\u00e1me cesty, ako zmen\u0161i\u0165 na\u0161u \u017eivotnos\u0165nos\u0165n\u00e9 dopady a vyv\u00edja\u0165 produkty, ktor\u00e9 nie s\u00fa iba inova\u010dn\u00e9, ale aj prisp\u00f4sobive\u013en\u00e9. Partnerstvo s Lynnhan znamen\u00e1 podporu spolo\u010dnosti, ktor\u00e1 sa star\u00e1 o plan\u00e9tu rovnako ako vy.<\/p><p><strong>27. V<\/strong><\/p><p>Our relationship with our clients doesn\u2019t end with a sale. Lynnhan offers comprehensive customer support, from initial consultation and installation to ongoing technical assistance and training. Our dedicated team is always ready to help you get the most out of your Lynnhan solutions, ensuring your experience is seamless and satisfactory.<\/p><p><strong>Global Reach, Local Touch<\/strong><\/p><p>Lynnhan\u2019s global presence doesn\u2019t come at the expense of personalized service. We value our local customers and strive to understand and meet their needs with the same dedication and care as our international clients. Wherever you are, Lynnhan is there to support you.<\/p><p><strong>Investovanie do v\u00e1\u0161ho \u00faspechu<\/strong><\/p><p>U Lynnhan je v\u00e1\u0161 \u00faspech aj n\u00e1\u0161 \u00faspech. Nejedn\u00e1me sa iba o pred\u00e1vanie produktov; pon\u00fakame rie\u0161enia, ktor\u00e9 podporuj\u00fa rast, zvy\u0161uj\u00fa produkt\u00edvnos\u0165 a zlep\u0161uj\u00fa \u017eivoty. Na\u0161e z\u00e1vazok vo\u010di inov\u00e1ci\u00e1m, kvalite a spokojenosti z\u00e1kazn\u00edkov je neodradite\u013en\u00fd, preto\u017ee ver\u00edme, \u017ee budujeme dlhoro\u010dn\u00e9 partnerstv\u00e1 so na\u0161imi klientmi.<\/p><p><strong>Vyberte Lynnhan: kde sa inov\u00e1cia stretnie s \u043d\u0430\u0434?konalos\u0165ou<\/strong><\/p><p>Ke\u010f vyberiete Lynnhan, vyberiete sa partnera, ktor\u00fd je zasv\u00e4ten\u00fd v\u00e1\u0161mu \u00faspechu. S na\u0161imi inova\u010dn\u00fdmi rie\u0161eniami, prisp\u00f4soben\u00fdm pr\u00edstupom, z\u00e1vazkom vo\u010di kvalite a vynikaj\u00facim podporu, jsme pripraven\u00ed v\u00e1m pom\u00f4c\u0165 vyrie\u0161i\u0165 v\u00fdzvy dnes a v bud\u00facnosti.<\/p><p>Obezn\u00e1mte sa s rozdielom Lynnhan. Poj\u010fme inov\u00e1ciu spolo\u010dne.<\/p>\t\t\t\t\t\t\t\t<\/div>\n\t\t\t\t<\/div>\n\t\t\t\t\t<\/div>\n\t\t\t\t<\/div>\n\t\t\t\t<\/div>","protected":false},"excerpt":{"rendered":"<p>Why Lynnhan: Your Partner in Smart Technology Solutions Innovative Solutions for Modern Challenges In a world where technology evolves at lightning speed, Lynnhan stands out as a beacon of innovation [\u2026]<\/p>","protected":false},"author":1,"featured_media":0,"parent":0,"menu_order":0,"comment_status":"closed","ping_status":"closed","template":"","meta":{"footnotes":""},"class_list":["post-517","page","type-page","status-publish","hentry"],"yoast_head":"<!-- This site is optimized with the Yoast SEO plugin v26.6 - https:\/\/yoast.com\/wordpress\/plugins\/seo\/ -->\n<title>Why Lynnhan ? Smart Tech, Smart Touch<\/title>\n<meta name=\"description\" content=\"Experience the LynnHan difference. From innovative products to dedicated support, see why we exceed expectations.\" \/>\n<meta name=\"robots\" content=\"index, follow, max-snippet:-1, max-image-preview:large, max-video-preview:-1\" \/>\n<link rel=\"canonical\" href=\"https:\/\/lynnhan.com\/sk\/preco-lynnhan\/\" \/>\n<meta property=\"og:locale\" content=\"sk_SK\" \/>\n<meta property=\"og:type\" content=\"article\" \/>\n<meta property=\"og:title\" content=\"Why Lynnhan ? Smart Tech, Smart Touch\" \/>\n<meta property=\"og:description\" content=\"Experience the LynnHan difference. From innovative products to dedicated support, see why we exceed expectations.\" \/>\n<meta property=\"og:url\" content=\"https:\/\/lynnhan.com\/sk\/preco-lynnhan\/\" \/>\n<meta property=\"og:site_name\" content=\"Lynnhan - Trusted Supplier | LED\/OLED\/LCD\/E-paper digital signages\" \/>\n<meta property=\"article:modified_time\" content=\"2024-12-24T08:39:31+00:00\" \/>\n<meta property=\"og:image\" content=\"https:\/\/pub-78925c7bf9ca4c6d820df8293a5c116c.r2.dev\/2024\/12\/Why-Lynnhan.webp\" \/>\n<meta name=\"twitter:card\" content=\"summary_large_image\" \/>\n<meta name=\"twitter:label1\" content=\"Predpokladan\u00fd \u010das \u010d\u00edtania\" \/>\n\t<meta name=\"twitter:data1\" content=\"3 min\u00faty\" \/>\n<script type=\"application\/ld+json\" class=\"yoast-schema-graph\">{\"@context\":\"https:\/\/schema.org\",\"@graph\":[{\"@type\":\"WebPage\",\"@id\":\"https:\/\/lynnhan.com\/why-lynnhan\/\",\"url\":\"https:\/\/lynnhan.com\/why-lynnhan\/\",\"name\":\"Why Lynnhan ? Smart Tech, Smart Touch\",\"isPartOf\":{\"@id\":\"https:\/\/lynnhan.com\/km\/#website\"},\"primaryImageOfPage\":{\"@id\":\"https:\/\/lynnhan.com\/why-lynnhan\/#primaryimage\"},\"image\":{\"@id\":\"https:\/\/lynnhan.com\/why-lynnhan\/#primaryimage\"},\"thumbnailUrl\":\"https:\/\/pub-78925c7bf9ca4c6d820df8293a5c116c.r2.dev\/2024\/12\/Why-Lynnhan.webp\",\"datePublished\":\"2024-02-27T08:02:52+00:00\",\"dateModified\":\"2024-12-24T08:39:31+00:00\",\"description\":\"Experience the LynnHan difference. From innovative products to dedicated support, see why we exceed expectations.\",\"breadcrumb\":{\"@id\":\"https:\/\/lynnhan.com\/why-lynnhan\/#breadcrumb\"},\"inLanguage\":\"sk-SK\",\"potentialAction\":[{\"@type\":\"ReadAction\",\"target\":[\"https:\/\/lynnhan.com\/why-lynnhan\/\"]}]},{\"@type\":\"ImageObject\",\"inLanguage\":\"sk-SK\",\"@id\":\"https:\/\/lynnhan.com\/why-lynnhan\/#primaryimage\",\"url\":\"https:\/\/pub-78925c7bf9ca4c6d820df8293a5c116c.r2.dev\/2024\/12\/Why-Lynnhan.webp\",\"contentUrl\":\"https:\/\/pub-78925c7bf9ca4c6d820df8293a5c116c.r2.dev\/2024\/12\/Why-Lynnhan.webp\"},{\"@type\":\"BreadcrumbList\",\"@id\":\"https:\/\/lynnhan.com\/why-lynnhan\/#breadcrumb\",\"itemListElement\":[{\"@type\":\"ListItem\",\"position\":1,\"name\":\"Home\",\"item\":\"https:\/\/lynnhan.com\/\"},{\"@type\":\"ListItem\",\"position\":2,\"name\":\"Why Lynnhan\"}]},{\"@type\":\"WebSite\",\"@id\":\"https:\/\/lynnhan.com\/km\/#website\",\"url\":\"https:\/\/lynnhan.com\/km\/\",\"name\":\"Lynnhan - Trusted Supplier | LED\/OLED\/LCD\/E-paper digital signages\",\"description\":\"Lynnhan - Trusted Supplier |  LED\/OLED\/LCD\/E-paper digital signages\",\"publisher\":{\"@id\":\"https:\/\/lynnhan.com\/km\/#organization\"},\"potentialAction\":[{\"@type\":\"SearchAction\",\"target\":{\"@type\":\"EntryPoint\",\"urlTemplate\":\"https:\/\/lynnhan.com\/km\/?s={search_term_string}\"},\"query-input\":{\"@type\":\"PropertyValueSpecification\",\"valueRequired\":true,\"valueName\":\"search_term_string\"}}],\"inLanguage\":\"sk-SK\"},{\"@type\":\"Organization\",\"@id\":\"https:\/\/lynnhan.com\/km\/#organization\",\"name\":\"Lynnhan - Trusted Supplier | LED\/OLED\/LCD\/E-paper digital signages\",\"url\":\"https:\/\/lynnhan.com\/km\/\",\"logo\":{\"@type\":\"ImageObject\",\"inLanguage\":\"sk-SK\",\"@id\":\"https:\/\/lynnhan.com\/km\/#\/schema\/logo\/image\/\",\"url\":\"https:\/\/pub-78925c7bf9ca4c6d820df8293a5c116c.r2.dev\/2024\/07\/LynnHan-logo3.png\",\"contentUrl\":\"https:\/\/pub-78925c7bf9ca4c6d820df8293a5c116c.r2.dev\/2024\/07\/LynnHan-logo3.png\",\"width\":390,\"height\":130,\"caption\":\"Lynnhan - Trusted Supplier | LED\/OLED\/LCD\/E-paper digital signages\"},\"image\":{\"@id\":\"https:\/\/lynnhan.com\/km\/#\/schema\/logo\/image\/\"}}]}<\/script>\n<!-- \/ Yoast SEO plugin. -->","yoast_head_json":{"title":"Pre\u010do Lynnhan? Smart Tech, Smart Touch","description":"Sk\u00faste rozdiel LynnHan. Od inovat\u00edvnych produktov po venovan\u00e9 podporu, vidite, pre\u010do prekvapujeme o\u010dak\u00e1vania.","robots":{"index":"index","follow":"follow","max-snippet":"max-snippet:-1","max-image-preview":"max-image-preview:large","max-video-preview":"max-video-preview:-1"},"canonical":"https:\/\/lynnhan.com\/sk\/preco-lynnhan\/","og_locale":"sk_SK","og_type":"article","og_title":"Why Lynnhan ? Smart Tech, Smart Touch","og_description":"Experience the LynnHan difference. From innovative products to dedicated support, see why we exceed expectations.","og_url":"https:\/\/lynnhan.com\/sk\/preco-lynnhan\/","og_site_name":"Lynnhan - Trusted Supplier | LED\/OLED\/LCD\/E-paper digital signages","article_modified_time":"2024-12-24T08:39:31+00:00","og_image":[{"url":"https:\/\/pub-78925c7bf9ca4c6d820df8293a5c116c.r2.dev\/2024\/12\/Why-Lynnhan.webp","type":"","width":"","height":""}],"twitter_card":"summary_large_image","twitter_misc":{"Predpokladan\u00fd \u010das \u010d\u00edtania":"3 min\u00faty"},"schema":{"@context":"https:\/\/schema.org","@graph":[{"@type":"WebPage","@id":"https:\/\/lynnhan.com\/why-lynnhan\/","url":"https:\/\/lynnhan.com\/why-lynnhan\/","name":"Pre\u010do Lynnhan? Smart Tech, Smart Touch","isPartOf":{"@id":"https:\/\/lynnhan.com\/km\/#website"},"primaryImageOfPage":{"@id":"https:\/\/lynnhan.com\/why-lynnhan\/#primaryimage"},"image":{"@id":"https:\/\/lynnhan.com\/why-lynnhan\/#primaryimage"},"thumbnailUrl":"https:\/\/pub-78925c7bf9ca4c6d820df8293a5c116c.r2.dev\/2024\/12\/Why-Lynnhan.webp","datePublished":"2024-02-27T08:02:52+00:00","dateModified":"2024-12-24T08:39:31+00:00","description":"Sk\u00faste rozdiel LynnHan. Od inovat\u00edvnych produktov po venovan\u00e9 podporu, vidite, pre\u010do prekvapujeme o\u010dak\u00e1vania.","breadcrumb":{"@id":"https:\/\/lynnhan.com\/why-lynnhan\/#breadcrumb"},"inLanguage":"sk-SK","potentialAction":[{"@type":"ReadAction","target":["https:\/\/lynnhan.com\/why-lynnhan\/"]}]},{"@type":"ImageObject","inLanguage":"sk-SK","@id":"https:\/\/lynnhan.com\/why-lynnhan\/#primaryimage","url":"https:\/\/pub-78925c7bf9ca4c6d820df8293a5c116c.r2.dev\/2024\/12\/Why-Lynnhan.webp","contentUrl":"https:\/\/pub-78925c7bf9ca4c6d820df8293a5c116c.r2.dev\/2024\/12\/Why-Lynnhan.webp"},{"@type":"BreadcrumbList","@id":"https:\/\/lynnhan.com\/why-lynnhan\/#breadcrumb","itemListElement":[{"@type":"ListItem","position":1,"name":"Home","item":"https:\/\/lynnhan.com\/"},{"@type":"ListItem","position":2,"name":"Why Lynnhan"}]},{"@type":"WebSite","@id":"https:\/\/lynnhan.com\/km\/#website","url":"https:\/\/lynnhan.com\/km\/","name":"Lynnhan - D\u00f4very\u010dn\u00fd dod\u00e1vate\u013e | Digit\u00e1lna reklama LED\/OLED\/LCD\/E-paper","description":"Lynnhan - D\u00f4very\u010dn\u00fd dod\u00e1vate\u013e |  LED\/OLED\/LCD\/E-paper digit\u00e1lna reklama","publisher":{"@id":"https:\/\/lynnhan.com\/km\/#organization"},"potentialAction":[{"@type":"SearchAction","target":{"@type":"EntryPoint","urlTemplate":"https:\/\/lynnhan.com\/km\/?s={search_term_string}"},"query-input":{"@type":"PropertyValueSpecification","valueRequired":true,"valueName":"search_term_string"}}],"inLanguage":"sk-SK"},{"@type":"Organization","@id":"https:\/\/lynnhan.com\/km\/#organization","name":"Lynnhan - D\u00f4very\u010dn\u00fd dod\u00e1vate\u013e | Digit\u00e1lna reklama LED\/OLED\/LCD\/E-paper","url":"https:\/\/lynnhan.com\/km\/","logo":{"@type":"ImageObject","inLanguage":"sk-SK","@id":"https:\/\/lynnhan.com\/km\/#\/schema\/logo\/image\/","url":"https:\/\/pub-78925c7bf9ca4c6d820df8293a5c116c.r2.dev\/2024\/07\/LynnHan-logo3.png","contentUrl":"https:\/\/pub-78925c7bf9ca4c6d820df8293a5c116c.r2.dev\/2024\/07\/LynnHan-logo3.png","width":390,"height":130,"caption":"Lynnhan - Trusted Supplier | LED\/OLED\/LCD\/E-paper digital signages"},"image":{"@id":"https:\/\/lynnhan.com\/km\/#\/schema\/logo\/image\/"}}]}},"jetpack_sharing_enabled":true,"_links":{"self":[{"href":"https:\/\/lynnhan.com\/sk\/wp-json\/wp\/v2\/pages\/517","targetHints":{"allow":["GET"]}}],"collection":[{"href":"https:\/\/lynnhan.com\/sk\/wp-json\/wp\/v2\/pages"}],"about":[{"href":"https:\/\/lynnhan.com\/sk\/wp-json\/wp\/v2\/types\/page"}],"author":[{"embeddable":true,"href":"https:\/\/lynnhan.com\/sk\/wp-json\/wp\/v2\/users\/1"}],"replies":[{"embeddable":true,"href":"https:\/\/lynnhan.com\/sk\/wp-json\/wp\/v2\/comments?post=517"}],"version-history":[{"count":0,"href":"https:\/\/lynnhan.com\/sk\/wp-json\/wp\/v2\/pages\/517\/revisions"}],"wp:attachment":[{"href":"https:\/\/lynnhan.com\/sk\/wp-json\/wp\/v2\/media?parent=517"}],"curies":[{"name":"wp","href":"https:\/\/api.w.org\/{rel}","templated":true}]}}