{"id":601,"date":"2024-02-28T03:19:26","date_gmt":"2024-02-28T03:19:26","guid":{"rendered":"https:\/\/lynnhan.com\/?page_id=601"},"modified":"2024-12-18T10:32:06","modified_gmt":"2024-12-18T10:32:06","slug":"%e8%a1%8c%e4%b8%ba%e5%87%86%e5%88%99","status":"publish","type":"page","link":"https:\/\/lynnhan.com\/sd\/%e8%a1%8c%e4%b8%ba%e5%87%86%e5%88%99\/","title":{"rendered":"\u884c\u4e3a\u51c6\u5219"},"content":{"rendered":"<div data-elementor-type=\"wp-page\" data-elementor-id=\"601\" class=\"elementor elementor-601\" data-elementor-post-type=\"page\">\n\t\t\t\t<div class=\"elementor-element elementor-element-1f21eb2 e-flex e-con-boxed e-con e-parent\" data-id=\"1f21eb2\" data-element_type=\"container\">\n\t\t\t\t\t<div class=\"e-con-inner\">\n\t\t\t\t<div class=\"elementor-element elementor-element-bfcddf0 elementor-widget elementor-widget-image\" data-id=\"bfcddf0\" data-element_type=\"widget\" data-widget_type=\"image.default\">\n\t\t\t\t<div class=\"elementor-widget-container\">\n\t\t\t\t\t\t\t\t\t\t\t\t\t\t\t<img fetchpriority=\"high\" decoding=\"async\" width=\"1536\" height=\"768\" src=\"https:\/\/pub-78925c7bf9ca4c6d820df8293a5c116c.r2.dev\/2024\/12\/Code-Of-Conduct.webp\" class=\"attachment-full size-full wp-image-3311\" alt=\"\u4e00\u7ad9\u5f0fLED\u4f9b\u5e94\u5546\u884c\u4e3a\u51c6\u5219\" srcset=\"https:\/\/pub-78925c7bf9ca4c6d820df8293a5c116c.r2.dev\/2024\/12\/Code-Of-Conduct.webp 1536w, https:\/\/pub-78925c7bf9ca4c6d820df8293a5c116c.r2.dev\/2024\/12\/Code-Of-Conduct-700x350.webp 700w, https:\/\/pub-78925c7bf9ca4c6d820df8293a5c116c.r2.dev\/2024\/12\/Code-Of-Conduct-1024x512.webp 1024w, https:\/\/pub-78925c7bf9ca4c6d820df8293a5c116c.r2.dev\/2024\/12\/Code-Of-Conduct-768x384.webp 768w, https:\/\/pub-78925c7bf9ca4c6d820df8293a5c116c.r2.dev\/2024\/12\/Code-Of-Conduct-18x9.webp 18w, https:\/\/pub-78925c7bf9ca4c6d820df8293a5c116c.r2.dev\/2024\/12\/Code-Of-Conduct-1140x570.webp 1140w, https:\/\/pub-78925c7bf9ca4c6d820df8293a5c116c.r2.dev\/2024\/12\/Code-Of-Conduct-920x460.webp 920w, https:\/\/pub-78925c7bf9ca4c6d820df8293a5c116c.r2.dev\/2024\/12\/Code-Of-Conduct-575x288.webp 575w, https:\/\/pub-78925c7bf9ca4c6d820df8293a5c116c.r2.dev\/2024\/12\/Code-Of-Conduct-380x190.webp 380w, https:\/\/pub-78925c7bf9ca4c6d820df8293a5c116c.r2.dev\/2024\/12\/Code-Of-Conduct-1320x660.webp 1320w, https:\/\/pub-78925c7bf9ca4c6d820df8293a5c116c.r2.dev\/2024\/12\/Code-Of-Conduct-800x400.webp 800w\" sizes=\"(max-width: 1536px) 100vw, 1536px\" \/>\t\t\t\t\t\t\t\t\t\t\t\t\t\t\t<\/div>\n\t\t\t\t<\/div>\n\t\t\t\t\t<\/div>\n\t\t\t\t<\/div>\n\t\t<div class=\"elementor-element elementor-element-7b6aef8e e-flex e-con-boxed e-con e-parent\" data-id=\"7b6aef8e\" data-element_type=\"container\">\n\t\t\t\t\t<div class=\"e-con-inner\">\n\t\t\t\t<div class=\"elementor-element elementor-element-620072c1 elementor-widget elementor-widget-text-editor\" data-id=\"620072c1\" data-element_type=\"widget\" data-widget_type=\"text-editor.default\">\n\t\t\t\t<div class=\"elementor-widget-container\">\n\t\t\t\t\t\t\t\t\t\n<p><strong>3. Vorstellung<\/strong><\/p>\n\n\n\n<p>Lynnhan'da, \u015firketimizi en y\u00fcksek d\u00fcr\u00fcstl\u00fck ve profesyonellik standartlar\u0131na g\u00f6re y\u00fcr\u00fctmeye adanm\u0131\u015f\u0131z. Bu Davran\u0131\u015f Kurallar\u0131, \u00e7al\u0131\u015fanlar\u0131m\u0131z, ortaklar\u0131m\u0131z ve yan kurulu\u015flar\u0131m\u0131z i\u00e7in bir rehber olarak hizmet eder, kurumsal davran\u0131\u015f\u0131m\u0131z\u0131 ve karar verme s\u00fcre\u00e7lerimizi tan\u0131mlayan ilkeleri ve standartlar\u0131 belirtir.<\/p>\n\n\n\n<p><strong>D\u00fcr\u00fcstl\u00fck Taahh\u00fcd\u00fcm\u00fcz<\/strong><\/p>\n\n\n\n<ul class=\"wp-block-list\">\n<li><strong>Ahlaki \u0130\u015f Y\u00fcr\u00fctme<\/strong>: \u0130\u015flerimizi d\u00fcr\u00fcst ve d\u00fcr\u00fcstl\u00fck i\u00e7inde y\u00fcr\u00fctmeye adanm\u0131\u015f\u0131z, t\u00fcm uygulanan yasalara, y\u00f6netmeliklere ve standartlara sayg\u0131 g\u00f6steriyoruz.<\/li>\n\n\n\n<li><strong>\u015eeffafl\u0131k<\/strong>: T\u00fcm i\u015f ili\u015fkilerimizde a\u00e7\u0131kl\u0131k ve \u015feffafl\u0131k ortam\u0131 te\u015fvik ediyoruz, payda\u015flar\u0131m\u0131z\u0131n s\u00fcre\u00e7lerimiz hakk\u0131nda bilgilendirilmi\u015f ve kat\u0131l\u0131m g\u00f6stermi\u015f olmalar\u0131n\u0131 sa\u011fl\u0131yoruz.<\/li>\n<\/ul>\n\n\n\n<p><strong>Sayg\u0131 ve Adalet<\/strong><\/p>\n\n\n\n<ul class=\"wp-block-list\">\n<li><strong>\u00c7e\u015fitlilik ve Kat\u0131l\u0131m<\/strong>: \u00c7e\u015fitlili\u011fi de\u011ferliyoruz ve herkesin sayg\u0131 ve onura sahip oldu\u011fu bir ortam olu\u015fturmak i\u00e7in kararl\u0131y\u0131z.<\/li>\n\n\n\n<li><strong>tacizsiz \u0130\u015f Yeri<\/strong>: Lynnhan, taciz, ayr\u0131mc\u0131l\u0131k veya herhangi bir t\u00fcr \u015fiddetin olmad\u0131\u011f\u0131 bir i\u015f yeri olu\u015fturmak i\u00e7in kararl\u0131d\u0131r. T\u00fcm \u00e7al\u0131\u015fanlar, olumlu ve sayg\u0131l\u0131 bir i\u015f ortam\u0131na katk\u0131da bulunmalar\u0131 beklenmektedir.<\/li>\n<\/ul>\n\n\n\n<p><strong>Sorumluluk ve G\u00f6rev<\/strong><\/p>\n\n\n\n<ul class=\"wp-block-list\">\n<li><strong>Uyumluluk<\/strong>: T\u00fcm \u00e7al\u0131\u015fanlar ve ortaklar, bu Davran\u0131\u015f Kurallar\u0131, \u015firket politikalar\u0131n\u0131 ve t\u00fcm uygulanan yasalara ve y\u00f6netmeliklere uyum sa\u011flamak zorundad\u0131r.<\/li>\n\n\n\n<li><strong>\u0130hlalleri Raporlama<\/strong>: Herhangi bir ahlaki davran\u0131\u015f veya bu Davran\u0131\u015f Kurallar\u0131 ihlallerini rapor etmeyi te\u015fvik ediyoruz. Lynnhan, iyi niyetle ihlalleri rapor eden bireylerin herhangi bir cezai yapt\u0131r\u0131mla kar\u015f\u0131la\u015fmayaca\u011f\u0131n\u0131 sa\u011flar.<\/li>\n<\/ul>\n\n\n\n<p><strong>Gizlilik ve Gizlilik<\/strong><\/p>\n\n\n\n<ul class=\"wp-block-list\">\n<li><strong>Bilgi Koruma<\/strong>: M\u00fc\u015fterilerimiz, \u00e7al\u0131\u015fanlar\u0131m\u0131z ve ortaklar\u0131m\u0131z\u0131n gizlilik ve gizlili\u011fini korumaya adanm\u0131\u015f\u0131z. Bilgiler en \u00fcst d\u00fczeyde dikkat ve g\u00fcvenlikle ele al\u0131n\u0131r.<\/li>\n\n\n\n<li><strong>\u77e5\u8bc6\u4ea7\u6743<\/strong>: Fikir sahibi haklar\u0131na sayg\u0131 g\u00f6steriyoruz ve \u00e7al\u0131\u015fanlar\u0131m\u0131z ve ortaklar\u0131m\u0131zdan da ayn\u0131 \u015fekilde bekliyoruz.<\/li>\n<\/ul>\n\n\n\n<p><strong>\u00c7\u0131kar \u00c7at\u0131\u015fmas\u0131<\/strong><\/p>\n\n\n\n<ul class=\"wp-block-list\">\n<li><strong>\u00c7\u0131kar \u00c7at\u0131\u015fmalar\u0131n\u0131 \u00d6nleme<\/strong>: \u00c7al\u0131\u015fanlar ve ortaklar, i\u015flerini tarafs\u0131z bir \u015fekilde yerine getirebilmeleri veya yapma iste\u011fini engelleyebilecek ki\u015fisel, finansal veya di\u011fer \u00e7\u0131karlardan ka\u00e7\u0131nmal\u0131d\u0131r.<\/li>\n\n\n\n<li><strong>A\u00e7\u0131klama<\/strong>: Potansiyel \u00e7\u0131kar \u00e7at\u0131\u015fmalar\u0131 y\u00f6netim taraf\u0131ndan de\u011ferlendirme ve rehberlik i\u00e7in a\u00e7\u0131klanmal\u0131d\u0131r.<\/li>\n<\/ul>\n\n\n\n<p><strong>\u00c7evresel Sorumluluk<\/strong><\/p>\n\n\n\n<ul class=\"wp-block-list\">\n<li><strong>\u53ef\u6301\u7eed\u6027<\/strong>: Lynnhan s\u00fcrd\u00fcr\u00fclebilirlik ve \u00e7evresel y\u00f6neticilikle kararl\u0131d\u0131r. \u00c7evresel etkimize en aza indirgemek ve i\u015flerimizin t\u00fcm alanlar\u0131nda sorumlu uygulamalar\u0131 te\u015fvik etmeyi hedefliyoruz.<\/li>\n<\/ul>\n\n\n\n<p><strong>Topluluk \u0130leti\u015fimi<\/strong><\/p>\n\n\n\n<ul class=\"wp-block-list\">\n<li><strong>Geri Verme<\/strong>: Faaliyet g\u00f6sterdi\u011fimiz topluluklara geri verme inanc\u0131na sahibiz, \u00e7al\u0131\u015fanlar\u0131m\u0131z ve ortaklar\u0131m\u0131z aras\u0131nda hizmet ve g\u00f6n\u00fcll\u00fcl\u00fck ruhunu te\u015fvik ediyoruz.<\/li>\n<\/ul>\n\n\n\n<p><strong>\u5b9e\u65bd\u4e0e\u6267\u884c<\/strong><\/p>\n\n\n\n<ul class=\"wp-block-list\">\n<li><strong>\u57f9\u8bad<\/strong>: \u6240\u6709\u5458\u5de5\u90fd\u5c06\u63a5\u53d7\u5173\u4e8e\u672c\u884c\u4e3a\u51c6\u5219\u7684\u57f9\u8bad\uff0c\u4ee5\u786e\u4fdd\u4ed6\u4eec\u7406\u89e3\u548c\u80fd\u591f\u6709\u6548\u7ef4\u62a4\u8fd9\u4e9b\u539f\u5219\u3002<\/li>\n\n\n\n<li><strong>\u6267\u6cd5<\/strong>: \u5bf9\u672c\u884c\u4e3a\u51c6\u5219\u7684\u8fdd\u53cd\u5c06\u53d7\u5230\u4e25\u8083\u5904\u7406\uff0c\u53ef\u80fd\u5bfc\u81f4\u7eaa\u5f8b\u5904\u5206\uff0c\u5305\u62ec\u7ec8\u6b62\u96c7\u4f63\u5173\u7cfb\u6216\u5546\u4e1a\u5173\u7cfb\u3002<\/li>\n<\/ul>\n\n\n\n<p><strong>16. \u8f7b\u5982\u7fbd\u6bdb\u7684\u8bbe\u8ba1<\/strong><\/p>\n\n\n\n<p>\u672c\u884c\u4e3a\u51c6\u5219\u662f\u6211\u4eecLynnhan\u4f7f\u547d\u7684\u6838\u5fc3\u3002\u901a\u8fc7\u9075\u5b88\u8fd9\u4e9b\u539f\u5219\uff0c\u6211\u4eec\u7ef4\u62a4\u6211\u4eec\u7684\u6b63\u76f4\u58f0\u8a89\uff0c\u4fc3\u8fdb\u79ef\u6781\u7684\u5de5\u4f5c\u573a\u6240\u6587\u5316\uff0c\u5e76\u4e0e\u6211\u4eec\u7684\u5ba2\u6237\u3001\u5408\u4f5c\u4f19\u4f34\u548c\u793e\u533a\u5efa\u7acb\u4fe1\u4efb\u3002\u6211\u4eec\u4e00\u8d77\u786e\u4fddLynnhan\u7ee7\u7eed\u662f\u4e00\u4e2a\u5353\u8d8a\u3001\u5c0a\u91cd\u548c\u6b63\u76f4\u7e41\u8363\u7684\u5730\u65b9\u3002<\/p>\n\t\t\t\t\t\t\t\t<\/div>\n\t\t\t\t<\/div>\n\t\t\t\t\t<\/div>\n\t\t\t\t<\/div>\n\t\t\t\t<\/div>","protected":false},"excerpt":{"rendered":"<p>Introduction At Lynnhan, we are committed to conducting our business according to the highest standards of integrity and professionalism. This Code of Conduct serves as a guide for our employees, [\u2026]<\/p>","protected":false},"author":1,"featured_media":0,"parent":0,"menu_order":0,"comment_status":"closed","ping_status":"closed","template":"","meta":{"footnotes":""},"class_list":["post-601","page","type-page","status-publish","hentry"],"yoast_head":"<!-- This site is optimized with the Yoast SEO plugin v26.6 - https:\/\/yoast.com\/wordpress\/plugins\/seo\/ -->\n<title>Code of Conduct-Lynnhan smart display factory<\/title>\n<meta name=\"description\" content=\"Lynnhan smart display factory&#039;s commits to ethics and integrity. Our code of conduct ensures a respectful and inclusive culture for all.\" \/>\n<meta name=\"robots\" content=\"index, follow, max-snippet:-1, max-image-preview:large, max-video-preview:-1\" \/>\n<link rel=\"canonical\" href=\"https:\/\/lynnhan.com\/sd\/\u884c\u4e3a\u51c6\u5219\/\" \/>\n<meta property=\"og:locale\" content=\"en_US\" \/>\n<meta property=\"og:type\" content=\"article\" \/>\n<meta property=\"og:title\" content=\"Code of Conduct-Lynnhan smart display factory\" \/>\n<meta property=\"og:description\" content=\"Lynnhan smart display factory&#039;s commits to ethics and integrity. Our code of conduct ensures a respectful and inclusive culture for all.\" \/>\n<meta property=\"og:url\" content=\"https:\/\/lynnhan.com\/sd\/\u884c\u4e3a\u51c6\u5219\/\" \/>\n<meta property=\"og:site_name\" content=\"Lynnhan - Trusted Supplier | LED\/OLED\/LCD\/E-paper digital signages\" \/>\n<meta property=\"article:modified_time\" content=\"2024-12-18T10:32:06+00:00\" \/>\n<meta property=\"og:image\" content=\"https:\/\/pub-78925c7bf9ca4c6d820df8293a5c116c.r2.dev\/2024\/12\/Code-Of-Conduct.webp\" \/>\n<meta name=\"twitter:card\" content=\"summary_large_image\" \/>\n<meta name=\"twitter:label1\" content=\"Est. reading time\" \/>\n\t<meta name=\"twitter:data1\" content=\"3 \u0645\u0646\u067d\" \/>\n<script type=\"application\/ld+json\" class=\"yoast-schema-graph\">{\"@context\":\"https:\/\/schema.org\",\"@graph\":[{\"@type\":\"WebPage\",\"@id\":\"https:\/\/lynnhan.com\/ja\/%e8%a1%8c%e5%8b%95%e8%a6%8f%e7%af%84\/\",\"url\":\"https:\/\/lynnhan.com\/ja\/%e8%a1%8c%e5%8b%95%e8%a6%8f%e7%af%84\/\",\"name\":\"Code of Conduct-Lynnhan smart display factory\",\"isPartOf\":{\"@id\":\"https:\/\/lynnhan.com\/km\/#website\"},\"primaryImageOfPage\":{\"@id\":\"https:\/\/lynnhan.com\/ja\/%e8%a1%8c%e5%8b%95%e8%a6%8f%e7%af%84\/#primaryimage\"},\"image\":{\"@id\":\"https:\/\/lynnhan.com\/ja\/%e8%a1%8c%e5%8b%95%e8%a6%8f%e7%af%84\/#primaryimage\"},\"thumbnailUrl\":\"https:\/\/pub-78925c7bf9ca4c6d820df8293a5c116c.r2.dev\/2024\/12\/Code-Of-Conduct.webp\",\"datePublished\":\"2024-02-28T03:19:26+00:00\",\"dateModified\":\"2024-12-18T10:32:06+00:00\",\"description\":\"Lynnhan smart display factory's commits to ethics and integrity. Our code of conduct ensures a respectful and inclusive culture for all.\",\"breadcrumb\":{\"@id\":\"https:\/\/lynnhan.com\/ja\/%e8%a1%8c%e5%8b%95%e8%a6%8f%e7%af%84\/#breadcrumb\"},\"inLanguage\":\"snd\",\"potentialAction\":[{\"@type\":\"ReadAction\",\"target\":[\"https:\/\/lynnhan.com\/ja\/%e8%a1%8c%e5%8b%95%e8%a6%8f%e7%af%84\/\"]}]},{\"@type\":\"ImageObject\",\"inLanguage\":\"snd\",\"@id\":\"https:\/\/lynnhan.com\/ja\/%e8%a1%8c%e5%8b%95%e8%a6%8f%e7%af%84\/#primaryimage\",\"url\":\"https:\/\/pub-78925c7bf9ca4c6d820df8293a5c116c.r2.dev\/2024\/12\/Code-Of-Conduct.webp\",\"contentUrl\":\"https:\/\/pub-78925c7bf9ca4c6d820df8293a5c116c.r2.dev\/2024\/12\/Code-Of-Conduct.webp\"},{\"@type\":\"BreadcrumbList\",\"@id\":\"https:\/\/lynnhan.com\/ja\/%e8%a1%8c%e5%8b%95%e8%a6%8f%e7%af%84\/#breadcrumb\",\"itemListElement\":[{\"@type\":\"ListItem\",\"position\":1,\"name\":\"Home\",\"item\":\"https:\/\/lynnhan.com\/\"},{\"@type\":\"ListItem\",\"position\":2,\"name\":\"Code Of Conduct\"}]},{\"@type\":\"WebSite\",\"@id\":\"https:\/\/lynnhan.com\/km\/#website\",\"url\":\"https:\/\/lynnhan.com\/km\/\",\"name\":\"Lynnhan - Trusted Supplier | LED\/OLED\/LCD\/E-paper digital signages\",\"description\":\"Lynnhan - Trusted Supplier |  LED\/OLED\/LCD\/E-paper digital signages\",\"publisher\":{\"@id\":\"https:\/\/lynnhan.com\/km\/#organization\"},\"potentialAction\":[{\"@type\":\"SearchAction\",\"target\":{\"@type\":\"EntryPoint\",\"urlTemplate\":\"https:\/\/lynnhan.com\/km\/?s={search_term_string}\"},\"query-input\":{\"@type\":\"PropertyValueSpecification\",\"valueRequired\":true,\"valueName\":\"search_term_string\"}}],\"inLanguage\":\"snd\"},{\"@type\":\"Organization\",\"@id\":\"https:\/\/lynnhan.com\/km\/#organization\",\"name\":\"Lynnhan - Trusted Supplier | LED\/OLED\/LCD\/E-paper digital signages\",\"url\":\"https:\/\/lynnhan.com\/km\/\",\"logo\":{\"@type\":\"ImageObject\",\"inLanguage\":\"snd\",\"@id\":\"https:\/\/lynnhan.com\/km\/#\/schema\/logo\/image\/\",\"url\":\"https:\/\/pub-78925c7bf9ca4c6d820df8293a5c116c.r2.dev\/2024\/07\/LynnHan-logo3.png\",\"contentUrl\":\"https:\/\/pub-78925c7bf9ca4c6d820df8293a5c116c.r2.dev\/2024\/07\/LynnHan-logo3.png\",\"width\":390,\"height\":130,\"caption\":\"Lynnhan - Trusted Supplier | LED\/OLED\/LCD\/E-paper digital signages\"},\"image\":{\"@id\":\"https:\/\/lynnhan.com\/km\/#\/schema\/logo\/image\/\"}}]}<\/script>\n<!-- \/ Yoast SEO plugin. -->","yoast_head_json":{"title":"\u884c\u4e3a\u51c6\u5219-\u6797\u701a\u667a\u80fd\u663e\u793a\u5c4f\u5de5\u5382","description":"Ly\u00f1han\u667a\u80fd\u663e\u793a\u5668\u5de5\u5382\u81f4\u529b\u4e8e\u9053\u5fb7\u548c\u8bda\u4fe1\u3002\u6211\u4eec\u7684\u884c\u4e3a\u51c6\u5219\u786e\u4fdd\u5bf9\u6240\u6709\u4eba\u5458\u90fd\u5c0a\u91cd\u548c\u5305\u5bb9\u3002","robots":{"index":"index","follow":"follow","max-snippet":"max-snippet:-1","max-image-preview":"max-image-preview:large","max-video-preview":"max-video-preview:-1"},"canonical":"https:\/\/lynnhan.com\/sd\/\u884c\u4e3a\u51c6\u5219\/","og_locale":"en_US","og_type":"article","og_title":"Code of Conduct-Lynnhan smart display factory","og_description":"Lynnhan smart display factory's commits to ethics and integrity. Our code of conduct ensures a respectful and inclusive culture for all.","og_url":"https:\/\/lynnhan.com\/sd\/\u884c\u4e3a\u51c6\u5219\/","og_site_name":"Lynnhan - Trusted Supplier | LED\/OLED\/LCD\/E-paper digital signages","article_modified_time":"2024-12-18T10:32:06+00:00","og_image":[{"url":"https:\/\/pub-78925c7bf9ca4c6d820df8293a5c116c.r2.dev\/2024\/12\/Code-Of-Conduct.webp","type":"","width":"","height":""}],"twitter_card":"summary_large_image","twitter_misc":{"Est. reading time":"3 \u0645\u0646\u067d"},"schema":{"@context":"https:\/\/schema.org","@graph":[{"@type":"WebPage","@id":"https:\/\/lynnhan.com\/ja\/%e8%a1%8c%e5%8b%95%e8%a6%8f%e7%af%84\/","url":"https:\/\/lynnhan.com\/ja\/%e8%a1%8c%e5%8b%95%e8%a6%8f%e7%af%84\/","name":"\u884c\u4e3a\u51c6\u5219-\u6797\u701a\u667a\u80fd\u663e\u793a\u5c4f\u5de5\u5382","isPartOf":{"@id":"https:\/\/lynnhan.com\/km\/#website"},"primaryImageOfPage":{"@id":"https:\/\/lynnhan.com\/ja\/%e8%a1%8c%e5%8b%95%e8%a6%8f%e7%af%84\/#primaryimage"},"image":{"@id":"https:\/\/lynnhan.com\/ja\/%e8%a1%8c%e5%8b%95%e8%a6%8f%e7%af%84\/#primaryimage"},"thumbnailUrl":"https:\/\/pub-78925c7bf9ca4c6d820df8293a5c116c.r2.dev\/2024\/12\/Code-Of-Conduct.webp","datePublished":"2024-02-28T03:19:26+00:00","dateModified":"2024-12-18T10:32:06+00:00","description":"Ly\u00f1han\u667a\u80fd\u663e\u793a\u5668\u5de5\u5382\u81f4\u529b\u4e8e\u9053\u5fb7\u548c\u8bda\u4fe1\u3002\u6211\u4eec\u7684\u884c\u4e3a\u51c6\u5219\u786e\u4fdd\u5bf9\u6240\u6709\u4eba\u5458\u90fd\u5c0a\u91cd\u548c\u5305\u5bb9\u3002","breadcrumb":{"@id":"https:\/\/lynnhan.com\/ja\/%e8%a1%8c%e5%8b%95%e8%a6%8f%e7%af%84\/#breadcrumb"},"inLanguage":"snd","potentialAction":[{"@type":"ReadAction","target":["https:\/\/lynnhan.com\/ja\/%e8%a1%8c%e5%8b%95%e8%a6%8f%e7%af%84\/"]}]},{"@type":"ImageObject","inLanguage":"snd","@id":"https:\/\/lynnhan.com\/ja\/%e8%a1%8c%e5%8b%95%e8%a6%8f%e7%af%84\/#primaryimage","url":"https:\/\/pub-78925c7bf9ca4c6d820df8293a5c116c.r2.dev\/2024\/12\/Code-Of-Conduct.webp","contentUrl":"https:\/\/pub-78925c7bf9ca4c6d820df8293a5c116c.r2.dev\/2024\/12\/Code-Of-Conduct.webp"},{"@type":"BreadcrumbList","@id":"https:\/\/lynnhan.com\/ja\/%e8%a1%8c%e5%8b%95%e8%a6%8f%e7%af%84\/#breadcrumb","itemListElement":[{"@type":"ListItem","position":1,"name":"Home","item":"https:\/\/lynnhan.com\/"},{"@type":"ListItem","position":2,"name":"Code Of Conduct"}]},{"@type":"WebSite","@id":"https:\/\/lynnhan.com\/km\/#website","url":"https:\/\/lynnhan.com\/km\/","name":"Lynnhan - \u4fe1\u4efb\u7684\u4f9b\u5e94\u5546 | LED\/OLED\/LCD\/E-paper \u6570\u5b57\u6807\u8bc6","description":"\u6797\u6c49 - \u53ef\u4fe1\u8d56\u7684\u4f9b\u5e94\u5546 | LED\/OLED\/LCD\/E-paper\u6570\u5b57\u6807\u724c","publisher":{"@id":"https:\/\/lynnhan.com\/km\/#organization"},"potentialAction":[{"@type":"SearchAction","target":{"@type":"EntryPoint","urlTemplate":"https:\/\/lynnhan.com\/km\/?s={search_term_string}"},"query-input":{"@type":"PropertyValueSpecification","valueRequired":true,"valueName":"search_term_string"}}],"inLanguage":"snd"},{"@type":"Organization","@id":"https:\/\/lynnhan.com\/km\/#organization","name":"Lynnhan - \u4fe1\u4efb\u7684\u4f9b\u5e94\u5546 | LED\/OLED\/LCD\/E-paper \u6570\u5b57\u6807\u8bc6","url":"https:\/\/lynnhan.com\/km\/","logo":{"@type":"ImageObject","inLanguage":"snd","@id":"https:\/\/lynnhan.com\/km\/#\/schema\/logo\/image\/","url":"https:\/\/pub-78925c7bf9ca4c6d820df8293a5c116c.r2.dev\/2024\/07\/LynnHan-logo3.png","contentUrl":"https:\/\/pub-78925c7bf9ca4c6d820df8293a5c116c.r2.dev\/2024\/07\/LynnHan-logo3.png","width":390,"height":130,"caption":"Lynnhan - Trusted Supplier | LED\/OLED\/LCD\/E-paper digital signages"},"image":{"@id":"https:\/\/lynnhan.com\/km\/#\/schema\/logo\/image\/"}}]}},"jetpack_sharing_enabled":true,"_links":{"self":[{"href":"https:\/\/lynnhan.com\/sd\/wp-json\/wp\/v2\/pages\/601","targetHints":{"allow":["GET"]}}],"collection":[{"href":"https:\/\/lynnhan.com\/sd\/wp-json\/wp\/v2\/pages"}],"about":[{"href":"https:\/\/lynnhan.com\/sd\/wp-json\/wp\/v2\/types\/page"}],"author":[{"embeddable":true,"href":"https:\/\/lynnhan.com\/sd\/wp-json\/wp\/v2\/users\/1"}],"replies":[{"embeddable":true,"href":"https:\/\/lynnhan.com\/sd\/wp-json\/wp\/v2\/comments?post=601"}],"version-history":[{"count":0,"href":"https:\/\/lynnhan.com\/sd\/wp-json\/wp\/v2\/pages\/601\/revisions"}],"wp:attachment":[{"href":"https:\/\/lynnhan.com\/sd\/wp-json\/wp\/v2\/media?parent=601"}],"curies":[{"name":"wp","href":"https:\/\/api.w.org\/{rel}","templated":true}]}}