{"id":603,"date":"2024-02-28T03:02:21","date_gmt":"2024-02-28T03:02:21","guid":{"rendered":"https:\/\/lynnhan.com\/?page_id=603"},"modified":"2024-12-18T10:29:55","modified_gmt":"2024-12-18T10:29:55","slug":"termenii-de-serviciu","status":"publish","type":"page","link":"https:\/\/lynnhan.com\/ro\/termenii-de-serviciu\/","title":{"rendered":"Termeni de Serviciu"},"content":{"rendered":"<div data-elementor-type=\"wp-page\" data-elementor-id=\"603\" class=\"elementor elementor-603\" data-elementor-post-type=\"page\">\n\t\t\t\t<div class=\"elementor-element elementor-element-15d4236 e-flex e-con-boxed e-con e-parent\" data-id=\"15d4236\" data-element_type=\"container\">\n\t\t\t\t\t<div class=\"e-con-inner\">\n\t\t\t\t<div class=\"elementor-element elementor-element-86e3659 elementor-widget elementor-widget-image\" data-id=\"86e3659\" data-element_type=\"widget\" data-widget_type=\"image.default\">\n\t\t\t\t<div class=\"elementor-widget-container\">\n\t\t\t\t\t\t\t\t\t\t\t\t\t\t\t<img fetchpriority=\"high\" decoding=\"async\" width=\"1456\" height=\"816\" src=\"https:\/\/pub-78925c7bf9ca4c6d820df8293a5c116c.r2.dev\/2024\/12\/Terms-Of-Service.webp\" class=\"attachment-full size-full wp-image-3307\" alt=\"Termeni \u0219i Condi\u021bii ale Serviciului LED All in One\" srcset=\"https:\/\/pub-78925c7bf9ca4c6d820df8293a5c116c.r2.dev\/2024\/12\/Terms-Of-Service.webp 1456w, https:\/\/pub-78925c7bf9ca4c6d820df8293a5c116c.r2.dev\/2024\/12\/Terms-Of-Service-700x392.webp 700w, https:\/\/pub-78925c7bf9ca4c6d820df8293a5c116c.r2.dev\/2024\/12\/Terms-Of-Service-1024x574.webp 1024w, https:\/\/pub-78925c7bf9ca4c6d820df8293a5c116c.r2.dev\/2024\/12\/Terms-Of-Service-768x430.webp 768w, https:\/\/pub-78925c7bf9ca4c6d820df8293a5c116c.r2.dev\/2024\/12\/Terms-Of-Service-18x10.webp 18w, https:\/\/pub-78925c7bf9ca4c6d820df8293a5c116c.r2.dev\/2024\/12\/Terms-Of-Service-1140x639.webp 1140w, https:\/\/pub-78925c7bf9ca4c6d820df8293a5c116c.r2.dev\/2024\/12\/Terms-Of-Service-920x516.webp 920w, https:\/\/pub-78925c7bf9ca4c6d820df8293a5c116c.r2.dev\/2024\/12\/Terms-Of-Service-575x322.webp 575w, https:\/\/pub-78925c7bf9ca4c6d820df8293a5c116c.r2.dev\/2024\/12\/Terms-Of-Service-380x213.webp 380w, https:\/\/pub-78925c7bf9ca4c6d820df8293a5c116c.r2.dev\/2024\/12\/Terms-Of-Service-1320x740.webp 1320w, https:\/\/pub-78925c7bf9ca4c6d820df8293a5c116c.r2.dev\/2024\/12\/Terms-Of-Service-800x448.webp 800w\" sizes=\"(max-width: 1456px) 100vw, 1456px\" \/>\t\t\t\t\t\t\t\t\t\t\t\t\t\t\t<\/div>\n\t\t\t\t<\/div>\n\t\t\t\t\t<\/div>\n\t\t\t\t<\/div>\n\t\t<div class=\"elementor-element elementor-element-c870f31 e-flex e-con-boxed e-con e-parent\" data-id=\"c870f31\" data-element_type=\"container\">\n\t\t\t\t\t<div class=\"e-con-inner\">\n\t\t\t\t<div class=\"elementor-element elementor-element-1d30a00 elementor-widget elementor-widget-text-editor\" data-id=\"1d30a00\" data-element_type=\"widget\" data-widget_type=\"text-editor.default\">\n\t\t\t\t<div class=\"elementor-widget-container\">\n\t\t\t\t\t\t\t\t\t<h3>1. Termeni de Serviciu pentru Lynnhan<\/h3><p><strong>2. Bun venit la Lynnhan<\/strong><\/p><p>3. V\u0103 mul\u021bumim c\u0103 a\u021bi ales Lynnhan pentru nevoile dvs. de tehnologie inteligent\u0103. Prin accesarea \u0219i utilizarea website-ului nostru, produselor \u0219i serviciilor, sunte\u021bi de acord s\u0103 respecta\u021bi \u0219i s\u0103 fi\u021bi lega\u021bi de urm\u0103torii termeni \u0219i condi\u021bii de serviciu. Ace\u0219ti termeni se aplic\u0103 tuturor utilizatorilor, vizitatorilor \u0219i altor persoane care acceseaz\u0103 sau utilizeaz\u0103 Serviciul. V\u0103 rug\u0103m s\u0103 citi\u021bi cu aten\u021bie ace\u0219ti termeni \u00eenainte de a utiliza serviciile noastre.<\/p><p><strong>4. Utilizarea Serviciilor Noastre<\/strong><\/p><ul><li><strong>5. Calitatea de Utilizator<\/strong>6. : Trebuie s\u0103 ave\u021bi cel pu\u021bin 18 ani pentru a utiliza serviciile noastre sau s\u0103 ave\u021bi consim\u021b\u0103m\u00e2nt legal parental sau tutelar dac\u0103 sunte\u021bi minor \u00een jurisdic\u021bia dvs.<\/li><li><strong>7. Licen\u021b\u0103 pentru Utilizare<\/strong>8. : Lynnhan v\u0103 acord\u0103 o licen\u021b\u0103 limitat\u0103, neexclusiv\u0103, neatrag\u0103 la transfer, pentru a accesa \u0219i a utiliza serviciile noastre pentru scopuri personale sau interne de afaceri, conform acestor Termeni de Serviciu.<\/li><li><strong>9. \u00cenregistrarea Contului<\/strong>10. : Anumite aspecte ale serviciului nostru pot necesita crearea unui cont. Sunte\u021bi responsabil pentru men\u021binerea confiden\u021bialit\u0103\u021bii informa\u021biilor contului dvs. \u0219i pentru toate activit\u0103\u021bile care au loc sub contul dvs.<\/li><\/ul><p><strong>11. Conduite Interzise<\/strong><\/p><p>12. Sunte\u021bi de acord s\u0103 nu participa\u021bi la urm\u0103toarele activit\u0103\u021bi interzise:<\/p><ul><li>13. Folosirea serviciului pentru orice scop ilegal sau \u00eenc\u0103lcarea oric\u0103rei legi locale, statale, na\u021bionale sau interna\u021bionale.<\/li><li>14. \u00cenc\u0103lcarea sau \u00eencercarea de a \u00eenc\u0103lca securitatea serviciilor noastre.<\/li><li>15. Folosirea serviciului pentru a distribui malware sau con\u021binut malefic.<\/li><li>16. \u00cenc\u0103lcarea drepturilor de proprietate intelectual\u0103 sau drepturilor proprietare ale Lynnhan sau ale unei ter\u021be p\u0103r\u021bi.<\/li><\/ul><p><strong>Proprietate intelectual\u0103<\/strong><\/p><p>17. Toate con\u021binuturile furnizate pe serviciile noastre, inclusiv, dar f\u0103r\u0103 a se limita la, text, grafice, logo-uri, imagini \u0219i software, sunt proprietatea Lynnhan sau a furnizorilor s\u0103i de con\u021binut \u0219i sunt protejate de legile interna\u021bionale de drepturi de autor \u0219i proprietate intelectual\u0103.<\/p><p><strong>18. Con\u021binutul Utilizatorului<\/strong><\/p><p>19. Dac\u0103 posta\u021bi, \u00eenc\u0103rca\u021bi sau \u00een alt mod face\u021bi disponibil orice con\u021binut pe serviciile noastre, le acorda\u021bi Lynnhan o licen\u021b\u0103 neexclusiv\u0103, global\u0103, nelucrativ\u0103 pentru a utiliza, reproduce, modifica \u0219i afi\u0219a astfel de con\u021binut \u00een leg\u0103tur\u0103 cu furnizarea serviciului.<\/p><p><strong>20. \u00cencetarea<\/strong><\/p><p>21. Lynnhan rezerv\u0103 dreptul de a termina sau de a suspenda accesul dvs. la serviciile noastre f\u0103r\u0103 notificare prealabil\u0103 sau r\u0103spundere, din orice motiv whatsoever, inclusiv f\u0103r\u0103 a se limita, dac\u0103 \u00eenc\u0103lca\u021bi Termenii de Serviciu.<\/p><p><strong>22. Renun\u021barea la Garan\u021bii<\/strong><\/p><p>23. Serviciile noastre sunt furnizate pe baza unui \u201cstare curent\u0103\u201d \u0219i \u201cdisponibilitate\u201d. Lynnhan nu face garan\u021bii, exprese sau implicite, \u0219i aici renun\u021b\u0103 la toate celelalte garan\u021bii, inclusiv, f\u0103r\u0103 a se limita, garan\u021biile sau condi\u021biile implicite de v\u00e2nzare, potrivite pentru un scop anume sau lipsa \u00eenc\u0103lc\u0103rii drepturilor de proprietate intelectual\u0103.<\/p><p><strong>24. Limitarea R\u0103spunderii<\/strong><\/p><p>25. \u00cen niciun caz, Lynnhan sau furnizorii s\u0103i nu vor fi responsabili pentru daune indirecte, accidentale, speciale, consecvente sau punitiv, care ar decurge sau ar fi legate de utilizarea serviciilor noastre.<\/p><p><strong>26. Modific\u0103ri ale Termenilor de Serviciu<\/strong><\/p><p>27. Lynnhan rezerv\u0103 dreptul, la propria sa discre\u021bie, de a modifica sau \u00eenlocui aceste Termeni de Serviciu \u00een orice moment. Vom oferi notificare<\/p><p><strong>Contacteaz\u0103-ne<\/strong><\/p><p>If you have any questions about these Terms of Service, please contact us at contact@xinxiangt.sg-host.com.<\/p><p><strong>Effective Date: 02.28.2024<br \/><\/strong><\/p><p>By accessing or using our services, you acknowledge that you have read, understood, and agree to be bound by these Terms of Service.<\/p>\t\t\t\t\t\t\t\t<\/div>\n\t\t\t\t<\/div>\n\t\t\t\t\t<\/div>\n\t\t\t\t<\/div>\n\t\t\t\t<\/div>","protected":false},"excerpt":{"rendered":"<p>Terms of Service for Lynnhan Welcome to Lynnhan Thank you for choosing Lynnhan for your smart technology needs. By accessing and using our website, products, and services, you agree to [\u2026]<\/p>","protected":false},"author":1,"featured_media":0,"parent":0,"menu_order":0,"comment_status":"closed","ping_status":"closed","template":"","meta":{"footnotes":""},"class_list":["post-603","page","type-page","status-publish","hentry"],"yoast_head":"<!-- This site is optimized with the Yoast SEO plugin v26.6 - https:\/\/yoast.com\/wordpress\/plugins\/seo\/ -->\n<title>LynnHan Terms of Service: Your Guide to Safe Shopping<\/title>\n<meta name=\"description\" content=\"Fairness and transparency are at the heart of LynnHan&#039;s Terms of Service. Discover how we&#039;re dedicated to your satisfaction.\" \/>\n<meta name=\"robots\" content=\"index, follow, max-snippet:-1, max-image-preview:large, max-video-preview:-1\" \/>\n<link rel=\"canonical\" href=\"https:\/\/lynnhan.com\/ro\/termenii-de-serviciu\/\" \/>\n<meta property=\"og:locale\" content=\"ro_RO\" \/>\n<meta property=\"og:type\" content=\"article\" \/>\n<meta property=\"og:title\" content=\"LynnHan Terms of Service: Your Guide to Safe Shopping\" \/>\n<meta property=\"og:description\" content=\"Fairness and transparency are at the heart of LynnHan&#039;s Terms of Service. Discover how we&#039;re dedicated to your satisfaction.\" \/>\n<meta property=\"og:url\" content=\"https:\/\/lynnhan.com\/ro\/termenii-de-serviciu\/\" \/>\n<meta property=\"og:site_name\" content=\"Lynnhan - Trusted Supplier | LED\/OLED\/LCD\/E-paper digital signages\" \/>\n<meta property=\"article:modified_time\" content=\"2024-12-18T10:29:55+00:00\" \/>\n<meta property=\"og:image\" content=\"https:\/\/pub-78925c7bf9ca4c6d820df8293a5c116c.r2.dev\/2024\/12\/Terms-Of-Service.webp\" \/>\n<meta name=\"twitter:card\" content=\"summary_large_image\" \/>\n<meta name=\"twitter:label1\" content=\"Timp estimat pentru citire\" \/>\n\t<meta name=\"twitter:data1\" content=\"3 minute\" \/>\n<script type=\"application\/ld+json\" class=\"yoast-schema-graph\">{\"@context\":\"https:\/\/schema.org\",\"@graph\":[{\"@type\":\"WebPage\",\"@id\":\"https:\/\/lynnhan.com\/bo\/terms-of-service\/\",\"url\":\"https:\/\/lynnhan.com\/bo\/terms-of-service\/\",\"name\":\"LynnHan Terms of Service: Your Guide to Safe Shopping\",\"isPartOf\":{\"@id\":\"https:\/\/lynnhan.com\/km\/#website\"},\"primaryImageOfPage\":{\"@id\":\"https:\/\/lynnhan.com\/bo\/terms-of-service\/#primaryimage\"},\"image\":{\"@id\":\"https:\/\/lynnhan.com\/bo\/terms-of-service\/#primaryimage\"},\"thumbnailUrl\":\"https:\/\/pub-78925c7bf9ca4c6d820df8293a5c116c.r2.dev\/2024\/12\/Terms-Of-Service.webp\",\"datePublished\":\"2024-02-28T03:02:21+00:00\",\"dateModified\":\"2024-12-18T10:29:55+00:00\",\"description\":\"Fairness and transparency are at the heart of LynnHan's Terms of Service. Discover how we're dedicated to your satisfaction.\",\"breadcrumb\":{\"@id\":\"https:\/\/lynnhan.com\/bo\/terms-of-service\/#breadcrumb\"},\"inLanguage\":\"ro-RO\",\"potentialAction\":[{\"@type\":\"ReadAction\",\"target\":[\"https:\/\/lynnhan.com\/bo\/terms-of-service\/\"]}]},{\"@type\":\"ImageObject\",\"inLanguage\":\"ro-RO\",\"@id\":\"https:\/\/lynnhan.com\/bo\/terms-of-service\/#primaryimage\",\"url\":\"https:\/\/pub-78925c7bf9ca4c6d820df8293a5c116c.r2.dev\/2024\/12\/Terms-Of-Service.webp\",\"contentUrl\":\"https:\/\/pub-78925c7bf9ca4c6d820df8293a5c116c.r2.dev\/2024\/12\/Terms-Of-Service.webp\"},{\"@type\":\"BreadcrumbList\",\"@id\":\"https:\/\/lynnhan.com\/bo\/terms-of-service\/#breadcrumb\",\"itemListElement\":[{\"@type\":\"ListItem\",\"position\":1,\"name\":\"Home\",\"item\":\"https:\/\/lynnhan.com\/\"},{\"@type\":\"ListItem\",\"position\":2,\"name\":\"Terms Of Service\"}]},{\"@type\":\"WebSite\",\"@id\":\"https:\/\/lynnhan.com\/km\/#website\",\"url\":\"https:\/\/lynnhan.com\/km\/\",\"name\":\"Lynnhan - Trusted Supplier | LED\/OLED\/LCD\/E-paper digital signages\",\"description\":\"Lynnhan - Trusted Supplier |  LED\/OLED\/LCD\/E-paper digital signages\",\"publisher\":{\"@id\":\"https:\/\/lynnhan.com\/km\/#organization\"},\"potentialAction\":[{\"@type\":\"SearchAction\",\"target\":{\"@type\":\"EntryPoint\",\"urlTemplate\":\"https:\/\/lynnhan.com\/km\/?s={search_term_string}\"},\"query-input\":{\"@type\":\"PropertyValueSpecification\",\"valueRequired\":true,\"valueName\":\"search_term_string\"}}],\"inLanguage\":\"ro-RO\"},{\"@type\":\"Organization\",\"@id\":\"https:\/\/lynnhan.com\/km\/#organization\",\"name\":\"Lynnhan - Trusted Supplier | LED\/OLED\/LCD\/E-paper digital signages\",\"url\":\"https:\/\/lynnhan.com\/km\/\",\"logo\":{\"@type\":\"ImageObject\",\"inLanguage\":\"ro-RO\",\"@id\":\"https:\/\/lynnhan.com\/km\/#\/schema\/logo\/image\/\",\"url\":\"https:\/\/pub-78925c7bf9ca4c6d820df8293a5c116c.r2.dev\/2024\/07\/LynnHan-logo3.png\",\"contentUrl\":\"https:\/\/pub-78925c7bf9ca4c6d820df8293a5c116c.r2.dev\/2024\/07\/LynnHan-logo3.png\",\"width\":390,\"height\":130,\"caption\":\"Lynnhan - Trusted Supplier | LED\/OLED\/LCD\/E-paper digital signages\"},\"image\":{\"@id\":\"https:\/\/lynnhan.com\/km\/#\/schema\/logo\/image\/\"}}]}<\/script>\n<!-- \/ Yoast SEO plugin. -->","yoast_head_json":{"title":"Termenii de Serviciu LynnHan: Ghidul T\u0103u pentru Cump\u0103r\u0103turi Sigure","description":"Echitatea \u0219i transparen\u021ba sunt \u00een inima Termenilor de Serviciu ai LynnHan. Descoperi\u021bi cum suntem dedica\u021bi satisfac\u021biei dumneavoastr\u0103.","robots":{"index":"index","follow":"follow","max-snippet":"max-snippet:-1","max-image-preview":"max-image-preview:large","max-video-preview":"max-video-preview:-1"},"canonical":"https:\/\/lynnhan.com\/ro\/termenii-de-serviciu\/","og_locale":"ro_RO","og_type":"article","og_title":"LynnHan Terms of Service: Your Guide to Safe Shopping","og_description":"Fairness and transparency are at the heart of LynnHan's Terms of Service. Discover how we're dedicated to your satisfaction.","og_url":"https:\/\/lynnhan.com\/ro\/termenii-de-serviciu\/","og_site_name":"Lynnhan - Trusted Supplier | LED\/OLED\/LCD\/E-paper digital signages","article_modified_time":"2024-12-18T10:29:55+00:00","og_image":[{"url":"https:\/\/pub-78925c7bf9ca4c6d820df8293a5c116c.r2.dev\/2024\/12\/Terms-Of-Service.webp","type":"","width":"","height":""}],"twitter_card":"summary_large_image","twitter_misc":{"Timp estimat pentru citire":"3 minute"},"schema":{"@context":"https:\/\/schema.org","@graph":[{"@type":"WebPage","@id":"https:\/\/lynnhan.com\/bo\/terms-of-service\/","url":"https:\/\/lynnhan.com\/bo\/terms-of-service\/","name":"Termenii de Serviciu LynnHan: Ghidul T\u0103u pentru Cump\u0103r\u0103turi Sigure","isPartOf":{"@id":"https:\/\/lynnhan.com\/km\/#website"},"primaryImageOfPage":{"@id":"https:\/\/lynnhan.com\/bo\/terms-of-service\/#primaryimage"},"image":{"@id":"https:\/\/lynnhan.com\/bo\/terms-of-service\/#primaryimage"},"thumbnailUrl":"https:\/\/pub-78925c7bf9ca4c6d820df8293a5c116c.r2.dev\/2024\/12\/Terms-Of-Service.webp","datePublished":"2024-02-28T03:02:21+00:00","dateModified":"2024-12-18T10:29:55+00:00","description":"Echitatea \u0219i transparen\u021ba sunt \u00een inima Termenilor de Serviciu ai LynnHan. Descoperi\u021bi cum suntem dedica\u021bi satisfac\u021biei dumneavoastr\u0103.","breadcrumb":{"@id":"https:\/\/lynnhan.com\/bo\/terms-of-service\/#breadcrumb"},"inLanguage":"ro-RO","potentialAction":[{"@type":"ReadAction","target":["https:\/\/lynnhan.com\/bo\/terms-of-service\/"]}]},{"@type":"ImageObject","inLanguage":"ro-RO","@id":"https:\/\/lynnhan.com\/bo\/terms-of-service\/#primaryimage","url":"https:\/\/pub-78925c7bf9ca4c6d820df8293a5c116c.r2.dev\/2024\/12\/Terms-Of-Service.webp","contentUrl":"https:\/\/pub-78925c7bf9ca4c6d820df8293a5c116c.r2.dev\/2024\/12\/Terms-Of-Service.webp"},{"@type":"BreadcrumbList","@id":"https:\/\/lynnhan.com\/bo\/terms-of-service\/#breadcrumb","itemListElement":[{"@type":"ListItem","position":1,"name":"Home","item":"https:\/\/lynnhan.com\/"},{"@type":"ListItem","position":2,"name":"Terms Of Service"}]},{"@type":"WebSite","@id":"https:\/\/lynnhan.com\/km\/#website","url":"https:\/\/lynnhan.com\/km\/","name":"Lynnhan - Fornizor de \u00eencredere | Signe digitale LED\/OLED\/LCD\/E-paper","description":"Lynnhan - FURNIZOR DE INcredere | Semne digitale LED\/OLED\/LCD\/E-paper","publisher":{"@id":"https:\/\/lynnhan.com\/km\/#organization"},"potentialAction":[{"@type":"SearchAction","target":{"@type":"EntryPoint","urlTemplate":"https:\/\/lynnhan.com\/km\/?s={search_term_string}"},"query-input":{"@type":"PropertyValueSpecification","valueRequired":true,"valueName":"search_term_string"}}],"inLanguage":"ro-RO"},{"@type":"Organization","@id":"https:\/\/lynnhan.com\/km\/#organization","name":"Lynnhan - Fornizor de \u00eencredere | Signe digitale LED\/OLED\/LCD\/E-paper","url":"https:\/\/lynnhan.com\/km\/","logo":{"@type":"ImageObject","inLanguage":"ro-RO","@id":"https:\/\/lynnhan.com\/km\/#\/schema\/logo\/image\/","url":"https:\/\/pub-78925c7bf9ca4c6d820df8293a5c116c.r2.dev\/2024\/07\/LynnHan-logo3.png","contentUrl":"https:\/\/pub-78925c7bf9ca4c6d820df8293a5c116c.r2.dev\/2024\/07\/LynnHan-logo3.png","width":390,"height":130,"caption":"Lynnhan - Trusted Supplier | LED\/OLED\/LCD\/E-paper digital signages"},"image":{"@id":"https:\/\/lynnhan.com\/km\/#\/schema\/logo\/image\/"}}]}},"jetpack_sharing_enabled":true,"_links":{"self":[{"href":"https:\/\/lynnhan.com\/ro\/wp-json\/wp\/v2\/pages\/603","targetHints":{"allow":["GET"]}}],"collection":[{"href":"https:\/\/lynnhan.com\/ro\/wp-json\/wp\/v2\/pages"}],"about":[{"href":"https:\/\/lynnhan.com\/ro\/wp-json\/wp\/v2\/types\/page"}],"author":[{"embeddable":true,"href":"https:\/\/lynnhan.com\/ro\/wp-json\/wp\/v2\/users\/1"}],"replies":[{"embeddable":true,"href":"https:\/\/lynnhan.com\/ro\/wp-json\/wp\/v2\/comments?post=603"}],"version-history":[{"count":0,"href":"https:\/\/lynnhan.com\/ro\/wp-json\/wp\/v2\/pages\/603\/revisions"}],"wp:attachment":[{"href":"https:\/\/lynnhan.com\/ro\/wp-json\/wp\/v2\/media?parent=603"}],"curies":[{"name":"wp","href":"https:\/\/api.w.org\/{rel}","templated":true}]}}