{"id":601,"date":"2024-02-28T03:19:26","date_gmt":"2024-02-28T03:19:26","guid":{"rendered":"https:\/\/lynnhan.com\/?page_id=601"},"modified":"2024-12-18T10:32:06","modified_gmt":"2024-12-18T10:32:06","slug":"cod-de-conduita","status":"publish","type":"page","link":"https:\/\/lynnhan.com\/ro\/cod-de-conduita\/","title":{"rendered":"Cod de Conduct\u0103"},"content":{"rendered":"<div data-elementor-type=\"wp-page\" data-elementor-id=\"601\" class=\"elementor elementor-601\" data-elementor-post-type=\"page\">\n\t\t\t\t<div class=\"elementor-element elementor-element-1f21eb2 e-flex e-con-boxed e-con e-parent\" data-id=\"1f21eb2\" data-element_type=\"container\">\n\t\t\t\t\t<div class=\"e-con-inner\">\n\t\t\t\t<div class=\"elementor-element elementor-element-bfcddf0 elementor-widget elementor-widget-image\" data-id=\"bfcddf0\" data-element_type=\"widget\" data-widget_type=\"image.default\">\n\t\t\t\t<div class=\"elementor-widget-container\">\n\t\t\t\t\t\t\t\t\t\t\t\t\t\t\t<img fetchpriority=\"high\" decoding=\"async\" width=\"1536\" height=\"768\" src=\"https:\/\/pub-78925c7bf9ca4c6d820df8293a5c116c.r2.dev\/2024\/12\/Code-Of-Conduct.webp\" class=\"attachment-full size-full wp-image-3311\" alt=\"Cod de Conducere pentru furnizorii de LED-uri All in One\" srcset=\"https:\/\/pub-78925c7bf9ca4c6d820df8293a5c116c.r2.dev\/2024\/12\/Code-Of-Conduct.webp 1536w, https:\/\/pub-78925c7bf9ca4c6d820df8293a5c116c.r2.dev\/2024\/12\/Code-Of-Conduct-700x350.webp 700w, https:\/\/pub-78925c7bf9ca4c6d820df8293a5c116c.r2.dev\/2024\/12\/Code-Of-Conduct-1024x512.webp 1024w, https:\/\/pub-78925c7bf9ca4c6d820df8293a5c116c.r2.dev\/2024\/12\/Code-Of-Conduct-768x384.webp 768w, https:\/\/pub-78925c7bf9ca4c6d820df8293a5c116c.r2.dev\/2024\/12\/Code-Of-Conduct-18x9.webp 18w, https:\/\/pub-78925c7bf9ca4c6d820df8293a5c116c.r2.dev\/2024\/12\/Code-Of-Conduct-1140x570.webp 1140w, https:\/\/pub-78925c7bf9ca4c6d820df8293a5c116c.r2.dev\/2024\/12\/Code-Of-Conduct-920x460.webp 920w, https:\/\/pub-78925c7bf9ca4c6d820df8293a5c116c.r2.dev\/2024\/12\/Code-Of-Conduct-575x288.webp 575w, https:\/\/pub-78925c7bf9ca4c6d820df8293a5c116c.r2.dev\/2024\/12\/Code-Of-Conduct-380x190.webp 380w, https:\/\/pub-78925c7bf9ca4c6d820df8293a5c116c.r2.dev\/2024\/12\/Code-Of-Conduct-1320x660.webp 1320w, https:\/\/pub-78925c7bf9ca4c6d820df8293a5c116c.r2.dev\/2024\/12\/Code-Of-Conduct-800x400.webp 800w\" sizes=\"(max-width: 1536px) 100vw, 1536px\" \/>\t\t\t\t\t\t\t\t\t\t\t\t\t\t\t<\/div>\n\t\t\t\t<\/div>\n\t\t\t\t\t<\/div>\n\t\t\t\t<\/div>\n\t\t<div class=\"elementor-element elementor-element-7b6aef8e e-flex e-con-boxed e-con e-parent\" data-id=\"7b6aef8e\" data-element_type=\"container\">\n\t\t\t\t\t<div class=\"e-con-inner\">\n\t\t\t\t<div class=\"elementor-element elementor-element-620072c1 elementor-widget elementor-widget-text-editor\" data-id=\"620072c1\" data-element_type=\"widget\" data-widget_type=\"text-editor.default\">\n\t\t\t\t<div class=\"elementor-widget-container\">\n\t\t\t\t\t\t\t\t\t\n<p><strong>Introducere<\/strong><\/p>\n\n\n\n<p>La Lynnhan, suntem angaja\u021bi s\u0103 ne desf\u0103\u0219ur\u0103m afacerile conform celor mai \u00eenalte standarde de integritate \u0219i profesionalism. Acest Cod de Conduct\u0103 serve\u0219te ca ghid pentru angaja\u021bii no\u0219tri, partenerii \u0219i afilia\u021bii no\u0219tri, outlines the principles and standards that define our corporate behavior and decision-making processes.<\/p>\n\n\n\n<p><strong>Angajamentul nostru fa\u021b\u0103 de integritate<\/strong><\/p>\n\n\n\n<ul class=\"wp-block-list\">\n<li><strong>Practici de afaceri etice<\/strong>: Suntem angaja\u021bi s\u0103 ne desf\u0103\u0219ur\u0103m afacerile etic \u0219i cu integritate, respect\u00e2nd toate legile, reglement\u0103rile \u0219i standardele aplicabile.<\/li>\n\n\n\n<li><strong>Transparen\u021b\u0103<\/strong>: \u00cencuraj\u0103m un mediu de deschidere \u0219i transparen\u021b\u0103 \u00een toate afacerile noastre, asigur\u00e2ndu-ne c\u0103 p\u0103r\u021bile interesate sunt informate \u0219i implicate \u00een procesele noastre.<\/li>\n<\/ul>\n\n\n\n<p><strong>Respect \u0219i echitate<\/strong><\/p>\n\n\n\n<ul class=\"wp-block-list\">\n<li><strong>Diversitate \u0219i incluziune<\/strong>: Valor\u0103m diversitatea \u0219i suntem angaja\u021bi s\u0103 cre\u0103m un mediu inclusiv unde toat\u0103 lumea este tratat\u0103 cu respect \u0219i demnitate.<\/li>\n\n\n\n<li><strong>Spa\u021biu de lucru f\u0103r\u0103 h\u0103r\u021buire<\/strong>: Lynnhan este dedicat men\u021binerii unui loc de munc\u0103 f\u0103r\u0103 h\u0103r\u021buire, discriminare sau orice form\u0103 de abuz. To\u021bi angaja\u021bii sunt a\u0219tepta\u021bi s\u0103 contribuie la un mediu de lucru pozitiv \u0219i respectuos.<\/li>\n<\/ul>\n\n\n\n<p><strong>Responsabilitate \u0219i responsabilitate<\/strong><\/p>\n\n\n\n<ul class=\"wp-block-list\">\n<li><strong>Conformitate<\/strong>: To\u021bi angaja\u021bii \u0219i partenerii trebuie s\u0103 se conformeze acestui Cod de Conduct\u0103, politicilor companiei \u0219i tuturor legilor \u0219i reglement\u0103rilor aplicabile.<\/li>\n\n\n\n<li><strong>Raportarea \u00eenc\u0103lc\u0103rilor<\/strong>: \u00cencuraj\u0103m raportarea oric\u0103rei activit\u0103\u021bi neetice sau \u00eenc\u0103lc\u0103ri ale acestui Cod de Conduct\u0103. Lynnhan se asigur\u0103 c\u0103 nu va exista nicio represal\u0103 \u00eempotriva persoanelor care raporteaz\u0103 \u00eenc\u0103lc\u0103ri \u00een bun\u0103 credin\u021b\u0103.<\/li>\n<\/ul>\n\n\n\n<p><strong>Confiden\u021bialitate \u0219i intimitate<\/strong><\/p>\n\n\n\n<ul class=\"wp-block-list\">\n<li><strong>Protejarea informa\u021biilor<\/strong>: Suntem angaja\u021bi s\u0103 protej\u0103m confiden\u021bialitatea \u0219i intimitatea clien\u021bilor no\u0219tri, angaja\u021bilor \u0219i partenerilor no\u0219tri. Informa\u021biile trebuie gestionate cu cea mai mare aten\u021bie \u0219i securitate.<\/li>\n\n\n\n<li><strong>Proprietate intelectual\u0103<\/strong>: Respect\u0103m drepturile de proprietate intelectual\u0103 \u0219i a\u0219tept\u0103m ca angaja\u021bii \u0219i partenerii no\u0219tri s\u0103 fac\u0103 acela\u0219i lucru.<\/li>\n<\/ul>\n\n\n\n<p><strong>Conflict de interes<\/strong><\/p>\n\n\n\n<ul class=\"wp-block-list\">\n<li><strong>Evitarea conflictelor<\/strong>: Angaja\u021bii \u0219i partenerii ar trebui s\u0103 evite orice interes personal, financiar sau de alt\u0103 natur\u0103 care ar putea \u00eempiedica capacitatea sau dorin\u021ba lor de a-\u0219i \u00eendeplini sarcinile de munc\u0103 \u00een mod impar\u021bial.<\/li>\n\n\n\n<li><strong>Divulgare<\/strong>: Orice conflict de interes poten\u021bial trebuie raportat conducerii pentru evaluare \u0219i ghidare.<\/li>\n<\/ul>\n\n\n\n<p><strong>Responsabilitatea de mediu<\/strong><\/p>\n\n\n\n<ul class=\"wp-block-list\">\n<li><strong>Sustenabilitate<\/strong>: Lynnhan este dedicat sustenabilit\u0103\u021bii \u0219i gestion\u0103rii responsabile a mediului. Str\u0103d\u0103m s\u0103 minimiz\u0103m impactul nostru asupra mediului \u0219i s\u0103 promov\u0103m practici responsabile \u00een toate domeniile afacerii noastre.<\/li>\n<\/ul>\n\n\n\n<p><strong>Implicare comunitar\u0103<\/strong><\/p>\n\n\n\n<ul class=\"wp-block-list\">\n<li><strong>A da \u00eenapoi<\/strong>: Credem \u00een a \u00eenapoia comunit\u0103\u021bilor unde ac\u021bion\u0103m, stimul\u00e2nd un spirit de serviciu \u0219i voluntariat printre angaja\u021bii \u0219i partenerii no\u0219tri.<\/li>\n<\/ul>\n\n\n\n<p><strong>Implementare \u0219i Enforcement<\/strong><\/p>\n\n\n\n<ul class=\"wp-block-list\">\n<li><strong>Antrenament<\/strong>: To\u021bi angaja\u021bii vor primi instruire privind acest Cod de Conducere pentru a se asigura c\u0103 \u00een\u021beleg \u0219i pot aplica \u00een mod eficient aceste principii.<\/li>\n\n\n\n<li><strong>Enforcement<\/strong>: \u00cenc\u0103lc\u0103rile acestui Cod de Conducere vor fi tratate cu seriozitate \u0219i pot duce la m\u0103suri disciplinare, inclusiv la \u00eencetarea rela\u021biilor de munc\u0103 sau de afaceri.<\/li>\n<\/ul>\n\n\n\n<p><strong>Concluzie<\/strong><\/p>\n\n\n\n<p>Acest Cod de Conducere este esen\u021bial pentru misiunea noastr\u0103 la Lynnhan. Prin respectarea acestor principii, men\u021binem reputa\u021bia noastr\u0103 pentru integritate, contribuim la o cultur\u0103 profesional\u0103 pozitiv\u0103 \u0219i construim \u00eencredere cu clien\u021bii, partenerii \u0219i comunitatea. \u00cempreun\u0103, putem asigura c\u0103 Lynnhan r\u0103m\u00e2ne un loc unde excelen\u021ba, respectul \u0219i integritatea \u00eenflori\u0219te.<\/p>\n\t\t\t\t\t\t\t\t<\/div>\n\t\t\t\t<\/div>\n\t\t\t\t\t<\/div>\n\t\t\t\t<\/div>\n\t\t\t\t<\/div>","protected":false},"excerpt":{"rendered":"<p>Introduction At Lynnhan, we are committed to conducting our business according to the highest standards of integrity and professionalism. This Code of Conduct serves as a guide for our employees, [\u2026]<\/p>","protected":false},"author":1,"featured_media":0,"parent":0,"menu_order":0,"comment_status":"closed","ping_status":"closed","template":"","meta":{"footnotes":""},"class_list":["post-601","page","type-page","status-publish","hentry"],"yoast_head":"<!-- This site is optimized with the Yoast SEO plugin v26.6 - https:\/\/yoast.com\/wordpress\/plugins\/seo\/ -->\n<title>Code of Conduct-Lynnhan smart display factory<\/title>\n<meta name=\"description\" content=\"Lynnhan smart display factory&#039;s commits to ethics and integrity. Our code of conduct ensures a respectful and inclusive culture for all.\" \/>\n<meta name=\"robots\" content=\"index, follow, max-snippet:-1, max-image-preview:large, max-video-preview:-1\" \/>\n<link rel=\"canonical\" href=\"https:\/\/lynnhan.com\/ro\/cod-de-conduita\/\" \/>\n<meta property=\"og:locale\" content=\"ro_RO\" \/>\n<meta property=\"og:type\" content=\"article\" \/>\n<meta property=\"og:title\" content=\"Code of Conduct-Lynnhan smart display factory\" \/>\n<meta property=\"og:description\" content=\"Lynnhan smart display factory&#039;s commits to ethics and integrity. Our code of conduct ensures a respectful and inclusive culture for all.\" \/>\n<meta property=\"og:url\" content=\"https:\/\/lynnhan.com\/ro\/cod-de-conduita\/\" \/>\n<meta property=\"og:site_name\" content=\"Lynnhan - Trusted Supplier | LED\/OLED\/LCD\/E-paper digital signages\" \/>\n<meta property=\"article:modified_time\" content=\"2024-12-18T10:32:06+00:00\" \/>\n<meta property=\"og:image\" content=\"https:\/\/pub-78925c7bf9ca4c6d820df8293a5c116c.r2.dev\/2024\/12\/Code-Of-Conduct.webp\" \/>\n<meta name=\"twitter:card\" content=\"summary_large_image\" \/>\n<meta name=\"twitter:label1\" content=\"Timp estimat pentru citire\" \/>\n\t<meta name=\"twitter:data1\" content=\"3 minute\" \/>\n<script type=\"application\/ld+json\" class=\"yoast-schema-graph\">{\"@context\":\"https:\/\/schema.org\",\"@graph\":[{\"@type\":\"WebPage\",\"@id\":\"https:\/\/lynnhan.com\/ja\/%e8%a1%8c%e5%8b%95%e8%a6%8f%e7%af%84\/\",\"url\":\"https:\/\/lynnhan.com\/ja\/%e8%a1%8c%e5%8b%95%e8%a6%8f%e7%af%84\/\",\"name\":\"Code of Conduct-Lynnhan smart display factory\",\"isPartOf\":{\"@id\":\"https:\/\/lynnhan.com\/km\/#website\"},\"primaryImageOfPage\":{\"@id\":\"https:\/\/lynnhan.com\/ja\/%e8%a1%8c%e5%8b%95%e8%a6%8f%e7%af%84\/#primaryimage\"},\"image\":{\"@id\":\"https:\/\/lynnhan.com\/ja\/%e8%a1%8c%e5%8b%95%e8%a6%8f%e7%af%84\/#primaryimage\"},\"thumbnailUrl\":\"https:\/\/pub-78925c7bf9ca4c6d820df8293a5c116c.r2.dev\/2024\/12\/Code-Of-Conduct.webp\",\"datePublished\":\"2024-02-28T03:19:26+00:00\",\"dateModified\":\"2024-12-18T10:32:06+00:00\",\"description\":\"Lynnhan smart display factory's commits to ethics and integrity. Our code of conduct ensures a respectful and inclusive culture for all.\",\"breadcrumb\":{\"@id\":\"https:\/\/lynnhan.com\/ja\/%e8%a1%8c%e5%8b%95%e8%a6%8f%e7%af%84\/#breadcrumb\"},\"inLanguage\":\"ro-RO\",\"potentialAction\":[{\"@type\":\"ReadAction\",\"target\":[\"https:\/\/lynnhan.com\/ja\/%e8%a1%8c%e5%8b%95%e8%a6%8f%e7%af%84\/\"]}]},{\"@type\":\"ImageObject\",\"inLanguage\":\"ro-RO\",\"@id\":\"https:\/\/lynnhan.com\/ja\/%e8%a1%8c%e5%8b%95%e8%a6%8f%e7%af%84\/#primaryimage\",\"url\":\"https:\/\/pub-78925c7bf9ca4c6d820df8293a5c116c.r2.dev\/2024\/12\/Code-Of-Conduct.webp\",\"contentUrl\":\"https:\/\/pub-78925c7bf9ca4c6d820df8293a5c116c.r2.dev\/2024\/12\/Code-Of-Conduct.webp\"},{\"@type\":\"BreadcrumbList\",\"@id\":\"https:\/\/lynnhan.com\/ja\/%e8%a1%8c%e5%8b%95%e8%a6%8f%e7%af%84\/#breadcrumb\",\"itemListElement\":[{\"@type\":\"ListItem\",\"position\":1,\"name\":\"Home\",\"item\":\"https:\/\/lynnhan.com\/\"},{\"@type\":\"ListItem\",\"position\":2,\"name\":\"Code Of Conduct\"}]},{\"@type\":\"WebSite\",\"@id\":\"https:\/\/lynnhan.com\/km\/#website\",\"url\":\"https:\/\/lynnhan.com\/km\/\",\"name\":\"Lynnhan - Trusted Supplier | LED\/OLED\/LCD\/E-paper digital signages\",\"description\":\"Lynnhan - Trusted Supplier |  LED\/OLED\/LCD\/E-paper digital signages\",\"publisher\":{\"@id\":\"https:\/\/lynnhan.com\/km\/#organization\"},\"potentialAction\":[{\"@type\":\"SearchAction\",\"target\":{\"@type\":\"EntryPoint\",\"urlTemplate\":\"https:\/\/lynnhan.com\/km\/?s={search_term_string}\"},\"query-input\":{\"@type\":\"PropertyValueSpecification\",\"valueRequired\":true,\"valueName\":\"search_term_string\"}}],\"inLanguage\":\"ro-RO\"},{\"@type\":\"Organization\",\"@id\":\"https:\/\/lynnhan.com\/km\/#organization\",\"name\":\"Lynnhan - Trusted Supplier | LED\/OLED\/LCD\/E-paper digital signages\",\"url\":\"https:\/\/lynnhan.com\/km\/\",\"logo\":{\"@type\":\"ImageObject\",\"inLanguage\":\"ro-RO\",\"@id\":\"https:\/\/lynnhan.com\/km\/#\/schema\/logo\/image\/\",\"url\":\"https:\/\/pub-78925c7bf9ca4c6d820df8293a5c116c.r2.dev\/2024\/07\/LynnHan-logo3.png\",\"contentUrl\":\"https:\/\/pub-78925c7bf9ca4c6d820df8293a5c116c.r2.dev\/2024\/07\/LynnHan-logo3.png\",\"width\":390,\"height\":130,\"caption\":\"Lynnhan - Trusted Supplier | LED\/OLED\/LCD\/E-paper digital signages\"},\"image\":{\"@id\":\"https:\/\/lynnhan.com\/km\/#\/schema\/logo\/image\/\"}}]}<\/script>\n<!-- \/ Yoast SEO plugin. -->","yoast_head_json":{"title":"Cod de conduit\u0103 - fabrica de afi\u0219aje inteligente Lynnhan","description":"Lynnhan smart display factory's commits to ethics and integrity.","robots":{"index":"index","follow":"follow","max-snippet":"max-snippet:-1","max-image-preview":"max-image-preview:large","max-video-preview":"max-video-preview:-1"},"canonical":"https:\/\/lynnhan.com\/ro\/cod-de-conduita\/","og_locale":"ro_RO","og_type":"article","og_title":"Code of Conduct-Lynnhan smart display factory","og_description":"Lynnhan smart display factory's commits to ethics and integrity. Our code of conduct ensures a respectful and inclusive culture for all.","og_url":"https:\/\/lynnhan.com\/ro\/cod-de-conduita\/","og_site_name":"Lynnhan - Trusted Supplier | LED\/OLED\/LCD\/E-paper digital signages","article_modified_time":"2024-12-18T10:32:06+00:00","og_image":[{"url":"https:\/\/pub-78925c7bf9ca4c6d820df8293a5c116c.r2.dev\/2024\/12\/Code-Of-Conduct.webp","type":"","width":"","height":""}],"twitter_card":"summary_large_image","twitter_misc":{"Timp estimat pentru citire":"3 minute"},"schema":{"@context":"https:\/\/schema.org","@graph":[{"@type":"WebPage","@id":"https:\/\/lynnhan.com\/ja\/%e8%a1%8c%e5%8b%95%e8%a6%8f%e7%af%84\/","url":"https:\/\/lynnhan.com\/ja\/%e8%a1%8c%e5%8b%95%e8%a6%8f%e7%af%84\/","name":"Cod de conduit\u0103 - fabrica de afi\u0219aje inteligente Lynnhan","isPartOf":{"@id":"https:\/\/lynnhan.com\/km\/#website"},"primaryImageOfPage":{"@id":"https:\/\/lynnhan.com\/ja\/%e8%a1%8c%e5%8b%95%e8%a6%8f%e7%af%84\/#primaryimage"},"image":{"@id":"https:\/\/lynnhan.com\/ja\/%e8%a1%8c%e5%8b%95%e8%a6%8f%e7%af%84\/#primaryimage"},"thumbnailUrl":"https:\/\/pub-78925c7bf9ca4c6d820df8293a5c116c.r2.dev\/2024\/12\/Code-Of-Conduct.webp","datePublished":"2024-02-28T03:19:26+00:00","dateModified":"2024-12-18T10:32:06+00:00","description":"Lynnhan smart display factory's commits to ethics and integrity.","breadcrumb":{"@id":"https:\/\/lynnhan.com\/ja\/%e8%a1%8c%e5%8b%95%e8%a6%8f%e7%af%84\/#breadcrumb"},"inLanguage":"ro-RO","potentialAction":[{"@type":"ReadAction","target":["https:\/\/lynnhan.com\/ja\/%e8%a1%8c%e5%8b%95%e8%a6%8f%e7%af%84\/"]}]},{"@type":"ImageObject","inLanguage":"ro-RO","@id":"https:\/\/lynnhan.com\/ja\/%e8%a1%8c%e5%8b%95%e8%a6%8f%e7%af%84\/#primaryimage","url":"https:\/\/pub-78925c7bf9ca4c6d820df8293a5c116c.r2.dev\/2024\/12\/Code-Of-Conduct.webp","contentUrl":"https:\/\/pub-78925c7bf9ca4c6d820df8293a5c116c.r2.dev\/2024\/12\/Code-Of-Conduct.webp"},{"@type":"BreadcrumbList","@id":"https:\/\/lynnhan.com\/ja\/%e8%a1%8c%e5%8b%95%e8%a6%8f%e7%af%84\/#breadcrumb","itemListElement":[{"@type":"ListItem","position":1,"name":"Home","item":"https:\/\/lynnhan.com\/"},{"@type":"ListItem","position":2,"name":"Code Of Conduct"}]},{"@type":"WebSite","@id":"https:\/\/lynnhan.com\/km\/#website","url":"https:\/\/lynnhan.com\/km\/","name":"Lynnhan - Fornizor de \u00eencredere | Signe digitale LED\/OLED\/LCD\/E-paper","description":"Lynnhan - FURNIZOR DE INcredere | Semne digitale LED\/OLED\/LCD\/E-paper","publisher":{"@id":"https:\/\/lynnhan.com\/km\/#organization"},"potentialAction":[{"@type":"SearchAction","target":{"@type":"EntryPoint","urlTemplate":"https:\/\/lynnhan.com\/km\/?s={search_term_string}"},"query-input":{"@type":"PropertyValueSpecification","valueRequired":true,"valueName":"search_term_string"}}],"inLanguage":"ro-RO"},{"@type":"Organization","@id":"https:\/\/lynnhan.com\/km\/#organization","name":"Lynnhan - Fornizor de \u00eencredere | Signe digitale LED\/OLED\/LCD\/E-paper","url":"https:\/\/lynnhan.com\/km\/","logo":{"@type":"ImageObject","inLanguage":"ro-RO","@id":"https:\/\/lynnhan.com\/km\/#\/schema\/logo\/image\/","url":"https:\/\/pub-78925c7bf9ca4c6d820df8293a5c116c.r2.dev\/2024\/07\/LynnHan-logo3.png","contentUrl":"https:\/\/pub-78925c7bf9ca4c6d820df8293a5c116c.r2.dev\/2024\/07\/LynnHan-logo3.png","width":390,"height":130,"caption":"Lynnhan - Trusted Supplier | LED\/OLED\/LCD\/E-paper digital signages"},"image":{"@id":"https:\/\/lynnhan.com\/km\/#\/schema\/logo\/image\/"}}]}},"jetpack_sharing_enabled":true,"_links":{"self":[{"href":"https:\/\/lynnhan.com\/ro\/wp-json\/wp\/v2\/pages\/601","targetHints":{"allow":["GET"]}}],"collection":[{"href":"https:\/\/lynnhan.com\/ro\/wp-json\/wp\/v2\/pages"}],"about":[{"href":"https:\/\/lynnhan.com\/ro\/wp-json\/wp\/v2\/types\/page"}],"author":[{"embeddable":true,"href":"https:\/\/lynnhan.com\/ro\/wp-json\/wp\/v2\/users\/1"}],"replies":[{"embeddable":true,"href":"https:\/\/lynnhan.com\/ro\/wp-json\/wp\/v2\/comments?post=601"}],"version-history":[{"count":0,"href":"https:\/\/lynnhan.com\/ro\/wp-json\/wp\/v2\/pages\/601\/revisions"}],"wp:attachment":[{"href":"https:\/\/lynnhan.com\/ro\/wp-json\/wp\/v2\/media?parent=601"}],"curies":[{"name":"wp","href":"https:\/\/api.w.org\/{rel}","templated":true}]}}