{"id":488,"date":"2024-02-26T13:50:42","date_gmt":"2024-02-26T13:50:42","guid":{"rendered":"https:\/\/lynnhan.com\/?page_id=488"},"modified":"2025-02-12T14:58:52","modified_gmt":"2025-02-12T14:58:52","slug":"oem-odm","status":"publish","type":"page","link":"https:\/\/lynnhan.com\/pt\/oem-odm\/","title":{"rendered":"OEM\/ODM"},"content":{"rendered":"<div data-elementor-type=\"wp-page\" data-elementor-id=\"488\" class=\"elementor elementor-488\" data-elementor-post-type=\"page\">\n\t\t\t\t<div class=\"elementor-element elementor-element-dd1a2fb e-flex e-con-boxed e-con e-parent\" data-id=\"dd1a2fb\" data-element_type=\"container\">\n\t\t\t\t\t<div class=\"e-con-inner\">\n\t\t\t\t<div class=\"elementor-element elementor-element-712df76 elementor-widget elementor-widget-image\" data-id=\"712df76\" data-element_type=\"widget\" data-widget_type=\"image.default\">\n\t\t\t\t<div class=\"elementor-widget-container\">\n\t\t\t\t\t\t\t\t\t\t\t\t\t\t\t<img fetchpriority=\"high\" decoding=\"async\" width=\"1536\" height=\"768\" src=\"https:\/\/pub-78925c7bf9ca4c6d820df8293a5c116c.r2.dev\/2024\/12\/OEM.webp\" class=\"attachment-full size-full wp-image-3273\" alt=\"Todos Em Um LED OEM\/ODM\" srcset=\"https:\/\/pub-78925c7bf9ca4c6d820df8293a5c116c.r2.dev\/2024\/12\/OEM.webp 1536w, https:\/\/pub-78925c7bf9ca4c6d820df8293a5c116c.r2.dev\/2024\/12\/OEM-700x350.webp 700w, https:\/\/pub-78925c7bf9ca4c6d820df8293a5c116c.r2.dev\/2024\/12\/OEM-1024x512.webp 1024w, https:\/\/pub-78925c7bf9ca4c6d820df8293a5c116c.r2.dev\/2024\/12\/OEM-768x384.webp 768w, https:\/\/pub-78925c7bf9ca4c6d820df8293a5c116c.r2.dev\/2024\/12\/OEM-18x9.webp 18w, https:\/\/pub-78925c7bf9ca4c6d820df8293a5c116c.r2.dev\/2024\/12\/OEM-1140x570.webp 1140w, https:\/\/pub-78925c7bf9ca4c6d820df8293a5c116c.r2.dev\/2024\/12\/OEM-920x460.webp 920w, https:\/\/pub-78925c7bf9ca4c6d820df8293a5c116c.r2.dev\/2024\/12\/OEM-575x288.webp 575w, https:\/\/pub-78925c7bf9ca4c6d820df8293a5c116c.r2.dev\/2024\/12\/OEM-380x190.webp 380w, https:\/\/pub-78925c7bf9ca4c6d820df8293a5c116c.r2.dev\/2024\/12\/OEM-1320x660.webp 1320w, https:\/\/pub-78925c7bf9ca4c6d820df8293a5c116c.r2.dev\/2024\/12\/OEM-800x400.webp 800w\" sizes=\"(max-width: 1536px) 100vw, 1536px\" \/>\t\t\t\t\t\t\t\t\t\t\t\t\t\t\t<\/div>\n\t\t\t\t<\/div>\n\t\t\t\t\t<\/div>\n\t\t\t\t<\/div>\n\t\t<div class=\"elementor-element elementor-element-d08357e e-flex e-con-boxed e-con e-parent\" data-id=\"d08357e\" data-element_type=\"container\">\n\t\t\t\t\t<div class=\"e-con-inner\">\n\t\t\t\t<div class=\"elementor-element elementor-element-c08653a elementor-widget elementor-widget-text-editor\" data-id=\"c08653a\" data-element_type=\"widget\" data-widget_type=\"text-editor.default\">\n\t\t\t\t<div class=\"elementor-widget-container\">\n\t\t\t\t\t\t\t\t\t<p><strong>2. Introdu\u00e7\u00e3o<\/strong><br \/>Lynnhan est\u00e1 dedicada a fornecer solu\u00e7\u00f5es inovadoras de tecnologia inteligente adaptadas para atender \u00e0s necessidades diversas de nossos clientes. Com ampla experi\u00eancia na ind\u00fastria, oferecemos servi\u00e7os completos de Fabricante Original de Equipamentos (OEM) e Fabricante Original de Design (ODM). Nosso objetivo \u00e9 impulsionar seu neg\u00f3cio criando produtos personalizados que alinhem com sua identidade de marca e requisitos de mercado.<\/p><article data-content=\"[{&quot;type&quot;:&quot;block&quot;,&quot;id&quot;:&quot;YAEu-1734512910116&quot;,&quot;name&quot;:&quot;heading&quot;,&quot;data&quot;:{&quot;level&quot;:&quot;h4&quot;,&quot;style&quot;:{},&quot;version&quot;:1},&quot;nodes&quot;:[{&quot;type&quot;:&quot;text&quot;,&quot;id&quot;:&quot;ZRIf-1734512910115&quot;,&quot;leaves&quot;:[{&quot;text&quot;:&quot;Our\u00a0OEM\/ODM\u00a0Services\u00a0Include:&quot;,&quot;marks&quot;:[{&quot;type&quot;:&quot;bold&quot;}]}]}],&quot;state&quot;:{}},{&quot;type&quot;:&quot;block&quot;,&quot;id&quot;:&quot;Ow4S-1734512910454&quot;,&quot;name&quot;:&quot;list-item&quot;,&quot;data&quot;:{&quot;listId&quot;:&quot;m1A3-1734512910477&quot;,&quot;listLevel&quot;:1,&quot;listType&quot;:&quot;unordered&quot;,&quot;style&quot;:{},&quot;version&quot;:1},&quot;nodes&quot;:[{&quot;type&quot;:&quot;text&quot;,&quot;id&quot;:&quot;5NBx-1734512910453&quot;,&quot;leaves&quot;:[{&quot;text&quot;:&quot;Custom\u00a0Product\u00a0Design:&quot;,&quot;marks&quot;:[]}]}],&quot;state&quot;:{&quot;index&quot;:1}},{&quot;type&quot;:&quot;block&quot;,&quot;id&quot;:&quot;sLcA-1734512910458&quot;,&quot;name&quot;:&quot;paragraph&quot;,&quot;data&quot;:{&quot;style&quot;:{},&quot;version&quot;:1},&quot;nodes&quot;:[{&quot;type&quot;:&quot;text&quot;,&quot;id&quot;:&quot;i0uu-1734512910457&quot;,&quot;leaves&quot;:[{&quot;text&quot;:&quot;We\u00a0work\u00a0closely\u00a0with\u00a0you\u00a0to\u00a0design\u00a0LED\u00a0display\u00a0solutions\u00a0that\u00a0reflect\u00a0your\u00a0brand\u2019s\u00a0vision,\u00a0ensuring\u00a0that\u00a0each\u00a0product\u00a0is\u00a0crafted\u00a0to\u00a0your\u00a0specifications.\u00a0Whether\u00a0it's\u00a0the\u00a0&quot;,&quot;marks&quot;:[]},{&quot;text&quot;:&quot;design\u00a0aesthetics&quot;,&quot;marks&quot;:[{&quot;type&quot;:&quot;bold&quot;}]},{&quot;text&quot;:&quot;\u00a0or\u00a0the\u00a0&quot;,&quot;marks&quot;:[]},{&quot;text&quot;:&quot;functional\u00a0features&quot;,&quot;marks&quot;:[{&quot;type&quot;:&quot;bold&quot;}]},{&quot;text&quot;:&quot;,\u00a0we\u00a0offer\u00a0full\u00a0customization\u00a0to\u00a0meet\u00a0your\u00a0requirements.&quot;,&quot;marks&quot;:[]}]}],&quot;state&quot;:{}},{&quot;type&quot;:&quot;block&quot;,&quot;id&quot;:&quot;3bPh-1734512910460&quot;,&quot;name&quot;:&quot;list-item&quot;,&quot;data&quot;:{&quot;listId&quot;:&quot;m1A3-1734512910477&quot;,&quot;listLevel&quot;:1,&quot;listType&quot;:&quot;unordered&quot;,&quot;style&quot;:{},&quot;version&quot;:1},&quot;nodes&quot;:[{&quot;type&quot;:&quot;text&quot;,&quot;id&quot;:&quot;G70j-1734512910459&quot;,&quot;leaves&quot;:[{&quot;text&quot;:&quot;Tailored\u00a0Technology\u00a0Integration:&quot;,&quot;marks&quot;:[]}]}],&quot;state&quot;:{&quot;index&quot;:2}},{&quot;type&quot;:&quot;block&quot;,&quot;id&quot;:&quot;wZOR-1734512910464&quot;,&quot;name&quot;:&quot;paragraph&quot;,&quot;data&quot;:{&quot;style&quot;:{},&quot;version&quot;:1},&quot;nodes&quot;:[{&quot;type&quot;:&quot;text&quot;,&quot;id&quot;:&quot;YnQc-1734512910463&quot;,&quot;leaves&quot;:[{&quot;text&quot;:&quot;We\u00a0integrate\u00a0the\u00a0latest\u00a0advancements\u00a0into\u00a0your\u00a0displays.\u00a0Our\u00a0team\u00a0ensures\u00a0seamless\u00a0compatibility\u00a0with\u00a0your\u00a0brand's\u00a0use\u00a0case,\u00a0whether\u00a0it\u2019s\u00a0for\u00a0&quot;,&quot;marks&quot;:[]},{&quot;text&quot;:&quot;digital\u00a0signage&quot;,&quot;marks&quot;:[{&quot;type&quot;:&quot;bold&quot;}]},{&quot;text&quot;:&quot;,\u00a0&quot;,&quot;marks&quot;:[]},{&quot;text&quot;:&quot;corporate\u00a0environments&quot;,&quot;marks&quot;:[{&quot;type&quot;:&quot;bold&quot;}]},{&quot;text&quot;:&quot;,\u00a0or\u00a0&quot;,&quot;marks&quot;:[]},{&quot;text&quot;:&quot;home\u00a0entertainment&quot;,&quot;marks&quot;:[{&quot;type&quot;:&quot;bold&quot;}]},{&quot;text&quot;:&quot;.&quot;,&quot;marks&quot;:[]}]}],&quot;state&quot;:{}},{&quot;type&quot;:&quot;block&quot;,&quot;id&quot;:&quot;W5JU-1734512910466&quot;,&quot;name&quot;:&quot;list-item&quot;,&quot;data&quot;:{&quot;listId&quot;:&quot;m1A3-1734512910477&quot;,&quot;listLevel&quot;:1,&quot;listType&quot;:&quot;unordered&quot;,&quot;style&quot;:{},&quot;version&quot;:1},&quot;nodes&quot;:[{&quot;type&quot;:&quot;text&quot;,&quot;id&quot;:&quot;aybS-1734512910465&quot;,&quot;leaves&quot;:[{&quot;text&quot;:&quot;End-to-End\u00a0Support:&quot;,&quot;marks&quot;:[]}]}],&quot;state&quot;:{&quot;index&quot;:3}},{&quot;type&quot;:&quot;block&quot;,&quot;id&quot;:&quot;sz53-1734512910470&quot;,&quot;name&quot;:&quot;paragraph&quot;,&quot;data&quot;:{&quot;style&quot;:{},&quot;version&quot;:1},&quot;nodes&quot;:[{&quot;type&quot;:&quot;text&quot;,&quot;id&quot;:&quot;IJEZ-1734512910469&quot;,&quot;leaves&quot;:[{&quot;text&quot;:&quot;We\u00a0handle\u00a0everything\u00a0from\u00a0&quot;,&quot;marks&quot;:[]},{&quot;text&quot;:&quot;product\u00a0development&quot;,&quot;marks&quot;:[{&quot;type&quot;:&quot;bold&quot;}]},{&quot;text&quot;:&quot;,\u00a0&quot;,&quot;marks&quot;:[]},{&quot;text&quot;:&quot;prototyping&quot;,&quot;marks&quot;:[{&quot;type&quot;:&quot;bold&quot;}]},{&quot;text&quot;:&quot;,\u00a0&quot;,&quot;marks&quot;:[]},{&quot;text&quot;:&quot;manufacturing&quot;,&quot;marks&quot;:[{&quot;type&quot;:&quot;bold&quot;}]},{&quot;text&quot;:&quot;,\u00a0to\u00a0&quot;,&quot;marks&quot;:[]},{&quot;text&quot;:&quot;quality\u00a0control&quot;,&quot;marks&quot;:[{&quot;type&quot;:&quot;bold&quot;}]},{&quot;text&quot;:&quot;,\u00a0ensuring\u00a0that\u00a0each\u00a0LED\u00a0display\u00a0meets\u00a0our\u00a0high\u00a0standards.\u00a0Our\u00a0dedicated\u00a0support\u00a0team\u00a0is\u00a0here\u00a0to\u00a0assist\u00a0throughout\u00a0the\u00a0entire\u00a0process,\u00a0ensuring\u00a0smooth\u00a0project\u00a0execution.&quot;,&quot;marks&quot;:[]}]}],&quot;state&quot;:{}},{&quot;type&quot;:&quot;block&quot;,&quot;id&quot;:&quot;dAEV-1734512910472&quot;,&quot;name&quot;:&quot;list-item&quot;,&quot;data&quot;:{&quot;listId&quot;:&quot;m1A3-1734512910477&quot;,&quot;listLevel&quot;:1,&quot;listType&quot;:&quot;unordered&quot;,&quot;style&quot;:{},&quot;version&quot;:1},&quot;nodes&quot;:[{&quot;type&quot;:&quot;text&quot;,&quot;id&quot;:&quot;FTXv-1734512910471&quot;,&quot;leaves&quot;:[{&quot;text&quot;:&quot;Global\u00a0Logistics\u00a0&amp;\u00a0Delivery:&quot;,&quot;marks&quot;:[]}]}],&quot;state&quot;:{&quot;index&quot;:4}},{&quot;type&quot;:&quot;block&quot;,&quot;id&quot;:&quot;wQfl-1734512910476&quot;,&quot;name&quot;:&quot;paragraph&quot;,&quot;data&quot;:{&quot;style&quot;:{},&quot;version&quot;:1},&quot;nodes&quot;:[{&quot;type&quot;:&quot;text&quot;,&quot;id&quot;:&quot;YHzv-1734512910475&quot;,&quot;leaves&quot;:[{&quot;text&quot;:&quot;With\u00a0a\u00a0global\u00a0network\u00a0of\u00a0partners\u00a0and\u00a0efficient\u00a0logistics\u00a0solutions,\u00a0we\u00a0deliver\u00a0your\u00a0custom\u00a0products\u00a0on\u00a0time\u00a0and\u00a0in\u00a0full,\u00a0wherever\u00a0you\u00a0are.&quot;,&quot;marks&quot;:[]}]}],&quot;state&quot;:{}}]\"><div id=\"7qwy-1734512988522\"><strong>Nossos Servi\u00e7os de OEM\/ODM incluem<\/strong>:<\/div><div><ul><li><strong>Design de Produto Personalizado<\/strong>:<br \/>Trabalhamos closely com voc\u00ea para projetar solu\u00e7\u00f5es de displays LED que refletam a vis\u00e3o da sua marca, garantindo que cada produto seja fabricado conforme suas especifica\u00e7\u00f5es. Seja o design est\u00e9tico ou as funcionalidades, oferecemos completa personaliza\u00e7\u00e3o para atender \u00e0s suas necessidades.<\/li><\/ul><\/div><div><ul><li><strong>Integra\u00e7\u00e3o de Tecnologia Personalizada<\/strong>:<br \/>Integramos as \u00faltimas inova\u00e7\u00f5es em seus displays. Nosso time garante compatibilidade semanalos com os casos de uso da sua marca, seja para sinaliza\u00e7\u00e3o digital, ambientes corporativos ou entretenimento dom\u00e9stico.<\/li><\/ul><\/div><div><ul><li><strong>Suporte de Ponto a Ponto<\/strong>:<br \/>Tratamos tudo, desde desenvolvimento de produto, prototipagem, manufatura at\u00e9 controle de qualidade, garantindo que cada display LED atenda aos nossos padr\u00f5es elevados. Nosso time dedicado de suporte est\u00e1 aqui para ajudar ao longo de todo o processo, garantindo a execu\u00e7\u00e3o suave do projeto.<\/li><\/ul><\/div><div><ul><li><strong>Log\u00edstica Global e Entrega<\/strong>:<br \/>Com uma rede global de parceiros e solu\u00e7\u00f5es log\u00edsticas eficientes, entregamos seus produtos personalizados a tempo e em pleno, onde quer que voc\u00ea esteja.<\/li><\/ul><\/div><\/article><p><strong>Por que escolher os servi\u00e7os de OEM\/ODM da Lynnhan?<\/strong><\/p><ul><li><strong>Especializa\u00e7\u00e3o e Inova\u00e7\u00e3o<\/strong>: Com mais de uma d\u00e9cada na ind\u00fastria de tecnologia inteligente, a Lynnhan traz um vasto conhecimento e uma cultura de inova\u00e7\u00e3o para cada projeto.<\/li><li><strong>Garantia de Qualidade<\/strong>: Nosso compromisso com a qualidade \u00e9 evidente em cada produto que fabricamos. Seguimos processos rigorosos de controle de qualidade para garantir que cada produto atenda ou exceda os padr\u00f5es da ind\u00fastria.<\/li><li><strong>Solu\u00e7\u00f5es Flex\u00edveis<\/strong>: Entendendo que cada cliente tem necessidades \u00fanicas, oferecemos servi\u00e7os de OEM\/ODM flex\u00edveis projetados para atender a v\u00e1rias exig\u00eancias e or\u00e7amentos.<\/li><li><strong>Entrega em Tempo<\/strong>: Nossos processos de produ\u00e7\u00e3o eficientes e gest\u00e3o robusta da cadeia de suprimentos garantem a entrega em tempo h\u00e1bil de seus produtos, ajudando voc\u00ea a chegar ao mercado mais rapidamente.<\/li><\/ul><p><strong>Iniciando com os servi\u00e7os de OEM\/ODM da Lynnhan<\/strong><\/p><ol><li><strong>Consultoria<\/strong>: Entre em contato para agendar uma consulta. Durante essa reuni\u00e3o, discutiremos os requisitos do seu projeto, mercado-alvo e objetivos.<\/li><li><strong>Proposta<\/strong>: Baseado na consulta inicial, nossa equipe fornecer\u00e1 uma proposta detalhada que descreve o escopo do projeto, cronograma e custos.<\/li><li><strong>Design e Prototipagem<\/strong>: Uma vez aprovada a proposta, passamos para a fase de design e prototipagem, onde suas ideias come\u00e7am a tomar forma.<\/li><li><strong>Manufatura<\/strong>: Ap\u00f3s a aprova\u00e7\u00e3o do prot\u00f3tipo, prosseguimos com a manufatura, garantindo que cada produto seja constru\u00eddo conforme as especifica\u00e7\u00f5es.<\/li><li><strong>Controle de Qualidade e Entrega<\/strong>: Nosso time de controle de qualidade testa rigorosamente cada produto antes da entrega para garantir que atenda aos seus padr\u00f5es e aos nossos.<\/li><\/ol><p><strong>Contato conosco<\/strong><br \/>Para explorar como os servi\u00e7os de OEM\/ODM da Lynnhan podem beneficiar seu neg\u00f3cio, entre em contato conosco. Estamos entusiasmados em nos associar para trazer sua vis\u00e3o \u00e0 vida.<\/p><ul><li><strong>E-mail<\/strong>: sales@lynnhan.com<\/li><li><strong>Telefone\/whatsapp<\/strong>: +86 189 2843 1537<\/li><li><strong>Formul\u00e1rio de Contato<\/strong>: Visite nossa p\u00e1gina do site <a href=\"https:\/\/xinxiangt.sg-host.com\/sales-inquiry\/\"><strong><em>Inqu\u00e9rito de Vendas<\/em><\/strong><\/a> para enviar uma consulta diretamente.<\/li><\/ul><p>Na Lynnhan, estamos comprometidos em fomentar parcerias a longo prazo com nossos clientes, fornecendo servi\u00e7os OEM\/ODM confi\u00e1veis, inovadores e de alta qualidade. Vamos colaborar para criar solu\u00e7\u00f5es de tecnologia inteligente que impulsionem o sucesso.<\/p>\t\t\t\t\t\t\t\t<\/div>\n\t\t\t\t<\/div>\n\t\t\t\t\t<\/div>\n\t\t\t\t<\/div>\n\t\t\t\t<\/div>","protected":false},"excerpt":{"rendered":"<p>IntroductionLynnhan is dedicated to providing innovative smart technology solutions tailored to meet the diverse needs of our clients. With extensive experience in the industry, we offer comprehensive Original Equipment Manufacturer [\u2026]<\/p>","protected":false},"author":1,"featured_media":0,"parent":0,"menu_order":0,"comment_status":"closed","ping_status":"closed","template":"","meta":{"footnotes":""},"class_list":["post-488","page","type-page","status-publish","hentry"],"yoast_head":"<!-- This site is optimized with the Yoast SEO plugin v26.6 - https:\/\/yoast.com\/wordpress\/plugins\/seo\/ -->\n<title>OEM\/ODM Services - Lynnhan Interactive display supplier<\/title>\n<meta name=\"description\" content=\"Lynnhan Interactive display supplier-Discover how OEM\/ODM services can elevate your product quality and innovation.\" \/>\n<meta name=\"robots\" content=\"index, follow, max-snippet:-1, max-image-preview:large, max-video-preview:-1\" \/>\n<link rel=\"canonical\" href=\"https:\/\/lynnhan.com\/pt\/oem-odm\/\" \/>\n<meta property=\"og:locale\" content=\"pt_PT\" \/>\n<meta property=\"og:type\" content=\"article\" \/>\n<meta property=\"og:title\" content=\"OEM\/ODM Services - Lynnhan Interactive display supplier\" \/>\n<meta property=\"og:description\" content=\"Lynnhan Interactive display supplier-Discover how OEM\/ODM services can elevate your product quality and innovation.\" \/>\n<meta property=\"og:url\" content=\"https:\/\/lynnhan.com\/pt\/oem-odm\/\" \/>\n<meta property=\"og:site_name\" content=\"Lynnhan - Trusted Supplier | LED\/OLED\/LCD\/E-paper digital signages\" \/>\n<meta property=\"article:modified_time\" content=\"2025-02-12T14:58:52+00:00\" \/>\n<meta property=\"og:image\" content=\"https:\/\/pub-78925c7bf9ca4c6d820df8293a5c116c.r2.dev\/2024\/12\/OEM.webp\" \/>\n<meta name=\"twitter:card\" content=\"summary_large_image\" \/>\n<meta name=\"twitter:label1\" content=\"Tempo estimado de leitura\" \/>\n\t<meta name=\"twitter:data1\" content=\"3 minutos\" \/>\n<script type=\"application\/ld+json\" class=\"yoast-schema-graph\">{\"@context\":\"https:\/\/schema.org\",\"@graph\":[{\"@type\":\"WebPage\",\"@id\":\"https:\/\/lynnhan.com\/fi\/oem-odm\/\",\"url\":\"https:\/\/lynnhan.com\/fi\/oem-odm\/\",\"name\":\"OEM\/ODM Services - Lynnhan Interactive display supplier\",\"isPartOf\":{\"@id\":\"https:\/\/lynnhan.com\/km\/#website\"},\"primaryImageOfPage\":{\"@id\":\"https:\/\/lynnhan.com\/fi\/oem-odm\/#primaryimage\"},\"image\":{\"@id\":\"https:\/\/lynnhan.com\/fi\/oem-odm\/#primaryimage\"},\"thumbnailUrl\":\"https:\/\/pub-78925c7bf9ca4c6d820df8293a5c116c.r2.dev\/2024\/12\/OEM.webp\",\"datePublished\":\"2024-02-26T13:50:42+00:00\",\"dateModified\":\"2025-02-12T14:58:52+00:00\",\"description\":\"Lynnhan Interactive display supplier-Discover how OEM\/ODM services can elevate your product quality and innovation.\",\"breadcrumb\":{\"@id\":\"https:\/\/lynnhan.com\/fi\/oem-odm\/#breadcrumb\"},\"inLanguage\":\"pt-PT\",\"potentialAction\":[{\"@type\":\"ReadAction\",\"target\":[\"https:\/\/lynnhan.com\/fi\/oem-odm\/\"]}]},{\"@type\":\"ImageObject\",\"inLanguage\":\"pt-PT\",\"@id\":\"https:\/\/lynnhan.com\/fi\/oem-odm\/#primaryimage\",\"url\":\"https:\/\/pub-78925c7bf9ca4c6d820df8293a5c116c.r2.dev\/2024\/12\/OEM.webp\",\"contentUrl\":\"https:\/\/pub-78925c7bf9ca4c6d820df8293a5c116c.r2.dev\/2024\/12\/OEM.webp\"},{\"@type\":\"BreadcrumbList\",\"@id\":\"https:\/\/lynnhan.com\/fi\/oem-odm\/#breadcrumb\",\"itemListElement\":[{\"@type\":\"ListItem\",\"position\":1,\"name\":\"Home\",\"item\":\"https:\/\/lynnhan.com\/\"},{\"@type\":\"ListItem\",\"position\":2,\"name\":\"OEM\/ODM\"}]},{\"@type\":\"WebSite\",\"@id\":\"https:\/\/lynnhan.com\/km\/#website\",\"url\":\"https:\/\/lynnhan.com\/km\/\",\"name\":\"Lynnhan - Trusted Supplier | LED\/OLED\/LCD\/E-paper digital signages\",\"description\":\"Lynnhan - Trusted Supplier |  LED\/OLED\/LCD\/E-paper digital signages\",\"publisher\":{\"@id\":\"https:\/\/lynnhan.com\/km\/#organization\"},\"potentialAction\":[{\"@type\":\"SearchAction\",\"target\":{\"@type\":\"EntryPoint\",\"urlTemplate\":\"https:\/\/lynnhan.com\/km\/?s={search_term_string}\"},\"query-input\":{\"@type\":\"PropertyValueSpecification\",\"valueRequired\":true,\"valueName\":\"search_term_string\"}}],\"inLanguage\":\"pt-PT\"},{\"@type\":\"Organization\",\"@id\":\"https:\/\/lynnhan.com\/km\/#organization\",\"name\":\"Lynnhan - Trusted Supplier | LED\/OLED\/LCD\/E-paper digital signages\",\"url\":\"https:\/\/lynnhan.com\/km\/\",\"logo\":{\"@type\":\"ImageObject\",\"inLanguage\":\"pt-PT\",\"@id\":\"https:\/\/lynnhan.com\/km\/#\/schema\/logo\/image\/\",\"url\":\"https:\/\/pub-78925c7bf9ca4c6d820df8293a5c116c.r2.dev\/2024\/07\/LynnHan-logo3.png\",\"contentUrl\":\"https:\/\/pub-78925c7bf9ca4c6d820df8293a5c116c.r2.dev\/2024\/07\/LynnHan-logo3.png\",\"width\":390,\"height\":130,\"caption\":\"Lynnhan - Trusted Supplier | LED\/OLED\/LCD\/E-paper digital signages\"},\"image\":{\"@id\":\"https:\/\/lynnhan.com\/km\/#\/schema\/logo\/image\/\"}}]}<\/script>\n<!-- \/ Yoast SEO plugin. -->","yoast_head_json":{"title":"Servi\u00e7os de OEM\/ODM - Fornecedor de displays interativos Lynnhan","description":"Lynnhan Interactive display supplier - Descubra como os servi\u00e7os de OEM\/ODM podem elevar a qualidade e a inova\u00e7\u00e3o do seu produto.","robots":{"index":"index","follow":"follow","max-snippet":"max-snippet:-1","max-image-preview":"max-image-preview:large","max-video-preview":"max-video-preview:-1"},"canonical":"https:\/\/lynnhan.com\/pt\/oem-odm\/","og_locale":"pt_PT","og_type":"article","og_title":"OEM\/ODM Services - Lynnhan Interactive display supplier","og_description":"Lynnhan Interactive display supplier-Discover how OEM\/ODM services can elevate your product quality and innovation.","og_url":"https:\/\/lynnhan.com\/pt\/oem-odm\/","og_site_name":"Lynnhan - Trusted Supplier | LED\/OLED\/LCD\/E-paper digital signages","article_modified_time":"2025-02-12T14:58:52+00:00","og_image":[{"url":"https:\/\/pub-78925c7bf9ca4c6d820df8293a5c116c.r2.dev\/2024\/12\/OEM.webp","type":"","width":"","height":""}],"twitter_card":"summary_large_image","twitter_misc":{"Tempo estimado de leitura":"3 minutos"},"schema":{"@context":"https:\/\/schema.org","@graph":[{"@type":"WebPage","@id":"https:\/\/lynnhan.com\/fi\/oem-odm\/","url":"https:\/\/lynnhan.com\/fi\/oem-odm\/","name":"Servi\u00e7os de OEM\/ODM - Fornecedor de displays interativos Lynnhan","isPartOf":{"@id":"https:\/\/lynnhan.com\/km\/#website"},"primaryImageOfPage":{"@id":"https:\/\/lynnhan.com\/fi\/oem-odm\/#primaryimage"},"image":{"@id":"https:\/\/lynnhan.com\/fi\/oem-odm\/#primaryimage"},"thumbnailUrl":"https:\/\/pub-78925c7bf9ca4c6d820df8293a5c116c.r2.dev\/2024\/12\/OEM.webp","datePublished":"2024-02-26T13:50:42+00:00","dateModified":"2025-02-12T14:58:52+00:00","description":"Lynnhan Interactive display supplier - Descubra como os servi\u00e7os de OEM\/ODM podem elevar a qualidade e a inova\u00e7\u00e3o do seu produto.","breadcrumb":{"@id":"https:\/\/lynnhan.com\/fi\/oem-odm\/#breadcrumb"},"inLanguage":"pt-PT","potentialAction":[{"@type":"ReadAction","target":["https:\/\/lynnhan.com\/fi\/oem-odm\/"]}]},{"@type":"ImageObject","inLanguage":"pt-PT","@id":"https:\/\/lynnhan.com\/fi\/oem-odm\/#primaryimage","url":"https:\/\/pub-78925c7bf9ca4c6d820df8293a5c116c.r2.dev\/2024\/12\/OEM.webp","contentUrl":"https:\/\/pub-78925c7bf9ca4c6d820df8293a5c116c.r2.dev\/2024\/12\/OEM.webp"},{"@type":"BreadcrumbList","@id":"https:\/\/lynnhan.com\/fi\/oem-odm\/#breadcrumb","itemListElement":[{"@type":"ListItem","position":1,"name":"Home","item":"https:\/\/lynnhan.com\/"},{"@type":"ListItem","position":2,"name":"OEM\/ODM"}]},{"@type":"WebSite","@id":"https:\/\/lynnhan.com\/km\/#website","url":"https:\/\/lynnhan.com\/km\/","name":"Lynnhan - Trusted Supplier | LED\/OLED\/LCD\/E-paper digital signages","description":"Lynnhan - Trusted Supplier |  LED\/OLED\/LCD\/E-paper digital signages","publisher":{"@id":"https:\/\/lynnhan.com\/km\/#organization"},"potentialAction":[{"@type":"SearchAction","target":{"@type":"EntryPoint","urlTemplate":"https:\/\/lynnhan.com\/km\/?s={search_term_string}"},"query-input":{"@type":"PropertyValueSpecification","valueRequired":true,"valueName":"search_term_string"}}],"inLanguage":"pt-PT"},{"@type":"Organization","@id":"https:\/\/lynnhan.com\/km\/#organization","name":"Lynnhan - Trusted Supplier | LED\/OLED\/LCD\/E-paper digital signages","url":"https:\/\/lynnhan.com\/km\/","logo":{"@type":"ImageObject","inLanguage":"pt-PT","@id":"https:\/\/lynnhan.com\/km\/#\/schema\/logo\/image\/","url":"https:\/\/pub-78925c7bf9ca4c6d820df8293a5c116c.r2.dev\/2024\/07\/LynnHan-logo3.png","contentUrl":"https:\/\/pub-78925c7bf9ca4c6d820df8293a5c116c.r2.dev\/2024\/07\/LynnHan-logo3.png","width":390,"height":130,"caption":"Lynnhan - Trusted Supplier | LED\/OLED\/LCD\/E-paper digital signages"},"image":{"@id":"https:\/\/lynnhan.com\/km\/#\/schema\/logo\/image\/"}}]}},"jetpack_sharing_enabled":true,"_links":{"self":[{"href":"https:\/\/lynnhan.com\/pt\/wp-json\/wp\/v2\/pages\/488","targetHints":{"allow":["GET"]}}],"collection":[{"href":"https:\/\/lynnhan.com\/pt\/wp-json\/wp\/v2\/pages"}],"about":[{"href":"https:\/\/lynnhan.com\/pt\/wp-json\/wp\/v2\/types\/page"}],"author":[{"embeddable":true,"href":"https:\/\/lynnhan.com\/pt\/wp-json\/wp\/v2\/users\/1"}],"replies":[{"embeddable":true,"href":"https:\/\/lynnhan.com\/pt\/wp-json\/wp\/v2\/comments?post=488"}],"version-history":[{"count":0,"href":"https:\/\/lynnhan.com\/pt\/wp-json\/wp\/v2\/pages\/488\/revisions"}],"wp:attachment":[{"href":"https:\/\/lynnhan.com\/pt\/wp-json\/wp\/v2\/media?parent=488"}],"curies":[{"name":"wp","href":"https:\/\/api.w.org\/{rel}","templated":true}]}}