{"id":3,"date":"2024-02-24T07:46:55","date_gmt":"2024-02-24T07:46:55","guid":{"rendered":"https:\/\/lynnhan.com\/?page_id=3"},"modified":"2024-12-18T10:36:41","modified_gmt":"2024-12-18T10:36:41","slug":"politica-de-privacidade","status":"publish","type":"page","link":"https:\/\/lynnhan.com\/pt\/politica-de-privacidade\/","title":{"rendered":"Pol\u00edtica de Privacidade"},"content":{"rendered":"<div data-elementor-type=\"wp-page\" data-elementor-id=\"3\" class=\"elementor elementor-3\" data-elementor-post-type=\"page\">\n\t\t\t\t<div class=\"elementor-element elementor-element-e9b38ac e-flex e-con-boxed e-con e-parent\" data-id=\"e9b38ac\" data-element_type=\"container\">\n\t\t\t\t\t<div class=\"e-con-inner\">\n\t\t\t\t<div class=\"elementor-element elementor-element-83498b3 elementor-widget elementor-widget-image\" data-id=\"83498b3\" data-element_type=\"widget\" data-widget_type=\"image.default\">\n\t\t\t\t<div class=\"elementor-widget-container\">\n\t\t\t\t\t\t\t\t\t\t\t\t\t\t\t<img fetchpriority=\"high\" decoding=\"async\" width=\"1456\" height=\"816\" src=\"https:\/\/pub-78925c7bf9ca4c6d820df8293a5c116c.r2.dev\/2024\/12\/Privacy-Policy.webp\" class=\"attachment-full size-full wp-image-3315\" alt=\"Pol\u00edtica de Privacidade do Fornecedor de LED Todo em Um\" srcset=\"https:\/\/pub-78925c7bf9ca4c6d820df8293a5c116c.r2.dev\/2024\/12\/Privacy-Policy.webp 1456w, https:\/\/pub-78925c7bf9ca4c6d820df8293a5c116c.r2.dev\/2024\/12\/Privacy-Policy-700x392.webp 700w, https:\/\/pub-78925c7bf9ca4c6d820df8293a5c116c.r2.dev\/2024\/12\/Privacy-Policy-1024x574.webp 1024w, https:\/\/pub-78925c7bf9ca4c6d820df8293a5c116c.r2.dev\/2024\/12\/Privacy-Policy-768x430.webp 768w, https:\/\/pub-78925c7bf9ca4c6d820df8293a5c116c.r2.dev\/2024\/12\/Privacy-Policy-18x10.webp 18w, https:\/\/pub-78925c7bf9ca4c6d820df8293a5c116c.r2.dev\/2024\/12\/Privacy-Policy-1140x639.webp 1140w, https:\/\/pub-78925c7bf9ca4c6d820df8293a5c116c.r2.dev\/2024\/12\/Privacy-Policy-920x516.webp 920w, https:\/\/pub-78925c7bf9ca4c6d820df8293a5c116c.r2.dev\/2024\/12\/Privacy-Policy-575x322.webp 575w, https:\/\/pub-78925c7bf9ca4c6d820df8293a5c116c.r2.dev\/2024\/12\/Privacy-Policy-380x213.webp 380w, https:\/\/pub-78925c7bf9ca4c6d820df8293a5c116c.r2.dev\/2024\/12\/Privacy-Policy-1320x740.webp 1320w, https:\/\/pub-78925c7bf9ca4c6d820df8293a5c116c.r2.dev\/2024\/12\/Privacy-Policy-800x448.webp 800w\" sizes=\"(max-width: 1456px) 100vw, 1456px\" \/>\t\t\t\t\t\t\t\t\t\t\t\t\t\t\t<\/div>\n\t\t\t\t<\/div>\n\t\t\t\t\t<\/div>\n\t\t\t\t<\/div>\n\t\t<div class=\"elementor-element elementor-element-f7a3023 e-flex e-con-boxed e-con e-parent\" data-id=\"f7a3023\" data-element_type=\"container\">\n\t\t\t\t\t<div class=\"e-con-inner\">\n\t\t\t\t<div class=\"elementor-element elementor-element-77782203 elementor-widget elementor-widget-text-editor\" data-id=\"77782203\" data-element_type=\"widget\" data-widget_type=\"text-editor.default\">\n\t\t\t\t<div class=\"elementor-widget-container\">\n\t\t\t\t\t\t\t\t\t<h3>Pol\u00edtica de Privacidade para Lynnhan<\/h3>\n<p><strong>Data de Efeito: 28\/02\/2024<br \/><\/strong><\/p>\n<p>Em Lynnhan, estamos comprometidos em proteger sua privacidade. Esta Pol\u00edtica de Privacidade descreve os tipos de informa\u00e7\u00f5es pessoais que coletamos, como as usamos e as medidas que tomamos para garantir que seus dados sejam protegidos. Ao usar nossos servi\u00e7os e produtos, voc\u00ea concorda com a coleta e uso de informa\u00e7\u00f5es de acordo com esta pol\u00edtica.<\/p>\n<p><strong>Coleta e Uso de Informa\u00e7\u00f5es<\/strong><\/p>\n<ul>\n<li><strong>Informa\u00e7\u00f5es Pessoais<\/strong>: Coletamos informa\u00e7\u00f5es pessoais, como seu nome, endere\u00e7o de e-mail, n\u00famero de telefone e endere\u00e7o de envio, quando voc\u00ea se registra em nosso site, faz um pedido, se inscreve em nossa newsletter ou nos contata para suporte. Essas informa\u00e7\u00f5es s\u00e3o usadas para completar transa\u00e7\u00f5es, entregar produtos e servi\u00e7os e se comunicar com voc\u00ea.<\/li>\n<li><strong>Dados de Uso<\/strong>: Tamb\u00e9m podemos coletar informa\u00e7\u00f5es sobre como o Servi\u00e7o \u00e9 acessado e usado (\u201cDados de Uso\u201d). Esses Dados de Uso podem incluir detalhes como o endere\u00e7o de Protocolo da Internet (por exemplo, endere\u00e7o IP) do seu computador, tipo de navegador, vers\u00e3o do navegador, as p\u00e1ginas do nosso Servi\u00e7o que voc\u00ea visita, a data e hora da sua visita, o tempo gasto nessas p\u00e1ginas e outros dados de diagn\u00f3stico.<\/li>\n<\/ul>\n<p><strong>Cookies e Dados de Rastreamento<\/strong><\/p>\n<p>Usamos cookies e tecnologias de rastreamento semelhantes para monitorar a atividade em nosso Servi\u00e7o e armazenar certas informa\u00e7\u00f5es. Cookies s\u00e3o arquivos com uma pequena quantidade de dados que podem incluir um identificador \u00fanico an\u00f4nimo. Voc\u00ea pode instruir seu navegador a recusar todos os cookies ou a indicar quando um cookie est\u00e1 sendo enviado. No entanto, se voc\u00ea n\u00e3o aceitar cookies, voc\u00ea pode n\u00e3o ser capaz de usar algumas partes do nosso Servi\u00e7o.<\/p>\n<p><strong>Uso de Dados<\/strong><\/p>\n<p>Lynnhan usa os dados coletados para v\u00e1rios prop\u00f3sitos:<\/p>\n<ul>\n<li>Para fornecer e manter nosso Servi\u00e7o<\/li>\n<li>Para notific\u00e1-lo sobre mudan\u00e7as em nosso Servi\u00e7o<\/li>\n<li>Para permitir que voc\u00ea participe de funcionalidades interativas de nosso Servi\u00e7o quando voc\u00ea escolher fazer isso<\/li>\n<li>Para fornecer suporte ao cliente<\/li>\n<li>Para coletar an\u00e1lise ou informa\u00e7\u00f5es valiosas para que possamos melhorar nosso Servi\u00e7o<\/li>\n<li>Para monitorar o uso de nosso Servi\u00e7o<\/li>\n<li>Para detectar, prevenir e abordar problemas t\u00e9cnicos<\/li>\n<\/ul>\n<p><strong>Compartilhamento e Divulga\u00e7\u00e3o de Dados<\/strong><\/p>\n<p>A Lynnhan n\u00e3o compartilhar\u00e1 ou revelar\u00e1 suas informa\u00e7\u00f5es a ningu\u00e9m, exceto como descrito nesta Pol\u00edtica de Privacidade. Podemos compartilhar suas informa\u00e7\u00f5es com provedores de servi\u00e7os terceirizados para executar servi\u00e7os relacionados ao Servi\u00e7o ou para nos ajudar a analisar como nosso Servi\u00e7o \u00e9 usado. Esses terceiros t\u00eam acesso \u00e0s suas Informa\u00e7\u00f5es Pessoais apenas para realizar essas tarefas em nosso nome e est\u00e3o obrigados a n\u00e3o revel\u00e1-las ou us\u00e1-las para qualquer outro prop\u00f3sito.<\/p>\n<p><strong>Seguran\u00e7a de Dados<\/strong><\/p>\n<p>A seguran\u00e7a de seus dados \u00e9 importante para n\u00f3s, mas lembre-se de que nenhum m\u00e9todo de transmiss\u00e3o pela Internet ou m\u00e9todo de armazenamento eletr\u00f4nico \u00e9 100% seguro. Enquanto nos esfor\u00e7amos para usar meios comercialmente aceit\u00e1veis para proteger suas Informa\u00e7\u00f5es Pessoais, n\u00e3o podemos garantir sua seguran\u00e7a absoluta.<\/p>\n<p><strong>Seus Direitos<\/strong><\/p>\n<p>Voc\u00ea tem o direito de acessar, atualizar ou excluir as informa\u00e7\u00f5es que temos sobre voc\u00ea. Sempre que poss\u00edvel, voc\u00ea pode acessar, atualizar ou solicitar a exclus\u00e3o de suas Informa\u00e7\u00f5es Pessoais diretamente na se\u00e7\u00e3o de configura\u00e7\u00f5es da sua conta. Se voc\u00ea n\u00e3o puder realizar essas a\u00e7\u00f5es por si mesmo, entre em contato conosco para nos ajudar.<\/p>\n<p><strong>Mudan\u00e7as Nesta Pol\u00edtica de Privacidade<\/strong><\/p>\n<p>Podemos atualizar nossa Pol\u00edtica de Privacidade de tempos em tempos. Notificaremos voc\u00ea de quaisquer mudan\u00e7as publicando a nova Pol\u00edtica de Privacidade nesta p\u00e1gina. Recomendamos que voc\u00ea revise esta Pol\u00edtica de Privacidade periodicamente para quaisquer mudan\u00e7as.<\/p>\n<p><strong>Contato conosco<\/strong><\/p>\n<p>Se voc\u00ea tiver alguma d\u00favida sobre esta Pol\u00edtica de Privacidade, por favor, entre em contato conosco:<\/p>\n<ul>\n<li>Por e-mail: contact@xinxiangt.sg-host.com<\/li>\n<\/ul>\n<p>A privacidade \u00e9 de paramount import\u00e2ncia para a Lynnhan, e estamos comprometidos a proteger a informa\u00e7\u00e3o pessoal que voc\u00ea confia a n\u00f3s.<\/p>\n\t\t\t\t\t\t\t\t<\/div>\n\t\t\t\t<\/div>\n\t\t\t\t\t<\/div>\n\t\t\t\t<\/div>\n\t\t\t\t<\/div>","protected":false},"excerpt":{"rendered":"<p>Privacy Policy for Lynnhan Effective Date: 02\/28\/2024 At Lynnhan, we are committed to protecting your privacy. This Privacy Policy outlines the types of personal information we collect, how we use [\u2026]<\/p>","protected":false},"author":1,"featured_media":0,"parent":0,"menu_order":0,"comment_status":"closed","ping_status":"open","template":"","meta":{"footnotes":""},"class_list":["post-3","page","type-page","status-publish","hentry"],"yoast_head":"<!-- This site is optimized with the Yoast SEO plugin v26.6 - https:\/\/yoast.com\/wordpress\/plugins\/seo\/ -->\n<title>Safeguard your privacy | Lynnhan Smart Display Manufacturer<\/title>\n<meta name=\"description\" content=\"Safeguard your privacy with LynnHan smart display manufacturer&#039;s policy. We&#039;re committed to protecting your information with care.\" \/>\n<meta name=\"robots\" content=\"index, follow, max-snippet:-1, max-image-preview:large, max-video-preview:-1\" \/>\n<link rel=\"canonical\" href=\"https:\/\/lynnhan.com\/pt\/politica-de-privacidade\/\" \/>\n<meta property=\"og:locale\" content=\"pt_PT\" \/>\n<meta property=\"og:type\" content=\"article\" \/>\n<meta property=\"og:title\" content=\"Safeguard your privacy | Lynnhan Smart Display Manufacturer\" \/>\n<meta property=\"og:description\" content=\"Safeguard your privacy with LynnHan smart display manufacturer&#039;s policy. We&#039;re committed to protecting your information with care.\" \/>\n<meta property=\"og:url\" content=\"https:\/\/lynnhan.com\/pt\/politica-de-privacidade\/\" \/>\n<meta property=\"og:site_name\" content=\"Lynnhan - Trusted Supplier | LED\/OLED\/LCD\/E-paper digital signages\" \/>\n<meta property=\"article:modified_time\" content=\"2024-12-18T10:36:41+00:00\" \/>\n<meta property=\"og:image\" content=\"https:\/\/pub-78925c7bf9ca4c6d820df8293a5c116c.r2.dev\/2024\/12\/Privacy-Policy.webp\" \/>\n<meta name=\"twitter:card\" content=\"summary_large_image\" \/>\n<meta name=\"twitter:label1\" content=\"Tempo estimado de leitura\" \/>\n\t<meta name=\"twitter:data1\" content=\"3 minutos\" \/>\n<script type=\"application\/ld+json\" class=\"yoast-schema-graph\">{\"@context\":\"https:\/\/schema.org\",\"@graph\":[{\"@type\":\"WebPage\",\"@id\":\"https:\/\/lynnhan.com\/en\/privacy-policy\/\",\"url\":\"https:\/\/lynnhan.com\/en\/privacy-policy\/\",\"name\":\"Safeguard your privacy | Lynnhan Smart Display Manufacturer\",\"isPartOf\":{\"@id\":\"https:\/\/lynnhan.com\/km\/#website\"},\"primaryImageOfPage\":{\"@id\":\"https:\/\/lynnhan.com\/en\/privacy-policy\/#primaryimage\"},\"image\":{\"@id\":\"https:\/\/lynnhan.com\/en\/privacy-policy\/#primaryimage\"},\"thumbnailUrl\":\"https:\/\/pub-78925c7bf9ca4c6d820df8293a5c116c.r2.dev\/2024\/12\/Privacy-Policy.webp\",\"datePublished\":\"2024-02-24T07:46:55+00:00\",\"dateModified\":\"2024-12-18T10:36:41+00:00\",\"description\":\"Safeguard your privacy with LynnHan smart display manufacturer's policy. We're committed to protecting your information with care.\",\"breadcrumb\":{\"@id\":\"https:\/\/lynnhan.com\/en\/privacy-policy\/#breadcrumb\"},\"inLanguage\":\"pt-PT\",\"potentialAction\":[{\"@type\":\"ReadAction\",\"target\":[\"https:\/\/lynnhan.com\/en\/privacy-policy\/\"]}]},{\"@type\":\"ImageObject\",\"inLanguage\":\"pt-PT\",\"@id\":\"https:\/\/lynnhan.com\/en\/privacy-policy\/#primaryimage\",\"url\":\"https:\/\/pub-78925c7bf9ca4c6d820df8293a5c116c.r2.dev\/2024\/12\/Privacy-Policy.webp\",\"contentUrl\":\"https:\/\/pub-78925c7bf9ca4c6d820df8293a5c116c.r2.dev\/2024\/12\/Privacy-Policy.webp\"},{\"@type\":\"BreadcrumbList\",\"@id\":\"https:\/\/lynnhan.com\/en\/privacy-policy\/#breadcrumb\",\"itemListElement\":[{\"@type\":\"ListItem\",\"position\":1,\"name\":\"Home\",\"item\":\"https:\/\/lynnhan.com\/\"},{\"@type\":\"ListItem\",\"position\":2,\"name\":\"Privacy Policy\"}]},{\"@type\":\"WebSite\",\"@id\":\"https:\/\/lynnhan.com\/km\/#website\",\"url\":\"https:\/\/lynnhan.com\/km\/\",\"name\":\"Lynnhan - Trusted Supplier | LED\/OLED\/LCD\/E-paper digital signages\",\"description\":\"Lynnhan - Trusted Supplier |  LED\/OLED\/LCD\/E-paper digital signages\",\"publisher\":{\"@id\":\"https:\/\/lynnhan.com\/km\/#organization\"},\"potentialAction\":[{\"@type\":\"SearchAction\",\"target\":{\"@type\":\"EntryPoint\",\"urlTemplate\":\"https:\/\/lynnhan.com\/km\/?s={search_term_string}\"},\"query-input\":{\"@type\":\"PropertyValueSpecification\",\"valueRequired\":true,\"valueName\":\"search_term_string\"}}],\"inLanguage\":\"pt-PT\"},{\"@type\":\"Organization\",\"@id\":\"https:\/\/lynnhan.com\/km\/#organization\",\"name\":\"Lynnhan - Trusted Supplier | LED\/OLED\/LCD\/E-paper digital signages\",\"url\":\"https:\/\/lynnhan.com\/km\/\",\"logo\":{\"@type\":\"ImageObject\",\"inLanguage\":\"pt-PT\",\"@id\":\"https:\/\/lynnhan.com\/km\/#\/schema\/logo\/image\/\",\"url\":\"https:\/\/pub-78925c7bf9ca4c6d820df8293a5c116c.r2.dev\/2024\/07\/LynnHan-logo3.png\",\"contentUrl\":\"https:\/\/pub-78925c7bf9ca4c6d820df8293a5c116c.r2.dev\/2024\/07\/LynnHan-logo3.png\",\"width\":390,\"height\":130,\"caption\":\"Lynnhan - Trusted Supplier | LED\/OLED\/LCD\/E-paper digital signages\"},\"image\":{\"@id\":\"https:\/\/lynnhan.com\/km\/#\/schema\/logo\/image\/\"}}]}<\/script>\n<!-- \/ Yoast SEO plugin. -->","yoast_head_json":{"title":"Proteja sua privacidade | Fabricante de Display Inteligente Lynnhan","description":"Proteja sua privacidade com a pol\u00edtica de fabricante de displays inteligentes LynnHan. Estamos comprometidos a proteger suas informa\u00e7\u00f5es com cuidado.","robots":{"index":"index","follow":"follow","max-snippet":"max-snippet:-1","max-image-preview":"max-image-preview:large","max-video-preview":"max-video-preview:-1"},"canonical":"https:\/\/lynnhan.com\/pt\/politica-de-privacidade\/","og_locale":"pt_PT","og_type":"article","og_title":"Safeguard your privacy | Lynnhan Smart Display Manufacturer","og_description":"Safeguard your privacy with LynnHan smart display manufacturer's policy. We're committed to protecting your information with care.","og_url":"https:\/\/lynnhan.com\/pt\/politica-de-privacidade\/","og_site_name":"Lynnhan - Trusted Supplier | LED\/OLED\/LCD\/E-paper digital signages","article_modified_time":"2024-12-18T10:36:41+00:00","og_image":[{"url":"https:\/\/pub-78925c7bf9ca4c6d820df8293a5c116c.r2.dev\/2024\/12\/Privacy-Policy.webp","type":"","width":"","height":""}],"twitter_card":"summary_large_image","twitter_misc":{"Tempo estimado de leitura":"3 minutos"},"schema":{"@context":"https:\/\/schema.org","@graph":[{"@type":"WebPage","@id":"https:\/\/lynnhan.com\/en\/privacy-policy\/","url":"https:\/\/lynnhan.com\/en\/privacy-policy\/","name":"Proteja sua privacidade | Fabricante de Display Inteligente Lynnhan","isPartOf":{"@id":"https:\/\/lynnhan.com\/km\/#website"},"primaryImageOfPage":{"@id":"https:\/\/lynnhan.com\/en\/privacy-policy\/#primaryimage"},"image":{"@id":"https:\/\/lynnhan.com\/en\/privacy-policy\/#primaryimage"},"thumbnailUrl":"https:\/\/pub-78925c7bf9ca4c6d820df8293a5c116c.r2.dev\/2024\/12\/Privacy-Policy.webp","datePublished":"2024-02-24T07:46:55+00:00","dateModified":"2024-12-18T10:36:41+00:00","description":"Proteja sua privacidade com a pol\u00edtica de fabricante de displays inteligentes LynnHan. Estamos comprometidos a proteger suas informa\u00e7\u00f5es com cuidado.","breadcrumb":{"@id":"https:\/\/lynnhan.com\/en\/privacy-policy\/#breadcrumb"},"inLanguage":"pt-PT","potentialAction":[{"@type":"ReadAction","target":["https:\/\/lynnhan.com\/en\/privacy-policy\/"]}]},{"@type":"ImageObject","inLanguage":"pt-PT","@id":"https:\/\/lynnhan.com\/en\/privacy-policy\/#primaryimage","url":"https:\/\/pub-78925c7bf9ca4c6d820df8293a5c116c.r2.dev\/2024\/12\/Privacy-Policy.webp","contentUrl":"https:\/\/pub-78925c7bf9ca4c6d820df8293a5c116c.r2.dev\/2024\/12\/Privacy-Policy.webp"},{"@type":"BreadcrumbList","@id":"https:\/\/lynnhan.com\/en\/privacy-policy\/#breadcrumb","itemListElement":[{"@type":"ListItem","position":1,"name":"Home","item":"https:\/\/lynnhan.com\/"},{"@type":"ListItem","position":2,"name":"Privacy Policy"}]},{"@type":"WebSite","@id":"https:\/\/lynnhan.com\/km\/#website","url":"https:\/\/lynnhan.com\/km\/","name":"Lynnhan - Trusted Supplier | LED\/OLED\/LCD\/E-paper digital signages","description":"Lynnhan - Trusted Supplier |  LED\/OLED\/LCD\/E-paper digital signages","publisher":{"@id":"https:\/\/lynnhan.com\/km\/#organization"},"potentialAction":[{"@type":"SearchAction","target":{"@type":"EntryPoint","urlTemplate":"https:\/\/lynnhan.com\/km\/?s={search_term_string}"},"query-input":{"@type":"PropertyValueSpecification","valueRequired":true,"valueName":"search_term_string"}}],"inLanguage":"pt-PT"},{"@type":"Organization","@id":"https:\/\/lynnhan.com\/km\/#organization","name":"Lynnhan - Trusted Supplier | LED\/OLED\/LCD\/E-paper digital signages","url":"https:\/\/lynnhan.com\/km\/","logo":{"@type":"ImageObject","inLanguage":"pt-PT","@id":"https:\/\/lynnhan.com\/km\/#\/schema\/logo\/image\/","url":"https:\/\/pub-78925c7bf9ca4c6d820df8293a5c116c.r2.dev\/2024\/07\/LynnHan-logo3.png","contentUrl":"https:\/\/pub-78925c7bf9ca4c6d820df8293a5c116c.r2.dev\/2024\/07\/LynnHan-logo3.png","width":390,"height":130,"caption":"Lynnhan - Trusted Supplier | LED\/OLED\/LCD\/E-paper digital signages"},"image":{"@id":"https:\/\/lynnhan.com\/km\/#\/schema\/logo\/image\/"}}]}},"jetpack_sharing_enabled":true,"_links":{"self":[{"href":"https:\/\/lynnhan.com\/pt\/wp-json\/wp\/v2\/pages\/3","targetHints":{"allow":["GET"]}}],"collection":[{"href":"https:\/\/lynnhan.com\/pt\/wp-json\/wp\/v2\/pages"}],"about":[{"href":"https:\/\/lynnhan.com\/pt\/wp-json\/wp\/v2\/types\/page"}],"author":[{"embeddable":true,"href":"https:\/\/lynnhan.com\/pt\/wp-json\/wp\/v2\/users\/1"}],"replies":[{"embeddable":true,"href":"https:\/\/lynnhan.com\/pt\/wp-json\/wp\/v2\/comments?post=3"}],"version-history":[{"count":0,"href":"https:\/\/lynnhan.com\/pt\/wp-json\/wp\/v2\/pages\/3\/revisions"}],"wp:attachment":[{"href":"https:\/\/lynnhan.com\/pt\/wp-json\/wp\/v2\/media?parent=3"}],"curies":[{"name":"wp","href":"https:\/\/api.w.org\/{rel}","templated":true}]}}