{"id":603,"date":"2024-02-28T03:02:21","date_gmt":"2024-02-28T03:02:21","guid":{"rendered":"https:\/\/lynnhan.com\/?page_id=603"},"modified":"2024-12-18T10:29:55","modified_gmt":"2024-12-18T10:29:55","slug":"meginajumu-klausities","status":"publish","type":"page","link":"https:\/\/lynnhan.com\/lv\/meginajumu-klausities\/","title":{"rendered":"Serv\u012bces noteikumi"},"content":{"rendered":"<div data-elementor-type=\"wp-page\" data-elementor-id=\"603\" class=\"elementor elementor-603\" data-elementor-post-type=\"page\">\n\t\t\t\t<div class=\"elementor-element elementor-element-15d4236 e-flex e-con-boxed e-con e-parent\" data-id=\"15d4236\" data-element_type=\"container\">\n\t\t\t\t\t<div class=\"e-con-inner\">\n\t\t\t\t<div class=\"elementor-element elementor-element-86e3659 elementor-widget elementor-widget-image\" data-id=\"86e3659\" data-element_type=\"widget\" data-widget_type=\"image.default\">\n\t\t\t\t<div class=\"elementor-widget-container\">\n\t\t\t\t\t\t\t\t\t\t\t\t\t\t\t<img fetchpriority=\"high\" decoding=\"async\" width=\"1456\" height=\"816\" src=\"https:\/\/pub-78925c7bf9ca4c6d820df8293a5c116c.r2.dev\/2024\/12\/Terms-Of-Service.webp\" class=\"attachment-full size-full wp-image-3307\" alt=\"Visu iek\u013caujot LED pakalpojumu noteikumi\" srcset=\"https:\/\/pub-78925c7bf9ca4c6d820df8293a5c116c.r2.dev\/2024\/12\/Terms-Of-Service.webp 1456w, https:\/\/pub-78925c7bf9ca4c6d820df8293a5c116c.r2.dev\/2024\/12\/Terms-Of-Service-700x392.webp 700w, https:\/\/pub-78925c7bf9ca4c6d820df8293a5c116c.r2.dev\/2024\/12\/Terms-Of-Service-1024x574.webp 1024w, https:\/\/pub-78925c7bf9ca4c6d820df8293a5c116c.r2.dev\/2024\/12\/Terms-Of-Service-768x430.webp 768w, https:\/\/pub-78925c7bf9ca4c6d820df8293a5c116c.r2.dev\/2024\/12\/Terms-Of-Service-18x10.webp 18w, https:\/\/pub-78925c7bf9ca4c6d820df8293a5c116c.r2.dev\/2024\/12\/Terms-Of-Service-1140x639.webp 1140w, https:\/\/pub-78925c7bf9ca4c6d820df8293a5c116c.r2.dev\/2024\/12\/Terms-Of-Service-920x516.webp 920w, https:\/\/pub-78925c7bf9ca4c6d820df8293a5c116c.r2.dev\/2024\/12\/Terms-Of-Service-575x322.webp 575w, https:\/\/pub-78925c7bf9ca4c6d820df8293a5c116c.r2.dev\/2024\/12\/Terms-Of-Service-380x213.webp 380w, https:\/\/pub-78925c7bf9ca4c6d820df8293a5c116c.r2.dev\/2024\/12\/Terms-Of-Service-1320x740.webp 1320w, https:\/\/pub-78925c7bf9ca4c6d820df8293a5c116c.r2.dev\/2024\/12\/Terms-Of-Service-800x448.webp 800w\" sizes=\"(max-width: 1456px) 100vw, 1456px\" \/>\t\t\t\t\t\t\t\t\t\t\t\t\t\t\t<\/div>\n\t\t\t\t<\/div>\n\t\t\t\t\t<\/div>\n\t\t\t\t<\/div>\n\t\t<div class=\"elementor-element elementor-element-c870f31 e-flex e-con-boxed e-con e-parent\" data-id=\"c870f31\" data-element_type=\"container\">\n\t\t\t\t\t<div class=\"e-con-inner\">\n\t\t\t\t<div class=\"elementor-element elementor-element-1d30a00 elementor-widget elementor-widget-text-editor\" data-id=\"1d30a00\" data-element_type=\"widget\" data-widget_type=\"text-editor.default\">\n\t\t\t\t<div class=\"elementor-widget-container\">\n\t\t\t\t\t\t\t\t\t<h3>1. L\u012bngh\u0101n servisu noteikumi<\/h3><p><strong>2. Laipni l\u016bdzu L\u012bngh\u0101n\u0101<\/strong><\/p><p>3. Paldies, ka izv\u0113l\u0113j\u0101t L\u012bngh\u0101n piev\u0113r\u0161oties j\u016bsu v\u0113l\u0113taj\u0101m vied\u012bg\u0101s tehnolo\u0123ij\u0101m. Pie piek\u013c\u016b\u0161an\u0101s un lieto\u0161anas m\u016bsu vietn\u0113, produktos un pakalpojumos, j\u016bs piekr\u012btat atbilst\u0113t un b\u016bt saist\u012bti ar \u0161\u012bm pakalpojuma noteikumiem. \u0160ie noteikumi attiecas uz visiem lietot\u0101jiem, apmekl\u0113t\u0101jiem un citiem, kuri piek\u013c\u016bst vai lieto pakalpojumu. L\u016bdzu, uzzin\u0101jiet \u0161os noteikumus prie\u0161 k\u0101du lieto\u0161anu m\u016bsu pakalpojumiem.<\/p><p><strong>4. M\u016bsu pakalpojumu lieto\u0161ana<\/strong><\/p><ul><li><strong>5. Kvalifik\u0101cija<\/strong>6. : Jums j\u0101b\u016bt vismaz 18 gadus vecam, lai lietotu m\u016bsu pakalpojumus vai jums j\u0101b\u016bt likum\u012bgai vec\u0101ka vai t\u0113va piekr\u012bt\u0113jam, ja j\u016bs esat b\u0113rns j\u016bsu jurisdikcij\u0101.<\/li><li><strong>7. Licences lieto\u0161anai<\/strong>8. : L\u012bngh\u0101n pie\u0161\u0137ir jums ierobe\u017eoto, neeksklus\u012bvu, neapmain\u0101mu licen\u0161u piek\u013c\u016bt un lietot m\u016bsu pakalpojumus personiskiem vai iek\u0161\u0113jiem uz\u0146\u0113muma m\u0113r\u0137iem, atbilsto\u0161i \u0161iem Servisu noteikumiem.<\/li><li><strong>9. Konta re\u0123istr\u0101cija<\/strong>10. : Da\u017ei no m\u016bsu pakalpojumu aspektiem var pieprast j\u016bsu konta izveidi. J\u016bs esat atbild\u012bgs par savu konta inform\u0101cijas konfidenci\u0101lit\u0101ti un visiem aktivit\u0101t\u0113m, kas notiek j\u016bsu kont\u0101.<\/li><\/ul><p><strong>11.\u624e\u7981\u884c\u4e3a<\/strong><\/p><p>12. J\u016bs piekr\u012btat neveikt \u0161\u012bm\u624e\u7981\u6d3b\u52a8\uff1a<\/p><ul><li>13. Lietot pakalpojumus k\u0101dam neleg\u0101lam m\u0113r\u0137im vai k\u0101dam lok\u0101lam, \u0161tat\u0113lam, nacion\u0101lam vai starptautiskam likumam neskart\u0113\u0161anai.<\/li><li>14. Noder\u012bt vai m\u0113\u0123in\u0101t noder\u012bt m\u016bsu pakalpojumu dro\u0161\u012bbu.<\/li><li>15. Lietot pakalpojumus k\u0101dam malware vai k\u0101dam kait\u012bgam saturam distrib\u016bcijai.<\/li><li>16. Noder\u012bt intelektu\u0101lo \u012bpa\u0161uma ties\u012bbas vai \u012bpa\u0161uma ties\u012bbas L\u012bngh\u0101nam vai k\u0101dam tre\u0161ajam personam.<\/li><\/ul><p><strong>17. Intelektu\u0101l\u0101 \u012bpa\u0161ums<\/strong><\/p><p>18. Visi m\u016bsu pakalpojumos piev\u0113rt\u0113tie saturi, tai skait\u0101 teksti, grafiki, logotipi, att\u0113li un programmat\u016bra, ir L\u012bngh\u0101na vai saturu pieg\u0101d\u0101t\u0101ju \u012bpa\u0161ums un aizsarg\u0101ti starptautisk\u0101s autorties\u012bbu un intelektu\u0101lo \u012bpa\u0161uma likumiem.<\/p><p><strong>19. Lietot\u0101ja saturi<\/strong><\/p><p>20. Ja j\u016bs public\u0113jat, aug\u0161upiel\u0101d\u0113jat vai cit\u0101 veid\u0101 pieg\u0101d\u0101jat k\u0101du saturu m\u016bsu pakalpojumos, j\u016bs pie\u0161\u0137irat L\u012bngh\u0101nam neeksklus\u012bvu, pasaul\u0113 der\u012bgu, bez maksas licen\u0161u lietot, atk\u0101rtot, main\u012bt un r\u0101d\u012bt to saturu saist\u012bb\u0101 ar pakalpojumu pieg\u0101do\u0161anu.<\/p><p><strong>21. P\u0101rtrauk\u0161ana<\/strong><\/p><p>22. L\u012bngh\u0101n rezerv\u0113ties ties\u012bbu p\u0101rtraukt vai atv\u0113rt j\u016bsu piek\u013c\u016b\u0161anu m\u016bsu pakalpoj<\/p><p><strong>Disclaimer of Warranties<\/strong><\/p><p>Our services are provided on an \u201cas is\u201d and \u201cas available\u201d basis. Lynnhan makes no warranties, expressed or implied, and hereby disclaims all other warranties, including without limitation, implied warranties or conditions of merchantability, fitness for a particular purpose, or non-infringement of intellectual property.<\/p><p><strong>Limitation of Liability<\/strong><\/p><p>In no event shall Lynnhan or its suppliers be liable for any indirect, incidental, special, consequential, or punitive damages arising out of or in connection with your use of our services.<\/p><p><strong>Changes to Terms of Service<\/strong><\/p><p>Lynnhan reserves the right, at our sole discretion, to modify or replace these Terms of Service at any time. We will provide notice of any significant changes. By continuing to access or use our services after those revisions become effective, you agree to be bound by the revised terms.<\/p><p><strong>Contact Us<\/strong><\/p><p>If you have any questions about these Terms of Service, please contact us at contact@xinxiangt.sg-host.com.<\/p><p><strong>Efekt\u012bva datums: 02.28.2024<br \/><\/strong><\/p><p>Piek\u013caujoties vai lietojot m\u016bsu pakalpojumus, j\u016bs atz\u012bm\u0113jat, ka j\u016bs esat las\u012bju\u0161i, saprotu\u0161i un piekritu\u0161i b\u016bt saist\u012bti ar \u0161\u012bm pakalpojumu noteikumiem.<\/p>\t\t\t\t\t\t\t\t<\/div>\n\t\t\t\t<\/div>\n\t\t\t\t\t<\/div>\n\t\t\t\t<\/div>\n\t\t\t\t<\/div>","protected":false},"excerpt":{"rendered":"<p>Terms of Service for Lynnhan Welcome to Lynnhan Thank you for choosing Lynnhan for your smart technology needs. By accessing and using our website, products, and services, you agree to [\u2026]<\/p>","protected":false},"author":1,"featured_media":0,"parent":0,"menu_order":0,"comment_status":"closed","ping_status":"closed","template":"","meta":{"footnotes":""},"class_list":["post-603","page","type-page","status-publish","hentry"],"yoast_head":"<!-- This site is optimized with the Yoast SEO plugin v26.6 - https:\/\/yoast.com\/wordpress\/plugins\/seo\/ -->\n<title>LynnHan Terms of Service: Your Guide to Safe Shopping<\/title>\n<meta name=\"description\" content=\"Fairness and transparency are at the heart of LynnHan&#039;s Terms of Service. Discover how we&#039;re dedicated to your satisfaction.\" \/>\n<meta name=\"robots\" content=\"index, follow, max-snippet:-1, max-image-preview:large, max-video-preview:-1\" \/>\n<link rel=\"canonical\" href=\"https:\/\/lynnhan.com\/lv\/meginajumu-klausities\/\" \/>\n<meta property=\"og:locale\" content=\"lv_LV\" \/>\n<meta property=\"og:type\" content=\"article\" \/>\n<meta property=\"og:title\" content=\"LynnHan Terms of Service: Your Guide to Safe Shopping\" \/>\n<meta property=\"og:description\" content=\"Fairness and transparency are at the heart of LynnHan&#039;s Terms of Service. Discover how we&#039;re dedicated to your satisfaction.\" \/>\n<meta property=\"og:url\" content=\"https:\/\/lynnhan.com\/lv\/meginajumu-klausities\/\" \/>\n<meta property=\"og:site_name\" content=\"Lynnhan - Trusted Supplier | LED\/OLED\/LCD\/E-paper digital signages\" \/>\n<meta property=\"article:modified_time\" content=\"2024-12-18T10:29:55+00:00\" \/>\n<meta property=\"og:image\" content=\"https:\/\/pub-78925c7bf9ca4c6d820df8293a5c116c.r2.dev\/2024\/12\/Terms-Of-Service.webp\" \/>\n<meta name=\"twitter:card\" content=\"summary_large_image\" \/>\n<meta name=\"twitter:label1\" content=\"Est. reading time\" \/>\n\t<meta name=\"twitter:data1\" content=\"3 min\u016btes\" \/>\n<script type=\"application\/ld+json\" class=\"yoast-schema-graph\">{\"@context\":\"https:\/\/schema.org\",\"@graph\":[{\"@type\":\"WebPage\",\"@id\":\"https:\/\/lynnhan.com\/bo\/terms-of-service\/\",\"url\":\"https:\/\/lynnhan.com\/bo\/terms-of-service\/\",\"name\":\"LynnHan Terms of Service: Your Guide to Safe Shopping\",\"isPartOf\":{\"@id\":\"https:\/\/lynnhan.com\/km\/#website\"},\"primaryImageOfPage\":{\"@id\":\"https:\/\/lynnhan.com\/bo\/terms-of-service\/#primaryimage\"},\"image\":{\"@id\":\"https:\/\/lynnhan.com\/bo\/terms-of-service\/#primaryimage\"},\"thumbnailUrl\":\"https:\/\/pub-78925c7bf9ca4c6d820df8293a5c116c.r2.dev\/2024\/12\/Terms-Of-Service.webp\",\"datePublished\":\"2024-02-28T03:02:21+00:00\",\"dateModified\":\"2024-12-18T10:29:55+00:00\",\"description\":\"Fairness and transparency are at the heart of LynnHan's Terms of Service. Discover how we're dedicated to your satisfaction.\",\"breadcrumb\":{\"@id\":\"https:\/\/lynnhan.com\/bo\/terms-of-service\/#breadcrumb\"},\"inLanguage\":\"lv-LV\",\"potentialAction\":[{\"@type\":\"ReadAction\",\"target\":[\"https:\/\/lynnhan.com\/bo\/terms-of-service\/\"]}]},{\"@type\":\"ImageObject\",\"inLanguage\":\"lv-LV\",\"@id\":\"https:\/\/lynnhan.com\/bo\/terms-of-service\/#primaryimage\",\"url\":\"https:\/\/pub-78925c7bf9ca4c6d820df8293a5c116c.r2.dev\/2024\/12\/Terms-Of-Service.webp\",\"contentUrl\":\"https:\/\/pub-78925c7bf9ca4c6d820df8293a5c116c.r2.dev\/2024\/12\/Terms-Of-Service.webp\"},{\"@type\":\"BreadcrumbList\",\"@id\":\"https:\/\/lynnhan.com\/bo\/terms-of-service\/#breadcrumb\",\"itemListElement\":[{\"@type\":\"ListItem\",\"position\":1,\"name\":\"Home\",\"item\":\"https:\/\/lynnhan.com\/\"},{\"@type\":\"ListItem\",\"position\":2,\"name\":\"Terms Of Service\"}]},{\"@type\":\"WebSite\",\"@id\":\"https:\/\/lynnhan.com\/km\/#website\",\"url\":\"https:\/\/lynnhan.com\/km\/\",\"name\":\"Lynnhan - Trusted Supplier | LED\/OLED\/LCD\/E-paper digital signages\",\"description\":\"Lynnhan - Trusted Supplier |  LED\/OLED\/LCD\/E-paper digital signages\",\"publisher\":{\"@id\":\"https:\/\/lynnhan.com\/km\/#organization\"},\"potentialAction\":[{\"@type\":\"SearchAction\",\"target\":{\"@type\":\"EntryPoint\",\"urlTemplate\":\"https:\/\/lynnhan.com\/km\/?s={search_term_string}\"},\"query-input\":{\"@type\":\"PropertyValueSpecification\",\"valueRequired\":true,\"valueName\":\"search_term_string\"}}],\"inLanguage\":\"lv-LV\"},{\"@type\":\"Organization\",\"@id\":\"https:\/\/lynnhan.com\/km\/#organization\",\"name\":\"Lynnhan - Trusted Supplier | LED\/OLED\/LCD\/E-paper digital signages\",\"url\":\"https:\/\/lynnhan.com\/km\/\",\"logo\":{\"@type\":\"ImageObject\",\"inLanguage\":\"lv-LV\",\"@id\":\"https:\/\/lynnhan.com\/km\/#\/schema\/logo\/image\/\",\"url\":\"https:\/\/pub-78925c7bf9ca4c6d820df8293a5c116c.r2.dev\/2024\/07\/LynnHan-logo3.png\",\"contentUrl\":\"https:\/\/pub-78925c7bf9ca4c6d820df8293a5c116c.r2.dev\/2024\/07\/LynnHan-logo3.png\",\"width\":390,\"height\":130,\"caption\":\"Lynnhan - Trusted Supplier | LED\/OLED\/LCD\/E-paper digital signages\"},\"image\":{\"@id\":\"https:\/\/lynnhan.com\/km\/#\/schema\/logo\/image\/\"}}]}<\/script>\n<!-- \/ Yoast SEO plugin. -->","yoast_head_json":{"title":"LynnHan M\u0113\u0123in\u0101jumu klaus\u012bties: J\u016bsu vad\u012bt\u0101js dro\u0161am iepirk\u0161an\u0101s","description":"Egalit\u0101te un kl\u0101r\u012bba ir centr\u0101 LynnHan pakalpojumu noteikumos. Atkl\u0101j, k\u0101 m\u0113s esam piev\u0113r\u0113ti J\u016bsu satisl\u0113gumam.","robots":{"index":"index","follow":"follow","max-snippet":"max-snippet:-1","max-image-preview":"max-image-preview:large","max-video-preview":"max-video-preview:-1"},"canonical":"https:\/\/lynnhan.com\/lv\/meginajumu-klausities\/","og_locale":"lv_LV","og_type":"article","og_title":"LynnHan Terms of Service: Your Guide to Safe Shopping","og_description":"Fairness and transparency are at the heart of LynnHan's Terms of Service. Discover how we're dedicated to your satisfaction.","og_url":"https:\/\/lynnhan.com\/lv\/meginajumu-klausities\/","og_site_name":"Lynnhan - Trusted Supplier | LED\/OLED\/LCD\/E-paper digital signages","article_modified_time":"2024-12-18T10:29:55+00:00","og_image":[{"url":"https:\/\/pub-78925c7bf9ca4c6d820df8293a5c116c.r2.dev\/2024\/12\/Terms-Of-Service.webp","type":"","width":"","height":""}],"twitter_card":"summary_large_image","twitter_misc":{"Est. reading time":"3 min\u016btes"},"schema":{"@context":"https:\/\/schema.org","@graph":[{"@type":"WebPage","@id":"https:\/\/lynnhan.com\/bo\/terms-of-service\/","url":"https:\/\/lynnhan.com\/bo\/terms-of-service\/","name":"LynnHan M\u0113\u0123in\u0101jumu klaus\u012bties: J\u016bsu vad\u012bt\u0101js dro\u0161am iepirk\u0161an\u0101s","isPartOf":{"@id":"https:\/\/lynnhan.com\/km\/#website"},"primaryImageOfPage":{"@id":"https:\/\/lynnhan.com\/bo\/terms-of-service\/#primaryimage"},"image":{"@id":"https:\/\/lynnhan.com\/bo\/terms-of-service\/#primaryimage"},"thumbnailUrl":"https:\/\/pub-78925c7bf9ca4c6d820df8293a5c116c.r2.dev\/2024\/12\/Terms-Of-Service.webp","datePublished":"2024-02-28T03:02:21+00:00","dateModified":"2024-12-18T10:29:55+00:00","description":"Egalit\u0101te un kl\u0101r\u012bba ir centr\u0101 LynnHan pakalpojumu noteikumos. Atkl\u0101j, k\u0101 m\u0113s esam piev\u0113r\u0113ti J\u016bsu satisl\u0113gumam.","breadcrumb":{"@id":"https:\/\/lynnhan.com\/bo\/terms-of-service\/#breadcrumb"},"inLanguage":"lv-LV","potentialAction":[{"@type":"ReadAction","target":["https:\/\/lynnhan.com\/bo\/terms-of-service\/"]}]},{"@type":"ImageObject","inLanguage":"lv-LV","@id":"https:\/\/lynnhan.com\/bo\/terms-of-service\/#primaryimage","url":"https:\/\/pub-78925c7bf9ca4c6d820df8293a5c116c.r2.dev\/2024\/12\/Terms-Of-Service.webp","contentUrl":"https:\/\/pub-78925c7bf9ca4c6d820df8293a5c116c.r2.dev\/2024\/12\/Terms-Of-Service.webp"},{"@type":"BreadcrumbList","@id":"https:\/\/lynnhan.com\/bo\/terms-of-service\/#breadcrumb","itemListElement":[{"@type":"ListItem","position":1,"name":"Home","item":"https:\/\/lynnhan.com\/"},{"@type":"ListItem","position":2,"name":"Terms Of Service"}]},{"@type":"WebSite","@id":"https:\/\/lynnhan.com\/km\/#website","url":"https:\/\/lynnhan.com\/km\/","name":"Lynnhan - Uztver\u012bgs pieg\u0101d\u0101t\u0101js | LED\/OLED\/LCD\/E-paper digit\u0101lie rekl\u0101mas z\u012bmes","description":"Lynnhan - Uztver\u012bgs pieg\u0101d\u0101t\u0101js | LED\/OLED\/LCD\/E-paper digit\u0101lie rekl\u0101mas plak\u0101ti","publisher":{"@id":"https:\/\/lynnhan.com\/km\/#organization"},"potentialAction":[{"@type":"SearchAction","target":{"@type":"EntryPoint","urlTemplate":"https:\/\/lynnhan.com\/km\/?s={search_term_string}"},"query-input":{"@type":"PropertyValueSpecification","valueRequired":true,"valueName":"search_term_string"}}],"inLanguage":"lv-LV"},{"@type":"Organization","@id":"https:\/\/lynnhan.com\/km\/#organization","name":"Lynnhan - Uztver\u012bgs pieg\u0101d\u0101t\u0101js | LED\/OLED\/LCD\/E-paper digit\u0101lie rekl\u0101mas z\u012bmes","url":"https:\/\/lynnhan.com\/km\/","logo":{"@type":"ImageObject","inLanguage":"lv-LV","@id":"https:\/\/lynnhan.com\/km\/#\/schema\/logo\/image\/","url":"https:\/\/pub-78925c7bf9ca4c6d820df8293a5c116c.r2.dev\/2024\/07\/LynnHan-logo3.png","contentUrl":"https:\/\/pub-78925c7bf9ca4c6d820df8293a5c116c.r2.dev\/2024\/07\/LynnHan-logo3.png","width":390,"height":130,"caption":"Lynnhan - Trusted Supplier | LED\/OLED\/LCD\/E-paper digital signages"},"image":{"@id":"https:\/\/lynnhan.com\/km\/#\/schema\/logo\/image\/"}}]}},"jetpack_sharing_enabled":true,"_links":{"self":[{"href":"https:\/\/lynnhan.com\/lv\/wp-json\/wp\/v2\/pages\/603","targetHints":{"allow":["GET"]}}],"collection":[{"href":"https:\/\/lynnhan.com\/lv\/wp-json\/wp\/v2\/pages"}],"about":[{"href":"https:\/\/lynnhan.com\/lv\/wp-json\/wp\/v2\/types\/page"}],"author":[{"embeddable":true,"href":"https:\/\/lynnhan.com\/lv\/wp-json\/wp\/v2\/users\/1"}],"replies":[{"embeddable":true,"href":"https:\/\/lynnhan.com\/lv\/wp-json\/wp\/v2\/comments?post=603"}],"version-history":[{"count":0,"href":"https:\/\/lynnhan.com\/lv\/wp-json\/wp\/v2\/pages\/603\/revisions"}],"wp:attachment":[{"href":"https:\/\/lynnhan.com\/lv\/wp-json\/wp\/v2\/media?parent=603"}],"curies":[{"name":"wp","href":"https:\/\/api.w.org\/{rel}","templated":true}]}}