{"id":601,"date":"2024-02-28T03:19:26","date_gmt":"2024-02-28T03:19:26","guid":{"rendered":"https:\/\/lynnhan.com\/?page_id=601"},"modified":"2024-12-18T10:32:06","modified_gmt":"2024-12-18T10:32:06","slug":"piedaves-kods","status":"publish","type":"page","link":"https:\/\/lynnhan.com\/lv\/piedaves-kods\/","title":{"rendered":"K\u0101rt\u012bbas kods"},"content":{"rendered":"<div data-elementor-type=\"wp-page\" data-elementor-id=\"601\" class=\"elementor elementor-601\" data-elementor-post-type=\"page\">\n\t\t\t\t<div class=\"elementor-element elementor-element-1f21eb2 e-flex e-con-boxed e-con e-parent\" data-id=\"1f21eb2\" data-element_type=\"container\">\n\t\t\t\t\t<div class=\"e-con-inner\">\n\t\t\t\t<div class=\"elementor-element elementor-element-bfcddf0 elementor-widget elementor-widget-image\" data-id=\"bfcddf0\" data-element_type=\"widget\" data-widget_type=\"image.default\">\n\t\t\t\t<div class=\"elementor-widget-container\">\n\t\t\t\t\t\t\t\t\t\t\t\t\t\t\t<img fetchpriority=\"high\" decoding=\"async\" width=\"1536\" height=\"768\" src=\"https:\/\/pub-78925c7bf9ca4c6d820df8293a5c116c.r2.dev\/2024\/12\/Code-Of-Conduct.webp\" class=\"attachment-full size-full wp-image-3311\" alt=\"Visu kop\u0101 LED pieg\u0101d\u0101t\u0101ja Kodeksa veiksmes\" srcset=\"https:\/\/pub-78925c7bf9ca4c6d820df8293a5c116c.r2.dev\/2024\/12\/Code-Of-Conduct.webp 1536w, https:\/\/pub-78925c7bf9ca4c6d820df8293a5c116c.r2.dev\/2024\/12\/Code-Of-Conduct-700x350.webp 700w, https:\/\/pub-78925c7bf9ca4c6d820df8293a5c116c.r2.dev\/2024\/12\/Code-Of-Conduct-1024x512.webp 1024w, https:\/\/pub-78925c7bf9ca4c6d820df8293a5c116c.r2.dev\/2024\/12\/Code-Of-Conduct-768x384.webp 768w, https:\/\/pub-78925c7bf9ca4c6d820df8293a5c116c.r2.dev\/2024\/12\/Code-Of-Conduct-18x9.webp 18w, https:\/\/pub-78925c7bf9ca4c6d820df8293a5c116c.r2.dev\/2024\/12\/Code-Of-Conduct-1140x570.webp 1140w, https:\/\/pub-78925c7bf9ca4c6d820df8293a5c116c.r2.dev\/2024\/12\/Code-Of-Conduct-920x460.webp 920w, https:\/\/pub-78925c7bf9ca4c6d820df8293a5c116c.r2.dev\/2024\/12\/Code-Of-Conduct-575x288.webp 575w, https:\/\/pub-78925c7bf9ca4c6d820df8293a5c116c.r2.dev\/2024\/12\/Code-Of-Conduct-380x190.webp 380w, https:\/\/pub-78925c7bf9ca4c6d820df8293a5c116c.r2.dev\/2024\/12\/Code-Of-Conduct-1320x660.webp 1320w, https:\/\/pub-78925c7bf9ca4c6d820df8293a5c116c.r2.dev\/2024\/12\/Code-Of-Conduct-800x400.webp 800w\" sizes=\"(max-width: 1536px) 100vw, 1536px\" \/>\t\t\t\t\t\t\t\t\t\t\t\t\t\t\t<\/div>\n\t\t\t\t<\/div>\n\t\t\t\t\t<\/div>\n\t\t\t\t<\/div>\n\t\t<div class=\"elementor-element elementor-element-7b6aef8e e-flex e-con-boxed e-con e-parent\" data-id=\"7b6aef8e\" data-element_type=\"container\">\n\t\t\t\t\t<div class=\"e-con-inner\">\n\t\t\t\t<div class=\"elementor-element elementor-element-620072c1 elementor-widget elementor-widget-text-editor\" data-id=\"620072c1\" data-element_type=\"widget\" data-widget_type=\"text-editor.default\">\n\t\t\t\t<div class=\"elementor-widget-container\">\n\t\t\t\t\t\t\t\t\t\n<p><strong>Ievads<\/strong><\/p>\n\n\n\n<p>1. At Lynnhan, m\u0113s esam piekrit\u0101mi veikt m\u016bsu biznesu p\u0113c augst\u0101kajiem int\u0113ritisma un profesion\u0101lisma standartiem. \u0160\u012b Kods uztveres ir viedonis m\u016bsu darbiniekiem, partneriem un sadarb\u012bbniekiem, apskatot principus un standartus, kas noteik \u0161o korporat\u012bvo uzved\u012bbu un l\u0113m\u0161anas procesus.<\/p>\n\n\n\n<p><strong>2. M\u016bsu piekrit\u012bba int\u0113ritismam<\/strong><\/p>\n\n\n\n<ul class=\"wp-block-list\">\n<li><strong>3. Etiskie uz\u0146\u0113m\u0113\u0161anas prakt\u012bkas<\/strong>4. : M\u0113s esam piekrit\u0101mi veikt m\u016bsu biznesu eti\u0137\u0113tiski un ar int\u0113ritismu, respekt\u0113jot visas pieejamas likumus, normas un standartus.<\/li>\n\n\n\n<li><strong>Skaidr\u012bba<\/strong>5. : M\u0113s veicinam atv\u0113rpt\u012bgu un Transparency vidi visas m\u016bsu uz\u0146\u0113m\u0113\u0161anas dar\u012bjumos, saglab\u0101jot, ka m\u016bsu dal\u012bbnieki ir inform\u0113ti un ietilp\u0113t\u012bgi m\u016bsu procesos.<\/li>\n<\/ul>\n\n\n\n<p><strong>6. Respekt\u0113\u0161ana un nediskrimin\u0101cija<\/strong><\/p>\n\n\n\n<ul class=\"wp-block-list\">\n<li><strong>7. Diversit\u0101te un iek\u013cau\u0161ana<\/strong>8. : M\u0113s v\u0113rt\u0113jam daudzveid\u012bbu un esam piekrit\u0101mi veikt daudzveid\u012bgu vidi, kur visi tiek apmierin\u0101ti ar respektu un v\u0113r\u0101m.<\/li>\n\n\n\n<li><strong>9. Harassment-Free Workplace<\/strong>10. : Lynnhan ir piekrit\u0101js saglab\u0101t darbasp\u0113ku bez haras\u0113\u0161anas, diskrimin\u0101cijas vai k\u0101da cit\u0101 veida izmanto\u0161anas. Visi darbinieki tiek pras\u012bti piecon\u012bt pozit\u012bvai un respekt\u012bvai darbasp\u0113ks vidi.<\/li>\n<\/ul>\n\n\n\n<p><strong>11. Atbild\u012bba un atbildes<\/strong><\/p>\n\n\n\n<ul class=\"wp-block-list\">\n<li><strong>12. Atbilst\u012bba<\/strong>13. : Visi darbinieki un partneri ir piekrit\u0101ji atbilst \u0161im Kodam uztveres, kompanijas politik\u0101m un visiem pieejamiem likumiem un norm\u0101m.<\/li>\n\n\n\n<li><strong>14. Zi\u0146ojumi par p\u0101rverm\u0113m<\/strong>15. : M\u0113s iesak\u0101m zi\u0146ot par k\u0101du neeti\u0137isku uzved\u012bbu vai \u0161\u012b Koda uztveres p\u0101rverm\u0113m. Lynnhan saglab\u0101, ka neb\u016bs atbild\u012bbas pret cilv\u0113kiem, kuri zi\u0146o par p\u0101rverm\u0113m labv\u0113l\u012bg\u0101 gar\u012bb\u0101.<\/li>\n<\/ul>\n\n\n\n<p><strong>16. Konfidenci un priv\u0101tums<\/strong><\/p>\n\n\n\n<ul class=\"wp-block-list\">\n<li><strong>17. Inform\u0101cijas aizsardz\u012bba<\/strong>18. : M\u0113s esam piekrit\u0101ji aizsarg\u0101t m\u016bsu klientu, darbinieku un partneru konfidenci un priv\u0101tumu. Inform\u0101cija j\u0101apstr\u0101d\u0101 ar maksim\u0101lo uzman\u012bbu un dro\u0161\u012bbu.<\/li>\n\n\n\n<li><strong>17. Intelektu\u0101l\u0101 \u012bpa\u0161ums<\/strong>19. : M\u0113s respekt\u0113jam intelektu\u0101lo \u012bpa\u0161umniec\u012bbu ties\u012bbas un saglab\u0101jam, ka m\u016bsu darbinieki un partneri to piev\u0113r\u0161as.<\/li>\n<\/ul>\n\n\n\n<p><strong>20. Konflikti intere\u0161os<\/strong><\/p>\n\n\n\n<ul class=\"wp-block-list\">\n<li><strong>21. Konfliktu izvair\u012b\u0161an\u0101s<\/strong>22. : Darbinieki un partneri b\u016btu j\u0101izvairot visas personisk\u0101s, finansu vai citas intere\u0161us, kas var\u0113tu ietekm\u0113t tos, lai veiktu savu darbu neapmierin\u0101ti.<\/li>\n\n\n\n<li><strong>23. Atkl\u0101\u0161ana<\/strong>24. : J\u0113ku potenci\u0101los konfliktus intere\u0161os j\u0101atkl\u0101j vad\u012bb\u0101, lai tie b\u016btu nov\u0113rt\u0113ti un kon\u0441ult\u0113ti.<\/li>\n<\/ul>\n\n\n\n<p><strong>25. Vides atbild\u012bba<\/strong><\/p>\n\n\n\n<ul class=\"wp-block-list\">\n<li><strong>Biedr\u012bbas v\u0113rt\u012bbas<\/strong>26. : Lynnhan ir piekrit\u0101js uztver\u0113t uztver\u0113tisma un vides r\u012bc\u012bbu. M\u0113s m\u0113\u0123in\u0101m minimiz\u0113t m\u016bsu vides ietekmi un veicin\u0101t atbild\u012bgas prakt\u012bkas visas m\u016bsu uz\u0146\u0113m\u0113\u0161anas laukos.<\/li>\n<\/ul>\n\n\n\n<p><strong>27. Kopienas dal\u012bba<\/strong><\/p>\n\n\n\n<ul class=\"wp-block-list\">\n<li><strong>28. Atg<\/strong>: We believe in giving back to the communities where we operate, fostering a spirit of service and volunteerism among our employees and partners.<\/li>\n<\/ul>\n\n\n\n<p><strong>Implementation and Enforcement<\/strong><\/p>\n\n\n\n<ul class=\"wp-block-list\">\n<li><strong>Tr\u012b\u0161anas<\/strong>: Visi darbinieki sa\u0146ems tr\u012b\u0161anu \u0161eit Kodeks\u0101 veiksm\u012bgam izpratnes un principu veiksm\u012bg\u0101m izvieto\u0161an\u0101m.<\/li>\n\n\n\n<li><strong>Iztver\u0113\u0161ana<\/strong>: Kodeksa veiksmes nesav\u012bt\u012bbas var b\u016bt uzskat\u012btas gr\u016bti un var izrais\u012bt k\u0101rt\u012bbas r\u012bkus, tai skait\u0101 darba p\u0101rtrauk\u0161anu vai uz\u0146\u0113muma attiec\u012bbu p\u0101rtrauk\u0161anu.<\/li>\n<\/ul>\n\n\n\n<p><strong>17. S\u0101kums<\/strong><\/p>\n\n\n\n<p>\u0160is Kodeksa veiksmes ir centr\u0101ls m\u016bsu misij\u0101 Lynnhan. Uzkr\u0101joties \u0161\u012bm principiem, m\u0113s saglab\u0101jam savu god\u012bbas v\u0113rt\u012bbu, piekr\u012bt pozit\u012bvai darba kult\u016brai un uzb\u016bv\u0113jam uztveri ar m\u016bsu klientiem, partneriem un sabiedr\u012bbu. Kop\u0101 m\u0113s var\u0101m saglab\u0101t, ka Lynnhan turpin\u0101s b\u016bt viet\u0101, kur ekselence, respekt\u012bba un god\u012bba pl\u016b\u0161.<\/p>\n\t\t\t\t\t\t\t\t<\/div>\n\t\t\t\t<\/div>\n\t\t\t\t\t<\/div>\n\t\t\t\t<\/div>\n\t\t\t\t<\/div>","protected":false},"excerpt":{"rendered":"<p>Introduction At Lynnhan, we are committed to conducting our business according to the highest standards of integrity and professionalism. This Code of Conduct serves as a guide for our employees, [\u2026]<\/p>","protected":false},"author":1,"featured_media":0,"parent":0,"menu_order":0,"comment_status":"closed","ping_status":"closed","template":"","meta":{"footnotes":""},"class_list":["post-601","page","type-page","status-publish","hentry"],"yoast_head":"<!-- This site is optimized with the Yoast SEO plugin v26.6 - https:\/\/yoast.com\/wordpress\/plugins\/seo\/ -->\n<title>Code of Conduct-Lynnhan smart display factory<\/title>\n<meta name=\"description\" content=\"Lynnhan smart display factory&#039;s commits to ethics and integrity. Our code of conduct ensures a respectful and inclusive culture for all.\" \/>\n<meta name=\"robots\" content=\"index, follow, max-snippet:-1, max-image-preview:large, max-video-preview:-1\" \/>\n<link rel=\"canonical\" href=\"https:\/\/lynnhan.com\/lv\/piedaves-kods\/\" \/>\n<meta property=\"og:locale\" content=\"lv_LV\" \/>\n<meta property=\"og:type\" content=\"article\" \/>\n<meta property=\"og:title\" content=\"Code of Conduct-Lynnhan smart display factory\" \/>\n<meta property=\"og:description\" content=\"Lynnhan smart display factory&#039;s commits to ethics and integrity. Our code of conduct ensures a respectful and inclusive culture for all.\" \/>\n<meta property=\"og:url\" content=\"https:\/\/lynnhan.com\/lv\/piedaves-kods\/\" \/>\n<meta property=\"og:site_name\" content=\"Lynnhan - Trusted Supplier | LED\/OLED\/LCD\/E-paper digital signages\" \/>\n<meta property=\"article:modified_time\" content=\"2024-12-18T10:32:06+00:00\" \/>\n<meta property=\"og:image\" content=\"https:\/\/pub-78925c7bf9ca4c6d820df8293a5c116c.r2.dev\/2024\/12\/Code-Of-Conduct.webp\" \/>\n<meta name=\"twitter:card\" content=\"summary_large_image\" \/>\n<meta name=\"twitter:label1\" content=\"Est. reading time\" \/>\n\t<meta name=\"twitter:data1\" content=\"3 min\u016btes\" \/>\n<script type=\"application\/ld+json\" class=\"yoast-schema-graph\">{\"@context\":\"https:\/\/schema.org\",\"@graph\":[{\"@type\":\"WebPage\",\"@id\":\"https:\/\/lynnhan.com\/ja\/%e8%a1%8c%e5%8b%95%e8%a6%8f%e7%af%84\/\",\"url\":\"https:\/\/lynnhan.com\/ja\/%e8%a1%8c%e5%8b%95%e8%a6%8f%e7%af%84\/\",\"name\":\"Code of Conduct-Lynnhan smart display factory\",\"isPartOf\":{\"@id\":\"https:\/\/lynnhan.com\/km\/#website\"},\"primaryImageOfPage\":{\"@id\":\"https:\/\/lynnhan.com\/ja\/%e8%a1%8c%e5%8b%95%e8%a6%8f%e7%af%84\/#primaryimage\"},\"image\":{\"@id\":\"https:\/\/lynnhan.com\/ja\/%e8%a1%8c%e5%8b%95%e8%a6%8f%e7%af%84\/#primaryimage\"},\"thumbnailUrl\":\"https:\/\/pub-78925c7bf9ca4c6d820df8293a5c116c.r2.dev\/2024\/12\/Code-Of-Conduct.webp\",\"datePublished\":\"2024-02-28T03:19:26+00:00\",\"dateModified\":\"2024-12-18T10:32:06+00:00\",\"description\":\"Lynnhan smart display factory's commits to ethics and integrity. Our code of conduct ensures a respectful and inclusive culture for all.\",\"breadcrumb\":{\"@id\":\"https:\/\/lynnhan.com\/ja\/%e8%a1%8c%e5%8b%95%e8%a6%8f%e7%af%84\/#breadcrumb\"},\"inLanguage\":\"lv-LV\",\"potentialAction\":[{\"@type\":\"ReadAction\",\"target\":[\"https:\/\/lynnhan.com\/ja\/%e8%a1%8c%e5%8b%95%e8%a6%8f%e7%af%84\/\"]}]},{\"@type\":\"ImageObject\",\"inLanguage\":\"lv-LV\",\"@id\":\"https:\/\/lynnhan.com\/ja\/%e8%a1%8c%e5%8b%95%e8%a6%8f%e7%af%84\/#primaryimage\",\"url\":\"https:\/\/pub-78925c7bf9ca4c6d820df8293a5c116c.r2.dev\/2024\/12\/Code-Of-Conduct.webp\",\"contentUrl\":\"https:\/\/pub-78925c7bf9ca4c6d820df8293a5c116c.r2.dev\/2024\/12\/Code-Of-Conduct.webp\"},{\"@type\":\"BreadcrumbList\",\"@id\":\"https:\/\/lynnhan.com\/ja\/%e8%a1%8c%e5%8b%95%e8%a6%8f%e7%af%84\/#breadcrumb\",\"itemListElement\":[{\"@type\":\"ListItem\",\"position\":1,\"name\":\"Home\",\"item\":\"https:\/\/lynnhan.com\/\"},{\"@type\":\"ListItem\",\"position\":2,\"name\":\"Code Of Conduct\"}]},{\"@type\":\"WebSite\",\"@id\":\"https:\/\/lynnhan.com\/km\/#website\",\"url\":\"https:\/\/lynnhan.com\/km\/\",\"name\":\"Lynnhan - Trusted Supplier | LED\/OLED\/LCD\/E-paper digital signages\",\"description\":\"Lynnhan - Trusted Supplier |  LED\/OLED\/LCD\/E-paper digital signages\",\"publisher\":{\"@id\":\"https:\/\/lynnhan.com\/km\/#organization\"},\"potentialAction\":[{\"@type\":\"SearchAction\",\"target\":{\"@type\":\"EntryPoint\",\"urlTemplate\":\"https:\/\/lynnhan.com\/km\/?s={search_term_string}\"},\"query-input\":{\"@type\":\"PropertyValueSpecification\",\"valueRequired\":true,\"valueName\":\"search_term_string\"}}],\"inLanguage\":\"lv-LV\"},{\"@type\":\"Organization\",\"@id\":\"https:\/\/lynnhan.com\/km\/#organization\",\"name\":\"Lynnhan - Trusted Supplier | LED\/OLED\/LCD\/E-paper digital signages\",\"url\":\"https:\/\/lynnhan.com\/km\/\",\"logo\":{\"@type\":\"ImageObject\",\"inLanguage\":\"lv-LV\",\"@id\":\"https:\/\/lynnhan.com\/km\/#\/schema\/logo\/image\/\",\"url\":\"https:\/\/pub-78925c7bf9ca4c6d820df8293a5c116c.r2.dev\/2024\/07\/LynnHan-logo3.png\",\"contentUrl\":\"https:\/\/pub-78925c7bf9ca4c6d820df8293a5c116c.r2.dev\/2024\/07\/LynnHan-logo3.png\",\"width\":390,\"height\":130,\"caption\":\"Lynnhan - Trusted Supplier | LED\/OLED\/LCD\/E-paper digital signages\"},\"image\":{\"@id\":\"https:\/\/lynnhan.com\/km\/#\/schema\/logo\/image\/\"}}]}<\/script>\n<!-- \/ Yoast SEO plugin. -->","yoast_head_json":{"title":"Pied\u0101ves kods-Lynnhan vides \u0161\u0137irsnis fabrika","description":"Lynnhan videsk\u0101r\u0161o ekr\u0101na r\u016bpn\u012bcas piekrit\u0113jums etikai un piln\u012bgumam. M\u016bsu k\u0101rt\u012bbas kods saglab\u0101 respect\u012bvu un iek\u013caujo\u0161u kult\u016bru visiem.","robots":{"index":"index","follow":"follow","max-snippet":"max-snippet:-1","max-image-preview":"max-image-preview:large","max-video-preview":"max-video-preview:-1"},"canonical":"https:\/\/lynnhan.com\/lv\/piedaves-kods\/","og_locale":"lv_LV","og_type":"article","og_title":"Code of Conduct-Lynnhan smart display factory","og_description":"Lynnhan smart display factory's commits to ethics and integrity. Our code of conduct ensures a respectful and inclusive culture for all.","og_url":"https:\/\/lynnhan.com\/lv\/piedaves-kods\/","og_site_name":"Lynnhan - Trusted Supplier | LED\/OLED\/LCD\/E-paper digital signages","article_modified_time":"2024-12-18T10:32:06+00:00","og_image":[{"url":"https:\/\/pub-78925c7bf9ca4c6d820df8293a5c116c.r2.dev\/2024\/12\/Code-Of-Conduct.webp","type":"","width":"","height":""}],"twitter_card":"summary_large_image","twitter_misc":{"Est. reading time":"3 min\u016btes"},"schema":{"@context":"https:\/\/schema.org","@graph":[{"@type":"WebPage","@id":"https:\/\/lynnhan.com\/ja\/%e8%a1%8c%e5%8b%95%e8%a6%8f%e7%af%84\/","url":"https:\/\/lynnhan.com\/ja\/%e8%a1%8c%e5%8b%95%e8%a6%8f%e7%af%84\/","name":"Pied\u0101ves kods-Lynnhan vides \u0161\u0137irsnis fabrika","isPartOf":{"@id":"https:\/\/lynnhan.com\/km\/#website"},"primaryImageOfPage":{"@id":"https:\/\/lynnhan.com\/ja\/%e8%a1%8c%e5%8b%95%e8%a6%8f%e7%af%84\/#primaryimage"},"image":{"@id":"https:\/\/lynnhan.com\/ja\/%e8%a1%8c%e5%8b%95%e8%a6%8f%e7%af%84\/#primaryimage"},"thumbnailUrl":"https:\/\/pub-78925c7bf9ca4c6d820df8293a5c116c.r2.dev\/2024\/12\/Code-Of-Conduct.webp","datePublished":"2024-02-28T03:19:26+00:00","dateModified":"2024-12-18T10:32:06+00:00","description":"Lynnhan videsk\u0101r\u0161o ekr\u0101na r\u016bpn\u012bcas piekrit\u0113jums etikai un piln\u012bgumam. M\u016bsu k\u0101rt\u012bbas kods saglab\u0101 respect\u012bvu un iek\u013caujo\u0161u kult\u016bru visiem.","breadcrumb":{"@id":"https:\/\/lynnhan.com\/ja\/%e8%a1%8c%e5%8b%95%e8%a6%8f%e7%af%84\/#breadcrumb"},"inLanguage":"lv-LV","potentialAction":[{"@type":"ReadAction","target":["https:\/\/lynnhan.com\/ja\/%e8%a1%8c%e5%8b%95%e8%a6%8f%e7%af%84\/"]}]},{"@type":"ImageObject","inLanguage":"lv-LV","@id":"https:\/\/lynnhan.com\/ja\/%e8%a1%8c%e5%8b%95%e8%a6%8f%e7%af%84\/#primaryimage","url":"https:\/\/pub-78925c7bf9ca4c6d820df8293a5c116c.r2.dev\/2024\/12\/Code-Of-Conduct.webp","contentUrl":"https:\/\/pub-78925c7bf9ca4c6d820df8293a5c116c.r2.dev\/2024\/12\/Code-Of-Conduct.webp"},{"@type":"BreadcrumbList","@id":"https:\/\/lynnhan.com\/ja\/%e8%a1%8c%e5%8b%95%e8%a6%8f%e7%af%84\/#breadcrumb","itemListElement":[{"@type":"ListItem","position":1,"name":"Home","item":"https:\/\/lynnhan.com\/"},{"@type":"ListItem","position":2,"name":"Code Of Conduct"}]},{"@type":"WebSite","@id":"https:\/\/lynnhan.com\/km\/#website","url":"https:\/\/lynnhan.com\/km\/","name":"Lynnhan - Uztver\u012bgs pieg\u0101d\u0101t\u0101js | LED\/OLED\/LCD\/E-paper digit\u0101lie rekl\u0101mas z\u012bmes","description":"Lynnhan - Uztver\u012bgs pieg\u0101d\u0101t\u0101js | LED\/OLED\/LCD\/E-paper digit\u0101lie rekl\u0101mas plak\u0101ti","publisher":{"@id":"https:\/\/lynnhan.com\/km\/#organization"},"potentialAction":[{"@type":"SearchAction","target":{"@type":"EntryPoint","urlTemplate":"https:\/\/lynnhan.com\/km\/?s={search_term_string}"},"query-input":{"@type":"PropertyValueSpecification","valueRequired":true,"valueName":"search_term_string"}}],"inLanguage":"lv-LV"},{"@type":"Organization","@id":"https:\/\/lynnhan.com\/km\/#organization","name":"Lynnhan - Uztver\u012bgs pieg\u0101d\u0101t\u0101js | LED\/OLED\/LCD\/E-paper digit\u0101lie rekl\u0101mas z\u012bmes","url":"https:\/\/lynnhan.com\/km\/","logo":{"@type":"ImageObject","inLanguage":"lv-LV","@id":"https:\/\/lynnhan.com\/km\/#\/schema\/logo\/image\/","url":"https:\/\/pub-78925c7bf9ca4c6d820df8293a5c116c.r2.dev\/2024\/07\/LynnHan-logo3.png","contentUrl":"https:\/\/pub-78925c7bf9ca4c6d820df8293a5c116c.r2.dev\/2024\/07\/LynnHan-logo3.png","width":390,"height":130,"caption":"Lynnhan - Trusted Supplier | LED\/OLED\/LCD\/E-paper digital signages"},"image":{"@id":"https:\/\/lynnhan.com\/km\/#\/schema\/logo\/image\/"}}]}},"jetpack_sharing_enabled":true,"_links":{"self":[{"href":"https:\/\/lynnhan.com\/lv\/wp-json\/wp\/v2\/pages\/601","targetHints":{"allow":["GET"]}}],"collection":[{"href":"https:\/\/lynnhan.com\/lv\/wp-json\/wp\/v2\/pages"}],"about":[{"href":"https:\/\/lynnhan.com\/lv\/wp-json\/wp\/v2\/types\/page"}],"author":[{"embeddable":true,"href":"https:\/\/lynnhan.com\/lv\/wp-json\/wp\/v2\/users\/1"}],"replies":[{"embeddable":true,"href":"https:\/\/lynnhan.com\/lv\/wp-json\/wp\/v2\/comments?post=601"}],"version-history":[{"count":0,"href":"https:\/\/lynnhan.com\/lv\/wp-json\/wp\/v2\/pages\/601\/revisions"}],"wp:attachment":[{"href":"https:\/\/lynnhan.com\/lv\/wp-json\/wp\/v2\/media?parent=601"}],"curies":[{"name":"wp","href":"https:\/\/api.w.org\/{rel}","templated":true}]}}