{"id":535,"date":"2024-02-27T08:28:56","date_gmt":"2024-02-27T08:28:56","guid":{"rendered":"https:\/\/lynnhan.com\/?page_id=535"},"modified":"2024-12-18T10:25:48","modified_gmt":"2024-12-18T10:25:48","slug":"maksajumi","status":"publish","type":"page","link":"https:\/\/lynnhan.com\/lv\/maksajumi\/","title":{"rendered":"Maks\u0101\u0161anas veidi"},"content":{"rendered":"<div data-elementor-type=\"wp-page\" data-elementor-id=\"535\" class=\"elementor elementor-535\" data-elementor-post-type=\"page\">\n\t\t\t\t<div class=\"elementor-element elementor-element-142d8d4 e-flex e-con-boxed e-con e-parent\" data-id=\"142d8d4\" data-element_type=\"container\">\n\t\t\t\t\t<div class=\"e-con-inner\">\n\t\t\t\t<div class=\"elementor-element elementor-element-6619f7f elementor-widget elementor-widget-image\" data-id=\"6619f7f\" data-element_type=\"widget\" data-widget_type=\"image.default\">\n\t\t\t\t<div class=\"elementor-widget-container\">\n\t\t\t\t\t\t\t\t\t\t\t\t\t\t\t<img fetchpriority=\"high\" decoding=\"async\" width=\"1920\" height=\"1076\" src=\"https:\/\/pub-78925c7bf9ca4c6d820df8293a5c116c.r2.dev\/2024\/12\/payments-2.webp\" class=\"attachment-full size-full wp-image-3303\" alt=\"All in One LED manufacturer Payments\" srcset=\"https:\/\/pub-78925c7bf9ca4c6d820df8293a5c116c.r2.dev\/2024\/12\/payments-2.webp 1920w, https:\/\/pub-78925c7bf9ca4c6d820df8293a5c116c.r2.dev\/2024\/12\/payments-2-700x392.webp 700w, https:\/\/pub-78925c7bf9ca4c6d820df8293a5c116c.r2.dev\/2024\/12\/payments-2-1024x574.webp 1024w, https:\/\/pub-78925c7bf9ca4c6d820df8293a5c116c.r2.dev\/2024\/12\/payments-2-768x430.webp 768w, https:\/\/pub-78925c7bf9ca4c6d820df8293a5c116c.r2.dev\/2024\/12\/payments-2-1536x861.webp 1536w, https:\/\/pub-78925c7bf9ca4c6d820df8293a5c116c.r2.dev\/2024\/12\/payments-2-18x10.webp 18w, https:\/\/pub-78925c7bf9ca4c6d820df8293a5c116c.r2.dev\/2024\/12\/payments-2-1140x639.webp 1140w, https:\/\/pub-78925c7bf9ca4c6d820df8293a5c116c.r2.dev\/2024\/12\/payments-2-920x516.webp 920w, https:\/\/pub-78925c7bf9ca4c6d820df8293a5c116c.r2.dev\/2024\/12\/payments-2-575x322.webp 575w, https:\/\/pub-78925c7bf9ca4c6d820df8293a5c116c.r2.dev\/2024\/12\/payments-2-380x213.webp 380w, https:\/\/pub-78925c7bf9ca4c6d820df8293a5c116c.r2.dev\/2024\/12\/payments-2-1320x740.webp 1320w, https:\/\/pub-78925c7bf9ca4c6d820df8293a5c116c.r2.dev\/2024\/12\/payments-2-800x448.webp 800w\" sizes=\"(max-width: 1920px) 100vw, 1920px\" \/>\t\t\t\t\t\t\t\t\t\t\t\t\t\t\t<\/div>\n\t\t\t\t<\/div>\n\t\t\t\t\t<\/div>\n\t\t\t\t<\/div>\n\t\t<div class=\"elementor-element elementor-element-d66f236 e-flex e-con-boxed e-con e-parent\" data-id=\"d66f236\" data-element_type=\"container\">\n\t\t\t\t\t<div class=\"e-con-inner\">\n\t\t\t\t<div class=\"elementor-element elementor-element-c3f9628 elementor-widget elementor-widget-text-editor\" data-id=\"c3f9628\" data-element_type=\"widget\" data-widget_type=\"text-editor.default\">\n\t\t\t\t<div class=\"elementor-widget-container\">\n\t\t\t\t\t\t\t\t\t<h3>1. Maks\u0101\u0161anas Sol\u016bcijas Lynnhan: Strukt\u016br\u0113tas un dro\u0161as transakcijas<\/h3><p><strong>2. Pie\u0137er\u012bgas Maks\u0101\u0161anas Iesp\u0113jas J\u016bsu uz\u0146\u0113muma vajadz\u012bb\u0101m<\/strong><\/p><p>3. Lynnhan saprot, cik svar\u012bgs ir pie\u0137er\u012bgas un dro\u0161as maks\u0101\u0161anas sol\u016bcijas uz\u0146\u0113mumiem. M\u0113mz\u012bme ir, lai j\u016bsu pirkuma procesu padar\u012btu k\u0101 iesp\u0113jam\u0101k\u0101s viegli un bez trauc\u0113jumiem. Tai pie\u0146emam, nodro\u0161inam da\u017e\u0101das maks\u0101\u0161anas iesp\u0113jas, att\u0113lotas uz m\u016bsu B2B klientu da\u017e\u0101d\u0101m vajadz\u012bb\u0101m.<\/p><p><strong>4. Dro\u0161as Online Maks\u0101\u0161anas<\/strong><\/p><p>5. Paties\u012bb\u0101 un veiksm\u012bgumam, Lynnhan atbalsta dro\u0161as online maks\u0101\u0161anas. M\u016bsu platforma pie\u0146em svar\u012bg\u0101k\u0101s kred\u012btkartes, tai skait\u0101 Visa, MasterCard un American Express, k\u0101 ar\u012b PayPal \u0101triem un viegliem transakcij\u0101m. M\u016bsu dro\u0161\u0101 maks\u0101\u0161anas vadi\u0146a nodro\u0161ina, ka j\u016bsu finansu inform\u0101cija vienm\u0113r ir aizsarg\u0101ta, izmantojot avangardas \u0161ifr\u0113\u0161anas un dro\u0161\u012bbas protokoli.<\/p><p><strong>6. Banku P\u0101rvedes (T\/T un Western Union)<br \/><\/strong><\/p><p>7. Liel\u0101kiem pas\u016bt\u012bjumiem vai m\u0101c\u012bgas sol\u016bcij\u0101m, m\u0113s pie\u0146emam tieksm\u012bgas banku p\u0101rvedes. \u0160\u012b iesp\u0113ja pie\u013cauj liel\u0101ku pie\u0137er\u012bgumu j\u016bsu finansu p\u0101rvald\u0113 un ir idealiska uz\u0146\u0113mumiem, kuri v\u0113las tradicion\u0101las maks\u0101\u0161anas metodes. M\u016bsu klients apkalpo\u0161anas komanda piev\u0113rs\u012bs jums visas nepiecie\u0161am\u0101s inform\u0101cijas, lai uzs\u0101ktu viegli banku p\u0101rvedi.<\/p><p><strong>8. M\u0101c\u012bgas Maks\u0101\u0161anas Pl\u0101ni<\/strong><\/p><p>9. Saprotot, ka katram uz\u0146\u0113mumam ir unik\u0101las vajadz\u012bbas, Lynnhan ir gatavs run\u0101t par m\u0101c\u012bgas maks\u0101\u0161anas pl\u0101niem. Neatkar\u012bgi no to, vai tas ir periodiskais maks\u0101\u0161anas grafiks vai piel\u0101got\u0101 finansi\u0101la risin\u0101jums, m\u016bsu komanda piekritas darboties ar jums, lai atrastu maks\u0101\u0161anas strukt\u016bru, kas atbilst j\u016bsu uz\u0146\u0113muma pras\u012bb\u0101m.<\/p><p><strong>10. Dro\u0161s Transakcijas Processs<\/strong><\/p><p>11. Dro\u0161\u012bba ir m\u016bsu virsotne maks\u0101\u0161anas veidod\u0101. Lynnhan izmanto vado\u0161as dro\u0161\u012bbas m\u0113r\u0137i, lai aizsarg\u0101tu j\u016bsu transakcijas un person\u012bgas inform\u0101cijas. M\u016bsu atbilst\u012bba PCI DSS standartiem saglab\u0101, ka j\u016bsu maks\u0101\u0161ana tiek apstr\u0101d\u0101ta vislab\u0101k\u0101s dro\u0161\u0101s vid\u0113.<\/p><p><strong>12. Piel\u0101got\u0101 Atbalsta<\/strong><\/p><p>13. M\u016bsu piel\u0101got\u0101 klients apkalpo\u0161anas komanda ir pieejama, lai pal\u012bdz\u0113tu ar jebk\u0101d\u0101m maks\u0101\u0161anas saist\u012btaj\u0101m jaut\u0101jumiem vai probl\u0113m\u0101m. Neatkar\u012bgi vai jums nepiecie\u0161as pal\u012bdz\u012bba ar ties\u012bgo maks\u0101\u0161anas iesp\u0113ju izv\u0113li, r\u0113\u0137ina saprot\u0113\u0161anu vai maks\u0101\u0161anas pl\u0101nu run\u0101\u0161anu, m\u0113s esam pieejami, lai saglab\u0101tu gludenu transakcijas pieredzi.<\/p><p><strong>14. K\u0101 Maks\u0101t<\/strong><\/p><p>15. Maks\u0101\u0161ana ar Lynnhan ir viegli. P\u0113c j\u016bsu pas\u016bt\u012bjuma veik\u0161anas,<\/p><p>At Lynnhan, we\u2019re committed to providing our B2B clients with secure, flexible, and convenient payment solutions. Our range of payment options is designed to accommodate your business\u2019s specific needs, ensuring a smooth and efficient purchasing experience.<\/p>\t\t\t\t\t\t\t\t<\/div>\n\t\t\t\t<\/div>\n\t\t\t\t\t<\/div>\n\t\t\t\t<\/div>\n\t\t\t\t<\/div>","protected":false},"excerpt":{"rendered":"<p>Payment Solutions at Lynnhan: Streamlined and Secure Transactions Flexible Payment Options for Your Business Needs At Lynnhan, we understand the importance of flexible and secure payment solutions for businesses. Our [\u2026]<\/p>","protected":false},"author":1,"featured_media":0,"parent":0,"menu_order":0,"comment_status":"closed","ping_status":"closed","template":"","meta":{"footnotes":""},"class_list":["post-535","page","type-page","status-publish","hentry"],"yoast_head":"<!-- This site is optimized with the Yoast SEO plugin v26.6 - https:\/\/yoast.com\/wordpress\/plugins\/seo\/ -->\n<title>Payments: Lynnhan portable TV supplier<\/title>\n<meta name=\"description\" content=\"Discover how Lynnhan portable TV supplier Payments transforms your online purchases into smooth, effortless experiences.\" \/>\n<meta name=\"robots\" content=\"index, follow, max-snippet:-1, max-image-preview:large, max-video-preview:-1\" \/>\n<link rel=\"canonical\" href=\"https:\/\/lynnhan.com\/lv\/maksajumi\/\" \/>\n<meta property=\"og:locale\" content=\"lv_LV\" \/>\n<meta property=\"og:type\" content=\"article\" \/>\n<meta property=\"og:title\" content=\"Payments: Lynnhan portable TV supplier\" \/>\n<meta property=\"og:description\" content=\"Discover how Lynnhan portable TV supplier Payments transforms your online purchases into smooth, effortless experiences.\" \/>\n<meta property=\"og:url\" content=\"https:\/\/lynnhan.com\/lv\/maksajumi\/\" \/>\n<meta property=\"og:site_name\" content=\"Lynnhan - Trusted Supplier | LED\/OLED\/LCD\/E-paper digital signages\" \/>\n<meta property=\"article:modified_time\" content=\"2024-12-18T10:25:48+00:00\" \/>\n<meta property=\"og:image\" content=\"https:\/\/pub-78925c7bf9ca4c6d820df8293a5c116c.r2.dev\/2024\/12\/payments-2.webp\" \/>\n<meta name=\"twitter:card\" content=\"summary_large_image\" \/>\n<meta name=\"twitter:label1\" content=\"Est. reading time\" \/>\n\t<meta name=\"twitter:data1\" content=\"2 min\u016btes\" \/>\n<script type=\"application\/ld+json\" class=\"yoast-schema-graph\">{\"@context\":\"https:\/\/schema.org\",\"@graph\":[{\"@type\":\"WebPage\",\"@id\":\"https:\/\/lynnhan.com\/payments\/\",\"url\":\"https:\/\/lynnhan.com\/payments\/\",\"name\":\"Payments: Lynnhan portable TV supplier\",\"isPartOf\":{\"@id\":\"https:\/\/lynnhan.com\/km\/#website\"},\"primaryImageOfPage\":{\"@id\":\"https:\/\/lynnhan.com\/payments\/#primaryimage\"},\"image\":{\"@id\":\"https:\/\/lynnhan.com\/payments\/#primaryimage\"},\"thumbnailUrl\":\"https:\/\/pub-78925c7bf9ca4c6d820df8293a5c116c.r2.dev\/2024\/12\/payments-2.webp\",\"datePublished\":\"2024-02-27T08:28:56+00:00\",\"dateModified\":\"2024-12-18T10:25:48+00:00\",\"description\":\"Discover how Lynnhan portable TV supplier Payments transforms your online purchases into smooth, effortless experiences.\",\"breadcrumb\":{\"@id\":\"https:\/\/lynnhan.com\/payments\/#breadcrumb\"},\"inLanguage\":\"lv-LV\",\"potentialAction\":[{\"@type\":\"ReadAction\",\"target\":[\"https:\/\/lynnhan.com\/payments\/\"]}]},{\"@type\":\"ImageObject\",\"inLanguage\":\"lv-LV\",\"@id\":\"https:\/\/lynnhan.com\/payments\/#primaryimage\",\"url\":\"https:\/\/pub-78925c7bf9ca4c6d820df8293a5c116c.r2.dev\/2024\/12\/payments-2.webp\",\"contentUrl\":\"https:\/\/pub-78925c7bf9ca4c6d820df8293a5c116c.r2.dev\/2024\/12\/payments-2.webp\"},{\"@type\":\"BreadcrumbList\",\"@id\":\"https:\/\/lynnhan.com\/payments\/#breadcrumb\",\"itemListElement\":[{\"@type\":\"ListItem\",\"position\":1,\"name\":\"Home\",\"item\":\"https:\/\/lynnhan.com\/\"},{\"@type\":\"ListItem\",\"position\":2,\"name\":\"Payments\"}]},{\"@type\":\"WebSite\",\"@id\":\"https:\/\/lynnhan.com\/km\/#website\",\"url\":\"https:\/\/lynnhan.com\/km\/\",\"name\":\"Lynnhan - Trusted Supplier | LED\/OLED\/LCD\/E-paper digital signages\",\"description\":\"Lynnhan - Trusted Supplier |  LED\/OLED\/LCD\/E-paper digital signages\",\"publisher\":{\"@id\":\"https:\/\/lynnhan.com\/km\/#organization\"},\"potentialAction\":[{\"@type\":\"SearchAction\",\"target\":{\"@type\":\"EntryPoint\",\"urlTemplate\":\"https:\/\/lynnhan.com\/km\/?s={search_term_string}\"},\"query-input\":{\"@type\":\"PropertyValueSpecification\",\"valueRequired\":true,\"valueName\":\"search_term_string\"}}],\"inLanguage\":\"lv-LV\"},{\"@type\":\"Organization\",\"@id\":\"https:\/\/lynnhan.com\/km\/#organization\",\"name\":\"Lynnhan - Trusted Supplier | LED\/OLED\/LCD\/E-paper digital signages\",\"url\":\"https:\/\/lynnhan.com\/km\/\",\"logo\":{\"@type\":\"ImageObject\",\"inLanguage\":\"lv-LV\",\"@id\":\"https:\/\/lynnhan.com\/km\/#\/schema\/logo\/image\/\",\"url\":\"https:\/\/pub-78925c7bf9ca4c6d820df8293a5c116c.r2.dev\/2024\/07\/LynnHan-logo3.png\",\"contentUrl\":\"https:\/\/pub-78925c7bf9ca4c6d820df8293a5c116c.r2.dev\/2024\/07\/LynnHan-logo3.png\",\"width\":390,\"height\":130,\"caption\":\"Lynnhan - Trusted Supplier | LED\/OLED\/LCD\/E-paper digital signages\"},\"image\":{\"@id\":\"https:\/\/lynnhan.com\/km\/#\/schema\/logo\/image\/\"}}]}<\/script>\n<!-- \/ Yoast SEO plugin. -->","yoast_head_json":{"title":"Maks\u0101jumi: Lynnhan mobil\u0101 TV pieg\u0101d\u0101t\u0101js","description":"Atkl\u0101j, k\u0101 Lynnhan mobil\u0101 TV pieg\u0101d\u0101t\u0101ja Maks\u0101jumi p\u0101rveido j\u016bsu tie\u0161saistes pirkumus \u0113rt\u0101m un neapv\u0113r\u0161am\u0101m pieredz\u0113m.","robots":{"index":"index","follow":"follow","max-snippet":"max-snippet:-1","max-image-preview":"max-image-preview:large","max-video-preview":"max-video-preview:-1"},"canonical":"https:\/\/lynnhan.com\/lv\/maksajumi\/","og_locale":"lv_LV","og_type":"article","og_title":"Payments: Lynnhan portable TV supplier","og_description":"Discover how Lynnhan portable TV supplier Payments transforms your online purchases into smooth, effortless experiences.","og_url":"https:\/\/lynnhan.com\/lv\/maksajumi\/","og_site_name":"Lynnhan - Trusted Supplier | LED\/OLED\/LCD\/E-paper digital signages","article_modified_time":"2024-12-18T10:25:48+00:00","og_image":[{"url":"https:\/\/pub-78925c7bf9ca4c6d820df8293a5c116c.r2.dev\/2024\/12\/payments-2.webp","type":"","width":"","height":""}],"twitter_card":"summary_large_image","twitter_misc":{"Est. reading time":"2 min\u016btes"},"schema":{"@context":"https:\/\/schema.org","@graph":[{"@type":"WebPage","@id":"https:\/\/lynnhan.com\/payments\/","url":"https:\/\/lynnhan.com\/payments\/","name":"Maks\u0101jumi: Lynnhan mobil\u0101 TV pieg\u0101d\u0101t\u0101js","isPartOf":{"@id":"https:\/\/lynnhan.com\/km\/#website"},"primaryImageOfPage":{"@id":"https:\/\/lynnhan.com\/payments\/#primaryimage"},"image":{"@id":"https:\/\/lynnhan.com\/payments\/#primaryimage"},"thumbnailUrl":"https:\/\/pub-78925c7bf9ca4c6d820df8293a5c116c.r2.dev\/2024\/12\/payments-2.webp","datePublished":"2024-02-27T08:28:56+00:00","dateModified":"2024-12-18T10:25:48+00:00","description":"Atkl\u0101j, k\u0101 Lynnhan mobil\u0101 TV pieg\u0101d\u0101t\u0101ja Maks\u0101jumi p\u0101rveido j\u016bsu tie\u0161saistes pirkumus \u0113rt\u0101m un neapv\u0113r\u0161am\u0101m pieredz\u0113m.","breadcrumb":{"@id":"https:\/\/lynnhan.com\/payments\/#breadcrumb"},"inLanguage":"lv-LV","potentialAction":[{"@type":"ReadAction","target":["https:\/\/lynnhan.com\/payments\/"]}]},{"@type":"ImageObject","inLanguage":"lv-LV","@id":"https:\/\/lynnhan.com\/payments\/#primaryimage","url":"https:\/\/pub-78925c7bf9ca4c6d820df8293a5c116c.r2.dev\/2024\/12\/payments-2.webp","contentUrl":"https:\/\/pub-78925c7bf9ca4c6d820df8293a5c116c.r2.dev\/2024\/12\/payments-2.webp"},{"@type":"BreadcrumbList","@id":"https:\/\/lynnhan.com\/payments\/#breadcrumb","itemListElement":[{"@type":"ListItem","position":1,"name":"Home","item":"https:\/\/lynnhan.com\/"},{"@type":"ListItem","position":2,"name":"Payments"}]},{"@type":"WebSite","@id":"https:\/\/lynnhan.com\/km\/#website","url":"https:\/\/lynnhan.com\/km\/","name":"Lynnhan - Uztver\u012bgs pieg\u0101d\u0101t\u0101js | LED\/OLED\/LCD\/E-paper digit\u0101lie rekl\u0101mas z\u012bmes","description":"Lynnhan - Uztver\u012bgs pieg\u0101d\u0101t\u0101js | LED\/OLED\/LCD\/E-paper digit\u0101lie rekl\u0101mas plak\u0101ti","publisher":{"@id":"https:\/\/lynnhan.com\/km\/#organization"},"potentialAction":[{"@type":"SearchAction","target":{"@type":"EntryPoint","urlTemplate":"https:\/\/lynnhan.com\/km\/?s={search_term_string}"},"query-input":{"@type":"PropertyValueSpecification","valueRequired":true,"valueName":"search_term_string"}}],"inLanguage":"lv-LV"},{"@type":"Organization","@id":"https:\/\/lynnhan.com\/km\/#organization","name":"Lynnhan - Uztver\u012bgs pieg\u0101d\u0101t\u0101js | LED\/OLED\/LCD\/E-paper digit\u0101lie rekl\u0101mas z\u012bmes","url":"https:\/\/lynnhan.com\/km\/","logo":{"@type":"ImageObject","inLanguage":"lv-LV","@id":"https:\/\/lynnhan.com\/km\/#\/schema\/logo\/image\/","url":"https:\/\/pub-78925c7bf9ca4c6d820df8293a5c116c.r2.dev\/2024\/07\/LynnHan-logo3.png","contentUrl":"https:\/\/pub-78925c7bf9ca4c6d820df8293a5c116c.r2.dev\/2024\/07\/LynnHan-logo3.png","width":390,"height":130,"caption":"Lynnhan - Trusted Supplier | LED\/OLED\/LCD\/E-paper digital signages"},"image":{"@id":"https:\/\/lynnhan.com\/km\/#\/schema\/logo\/image\/"}}]}},"jetpack_sharing_enabled":true,"_links":{"self":[{"href":"https:\/\/lynnhan.com\/lv\/wp-json\/wp\/v2\/pages\/535","targetHints":{"allow":["GET"]}}],"collection":[{"href":"https:\/\/lynnhan.com\/lv\/wp-json\/wp\/v2\/pages"}],"about":[{"href":"https:\/\/lynnhan.com\/lv\/wp-json\/wp\/v2\/types\/page"}],"author":[{"embeddable":true,"href":"https:\/\/lynnhan.com\/lv\/wp-json\/wp\/v2\/users\/1"}],"replies":[{"embeddable":true,"href":"https:\/\/lynnhan.com\/lv\/wp-json\/wp\/v2\/comments?post=535"}],"version-history":[{"count":0,"href":"https:\/\/lynnhan.com\/lv\/wp-json\/wp\/v2\/pages\/535\/revisions"}],"wp:attachment":[{"href":"https:\/\/lynnhan.com\/lv\/wp-json\/wp\/v2\/media?parent=535"}],"curies":[{"name":"wp","href":"https:\/\/api.w.org\/{rel}","templated":true}]}}