{"id":527,"date":"2024-02-27T08:12:47","date_gmt":"2024-02-27T08:12:47","guid":{"rendered":"https:\/\/lynnhan.com\/?page_id=527"},"modified":"2024-12-19T02:53:21","modified_gmt":"2024-12-19T02:53:21","slug":"uztveriba","status":"publish","type":"page","link":"https:\/\/lynnhan.com\/lv\/uztveriba\/","title":{"rendered":"Biedr\u012bbas v\u0113rt\u012bbas"},"content":{"rendered":"<div data-elementor-type=\"wp-page\" data-elementor-id=\"527\" class=\"elementor elementor-527\" data-elementor-post-type=\"page\">\n\t\t\t\t<div class=\"elementor-element elementor-element-2320704 e-flex e-con-boxed e-con e-parent\" data-id=\"2320704\" data-element_type=\"container\">\n\t\t\t\t\t<div class=\"e-con-inner\">\n\t\t\t\t<div class=\"elementor-element elementor-element-629222c elementor-widget elementor-widget-image\" data-id=\"629222c\" data-element_type=\"widget\" data-widget_type=\"image.default\">\n\t\t\t\t<div class=\"elementor-widget-container\">\n\t\t\t\t\t\t\t\t\t\t\t\t\t\t\t<img fetchpriority=\"high\" decoding=\"async\" width=\"1024\" height=\"574\" src=\"https:\/\/pub-78925c7bf9ca4c6d820df8293a5c116c.r2.dev\/2024\/12\/All-in-one-LED-sustainability-1024x574.webp\" class=\"attachment-large size-large wp-image-3326\" alt=\"All in one LED sustainability\" srcset=\"https:\/\/pub-78925c7bf9ca4c6d820df8293a5c116c.r2.dev\/2024\/12\/All-in-one-LED-sustainability-1024x574.webp 1024w, https:\/\/pub-78925c7bf9ca4c6d820df8293a5c116c.r2.dev\/2024\/12\/All-in-one-LED-sustainability-700x392.webp 700w, https:\/\/pub-78925c7bf9ca4c6d820df8293a5c116c.r2.dev\/2024\/12\/All-in-one-LED-sustainability-768x430.webp 768w, https:\/\/pub-78925c7bf9ca4c6d820df8293a5c116c.r2.dev\/2024\/12\/All-in-one-LED-sustainability-1536x861.webp 1536w, https:\/\/pub-78925c7bf9ca4c6d820df8293a5c116c.r2.dev\/2024\/12\/All-in-one-LED-sustainability-18x10.webp 18w, https:\/\/pub-78925c7bf9ca4c6d820df8293a5c116c.r2.dev\/2024\/12\/All-in-one-LED-sustainability-1140x639.webp 1140w, https:\/\/pub-78925c7bf9ca4c6d820df8293a5c116c.r2.dev\/2024\/12\/All-in-one-LED-sustainability-920x516.webp 920w, https:\/\/pub-78925c7bf9ca4c6d820df8293a5c116c.r2.dev\/2024\/12\/All-in-one-LED-sustainability-575x322.webp 575w, https:\/\/pub-78925c7bf9ca4c6d820df8293a5c116c.r2.dev\/2024\/12\/All-in-one-LED-sustainability-380x213.webp 380w, https:\/\/pub-78925c7bf9ca4c6d820df8293a5c116c.r2.dev\/2024\/12\/All-in-one-LED-sustainability-1320x740.webp 1320w, https:\/\/pub-78925c7bf9ca4c6d820df8293a5c116c.r2.dev\/2024\/12\/All-in-one-LED-sustainability-800x448.webp 800w, https:\/\/pub-78925c7bf9ca4c6d820df8293a5c116c.r2.dev\/2024\/12\/All-in-one-LED-sustainability.webp 1920w\" sizes=\"(max-width: 1024px) 100vw, 1024px\" \/>\t\t\t\t\t\t\t\t\t\t\t\t\t\t\t<\/div>\n\t\t\t\t<\/div>\n\t\t\t\t\t<\/div>\n\t\t\t\t<\/div>\n\t\t<div class=\"elementor-element elementor-element-d4bc583 e-flex e-con-boxed e-con e-parent\" data-id=\"d4bc583\" data-element_type=\"container\">\n\t\t\t\t\t<div class=\"e-con-inner\">\n\t\t\t\t<div class=\"elementor-element elementor-element-1a85b96 elementor-widget elementor-widget-text-editor\" data-id=\"1a85b96\" data-element_type=\"widget\" data-widget_type=\"text-editor.default\">\n\t\t\t\t<div class=\"elementor-widget-container\">\n\t\t\t\t\t\t\t\t\t<h3>1. Sustainabilit\u0101te Lynnhan\u0101: M\u016bsu uztver\u0113\u0161an\u0101s uz grenero\u0161o n\u0101k\u0161anu<\/h3><h5><strong>2. Uztver\u0113\u0161ana sustenabilit\u0101t\u0113 katr\u0101 aspekt\u0101<\/strong><\/h5><p>3. Lynnhan\u0101 m\u0113s atz\u012bm\u0113jam sustenabilit\u0101tes kritisko noz\u012bmi m\u016bsdien\u0101s pasaul\u0113s. M\u016bsu uztver\u0113\u0161an\u0101s uz vides p\u0101rvald\u012bbu ir pievienota m\u016bsu oper\u0101ciju, produktu un uz\u0146\u0113m\u0113jperson\u012bbas etos\u0101. M\u0113s esam piev\u0113r\u0161u\u0161ies att\u012bst\u012bt tehnolo\u0123ijas risin\u0101jumus, kuri ne tikai atbilst klientu vajadz\u012bb\u0101m, bet ar\u012b piekr\u012bt\u012bgi vides veido\u0161anai.<\/p><h5><strong>4. Eko draudz\u012bgs produktu dizains<\/strong><\/h5><p>5. Lynnhanas piek\u013cuve produktu dizainam ir apm\u0113ram sustenabilit\u0101t\u0113. M\u0113s priorit\u0101ri izmantoj\u0430\u043c atk\u0101rtojam\u0101s materi\u0101las, energijas efekt\u012bvus komponentus un vides draudz\u012bgas ra\u017eo\u0161anas procesus. M\u016bsu produkti ir dizain\u0113ti ilgtermi\u0146am, mazinot nepiecie\u0161am\u012bbu bie\u017e\u0101m p\u0101rtrauk\u0161an\u0101m un minim\u0113jot atkritumiem.<\/p><h5><strong>6. M\u012bn\u0113\u0161ana karbona past\u0101v\u012bbu<\/strong><\/h5><p>7. M\u0113s past\u0101v\u012bgi m\u0113\u0123in\u0101m m\u012bn\u0113t savu karbona past\u0101v\u012bbu da\u017e\u0101d\u0101s inicij\u0101s, piem\u0113ram, optimiz\u0113jot m\u016bsu pieg\u0101des \u0137\u0113deni, uzlabojot ener\u0123ijas efekt\u012bvit\u0101ti ra\u017eo\u0161anas objektos un k\u0101 j\u0101b\u016bt iesp\u0113jams pie\u0146emot jaunizraut\u0101s ener\u0123ijas avotus. Lynnhan piekr\u012bt sasniegti karbona neitralit\u0101ti, uzs\u0101kot ambici\u043e\u0437us m\u0113r\u0137us greenhouse g\u0101zu emisijas m\u012bn\u0113\u0161anai.<\/p><h5><strong>8. Atbild\u012bga ra\u017eo\u0161ana<\/strong><\/h5><p>9. M\u016bsu ra\u017eo\u0161anas procesi ir dizain\u0113ti minim\u0113t vides ietekmi. M\u0113s izmantojam atkritumu m\u012bn\u0113\u0161anas tehn\u012bkas, \u016bdens atk\u0101rto\u0161anu un starptautisk\u0101s vides normu strikt\u0101ku uztver\u0113\u0161anu. Lynnhanas ra\u017eo\u0161anas partneri tiek uztver\u0113ti piev\u0113r\u0161oties vi\u0146u uztver\u0113\u0161anai uz sustenabilit\u0101ti un atbild\u012bgu vides r\u012bc\u012bbu.<\/p><h4><strong>10. Atbalstot sustenabilit\u0101tes tehnolo\u0123ijas<\/strong><\/h4><p>11. Lynnhan invest\u0113 m\u0101c\u012bb\u0101s un att\u012bst\u012bb\u0101, lai izveidotu inovat\u012bvos produktus, kuri atbalstojas sustenabilit\u0101tes prakses. No energijas taup\u012bgas viedt\u0101les un pieg\u0101des ekr\u0101nu l\u012bdz eko draudz\u012bgiem v\u0113r\u0101jumiem, m\u016bsu tehnolo\u0123ija ir orient\u0113ta uz ener\u0123ijas pie\u0146em\u0161anas m\u012bn\u0113\u0161anu un sustenabilit\u0101tes dz\u012bves veido\u0161anu.<\/p><h4><strong>12. Kopienas un r\u016bpniec\u012bbas iesaist\u012b\u0161an\u0101s<\/strong><\/h4><p>13. M\u0113s v\u0113lamies sadarb\u012bbas sp\u0113km\u0101 sasniegt sustenabilit\u0101tes m\u0113r\u0137us. Lynnhan akt\u012bvi iesaist\u0101s kopien\u0101s, r\u016bpniec\u012bbas partneros un vides organiz\u0101cij\u0101s, lai veicin\u0101tu sustenabilit\u0101tes inicij\u0101s. Ar izgl\u012bt\u012bbu, partner\u012bb\u0101m un kopienas programm\u0101m m\u0113s m\u0113\u0123in\u0101m izplat\u012bt viedokli un iespjam kop\u012bgu r\u012bc\u012bbu uz grenero pasauli.<\/p><p><strong>14. Ciklisk\u0101s ekonomik<\/strong><\/p><p>Lynnhan embraces the principles of the circular economy, focusing on resource efficiency, waste reduction, and the recycling and repurposing of products at the end of their lifecycle. We offer take-back programs for our products, ensuring they are recycled or disposed of responsibly, furthering our commitment to reducing environmental impact.<\/p><p><strong>Our Sustainability Promise<\/strong><\/p><p>Sustainability at Lynnhan is not just about meeting today\u2019s needs but ensuring a healthy, thriving planet for future generations. We are committed to continuous improvement in our sustainability practices, setting new standards in the tech industry for environmental responsibility.<\/p><p>By choosing Lynnhan, you\u2019re partnering with a brand that places sustainability at the heart of its mission. Together, we can pave the way for a more sustainable future, leveraging technology to make a positive impact on the world.<\/p>\t\t\t\t\t\t\t\t<\/div>\n\t\t\t\t<\/div>\n\t\t\t\t\t<\/div>\n\t\t\t\t<\/div>\n\t\t\t\t<\/div>","protected":false},"excerpt":{"rendered":"<p>Sustainability at Lynnhan: Our Commitment to a Greener Future Embracing Sustainability in Every Aspect At Lynnhan, we recognize the critical importance of sustainability in today\u2019s global ecosystem. Our commitment to [\u2026]<\/p>","protected":false},"author":1,"featured_media":0,"parent":0,"menu_order":0,"comment_status":"closed","ping_status":"closed","template":"","meta":{"footnotes":""},"class_list":["post-527","page","type-page","status-publish","hentry"],"yoast_head":"<!-- This site is optimized with the Yoast SEO plugin v26.6 - https:\/\/yoast.com\/wordpress\/plugins\/seo\/ -->\n<title>Green Future: Explore LynnHan&#039;s Sustainability Efforts&quot;<\/title>\n<meta name=\"description\" content=\"Explore how LynnHan a leading smart tech manufacturer is making a difference with sustainable practices that benefit both the planet and future generations.\" \/>\n<meta name=\"robots\" content=\"index, follow, max-snippet:-1, max-image-preview:large, max-video-preview:-1\" \/>\n<link rel=\"canonical\" href=\"https:\/\/lynnhan.com\/lv\/uztveriba\/\" \/>\n<meta property=\"og:locale\" content=\"lv_LV\" \/>\n<meta property=\"og:type\" content=\"article\" \/>\n<meta property=\"og:title\" content=\"Green Future: Explore LynnHan&#039;s Sustainability Efforts&quot;\" \/>\n<meta property=\"og:description\" content=\"Explore how LynnHan a leading smart tech manufacturer is making a difference with sustainable practices that benefit both the planet and future generations.\" \/>\n<meta property=\"og:url\" content=\"https:\/\/lynnhan.com\/lv\/uztveriba\/\" \/>\n<meta property=\"og:site_name\" content=\"Lynnhan - Trusted Supplier | LED\/OLED\/LCD\/E-paper digital signages\" \/>\n<meta property=\"article:modified_time\" content=\"2024-12-19T02:53:21+00:00\" \/>\n<meta property=\"og:image\" content=\"https:\/\/pub-78925c7bf9ca4c6d820df8293a5c116c.r2.dev\/2024\/12\/All-in-one-LED-sustainability-1024x574.webp\" \/>\n<meta name=\"twitter:card\" content=\"summary_large_image\" \/>\n<meta name=\"twitter:label1\" content=\"Est. reading time\" \/>\n\t<meta name=\"twitter:data1\" content=\"3 min\u016btes\" \/>\n<script type=\"application\/ld+json\" class=\"yoast-schema-graph\">{\"@context\":\"https:\/\/schema.org\",\"@graph\":[{\"@type\":\"WebPage\",\"@id\":\"https:\/\/lynnhan.com\/sustainability\/\",\"url\":\"https:\/\/lynnhan.com\/sustainability\/\",\"name\":\"Green Future: Explore LynnHan's Sustainability Efforts\\\"\",\"isPartOf\":{\"@id\":\"https:\/\/lynnhan.com\/km\/#website\"},\"primaryImageOfPage\":{\"@id\":\"https:\/\/lynnhan.com\/sustainability\/#primaryimage\"},\"image\":{\"@id\":\"https:\/\/lynnhan.com\/sustainability\/#primaryimage\"},\"thumbnailUrl\":\"https:\/\/pub-78925c7bf9ca4c6d820df8293a5c116c.r2.dev\/2024\/12\/All-in-one-LED-sustainability-1024x574.webp\",\"datePublished\":\"2024-02-27T08:12:47+00:00\",\"dateModified\":\"2024-12-19T02:53:21+00:00\",\"description\":\"Explore how LynnHan a leading smart tech manufacturer is making a difference with sustainable practices that benefit both the planet and future generations.\",\"breadcrumb\":{\"@id\":\"https:\/\/lynnhan.com\/sustainability\/#breadcrumb\"},\"inLanguage\":\"lv-LV\",\"potentialAction\":[{\"@type\":\"ReadAction\",\"target\":[\"https:\/\/lynnhan.com\/sustainability\/\"]}]},{\"@type\":\"ImageObject\",\"inLanguage\":\"lv-LV\",\"@id\":\"https:\/\/lynnhan.com\/sustainability\/#primaryimage\",\"url\":\"https:\/\/pub-78925c7bf9ca4c6d820df8293a5c116c.r2.dev\/2024\/12\/All-in-one-LED-sustainability-1024x574.webp\",\"contentUrl\":\"https:\/\/pub-78925c7bf9ca4c6d820df8293a5c116c.r2.dev\/2024\/12\/All-in-one-LED-sustainability-1024x574.webp\"},{\"@type\":\"BreadcrumbList\",\"@id\":\"https:\/\/lynnhan.com\/sustainability\/#breadcrumb\",\"itemListElement\":[{\"@type\":\"ListItem\",\"position\":1,\"name\":\"Home\",\"item\":\"https:\/\/lynnhan.com\/\"},{\"@type\":\"ListItem\",\"position\":2,\"name\":\"Sustainability\"}]},{\"@type\":\"WebSite\",\"@id\":\"https:\/\/lynnhan.com\/km\/#website\",\"url\":\"https:\/\/lynnhan.com\/km\/\",\"name\":\"Lynnhan - Trusted Supplier | LED\/OLED\/LCD\/E-paper digital signages\",\"description\":\"Lynnhan - Trusted Supplier |  LED\/OLED\/LCD\/E-paper digital signages\",\"publisher\":{\"@id\":\"https:\/\/lynnhan.com\/km\/#organization\"},\"potentialAction\":[{\"@type\":\"SearchAction\",\"target\":{\"@type\":\"EntryPoint\",\"urlTemplate\":\"https:\/\/lynnhan.com\/km\/?s={search_term_string}\"},\"query-input\":{\"@type\":\"PropertyValueSpecification\",\"valueRequired\":true,\"valueName\":\"search_term_string\"}}],\"inLanguage\":\"lv-LV\"},{\"@type\":\"Organization\",\"@id\":\"https:\/\/lynnhan.com\/km\/#organization\",\"name\":\"Lynnhan - Trusted Supplier | LED\/OLED\/LCD\/E-paper digital signages\",\"url\":\"https:\/\/lynnhan.com\/km\/\",\"logo\":{\"@type\":\"ImageObject\",\"inLanguage\":\"lv-LV\",\"@id\":\"https:\/\/lynnhan.com\/km\/#\/schema\/logo\/image\/\",\"url\":\"https:\/\/pub-78925c7bf9ca4c6d820df8293a5c116c.r2.dev\/2024\/07\/LynnHan-logo3.png\",\"contentUrl\":\"https:\/\/pub-78925c7bf9ca4c6d820df8293a5c116c.r2.dev\/2024\/07\/LynnHan-logo3.png\",\"width\":390,\"height\":130,\"caption\":\"Lynnhan - Trusted Supplier | LED\/OLED\/LCD\/E-paper digital signages\"},\"image\":{\"@id\":\"https:\/\/lynnhan.com\/km\/#\/schema\/logo\/image\/\"}}]}<\/script>\n<!-- \/ Yoast SEO plugin. -->","yoast_head_json":{"title":"Zeltain\u0101 Bud\u012bt\u012bba: Apzin\u0101jiet LynnHan's Uztveres Past\u0101v\u012bbas Past\u0101v\u012bbas Past\u0101v\u012bbas Past\u0101v\u012bbas Past\u0101v\u012bbas Past\u0101v\u012bbas Past\u0101v\u012bbas Past\u0101v\u012bbas Past\u0101v\u012bbas Past\u0101v\u012bbas Past\u0101v\u012bbas Past\u0101v\u012bbas Past\u0101v\u012bbas Past\u0101v\u012bbas Past\u0101v\u012bbas Past\u0101v\u012bbas Past\u0101v\u012bbas Past\u0101v\u012bbas Past\u0101v\u012bbas Past\u0101v\u012bbas Past\u0101v\u012bbas Past\u0101v\u012bbas Past\u0101v\u012bbas Past\u0101v\u012bbas Past\u0101v\u012bbas Past\u0101v\u012bbas Past\u0101v\u012bbas Past\u0101v\u012bbas Past\u0101v\u012bbas Past\u0101v\u012bbas Past\u0101v\u012bbas Past\u0101v\u012bbas Past\u0101v\u012bbas Past\u0101v\u012bbas Past\u0101v\u012bbas Past\u0101v\u012bbas Past\u0101v\u012bbas Past\u0101v\u012bbas Past\u0101v\u012bbas Past\u0101v\u012bbas Past\u0101v\u012bbas Past\u0101v\u012bbas Past\u0101v\u012bbas Past\u0101v\u012bbas Past\u0101v\u012bbas Past\u0101v\u012bbas Past\u0101v\u012bbas Past\u0101v\u012bbas Past\u0101v\u012bbas Past\u0101v\u012bbas Past\u0101v\u012bbas Past\u0101v\u012bbas Past\u0101v\u012bbas Past\u0101v\u012bbas Past\u0101v\u012bbas Past\u0101v\u012bbas Past\u0101v\u012bbas Past\u0101v\u012bbas Past\u0101v\u012bbas Past\u0101v\u012bbas Past\u0101v\u012bbas Past\u0101v\u012bbas Past\u0101v\u012bbas Past\u0101v\u012bbas Past\u0101v\u012bbas Past\u0101v\u012bbas Past\u0101v\u012bbas Past\u0101v\u012bbas Past\u0101v\u012bbas Past\u0101v\u012bbas Past\u0101v\u012bbas Past\u0101v\u012bbas Past\u0101v\u012bbas Past\u0101v\u012bbas Past\u0101v\u012bbas Past\u0101v\u012bbas Past\u0101v\u012bbas Past\u0101v\u012bbas Past\u0101v\u012bbas Past\u0101v\u012bbas Past\u0101v\u012bbas Past\u0101v\u012bbas Past\u0101v\u012bbas Past\u0101v\u012bbas Past\u0101v\u012bbas Past\u0101v\u012bbas Past\u0101v\u012bbas Past\u0101v\u012bbas Past\u0101v\u012bbas Past\u0101v\u012bbas Past\u0101v\u012bbas Past\u0101v\u012bbas Past\u0101v\u012bbas Past\u0101v\u012bbas Past\u0101v\u012bbas Past\u0101v\u012bbas Past\u0101v\u012bbas Past\u0101v\u012bbas Past\u0101v\u012bbas Past\u0101v\u012bbas Past\u0101v\u012bbas Past\u0101v\u012bbas Past\u0101v\u012bbas Past\u0101v\u012bbas Past\u0101v\u012bbas Past\u0101v\u012bbas Past\u0101v\u012bbas Past\u0101v\u012bbas Past\u0101v\u012bbas Past\u0101v\u012bbas Past\u0101v\u012bbas Past\u0101v\u012bbas Past\u0101v\u012bbas Past\u0101v\u012bbas Past\u0101v\u012bbas Past\u0101v\u012bbas Past\u0101v\u012bbas Past\u0101v\u012bbas Past\u0101v\u012bbas Past\u0101v\u012bbas Past\u0101v\u012bbas Past\u0101v\u012bbas Past\u0101v\u012bbas Past\u0101v\u012bbas Past\u0101v\u012bbas Past\u0101v\u012bbas Past\u0101v\u012bbas Past\u0101v\u012bbas Past\u0101v\u012bbas Past\u0101v\u012bbas Past\u0101v\u012bbas Past\u0101v\u012bbas Past\u0101v\u012bbas Past\u0101v\u012bbas Past\u0101v\u012bbas Past\u0101v\u012bbas Past\u0101v\u012bbas Past\u0101v\u012bbas Past\u0101v\u012bbas Past\u0101v\u012bbas Past\u0101v\u012bbas Past\u0101v\u012bbas Past\u0101v\u012bbas Past\u0101v\u012bbas Past\u0101v\u012bbas Past\u0101v\u012bbas Past\u0101v\u012bbas Past\u0101v\u012bbas Past\u0101v\u012bbas Past\u0101v\u012bbas Past\u0101v\u012bbas Past\u0101v\u012bbas Past\u0101v\u012bbas Past\u0101v\u012bbas Past\u0101v\u012bbas Past\u0101v\u012bbas Past\u0101v\u012bbas Past\u0101v\u012bbas Past\u0101v\u012bbas Past\u0101v\u012bbas Past\u0101v\u012bbas Past\u0101v\u012bbas Past\u0101v\u012bbas Past\u0101v\u012bbas Past\u0101v\u012bbas Past\u0101v\u012bbas Past\u0101v\u012bbas Past\u0101v\u012bbas Past\u0101v\u012bbas Past\u0101v\u012bbas Past\u0101v\u012bbas Past\u0101v\u012bbas Past\u0101v\u012bbas Past\u0101v\u012bbas Past\u0101v\u012bbas Past\u0101v\u012bbas Past\u0101v\u012bbas Past\u0101v\u012bbas Past\u0101v\u012bbas Past\u0101v\u012bbas Past\u0101v\u012bbas Past\u0101v\u012bbas Past\u0101v\u012bbas Past\u0101v\u012bbas Past\u0101v\u012bbas Past\u0101v\u012bbas Past\u0101v\u012bbas Past\u0101v\u012bbas Past\u0101v\u012bbas Past\u0101v\u012bbas Past\u0101v\u012bbas Past\u0101v\u012bbas Past\u0101v\u012bbas Past\u0101v\u012bbas Past\u0101v\u012bbas Past\u0101v\u012bbas Past\u0101v\u012bbas Past\u0101v\u012bbas Past\u0101v\u012bbas Past\u0101v\u012b","description":"Izpl\u0113toj, k\u0101 LynnHan, vado\u0161ais viedtehnolo\u0123iju ra\u017eot\u0101js, veic at\u0161\u0137ir\u012bbu ar piev\u0113r\u0161anos piev\u0113r\u0161anos, kas kl\u0101jas gan pasauli, gan n\u0101kamo paaudz\u0113m.","robots":{"index":"index","follow":"follow","max-snippet":"max-snippet:-1","max-image-preview":"max-image-preview:large","max-video-preview":"max-video-preview:-1"},"canonical":"https:\/\/lynnhan.com\/lv\/uztveriba\/","og_locale":"lv_LV","og_type":"article","og_title":"Green Future: Explore LynnHan's Sustainability Efforts\"","og_description":"Explore how LynnHan a leading smart tech manufacturer is making a difference with sustainable practices that benefit both the planet and future generations.","og_url":"https:\/\/lynnhan.com\/lv\/uztveriba\/","og_site_name":"Lynnhan - Trusted Supplier | LED\/OLED\/LCD\/E-paper digital signages","article_modified_time":"2024-12-19T02:53:21+00:00","og_image":[{"url":"https:\/\/pub-78925c7bf9ca4c6d820df8293a5c116c.r2.dev\/2024\/12\/All-in-one-LED-sustainability-1024x574.webp","type":"","width":"","height":""}],"twitter_card":"summary_large_image","twitter_misc":{"Est. reading time":"3 min\u016btes"},"schema":{"@context":"https:\/\/schema.org","@graph":[{"@type":"WebPage","@id":"https:\/\/lynnhan.com\/sustainability\/","url":"https:\/\/lynnhan.com\/sustainability\/","name":"Zeltain\u0101 Bud\u012bt\u012bba: Apzin\u0101jiet LynnHan's Uztveres Past\u0101v\u012bbas Past\u0101v\u012bbas Past\u0101v\u012bbas Past\u0101v\u012bbas Past\u0101v\u012bbas Past\u0101v\u012bbas Past\u0101v\u012bbas Past\u0101v\u012bbas Past\u0101v\u012bbas Past\u0101v\u012bbas Past\u0101v\u012bbas Past\u0101v\u012bbas Past\u0101v\u012bbas Past\u0101v\u012bbas Past\u0101v\u012bbas Past\u0101v\u012bbas Past\u0101v\u012bbas Past\u0101v\u012bbas Past\u0101v\u012bbas Past\u0101v\u012bbas Past\u0101v\u012bbas Past\u0101v\u012bbas Past\u0101v\u012bbas Past\u0101v\u012bbas Past\u0101v\u012bbas Past\u0101v\u012bbas Past\u0101v\u012bbas Past\u0101v\u012bbas Past\u0101v\u012bbas Past\u0101v\u012bbas Past\u0101v\u012bbas Past\u0101v\u012bbas Past\u0101v\u012bbas Past\u0101v\u012bbas Past\u0101v\u012bbas Past\u0101v\u012bbas Past\u0101v\u012bbas Past\u0101v\u012bbas Past\u0101v\u012bbas Past\u0101v\u012bbas Past\u0101v\u012bbas Past\u0101v\u012bbas Past\u0101v\u012bbas Past\u0101v\u012bbas Past\u0101v\u012bbas Past\u0101v\u012bbas Past\u0101v\u012bbas Past\u0101v\u012bbas Past\u0101v\u012bbas Past\u0101v\u012bbas Past\u0101v\u012bbas Past\u0101v\u012bbas Past\u0101v\u012bbas Past\u0101v\u012bbas Past\u0101v\u012bbas Past\u0101v\u012bbas Past\u0101v\u012bbas Past\u0101v\u012bbas Past\u0101v\u012bbas Past\u0101v\u012bbas Past\u0101v\u012bbas Past\u0101v\u012bbas Past\u0101v\u012bbas Past\u0101v\u012bbas Past\u0101v\u012bbas Past\u0101v\u012bbas Past\u0101v\u012bbas Past\u0101v\u012bbas Past\u0101v\u012bbas Past\u0101v\u012bbas Past\u0101v\u012bbas Past\u0101v\u012bbas Past\u0101v\u012bbas Past\u0101v\u012bbas Past\u0101v\u012bbas Past\u0101v\u012bbas Past\u0101v\u012bbas Past\u0101v\u012bbas Past\u0101v\u012bbas Past\u0101v\u012bbas Past\u0101v\u012bbas Past\u0101v\u012bbas Past\u0101v\u012bbas Past\u0101v\u012bbas Past\u0101v\u012bbas Past\u0101v\u012bbas Past\u0101v\u012bbas Past\u0101v\u012bbas Past\u0101v\u012bbas Past\u0101v\u012bbas Past\u0101v\u012bbas Past\u0101v\u012bbas Past\u0101v\u012bbas Past\u0101v\u012bbas Past\u0101v\u012bbas Past\u0101v\u012bbas Past\u0101v\u012bbas Past\u0101v\u012bbas Past\u0101v\u012bbas Past\u0101v\u012bbas Past\u0101v\u012bbas Past\u0101v\u012bbas Past\u0101v\u012bbas Past\u0101v\u012bbas Past\u0101v\u012bbas Past\u0101v\u012bbas Past\u0101v\u012bbas Past\u0101v\u012bbas Past\u0101v\u012bbas Past\u0101v\u012bbas Past\u0101v\u012bbas Past\u0101v\u012bbas Past\u0101v\u012bbas Past\u0101v\u012bbas Past\u0101v\u012bbas Past\u0101v\u012bbas Past\u0101v\u012bbas Past\u0101v\u012bbas Past\u0101v\u012bbas Past\u0101v\u012bbas Past\u0101v\u012bbas Past\u0101v\u012bbas Past\u0101v\u012bbas Past\u0101v\u012bbas Past\u0101v\u012bbas Past\u0101v\u012bbas Past\u0101v\u012bbas Past\u0101v\u012bbas Past\u0101v\u012bbas Past\u0101v\u012bbas Past\u0101v\u012bbas Past\u0101v\u012bbas Past\u0101v\u012bbas Past\u0101v\u012bbas Past\u0101v\u012bbas Past\u0101v\u012bbas Past\u0101v\u012bbas Past\u0101v\u012bbas Past\u0101v\u012bbas Past\u0101v\u012bbas Past\u0101v\u012bbas Past\u0101v\u012bbas Past\u0101v\u012bbas Past\u0101v\u012bbas Past\u0101v\u012bbas Past\u0101v\u012bbas Past\u0101v\u012bbas Past\u0101v\u012bbas Past\u0101v\u012bbas Past\u0101v\u012bbas Past\u0101v\u012bbas Past\u0101v\u012bbas Past\u0101v\u012bbas Past\u0101v\u012bbas Past\u0101v\u012bbas Past\u0101v\u012bbas Past\u0101v\u012bbas Past\u0101v\u012bbas Past\u0101v\u012bbas Past\u0101v\u012bbas Past\u0101v\u012bbas Past\u0101v\u012bbas Past\u0101v\u012bbas Past\u0101v\u012bbas Past\u0101v\u012bbas Past\u0101v\u012bbas Past\u0101v\u012bbas Past\u0101v\u012bbas Past\u0101v\u012bbas Past\u0101v\u012bbas Past\u0101v\u012bbas Past\u0101v\u012bbas Past\u0101v\u012bbas Past\u0101v\u012bbas Past\u0101v\u012bbas Past\u0101v\u012bbas Past\u0101v\u012bbas Past\u0101v\u012bbas Past\u0101v\u012bbas Past\u0101v\u012bbas Past\u0101v\u012bbas Past\u0101v\u012bbas Past\u0101v\u012bbas Past\u0101v\u012bbas Past\u0101v\u012bbas Past\u0101v\u012bbas Past\u0101v\u012bbas Past\u0101v\u012bbas Past\u0101v\u012bbas Past\u0101v\u012bbas Past\u0101v\u012bbas Past\u0101v\u012bbas Past\u0101v\u012bbas Past\u0101v\u012bbas Past\u0101v\u012bbas Past\u0101v\u012bbas Past\u0101v\u012bbas Past\u0101v\u012bbas Past\u0101v\u012bbas Past\u0101v\u012b","isPartOf":{"@id":"https:\/\/lynnhan.com\/km\/#website"},"primaryImageOfPage":{"@id":"https:\/\/lynnhan.com\/sustainability\/#primaryimage"},"image":{"@id":"https:\/\/lynnhan.com\/sustainability\/#primaryimage"},"thumbnailUrl":"https:\/\/pub-78925c7bf9ca4c6d820df8293a5c116c.r2.dev\/2024\/12\/All-in-one-LED-sustainability-1024x574.webp","datePublished":"2024-02-27T08:12:47+00:00","dateModified":"2024-12-19T02:53:21+00:00","description":"Izpl\u0113toj, k\u0101 LynnHan, vado\u0161ais viedtehnolo\u0123iju ra\u017eot\u0101js, veic at\u0161\u0137ir\u012bbu ar piev\u0113r\u0161anos piev\u0113r\u0161anos, kas kl\u0101jas gan pasauli, gan n\u0101kamo paaudz\u0113m.","breadcrumb":{"@id":"https:\/\/lynnhan.com\/sustainability\/#breadcrumb"},"inLanguage":"lv-LV","potentialAction":[{"@type":"ReadAction","target":["https:\/\/lynnhan.com\/sustainability\/"]}]},{"@type":"ImageObject","inLanguage":"lv-LV","@id":"https:\/\/lynnhan.com\/sustainability\/#primaryimage","url":"https:\/\/pub-78925c7bf9ca4c6d820df8293a5c116c.r2.dev\/2024\/12\/All-in-one-LED-sustainability-1024x574.webp","contentUrl":"https:\/\/pub-78925c7bf9ca4c6d820df8293a5c116c.r2.dev\/2024\/12\/All-in-one-LED-sustainability-1024x574.webp"},{"@type":"BreadcrumbList","@id":"https:\/\/lynnhan.com\/sustainability\/#breadcrumb","itemListElement":[{"@type":"ListItem","position":1,"name":"Home","item":"https:\/\/lynnhan.com\/"},{"@type":"ListItem","position":2,"name":"Sustainability"}]},{"@type":"WebSite","@id":"https:\/\/lynnhan.com\/km\/#website","url":"https:\/\/lynnhan.com\/km\/","name":"Lynnhan - Uztver\u012bgs pieg\u0101d\u0101t\u0101js | LED\/OLED\/LCD\/E-paper digit\u0101lie rekl\u0101mas z\u012bmes","description":"Lynnhan - Uztver\u012bgs pieg\u0101d\u0101t\u0101js | LED\/OLED\/LCD\/E-paper digit\u0101lie rekl\u0101mas plak\u0101ti","publisher":{"@id":"https:\/\/lynnhan.com\/km\/#organization"},"potentialAction":[{"@type":"SearchAction","target":{"@type":"EntryPoint","urlTemplate":"https:\/\/lynnhan.com\/km\/?s={search_term_string}"},"query-input":{"@type":"PropertyValueSpecification","valueRequired":true,"valueName":"search_term_string"}}],"inLanguage":"lv-LV"},{"@type":"Organization","@id":"https:\/\/lynnhan.com\/km\/#organization","name":"Lynnhan - Uztver\u012bgs pieg\u0101d\u0101t\u0101js | LED\/OLED\/LCD\/E-paper digit\u0101lie rekl\u0101mas z\u012bmes","url":"https:\/\/lynnhan.com\/km\/","logo":{"@type":"ImageObject","inLanguage":"lv-LV","@id":"https:\/\/lynnhan.com\/km\/#\/schema\/logo\/image\/","url":"https:\/\/pub-78925c7bf9ca4c6d820df8293a5c116c.r2.dev\/2024\/07\/LynnHan-logo3.png","contentUrl":"https:\/\/pub-78925c7bf9ca4c6d820df8293a5c116c.r2.dev\/2024\/07\/LynnHan-logo3.png","width":390,"height":130,"caption":"Lynnhan - Trusted Supplier | LED\/OLED\/LCD\/E-paper digital signages"},"image":{"@id":"https:\/\/lynnhan.com\/km\/#\/schema\/logo\/image\/"}}]}},"jetpack_sharing_enabled":true,"_links":{"self":[{"href":"https:\/\/lynnhan.com\/lv\/wp-json\/wp\/v2\/pages\/527","targetHints":{"allow":["GET"]}}],"collection":[{"href":"https:\/\/lynnhan.com\/lv\/wp-json\/wp\/v2\/pages"}],"about":[{"href":"https:\/\/lynnhan.com\/lv\/wp-json\/wp\/v2\/types\/page"}],"author":[{"embeddable":true,"href":"https:\/\/lynnhan.com\/lv\/wp-json\/wp\/v2\/users\/1"}],"replies":[{"embeddable":true,"href":"https:\/\/lynnhan.com\/lv\/wp-json\/wp\/v2\/comments?post=527"}],"version-history":[{"count":0,"href":"https:\/\/lynnhan.com\/lv\/wp-json\/wp\/v2\/pages\/527\/revisions"}],"wp:attachment":[{"href":"https:\/\/lynnhan.com\/lv\/wp-json\/wp\/v2\/media?parent=527"}],"curies":[{"name":"wp","href":"https:\/\/api.w.org\/{rel}","templated":true}]}}