{"id":601,"date":"2024-02-28T03:19:26","date_gmt":"2024-02-28T03:19:26","guid":{"rendered":"https:\/\/lynnhan.com\/?page_id=601"},"modified":"2024-12-18T10:32:06","modified_gmt":"2024-12-18T10:32:06","slug":"veiklos-kodeksas","status":"publish","type":"page","link":"https:\/\/lynnhan.com\/lt\/veiklos-kodeksas\/","title":{"rendered":"Veiklos kodeksas"},"content":{"rendered":"<div data-elementor-type=\"wp-page\" data-elementor-id=\"601\" class=\"elementor elementor-601\" data-elementor-post-type=\"page\">\n\t\t\t\t<div class=\"elementor-element elementor-element-1f21eb2 e-flex e-con-boxed e-con e-parent\" data-id=\"1f21eb2\" data-element_type=\"container\">\n\t\t\t\t\t<div class=\"e-con-inner\">\n\t\t\t\t<div class=\"elementor-element elementor-element-bfcddf0 elementor-widget elementor-widget-image\" data-id=\"bfcddf0\" data-element_type=\"widget\" data-widget_type=\"image.default\">\n\t\t\t\t<div class=\"elementor-widget-container\">\n\t\t\t\t\t\t\t\t\t\t\t\t\t\t\t<img fetchpriority=\"high\" decoding=\"async\" width=\"1536\" height=\"768\" src=\"https:\/\/pub-78925c7bf9ca4c6d820df8293a5c116c.r2.dev\/2024\/12\/Code-Of-Conduct.webp\" class=\"attachment-full size-full wp-image-3311\" alt=\"Vis\u0173 vieno LED tiek\u0117jo Etikos kodas\" srcset=\"https:\/\/pub-78925c7bf9ca4c6d820df8293a5c116c.r2.dev\/2024\/12\/Code-Of-Conduct.webp 1536w, https:\/\/pub-78925c7bf9ca4c6d820df8293a5c116c.r2.dev\/2024\/12\/Code-Of-Conduct-700x350.webp 700w, https:\/\/pub-78925c7bf9ca4c6d820df8293a5c116c.r2.dev\/2024\/12\/Code-Of-Conduct-1024x512.webp 1024w, https:\/\/pub-78925c7bf9ca4c6d820df8293a5c116c.r2.dev\/2024\/12\/Code-Of-Conduct-768x384.webp 768w, https:\/\/pub-78925c7bf9ca4c6d820df8293a5c116c.r2.dev\/2024\/12\/Code-Of-Conduct-18x9.webp 18w, https:\/\/pub-78925c7bf9ca4c6d820df8293a5c116c.r2.dev\/2024\/12\/Code-Of-Conduct-1140x570.webp 1140w, https:\/\/pub-78925c7bf9ca4c6d820df8293a5c116c.r2.dev\/2024\/12\/Code-Of-Conduct-920x460.webp 920w, https:\/\/pub-78925c7bf9ca4c6d820df8293a5c116c.r2.dev\/2024\/12\/Code-Of-Conduct-575x288.webp 575w, https:\/\/pub-78925c7bf9ca4c6d820df8293a5c116c.r2.dev\/2024\/12\/Code-Of-Conduct-380x190.webp 380w, https:\/\/pub-78925c7bf9ca4c6d820df8293a5c116c.r2.dev\/2024\/12\/Code-Of-Conduct-1320x660.webp 1320w, https:\/\/pub-78925c7bf9ca4c6d820df8293a5c116c.r2.dev\/2024\/12\/Code-Of-Conduct-800x400.webp 800w\" sizes=\"(max-width: 1536px) 100vw, 1536px\" \/>\t\t\t\t\t\t\t\t\t\t\t\t\t\t\t<\/div>\n\t\t\t\t<\/div>\n\t\t\t\t\t<\/div>\n\t\t\t\t<\/div>\n\t\t<div class=\"elementor-element elementor-element-7b6aef8e e-flex e-con-boxed e-con e-parent\" data-id=\"7b6aef8e\" data-element_type=\"container\">\n\t\t\t\t\t<div class=\"e-con-inner\">\n\t\t\t\t<div class=\"elementor-element elementor-element-620072c1 elementor-widget elementor-widget-text-editor\" data-id=\"620072c1\" data-element_type=\"widget\" data-widget_type=\"text-editor.default\">\n\t\t\t\t<div class=\"elementor-widget-container\">\n\t\t\t\t\t\t\t\t\t\n<p><strong>1. Introdukcija<\/strong><\/p>\n\n\n\n<p>1. Lynnhan, mesi esam prireikiam dirbti pagal auk\u0161\u010diausius integriteto ir profesionalumo standartus. \u0160is Etikos kodeks yra vadovas m\u016bs\u0173 darbuotojams, partneriams ir bendravosomoms \u012fmon\u0117ms, apibr\u0117\u017eiantis taisykles ir standartus, kurie nustato m\u016bs\u0173 \u012fmon\u0117s elgsen\u0105 ir sprendimo procesus.<\/p>\n\n\n\n<p><strong>2. M\u016bs\u0173 atsakomyb\u0117 u\u017e integritet\u0105<\/strong><\/p>\n\n\n\n<ul class=\"wp-block-list\">\n<li><strong>3. Etin\u0117s verslo praktikos<\/strong>4. : Mes esam \u012ftarpinai dirbti eti\u0161kai ir su integritete, gerbiant visus taikomus \u012fstatymus, reguliacijas ir standartus.<\/li>\n\n\n\n<li><strong>Skaidrumas<\/strong>5. : Mes palankinamai i\u0161sirad\u017eiam atvirob\u0119 ir skaidrum\u0105 visose m\u016bs\u0173 verslo operacijose, u\u017etikinant, kad m\u016bs\u0173 interesantai b\u016bt\u0173 informuoti ir aktyvai dalyvauja m\u016bs\u0173 procesuose.<\/li>\n<\/ul>\n\n\n\n<p><strong>6. Respektas ir teisingumas<\/strong><\/p>\n\n\n\n<ul class=\"wp-block-list\">\n<li><strong>7. Diversifikacija ir \u012ftraukos<\/strong>8. : Mes vertame \u012fvairovi\u0173 ir esam \u012ftarpinai sukuriam\u0105s \u012ftraukiamos aplinkos, kurioje kiekvienas yra gerbiamas ir apdovanomas pagal teisingum\u0105.<\/li>\n\n\n\n<li><strong>9. Harasmento neb\u016btinas darbo vietas<\/strong>10. : Lynnhan yra susirgs\u0119s u\u017etikrinti, kad darbo vieta b\u016bt\u0173 harasmento, diskriminacijos ar bet kokio kito pavojaus nebuvan\u010dioje. Visi darbuotojai turi prisid\u0117ti prie teigiamos ir gerbiamos darbo aplinkos k\u016brimui.<\/li>\n<\/ul>\n\n\n\n<p><strong>11. Atsakomyb\u0117 ir pareig\u0117s<\/strong><\/p>\n\n\n\n<ul class=\"wp-block-list\">\n<li><strong>12. Supaprastinimas<\/strong>13. : Visi darbuotojai ir partneriai turi prisirasti \u0161iam Etikos kodeksui, \u012fmon\u0117s politikoms ir visoms taikomoms \u012fstatymams ir reguliacijoms.<\/li>\n\n\n\n<li><strong>14. Rapedim\u0173 prane\u0161imas<\/strong>15. : Mes skatinam prane\u0161ti apie bet kok\u012f netiksl\u0173 elges\u012f ar \u0161io Etikos kodekso nusikaltimus. Lynnhan u\u017etikrina, kad nebus atlikta atsikeitimo asmenims, kurie prane\u0161a apie nusikaltimus gerai intencijomis.<\/li>\n<\/ul>\n\n\n\n<p><strong>16. Svetimosios informacijos ir privatumo apsauga<\/strong><\/p>\n\n\n\n<ul class=\"wp-block-list\">\n<li><strong>17. Informacijos apsauga<\/strong>18. : Mes esam \u012ftarpinai apsaugoti m\u016bs\u0173 klient\u0173, darbuotoj\u0173 ir partneri\u0173 svetimosios informacijos ir privatumo. Informacija turi b\u016bti tvarkoma su did\u017eiausia d\u0117mesio ir saugumo atsargomis.<\/li>\n\n\n\n<li><strong>17. Intelektualinis turtas<\/strong>19. : Mes gerbiamame intelektin\u0117s nuosavyb\u0117s teis\u0117ms ir tikimasi, kad m\u016bs\u0173 darbuotojai ir partneriai tai taip pat gerb\u0117t\u0173.<\/li>\n<\/ul>\n\n\n\n<p><strong>20. Interes\u0173 konfliktas<\/strong><\/p>\n\n\n\n<ul class=\"wp-block-list\">\n<li><strong>21. Konflikt\u0173 i\u0161vengimas<\/strong>22. : Darbuotojai ir partneriai tur\u0117t\u0173 i\u0161vengti bet kokio asmeninio, finansinio ar bet kokio kito interes\u0173, kurie gali u\u017etikrinti, kad jie negal\u0117t\u0173 atlikti savo darbo pareig\u0173 nepriklausomai.<\/li>\n\n\n\n<li><strong>23. Atnaujinimas<\/strong>24. : Visi potencij\u016bs interes\u0173 konfliktai tur\u0117t\u0173 b\u016bti prane\u0161ti vadovaujamai \u012fvertinimui ir konsultacijai.<\/li>\n<\/ul>\n\n\n\n<p><strong>25. aplinkosaugos atsakomyb\u0117<\/strong><\/p>\n\n\n\n<ul class=\"wp-block-list\">\n<li><strong>Svarstymas<\/strong>26. : Lynnhan yra susirgs\u0119s u\u017esprend\u017eiama sustainuomum\u0105 ir aplinkos valdyb\u0105. Mes siekiame minimizavti m\u016bs<\/li>\n<\/ul>\n\n\n\n<p><strong>Community Engagement<\/strong><\/p>\n\n\n\n<ul class=\"wp-block-list\">\n<li><strong>Giving Back<\/strong>: We believe in giving back to the communities where we operate, fostering a spirit of service and volunteerism among our employees and partners.<\/li>\n<\/ul>\n\n\n\n<p><strong>Implementation and Enforcement<\/strong><\/p>\n\n\n\n<ul class=\"wp-block-list\">\n<li><strong>Training<\/strong>: Visiems darbuotojams bus pateikta traininga d\u0117l \u0161io Etikos kodo, kad b\u016bt\u0173 u\u017etikrinta, jog jie suprantys ir gali efektyviai prieglobti \u0161ias principus.<\/li>\n\n\n\n<li><strong>Enforcement<\/strong>: \u0160io Etikos kodo nusikaltimai bus susirasti sunkiai ir gali rezultuoti disciplinariniu veiksmu, \u012fskaitant darbo arba verslo ry\u0161io nutraukim\u0105.<\/li>\n<\/ul>\n\n\n\n<p><strong>Pabaiga<\/strong><\/p>\n\n\n\n<p>\u0160is Etikos kodas yra centrinas m\u016bs\u0173 misijai Lynnhan. Pra\u0117mus \u0161ias principus, mes saugom savo pareigyb\u0119, prisid\u0117jame prie teigiamo darbo kult\u016bros, ir sukuriam patiko su m\u016bs\u0173 klientais, partneriais ir bendruomene. kartu mes galimes u\u017etikrinti, jog Lynnhan i\u0161liko vieta, kur gerov\u0117, pagalba ir pareigyb\u0117s auga.<\/p>\n\t\t\t\t\t\t\t\t<\/div>\n\t\t\t\t<\/div>\n\t\t\t\t\t<\/div>\n\t\t\t\t<\/div>\n\t\t\t\t<\/div>","protected":false},"excerpt":{"rendered":"<p>Introduction At Lynnhan, we are committed to conducting our business according to the highest standards of integrity and professionalism. This Code of Conduct serves as a guide for our employees, [\u2026]<\/p>","protected":false},"author":1,"featured_media":0,"parent":0,"menu_order":0,"comment_status":"closed","ping_status":"closed","template":"","meta":{"footnotes":""},"class_list":["post-601","page","type-page","status-publish","hentry"],"yoast_head":"<!-- This site is optimized with the Yoast SEO plugin v26.6 - https:\/\/yoast.com\/wordpress\/plugins\/seo\/ -->\n<title>Code of Conduct-Lynnhan smart display factory<\/title>\n<meta name=\"description\" content=\"Lynnhan smart display factory&#039;s commits to ethics and integrity. Our code of conduct ensures a respectful and inclusive culture for all.\" \/>\n<meta name=\"robots\" content=\"index, follow, max-snippet:-1, max-image-preview:large, max-video-preview:-1\" \/>\n<link rel=\"canonical\" href=\"https:\/\/lynnhan.com\/lt\/veiklos-kodeksas\/\" \/>\n<meta property=\"og:locale\" content=\"lt_LT\" \/>\n<meta property=\"og:type\" content=\"article\" \/>\n<meta property=\"og:title\" content=\"Code of Conduct-Lynnhan smart display factory\" \/>\n<meta property=\"og:description\" content=\"Lynnhan smart display factory&#039;s commits to ethics and integrity. Our code of conduct ensures a respectful and inclusive culture for all.\" \/>\n<meta property=\"og:url\" content=\"https:\/\/lynnhan.com\/lt\/veiklos-kodeksas\/\" \/>\n<meta property=\"og:site_name\" content=\"Lynnhan - Trusted Supplier | LED\/OLED\/LCD\/E-paper digital signages\" \/>\n<meta property=\"article:modified_time\" content=\"2024-12-18T10:32:06+00:00\" \/>\n<meta property=\"og:image\" content=\"https:\/\/pub-78925c7bf9ca4c6d820df8293a5c116c.r2.dev\/2024\/12\/Code-Of-Conduct.webp\" \/>\n<meta name=\"twitter:card\" content=\"summary_large_image\" \/>\n<meta name=\"twitter:label1\" content=\"Est. reading time\" \/>\n\t<meta name=\"twitter:data1\" content=\"3 minut\u0117s\" \/>\n<script type=\"application\/ld+json\" class=\"yoast-schema-graph\">{\"@context\":\"https:\/\/schema.org\",\"@graph\":[{\"@type\":\"WebPage\",\"@id\":\"https:\/\/lynnhan.com\/ja\/%e8%a1%8c%e5%8b%95%e8%a6%8f%e7%af%84\/\",\"url\":\"https:\/\/lynnhan.com\/ja\/%e8%a1%8c%e5%8b%95%e8%a6%8f%e7%af%84\/\",\"name\":\"Code of Conduct-Lynnhan smart display factory\",\"isPartOf\":{\"@id\":\"https:\/\/lynnhan.com\/km\/#website\"},\"primaryImageOfPage\":{\"@id\":\"https:\/\/lynnhan.com\/ja\/%e8%a1%8c%e5%8b%95%e8%a6%8f%e7%af%84\/#primaryimage\"},\"image\":{\"@id\":\"https:\/\/lynnhan.com\/ja\/%e8%a1%8c%e5%8b%95%e8%a6%8f%e7%af%84\/#primaryimage\"},\"thumbnailUrl\":\"https:\/\/pub-78925c7bf9ca4c6d820df8293a5c116c.r2.dev\/2024\/12\/Code-Of-Conduct.webp\",\"datePublished\":\"2024-02-28T03:19:26+00:00\",\"dateModified\":\"2024-12-18T10:32:06+00:00\",\"description\":\"Lynnhan smart display factory's commits to ethics and integrity. Our code of conduct ensures a respectful and inclusive culture for all.\",\"breadcrumb\":{\"@id\":\"https:\/\/lynnhan.com\/ja\/%e8%a1%8c%e5%8b%95%e8%a6%8f%e7%af%84\/#breadcrumb\"},\"inLanguage\":\"lt-LT\",\"potentialAction\":[{\"@type\":\"ReadAction\",\"target\":[\"https:\/\/lynnhan.com\/ja\/%e8%a1%8c%e5%8b%95%e8%a6%8f%e7%af%84\/\"]}]},{\"@type\":\"ImageObject\",\"inLanguage\":\"lt-LT\",\"@id\":\"https:\/\/lynnhan.com\/ja\/%e8%a1%8c%e5%8b%95%e8%a6%8f%e7%af%84\/#primaryimage\",\"url\":\"https:\/\/pub-78925c7bf9ca4c6d820df8293a5c116c.r2.dev\/2024\/12\/Code-Of-Conduct.webp\",\"contentUrl\":\"https:\/\/pub-78925c7bf9ca4c6d820df8293a5c116c.r2.dev\/2024\/12\/Code-Of-Conduct.webp\"},{\"@type\":\"BreadcrumbList\",\"@id\":\"https:\/\/lynnhan.com\/ja\/%e8%a1%8c%e5%8b%95%e8%a6%8f%e7%af%84\/#breadcrumb\",\"itemListElement\":[{\"@type\":\"ListItem\",\"position\":1,\"name\":\"Home\",\"item\":\"https:\/\/lynnhan.com\/\"},{\"@type\":\"ListItem\",\"position\":2,\"name\":\"Code Of Conduct\"}]},{\"@type\":\"WebSite\",\"@id\":\"https:\/\/lynnhan.com\/km\/#website\",\"url\":\"https:\/\/lynnhan.com\/km\/\",\"name\":\"Lynnhan - Trusted Supplier | LED\/OLED\/LCD\/E-paper digital signages\",\"description\":\"Lynnhan - Trusted Supplier |  LED\/OLED\/LCD\/E-paper digital signages\",\"publisher\":{\"@id\":\"https:\/\/lynnhan.com\/km\/#organization\"},\"potentialAction\":[{\"@type\":\"SearchAction\",\"target\":{\"@type\":\"EntryPoint\",\"urlTemplate\":\"https:\/\/lynnhan.com\/km\/?s={search_term_string}\"},\"query-input\":{\"@type\":\"PropertyValueSpecification\",\"valueRequired\":true,\"valueName\":\"search_term_string\"}}],\"inLanguage\":\"lt-LT\"},{\"@type\":\"Organization\",\"@id\":\"https:\/\/lynnhan.com\/km\/#organization\",\"name\":\"Lynnhan - Trusted Supplier | LED\/OLED\/LCD\/E-paper digital signages\",\"url\":\"https:\/\/lynnhan.com\/km\/\",\"logo\":{\"@type\":\"ImageObject\",\"inLanguage\":\"lt-LT\",\"@id\":\"https:\/\/lynnhan.com\/km\/#\/schema\/logo\/image\/\",\"url\":\"https:\/\/pub-78925c7bf9ca4c6d820df8293a5c116c.r2.dev\/2024\/07\/LynnHan-logo3.png\",\"contentUrl\":\"https:\/\/pub-78925c7bf9ca4c6d820df8293a5c116c.r2.dev\/2024\/07\/LynnHan-logo3.png\",\"width\":390,\"height\":130,\"caption\":\"Lynnhan - Trusted Supplier | LED\/OLED\/LCD\/E-paper digital signages\"},\"image\":{\"@id\":\"https:\/\/lynnhan.com\/km\/#\/schema\/logo\/image\/\"}}]}<\/script>\n<!-- \/ Yoast SEO plugin. -->","yoast_head_json":{"title":"Veiklos kodeksas - Lynnhan prae\u017eiamojo ekrano gamykla","description":"Lynnhan inteligent\u0173j\u0173 ekran\u0173 gamyklos \u012fsik\u016brimo etikoje ir integritete. M\u016bs\u0173 elgsenos kodeksas u\u017etikrina vis\u0173 pagalbaus ir \u012ftraukimo kult\u016br\u0105.","robots":{"index":"index","follow":"follow","max-snippet":"max-snippet:-1","max-image-preview":"max-image-preview:large","max-video-preview":"max-video-preview:-1"},"canonical":"https:\/\/lynnhan.com\/lt\/veiklos-kodeksas\/","og_locale":"lt_LT","og_type":"article","og_title":"Code of Conduct-Lynnhan smart display factory","og_description":"Lynnhan smart display factory's commits to ethics and integrity. Our code of conduct ensures a respectful and inclusive culture for all.","og_url":"https:\/\/lynnhan.com\/lt\/veiklos-kodeksas\/","og_site_name":"Lynnhan - Trusted Supplier | LED\/OLED\/LCD\/E-paper digital signages","article_modified_time":"2024-12-18T10:32:06+00:00","og_image":[{"url":"https:\/\/pub-78925c7bf9ca4c6d820df8293a5c116c.r2.dev\/2024\/12\/Code-Of-Conduct.webp","type":"","width":"","height":""}],"twitter_card":"summary_large_image","twitter_misc":{"Est. reading time":"3 minut\u0117s"},"schema":{"@context":"https:\/\/schema.org","@graph":[{"@type":"WebPage","@id":"https:\/\/lynnhan.com\/ja\/%e8%a1%8c%e5%8b%95%e8%a6%8f%e7%af%84\/","url":"https:\/\/lynnhan.com\/ja\/%e8%a1%8c%e5%8b%95%e8%a6%8f%e7%af%84\/","name":"Veiklos kodeksas - Lynnhan prae\u017eiamojo ekrano gamykla","isPartOf":{"@id":"https:\/\/lynnhan.com\/km\/#website"},"primaryImageOfPage":{"@id":"https:\/\/lynnhan.com\/ja\/%e8%a1%8c%e5%8b%95%e8%a6%8f%e7%af%84\/#primaryimage"},"image":{"@id":"https:\/\/lynnhan.com\/ja\/%e8%a1%8c%e5%8b%95%e8%a6%8f%e7%af%84\/#primaryimage"},"thumbnailUrl":"https:\/\/pub-78925c7bf9ca4c6d820df8293a5c116c.r2.dev\/2024\/12\/Code-Of-Conduct.webp","datePublished":"2024-02-28T03:19:26+00:00","dateModified":"2024-12-18T10:32:06+00:00","description":"Lynnhan inteligent\u0173j\u0173 ekran\u0173 gamyklos \u012fsik\u016brimo etikoje ir integritete. M\u016bs\u0173 elgsenos kodeksas u\u017etikrina vis\u0173 pagalbaus ir \u012ftraukimo kult\u016br\u0105.","breadcrumb":{"@id":"https:\/\/lynnhan.com\/ja\/%e8%a1%8c%e5%8b%95%e8%a6%8f%e7%af%84\/#breadcrumb"},"inLanguage":"lt-LT","potentialAction":[{"@type":"ReadAction","target":["https:\/\/lynnhan.com\/ja\/%e8%a1%8c%e5%8b%95%e8%a6%8f%e7%af%84\/"]}]},{"@type":"ImageObject","inLanguage":"lt-LT","@id":"https:\/\/lynnhan.com\/ja\/%e8%a1%8c%e5%8b%95%e8%a6%8f%e7%af%84\/#primaryimage","url":"https:\/\/pub-78925c7bf9ca4c6d820df8293a5c116c.r2.dev\/2024\/12\/Code-Of-Conduct.webp","contentUrl":"https:\/\/pub-78925c7bf9ca4c6d820df8293a5c116c.r2.dev\/2024\/12\/Code-Of-Conduct.webp"},{"@type":"BreadcrumbList","@id":"https:\/\/lynnhan.com\/ja\/%e8%a1%8c%e5%8b%95%e8%a6%8f%e7%af%84\/#breadcrumb","itemListElement":[{"@type":"ListItem","position":1,"name":"Home","item":"https:\/\/lynnhan.com\/"},{"@type":"ListItem","position":2,"name":"Code Of Conduct"}]},{"@type":"WebSite","@id":"https:\/\/lynnhan.com\/km\/#website","url":"https:\/\/lynnhan.com\/km\/","name":"Lynnhan - Patikimas tiek\u0117jas | LED\/OLED\/LCD\/E-paper skaidr\u0117s rodykl\u0117s","description":"Lynnhan - Patikimas tiek\u0117jas | LED\/OLED\/LCD\/E-paper skaidr\u0117s reklamos \u0161ildymas","publisher":{"@id":"https:\/\/lynnhan.com\/km\/#organization"},"potentialAction":[{"@type":"SearchAction","target":{"@type":"EntryPoint","urlTemplate":"https:\/\/lynnhan.com\/km\/?s={search_term_string}"},"query-input":{"@type":"PropertyValueSpecification","valueRequired":true,"valueName":"search_term_string"}}],"inLanguage":"lt-LT"},{"@type":"Organization","@id":"https:\/\/lynnhan.com\/km\/#organization","name":"Lynnhan - Patikimas tiek\u0117jas | LED\/OLED\/LCD\/E-paper skaidr\u0117s rodykl\u0117s","url":"https:\/\/lynnhan.com\/km\/","logo":{"@type":"ImageObject","inLanguage":"lt-LT","@id":"https:\/\/lynnhan.com\/km\/#\/schema\/logo\/image\/","url":"https:\/\/pub-78925c7bf9ca4c6d820df8293a5c116c.r2.dev\/2024\/07\/LynnHan-logo3.png","contentUrl":"https:\/\/pub-78925c7bf9ca4c6d820df8293a5c116c.r2.dev\/2024\/07\/LynnHan-logo3.png","width":390,"height":130,"caption":"Lynnhan - Trusted Supplier | LED\/OLED\/LCD\/E-paper digital signages"},"image":{"@id":"https:\/\/lynnhan.com\/km\/#\/schema\/logo\/image\/"}}]}},"jetpack_sharing_enabled":true,"_links":{"self":[{"href":"https:\/\/lynnhan.com\/lt\/wp-json\/wp\/v2\/pages\/601","targetHints":{"allow":["GET"]}}],"collection":[{"href":"https:\/\/lynnhan.com\/lt\/wp-json\/wp\/v2\/pages"}],"about":[{"href":"https:\/\/lynnhan.com\/lt\/wp-json\/wp\/v2\/types\/page"}],"author":[{"embeddable":true,"href":"https:\/\/lynnhan.com\/lt\/wp-json\/wp\/v2\/users\/1"}],"replies":[{"embeddable":true,"href":"https:\/\/lynnhan.com\/lt\/wp-json\/wp\/v2\/comments?post=601"}],"version-history":[{"count":0,"href":"https:\/\/lynnhan.com\/lt\/wp-json\/wp\/v2\/pages\/601\/revisions"}],"wp:attachment":[{"href":"https:\/\/lynnhan.com\/lt\/wp-json\/wp\/v2\/media?parent=601"}],"curies":[{"name":"wp","href":"https:\/\/api.w.org\/{rel}","templated":true}]}}