{"id":540,"date":"2024-02-27T08:44:39","date_gmt":"2024-02-27T08:44:39","guid":{"rendered":"https:\/\/lynnhan.com\/?page_id=540"},"modified":"2024-12-18T09:42:17","modified_gmt":"2024-12-18T09:42:17","slug":"paskelbti","status":"publish","type":"page","link":"https:\/\/lynnhan.com\/lt\/paskelbti\/","title":{"rendered":"Pa\u0161ta"},"content":{"rendered":"<div data-elementor-type=\"wp-page\" data-elementor-id=\"540\" class=\"elementor elementor-540\" data-elementor-post-type=\"page\">\n\t\t\t\t<div class=\"elementor-element elementor-element-26335f7 e-flex e-con-boxed e-con e-parent\" data-id=\"26335f7\" data-element_type=\"container\">\n\t\t\t\t\t<div class=\"e-con-inner\">\n\t\t\t\t<div class=\"elementor-element elementor-element-68c9c7e elementor-widget elementor-widget-image\" data-id=\"68c9c7e\" data-element_type=\"widget\" data-widget_type=\"image.default\">\n\t\t\t\t<div class=\"elementor-widget-container\">\n\t\t\t\t\t\t\t\t\t\t\t\t\t\t\t<img fetchpriority=\"high\" decoding=\"async\" width=\"1165\" height=\"653\" src=\"https:\/\/pub-78925c7bf9ca4c6d820df8293a5c116c.r2.dev\/2024\/12\/shipment.webp\" class=\"attachment-full size-full wp-image-3297\" alt=\"All in one LED shipment\" srcset=\"https:\/\/pub-78925c7bf9ca4c6d820df8293a5c116c.r2.dev\/2024\/12\/shipment.webp 1165w, https:\/\/pub-78925c7bf9ca4c6d820df8293a5c116c.r2.dev\/2024\/12\/shipment-700x392.webp 700w, https:\/\/pub-78925c7bf9ca4c6d820df8293a5c116c.r2.dev\/2024\/12\/shipment-1024x574.webp 1024w, https:\/\/pub-78925c7bf9ca4c6d820df8293a5c116c.r2.dev\/2024\/12\/shipment-768x430.webp 768w, https:\/\/pub-78925c7bf9ca4c6d820df8293a5c116c.r2.dev\/2024\/12\/shipment-18x10.webp 18w, https:\/\/pub-78925c7bf9ca4c6d820df8293a5c116c.r2.dev\/2024\/12\/shipment-1140x639.webp 1140w, https:\/\/pub-78925c7bf9ca4c6d820df8293a5c116c.r2.dev\/2024\/12\/shipment-920x516.webp 920w, https:\/\/pub-78925c7bf9ca4c6d820df8293a5c116c.r2.dev\/2024\/12\/shipment-575x322.webp 575w, https:\/\/pub-78925c7bf9ca4c6d820df8293a5c116c.r2.dev\/2024\/12\/shipment-380x213.webp 380w, https:\/\/pub-78925c7bf9ca4c6d820df8293a5c116c.r2.dev\/2024\/12\/shipment-800x448.webp 800w\" sizes=\"(max-width: 1165px) 100vw, 1165px\" \/>\t\t\t\t\t\t\t\t\t\t\t\t\t\t\t<\/div>\n\t\t\t\t<\/div>\n\t\t\t\t\t<\/div>\n\t\t\t\t<\/div>\n\t\t<div class=\"elementor-element elementor-element-8f6152b e-flex e-con-boxed e-con e-parent\" data-id=\"8f6152b\" data-element_type=\"container\">\n\t\t\t\t\t<div class=\"e-con-inner\">\n\t\t\t\t<div class=\"elementor-element elementor-element-2a13164 elementor-widget elementor-widget-text-editor\" data-id=\"2a13164\" data-element_type=\"widget\" data-widget_type=\"text-editor.default\">\n\t\t\t\t<div class=\"elementor-widget-container\">\n\t\t\t\t\t\t\t\t\t<h3>1. Paskyrimo sprendimai Lynnhan: efektyvus ir patikimas pristatymas<\/h3><p><strong>2. Tailorizuotas paskyrimas J\u016bs\u0173 \u012fmon\u0117s skirtu<\/strong><\/p><p>3. Lynnhan suprantame, kad patikimas ir efektyvus paskyrimas yra svarbus J\u016bs\u0173 \u012fmon\u0117s veiklos operacijoms. M\u016bs\u0173 kompleks\u016bs paskyrimo sprendimai sukurti, kad atsirasti J\u016bs\u0173 B2B klient\u0173 \u012fvairioms reikm\u0117ms, u\u017etikrinti, kad J\u016bs\u0173 produktai atsibaigti laiku ir perfektai.<\/p><p><strong>4. Globalus pasiekimas, vietinis taiklumas<\/strong><\/p><p>5. M\u016bs\u0173 pla\u010diausias paskyrimo partneri\u0173 tinklas leid\u017eia mums pristatyti J\u016bs\u0173 produktus bet kur pasauliui. Nesvarbu, ar j\u016bs esate vietin\u0117 \u012fmon\u0117 arba global\u0117 \u012fmon\u0117, Lynnhan pateikia pritaikytus paskyrimo pasirinkimus, u\u017etikinant, kad J\u016bs\u0173 u\u017esakymas atsibaigia efektyviai. M\u016bs\u0173 komanda darba arti su gerai \u017einomomis ve\u017e\u0117j\u0117mis, siekiant suteikti bepertruk\u010diam\u0105 pristatymo patirt\u012f, nuo durys iki durys.<\/p><p><strong>6. Lygiosios paskyrimo pasirinkimai<\/strong><\/p><ul><li><strong>7. Standartinis paskyrimas:<\/strong> 8. Idealus neplagiojamoms u\u017esakymams, m\u016bs\u0173 standartinis paskyrimas pasi\u017eymi ekonomin\u0117mis kainomis ir patikimumu pristatymo laiku.<\/li><li><strong>9. Spar\u010dus paskyrimas:<\/strong> 10. Kai laikas yra svarbus, pasirinkite m\u016bs\u0173 spar\u010dus paskyrim\u0105 greitesniam pristatymui. M\u016bs\u0173 priorytetas yra u\u017etikrinti, kad J\u016bs\u0173 u\u017esakymas atsibaigia greitai.<\/li><li><strong>11. Gro\u017eo paskyrimas:<\/strong> 12. Dideliems u\u017esakymams arba specialioms reikm\u0117ms, m\u016bs\u0173 gro\u017eo paskyrimo paslaugos pasi\u017eymi pritaikytomis sprendimais, \u012fskaitant j\u016br\u0173, oro ir \u017eem\u0117s paslaugas.<\/li><\/ul><p><strong>13. Realiojo laiko sekimas ir pagalba<\/strong><\/p><p>14. B\u016bkite informuojami nuo i\u0161siuntimo iki pristatymo su m\u016bs\u0173 realiojo laiko sekimo paslaugomis. I\u0161siuntymo metu J\u016bs gausite sekimo numer\u012f, skirt\u0105 J\u016bs\u0173 u\u017esakymo progreso steb\u0117ti. M\u016bs\u0173 paskirta pagalba yra visada pasiekiama, siekiant pateikti atnaujinimus ir pagalb\u0105 bet kokioms paskyrimo klausimams.<\/p><p><strong>15. muitin\u0117s paliaubos ir tvarkos<\/strong><\/p><p>16. Lynnhan patirtis tarptautiniame paskirimame u\u017etikrina lygius muitin\u0117s paliaub\u0173 procesus. M\u016bs\u0173 apdorojame visas b\u016btinas dokumentacijas ir tvarkos reikalavimus, minimizuoja v\u0117lavimus ir u\u017etikina, kad J\u016bs\u0173 priek\u0117jimas atitinka vietines reglamentus.<\/p><p><strong>17. \u017daliavos pakuot\u0117s ir paskirimas<\/strong><\/p><p>18. Mes esame susirgs\u0119s u\u017es\u0117kmingumu. Lynnhan naudoja \u017ealiavos pakuot\u0117s materialius ir optimizuoja paskirim\u0173 mar\u0161rutus, ma\u017einant m\u016bs\u0173 aplinkos poveik\u012f. M\u016bs\u0173 \u017ealiavos paskirimai yra dalis m\u016bs\u0173 \u012fsitikinimo apsaugoti planet\u0105, taip pat pasilikt\u0173 pasi\u017ead\u0117jimus J\u016bs\u0173<\/p><p><strong>Shipping Rates and Policies<\/strong><\/p><p>Our competitive shipping rates are calculated based on order size, weight, and destination. For detailed information on shipping costs and policies, please visit our website or contact our customer service team. We strive to offer transparent pricing with no hidden fees.<\/p><p><strong>How to Arrange Shipping<\/strong><\/p><p>Placing an order with Lynnhan is easy. During the checkout process, you\u2019ll be prompted to select your preferred shipping method. Our team will then prepare your order for shipment, ensuring it\u2019s packed securely and dispatched promptly. For special shipping requests or bulk orders, please contact our sales team directly.<\/p><p>At Lynnhan, we\u2019re dedicated to providing you with efficient, reliable, and tailored shipping solutions. Our goal is to support your business by ensuring your products are delivered on time and in perfect condition, no matter where in the world you\u2019re located.<\/p>\t\t\t\t\t\t\t\t<\/div>\n\t\t\t\t<\/div>\n\t\t\t\t\t<\/div>\n\t\t\t\t<\/div>\n\t\t\t\t<\/div>","protected":false},"excerpt":{"rendered":"<p>Shipping Solutions at Lynnhan: Efficient and Reliable Delivery Tailored Shipping for Your Business At Lynnhan, we understand that reliable and efficient shipping is crucial for your business operations. Our comprehensive [\u2026]<\/p>","protected":false},"author":1,"featured_media":0,"parent":0,"menu_order":0,"comment_status":"closed","ping_status":"closed","template":"","meta":{"footnotes":""},"class_list":["post-540","page","type-page","status-publish","hentry"],"yoast_head":"<!-- This site is optimized with the Yoast SEO plugin v26.6 - https:\/\/yoast.com\/wordpress\/plugins\/seo\/ -->\n<title>LynnHan Standbyme TV supplier Shipping<\/title>\n<meta name=\"description\" content=\"Hassle-free shipping starts at LynnHan Standbyme TV supplier. Our comprehensive guide ensures your packages arrive safely and on time.\" \/>\n<meta name=\"robots\" content=\"index, follow, max-snippet:-1, max-image-preview:large, max-video-preview:-1\" \/>\n<link rel=\"canonical\" href=\"https:\/\/lynnhan.com\/lt\/paskelbti\/\" \/>\n<meta property=\"og:locale\" content=\"lt_LT\" \/>\n<meta property=\"og:type\" content=\"article\" \/>\n<meta property=\"og:title\" content=\"LynnHan Standbyme TV supplier Shipping\" \/>\n<meta property=\"og:description\" content=\"Hassle-free shipping starts at LynnHan Standbyme TV supplier. Our comprehensive guide ensures your packages arrive safely and on time.\" \/>\n<meta property=\"og:url\" content=\"https:\/\/lynnhan.com\/lt\/paskelbti\/\" \/>\n<meta property=\"og:site_name\" content=\"Lynnhan - Trusted Supplier | LED\/OLED\/LCD\/E-paper digital signages\" \/>\n<meta property=\"article:modified_time\" content=\"2024-12-18T09:42:17+00:00\" \/>\n<meta property=\"og:image\" content=\"https:\/\/pub-78925c7bf9ca4c6d820df8293a5c116c.r2.dev\/2024\/12\/shipment.webp\" \/>\n<meta name=\"twitter:card\" content=\"summary_large_image\" \/>\n<meta name=\"twitter:label1\" content=\"Est. reading time\" \/>\n\t<meta name=\"twitter:data1\" content=\"3 minut\u0117s\" \/>\n<script type=\"application\/ld+json\" class=\"yoast-schema-graph\">{\"@context\":\"https:\/\/schema.org\",\"@graph\":[{\"@type\":\"WebPage\",\"@id\":\"https:\/\/lynnhan.com\/be\/shipping\/\",\"url\":\"https:\/\/lynnhan.com\/be\/shipping\/\",\"name\":\"LynnHan Standbyme TV supplier Shipping\",\"isPartOf\":{\"@id\":\"https:\/\/lynnhan.com\/km\/#website\"},\"primaryImageOfPage\":{\"@id\":\"https:\/\/lynnhan.com\/be\/shipping\/#primaryimage\"},\"image\":{\"@id\":\"https:\/\/lynnhan.com\/be\/shipping\/#primaryimage\"},\"thumbnailUrl\":\"https:\/\/pub-78925c7bf9ca4c6d820df8293a5c116c.r2.dev\/2024\/12\/shipment.webp\",\"datePublished\":\"2024-02-27T08:44:39+00:00\",\"dateModified\":\"2024-12-18T09:42:17+00:00\",\"description\":\"Hassle-free shipping starts at LynnHan Standbyme TV supplier. Our comprehensive guide ensures your packages arrive safely and on time.\",\"breadcrumb\":{\"@id\":\"https:\/\/lynnhan.com\/be\/shipping\/#breadcrumb\"},\"inLanguage\":\"lt-LT\",\"potentialAction\":[{\"@type\":\"ReadAction\",\"target\":[\"https:\/\/lynnhan.com\/be\/shipping\/\"]}]},{\"@type\":\"ImageObject\",\"inLanguage\":\"lt-LT\",\"@id\":\"https:\/\/lynnhan.com\/be\/shipping\/#primaryimage\",\"url\":\"https:\/\/pub-78925c7bf9ca4c6d820df8293a5c116c.r2.dev\/2024\/12\/shipment.webp\",\"contentUrl\":\"https:\/\/pub-78925c7bf9ca4c6d820df8293a5c116c.r2.dev\/2024\/12\/shipment.webp\"},{\"@type\":\"BreadcrumbList\",\"@id\":\"https:\/\/lynnhan.com\/be\/shipping\/#breadcrumb\",\"itemListElement\":[{\"@type\":\"ListItem\",\"position\":1,\"name\":\"Home\",\"item\":\"https:\/\/lynnhan.com\/\"},{\"@type\":\"ListItem\",\"position\":2,\"name\":\"Shipping\"}]},{\"@type\":\"WebSite\",\"@id\":\"https:\/\/lynnhan.com\/km\/#website\",\"url\":\"https:\/\/lynnhan.com\/km\/\",\"name\":\"Lynnhan - Trusted Supplier | LED\/OLED\/LCD\/E-paper digital signages\",\"description\":\"Lynnhan - Trusted Supplier |  LED\/OLED\/LCD\/E-paper digital signages\",\"publisher\":{\"@id\":\"https:\/\/lynnhan.com\/km\/#organization\"},\"potentialAction\":[{\"@type\":\"SearchAction\",\"target\":{\"@type\":\"EntryPoint\",\"urlTemplate\":\"https:\/\/lynnhan.com\/km\/?s={search_term_string}\"},\"query-input\":{\"@type\":\"PropertyValueSpecification\",\"valueRequired\":true,\"valueName\":\"search_term_string\"}}],\"inLanguage\":\"lt-LT\"},{\"@type\":\"Organization\",\"@id\":\"https:\/\/lynnhan.com\/km\/#organization\",\"name\":\"Lynnhan - Trusted Supplier | LED\/OLED\/LCD\/E-paper digital signages\",\"url\":\"https:\/\/lynnhan.com\/km\/\",\"logo\":{\"@type\":\"ImageObject\",\"inLanguage\":\"lt-LT\",\"@id\":\"https:\/\/lynnhan.com\/km\/#\/schema\/logo\/image\/\",\"url\":\"https:\/\/pub-78925c7bf9ca4c6d820df8293a5c116c.r2.dev\/2024\/07\/LynnHan-logo3.png\",\"contentUrl\":\"https:\/\/pub-78925c7bf9ca4c6d820df8293a5c116c.r2.dev\/2024\/07\/LynnHan-logo3.png\",\"width\":390,\"height\":130,\"caption\":\"Lynnhan - Trusted Supplier | LED\/OLED\/LCD\/E-paper digital signages\"},\"image\":{\"@id\":\"https:\/\/lynnhan.com\/km\/#\/schema\/logo\/image\/\"}}]}<\/script>\n<!-- \/ Yoast SEO plugin. -->","yoast_head_json":{"title":"LynnHan Standbyme TV tiek\u0117jas Paskelbti","description":"Bebr\u0117\u017etas pristatymas prasideda nuo LynnHan Standbyme TV tiek\u0117jo. M\u016bs\u0173 ap\u017evalgin\u0117 gidas u\u017etikrina, kad j\u016bs\u0173 paketai atsiekia saugiai ir laiku.","robots":{"index":"index","follow":"follow","max-snippet":"max-snippet:-1","max-image-preview":"max-image-preview:large","max-video-preview":"max-video-preview:-1"},"canonical":"https:\/\/lynnhan.com\/lt\/paskelbti\/","og_locale":"lt_LT","og_type":"article","og_title":"LynnHan Standbyme TV supplier Shipping","og_description":"Hassle-free shipping starts at LynnHan Standbyme TV supplier. Our comprehensive guide ensures your packages arrive safely and on time.","og_url":"https:\/\/lynnhan.com\/lt\/paskelbti\/","og_site_name":"Lynnhan - Trusted Supplier | LED\/OLED\/LCD\/E-paper digital signages","article_modified_time":"2024-12-18T09:42:17+00:00","og_image":[{"url":"https:\/\/pub-78925c7bf9ca4c6d820df8293a5c116c.r2.dev\/2024\/12\/shipment.webp","type":"","width":"","height":""}],"twitter_card":"summary_large_image","twitter_misc":{"Est. reading time":"3 minut\u0117s"},"schema":{"@context":"https:\/\/schema.org","@graph":[{"@type":"WebPage","@id":"https:\/\/lynnhan.com\/be\/shipping\/","url":"https:\/\/lynnhan.com\/be\/shipping\/","name":"LynnHan Standbyme TV tiek\u0117jas Paskelbti","isPartOf":{"@id":"https:\/\/lynnhan.com\/km\/#website"},"primaryImageOfPage":{"@id":"https:\/\/lynnhan.com\/be\/shipping\/#primaryimage"},"image":{"@id":"https:\/\/lynnhan.com\/be\/shipping\/#primaryimage"},"thumbnailUrl":"https:\/\/pub-78925c7bf9ca4c6d820df8293a5c116c.r2.dev\/2024\/12\/shipment.webp","datePublished":"2024-02-27T08:44:39+00:00","dateModified":"2024-12-18T09:42:17+00:00","description":"Bebr\u0117\u017etas pristatymas prasideda nuo LynnHan Standbyme TV tiek\u0117jo. M\u016bs\u0173 ap\u017evalgin\u0117 gidas u\u017etikrina, kad j\u016bs\u0173 paketai atsiekia saugiai ir laiku.","breadcrumb":{"@id":"https:\/\/lynnhan.com\/be\/shipping\/#breadcrumb"},"inLanguage":"lt-LT","potentialAction":[{"@type":"ReadAction","target":["https:\/\/lynnhan.com\/be\/shipping\/"]}]},{"@type":"ImageObject","inLanguage":"lt-LT","@id":"https:\/\/lynnhan.com\/be\/shipping\/#primaryimage","url":"https:\/\/pub-78925c7bf9ca4c6d820df8293a5c116c.r2.dev\/2024\/12\/shipment.webp","contentUrl":"https:\/\/pub-78925c7bf9ca4c6d820df8293a5c116c.r2.dev\/2024\/12\/shipment.webp"},{"@type":"BreadcrumbList","@id":"https:\/\/lynnhan.com\/be\/shipping\/#breadcrumb","itemListElement":[{"@type":"ListItem","position":1,"name":"Home","item":"https:\/\/lynnhan.com\/"},{"@type":"ListItem","position":2,"name":"Shipping"}]},{"@type":"WebSite","@id":"https:\/\/lynnhan.com\/km\/#website","url":"https:\/\/lynnhan.com\/km\/","name":"Lynnhan - Patikimas tiek\u0117jas | LED\/OLED\/LCD\/E-paper skaidr\u0117s rodykl\u0117s","description":"Lynnhan - Patikimas tiek\u0117jas | LED\/OLED\/LCD\/E-paper skaidr\u0117s reklamos \u0161ildymas","publisher":{"@id":"https:\/\/lynnhan.com\/km\/#organization"},"potentialAction":[{"@type":"SearchAction","target":{"@type":"EntryPoint","urlTemplate":"https:\/\/lynnhan.com\/km\/?s={search_term_string}"},"query-input":{"@type":"PropertyValueSpecification","valueRequired":true,"valueName":"search_term_string"}}],"inLanguage":"lt-LT"},{"@type":"Organization","@id":"https:\/\/lynnhan.com\/km\/#organization","name":"Lynnhan - Patikimas tiek\u0117jas | LED\/OLED\/LCD\/E-paper skaidr\u0117s rodykl\u0117s","url":"https:\/\/lynnhan.com\/km\/","logo":{"@type":"ImageObject","inLanguage":"lt-LT","@id":"https:\/\/lynnhan.com\/km\/#\/schema\/logo\/image\/","url":"https:\/\/pub-78925c7bf9ca4c6d820df8293a5c116c.r2.dev\/2024\/07\/LynnHan-logo3.png","contentUrl":"https:\/\/pub-78925c7bf9ca4c6d820df8293a5c116c.r2.dev\/2024\/07\/LynnHan-logo3.png","width":390,"height":130,"caption":"Lynnhan - Trusted Supplier | LED\/OLED\/LCD\/E-paper digital signages"},"image":{"@id":"https:\/\/lynnhan.com\/km\/#\/schema\/logo\/image\/"}}]}},"jetpack_sharing_enabled":true,"_links":{"self":[{"href":"https:\/\/lynnhan.com\/lt\/wp-json\/wp\/v2\/pages\/540","targetHints":{"allow":["GET"]}}],"collection":[{"href":"https:\/\/lynnhan.com\/lt\/wp-json\/wp\/v2\/pages"}],"about":[{"href":"https:\/\/lynnhan.com\/lt\/wp-json\/wp\/v2\/types\/page"}],"author":[{"embeddable":true,"href":"https:\/\/lynnhan.com\/lt\/wp-json\/wp\/v2\/users\/1"}],"replies":[{"embeddable":true,"href":"https:\/\/lynnhan.com\/lt\/wp-json\/wp\/v2\/comments?post=540"}],"version-history":[{"count":0,"href":"https:\/\/lynnhan.com\/lt\/wp-json\/wp\/v2\/pages\/540\/revisions"}],"wp:attachment":[{"href":"https:\/\/lynnhan.com\/lt\/wp-json\/wp\/v2\/media?parent=540"}],"curies":[{"name":"wp","href":"https:\/\/api.w.org\/{rel}","templated":true}]}}