{"id":535,"date":"2024-02-27T08:28:56","date_gmt":"2024-02-27T08:28:56","guid":{"rendered":"https:\/\/lynnhan.com\/?page_id=535"},"modified":"2024-12-18T10:25:48","modified_gmt":"2024-12-18T10:25:48","slug":"mokejimai","status":"publish","type":"page","link":"https:\/\/lynnhan.com\/lt\/mokejimai\/","title":{"rendered":"Mok\u0117jimai"},"content":{"rendered":"<div data-elementor-type=\"wp-page\" data-elementor-id=\"535\" class=\"elementor elementor-535\" data-elementor-post-type=\"page\">\n\t\t\t\t<div class=\"elementor-element elementor-element-142d8d4 e-flex e-con-boxed e-con e-parent\" data-id=\"142d8d4\" data-element_type=\"container\">\n\t\t\t\t\t<div class=\"e-con-inner\">\n\t\t\t\t<div class=\"elementor-element elementor-element-6619f7f elementor-widget elementor-widget-image\" data-id=\"6619f7f\" data-element_type=\"widget\" data-widget_type=\"image.default\">\n\t\t\t\t<div class=\"elementor-widget-container\">\n\t\t\t\t\t\t\t\t\t\t\t\t\t\t\t<img fetchpriority=\"high\" decoding=\"async\" width=\"1920\" height=\"1076\" src=\"https:\/\/pub-78925c7bf9ca4c6d820df8293a5c116c.r2.dev\/2024\/12\/payments-2.webp\" class=\"attachment-full size-full wp-image-3303\" alt=\"All in One LED manufacturer Payments\" srcset=\"https:\/\/pub-78925c7bf9ca4c6d820df8293a5c116c.r2.dev\/2024\/12\/payments-2.webp 1920w, https:\/\/pub-78925c7bf9ca4c6d820df8293a5c116c.r2.dev\/2024\/12\/payments-2-700x392.webp 700w, https:\/\/pub-78925c7bf9ca4c6d820df8293a5c116c.r2.dev\/2024\/12\/payments-2-1024x574.webp 1024w, https:\/\/pub-78925c7bf9ca4c6d820df8293a5c116c.r2.dev\/2024\/12\/payments-2-768x430.webp 768w, https:\/\/pub-78925c7bf9ca4c6d820df8293a5c116c.r2.dev\/2024\/12\/payments-2-1536x861.webp 1536w, https:\/\/pub-78925c7bf9ca4c6d820df8293a5c116c.r2.dev\/2024\/12\/payments-2-18x10.webp 18w, https:\/\/pub-78925c7bf9ca4c6d820df8293a5c116c.r2.dev\/2024\/12\/payments-2-1140x639.webp 1140w, https:\/\/pub-78925c7bf9ca4c6d820df8293a5c116c.r2.dev\/2024\/12\/payments-2-920x516.webp 920w, https:\/\/pub-78925c7bf9ca4c6d820df8293a5c116c.r2.dev\/2024\/12\/payments-2-575x322.webp 575w, https:\/\/pub-78925c7bf9ca4c6d820df8293a5c116c.r2.dev\/2024\/12\/payments-2-380x213.webp 380w, https:\/\/pub-78925c7bf9ca4c6d820df8293a5c116c.r2.dev\/2024\/12\/payments-2-1320x740.webp 1320w, https:\/\/pub-78925c7bf9ca4c6d820df8293a5c116c.r2.dev\/2024\/12\/payments-2-800x448.webp 800w\" sizes=\"(max-width: 1920px) 100vw, 1920px\" \/>\t\t\t\t\t\t\t\t\t\t\t\t\t\t\t<\/div>\n\t\t\t\t<\/div>\n\t\t\t\t\t<\/div>\n\t\t\t\t<\/div>\n\t\t<div class=\"elementor-element elementor-element-d66f236 e-flex e-con-boxed e-con e-parent\" data-id=\"d66f236\" data-element_type=\"container\">\n\t\t\t\t\t<div class=\"e-con-inner\">\n\t\t\t\t<div class=\"elementor-element elementor-element-c3f9628 elementor-widget elementor-widget-text-editor\" data-id=\"c3f9628\" data-element_type=\"widget\" data-widget_type=\"text-editor.default\">\n\t\t\t\t<div class=\"elementor-widget-container\">\n\t\t\t\t\t\t\t\t\t<h3>1. Mok\u0117jimo sprendimai Lynnhan: modernizuotos ir saugios operacijos<\/h3><p><strong>2. Gro\u017eios mok\u0117jimo pasirinkimai skirti j\u016bs\u0173 verslo reikm\u0117ms<\/strong><\/p><p>3. Lynnhan suprantame, kiek svarbu verslams tur\u0117ti lengvus ir saugius mok\u0117jimo sprendimus. M\u016bs\u0173 tikslas \u2013 padaryti j\u016bs\u0173 pirkimo proces\u0105 kiekvien\u0105 kart\u0105 patogesn\u012f ir nesunklesn\u012f. Tod\u0117l mes si\u016blam da\u017en\u0173 mok\u0117jimo pasirinkim\u0173, kurie atitinka m\u016bs\u0173 B2B klient\u0173 da\u017enius reikalavimus.<\/p><p><strong>4. Saug\u016bs internetin\u0117s mok\u0117jimo operacijos<\/strong><\/p><p>5. Patogumui ir efektyvumui, Lynnhan palaiko saugius internetinius mok\u0117jimo operacijas. M\u016bs\u0173 platforma priimtina svarbiausius kredito kortes, \u012fskaitant Visa, MasterCard ir American Express, taip pat PayPal greitiems ir paprastiems transakcijoms. M\u016bs\u0173 saugus mok\u0117jimo \u0161liuzas u\u017etikrina, kad j\u016bs\u0173 finansin\u0117 informacija visada yra saugoma, naudojant modernesn\u0119 \u0161ifravimo ir saugumo protokolus.<\/p><p><strong>6. Banko perleidimai (T\/T ir Western Union)<br \/><\/strong><\/p><p>7. Dideliems u\u017esakymams ar pasirinktin\u0117ms sprendimams mes priima tiekiamojo banko perleidim\u0105. \u0160is pasirinkimas leid\u017eia geriau valdyti j\u016bs\u0173 finansines operacijas ir yra idealus versalams, kuriems patinka tradiciniai mok\u0117jimo b\u016bdai. M\u016bs\u0173 klient\u0173 tarnyba pateiksis jums visus b\u016btini duomenis, skirtus gerai u\u017ebaigti banko perleidim\u0105.<\/p><p><strong>8. Pasirinktiniai mok\u0117jimo planai<\/strong><\/p><p>9. Suprantame, kad kiekvienai versalai reikalingi unikal\u016bs reikalavimai, Lynnhan yra pasiruo\u0161ta diskutuoti apie pasirinktinius mok\u0117jimo planus. Baigiamas arba pritaiktomas finansinis sprendimas, m\u016bs\u0173 komanda \u012fsitraukia \u012f bendradarbiavim\u0105 su jumis, nor\u0117damas rasti mok\u0117jimo strukt\u016br\u0105, kuri atitinka j\u016bs\u0173 verslo reikalavimus.<\/p><p><strong>10. Saugus transakcij\u0173 procesas<\/strong><\/p><p>11. Saugumas yra m\u016bs\u0173 pagrindinis prioritetas mok\u0117jimo klausimu. Lynnhan naudoja moderniausias saugumo priemones, siekiant apsaugoti j\u016bs\u0173 transakcijas ir asmenines informacijas. M\u016bs\u0173 atitikimas PCI DSS standartams u\u017etikrina, kad j\u016bs\u0173 mok\u0117jimas yra apdorojamas saugiausioje aplinkoje.<\/p><p><strong>12. Specializuotas tarnyba<\/strong><\/p><p>13. M\u016bs\u0173 specializuota klient\u0173 tarnyba yra pasiruo\u0161ta pagalbin\u0117ti jums su bet kuriais mok\u0117jimo klausimais ar problemomis. Nesvarbu, ar jums reikalinga pagalba pasirinkti teising\u0105 mok\u0117jimo pasirinkim\u0105, suprasti savo s\u0105skait\u0105 ar diskutuoti apie mok\u0117jimo planus, mes esame \u010dia, nor\u0117damas u\u017etikrinti skaidr\u0173 transakcij\u0173 patirt\u012f.<\/p><p><strong>14. Kaip atlikti mok\u0117jim\u0105<\/strong><\/p><p>15. Mok\u0117jimas su Lynnhan yra paprastas. Kai j\u016bs u\u017esakykite, gausite s\u0105skait\u0105 su i\u0161samesiomis mok\u0117jimo instrukcijomis. Pasirinkite j\u016bs\u0173 pageidaujam<\/p><p>At Lynnhan, we\u2019re committed to providing our B2B clients with secure, flexible, and convenient payment solutions. Our range of payment options is designed to accommodate your business\u2019s specific needs, ensuring a smooth and efficient purchasing experience.<\/p>\t\t\t\t\t\t\t\t<\/div>\n\t\t\t\t<\/div>\n\t\t\t\t\t<\/div>\n\t\t\t\t<\/div>\n\t\t\t\t<\/div>","protected":false},"excerpt":{"rendered":"<p>Payment Solutions at Lynnhan: Streamlined and Secure Transactions Flexible Payment Options for Your Business Needs At Lynnhan, we understand the importance of flexible and secure payment solutions for businesses. Our [\u2026]<\/p>","protected":false},"author":1,"featured_media":0,"parent":0,"menu_order":0,"comment_status":"closed","ping_status":"closed","template":"","meta":{"footnotes":""},"class_list":["post-535","page","type-page","status-publish","hentry"],"yoast_head":"<!-- This site is optimized with the Yoast SEO plugin v26.6 - https:\/\/yoast.com\/wordpress\/plugins\/seo\/ -->\n<title>Payments: Lynnhan portable TV supplier<\/title>\n<meta name=\"description\" content=\"Discover how Lynnhan portable TV supplier Payments transforms your online purchases into smooth, effortless experiences.\" \/>\n<meta name=\"robots\" content=\"index, follow, max-snippet:-1, max-image-preview:large, max-video-preview:-1\" \/>\n<link rel=\"canonical\" href=\"https:\/\/lynnhan.com\/lt\/mokejimai\/\" \/>\n<meta property=\"og:locale\" content=\"lt_LT\" \/>\n<meta property=\"og:type\" content=\"article\" \/>\n<meta property=\"og:title\" content=\"Payments: Lynnhan portable TV supplier\" \/>\n<meta property=\"og:description\" content=\"Discover how Lynnhan portable TV supplier Payments transforms your online purchases into smooth, effortless experiences.\" \/>\n<meta property=\"og:url\" content=\"https:\/\/lynnhan.com\/lt\/mokejimai\/\" \/>\n<meta property=\"og:site_name\" content=\"Lynnhan - Trusted Supplier | LED\/OLED\/LCD\/E-paper digital signages\" \/>\n<meta property=\"article:modified_time\" content=\"2024-12-18T10:25:48+00:00\" \/>\n<meta property=\"og:image\" content=\"https:\/\/pub-78925c7bf9ca4c6d820df8293a5c116c.r2.dev\/2024\/12\/payments-2.webp\" \/>\n<meta name=\"twitter:card\" content=\"summary_large_image\" \/>\n<meta name=\"twitter:label1\" content=\"Est. reading time\" \/>\n\t<meta name=\"twitter:data1\" content=\"2 minut\u0117s\" \/>\n<script type=\"application\/ld+json\" class=\"yoast-schema-graph\">{\"@context\":\"https:\/\/schema.org\",\"@graph\":[{\"@type\":\"WebPage\",\"@id\":\"https:\/\/lynnhan.com\/payments\/\",\"url\":\"https:\/\/lynnhan.com\/payments\/\",\"name\":\"Payments: Lynnhan portable TV supplier\",\"isPartOf\":{\"@id\":\"https:\/\/lynnhan.com\/km\/#website\"},\"primaryImageOfPage\":{\"@id\":\"https:\/\/lynnhan.com\/payments\/#primaryimage\"},\"image\":{\"@id\":\"https:\/\/lynnhan.com\/payments\/#primaryimage\"},\"thumbnailUrl\":\"https:\/\/pub-78925c7bf9ca4c6d820df8293a5c116c.r2.dev\/2024\/12\/payments-2.webp\",\"datePublished\":\"2024-02-27T08:28:56+00:00\",\"dateModified\":\"2024-12-18T10:25:48+00:00\",\"description\":\"Discover how Lynnhan portable TV supplier Payments transforms your online purchases into smooth, effortless experiences.\",\"breadcrumb\":{\"@id\":\"https:\/\/lynnhan.com\/payments\/#breadcrumb\"},\"inLanguage\":\"lt-LT\",\"potentialAction\":[{\"@type\":\"ReadAction\",\"target\":[\"https:\/\/lynnhan.com\/payments\/\"]}]},{\"@type\":\"ImageObject\",\"inLanguage\":\"lt-LT\",\"@id\":\"https:\/\/lynnhan.com\/payments\/#primaryimage\",\"url\":\"https:\/\/pub-78925c7bf9ca4c6d820df8293a5c116c.r2.dev\/2024\/12\/payments-2.webp\",\"contentUrl\":\"https:\/\/pub-78925c7bf9ca4c6d820df8293a5c116c.r2.dev\/2024\/12\/payments-2.webp\"},{\"@type\":\"BreadcrumbList\",\"@id\":\"https:\/\/lynnhan.com\/payments\/#breadcrumb\",\"itemListElement\":[{\"@type\":\"ListItem\",\"position\":1,\"name\":\"Home\",\"item\":\"https:\/\/lynnhan.com\/\"},{\"@type\":\"ListItem\",\"position\":2,\"name\":\"Payments\"}]},{\"@type\":\"WebSite\",\"@id\":\"https:\/\/lynnhan.com\/km\/#website\",\"url\":\"https:\/\/lynnhan.com\/km\/\",\"name\":\"Lynnhan - Trusted Supplier | LED\/OLED\/LCD\/E-paper digital signages\",\"description\":\"Lynnhan - Trusted Supplier |  LED\/OLED\/LCD\/E-paper digital signages\",\"publisher\":{\"@id\":\"https:\/\/lynnhan.com\/km\/#organization\"},\"potentialAction\":[{\"@type\":\"SearchAction\",\"target\":{\"@type\":\"EntryPoint\",\"urlTemplate\":\"https:\/\/lynnhan.com\/km\/?s={search_term_string}\"},\"query-input\":{\"@type\":\"PropertyValueSpecification\",\"valueRequired\":true,\"valueName\":\"search_term_string\"}}],\"inLanguage\":\"lt-LT\"},{\"@type\":\"Organization\",\"@id\":\"https:\/\/lynnhan.com\/km\/#organization\",\"name\":\"Lynnhan - Trusted Supplier | LED\/OLED\/LCD\/E-paper digital signages\",\"url\":\"https:\/\/lynnhan.com\/km\/\",\"logo\":{\"@type\":\"ImageObject\",\"inLanguage\":\"lt-LT\",\"@id\":\"https:\/\/lynnhan.com\/km\/#\/schema\/logo\/image\/\",\"url\":\"https:\/\/pub-78925c7bf9ca4c6d820df8293a5c116c.r2.dev\/2024\/07\/LynnHan-logo3.png\",\"contentUrl\":\"https:\/\/pub-78925c7bf9ca4c6d820df8293a5c116c.r2.dev\/2024\/07\/LynnHan-logo3.png\",\"width\":390,\"height\":130,\"caption\":\"Lynnhan - Trusted Supplier | LED\/OLED\/LCD\/E-paper digital signages\"},\"image\":{\"@id\":\"https:\/\/lynnhan.com\/km\/#\/schema\/logo\/image\/\"}}]}<\/script>\n<!-- \/ Yoast SEO plugin. -->","yoast_head_json":{"title":"Mok\u0117jimai: Lynnhan mobiliojo TV tiek\u0117jas","description":"Atraskite, kaip Lynnhan mobilusiojo TV tiek\u0117jo Mok\u0117jimai transformuoja j\u016bs\u0173 internetin\u0117s pirkim\u0173 \u012f lengvus, beveik automatin\u012f patirt\u012f.","robots":{"index":"index","follow":"follow","max-snippet":"max-snippet:-1","max-image-preview":"max-image-preview:large","max-video-preview":"max-video-preview:-1"},"canonical":"https:\/\/lynnhan.com\/lt\/mokejimai\/","og_locale":"lt_LT","og_type":"article","og_title":"Payments: Lynnhan portable TV supplier","og_description":"Discover how Lynnhan portable TV supplier Payments transforms your online purchases into smooth, effortless experiences.","og_url":"https:\/\/lynnhan.com\/lt\/mokejimai\/","og_site_name":"Lynnhan - Trusted Supplier | LED\/OLED\/LCD\/E-paper digital signages","article_modified_time":"2024-12-18T10:25:48+00:00","og_image":[{"url":"https:\/\/pub-78925c7bf9ca4c6d820df8293a5c116c.r2.dev\/2024\/12\/payments-2.webp","type":"","width":"","height":""}],"twitter_card":"summary_large_image","twitter_misc":{"Est. reading time":"2 minut\u0117s"},"schema":{"@context":"https:\/\/schema.org","@graph":[{"@type":"WebPage","@id":"https:\/\/lynnhan.com\/payments\/","url":"https:\/\/lynnhan.com\/payments\/","name":"Mok\u0117jimai: Lynnhan mobiliojo TV tiek\u0117jas","isPartOf":{"@id":"https:\/\/lynnhan.com\/km\/#website"},"primaryImageOfPage":{"@id":"https:\/\/lynnhan.com\/payments\/#primaryimage"},"image":{"@id":"https:\/\/lynnhan.com\/payments\/#primaryimage"},"thumbnailUrl":"https:\/\/pub-78925c7bf9ca4c6d820df8293a5c116c.r2.dev\/2024\/12\/payments-2.webp","datePublished":"2024-02-27T08:28:56+00:00","dateModified":"2024-12-18T10:25:48+00:00","description":"Atraskite, kaip Lynnhan mobilusiojo TV tiek\u0117jo Mok\u0117jimai transformuoja j\u016bs\u0173 internetin\u0117s pirkim\u0173 \u012f lengvus, beveik automatin\u012f patirt\u012f.","breadcrumb":{"@id":"https:\/\/lynnhan.com\/payments\/#breadcrumb"},"inLanguage":"lt-LT","potentialAction":[{"@type":"ReadAction","target":["https:\/\/lynnhan.com\/payments\/"]}]},{"@type":"ImageObject","inLanguage":"lt-LT","@id":"https:\/\/lynnhan.com\/payments\/#primaryimage","url":"https:\/\/pub-78925c7bf9ca4c6d820df8293a5c116c.r2.dev\/2024\/12\/payments-2.webp","contentUrl":"https:\/\/pub-78925c7bf9ca4c6d820df8293a5c116c.r2.dev\/2024\/12\/payments-2.webp"},{"@type":"BreadcrumbList","@id":"https:\/\/lynnhan.com\/payments\/#breadcrumb","itemListElement":[{"@type":"ListItem","position":1,"name":"Home","item":"https:\/\/lynnhan.com\/"},{"@type":"ListItem","position":2,"name":"Payments"}]},{"@type":"WebSite","@id":"https:\/\/lynnhan.com\/km\/#website","url":"https:\/\/lynnhan.com\/km\/","name":"Lynnhan - Patikimas tiek\u0117jas | LED\/OLED\/LCD\/E-paper skaidr\u0117s rodykl\u0117s","description":"Lynnhan - Patikimas tiek\u0117jas | LED\/OLED\/LCD\/E-paper skaidr\u0117s reklamos \u0161ildymas","publisher":{"@id":"https:\/\/lynnhan.com\/km\/#organization"},"potentialAction":[{"@type":"SearchAction","target":{"@type":"EntryPoint","urlTemplate":"https:\/\/lynnhan.com\/km\/?s={search_term_string}"},"query-input":{"@type":"PropertyValueSpecification","valueRequired":true,"valueName":"search_term_string"}}],"inLanguage":"lt-LT"},{"@type":"Organization","@id":"https:\/\/lynnhan.com\/km\/#organization","name":"Lynnhan - Patikimas tiek\u0117jas | LED\/OLED\/LCD\/E-paper skaidr\u0117s rodykl\u0117s","url":"https:\/\/lynnhan.com\/km\/","logo":{"@type":"ImageObject","inLanguage":"lt-LT","@id":"https:\/\/lynnhan.com\/km\/#\/schema\/logo\/image\/","url":"https:\/\/pub-78925c7bf9ca4c6d820df8293a5c116c.r2.dev\/2024\/07\/LynnHan-logo3.png","contentUrl":"https:\/\/pub-78925c7bf9ca4c6d820df8293a5c116c.r2.dev\/2024\/07\/LynnHan-logo3.png","width":390,"height":130,"caption":"Lynnhan - Trusted Supplier | LED\/OLED\/LCD\/E-paper digital signages"},"image":{"@id":"https:\/\/lynnhan.com\/km\/#\/schema\/logo\/image\/"}}]}},"jetpack_sharing_enabled":true,"_links":{"self":[{"href":"https:\/\/lynnhan.com\/lt\/wp-json\/wp\/v2\/pages\/535","targetHints":{"allow":["GET"]}}],"collection":[{"href":"https:\/\/lynnhan.com\/lt\/wp-json\/wp\/v2\/pages"}],"about":[{"href":"https:\/\/lynnhan.com\/lt\/wp-json\/wp\/v2\/types\/page"}],"author":[{"embeddable":true,"href":"https:\/\/lynnhan.com\/lt\/wp-json\/wp\/v2\/users\/1"}],"replies":[{"embeddable":true,"href":"https:\/\/lynnhan.com\/lt\/wp-json\/wp\/v2\/comments?post=535"}],"version-history":[{"count":0,"href":"https:\/\/lynnhan.com\/lt\/wp-json\/wp\/v2\/pages\/535\/revisions"}],"wp:attachment":[{"href":"https:\/\/lynnhan.com\/lt\/wp-json\/wp\/v2\/media?parent=535"}],"curies":[{"name":"wp","href":"https:\/\/api.w.org\/{rel}","templated":true}]}}