{"id":488,"date":"2024-02-26T13:50:42","date_gmt":"2024-02-26T13:50:42","guid":{"rendered":"https:\/\/lynnhan.com\/?page_id=488"},"modified":"2025-02-12T14:58:52","modified_gmt":"2025-02-12T14:58:52","slug":"oem-2","status":"publish","type":"page","link":"https:\/\/lynnhan.com\/lt\/oem-2\/","title":{"rendered":"OEM\/ODM"},"content":{"rendered":"<div data-elementor-type=\"wp-page\" data-elementor-id=\"488\" class=\"elementor elementor-488\" data-elementor-post-type=\"page\">\n\t\t\t\t<div class=\"elementor-element elementor-element-dd1a2fb e-flex e-con-boxed e-con e-parent\" data-id=\"dd1a2fb\" data-element_type=\"container\">\n\t\t\t\t\t<div class=\"e-con-inner\">\n\t\t\t\t<div class=\"elementor-element elementor-element-712df76 elementor-widget elementor-widget-image\" data-id=\"712df76\" data-element_type=\"widget\" data-widget_type=\"image.default\">\n\t\t\t\t<div class=\"elementor-widget-container\">\n\t\t\t\t\t\t\t\t\t\t\t\t\t\t\t<img fetchpriority=\"high\" decoding=\"async\" width=\"1536\" height=\"768\" src=\"https:\/\/pub-78925c7bf9ca4c6d820df8293a5c116c.r2.dev\/2024\/12\/OEM.webp\" class=\"attachment-full size-full wp-image-3273\" alt=\"Visk\u0105 vienoje LED OEM\/ODM\" srcset=\"https:\/\/pub-78925c7bf9ca4c6d820df8293a5c116c.r2.dev\/2024\/12\/OEM.webp 1536w, https:\/\/pub-78925c7bf9ca4c6d820df8293a5c116c.r2.dev\/2024\/12\/OEM-700x350.webp 700w, https:\/\/pub-78925c7bf9ca4c6d820df8293a5c116c.r2.dev\/2024\/12\/OEM-1024x512.webp 1024w, https:\/\/pub-78925c7bf9ca4c6d820df8293a5c116c.r2.dev\/2024\/12\/OEM-768x384.webp 768w, https:\/\/pub-78925c7bf9ca4c6d820df8293a5c116c.r2.dev\/2024\/12\/OEM-18x9.webp 18w, https:\/\/pub-78925c7bf9ca4c6d820df8293a5c116c.r2.dev\/2024\/12\/OEM-1140x570.webp 1140w, https:\/\/pub-78925c7bf9ca4c6d820df8293a5c116c.r2.dev\/2024\/12\/OEM-920x460.webp 920w, https:\/\/pub-78925c7bf9ca4c6d820df8293a5c116c.r2.dev\/2024\/12\/OEM-575x288.webp 575w, https:\/\/pub-78925c7bf9ca4c6d820df8293a5c116c.r2.dev\/2024\/12\/OEM-380x190.webp 380w, https:\/\/pub-78925c7bf9ca4c6d820df8293a5c116c.r2.dev\/2024\/12\/OEM-1320x660.webp 1320w, https:\/\/pub-78925c7bf9ca4c6d820df8293a5c116c.r2.dev\/2024\/12\/OEM-800x400.webp 800w\" sizes=\"(max-width: 1536px) 100vw, 1536px\" \/>\t\t\t\t\t\t\t\t\t\t\t\t\t\t\t<\/div>\n\t\t\t\t<\/div>\n\t\t\t\t\t<\/div>\n\t\t\t\t<\/div>\n\t\t<div class=\"elementor-element elementor-element-d08357e e-flex e-con-boxed e-con e-parent\" data-id=\"d08357e\" data-element_type=\"container\">\n\t\t\t\t\t<div class=\"e-con-inner\">\n\t\t\t\t<div class=\"elementor-element elementor-element-c08653a elementor-widget elementor-widget-text-editor\" data-id=\"c08653a\" data-element_type=\"widget\" data-widget_type=\"text-editor.default\">\n\t\t\t\t<div class=\"elementor-widget-container\">\n\t\t\t\t\t\t\t\t\t<p><strong>1. Introdukcija<\/strong><br \/>2. Lynnhan yra pasiruo\u0161tas teikti inovatyvius smarku technologijos sprendimus, tinkan\u010dius klient\u0173 \u012fvairioms reikm\u0117ms. Turint pla\u010di\u0105 pramon\u0117s patirt\u012f, mes pasi\u016bnaujame piln\u0105 Original Equipment Manufacturer (OEM) ir Original Design Manufacturer (ODM) paslaugas. M\u016bs\u0173 tikslas yra stiprinti j\u016bs\u0173 versl\u0105, k\u016br\u0117mus tinkamas produktus, atitinkan\u010dius j\u016bs\u0173 brando identitetei ir rinkos reikalavimams.<\/p><article data-content=\"[{&quot;type&quot;:&quot;block&quot;,&quot;id&quot;:&quot;YAEu-1734512910116&quot;,&quot;name&quot;:&quot;heading&quot;,&quot;data&quot;:{&quot;level&quot;:&quot;h4&quot;,&quot;style&quot;:{},&quot;version&quot;:1},&quot;nodes&quot;:[{&quot;type&quot;:&quot;text&quot;,&quot;id&quot;:&quot;ZRIf-1734512910115&quot;,&quot;leaves&quot;:[{&quot;text&quot;:&quot;Our\u00a0OEM\/ODM\u00a0Services\u00a0Include:&quot;,&quot;marks&quot;:[{&quot;type&quot;:&quot;bold&quot;}]}]}],&quot;state&quot;:{}},{&quot;type&quot;:&quot;block&quot;,&quot;id&quot;:&quot;Ow4S-1734512910454&quot;,&quot;name&quot;:&quot;list-item&quot;,&quot;data&quot;:{&quot;listId&quot;:&quot;m1A3-1734512910477&quot;,&quot;listLevel&quot;:1,&quot;listType&quot;:&quot;unordered&quot;,&quot;style&quot;:{},&quot;version&quot;:1},&quot;nodes&quot;:[{&quot;type&quot;:&quot;text&quot;,&quot;id&quot;:&quot;5NBx-1734512910453&quot;,&quot;leaves&quot;:[{&quot;text&quot;:&quot;Custom\u00a0Product\u00a0Design:&quot;,&quot;marks&quot;:[]}]}],&quot;state&quot;:{&quot;index&quot;:1}},{&quot;type&quot;:&quot;block&quot;,&quot;id&quot;:&quot;sLcA-1734512910458&quot;,&quot;name&quot;:&quot;paragraph&quot;,&quot;data&quot;:{&quot;style&quot;:{},&quot;version&quot;:1},&quot;nodes&quot;:[{&quot;type&quot;:&quot;text&quot;,&quot;id&quot;:&quot;i0uu-1734512910457&quot;,&quot;leaves&quot;:[{&quot;text&quot;:&quot;We\u00a0work\u00a0closely\u00a0with\u00a0you\u00a0to\u00a0design\u00a0LED\u00a0display\u00a0solutions\u00a0that\u00a0reflect\u00a0your\u00a0brand\u2019s\u00a0vision,\u00a0ensuring\u00a0that\u00a0each\u00a0product\u00a0is\u00a0crafted\u00a0to\u00a0your\u00a0specifications.\u00a0Whether\u00a0it's\u00a0the\u00a0&quot;,&quot;marks&quot;:[]},{&quot;text&quot;:&quot;design\u00a0aesthetics&quot;,&quot;marks&quot;:[{&quot;type&quot;:&quot;bold&quot;}]},{&quot;text&quot;:&quot;\u00a0or\u00a0the\u00a0&quot;,&quot;marks&quot;:[]},{&quot;text&quot;:&quot;functional\u00a0features&quot;,&quot;marks&quot;:[{&quot;type&quot;:&quot;bold&quot;}]},{&quot;text&quot;:&quot;,\u00a0we\u00a0offer\u00a0full\u00a0customization\u00a0to\u00a0meet\u00a0your\u00a0requirements.&quot;,&quot;marks&quot;:[]}]}],&quot;state&quot;:{}},{&quot;type&quot;:&quot;block&quot;,&quot;id&quot;:&quot;3bPh-1734512910460&quot;,&quot;name&quot;:&quot;list-item&quot;,&quot;data&quot;:{&quot;listId&quot;:&quot;m1A3-1734512910477&quot;,&quot;listLevel&quot;:1,&quot;listType&quot;:&quot;unordered&quot;,&quot;style&quot;:{},&quot;version&quot;:1},&quot;nodes&quot;:[{&quot;type&quot;:&quot;text&quot;,&quot;id&quot;:&quot;G70j-1734512910459&quot;,&quot;leaves&quot;:[{&quot;text&quot;:&quot;Tailored\u00a0Technology\u00a0Integration:&quot;,&quot;marks&quot;:[]}]}],&quot;state&quot;:{&quot;index&quot;:2}},{&quot;type&quot;:&quot;block&quot;,&quot;id&quot;:&quot;wZOR-1734512910464&quot;,&quot;name&quot;:&quot;paragraph&quot;,&quot;data&quot;:{&quot;style&quot;:{},&quot;version&quot;:1},&quot;nodes&quot;:[{&quot;type&quot;:&quot;text&quot;,&quot;id&quot;:&quot;YnQc-1734512910463&quot;,&quot;leaves&quot;:[{&quot;text&quot;:&quot;We\u00a0integrate\u00a0the\u00a0latest\u00a0advancements\u00a0into\u00a0your\u00a0displays.\u00a0Our\u00a0team\u00a0ensures\u00a0seamless\u00a0compatibility\u00a0with\u00a0your\u00a0brand's\u00a0use\u00a0case,\u00a0whether\u00a0it\u2019s\u00a0for\u00a0&quot;,&quot;marks&quot;:[]},{&quot;text&quot;:&quot;digital\u00a0signage&quot;,&quot;marks&quot;:[{&quot;type&quot;:&quot;bold&quot;}]},{&quot;text&quot;:&quot;,\u00a0&quot;,&quot;marks&quot;:[]},{&quot;text&quot;:&quot;corporate\u00a0environments&quot;,&quot;marks&quot;:[{&quot;type&quot;:&quot;bold&quot;}]},{&quot;text&quot;:&quot;,\u00a0or\u00a0&quot;,&quot;marks&quot;:[]},{&quot;text&quot;:&quot;home\u00a0entertainment&quot;,&quot;marks&quot;:[{&quot;type&quot;:&quot;bold&quot;}]},{&quot;text&quot;:&quot;.&quot;,&quot;marks&quot;:[]}]}],&quot;state&quot;:{}},{&quot;type&quot;:&quot;block&quot;,&quot;id&quot;:&quot;W5JU-1734512910466&quot;,&quot;name&quot;:&quot;list-item&quot;,&quot;data&quot;:{&quot;listId&quot;:&quot;m1A3-1734512910477&quot;,&quot;listLevel&quot;:1,&quot;listType&quot;:&quot;unordered&quot;,&quot;style&quot;:{},&quot;version&quot;:1},&quot;nodes&quot;:[{&quot;type&quot;:&quot;text&quot;,&quot;id&quot;:&quot;aybS-1734512910465&quot;,&quot;leaves&quot;:[{&quot;text&quot;:&quot;End-to-End\u00a0Support:&quot;,&quot;marks&quot;:[]}]}],&quot;state&quot;:{&quot;index&quot;:3}},{&quot;type&quot;:&quot;block&quot;,&quot;id&quot;:&quot;sz53-1734512910470&quot;,&quot;name&quot;:&quot;paragraph&quot;,&quot;data&quot;:{&quot;style&quot;:{},&quot;version&quot;:1},&quot;nodes&quot;:[{&quot;type&quot;:&quot;text&quot;,&quot;id&quot;:&quot;IJEZ-1734512910469&quot;,&quot;leaves&quot;:[{&quot;text&quot;:&quot;We\u00a0handle\u00a0everything\u00a0from\u00a0&quot;,&quot;marks&quot;:[]},{&quot;text&quot;:&quot;product\u00a0development&quot;,&quot;marks&quot;:[{&quot;type&quot;:&quot;bold&quot;}]},{&quot;text&quot;:&quot;,\u00a0&quot;,&quot;marks&quot;:[]},{&quot;text&quot;:&quot;prototyping&quot;,&quot;marks&quot;:[{&quot;type&quot;:&quot;bold&quot;}]},{&quot;text&quot;:&quot;,\u00a0&quot;,&quot;marks&quot;:[]},{&quot;text&quot;:&quot;manufacturing&quot;,&quot;marks&quot;:[{&quot;type&quot;:&quot;bold&quot;}]},{&quot;text&quot;:&quot;,\u00a0to\u00a0&quot;,&quot;marks&quot;:[]},{&quot;text&quot;:&quot;quality\u00a0control&quot;,&quot;marks&quot;:[{&quot;type&quot;:&quot;bold&quot;}]},{&quot;text&quot;:&quot;,\u00a0ensuring\u00a0that\u00a0each\u00a0LED\u00a0display\u00a0meets\u00a0our\u00a0high\u00a0standards.\u00a0Our\u00a0dedicated\u00a0support\u00a0team\u00a0is\u00a0here\u00a0to\u00a0assist\u00a0throughout\u00a0the\u00a0entire\u00a0process,\u00a0ensuring\u00a0smooth\u00a0project\u00a0execution.&quot;,&quot;marks&quot;:[]}]}],&quot;state&quot;:{}},{&quot;type&quot;:&quot;block&quot;,&quot;id&quot;:&quot;dAEV-1734512910472&quot;,&quot;name&quot;:&quot;list-item&quot;,&quot;data&quot;:{&quot;listId&quot;:&quot;m1A3-1734512910477&quot;,&quot;listLevel&quot;:1,&quot;listType&quot;:&quot;unordered&quot;,&quot;style&quot;:{},&quot;version&quot;:1},&quot;nodes&quot;:[{&quot;type&quot;:&quot;text&quot;,&quot;id&quot;:&quot;FTXv-1734512910471&quot;,&quot;leaves&quot;:[{&quot;text&quot;:&quot;Global\u00a0Logistics\u00a0&amp;\u00a0Delivery:&quot;,&quot;marks&quot;:[]}]}],&quot;state&quot;:{&quot;index&quot;:4}},{&quot;type&quot;:&quot;block&quot;,&quot;id&quot;:&quot;wQfl-1734512910476&quot;,&quot;name&quot;:&quot;paragraph&quot;,&quot;data&quot;:{&quot;style&quot;:{},&quot;version&quot;:1},&quot;nodes&quot;:[{&quot;type&quot;:&quot;text&quot;,&quot;id&quot;:&quot;YHzv-1734512910475&quot;,&quot;leaves&quot;:[{&quot;text&quot;:&quot;With\u00a0a\u00a0global\u00a0network\u00a0of\u00a0partners\u00a0and\u00a0efficient\u00a0logistics\u00a0solutions,\u00a0we\u00a0deliver\u00a0your\u00a0custom\u00a0products\u00a0on\u00a0time\u00a0and\u00a0in\u00a0full,\u00a0wherever\u00a0you\u00a0are.&quot;,&quot;marks&quot;:[]}]}],&quot;state&quot;:{}}]\"><div id=\"7qwy-1734512988522\"><strong>3. M\u016bs\u0173 OEM\/ODM paslaugos \u012fskaito<\/strong>:<\/div><div><ul><li><strong>4. Tinkinuosius produkt\u0173 dizainus<\/strong>:<br \/>5. Mes daromys su jumis bendradarbiaujame, suk\u016brus LED ekran\u0173 sprendimus, atspind\u0117jansius j\u016bs\u0173 brando vizij\u0105, taip pat u\u017etikrinant, kad kiekvienas produktas yra pagamintas pagal j\u016bs\u0173 specifikacijas. Ar tai b\u016bt\u0173 dizaino estetika ar funkcionalios savyb\u0117s, mes pasi\u016bnaujame piln\u0105 pritaikym\u0105 atitikti j\u016bs\u0173 reikalavimus.<\/li><\/ul><\/div><div><ul><li><strong>6. Tailor-made Technology Integration<\/strong>:<br \/>7. Mes integravame naujausius pasi\u017eymi\u0173 \u012f j\u016bs\u0173 ekranus. M\u016bs\u0173 komanda u\u017etikrina ger\u0105 suderinamum\u0105 su j\u016bs\u0173 brandos naudojimo atvejais, ar tai b\u016bt\u0173 digitali reklama, korporatyvi aplinka ar nam\u0173 pramogoms.<\/li><\/ul><\/div><div><ul><li><strong>8. Visi\u0161kas palaikymas<\/strong>:<br \/>9. Mes apdaruojame visk\u0105 nuo produkt\u0173 k\u016brimo, prototipo suk\u016brimo, gamybos iki kokyb\u0117s kontrol\u0117s, u\u017etikrinant, kad kiekvienas LED ekranas atitinka m\u016bs\u0173 auk\u0161\u010diausius standartus. M\u016bs\u0173 palaikymo komanda yra \u010dia, norint pagalb\u0117ti per vis\u0105 proces\u0105, u\u017etikrinant skaidr\u0173 projekt\u0173 vykdym\u0105.<\/li><\/ul><\/div><div><ul><li><strong>10. Globalus logistika ir pristatymas<\/strong>:<br \/>11. Su pasaulin\u0117s tinkleto partneriais ir efikas\u0117mis logistikos sprendimais mes pristatome j\u016bs\u0173 tinkamus produktus laikytomai ir pilnai, kur nors esate.<\/li><\/ul><\/div><\/article><p><strong>12. Kad pasirinktum\u0117te Lynnhano OEM\/ODM paslaugas?<\/strong><\/p><ul><li><strong>13. Ekspertas ir inovacija<\/strong>14. : Su daugiau nei de\u0161imtme\u010diu smarku technologijos pramon\u0117je, Lynnhan prisideda daugyb\u0119 \u017einios ir inovacijos kult\u016br\u0105 kiekvienam projektui.<\/li><li><strong>15. Kokyb\u0117s \u012fgyvendinimas<\/strong>16. : M\u016bs\u0173 kokyb\u0117s komitemento yra matomas kiekviename m\u016bs\u0173 gamytoje produkte. Mes laikom\u0117s stipriai kokyb\u0117s kontrol\u0117s procesais, u\u017etikrinant, kad kiekvienas produktas atitinka arba vir\u0161ija pramon\u0117s standartus.<\/li><li><strong>17. Gamyb\u0117s sprendimai<\/strong>18. : Suprantant, kad kiekvienas klientas turi unikalius reikalavimus, mes pasi\u016bnaujame l\u0117tus OEM\/ODM paslaugas, pritaikytas \u012fvairioms reikalavimams ir biud\u017eetams.<\/li><li><strong>19. Laikomas pristatymas<\/strong>20. : M\u016bs\u0173 efektyvi\u0173j\u0173 gamybos proces\u0173 ir stiprojo tiekimo grandin\u0117s valdymo pagalba mes u\u017etikinam laikom\u0105 pristatym\u0105 j\u016bs\u0173 produktams, pagalb\u0117damas jums grei\u010diau pasiekti rink\u0105.<\/li><\/ul><p><strong>21. Prad\u0117ti naudotis Lynnhano OEM\/ODM pasla<\/strong><\/p><ol><li><strong>Consultation<\/strong>: Contact us to schedule a consultation. During this meeting, we will discuss your project requirements, target market, and objectives.<\/li><li><strong>Proposal<\/strong>: Based on the initial consultation, our team will provide a detailed proposal outlining the project scope, timeline, and cost.<\/li><li><strong>Design and Prototyping<\/strong>: Once the proposal is approved, we move on to the design and prototyping phase, where your ideas begin to take shape.<\/li><li><strong>Manufacturing<\/strong>: After prototype approval, we proceed with manufacturing, ensuring every product is built to specifications.<\/li><li><strong>Quality Control and Delivery<\/strong>: M\u016bs\u0173 kokyb\u0117s kontrol\u0117s komanda i\u0161 tikr\u0173j\u0173 testuoja kiekvien\u0105 produkt\u0105 prie\u0161 pristatym\u0105, u\u017etikrinant, kad jis atitinka j\u016bs\u0173 bei m\u016bs\u0173 standartus.<\/li><\/ol><p><strong>Kontaktuokite mus<\/strong><br \/>Nor\u0117dami i\u0161vengti, kaip Lynnhan\u2019s OEM\/ODM tarnybos gali pasirinkti j\u016bs\u0173 versl\u0105, susisiekite su mumis. Mes labai norime bendradarbiuotis su jumis, norint perduoti j\u016bs\u0173 vizij\u0105 gyvybei.<\/p><ul><li><strong>El. pa\u0161tas<\/strong>: sales@lynnhan.com<\/li><li><strong>Telefonas\/whatsapp<\/strong>: +86 189 2843 1537<\/li><li><strong>Kontakt\u0173 forma<\/strong>: Aplankykite m\u016bs\u0173 tinklalapio puslap\u012f <a href=\"https:\/\/xinxiangt.sg-host.com\/sales-inquiry\/\"><strong><em>Pardavim\u0173 u\u017eklausa<\/em><\/strong><\/a> tiesiogiai pateikti u\u017eklaus\u0105.<\/li><\/ul><p>Lynnhan komanda yra \u012fsitikinusi, kad trukdamos palaikomos partneryst\u0117s su klientais, tiekiant patikimas, inovatyvas ir auk\u0161to kokyb\u0117s OEM\/ODM tarnybas. Susipa\u017einkime, norint sukurti smarkesnes technologijas, kuri\u0173 pagalba pasiekti s\u0117km\u0119.<\/p>\t\t\t\t\t\t\t\t<\/div>\n\t\t\t\t<\/div>\n\t\t\t\t\t<\/div>\n\t\t\t\t<\/div>\n\t\t\t\t<\/div>","protected":false},"excerpt":{"rendered":"<p>IntroductionLynnhan is dedicated to providing innovative smart technology solutions tailored to meet the diverse needs of our clients. With extensive experience in the industry, we offer comprehensive Original Equipment Manufacturer [\u2026]<\/p>","protected":false},"author":1,"featured_media":0,"parent":0,"menu_order":0,"comment_status":"closed","ping_status":"closed","template":"","meta":{"footnotes":""},"class_list":["post-488","page","type-page","status-publish","hentry"],"yoast_head":"<!-- This site is optimized with the Yoast SEO plugin v26.6 - https:\/\/yoast.com\/wordpress\/plugins\/seo\/ -->\n<title>OEM\/ODM Services - Lynnhan Interactive display supplier<\/title>\n<meta name=\"description\" content=\"Lynnhan Interactive display supplier-Discover how OEM\/ODM services can elevate your product quality and innovation.\" \/>\n<meta name=\"robots\" content=\"index, follow, max-snippet:-1, max-image-preview:large, max-video-preview:-1\" \/>\n<link rel=\"canonical\" href=\"https:\/\/lynnhan.com\/lt\/oem-2\/\" \/>\n<meta property=\"og:locale\" content=\"lt_LT\" \/>\n<meta property=\"og:type\" content=\"article\" \/>\n<meta property=\"og:title\" content=\"OEM\/ODM Services - Lynnhan Interactive display supplier\" \/>\n<meta property=\"og:description\" content=\"Lynnhan Interactive display supplier-Discover how OEM\/ODM services can elevate your product quality and innovation.\" \/>\n<meta property=\"og:url\" content=\"https:\/\/lynnhan.com\/lt\/oem-2\/\" \/>\n<meta property=\"og:site_name\" content=\"Lynnhan - Trusted Supplier | LED\/OLED\/LCD\/E-paper digital signages\" \/>\n<meta property=\"article:modified_time\" content=\"2025-02-12T14:58:52+00:00\" \/>\n<meta property=\"og:image\" content=\"https:\/\/pub-78925c7bf9ca4c6d820df8293a5c116c.r2.dev\/2024\/12\/OEM.webp\" \/>\n<meta name=\"twitter:card\" content=\"summary_large_image\" \/>\n<meta name=\"twitter:label1\" content=\"Est. reading time\" \/>\n\t<meta name=\"twitter:data1\" content=\"3 minut\u0117s\" \/>\n<script type=\"application\/ld+json\" class=\"yoast-schema-graph\">{\"@context\":\"https:\/\/schema.org\",\"@graph\":[{\"@type\":\"WebPage\",\"@id\":\"https:\/\/lynnhan.com\/fi\/oem-odm\/\",\"url\":\"https:\/\/lynnhan.com\/fi\/oem-odm\/\",\"name\":\"OEM\/ODM Services - Lynnhan Interactive display supplier\",\"isPartOf\":{\"@id\":\"https:\/\/lynnhan.com\/km\/#website\"},\"primaryImageOfPage\":{\"@id\":\"https:\/\/lynnhan.com\/fi\/oem-odm\/#primaryimage\"},\"image\":{\"@id\":\"https:\/\/lynnhan.com\/fi\/oem-odm\/#primaryimage\"},\"thumbnailUrl\":\"https:\/\/pub-78925c7bf9ca4c6d820df8293a5c116c.r2.dev\/2024\/12\/OEM.webp\",\"datePublished\":\"2024-02-26T13:50:42+00:00\",\"dateModified\":\"2025-02-12T14:58:52+00:00\",\"description\":\"Lynnhan Interactive display supplier-Discover how OEM\/ODM services can elevate your product quality and innovation.\",\"breadcrumb\":{\"@id\":\"https:\/\/lynnhan.com\/fi\/oem-odm\/#breadcrumb\"},\"inLanguage\":\"lt-LT\",\"potentialAction\":[{\"@type\":\"ReadAction\",\"target\":[\"https:\/\/lynnhan.com\/fi\/oem-odm\/\"]}]},{\"@type\":\"ImageObject\",\"inLanguage\":\"lt-LT\",\"@id\":\"https:\/\/lynnhan.com\/fi\/oem-odm\/#primaryimage\",\"url\":\"https:\/\/pub-78925c7bf9ca4c6d820df8293a5c116c.r2.dev\/2024\/12\/OEM.webp\",\"contentUrl\":\"https:\/\/pub-78925c7bf9ca4c6d820df8293a5c116c.r2.dev\/2024\/12\/OEM.webp\"},{\"@type\":\"BreadcrumbList\",\"@id\":\"https:\/\/lynnhan.com\/fi\/oem-odm\/#breadcrumb\",\"itemListElement\":[{\"@type\":\"ListItem\",\"position\":1,\"name\":\"Home\",\"item\":\"https:\/\/lynnhan.com\/\"},{\"@type\":\"ListItem\",\"position\":2,\"name\":\"OEM\/ODM\"}]},{\"@type\":\"WebSite\",\"@id\":\"https:\/\/lynnhan.com\/km\/#website\",\"url\":\"https:\/\/lynnhan.com\/km\/\",\"name\":\"Lynnhan - Trusted Supplier | LED\/OLED\/LCD\/E-paper digital signages\",\"description\":\"Lynnhan - Trusted Supplier |  LED\/OLED\/LCD\/E-paper digital signages\",\"publisher\":{\"@id\":\"https:\/\/lynnhan.com\/km\/#organization\"},\"potentialAction\":[{\"@type\":\"SearchAction\",\"target\":{\"@type\":\"EntryPoint\",\"urlTemplate\":\"https:\/\/lynnhan.com\/km\/?s={search_term_string}\"},\"query-input\":{\"@type\":\"PropertyValueSpecification\",\"valueRequired\":true,\"valueName\":\"search_term_string\"}}],\"inLanguage\":\"lt-LT\"},{\"@type\":\"Organization\",\"@id\":\"https:\/\/lynnhan.com\/km\/#organization\",\"name\":\"Lynnhan - Trusted Supplier | LED\/OLED\/LCD\/E-paper digital signages\",\"url\":\"https:\/\/lynnhan.com\/km\/\",\"logo\":{\"@type\":\"ImageObject\",\"inLanguage\":\"lt-LT\",\"@id\":\"https:\/\/lynnhan.com\/km\/#\/schema\/logo\/image\/\",\"url\":\"https:\/\/pub-78925c7bf9ca4c6d820df8293a5c116c.r2.dev\/2024\/07\/LynnHan-logo3.png\",\"contentUrl\":\"https:\/\/pub-78925c7bf9ca4c6d820df8293a5c116c.r2.dev\/2024\/07\/LynnHan-logo3.png\",\"width\":390,\"height\":130,\"caption\":\"Lynnhan - Trusted Supplier | LED\/OLED\/LCD\/E-paper digital signages\"},\"image\":{\"@id\":\"https:\/\/lynnhan.com\/km\/#\/schema\/logo\/image\/\"}}]}<\/script>\n<!-- \/ Yoast SEO plugin. -->","yoast_head_json":{"title":"OEM\/ODM Paslaugos - Lynnhan Interactive ekran\u0173 tiek\u0117jas","description":"Lynnhan Interactive ekran\u0173 tiek\u0117jas - atraskite, kaip OEM\/ODM tarnybos gali pagerinti j\u016bs\u0173 produkto kokyb\u0119 ir inovacij\u0105.","robots":{"index":"index","follow":"follow","max-snippet":"max-snippet:-1","max-image-preview":"max-image-preview:large","max-video-preview":"max-video-preview:-1"},"canonical":"https:\/\/lynnhan.com\/lt\/oem-2\/","og_locale":"lt_LT","og_type":"article","og_title":"OEM\/ODM Services - Lynnhan Interactive display supplier","og_description":"Lynnhan Interactive display supplier-Discover how OEM\/ODM services can elevate your product quality and innovation.","og_url":"https:\/\/lynnhan.com\/lt\/oem-2\/","og_site_name":"Lynnhan - Trusted Supplier | LED\/OLED\/LCD\/E-paper digital signages","article_modified_time":"2025-02-12T14:58:52+00:00","og_image":[{"url":"https:\/\/pub-78925c7bf9ca4c6d820df8293a5c116c.r2.dev\/2024\/12\/OEM.webp","type":"","width":"","height":""}],"twitter_card":"summary_large_image","twitter_misc":{"Est. reading time":"3 minut\u0117s"},"schema":{"@context":"https:\/\/schema.org","@graph":[{"@type":"WebPage","@id":"https:\/\/lynnhan.com\/fi\/oem-odm\/","url":"https:\/\/lynnhan.com\/fi\/oem-odm\/","name":"OEM\/ODM Paslaugos - Lynnhan Interactive ekran\u0173 tiek\u0117jas","isPartOf":{"@id":"https:\/\/lynnhan.com\/km\/#website"},"primaryImageOfPage":{"@id":"https:\/\/lynnhan.com\/fi\/oem-odm\/#primaryimage"},"image":{"@id":"https:\/\/lynnhan.com\/fi\/oem-odm\/#primaryimage"},"thumbnailUrl":"https:\/\/pub-78925c7bf9ca4c6d820df8293a5c116c.r2.dev\/2024\/12\/OEM.webp","datePublished":"2024-02-26T13:50:42+00:00","dateModified":"2025-02-12T14:58:52+00:00","description":"Lynnhan Interactive ekran\u0173 tiek\u0117jas - atraskite, kaip OEM\/ODM tarnybos gali pagerinti j\u016bs\u0173 produkto kokyb\u0119 ir inovacij\u0105.","breadcrumb":{"@id":"https:\/\/lynnhan.com\/fi\/oem-odm\/#breadcrumb"},"inLanguage":"lt-LT","potentialAction":[{"@type":"ReadAction","target":["https:\/\/lynnhan.com\/fi\/oem-odm\/"]}]},{"@type":"ImageObject","inLanguage":"lt-LT","@id":"https:\/\/lynnhan.com\/fi\/oem-odm\/#primaryimage","url":"https:\/\/pub-78925c7bf9ca4c6d820df8293a5c116c.r2.dev\/2024\/12\/OEM.webp","contentUrl":"https:\/\/pub-78925c7bf9ca4c6d820df8293a5c116c.r2.dev\/2024\/12\/OEM.webp"},{"@type":"BreadcrumbList","@id":"https:\/\/lynnhan.com\/fi\/oem-odm\/#breadcrumb","itemListElement":[{"@type":"ListItem","position":1,"name":"Home","item":"https:\/\/lynnhan.com\/"},{"@type":"ListItem","position":2,"name":"OEM\/ODM"}]},{"@type":"WebSite","@id":"https:\/\/lynnhan.com\/km\/#website","url":"https:\/\/lynnhan.com\/km\/","name":"Lynnhan - Patikimas tiek\u0117jas | LED\/OLED\/LCD\/E-paper skaidr\u0117s rodykl\u0117s","description":"Lynnhan - Patikimas tiek\u0117jas | LED\/OLED\/LCD\/E-paper skaidr\u0117s reklamos \u0161ildymas","publisher":{"@id":"https:\/\/lynnhan.com\/km\/#organization"},"potentialAction":[{"@type":"SearchAction","target":{"@type":"EntryPoint","urlTemplate":"https:\/\/lynnhan.com\/km\/?s={search_term_string}"},"query-input":{"@type":"PropertyValueSpecification","valueRequired":true,"valueName":"search_term_string"}}],"inLanguage":"lt-LT"},{"@type":"Organization","@id":"https:\/\/lynnhan.com\/km\/#organization","name":"Lynnhan - Patikimas tiek\u0117jas | LED\/OLED\/LCD\/E-paper skaidr\u0117s rodykl\u0117s","url":"https:\/\/lynnhan.com\/km\/","logo":{"@type":"ImageObject","inLanguage":"lt-LT","@id":"https:\/\/lynnhan.com\/km\/#\/schema\/logo\/image\/","url":"https:\/\/pub-78925c7bf9ca4c6d820df8293a5c116c.r2.dev\/2024\/07\/LynnHan-logo3.png","contentUrl":"https:\/\/pub-78925c7bf9ca4c6d820df8293a5c116c.r2.dev\/2024\/07\/LynnHan-logo3.png","width":390,"height":130,"caption":"Lynnhan - Trusted Supplier | LED\/OLED\/LCD\/E-paper digital signages"},"image":{"@id":"https:\/\/lynnhan.com\/km\/#\/schema\/logo\/image\/"}}]}},"jetpack_sharing_enabled":true,"_links":{"self":[{"href":"https:\/\/lynnhan.com\/lt\/wp-json\/wp\/v2\/pages\/488","targetHints":{"allow":["GET"]}}],"collection":[{"href":"https:\/\/lynnhan.com\/lt\/wp-json\/wp\/v2\/pages"}],"about":[{"href":"https:\/\/lynnhan.com\/lt\/wp-json\/wp\/v2\/types\/page"}],"author":[{"embeddable":true,"href":"https:\/\/lynnhan.com\/lt\/wp-json\/wp\/v2\/users\/1"}],"replies":[{"embeddable":true,"href":"https:\/\/lynnhan.com\/lt\/wp-json\/wp\/v2\/comments?post=488"}],"version-history":[{"count":0,"href":"https:\/\/lynnhan.com\/lt\/wp-json\/wp\/v2\/pages\/488\/revisions"}],"wp:attachment":[{"href":"https:\/\/lynnhan.com\/lt\/wp-json\/wp\/v2\/media?parent=488"}],"curies":[{"name":"wp","href":"https:\/\/api.w.org\/{rel}","templated":true}]}}