{"id":603,"date":"2024-02-28T03:02:21","date_gmt":"2024-02-28T03:02:21","guid":{"rendered":"https:\/\/lynnhan.com\/?page_id=603"},"modified":"2024-12-18T10:29:55","modified_gmt":"2024-12-18T10:29:55","slug":"xidiqiyanen-hizmete","status":"publish","type":"page","link":"https:\/\/lynnhan.com\/ku\/xidiqiyanen-hizmete\/","title":{"rendered":"\u015eert\u00ean Serbestiy\u00ea"},"content":{"rendered":"<div data-elementor-type=\"wp-page\" data-elementor-id=\"603\" class=\"elementor elementor-603\" data-elementor-post-type=\"page\">\n\t\t\t\t<div class=\"elementor-element elementor-element-15d4236 e-flex e-con-boxed e-con e-parent\" data-id=\"15d4236\" data-element_type=\"container\">\n\t\t\t\t\t<div class=\"e-con-inner\">\n\t\t\t\t<div class=\"elementor-element elementor-element-86e3659 elementor-widget elementor-widget-image\" data-id=\"86e3659\" data-element_type=\"widget\" data-widget_type=\"image.default\">\n\t\t\t\t<div class=\"elementor-widget-container\">\n\t\t\t\t\t\t\t\t\t\t\t\t\t\t\t<img fetchpriority=\"high\" decoding=\"async\" width=\"1456\" height=\"816\" src=\"https:\/\/pub-78925c7bf9ca4c6d820df8293a5c116c.r2.dev\/2024\/12\/Terms-Of-Service.webp\" class=\"attachment-full size-full wp-image-3307\" alt=\"Mijar\u00ean Hizmet\u00ea LED Heftkomplex\" srcset=\"https:\/\/pub-78925c7bf9ca4c6d820df8293a5c116c.r2.dev\/2024\/12\/Terms-Of-Service.webp 1456w, https:\/\/pub-78925c7bf9ca4c6d820df8293a5c116c.r2.dev\/2024\/12\/Terms-Of-Service-700x392.webp 700w, https:\/\/pub-78925c7bf9ca4c6d820df8293a5c116c.r2.dev\/2024\/12\/Terms-Of-Service-1024x574.webp 1024w, https:\/\/pub-78925c7bf9ca4c6d820df8293a5c116c.r2.dev\/2024\/12\/Terms-Of-Service-768x430.webp 768w, https:\/\/pub-78925c7bf9ca4c6d820df8293a5c116c.r2.dev\/2024\/12\/Terms-Of-Service-18x10.webp 18w, https:\/\/pub-78925c7bf9ca4c6d820df8293a5c116c.r2.dev\/2024\/12\/Terms-Of-Service-1140x639.webp 1140w, https:\/\/pub-78925c7bf9ca4c6d820df8293a5c116c.r2.dev\/2024\/12\/Terms-Of-Service-920x516.webp 920w, https:\/\/pub-78925c7bf9ca4c6d820df8293a5c116c.r2.dev\/2024\/12\/Terms-Of-Service-575x322.webp 575w, https:\/\/pub-78925c7bf9ca4c6d820df8293a5c116c.r2.dev\/2024\/12\/Terms-Of-Service-380x213.webp 380w, https:\/\/pub-78925c7bf9ca4c6d820df8293a5c116c.r2.dev\/2024\/12\/Terms-Of-Service-1320x740.webp 1320w, https:\/\/pub-78925c7bf9ca4c6d820df8293a5c116c.r2.dev\/2024\/12\/Terms-Of-Service-800x448.webp 800w\" sizes=\"(max-width: 1456px) 100vw, 1456px\" \/>\t\t\t\t\t\t\t\t\t\t\t\t\t\t\t<\/div>\n\t\t\t\t<\/div>\n\t\t\t\t\t<\/div>\n\t\t\t\t<\/div>\n\t\t<div class=\"elementor-element elementor-element-c870f31 e-flex e-con-boxed e-con e-parent\" data-id=\"c870f31\" data-element_type=\"container\">\n\t\t\t\t\t<div class=\"e-con-inner\">\n\t\t\t\t<div class=\"elementor-element elementor-element-1d30a00 elementor-widget elementor-widget-text-editor\" data-id=\"1d30a00\" data-element_type=\"widget\" data-widget_type=\"text-editor.default\">\n\t\t\t\t<div class=\"elementor-widget-container\">\n\t\t\t\t\t\t\t\t\t<h3>1. Hizmet \u015eartlar\u0131 - Lynnhan<\/h3><p><strong>2. Lynnhan'a ho\u015f geldiniz<\/strong><\/p><p>3. Lynnhan'\u0131 ak\u0131ll\u0131 teknoloji ihtiya\u00e7lar\u0131n\u0131z i\u00e7in se\u00e7ti\u011finiz i\u00e7in te\u015fekk\u00fcr ederiz. Sitemiz, \u00fcr\u00fcnlerimiz ve hizmetlerimizi eri\u015fmek ve kullanmakla, a\u015fa\u011f\u0131daki hizmet \u015fartlar\u0131na ve ko\u015fullar\u0131na uymay\u0131 ve bunlara ba\u011fl\u0131 olmay\u0131 kabul edersiniz. Bu \u015fartlar, t\u00fcm kullan\u0131c\u0131lar, ziyaret\u00e7iler ve hizmete eri\u015fen veya kullanan di\u011fer ki\u015filer i\u00e7in ge\u00e7erlidir. Hizmetlerimizi kullanmadan \u00f6nce bu \u015fartlar\u0131 dikkatlice okuyun.<\/p><p><strong>4. Hizmetlerimizin Kullan\u0131m\u0131<\/strong><\/p><ul><li><strong>5. Yetkinlik<\/strong>6. : Hizmetlerimizi kullanmak i\u00e7in en az 18 ya\u015f\u0131nda olman\u0131z gerekir veya yarg\u0131 yetkisinizde bir gen\u00e7 iseniz, yasal ebeveyn veya velayet izni gerekmektedir.<\/li><li><strong>7. Kullan\u0131m Lisans\u0131<\/strong>8. : Lynnhan, bu Hizmet \u015eartlar\u0131na tabi olarak, ki\u015fisel veya i\u00e7 i\u015fletme ama\u00e7lar\u0131 i\u00e7in hizmetlerimize eri\u015fim ve kullan\u0131m sa\u011flama konusunda size s\u0131n\u0131rl\u0131, \u00f6zel olmayan ve devredilemeyen bir lisans verir.<\/li><li><strong>9. Hesap Kayd\u0131<\/strong>10. : Hizmetlerimizin baz\u0131 y\u00f6nleri, size hesap olu\u015fturman\u0131z\u0131 gerektirir. Hesap bilgilerinizin gizlili\u011fini korumaktan ve hesab\u0131n\u0131z alt\u0131nda ger\u00e7ekle\u015fen t\u00fcm faaliyetlerden sorumlu olmaktan siz sorumlusunuz.<\/li><\/ul><p><strong>11. Yasaklanm\u0131\u015f Davran\u0131\u015flar<\/strong><\/p><p>12. A\u015fa\u011f\u0131daki yasaklanm\u0131\u015f faaliyetlere kat\u0131lmay\u0131 kabul edersiniz:<\/p><ul><li>13. Hizmeti herhangi bir yasad\u0131\u015f\u0131 ama\u00e7 veya yerel, eyalet, ulusal veya uluslararas\u0131 yasaya ayk\u0131r\u0131 olarak kullanmak.<\/li><li>14. Hizmetlerimizin g\u00fcvenli\u011fini ihlal etmek veya ihlal etmeye \u00e7al\u0131\u015fmak.<\/li><li>15. Hizmeti k\u00f6t\u00fc ama\u00e7l\u0131 yaz\u0131l\u0131m veya zararl\u0131 i\u00e7erik da\u011f\u0131tmak i\u00e7in kullanmak.<\/li><li>16. Lynnhan veya \u00fc\u00e7\u00fcnc\u00fc taraf\u0131n telif hakk\u0131 veya m\u00fclkiyet haklar\u0131n\u0131 ihlal etmek.<\/li><\/ul><p><strong>17. Fikir ve Sanat Eserleri<\/strong><\/p><p>18. Hizmetlerimizde sa\u011flanan t\u00fcm i\u00e7erik, metin, grafikler, logolar, resimler ve yaz\u0131l\u0131m da dahil olmak \u00fczere, Lynnhan veya i\u00e7erik sa\u011flay\u0131c\u0131lar\u0131n\u0131n m\u00fclkiyetidir ve uluslararas\u0131 telif hakk\u0131 ve fikir ve sanat eserleri yasalar\u0131yla korunmaktad\u0131r.<\/p><p><strong>19. Kullan\u0131c\u0131 \u0130\u00e7eri\u011fi<\/strong><\/p><p>20. Hizmetlerimizde yay\u0131nlamak, y\u00fcklemek veya ba\u015fka bir \u015fekilde mevcut herhangi bir i\u00e7erik sa\u011flamak suretiyle, Lynnhan'a hizmet sunumuna ba\u011fl\u0131 olarak bu t\u00fcr i\u00e7erikleri kullanma, \u00e7o\u011faltma, de\u011fi\u015ftirme ve g\u00f6sterme i\u00e7in \u00f6zel olmayan, d\u00fcnya \u00e7ap\u0131nda ve \u00fccretsiz bir lisans verirsiniz.<\/p><p><strong>21. Sonland\u0131rma<\/strong><\/p><p>22. Lynnhan, gerekirse, \u00f6nceden bildirim veya sorumluluk olmaks\u0131z\u0131n hizmetlerimize eri\u015fiminizi sonland\u0131rma veya ask\u0131ya alma hakk\u0131n\u0131 sakl\u0131 tutar, bu da Hizmet \u015eartlar\u0131n\u0131n ihlali olas\u0131l\u0131\u011f\u0131n\u0131 i\u00e7ermemektedir.<\/p><p><strong>23. Garanti Reddi<\/strong><\/p><p>24. Hizmetlerimiz \"olmak gibi\" ve \"mevcut gibi\" temelinde sa\u011flanmaktad\u0131r. Lynnhan, a\u00e7\u0131k veya \u00f6rt\u00fcl\u00fc garantilerde bulunmaz ve burada di\u011fer t\u00fcm garantileri, ticari uygunluk, belirli bir amaca uygunluk veya fikir ve sanat eserleri ihlali garantileri dahil olmak \u00fczere reddeder.<\/p><p><strong>25. Sorumluluk S\u0131n\u0131rlamas\u0131<\/strong><\/p><p>26. Lynnhan veya tedarik\u00e7ileri, hizmetlerimizin kullan\u0131m\u0131yla do\u011frudan veya dolayl\u0131, tesad\u00fcfi, \u00f6zel, sonu\u00e7 do\u011furan veya cezai zararlar i\u00e7in herhangi bir sorumluluk ta\u015f\u0131maz.<\/p><p><strong>27. Hizmet \u015eartlar\u0131 De\u011fi\u015fiklikleri<\/strong><\/p><p>28. Lynnhan, kendi takdirine ba\u011fl\u0131 olarak, bu Hizmet \u015eartlar\u0131n\u0131 herhangi bir zamanda de\u011fi\u015ftirme veya de\u011fi\u015ftirme hakk\u0131n\u0131 sakl\u0131 tutar. Herhangi bir \u00f6nemli de\u011fi\u015fiklik hakk\u0131nda bildirim yapar\u0131z. Bu de\u011fi\u015fiklikler y\u00fcr\u00fcrl\u00fc\u011fe girdikten sonra hizmetlerimizi er<\/p><p><strong>Contact Us<\/strong><\/p><p>If you have any questions about these Terms of Service, please contact us at contact@xinxiangt.sg-host.com.<\/p><p><strong>Effective Date: 02.28.2024<br \/><\/strong><\/p><p>Bi serbaz\u00ee kirin an\u00ee \u00fb ser dest\u00fbxan\u00ea dest\u00fbr b\u00ee dest xistin, t\u00eakay\u00eey\u00ea ku tu ew \u00e7avkaniy\u00ean hem\u00fb wek\u00ee v\u00ea Mijar\u00ean Hizmet\u00ea dihew\u00eene, bih\u00eaz\u00ee \u00fb ji bo bindestb\u00fbna wan p\u00eak t\u00ea.<\/p>\t\t\t\t\t\t\t\t<\/div>\n\t\t\t\t<\/div>\n\t\t\t\t\t<\/div>\n\t\t\t\t<\/div>\n\t\t\t\t<\/div>","protected":false},"excerpt":{"rendered":"<p>Terms of Service for Lynnhan Welcome to Lynnhan Thank you for choosing Lynnhan for your smart technology needs. By accessing and using our website, products, and services, you agree to [\u2026]<\/p>","protected":false},"author":1,"featured_media":0,"parent":0,"menu_order":0,"comment_status":"closed","ping_status":"closed","template":"","meta":{"footnotes":""},"class_list":["post-603","page","type-page","status-publish","hentry"],"yoast_head":"<!-- This site is optimized with the Yoast SEO plugin v26.6 - https:\/\/yoast.com\/wordpress\/plugins\/seo\/ -->\n<title>LynnHan Terms of Service: Your Guide to Safe Shopping<\/title>\n<meta name=\"description\" content=\"Fairness and transparency are at the heart of LynnHan&#039;s Terms of Service. Discover how we&#039;re dedicated to your satisfaction.\" \/>\n<meta name=\"robots\" content=\"index, follow, max-snippet:-1, max-image-preview:large, max-video-preview:-1\" \/>\n<link rel=\"canonical\" href=\"https:\/\/lynnhan.com\/ku\/xidiqiyanen-hizmete\/\" \/>\n<meta property=\"og:locale\" content=\"en_US\" \/>\n<meta property=\"og:type\" content=\"article\" \/>\n<meta property=\"og:title\" content=\"LynnHan Terms of Service: Your Guide to Safe Shopping\" \/>\n<meta property=\"og:description\" content=\"Fairness and transparency are at the heart of LynnHan&#039;s Terms of Service. Discover how we&#039;re dedicated to your satisfaction.\" \/>\n<meta property=\"og:url\" content=\"https:\/\/lynnhan.com\/ku\/xidiqiyanen-hizmete\/\" \/>\n<meta property=\"og:site_name\" content=\"Lynnhan - Trusted Supplier | LED\/OLED\/LCD\/E-paper digital signages\" \/>\n<meta property=\"article:modified_time\" content=\"2024-12-18T10:29:55+00:00\" \/>\n<meta property=\"og:image\" content=\"https:\/\/pub-78925c7bf9ca4c6d820df8293a5c116c.r2.dev\/2024\/12\/Terms-Of-Service.webp\" \/>\n<meta name=\"twitter:card\" content=\"summary_large_image\" \/>\n<meta name=\"twitter:label1\" content=\"Est. reading time\" \/>\n\t<meta name=\"twitter:data1\" content=\"3 \u062e\u0648\u0644\u06d5\u06a9\" \/>\n<script type=\"application\/ld+json\" class=\"yoast-schema-graph\">{\"@context\":\"https:\/\/schema.org\",\"@graph\":[{\"@type\":\"WebPage\",\"@id\":\"https:\/\/lynnhan.com\/bo\/terms-of-service\/\",\"url\":\"https:\/\/lynnhan.com\/bo\/terms-of-service\/\",\"name\":\"LynnHan Terms of Service: Your Guide to Safe Shopping\",\"isPartOf\":{\"@id\":\"https:\/\/lynnhan.com\/km\/#website\"},\"primaryImageOfPage\":{\"@id\":\"https:\/\/lynnhan.com\/bo\/terms-of-service\/#primaryimage\"},\"image\":{\"@id\":\"https:\/\/lynnhan.com\/bo\/terms-of-service\/#primaryimage\"},\"thumbnailUrl\":\"https:\/\/pub-78925c7bf9ca4c6d820df8293a5c116c.r2.dev\/2024\/12\/Terms-Of-Service.webp\",\"datePublished\":\"2024-02-28T03:02:21+00:00\",\"dateModified\":\"2024-12-18T10:29:55+00:00\",\"description\":\"Fairness and transparency are at the heart of LynnHan's Terms of Service. Discover how we're dedicated to your satisfaction.\",\"breadcrumb\":{\"@id\":\"https:\/\/lynnhan.com\/bo\/terms-of-service\/#breadcrumb\"},\"inLanguage\":\"ckb\",\"potentialAction\":[{\"@type\":\"ReadAction\",\"target\":[\"https:\/\/lynnhan.com\/bo\/terms-of-service\/\"]}]},{\"@type\":\"ImageObject\",\"inLanguage\":\"ckb\",\"@id\":\"https:\/\/lynnhan.com\/bo\/terms-of-service\/#primaryimage\",\"url\":\"https:\/\/pub-78925c7bf9ca4c6d820df8293a5c116c.r2.dev\/2024\/12\/Terms-Of-Service.webp\",\"contentUrl\":\"https:\/\/pub-78925c7bf9ca4c6d820df8293a5c116c.r2.dev\/2024\/12\/Terms-Of-Service.webp\"},{\"@type\":\"BreadcrumbList\",\"@id\":\"https:\/\/lynnhan.com\/bo\/terms-of-service\/#breadcrumb\",\"itemListElement\":[{\"@type\":\"ListItem\",\"position\":1,\"name\":\"Home\",\"item\":\"https:\/\/lynnhan.com\/\"},{\"@type\":\"ListItem\",\"position\":2,\"name\":\"Terms Of Service\"}]},{\"@type\":\"WebSite\",\"@id\":\"https:\/\/lynnhan.com\/km\/#website\",\"url\":\"https:\/\/lynnhan.com\/km\/\",\"name\":\"Lynnhan - Trusted Supplier | LED\/OLED\/LCD\/E-paper digital signages\",\"description\":\"Lynnhan - Trusted Supplier |  LED\/OLED\/LCD\/E-paper digital signages\",\"publisher\":{\"@id\":\"https:\/\/lynnhan.com\/km\/#organization\"},\"potentialAction\":[{\"@type\":\"SearchAction\",\"target\":{\"@type\":\"EntryPoint\",\"urlTemplate\":\"https:\/\/lynnhan.com\/km\/?s={search_term_string}\"},\"query-input\":{\"@type\":\"PropertyValueSpecification\",\"valueRequired\":true,\"valueName\":\"search_term_string\"}}],\"inLanguage\":\"ckb\"},{\"@type\":\"Organization\",\"@id\":\"https:\/\/lynnhan.com\/km\/#organization\",\"name\":\"Lynnhan - Trusted Supplier | LED\/OLED\/LCD\/E-paper digital signages\",\"url\":\"https:\/\/lynnhan.com\/km\/\",\"logo\":{\"@type\":\"ImageObject\",\"inLanguage\":\"ckb\",\"@id\":\"https:\/\/lynnhan.com\/km\/#\/schema\/logo\/image\/\",\"url\":\"https:\/\/pub-78925c7bf9ca4c6d820df8293a5c116c.r2.dev\/2024\/07\/LynnHan-logo3.png\",\"contentUrl\":\"https:\/\/pub-78925c7bf9ca4c6d820df8293a5c116c.r2.dev\/2024\/07\/LynnHan-logo3.png\",\"width\":390,\"height\":130,\"caption\":\"Lynnhan - Trusted Supplier | LED\/OLED\/LCD\/E-paper digital signages\"},\"image\":{\"@id\":\"https:\/\/lynnhan.com\/km\/#\/schema\/logo\/image\/\"}}]}<\/script>\n<!-- \/ Yoast SEO plugin. -->","yoast_head_json":{"title":"LynnHan Xid\u00eeqiyan\u00ean Hizmet\u00ea: Berhema Xwe\u015fan Pi\u015ftgirin\u00ea","description":"Liqayin \u00fb h\u00eaz\u00eetiy\u00ea navend\u00ea HinHan's Terms of Service ye. J\u00ee berhem\u00ea \u00e7awa berpirs\u00eem ji xwe berhem\u00ea xwe re xwedat\u00eey\u00ea \u00e7\u00eakirin\u00ea tesp\u00eetkirin.","robots":{"index":"index","follow":"follow","max-snippet":"max-snippet:-1","max-image-preview":"max-image-preview:large","max-video-preview":"max-video-preview:-1"},"canonical":"https:\/\/lynnhan.com\/ku\/xidiqiyanen-hizmete\/","og_locale":"en_US","og_type":"article","og_title":"LynnHan Terms of Service: Your Guide to Safe Shopping","og_description":"Fairness and transparency are at the heart of LynnHan's Terms of Service. Discover how we're dedicated to your satisfaction.","og_url":"https:\/\/lynnhan.com\/ku\/xidiqiyanen-hizmete\/","og_site_name":"Lynnhan - Trusted Supplier | LED\/OLED\/LCD\/E-paper digital signages","article_modified_time":"2024-12-18T10:29:55+00:00","og_image":[{"url":"https:\/\/pub-78925c7bf9ca4c6d820df8293a5c116c.r2.dev\/2024\/12\/Terms-Of-Service.webp","type":"","width":"","height":""}],"twitter_card":"summary_large_image","twitter_misc":{"Est. reading time":"3 \u062e\u0648\u0644\u06d5\u06a9"},"schema":{"@context":"https:\/\/schema.org","@graph":[{"@type":"WebPage","@id":"https:\/\/lynnhan.com\/bo\/terms-of-service\/","url":"https:\/\/lynnhan.com\/bo\/terms-of-service\/","name":"LynnHan Xid\u00eeqiyan\u00ean Hizmet\u00ea: Berhema Xwe\u015fan Pi\u015ftgirin\u00ea","isPartOf":{"@id":"https:\/\/lynnhan.com\/km\/#website"},"primaryImageOfPage":{"@id":"https:\/\/lynnhan.com\/bo\/terms-of-service\/#primaryimage"},"image":{"@id":"https:\/\/lynnhan.com\/bo\/terms-of-service\/#primaryimage"},"thumbnailUrl":"https:\/\/pub-78925c7bf9ca4c6d820df8293a5c116c.r2.dev\/2024\/12\/Terms-Of-Service.webp","datePublished":"2024-02-28T03:02:21+00:00","dateModified":"2024-12-18T10:29:55+00:00","description":"Liqayin \u00fb h\u00eaz\u00eetiy\u00ea navend\u00ea HinHan's Terms of Service ye. J\u00ee berhem\u00ea \u00e7awa berpirs\u00eem ji xwe berhem\u00ea xwe re xwedat\u00eey\u00ea \u00e7\u00eakirin\u00ea tesp\u00eetkirin.","breadcrumb":{"@id":"https:\/\/lynnhan.com\/bo\/terms-of-service\/#breadcrumb"},"inLanguage":"ckb","potentialAction":[{"@type":"ReadAction","target":["https:\/\/lynnhan.com\/bo\/terms-of-service\/"]}]},{"@type":"ImageObject","inLanguage":"ckb","@id":"https:\/\/lynnhan.com\/bo\/terms-of-service\/#primaryimage","url":"https:\/\/pub-78925c7bf9ca4c6d820df8293a5c116c.r2.dev\/2024\/12\/Terms-Of-Service.webp","contentUrl":"https:\/\/pub-78925c7bf9ca4c6d820df8293a5c116c.r2.dev\/2024\/12\/Terms-Of-Service.webp"},{"@type":"BreadcrumbList","@id":"https:\/\/lynnhan.com\/bo\/terms-of-service\/#breadcrumb","itemListElement":[{"@type":"ListItem","position":1,"name":"Home","item":"https:\/\/lynnhan.com\/"},{"@type":"ListItem","position":2,"name":"Terms Of Service"}]},{"@type":"WebSite","@id":"https:\/\/lynnhan.com\/km\/#website","url":"https:\/\/lynnhan.com\/km\/","name":"Lynnhan - \u0628\u06d5\u06cc\u0627\u0646\u06cc\u06cc \u06af\u0648\u0631\u0646\u0627\u06cc \u06a9\u0627\u0631\u06af\u0648\u0632\u0627\u0631 | LED\/OLED\/LCD\/E-paper \u062f\u06cc\u062c\u06cc\u062a\u0627\u0644 \u0633\u06af\u0646\u0627\u0698\u200c\u0644\u0627\u0631","description":"Lynnhan - \u062a\u0627\u0631\u0626\u06cc\u0628\u06a9\u0627\u0631\u06cc\u06cc \u062a\u0627\u062e\u062a\u06cc\u0627\u0631 |  \u0646\u06cc\u0634\u0627\u0646\u06af\u06d5 \u062f\u06cc\u062c\u06cc\u062a\u0627\u0644\u06cc LED\/OLED\/LCD\/E-paper","publisher":{"@id":"https:\/\/lynnhan.com\/km\/#organization"},"potentialAction":[{"@type":"SearchAction","target":{"@type":"EntryPoint","urlTemplate":"https:\/\/lynnhan.com\/km\/?s={search_term_string}"},"query-input":{"@type":"PropertyValueSpecification","valueRequired":true,"valueName":"search_term_string"}}],"inLanguage":"ckb"},{"@type":"Organization","@id":"https:\/\/lynnhan.com\/km\/#organization","name":"Lynnhan - \u0628\u06d5\u06cc\u0627\u0646\u06cc\u06cc \u06af\u0648\u0631\u0646\u0627\u06cc \u06a9\u0627\u0631\u06af\u0648\u0632\u0627\u0631 | LED\/OLED\/LCD\/E-paper \u062f\u06cc\u062c\u06cc\u062a\u0627\u0644 \u0633\u06af\u0646\u0627\u0698\u200c\u0644\u0627\u0631","url":"https:\/\/lynnhan.com\/km\/","logo":{"@type":"ImageObject","inLanguage":"ckb","@id":"https:\/\/lynnhan.com\/km\/#\/schema\/logo\/image\/","url":"https:\/\/pub-78925c7bf9ca4c6d820df8293a5c116c.r2.dev\/2024\/07\/LynnHan-logo3.png","contentUrl":"https:\/\/pub-78925c7bf9ca4c6d820df8293a5c116c.r2.dev\/2024\/07\/LynnHan-logo3.png","width":390,"height":130,"caption":"Lynnhan - Trusted Supplier | LED\/OLED\/LCD\/E-paper digital signages"},"image":{"@id":"https:\/\/lynnhan.com\/km\/#\/schema\/logo\/image\/"}}]}},"jetpack_sharing_enabled":true,"_links":{"self":[{"href":"https:\/\/lynnhan.com\/ku\/wp-json\/wp\/v2\/pages\/603","targetHints":{"allow":["GET"]}}],"collection":[{"href":"https:\/\/lynnhan.com\/ku\/wp-json\/wp\/v2\/pages"}],"about":[{"href":"https:\/\/lynnhan.com\/ku\/wp-json\/wp\/v2\/types\/page"}],"author":[{"embeddable":true,"href":"https:\/\/lynnhan.com\/ku\/wp-json\/wp\/v2\/users\/1"}],"replies":[{"embeddable":true,"href":"https:\/\/lynnhan.com\/ku\/wp-json\/wp\/v2\/comments?post=603"}],"version-history":[{"count":0,"href":"https:\/\/lynnhan.com\/ku\/wp-json\/wp\/v2\/pages\/603\/revisions"}],"wp:attachment":[{"href":"https:\/\/lynnhan.com\/ku\/wp-json\/wp\/v2\/media?parent=603"}],"curies":[{"name":"wp","href":"https:\/\/api.w.org\/{rel}","templated":true}]}}