{"id":562,"date":"2024-02-28T01:46:45","date_gmt":"2024-02-28T01:46:45","guid":{"rendered":"https:\/\/lynnhan.com\/?page_id=562"},"modified":"2026-01-06T03:52:39","modified_gmt":"2026-01-06T03:52:39","slug":"%d8%ad%db%87%d8%b1-%d8%af%d9%89%d9%86-%d9%84%d9%89%d9%86%d9%84%d9%89%d9%83%d8%b3%d8%a7%d9%86-%d8%a8%d9%89%d8%b1%d9%89%d9%83%d9%89%d8%b3%d9%89-%d8%aa%d9%89%d8%b1%d9%89%d9%85%d9%89%d8%b4-%d9%83%db%95","status":"publish","type":"page","link":"https:\/\/lynnhan.com\/ku\/%d8%ad%db%87%d8%b1-%d8%af%d9%89%d9%86-%d9%84%d9%89%d9%86%d9%84%d9%89%d9%83%d8%b3%d8%a7%d9%86-%d8%a8%d9%89%d8%b1%d9%89%d9%83%d9%89%d8%b3%d9%89-%d8%aa%d9%89%d8%b1%d9%89%d9%85%d9%89%d8%b4-%d9%83%db%95\/","title":{"rendered":"Derbar\u00ea"},"content":{"rendered":"<p>Li Lynnhan Interative Display Factory de, bir yek ji boznas\u00ee: wek\u00ee teknolojiya n\u00fbve\u00e7\u00fbn\u00ea ji bo gi\u015ft\u00eena j\u00eena \u00fb kar\u00ea wek\u00ee dewlet\u00ea. Bi dest\u00fbra \u00e7arde sal\u00ee sererast\u00ee ya di berhem\u00ean teknolojiya zek\u00ee de, em ser bi ser\u00ee bi avakirin \u00fb bi r\u00eabaz\u00ee dan\u00eena berhem\u00ean h\u00eaviy\u00ean er\u00eankir\u00eey\u00ea b\u00fbn ku bizan\u00een \u00fb jiyan\u00ean mirovan\u00ea berenger bikin.<\/p>\n\n\n<p><\/p>","protected":false},"excerpt":{"rendered":"<p>At Lynnhan Interative Display Factory, we are driven by a single mission: to revolutionize the way you live and work through innovative technology. With over a decade of expertise in [\u2026]<\/p>","protected":false},"author":1,"featured_media":0,"parent":0,"menu_order":0,"comment_status":"closed","ping_status":"closed","template":"","meta":{"footnotes":""},"class_list":["post-562","page","type-page","status-publish","hentry"],"yoast_head":"<!-- This site is optimized with the Yoast SEO plugin v26.6 - https:\/\/yoast.com\/wordpress\/plugins\/seo\/ -->\n<title>About - Lynnhan Interactive Display Factory<\/title>\n<meta name=\"description\" content=\"About Lynnhan-We are a reliable Interactive Display factory Of smart boards, portable TVs, smart touch screens, smart portable projectors,etc\" \/>\n<meta name=\"robots\" content=\"index, follow, max-snippet:-1, max-image-preview:large, max-video-preview:-1\" \/>\n<link rel=\"canonical\" href=\"https:\/\/lynnhan.com\/ku\/\u062d\u06c7\u0631-\u062f\u0649\u0646-\u0644\u0649\u0646\u0644\u0649\u0643\u0633\u0627\u0646-\u0628\u0649\u0631\u0649\u0643\u0649\u0633\u0649-\u062a\u0649\u0631\u0649\u0645\u0649\u0634-\u0643\u06d5\/\" \/>\n<meta property=\"og:locale\" content=\"en_US\" \/>\n<meta property=\"og:type\" content=\"article\" \/>\n<meta property=\"og:title\" content=\"About - Lynnhan Interactive Display Factory\" \/>\n<meta property=\"og:description\" content=\"About Lynnhan-We are a reliable Interactive Display factory Of smart boards, portable TVs, smart touch screens, smart portable projectors,etc\" \/>\n<meta property=\"og:url\" content=\"https:\/\/lynnhan.com\/ku\/\u062d\u06c7\u0631-\u062f\u0649\u0646-\u0644\u0649\u0646\u0644\u0649\u0643\u0633\u0627\u0646-\u0628\u0649\u0631\u0649\u0643\u0649\u0633\u0649-\u062a\u0649\u0631\u0649\u0645\u0649\u0634-\u0643\u06d5\/\" \/>\n<meta property=\"og:site_name\" content=\"Lynnhan - Trusted Supplier | LED\/OLED\/LCD\/E-paper digital signages\" \/>\n<meta property=\"article:modified_time\" content=\"2026-01-06T03:52:39+00:00\" \/>\n<meta name=\"twitter:card\" content=\"summary_large_image\" \/>\n<meta name=\"twitter:label1\" content=\"Est. reading time\" \/>\n\t<meta name=\"twitter:data1\" content=\"1 \u062e\u0648\u0644\u06d5\u06a9\" \/>\n<script type=\"application\/ld+json\" class=\"yoast-schema-graph\">{\"@context\":\"https:\/\/schema.org\",\"@graph\":[{\"@type\":\"WebPage\",\"@id\":\"https:\/\/lynnhan.com\/about-lynnhan-interactive-display-factory\/\",\"url\":\"https:\/\/lynnhan.com\/about-lynnhan-interactive-display-factory\/\",\"name\":\"About - Lynnhan Interactive Display Factory\",\"isPartOf\":{\"@id\":\"https:\/\/lynnhan.com\/km\/#website\"},\"datePublished\":\"2024-02-28T01:46:45+00:00\",\"dateModified\":\"2026-01-06T03:52:39+00:00\",\"description\":\"About Lynnhan-We are a reliable Interactive Display factory Of smart boards, portable TVs, smart touch screens, smart portable projectors,etc\",\"breadcrumb\":{\"@id\":\"https:\/\/lynnhan.com\/about-lynnhan-interactive-display-factory\/#breadcrumb\"},\"inLanguage\":\"ckb\",\"potentialAction\":[{\"@type\":\"ReadAction\",\"target\":[\"https:\/\/lynnhan.com\/about-lynnhan-interactive-display-factory\/\"]}]},{\"@type\":\"BreadcrumbList\",\"@id\":\"https:\/\/lynnhan.com\/about-lynnhan-interactive-display-factory\/#breadcrumb\",\"itemListElement\":[{\"@type\":\"ListItem\",\"position\":1,\"name\":\"Home\",\"item\":\"https:\/\/lynnhan.com\/\"},{\"@type\":\"ListItem\",\"position\":2,\"name\":\"About\"}]},{\"@type\":\"WebSite\",\"@id\":\"https:\/\/lynnhan.com\/km\/#website\",\"url\":\"https:\/\/lynnhan.com\/km\/\",\"name\":\"Lynnhan - Trusted Supplier | LED\/OLED\/LCD\/E-paper digital signages\",\"description\":\"Lynnhan - Trusted Supplier |  LED\/OLED\/LCD\/E-paper digital signages\",\"publisher\":{\"@id\":\"https:\/\/lynnhan.com\/km\/#organization\"},\"potentialAction\":[{\"@type\":\"SearchAction\",\"target\":{\"@type\":\"EntryPoint\",\"urlTemplate\":\"https:\/\/lynnhan.com\/km\/?s={search_term_string}\"},\"query-input\":{\"@type\":\"PropertyValueSpecification\",\"valueRequired\":true,\"valueName\":\"search_term_string\"}}],\"inLanguage\":\"ckb\"},{\"@type\":\"Organization\",\"@id\":\"https:\/\/lynnhan.com\/km\/#organization\",\"name\":\"Lynnhan - Trusted Supplier | LED\/OLED\/LCD\/E-paper digital signages\",\"url\":\"https:\/\/lynnhan.com\/km\/\",\"logo\":{\"@type\":\"ImageObject\",\"inLanguage\":\"ckb\",\"@id\":\"https:\/\/lynnhan.com\/km\/#\/schema\/logo\/image\/\",\"url\":\"https:\/\/pub-78925c7bf9ca4c6d820df8293a5c116c.r2.dev\/2024\/07\/LynnHan-logo3.png\",\"contentUrl\":\"https:\/\/pub-78925c7bf9ca4c6d820df8293a5c116c.r2.dev\/2024\/07\/LynnHan-logo3.png\",\"width\":390,\"height\":130,\"caption\":\"Lynnhan - Trusted Supplier | LED\/OLED\/LCD\/E-paper digital signages\"},\"image\":{\"@id\":\"https:\/\/lynnhan.com\/km\/#\/schema\/logo\/image\/\"}}]}<\/script>\n<!-- \/ Yoast SEO plugin. -->","yoast_head_json":{"title":"\u062d\u06d5\u0648\u062a - \u0644\u06cc\u0646\u0647\u0646 \u0627\u06cc\u0646\u062a\u06d5\u0631\u0627\u06a9\u062a\u06cc\u0648 \u062f\u06cc\u0633\u067e\u0644\u06d5\u06cc \u0641\u06cc\u06a9\u0631\u06cc","description":"Li\u00f1a Lynnhan-Em ni \u00e7ewer\u00ean wek\u00ee fabr\u00eek\u00ean n\u00eev\u00eareft\u00ee y\u00ean tabloyan \u015f\u00eawe, TV\u00ean \u00e7ewer\u00ee, ekranan tap \u00fb projekt\u00f6r\u00ean \u00e7ewer\u00ee, \u00fb wextin din.","robots":{"index":"index","follow":"follow","max-snippet":"max-snippet:-1","max-image-preview":"max-image-preview:large","max-video-preview":"max-video-preview:-1"},"canonical":"https:\/\/lynnhan.com\/ku\/\u062d\u06c7\u0631-\u062f\u0649\u0646-\u0644\u0649\u0646\u0644\u0649\u0643\u0633\u0627\u0646-\u0628\u0649\u0631\u0649\u0643\u0649\u0633\u0649-\u062a\u0649\u0631\u0649\u0645\u0649\u0634-\u0643\u06d5\/","og_locale":"en_US","og_type":"article","og_title":"About - Lynnhan Interactive Display Factory","og_description":"About Lynnhan-We are a reliable Interactive Display factory Of smart boards, portable TVs, smart touch screens, smart portable projectors,etc","og_url":"https:\/\/lynnhan.com\/ku\/\u062d\u06c7\u0631-\u062f\u0649\u0646-\u0644\u0649\u0646\u0644\u0649\u0643\u0633\u0627\u0646-\u0628\u0649\u0631\u0649\u0643\u0649\u0633\u0649-\u062a\u0649\u0631\u0649\u0645\u0649\u0634-\u0643\u06d5\/","og_site_name":"Lynnhan - Trusted Supplier | LED\/OLED\/LCD\/E-paper digital signages","article_modified_time":"2026-01-06T03:52:39+00:00","twitter_card":"summary_large_image","twitter_misc":{"Est. reading time":"1 \u062e\u0648\u0644\u06d5\u06a9"},"schema":{"@context":"https:\/\/schema.org","@graph":[{"@type":"WebPage","@id":"https:\/\/lynnhan.com\/about-lynnhan-interactive-display-factory\/","url":"https:\/\/lynnhan.com\/about-lynnhan-interactive-display-factory\/","name":"\u062d\u06d5\u0648\u062a - \u0644\u06cc\u0646\u0647\u0646 \u0627\u06cc\u0646\u062a\u06d5\u0631\u0627\u06a9\u062a\u06cc\u0648 \u062f\u06cc\u0633\u067e\u0644\u06d5\u06cc \u0641\u06cc\u06a9\u0631\u06cc","isPartOf":{"@id":"https:\/\/lynnhan.com\/km\/#website"},"datePublished":"2024-02-28T01:46:45+00:00","dateModified":"2026-01-06T03:52:39+00:00","description":"Li\u00f1a Lynnhan-Em ni \u00e7ewer\u00ean wek\u00ee fabr\u00eek\u00ean n\u00eev\u00eareft\u00ee y\u00ean tabloyan \u015f\u00eawe, TV\u00ean \u00e7ewer\u00ee, ekranan tap \u00fb projekt\u00f6r\u00ean \u00e7ewer\u00ee, \u00fb wextin din.","breadcrumb":{"@id":"https:\/\/lynnhan.com\/about-lynnhan-interactive-display-factory\/#breadcrumb"},"inLanguage":"ckb","potentialAction":[{"@type":"ReadAction","target":["https:\/\/lynnhan.com\/about-lynnhan-interactive-display-factory\/"]}]},{"@type":"BreadcrumbList","@id":"https:\/\/lynnhan.com\/about-lynnhan-interactive-display-factory\/#breadcrumb","itemListElement":[{"@type":"ListItem","position":1,"name":"Home","item":"https:\/\/lynnhan.com\/"},{"@type":"ListItem","position":2,"name":"About"}]},{"@type":"WebSite","@id":"https:\/\/lynnhan.com\/km\/#website","url":"https:\/\/lynnhan.com\/km\/","name":"Lynnhan - \u0628\u06d5\u06cc\u0627\u0646\u06cc\u06cc \u06af\u0648\u0631\u0646\u0627\u06cc \u06a9\u0627\u0631\u06af\u0648\u0632\u0627\u0631 | LED\/OLED\/LCD\/E-paper \u062f\u06cc\u062c\u06cc\u062a\u0627\u0644 \u0633\u06af\u0646\u0627\u0698\u200c\u0644\u0627\u0631","description":"Lynnhan - \u062a\u0627\u0631\u0626\u06cc\u0628\u06a9\u0627\u0631\u06cc\u06cc \u062a\u0627\u062e\u062a\u06cc\u0627\u0631 |  \u0646\u06cc\u0634\u0627\u0646\u06af\u06d5 \u062f\u06cc\u062c\u06cc\u062a\u0627\u0644\u06cc LED\/OLED\/LCD\/E-paper","publisher":{"@id":"https:\/\/lynnhan.com\/km\/#organization"},"potentialAction":[{"@type":"SearchAction","target":{"@type":"EntryPoint","urlTemplate":"https:\/\/lynnhan.com\/km\/?s={search_term_string}"},"query-input":{"@type":"PropertyValueSpecification","valueRequired":true,"valueName":"search_term_string"}}],"inLanguage":"ckb"},{"@type":"Organization","@id":"https:\/\/lynnhan.com\/km\/#organization","name":"Lynnhan - \u0628\u06d5\u06cc\u0627\u0646\u06cc\u06cc \u06af\u0648\u0631\u0646\u0627\u06cc \u06a9\u0627\u0631\u06af\u0648\u0632\u0627\u0631 | LED\/OLED\/LCD\/E-paper \u062f\u06cc\u062c\u06cc\u062a\u0627\u0644 \u0633\u06af\u0646\u0627\u0698\u200c\u0644\u0627\u0631","url":"https:\/\/lynnhan.com\/km\/","logo":{"@type":"ImageObject","inLanguage":"ckb","@id":"https:\/\/lynnhan.com\/km\/#\/schema\/logo\/image\/","url":"https:\/\/pub-78925c7bf9ca4c6d820df8293a5c116c.r2.dev\/2024\/07\/LynnHan-logo3.png","contentUrl":"https:\/\/pub-78925c7bf9ca4c6d820df8293a5c116c.r2.dev\/2024\/07\/LynnHan-logo3.png","width":390,"height":130,"caption":"Lynnhan - Trusted Supplier | LED\/OLED\/LCD\/E-paper digital signages"},"image":{"@id":"https:\/\/lynnhan.com\/km\/#\/schema\/logo\/image\/"}}]}},"jetpack_sharing_enabled":true,"_links":{"self":[{"href":"https:\/\/lynnhan.com\/ku\/wp-json\/wp\/v2\/pages\/562","targetHints":{"allow":["GET"]}}],"collection":[{"href":"https:\/\/lynnhan.com\/ku\/wp-json\/wp\/v2\/pages"}],"about":[{"href":"https:\/\/lynnhan.com\/ku\/wp-json\/wp\/v2\/types\/page"}],"author":[{"embeddable":true,"href":"https:\/\/lynnhan.com\/ku\/wp-json\/wp\/v2\/users\/1"}],"replies":[{"embeddable":true,"href":"https:\/\/lynnhan.com\/ku\/wp-json\/wp\/v2\/comments?post=562"}],"version-history":[{"count":1,"href":"https:\/\/lynnhan.com\/ku\/wp-json\/wp\/v2\/pages\/562\/revisions"}],"predecessor-version":[{"id":8401,"href":"https:\/\/lynnhan.com\/ku\/wp-json\/wp\/v2\/pages\/562\/revisions\/8401"}],"wp:attachment":[{"href":"https:\/\/lynnhan.com\/ku\/wp-json\/wp\/v2\/media?parent=562"}],"curies":[{"name":"wp","href":"https:\/\/api.w.org\/{rel}","templated":true}]}}