{"id":483,"date":"2024-02-26T13:29:25","date_gmt":"2024-02-26T13:29:25","guid":{"rendered":"https:\/\/lynnhan.com\/?page_id=483"},"modified":"2024-12-18T14:05:52","modified_gmt":"2024-12-18T14:05:52","slug":"%d8%a8%db%95-%d9%85%d8%a7%d9%85%db%95%da%b5%db%8c-%d8%a8%db%95-%d9%85%d8%a7%d9%88%db%95-%d8%a8%d9%be%db%95%db%8c%d9%88%db%95%d9%86-%d9%85%db%95%d8%b9%d9%88%d9%85%d8%a7%d8%aa","status":"publish","type":"page","link":"https:\/\/lynnhan.com\/ku\/%d8%a8%db%95-%d9%85%d8%a7%d9%85%db%95%da%b5%db%8c-%d8%a8%db%95-%d9%85%d8%a7%d9%88%db%95-%d8%a8%d9%be%db%95%db%8c%d9%88%db%95%d9%86-%d9%85%db%95%d8%b9%d9%88%d9%85%d8%a7%d8%aa\/","title":{"rendered":"Agah\u00ee B\u00fbyer\u00ean Bernameh"},"content":{"rendered":"<div data-elementor-type=\"wp-page\" data-elementor-id=\"483\" class=\"elementor elementor-483\" data-elementor-post-type=\"page\">\n\t\t\t\t<div class=\"elementor-element elementor-element-c951381 e-flex e-con-boxed e-con e-parent\" data-id=\"c951381\" data-element_type=\"container\">\n\t\t\t\t\t<div class=\"e-con-inner\">\n\t\t\t\t<div class=\"elementor-element elementor-element-ed8b053 elementor-widget elementor-widget-image\" data-id=\"ed8b053\" data-element_type=\"widget\" data-widget_type=\"image.default\">\n\t\t\t\t<div class=\"elementor-widget-container\">\n\t\t\t\t\t\t\t\t\t\t\t\t\t\t\t<img fetchpriority=\"high\" decoding=\"async\" width=\"1456\" height=\"816\" src=\"https:\/\/pub-78925c7bf9ca4c6d820df8293a5c116c.r2.dev\/2024\/12\/contact-us-info.webp\" class=\"attachment-full size-full wp-image-3319\" alt=\"Ber bi yek j\u00ee p\u00eakhatina LED, Lynnhan r\u00fbber\u00ean t\u00eakiliy\u00ean xwe\" srcset=\"https:\/\/pub-78925c7bf9ca4c6d820df8293a5c116c.r2.dev\/2024\/12\/contact-us-info.webp 1456w, https:\/\/pub-78925c7bf9ca4c6d820df8293a5c116c.r2.dev\/2024\/12\/contact-us-info-700x392.webp 700w, https:\/\/pub-78925c7bf9ca4c6d820df8293a5c116c.r2.dev\/2024\/12\/contact-us-info-1024x574.webp 1024w, https:\/\/pub-78925c7bf9ca4c6d820df8293a5c116c.r2.dev\/2024\/12\/contact-us-info-768x430.webp 768w, https:\/\/pub-78925c7bf9ca4c6d820df8293a5c116c.r2.dev\/2024\/12\/contact-us-info-18x10.webp 18w, https:\/\/pub-78925c7bf9ca4c6d820df8293a5c116c.r2.dev\/2024\/12\/contact-us-info-1140x639.webp 1140w, https:\/\/pub-78925c7bf9ca4c6d820df8293a5c116c.r2.dev\/2024\/12\/contact-us-info-920x516.webp 920w, https:\/\/pub-78925c7bf9ca4c6d820df8293a5c116c.r2.dev\/2024\/12\/contact-us-info-575x322.webp 575w, https:\/\/pub-78925c7bf9ca4c6d820df8293a5c116c.r2.dev\/2024\/12\/contact-us-info-380x213.webp 380w, https:\/\/pub-78925c7bf9ca4c6d820df8293a5c116c.r2.dev\/2024\/12\/contact-us-info-1320x740.webp 1320w, https:\/\/pub-78925c7bf9ca4c6d820df8293a5c116c.r2.dev\/2024\/12\/contact-us-info-800x448.webp 800w\" sizes=\"(max-width: 1456px) 100vw, 1456px\" \/>\t\t\t\t\t\t\t\t\t\t\t\t\t\t\t<\/div>\n\t\t\t\t<\/div>\n\t\t\t\t\t<\/div>\n\t\t\t\t<\/div>\n\t\t<div class=\"elementor-element elementor-element-6a132c7 e-flex e-con-boxed e-con e-parent\" data-id=\"6a132c7\" data-element_type=\"container\">\n\t\t\t\t\t<div class=\"e-con-inner\">\n\t\t\t\t<div class=\"elementor-element elementor-element-5f66cb3 elementor-widget elementor-widget-text-editor\" data-id=\"5f66cb3\" data-element_type=\"widget\" data-widget_type=\"text-editor.default\">\n\t\t\t\t<div class=\"elementor-widget-container\">\n\t\t\t\t\t\t\t\t\t<p><strong>Lynnhan bilin: Zany\u00ea Teknoloji \u00c7\u00f6z\u00fcmlerinizin Ortak\u00e7\u0131s\u0131<\/strong><\/p><p>Lynnhan de, m\u0131\u015fteri\u00f1izge xwaraz zany\u00ea teknoloji \u00e7\u00f6zmelerini t\u00eaqdim etmekte emr\u00eaz\u00ee. Weke giy\u00eadiniz smart ta\u011flar, ta\u015f\u0131nabilir TVs, beraberlik ekranlar, tabletler, laptopler, mini PCler, yanew\u00ee cihazlar, yan\u00ea din bilin\u00ea, ekipimiz sizi z\u00eadetir \u00e7\u00f6zmeler tapm\u00eada destek dide. X\u00ear b\u00eaj\u00ea, mam\u00fbn\u00ee \u00e7\u00f6zmeler bar\u00ea mirovateniz, n\u00ee\u015fan\u00ee t\u00eaqdim bike anca \u00e7apak\u00ee \u00e7\u00f6zmeler bar\u00ea xwe d\u00eay\u00eenin.<\/p><p><strong>Bila Bila<\/strong><br \/>T\u00eaq\u00eebn\u00ean \u00fb \u00e7\u00eay\u00ean\u00ean\u00eaz\u00eaniz\u00ea bih\u00eaz\u00eenin. \u00c7ewtiya \u00e7\u00eabik\u00ean xwe ewin:<\/p><ul><li><p><strong>T\u00eaq\u00eebn\u00ean B\u00eeran\u00ee<\/strong>: Heqer\u00ea Lynnhan mal \u00fb amal\u00ean\u00ean h\u00eaz dihatiye, yanew\u00ee \u00e7\u00f6zmeler\u00ea zany\u00ea m\u0131\u015fteri\u00f1iz\u00ea bih\u00eaz\u00eenin? Ekip\u00ea m\u00eavaniz\u00ea \u00e7alak e, destek dide.<\/p><ul><li>E-p\u00eaxistin: <a target=\"_new\">sales@xinxiangt.sg-host.com<\/a><\/li><li>Tel\u00eafon\/what'app: +86 189 2843 1537<\/li><\/ul><\/li><li><p><strong>Desteka T\u00eaknoloj\u00eek<\/strong>: Lynnhan mal\u00eay\u00ea bih\u00eaz\u00eenin? Desteka t\u00eaknoloj\u00eek \u00eam\u00een\u00eaz\u00eaz\u00eez\u00ea, \u00e7alak e, \u00e7alak dide.<\/p><ul><li>Bersiv\u00ea <a href=\"https:\/\/chat.openai.com\/c\/3bcef6d8-79e0-448b-b325-64390622e650#\" target=\"_new\">R\u00fb\u4f69j\u00ea Desteka T\u00eaknoloj\u00eek<\/a> bar\u00ea mirovatan anca bila bila berdin.<\/li><li>E-p\u00eaxistin: <a target=\"_new\">support@xinxiangt.sg-host.com<\/a><\/li><\/ul><\/li><li><p><strong>T\u00eaq\u00eebn\u00ean Gi\u015ft\u00ee<\/strong>: Heqer\u00ean din anca \u00e7\u00eay\u00ean\u00ean\u00eaz\u00ean\u00ea bih\u00eaz\u00eenin, \u00e7ewtiya \u00e7\u00eabik\u00ean xwe ewin.<\/p><ul><li>E-p\u00eaxistin: contact<a target=\"_new\">@xinxiangt.sg-host.com<\/a><\/li><\/ul><\/li><\/ul><p><strong>Dem\u00ean Of\u00ees\u00ea<\/strong><br \/>Ekip\u00ea meya destek dide dem\u00ean ewin de:<br \/>Yek\u015fem \u2013 P\u00eanc\u015fem: 9:00 AM \u2013 5:00 PM (UST+8)<\/p><p><strong>Bi Me Bil\u00eenkirin<\/strong><br \/>Bil\u00eenkirin\u00ea Lynnhan\u00ea bih\u00eaz\u00eenin \u00fb bi h\u00eaz\u00ee bil\u00eenkirin\u00ea \u00e7ar\u00e7\u00eab\u00ean \u00e7apak\u00ean meya sosy\u00eal\u00ea, z\u00eadetir mal \u00fb amal\u00ean\u00ean \u00e7apak\u00ea, \u00fb hewldan\u00ean \u00e7ar\u00e7\u00eab\u00ean \u00e7apak\u00ean meya sosy\u00eal\u00ea.<\/p><ul><li>LinkedIn: <a href=\"https:\/\/www.linkedin.com\/in\/chris-tang-standbyme-tv-manufacturer\/\">https:\/\/www.linkedin.com\/in\/chris-tang-standbyme-tv-manufacturer\/<\/a><\/li><li>Twitter: [Insert Twitter URL]<\/li><li>Facebook:<a href=\"https:\/\/www.facebook.com\/profile.php?id=61557528243130\">https:\/\/www.facebook.com\/profile.php?id=61557528243130<\/a><\/li><\/ul><p><strong>Bersiv B\u00eaje<\/strong><br \/>Serer\u00ea meya xwed\u00ee y\u00ean \u015een Zhen \u015e\u00eari, GuangDong B\u00f6lge, \u00c7\u00een\u00ea ye.<br \/>Bila bila, bila bir\u00een\u00ea. Bila bila bila bila bila bila bila bila bila bila bila bila bila bila bila bila bila bila bila bila bila bila bila bila bila bila bila bila bila bila bila bila bila bila bila bila bila bila bila bila bila bila bila bila bila bila bila bila bila bila bila bila bila bila bila bila bila bila bila bila bila bila bila bila bila bila bila bila bila bila bila bila bila bila bila bila bila bila bila bila bila bila bila bila bila bila bila bila bila bila bila bila bila bila bila bila bila bila bila bila bila bila bila bila bila bila bila bila bila bila bila bila bila bila bila bila bila bila bila bila bila bila bila bila bila bila bila bila bila bila<\/p><p><strong>Ber bi x\u00eabirin bixwin<\/strong><br \/>Ji bo h\u00eaz\u00ea te\u00ea, tu j\u00ee kar dik\u00ea ku form\u00ea din re bi kar b\u00eenin ku bi din\u00ea biser\u00eaber bixwin. Ew \u00e7alak \u00e7ap\u00ea teybeke wek\u00ee \u00e7areser\u00ea.<\/p><p>[<a href=\"https:\/\/xinxiangt.sg-host.com\/contact-us-form\/\"><em><strong>Form\u00ea t\u00eakiliy\u00ean<\/strong><\/em><\/a>]<\/p><p>Di Lynnhan de, em dest\u00fbr\u00ean xwe bi berhemkirina sererastiy\u00ean ba\u015f\u00fbr \u00fb \u00e7areseriy\u00ean p\u00ea\u015fd\u00eetin kirin. Bi \u00e7av\u00ea niha bixwin ku tunebixe ku \u00e7end bixwin e ku biz \u00e7\u00eabikin.<\/p>\t\t\t\t\t\t\t\t<\/div>\n\t\t\t\t<\/div>\n\t\t\t\t\t<\/div>\n\t\t\t\t<\/div>\n\t\t\t\t<\/div>","protected":false},"excerpt":{"rendered":"<p>Connect with Lynnhan: Your Partner in Smart Technology Solutions At Lynnhan, we\u2019re dedicated to providing our clients with innovative smart technology solutions tailored to their unique business needs. Whether you\u2019re [\u2026]<\/p>","protected":false},"author":1,"featured_media":0,"parent":0,"menu_order":0,"comment_status":"closed","ping_status":"closed","template":"","meta":{"footnotes":""},"class_list":["post-483","page","type-page","status-publish","hentry"],"yoast_head":"<!-- This site is optimized with the Yoast SEO plugin v26.6 - https:\/\/yoast.com\/wordpress\/plugins\/seo\/ -->\n<title>Quick Contact Form Guide-Lynnhan smart boards manufacturer<\/title>\n<meta name=\"description\" content=\"Need immediate Lynnhan smart boards manufacturer support or have a question? Our contact form ensures you&#039;re heard. Reach out today!\" \/>\n<meta name=\"robots\" content=\"index, follow, max-snippet:-1, max-image-preview:large, max-video-preview:-1\" \/>\n<link rel=\"canonical\" href=\"https:\/\/lynnhan.com\/ku\/\u0628\u06d5-\u0645\u0627\u0645\u06d5\u06b5\u06cc-\u0628\u06d5-\u0645\u0627\u0648\u06d5-\u0628\u067e\u06d5\u06cc\u0648\u06d5\u0646-\u0645\u06d5\u0639\u0648\u0645\u0627\u062a\/\" \/>\n<meta property=\"og:locale\" content=\"en_US\" \/>\n<meta property=\"og:type\" content=\"article\" \/>\n<meta property=\"og:title\" content=\"Quick Contact Form Guide-Lynnhan smart boards manufacturer\" \/>\n<meta property=\"og:description\" content=\"Need immediate Lynnhan smart boards manufacturer support or have a question? Our contact form ensures you&#039;re heard. Reach out today!\" \/>\n<meta property=\"og:url\" content=\"https:\/\/lynnhan.com\/ku\/\u0628\u06d5-\u0645\u0627\u0645\u06d5\u06b5\u06cc-\u0628\u06d5-\u0645\u0627\u0648\u06d5-\u0628\u067e\u06d5\u06cc\u0648\u06d5\u0646-\u0645\u06d5\u0639\u0648\u0645\u0627\u062a\/\" \/>\n<meta property=\"og:site_name\" content=\"Lynnhan - Trusted Supplier | LED\/OLED\/LCD\/E-paper digital signages\" \/>\n<meta property=\"article:modified_time\" content=\"2024-12-18T14:05:52+00:00\" \/>\n<meta property=\"og:image\" content=\"https:\/\/pub-78925c7bf9ca4c6d820df8293a5c116c.r2.dev\/2024\/12\/contact-us-info.webp\" \/>\n<meta name=\"twitter:card\" content=\"summary_large_image\" \/>\n<meta name=\"twitter:label1\" content=\"Est. reading time\" \/>\n\t<meta name=\"twitter:data1\" content=\"2 \u062e\u0648\u0644\u06d5\u06a9\" \/>\n<script type=\"application\/ld+json\" class=\"yoast-schema-graph\">{\"@context\":\"https:\/\/schema.org\",\"@graph\":[{\"@type\":\"WebPage\",\"@id\":\"https:\/\/lynnhan.com\/ar\/%d9%85%d8%b9%d9%84%d9%88%d9%85%d8%a7%d8%aa-%d8%a7%d9%84%d8%a7%d8%aa%d8%b5%d8%a7%d9%84-%d8%a8%d9%86%d8%a7\/\",\"url\":\"https:\/\/lynnhan.com\/ar\/%d9%85%d8%b9%d9%84%d9%88%d9%85%d8%a7%d8%aa-%d8%a7%d9%84%d8%a7%d8%aa%d8%b5%d8%a7%d9%84-%d8%a8%d9%86%d8%a7\/\",\"name\":\"Quick Contact Form Guide-Lynnhan smart boards manufacturer\",\"isPartOf\":{\"@id\":\"https:\/\/lynnhan.com\/km\/#website\"},\"primaryImageOfPage\":{\"@id\":\"https:\/\/lynnhan.com\/ar\/%d9%85%d8%b9%d9%84%d9%88%d9%85%d8%a7%d8%aa-%d8%a7%d9%84%d8%a7%d8%aa%d8%b5%d8%a7%d9%84-%d8%a8%d9%86%d8%a7\/#primaryimage\"},\"image\":{\"@id\":\"https:\/\/lynnhan.com\/ar\/%d9%85%d8%b9%d9%84%d9%88%d9%85%d8%a7%d8%aa-%d8%a7%d9%84%d8%a7%d8%aa%d8%b5%d8%a7%d9%84-%d8%a8%d9%86%d8%a7\/#primaryimage\"},\"thumbnailUrl\":\"https:\/\/pub-78925c7bf9ca4c6d820df8293a5c116c.r2.dev\/2024\/12\/contact-us-info.webp\",\"datePublished\":\"2024-02-26T13:29:25+00:00\",\"dateModified\":\"2024-12-18T14:05:52+00:00\",\"description\":\"Need immediate Lynnhan smart boards manufacturer support or have a question? Our contact form ensures you're heard. Reach out today!\",\"breadcrumb\":{\"@id\":\"https:\/\/lynnhan.com\/ar\/%d9%85%d8%b9%d9%84%d9%88%d9%85%d8%a7%d8%aa-%d8%a7%d9%84%d8%a7%d8%aa%d8%b5%d8%a7%d9%84-%d8%a8%d9%86%d8%a7\/#breadcrumb\"},\"inLanguage\":\"ckb\",\"potentialAction\":[{\"@type\":\"ReadAction\",\"target\":[\"https:\/\/lynnhan.com\/ar\/%d9%85%d8%b9%d9%84%d9%88%d9%85%d8%a7%d8%aa-%d8%a7%d9%84%d8%a7%d8%aa%d8%b5%d8%a7%d9%84-%d8%a8%d9%86%d8%a7\/\"]}]},{\"@type\":\"ImageObject\",\"inLanguage\":\"ckb\",\"@id\":\"https:\/\/lynnhan.com\/ar\/%d9%85%d8%b9%d9%84%d9%88%d9%85%d8%a7%d8%aa-%d8%a7%d9%84%d8%a7%d8%aa%d8%b5%d8%a7%d9%84-%d8%a8%d9%86%d8%a7\/#primaryimage\",\"url\":\"https:\/\/pub-78925c7bf9ca4c6d820df8293a5c116c.r2.dev\/2024\/12\/contact-us-info.webp\",\"contentUrl\":\"https:\/\/pub-78925c7bf9ca4c6d820df8293a5c116c.r2.dev\/2024\/12\/contact-us-info.webp\"},{\"@type\":\"BreadcrumbList\",\"@id\":\"https:\/\/lynnhan.com\/ar\/%d9%85%d8%b9%d9%84%d9%88%d9%85%d8%a7%d8%aa-%d8%a7%d9%84%d8%a7%d8%aa%d8%b5%d8%a7%d9%84-%d8%a8%d9%86%d8%a7\/#breadcrumb\",\"itemListElement\":[{\"@type\":\"ListItem\",\"position\":1,\"name\":\"Home\",\"item\":\"https:\/\/lynnhan.com\/\"},{\"@type\":\"ListItem\",\"position\":2,\"name\":\"Contact Us Info\"}]},{\"@type\":\"WebSite\",\"@id\":\"https:\/\/lynnhan.com\/km\/#website\",\"url\":\"https:\/\/lynnhan.com\/km\/\",\"name\":\"Lynnhan - Trusted Supplier | LED\/OLED\/LCD\/E-paper digital signages\",\"description\":\"Lynnhan - Trusted Supplier |  LED\/OLED\/LCD\/E-paper digital signages\",\"publisher\":{\"@id\":\"https:\/\/lynnhan.com\/km\/#organization\"},\"potentialAction\":[{\"@type\":\"SearchAction\",\"target\":{\"@type\":\"EntryPoint\",\"urlTemplate\":\"https:\/\/lynnhan.com\/km\/?s={search_term_string}\"},\"query-input\":{\"@type\":\"PropertyValueSpecification\",\"valueRequired\":true,\"valueName\":\"search_term_string\"}}],\"inLanguage\":\"ckb\"},{\"@type\":\"Organization\",\"@id\":\"https:\/\/lynnhan.com\/km\/#organization\",\"name\":\"Lynnhan - Trusted Supplier | LED\/OLED\/LCD\/E-paper digital signages\",\"url\":\"https:\/\/lynnhan.com\/km\/\",\"logo\":{\"@type\":\"ImageObject\",\"inLanguage\":\"ckb\",\"@id\":\"https:\/\/lynnhan.com\/km\/#\/schema\/logo\/image\/\",\"url\":\"https:\/\/pub-78925c7bf9ca4c6d820df8293a5c116c.r2.dev\/2024\/07\/LynnHan-logo3.png\",\"contentUrl\":\"https:\/\/pub-78925c7bf9ca4c6d820df8293a5c116c.r2.dev\/2024\/07\/LynnHan-logo3.png\",\"width\":390,\"height\":130,\"caption\":\"Lynnhan - Trusted Supplier | LED\/OLED\/LCD\/E-paper digital signages\"},\"image\":{\"@id\":\"https:\/\/lynnhan.com\/km\/#\/schema\/logo\/image\/\"}}]}<\/script>\n<!-- \/ Yoast SEO plugin. -->","yoast_head_json":{"title":"\u062a\u0627\u0642\u06cc\u0628 \u0628\u06d5\u0631\u067e\u0631\u0633\u06cc \u0633\u06d5\u0631\u0639\u0627\u062f\u062a \u06af\u0648\u06cc\u062f\u0627\u06cc\u0647\u200c\u06a9\u06d5 Lynnhan \u0628\u06d5\u0631\u0632\u0627\u0646\u06cc \u0633\u06d5\u0631\u0628\u06d5\u062e\u06c6\u06cc \u062f\u06d5\u0633\u062a\u067e\u06ce\u06a9\u0631\u062f\u0646\u06cc","description":"Niyyet\u00ee ya l\u00eagera \u00e7\u00eakirin ji bo \u00e7apemeniya Lynnhan smart boards an\u00ee ya j\u00ee \u00e7\u00eab\u00fby\u00ea \u00e7av\u00ea? P\u00ea\u015fek\u00ea temas\u00ea niha bi xwe re d\u00ea bib\u00eaje. Tev\u00ea niha bi\u00e7e!","robots":{"index":"index","follow":"follow","max-snippet":"max-snippet:-1","max-image-preview":"max-image-preview:large","max-video-preview":"max-video-preview:-1"},"canonical":"https:\/\/lynnhan.com\/ku\/\u0628\u06d5-\u0645\u0627\u0645\u06d5\u06b5\u06cc-\u0628\u06d5-\u0645\u0627\u0648\u06d5-\u0628\u067e\u06d5\u06cc\u0648\u06d5\u0646-\u0645\u06d5\u0639\u0648\u0645\u0627\u062a\/","og_locale":"en_US","og_type":"article","og_title":"Quick Contact Form Guide-Lynnhan smart boards manufacturer","og_description":"Need immediate Lynnhan smart boards manufacturer support or have a question? Our contact form ensures you're heard. Reach out today!","og_url":"https:\/\/lynnhan.com\/ku\/\u0628\u06d5-\u0645\u0627\u0645\u06d5\u06b5\u06cc-\u0628\u06d5-\u0645\u0627\u0648\u06d5-\u0628\u067e\u06d5\u06cc\u0648\u06d5\u0646-\u0645\u06d5\u0639\u0648\u0645\u0627\u062a\/","og_site_name":"Lynnhan - Trusted Supplier | LED\/OLED\/LCD\/E-paper digital signages","article_modified_time":"2024-12-18T14:05:52+00:00","og_image":[{"url":"https:\/\/pub-78925c7bf9ca4c6d820df8293a5c116c.r2.dev\/2024\/12\/contact-us-info.webp","type":"","width":"","height":""}],"twitter_card":"summary_large_image","twitter_misc":{"Est. reading time":"2 \u062e\u0648\u0644\u06d5\u06a9"},"schema":{"@context":"https:\/\/schema.org","@graph":[{"@type":"WebPage","@id":"https:\/\/lynnhan.com\/ar\/%d9%85%d8%b9%d9%84%d9%88%d9%85%d8%a7%d8%aa-%d8%a7%d9%84%d8%a7%d8%aa%d8%b5%d8%a7%d9%84-%d8%a8%d9%86%d8%a7\/","url":"https:\/\/lynnhan.com\/ar\/%d9%85%d8%b9%d9%84%d9%88%d9%85%d8%a7%d8%aa-%d8%a7%d9%84%d8%a7%d8%aa%d8%b5%d8%a7%d9%84-%d8%a8%d9%86%d8%a7\/","name":"\u062a\u0627\u0642\u06cc\u0628 \u0628\u06d5\u0631\u067e\u0631\u0633\u06cc \u0633\u06d5\u0631\u0639\u0627\u062f\u062a \u06af\u0648\u06cc\u062f\u0627\u06cc\u0647\u200c\u06a9\u06d5 Lynnhan \u0628\u06d5\u0631\u0632\u0627\u0646\u06cc \u0633\u06d5\u0631\u0628\u06d5\u062e\u06c6\u06cc \u062f\u06d5\u0633\u062a\u067e\u06ce\u06a9\u0631\u062f\u0646\u06cc","isPartOf":{"@id":"https:\/\/lynnhan.com\/km\/#website"},"primaryImageOfPage":{"@id":"https:\/\/lynnhan.com\/ar\/%d9%85%d8%b9%d9%84%d9%88%d9%85%d8%a7%d8%aa-%d8%a7%d9%84%d8%a7%d8%aa%d8%b5%d8%a7%d9%84-%d8%a8%d9%86%d8%a7\/#primaryimage"},"image":{"@id":"https:\/\/lynnhan.com\/ar\/%d9%85%d8%b9%d9%84%d9%88%d9%85%d8%a7%d8%aa-%d8%a7%d9%84%d8%a7%d8%aa%d8%b5%d8%a7%d9%84-%d8%a8%d9%86%d8%a7\/#primaryimage"},"thumbnailUrl":"https:\/\/pub-78925c7bf9ca4c6d820df8293a5c116c.r2.dev\/2024\/12\/contact-us-info.webp","datePublished":"2024-02-26T13:29:25+00:00","dateModified":"2024-12-18T14:05:52+00:00","description":"Niyyet\u00ee ya l\u00eagera \u00e7\u00eakirin ji bo \u00e7apemeniya Lynnhan smart boards an\u00ee ya j\u00ee \u00e7\u00eab\u00fby\u00ea \u00e7av\u00ea? P\u00ea\u015fek\u00ea temas\u00ea niha bi xwe re d\u00ea bib\u00eaje. Tev\u00ea niha bi\u00e7e!","breadcrumb":{"@id":"https:\/\/lynnhan.com\/ar\/%d9%85%d8%b9%d9%84%d9%88%d9%85%d8%a7%d8%aa-%d8%a7%d9%84%d8%a7%d8%aa%d8%b5%d8%a7%d9%84-%d8%a8%d9%86%d8%a7\/#breadcrumb"},"inLanguage":"ckb","potentialAction":[{"@type":"ReadAction","target":["https:\/\/lynnhan.com\/ar\/%d9%85%d8%b9%d9%84%d9%88%d9%85%d8%a7%d8%aa-%d8%a7%d9%84%d8%a7%d8%aa%d8%b5%d8%a7%d9%84-%d8%a8%d9%86%d8%a7\/"]}]},{"@type":"ImageObject","inLanguage":"ckb","@id":"https:\/\/lynnhan.com\/ar\/%d9%85%d8%b9%d9%84%d9%88%d9%85%d8%a7%d8%aa-%d8%a7%d9%84%d8%a7%d8%aa%d8%b5%d8%a7%d9%84-%d8%a8%d9%86%d8%a7\/#primaryimage","url":"https:\/\/pub-78925c7bf9ca4c6d820df8293a5c116c.r2.dev\/2024\/12\/contact-us-info.webp","contentUrl":"https:\/\/pub-78925c7bf9ca4c6d820df8293a5c116c.r2.dev\/2024\/12\/contact-us-info.webp"},{"@type":"BreadcrumbList","@id":"https:\/\/lynnhan.com\/ar\/%d9%85%d8%b9%d9%84%d9%88%d9%85%d8%a7%d8%aa-%d8%a7%d9%84%d8%a7%d8%aa%d8%b5%d8%a7%d9%84-%d8%a8%d9%86%d8%a7\/#breadcrumb","itemListElement":[{"@type":"ListItem","position":1,"name":"Home","item":"https:\/\/lynnhan.com\/"},{"@type":"ListItem","position":2,"name":"Contact Us Info"}]},{"@type":"WebSite","@id":"https:\/\/lynnhan.com\/km\/#website","url":"https:\/\/lynnhan.com\/km\/","name":"Lynnhan - \u0628\u06d5\u06cc\u0627\u0646\u06cc\u06cc \u06af\u0648\u0631\u0646\u0627\u06cc \u06a9\u0627\u0631\u06af\u0648\u0632\u0627\u0631 | LED\/OLED\/LCD\/E-paper \u062f\u06cc\u062c\u06cc\u062a\u0627\u0644 \u0633\u06af\u0646\u0627\u0698\u200c\u0644\u0627\u0631","description":"Lynnhan - \u062a\u0627\u0631\u0626\u06cc\u0628\u06a9\u0627\u0631\u06cc\u06cc \u062a\u0627\u062e\u062a\u06cc\u0627\u0631 |  \u0646\u06cc\u0634\u0627\u0646\u06af\u06d5 \u062f\u06cc\u062c\u06cc\u062a\u0627\u0644\u06cc LED\/OLED\/LCD\/E-paper","publisher":{"@id":"https:\/\/lynnhan.com\/km\/#organization"},"potentialAction":[{"@type":"SearchAction","target":{"@type":"EntryPoint","urlTemplate":"https:\/\/lynnhan.com\/km\/?s={search_term_string}"},"query-input":{"@type":"PropertyValueSpecification","valueRequired":true,"valueName":"search_term_string"}}],"inLanguage":"ckb"},{"@type":"Organization","@id":"https:\/\/lynnhan.com\/km\/#organization","name":"Lynnhan - \u0628\u06d5\u06cc\u0627\u0646\u06cc\u06cc \u06af\u0648\u0631\u0646\u0627\u06cc \u06a9\u0627\u0631\u06af\u0648\u0632\u0627\u0631 | LED\/OLED\/LCD\/E-paper \u062f\u06cc\u062c\u06cc\u062a\u0627\u0644 \u0633\u06af\u0646\u0627\u0698\u200c\u0644\u0627\u0631","url":"https:\/\/lynnhan.com\/km\/","logo":{"@type":"ImageObject","inLanguage":"ckb","@id":"https:\/\/lynnhan.com\/km\/#\/schema\/logo\/image\/","url":"https:\/\/pub-78925c7bf9ca4c6d820df8293a5c116c.r2.dev\/2024\/07\/LynnHan-logo3.png","contentUrl":"https:\/\/pub-78925c7bf9ca4c6d820df8293a5c116c.r2.dev\/2024\/07\/LynnHan-logo3.png","width":390,"height":130,"caption":"Lynnhan - Trusted Supplier | LED\/OLED\/LCD\/E-paper digital signages"},"image":{"@id":"https:\/\/lynnhan.com\/km\/#\/schema\/logo\/image\/"}}]}},"jetpack_sharing_enabled":true,"_links":{"self":[{"href":"https:\/\/lynnhan.com\/ku\/wp-json\/wp\/v2\/pages\/483","targetHints":{"allow":["GET"]}}],"collection":[{"href":"https:\/\/lynnhan.com\/ku\/wp-json\/wp\/v2\/pages"}],"about":[{"href":"https:\/\/lynnhan.com\/ku\/wp-json\/wp\/v2\/types\/page"}],"author":[{"embeddable":true,"href":"https:\/\/lynnhan.com\/ku\/wp-json\/wp\/v2\/users\/1"}],"replies":[{"embeddable":true,"href":"https:\/\/lynnhan.com\/ku\/wp-json\/wp\/v2\/comments?post=483"}],"version-history":[{"count":0,"href":"https:\/\/lynnhan.com\/ku\/wp-json\/wp\/v2\/pages\/483\/revisions"}],"wp:attachment":[{"href":"https:\/\/lynnhan.com\/ku\/wp-json\/wp\/v2\/media?parent=483"}],"curies":[{"name":"wp","href":"https:\/\/api.w.org\/{rel}","templated":true}]}}