{"id":535,"date":"2024-02-27T08:28:56","date_gmt":"2024-02-27T08:28:56","guid":{"rendered":"https:\/\/lynnhan.com\/?page_id=535"},"modified":"2024-12-18T10:25:48","modified_gmt":"2024-12-18T10:25:48","slug":"pagamenti","status":"publish","type":"page","link":"https:\/\/lynnhan.com\/it\/pagamenti\/","title":{"rendered":"Pagamenti"},"content":{"rendered":"<div data-elementor-type=\"wp-page\" data-elementor-id=\"535\" class=\"elementor elementor-535\" data-elementor-post-type=\"page\">\n\t\t\t\t<div class=\"elementor-element elementor-element-142d8d4 e-flex e-con-boxed e-con e-parent\" data-id=\"142d8d4\" data-element_type=\"container\">\n\t\t\t\t\t<div class=\"e-con-inner\">\n\t\t\t\t<div class=\"elementor-element elementor-element-6619f7f elementor-widget elementor-widget-image\" data-id=\"6619f7f\" data-element_type=\"widget\" data-widget_type=\"image.default\">\n\t\t\t\t<div class=\"elementor-widget-container\">\n\t\t\t\t\t\t\t\t\t\t\t\t\t\t\t<img fetchpriority=\"high\" decoding=\"async\" width=\"1920\" height=\"1076\" src=\"https:\/\/pub-78925c7bf9ca4c6d820df8293a5c116c.r2.dev\/2024\/12\/payments-2.webp\" class=\"attachment-full size-full wp-image-3303\" alt=\"Pagamenti per Produttori di LED Tutti in Uno\" srcset=\"https:\/\/pub-78925c7bf9ca4c6d820df8293a5c116c.r2.dev\/2024\/12\/payments-2.webp 1920w, https:\/\/pub-78925c7bf9ca4c6d820df8293a5c116c.r2.dev\/2024\/12\/payments-2-700x392.webp 700w, https:\/\/pub-78925c7bf9ca4c6d820df8293a5c116c.r2.dev\/2024\/12\/payments-2-1024x574.webp 1024w, https:\/\/pub-78925c7bf9ca4c6d820df8293a5c116c.r2.dev\/2024\/12\/payments-2-768x430.webp 768w, https:\/\/pub-78925c7bf9ca4c6d820df8293a5c116c.r2.dev\/2024\/12\/payments-2-1536x861.webp 1536w, https:\/\/pub-78925c7bf9ca4c6d820df8293a5c116c.r2.dev\/2024\/12\/payments-2-18x10.webp 18w, https:\/\/pub-78925c7bf9ca4c6d820df8293a5c116c.r2.dev\/2024\/12\/payments-2-1140x639.webp 1140w, https:\/\/pub-78925c7bf9ca4c6d820df8293a5c116c.r2.dev\/2024\/12\/payments-2-920x516.webp 920w, https:\/\/pub-78925c7bf9ca4c6d820df8293a5c116c.r2.dev\/2024\/12\/payments-2-575x322.webp 575w, https:\/\/pub-78925c7bf9ca4c6d820df8293a5c116c.r2.dev\/2024\/12\/payments-2-380x213.webp 380w, https:\/\/pub-78925c7bf9ca4c6d820df8293a5c116c.r2.dev\/2024\/12\/payments-2-1320x740.webp 1320w, https:\/\/pub-78925c7bf9ca4c6d820df8293a5c116c.r2.dev\/2024\/12\/payments-2-800x448.webp 800w\" sizes=\"(max-width: 1920px) 100vw, 1920px\" \/>\t\t\t\t\t\t\t\t\t\t\t\t\t\t\t<\/div>\n\t\t\t\t<\/div>\n\t\t\t\t\t<\/div>\n\t\t\t\t<\/div>\n\t\t<div class=\"elementor-element elementor-element-d66f236 e-flex e-con-boxed e-con e-parent\" data-id=\"d66f236\" data-element_type=\"container\">\n\t\t\t\t\t<div class=\"e-con-inner\">\n\t\t\t\t<div class=\"elementor-element elementor-element-c3f9628 elementor-widget elementor-widget-text-editor\" data-id=\"c3f9628\" data-element_type=\"widget\" data-widget_type=\"text-editor.default\">\n\t\t\t\t<div class=\"elementor-widget-container\">\n\t\t\t\t\t\t\t\t\t<h3>Soluzioni di Pagamento presso Lynnhan: Transazioni Semplificate e Sicure<\/h3><p><strong>Opzioni di Pagamento Flessibili per le tue Necesseit\u00e0 Aziendali<\/strong><\/p><p>presso Lynnhan, riconosciamo l'importanza di soluzioni di pagamento flessibili e sicure per le aziende. Il nostro obiettivo \u00e8 rendere il tuo processo di acquisto il pi\u00f9 fluido e senza problemi possibile. Ecco perch\u00e9 offriamo una variet\u00e0 di opzioni di pagamento adattate per soddisfare le diverse esigenze dei nostri clienti B2B.<\/p><p><strong>Pagamenti Online Sicuri<\/strong><\/p><p>Per comodit\u00e0 ed efficienza, Lynnhan supporta i pagamenti online sicuri. La nostra piattaforma accetta carte di credito principali, tra cui Visa, MasterCard e American Express, nonch\u00e9 PayPal per transazioni rapide e semplici. Il nostro gateway di pagamento sicuro garantisce che le tue informazioni finanziarie siano sempre protette, utilizzando avanzate tecniche di crittografia e protocolli di sicurezza.<\/p><p><strong>Transferimenti Bancari (T\/T e Western Union)<br \/><\/strong><\/p><p>Per ordini pi\u00f9 grandi o soluzioni personalizzate, offriamo trasferimenti bancari diretti. Questa opzione offre una maggiore flessibilit\u00e0 nella gestione delle tue finanze e \u00e8 ideale per aziende che preferiscono metodi di pagamento tradizionali. Il nostro team di assistenza clienti ti fornir\u00e0 tutte le informazioni necessarie per facilitare un trasferimento bancario fluido.<\/p><p><strong>Piani di Pagamento Personalizzati<\/strong><\/p><p>Riconoscendo che ogni azienda ha esigenze uniche, Lynnhan \u00e8 aperto a discutere piani di pagamento personalizzati. Sia che si tratti di un calendario di pagamento a rate o di una soluzione di finanziamento su misura, il nostro team \u00e8 impegnato a lavorare con te per trovare una struttura di pagamento che si adatti alle tue esigenze aziendali.<\/p><p><strong>Processo di Transazione Sicura<\/strong><\/p><p>La sicurezza \u00e8 la nostra priorit\u00e0 quando si tratta di pagamenti. Lynnhan impiega misure di sicurezza all'avanguardia per proteggere le tue transazioni e le tue informazioni personali. La nostra conformit\u00e0 agli standard PCI DSS garantisce che il tuo pagamento venga elaborato nell'ambiente pi\u00f9 sicuro possibile.<\/p><p><strong>Supporto Dedicato<\/strong><\/p><p>Il nostro team di assistenza clienti dedicato \u00e8 qui per assisterti con qualsiasi domanda o problema relativo ai pagamenti. Sia che tu abbia bisogno di aiuto nella scelta della giusta opzione di pagamento, di comprensione della tua fattura o di discutere piani di pagamento, siamo qui per garantire un'esperienza di transazione senza interruzioni.<\/p><p><strong>Come Effettuare un Pagamento<\/strong><\/p><p>Effettuare un pagamento con Lynnhan \u00e8 semplice. Una volta effettuato il tuo ordine, riceverai una fattura con istruzioni di pagamento dettagliate. Scegli il metodo di pagamento preferito e segui i passaggi forniti per completare la tua transazione. Il nostro team di assistenza clienti \u00e8 sempre disponibile per guidarti attraverso il processo, in caso di necessit\u00e0 di assistenza.<\/p><p>presso Lynnhan, siamo impegnati a fornire ai nostri clienti B2B soluzioni di pagamento sicure, flessibili e convenienti. La nostra gamma di opzioni di pagamento \u00e8 progettata per soddisfare le esigenze specifiche della tua azienda, garantendo un'esperienza di acquisto fluida ed efficiente.<\/p>\t\t\t\t\t\t\t\t<\/div>\n\t\t\t\t<\/div>\n\t\t\t\t\t<\/div>\n\t\t\t\t<\/div>\n\t\t\t\t<\/div>","protected":false},"excerpt":{"rendered":"<p>Payment Solutions at Lynnhan: Streamlined and Secure Transactions Flexible Payment Options for Your Business Needs At Lynnhan, we understand the importance of flexible and secure payment solutions for businesses. Our [\u2026]<\/p>","protected":false},"author":1,"featured_media":0,"parent":0,"menu_order":0,"comment_status":"closed","ping_status":"closed","template":"","meta":{"footnotes":""},"class_list":["post-535","page","type-page","status-publish","hentry"],"yoast_head":"<!-- This site is optimized with the Yoast SEO plugin v26.6 - https:\/\/yoast.com\/wordpress\/plugins\/seo\/ -->\n<title>Payments: Lynnhan portable TV supplier<\/title>\n<meta name=\"description\" content=\"Discover how Lynnhan portable TV supplier Payments transforms your online purchases into smooth, effortless experiences.\" \/>\n<meta name=\"robots\" content=\"index, follow, max-snippet:-1, max-image-preview:large, max-video-preview:-1\" \/>\n<link rel=\"canonical\" href=\"https:\/\/lynnhan.com\/it\/pagamenti\/\" \/>\n<meta property=\"og:locale\" content=\"it_IT\" \/>\n<meta property=\"og:type\" content=\"article\" \/>\n<meta property=\"og:title\" content=\"Payments: Lynnhan portable TV supplier\" \/>\n<meta property=\"og:description\" content=\"Discover how Lynnhan portable TV supplier Payments transforms your online purchases into smooth, effortless experiences.\" \/>\n<meta property=\"og:url\" content=\"https:\/\/lynnhan.com\/it\/pagamenti\/\" \/>\n<meta property=\"og:site_name\" content=\"Lynnhan - Trusted Supplier | LED\/OLED\/LCD\/E-paper digital signages\" \/>\n<meta property=\"article:modified_time\" content=\"2024-12-18T10:25:48+00:00\" \/>\n<meta property=\"og:image\" content=\"https:\/\/pub-78925c7bf9ca4c6d820df8293a5c116c.r2.dev\/2024\/12\/payments-2.webp\" \/>\n<meta name=\"twitter:card\" content=\"summary_large_image\" \/>\n<meta name=\"twitter:label1\" content=\"Tempo di lettura stimato\" \/>\n\t<meta name=\"twitter:data1\" content=\"2 minuti\" \/>\n<script type=\"application\/ld+json\" class=\"yoast-schema-graph\">{\"@context\":\"https:\/\/schema.org\",\"@graph\":[{\"@type\":\"WebPage\",\"@id\":\"https:\/\/lynnhan.com\/payments\/\",\"url\":\"https:\/\/lynnhan.com\/payments\/\",\"name\":\"Payments: Lynnhan portable TV supplier\",\"isPartOf\":{\"@id\":\"https:\/\/lynnhan.com\/km\/#website\"},\"primaryImageOfPage\":{\"@id\":\"https:\/\/lynnhan.com\/payments\/#primaryimage\"},\"image\":{\"@id\":\"https:\/\/lynnhan.com\/payments\/#primaryimage\"},\"thumbnailUrl\":\"https:\/\/pub-78925c7bf9ca4c6d820df8293a5c116c.r2.dev\/2024\/12\/payments-2.webp\",\"datePublished\":\"2024-02-27T08:28:56+00:00\",\"dateModified\":\"2024-12-18T10:25:48+00:00\",\"description\":\"Discover how Lynnhan portable TV supplier Payments transforms your online purchases into smooth, effortless experiences.\",\"breadcrumb\":{\"@id\":\"https:\/\/lynnhan.com\/payments\/#breadcrumb\"},\"inLanguage\":\"it-IT\",\"potentialAction\":[{\"@type\":\"ReadAction\",\"target\":[\"https:\/\/lynnhan.com\/payments\/\"]}]},{\"@type\":\"ImageObject\",\"inLanguage\":\"it-IT\",\"@id\":\"https:\/\/lynnhan.com\/payments\/#primaryimage\",\"url\":\"https:\/\/pub-78925c7bf9ca4c6d820df8293a5c116c.r2.dev\/2024\/12\/payments-2.webp\",\"contentUrl\":\"https:\/\/pub-78925c7bf9ca4c6d820df8293a5c116c.r2.dev\/2024\/12\/payments-2.webp\"},{\"@type\":\"BreadcrumbList\",\"@id\":\"https:\/\/lynnhan.com\/payments\/#breadcrumb\",\"itemListElement\":[{\"@type\":\"ListItem\",\"position\":1,\"name\":\"Home\",\"item\":\"https:\/\/lynnhan.com\/\"},{\"@type\":\"ListItem\",\"position\":2,\"name\":\"Payments\"}]},{\"@type\":\"WebSite\",\"@id\":\"https:\/\/lynnhan.com\/km\/#website\",\"url\":\"https:\/\/lynnhan.com\/km\/\",\"name\":\"Lynnhan - Trusted Supplier | LED\/OLED\/LCD\/E-paper digital signages\",\"description\":\"Lynnhan - Trusted Supplier |  LED\/OLED\/LCD\/E-paper digital signages\",\"publisher\":{\"@id\":\"https:\/\/lynnhan.com\/km\/#organization\"},\"potentialAction\":[{\"@type\":\"SearchAction\",\"target\":{\"@type\":\"EntryPoint\",\"urlTemplate\":\"https:\/\/lynnhan.com\/km\/?s={search_term_string}\"},\"query-input\":{\"@type\":\"PropertyValueSpecification\",\"valueRequired\":true,\"valueName\":\"search_term_string\"}}],\"inLanguage\":\"it-IT\"},{\"@type\":\"Organization\",\"@id\":\"https:\/\/lynnhan.com\/km\/#organization\",\"name\":\"Lynnhan - Trusted Supplier | LED\/OLED\/LCD\/E-paper digital signages\",\"url\":\"https:\/\/lynnhan.com\/km\/\",\"logo\":{\"@type\":\"ImageObject\",\"inLanguage\":\"it-IT\",\"@id\":\"https:\/\/lynnhan.com\/km\/#\/schema\/logo\/image\/\",\"url\":\"https:\/\/pub-78925c7bf9ca4c6d820df8293a5c116c.r2.dev\/2024\/07\/LynnHan-logo3.png\",\"contentUrl\":\"https:\/\/pub-78925c7bf9ca4c6d820df8293a5c116c.r2.dev\/2024\/07\/LynnHan-logo3.png\",\"width\":390,\"height\":130,\"caption\":\"Lynnhan - Trusted Supplier | LED\/OLED\/LCD\/E-paper digital signages\"},\"image\":{\"@id\":\"https:\/\/lynnhan.com\/km\/#\/schema\/logo\/image\/\"}}]}<\/script>\n<!-- \/ Yoast SEO plugin. -->","yoast_head_json":{"title":"Pagamenti: Lynnhan fornitore di TV portatile","description":"Scopri come Lynnhan, fornitore di TV portatili, trasforma i tuoi acquisti online in esperienze fluide ed indolori.","robots":{"index":"index","follow":"follow","max-snippet":"max-snippet:-1","max-image-preview":"max-image-preview:large","max-video-preview":"max-video-preview:-1"},"canonical":"https:\/\/lynnhan.com\/it\/pagamenti\/","og_locale":"it_IT","og_type":"article","og_title":"Payments: Lynnhan portable TV supplier","og_description":"Discover how Lynnhan portable TV supplier Payments transforms your online purchases into smooth, effortless experiences.","og_url":"https:\/\/lynnhan.com\/it\/pagamenti\/","og_site_name":"Lynnhan - Trusted Supplier | LED\/OLED\/LCD\/E-paper digital signages","article_modified_time":"2024-12-18T10:25:48+00:00","og_image":[{"url":"https:\/\/pub-78925c7bf9ca4c6d820df8293a5c116c.r2.dev\/2024\/12\/payments-2.webp","type":"","width":"","height":""}],"twitter_card":"summary_large_image","twitter_misc":{"Tempo di lettura stimato":"2 minuti"},"schema":{"@context":"https:\/\/schema.org","@graph":[{"@type":"WebPage","@id":"https:\/\/lynnhan.com\/payments\/","url":"https:\/\/lynnhan.com\/payments\/","name":"Pagamenti: Lynnhan fornitore di TV portatile","isPartOf":{"@id":"https:\/\/lynnhan.com\/km\/#website"},"primaryImageOfPage":{"@id":"https:\/\/lynnhan.com\/payments\/#primaryimage"},"image":{"@id":"https:\/\/lynnhan.com\/payments\/#primaryimage"},"thumbnailUrl":"https:\/\/pub-78925c7bf9ca4c6d820df8293a5c116c.r2.dev\/2024\/12\/payments-2.webp","datePublished":"2024-02-27T08:28:56+00:00","dateModified":"2024-12-18T10:25:48+00:00","description":"Scopri come Lynnhan, fornitore di TV portatili, trasforma i tuoi acquisti online in esperienze fluide ed indolori.","breadcrumb":{"@id":"https:\/\/lynnhan.com\/payments\/#breadcrumb"},"inLanguage":"it-IT","potentialAction":[{"@type":"ReadAction","target":["https:\/\/lynnhan.com\/payments\/"]}]},{"@type":"ImageObject","inLanguage":"it-IT","@id":"https:\/\/lynnhan.com\/payments\/#primaryimage","url":"https:\/\/pub-78925c7bf9ca4c6d820df8293a5c116c.r2.dev\/2024\/12\/payments-2.webp","contentUrl":"https:\/\/pub-78925c7bf9ca4c6d820df8293a5c116c.r2.dev\/2024\/12\/payments-2.webp"},{"@type":"BreadcrumbList","@id":"https:\/\/lynnhan.com\/payments\/#breadcrumb","itemListElement":[{"@type":"ListItem","position":1,"name":"Home","item":"https:\/\/lynnhan.com\/"},{"@type":"ListItem","position":2,"name":"Payments"}]},{"@type":"WebSite","@id":"https:\/\/lynnhan.com\/km\/#website","url":"https:\/\/lynnhan.com\/km\/","name":"Lynnhan - Fornitore di fiducia | Segnaletiche digitali LED\/OLED\/LCD\/E-paper","description":"Lynnhan - Fornitore di fiducia |  Segnaletiche digitali LED\/OLED\/LCD\/E-paper","publisher":{"@id":"https:\/\/lynnhan.com\/km\/#organization"},"potentialAction":[{"@type":"SearchAction","target":{"@type":"EntryPoint","urlTemplate":"https:\/\/lynnhan.com\/km\/?s={search_term_string}"},"query-input":{"@type":"PropertyValueSpecification","valueRequired":true,"valueName":"search_term_string"}}],"inLanguage":"it-IT"},{"@type":"Organization","@id":"https:\/\/lynnhan.com\/km\/#organization","name":"Lynnhan - Fornitore di fiducia | Segnaletiche digitali LED\/OLED\/LCD\/E-paper","url":"https:\/\/lynnhan.com\/km\/","logo":{"@type":"ImageObject","inLanguage":"it-IT","@id":"https:\/\/lynnhan.com\/km\/#\/schema\/logo\/image\/","url":"https:\/\/pub-78925c7bf9ca4c6d820df8293a5c116c.r2.dev\/2024\/07\/LynnHan-logo3.png","contentUrl":"https:\/\/pub-78925c7bf9ca4c6d820df8293a5c116c.r2.dev\/2024\/07\/LynnHan-logo3.png","width":390,"height":130,"caption":"Lynnhan - Trusted Supplier | LED\/OLED\/LCD\/E-paper digital signages"},"image":{"@id":"https:\/\/lynnhan.com\/km\/#\/schema\/logo\/image\/"}}]}},"jetpack_sharing_enabled":true,"_links":{"self":[{"href":"https:\/\/lynnhan.com\/it\/wp-json\/wp\/v2\/pages\/535","targetHints":{"allow":["GET"]}}],"collection":[{"href":"https:\/\/lynnhan.com\/it\/wp-json\/wp\/v2\/pages"}],"about":[{"href":"https:\/\/lynnhan.com\/it\/wp-json\/wp\/v2\/types\/page"}],"author":[{"embeddable":true,"href":"https:\/\/lynnhan.com\/it\/wp-json\/wp\/v2\/users\/1"}],"replies":[{"embeddable":true,"href":"https:\/\/lynnhan.com\/it\/wp-json\/wp\/v2\/comments?post=535"}],"version-history":[{"count":0,"href":"https:\/\/lynnhan.com\/it\/wp-json\/wp\/v2\/pages\/535\/revisions"}],"wp:attachment":[{"href":"https:\/\/lynnhan.com\/it\/wp-json\/wp\/v2\/media?parent=535"}],"curies":[{"name":"wp","href":"https:\/\/api.w.org\/{rel}","templated":true}]}}