{"id":488,"date":"2024-02-26T13:50:42","date_gmt":"2024-02-26T13:50:42","guid":{"rendered":"https:\/\/lynnhan.com\/?page_id=488"},"modified":"2025-02-12T14:58:52","modified_gmt":"2025-02-12T14:58:52","slug":"oem-odm","status":"publish","type":"page","link":"https:\/\/lynnhan.com\/it\/oem-odm\/","title":{"rendered":"OEM\/ODM"},"content":{"rendered":"<div data-elementor-type=\"wp-page\" data-elementor-id=\"488\" class=\"elementor elementor-488\" data-elementor-post-type=\"page\">\n\t\t\t\t<div class=\"elementor-element elementor-element-dd1a2fb e-flex e-con-boxed e-con e-parent\" data-id=\"dd1a2fb\" data-element_type=\"container\">\n\t\t\t\t\t<div class=\"e-con-inner\">\n\t\t\t\t<div class=\"elementor-element elementor-element-712df76 elementor-widget elementor-widget-image\" data-id=\"712df76\" data-element_type=\"widget\" data-widget_type=\"image.default\">\n\t\t\t\t<div class=\"elementor-widget-container\">\n\t\t\t\t\t\t\t\t\t\t\t\t\t\t\t<img fetchpriority=\"high\" decoding=\"async\" width=\"1536\" height=\"768\" src=\"https:\/\/pub-78925c7bf9ca4c6d820df8293a5c116c.r2.dev\/2024\/12\/OEM.webp\" class=\"attachment-full size-full wp-image-3273\" alt=\"Tutti in uno LED OEM\/ODM\" srcset=\"https:\/\/pub-78925c7bf9ca4c6d820df8293a5c116c.r2.dev\/2024\/12\/OEM.webp 1536w, https:\/\/pub-78925c7bf9ca4c6d820df8293a5c116c.r2.dev\/2024\/12\/OEM-700x350.webp 700w, https:\/\/pub-78925c7bf9ca4c6d820df8293a5c116c.r2.dev\/2024\/12\/OEM-1024x512.webp 1024w, https:\/\/pub-78925c7bf9ca4c6d820df8293a5c116c.r2.dev\/2024\/12\/OEM-768x384.webp 768w, https:\/\/pub-78925c7bf9ca4c6d820df8293a5c116c.r2.dev\/2024\/12\/OEM-18x9.webp 18w, https:\/\/pub-78925c7bf9ca4c6d820df8293a5c116c.r2.dev\/2024\/12\/OEM-1140x570.webp 1140w, https:\/\/pub-78925c7bf9ca4c6d820df8293a5c116c.r2.dev\/2024\/12\/OEM-920x460.webp 920w, https:\/\/pub-78925c7bf9ca4c6d820df8293a5c116c.r2.dev\/2024\/12\/OEM-575x288.webp 575w, https:\/\/pub-78925c7bf9ca4c6d820df8293a5c116c.r2.dev\/2024\/12\/OEM-380x190.webp 380w, https:\/\/pub-78925c7bf9ca4c6d820df8293a5c116c.r2.dev\/2024\/12\/OEM-1320x660.webp 1320w, https:\/\/pub-78925c7bf9ca4c6d820df8293a5c116c.r2.dev\/2024\/12\/OEM-800x400.webp 800w\" sizes=\"(max-width: 1536px) 100vw, 1536px\" \/>\t\t\t\t\t\t\t\t\t\t\t\t\t\t\t<\/div>\n\t\t\t\t<\/div>\n\t\t\t\t\t<\/div>\n\t\t\t\t<\/div>\n\t\t<div class=\"elementor-element elementor-element-d08357e e-flex e-con-boxed e-con e-parent\" data-id=\"d08357e\" data-element_type=\"container\">\n\t\t\t\t\t<div class=\"e-con-inner\">\n\t\t\t\t<div class=\"elementor-element elementor-element-c08653a elementor-widget elementor-widget-text-editor\" data-id=\"c08653a\" data-element_type=\"widget\" data-widget_type=\"text-editor.default\">\n\t\t\t\t<div class=\"elementor-widget-container\">\n\t\t\t\t\t\t\t\t\t<p><strong>Introduzione<\/strong><br \/>Lynnhan \u00e8 dedicata a fornire soluzioni tecnologiche intelligenti innovative adattate a soddisfare le diverse esigenze dei nostri clienti. Con una vasta esperienza nell'industria, offriamo servizi completi di Original Equipment Manufacturer (OEM) e Original Design Manufacturer (ODM). Il nostro obiettivo \u00e8 rendere la tua attivit\u00e0 pi\u00f9 potente creando prodotti personalizzati che si abbinano all'identit\u00e0 del tuo marchio e alle richieste di mercato.<\/p><article data-content=\"[{&quot;type&quot;:&quot;block&quot;,&quot;id&quot;:&quot;YAEu-1734512910116&quot;,&quot;name&quot;:&quot;heading&quot;,&quot;data&quot;:{&quot;level&quot;:&quot;h4&quot;,&quot;style&quot;:{},&quot;version&quot;:1},&quot;nodes&quot;:[{&quot;type&quot;:&quot;text&quot;,&quot;id&quot;:&quot;ZRIf-1734512910115&quot;,&quot;leaves&quot;:[{&quot;text&quot;:&quot;Our\u00a0OEM\/ODM\u00a0Services\u00a0Include:&quot;,&quot;marks&quot;:[{&quot;type&quot;:&quot;bold&quot;}]}]}],&quot;state&quot;:{}},{&quot;type&quot;:&quot;block&quot;,&quot;id&quot;:&quot;Ow4S-1734512910454&quot;,&quot;name&quot;:&quot;list-item&quot;,&quot;data&quot;:{&quot;listId&quot;:&quot;m1A3-1734512910477&quot;,&quot;listLevel&quot;:1,&quot;listType&quot;:&quot;unordered&quot;,&quot;style&quot;:{},&quot;version&quot;:1},&quot;nodes&quot;:[{&quot;type&quot;:&quot;text&quot;,&quot;id&quot;:&quot;5NBx-1734512910453&quot;,&quot;leaves&quot;:[{&quot;text&quot;:&quot;Custom\u00a0Product\u00a0Design:&quot;,&quot;marks&quot;:[]}]}],&quot;state&quot;:{&quot;index&quot;:1}},{&quot;type&quot;:&quot;block&quot;,&quot;id&quot;:&quot;sLcA-1734512910458&quot;,&quot;name&quot;:&quot;paragraph&quot;,&quot;data&quot;:{&quot;style&quot;:{},&quot;version&quot;:1},&quot;nodes&quot;:[{&quot;type&quot;:&quot;text&quot;,&quot;id&quot;:&quot;i0uu-1734512910457&quot;,&quot;leaves&quot;:[{&quot;text&quot;:&quot;We\u00a0work\u00a0closely\u00a0with\u00a0you\u00a0to\u00a0design\u00a0LED\u00a0display\u00a0solutions\u00a0that\u00a0reflect\u00a0your\u00a0brand\u2019s\u00a0vision,\u00a0ensuring\u00a0that\u00a0each\u00a0product\u00a0is\u00a0crafted\u00a0to\u00a0your\u00a0specifications.\u00a0Whether\u00a0it's\u00a0the\u00a0&quot;,&quot;marks&quot;:[]},{&quot;text&quot;:&quot;design\u00a0aesthetics&quot;,&quot;marks&quot;:[{&quot;type&quot;:&quot;bold&quot;}]},{&quot;text&quot;:&quot;\u00a0or\u00a0the\u00a0&quot;,&quot;marks&quot;:[]},{&quot;text&quot;:&quot;functional\u00a0features&quot;,&quot;marks&quot;:[{&quot;type&quot;:&quot;bold&quot;}]},{&quot;text&quot;:&quot;,\u00a0we\u00a0offer\u00a0full\u00a0customization\u00a0to\u00a0meet\u00a0your\u00a0requirements.&quot;,&quot;marks&quot;:[]}]}],&quot;state&quot;:{}},{&quot;type&quot;:&quot;block&quot;,&quot;id&quot;:&quot;3bPh-1734512910460&quot;,&quot;name&quot;:&quot;list-item&quot;,&quot;data&quot;:{&quot;listId&quot;:&quot;m1A3-1734512910477&quot;,&quot;listLevel&quot;:1,&quot;listType&quot;:&quot;unordered&quot;,&quot;style&quot;:{},&quot;version&quot;:1},&quot;nodes&quot;:[{&quot;type&quot;:&quot;text&quot;,&quot;id&quot;:&quot;G70j-1734512910459&quot;,&quot;leaves&quot;:[{&quot;text&quot;:&quot;Tailored\u00a0Technology\u00a0Integration:&quot;,&quot;marks&quot;:[]}]}],&quot;state&quot;:{&quot;index&quot;:2}},{&quot;type&quot;:&quot;block&quot;,&quot;id&quot;:&quot;wZOR-1734512910464&quot;,&quot;name&quot;:&quot;paragraph&quot;,&quot;data&quot;:{&quot;style&quot;:{},&quot;version&quot;:1},&quot;nodes&quot;:[{&quot;type&quot;:&quot;text&quot;,&quot;id&quot;:&quot;YnQc-1734512910463&quot;,&quot;leaves&quot;:[{&quot;text&quot;:&quot;We\u00a0integrate\u00a0the\u00a0latest\u00a0advancements\u00a0into\u00a0your\u00a0displays.\u00a0Our\u00a0team\u00a0ensures\u00a0seamless\u00a0compatibility\u00a0with\u00a0your\u00a0brand's\u00a0use\u00a0case,\u00a0whether\u00a0it\u2019s\u00a0for\u00a0&quot;,&quot;marks&quot;:[]},{&quot;text&quot;:&quot;digital\u00a0signage&quot;,&quot;marks&quot;:[{&quot;type&quot;:&quot;bold&quot;}]},{&quot;text&quot;:&quot;,\u00a0&quot;,&quot;marks&quot;:[]},{&quot;text&quot;:&quot;corporate\u00a0environments&quot;,&quot;marks&quot;:[{&quot;type&quot;:&quot;bold&quot;}]},{&quot;text&quot;:&quot;,\u00a0or\u00a0&quot;,&quot;marks&quot;:[]},{&quot;text&quot;:&quot;home\u00a0entertainment&quot;,&quot;marks&quot;:[{&quot;type&quot;:&quot;bold&quot;}]},{&quot;text&quot;:&quot;.&quot;,&quot;marks&quot;:[]}]}],&quot;state&quot;:{}},{&quot;type&quot;:&quot;block&quot;,&quot;id&quot;:&quot;W5JU-1734512910466&quot;,&quot;name&quot;:&quot;list-item&quot;,&quot;data&quot;:{&quot;listId&quot;:&quot;m1A3-1734512910477&quot;,&quot;listLevel&quot;:1,&quot;listType&quot;:&quot;unordered&quot;,&quot;style&quot;:{},&quot;version&quot;:1},&quot;nodes&quot;:[{&quot;type&quot;:&quot;text&quot;,&quot;id&quot;:&quot;aybS-1734512910465&quot;,&quot;leaves&quot;:[{&quot;text&quot;:&quot;End-to-End\u00a0Support:&quot;,&quot;marks&quot;:[]}]}],&quot;state&quot;:{&quot;index&quot;:3}},{&quot;type&quot;:&quot;block&quot;,&quot;id&quot;:&quot;sz53-1734512910470&quot;,&quot;name&quot;:&quot;paragraph&quot;,&quot;data&quot;:{&quot;style&quot;:{},&quot;version&quot;:1},&quot;nodes&quot;:[{&quot;type&quot;:&quot;text&quot;,&quot;id&quot;:&quot;IJEZ-1734512910469&quot;,&quot;leaves&quot;:[{&quot;text&quot;:&quot;We\u00a0handle\u00a0everything\u00a0from\u00a0&quot;,&quot;marks&quot;:[]},{&quot;text&quot;:&quot;product\u00a0development&quot;,&quot;marks&quot;:[{&quot;type&quot;:&quot;bold&quot;}]},{&quot;text&quot;:&quot;,\u00a0&quot;,&quot;marks&quot;:[]},{&quot;text&quot;:&quot;prototyping&quot;,&quot;marks&quot;:[{&quot;type&quot;:&quot;bold&quot;}]},{&quot;text&quot;:&quot;,\u00a0&quot;,&quot;marks&quot;:[]},{&quot;text&quot;:&quot;manufacturing&quot;,&quot;marks&quot;:[{&quot;type&quot;:&quot;bold&quot;}]},{&quot;text&quot;:&quot;,\u00a0to\u00a0&quot;,&quot;marks&quot;:[]},{&quot;text&quot;:&quot;quality\u00a0control&quot;,&quot;marks&quot;:[{&quot;type&quot;:&quot;bold&quot;}]},{&quot;text&quot;:&quot;,\u00a0ensuring\u00a0that\u00a0each\u00a0LED\u00a0display\u00a0meets\u00a0our\u00a0high\u00a0standards.\u00a0Our\u00a0dedicated\u00a0support\u00a0team\u00a0is\u00a0here\u00a0to\u00a0assist\u00a0throughout\u00a0the\u00a0entire\u00a0process,\u00a0ensuring\u00a0smooth\u00a0project\u00a0execution.&quot;,&quot;marks&quot;:[]}]}],&quot;state&quot;:{}},{&quot;type&quot;:&quot;block&quot;,&quot;id&quot;:&quot;dAEV-1734512910472&quot;,&quot;name&quot;:&quot;list-item&quot;,&quot;data&quot;:{&quot;listId&quot;:&quot;m1A3-1734512910477&quot;,&quot;listLevel&quot;:1,&quot;listType&quot;:&quot;unordered&quot;,&quot;style&quot;:{},&quot;version&quot;:1},&quot;nodes&quot;:[{&quot;type&quot;:&quot;text&quot;,&quot;id&quot;:&quot;FTXv-1734512910471&quot;,&quot;leaves&quot;:[{&quot;text&quot;:&quot;Global\u00a0Logistics\u00a0&amp;\u00a0Delivery:&quot;,&quot;marks&quot;:[]}]}],&quot;state&quot;:{&quot;index&quot;:4}},{&quot;type&quot;:&quot;block&quot;,&quot;id&quot;:&quot;wQfl-1734512910476&quot;,&quot;name&quot;:&quot;paragraph&quot;,&quot;data&quot;:{&quot;style&quot;:{},&quot;version&quot;:1},&quot;nodes&quot;:[{&quot;type&quot;:&quot;text&quot;,&quot;id&quot;:&quot;YHzv-1734512910475&quot;,&quot;leaves&quot;:[{&quot;text&quot;:&quot;With\u00a0a\u00a0global\u00a0network\u00a0of\u00a0partners\u00a0and\u00a0efficient\u00a0logistics\u00a0solutions,\u00a0we\u00a0deliver\u00a0your\u00a0custom\u00a0products\u00a0on\u00a0time\u00a0and\u00a0in\u00a0full,\u00a0wherever\u00a0you\u00a0are.&quot;,&quot;marks&quot;:[]}]}],&quot;state&quot;:{}}]\"><div id=\"7qwy-1734512988522\"><strong>I nostri servizi OEM\/ODM includono<\/strong>:<\/div><div><ul><li><strong>Progettazione di Prodotti Personalizzati<\/strong>:<br \/>Lavoriamo a stretto contatto con te per progettare soluzioni di display LED che riflettano la visione del tuo marchio, assicurandoci che ogni prodotto sia realizzato secondo le tue specifiche. Sia che si tratti dell'estetica del design o delle funzionalit\u00e0, offriamo una completa personalizzazione per soddisfare le tue esigenze.<\/li><\/ul><\/div><div><ul><li><strong>Integrazione Tecnologica Personalizzata<\/strong>:<br \/>Integriamo le ultime innovazioni nei tuoi display. La nostra squadra garantisce una compatibilit\u00e0 senza interruzioni con i casi d'uso del tuo marchio, sia che si tratti di segnaletica digitale, ambienti aziendali o intrattenimento domestico.<\/li><\/ul><\/div><div><ul><li><strong>Supporto Completo<\/strong>:<br \/>Gestiamo tutto, dallo sviluppo del prodotto, la prototipazione, la produzione alla qualit\u00e0, assicurando che ogni display LED soddisfi i nostri alti standard. La nostra squadra di supporto dedicata \u00e8 qui per assisterti durante tutto il processo, garantendo un'esecuzione di progetto fluida.<\/li><\/ul><\/div><div><ul><li><strong>Logistica Globale e Consegna<\/strong>:<br \/>Con una rete globale di partner e soluzioni logistiche efficienti, consegniamo i tuoi prodotti personalizzati in tempo e in modo completo, ovunque tu sia.<\/li><\/ul><\/div><\/article><p><strong>Perch\u00e9 Scegliere i Servizi OEM\/ODM di Lynnhan?<\/strong><\/p><ul><li><strong>Esperienza e Innovazione<\/strong>: Con pi\u00f9 di un decennio nell'industria tecnologica intelligente, Lynnhan porta una vasta conoscenza e una cultura dell'innovazione a ogni progetto.<\/li><li><strong>Assicurazione della Qualit\u00e0<\/strong>: La nostra impegno per la qualit\u00e0 \u00e8 evidente in ogni prodotto che produciamo. Seguiamo processi di controllo qualit\u00e0 rigorosi per assicurare che ogni prodotto soddisfi o superi gli standard industriali.<\/li><li><strong>Soluzioni Flessibili<\/strong>: Riconoscendo che ogni cliente ha esigenze uniche, offriamo servizi OEM\/ODM flessibili progettati per soddisfare vari requisiti e budget.<\/li><li><strong>Consegna Tempestiva<\/strong>: I nostri processi di produzione efficienti e la gestione robusta della catena di approvvigionamento garantiscono una consegna tempestiva dei tuoi prodotti, aiutandoti a entrare pi\u00f9 rapidamente sul mercato.<\/li><\/ul><p><strong>Iniziare con i Servizi OEM\/ODM di Lynnhan<\/strong><\/p><ol><li><strong>Consulenza<\/strong>: Contattaci per pianificare una consulenza. Durante questo incontro, discuteremo le tue esigenze di progetto, il mercato di destinazione e gli obiettivi.<\/li><li><strong>Proposta<\/strong>: Sulla base della consulenza iniziale, la nostra squadra fornir\u00e0 una proposta dettagliata che definisce l'ambito del progetto, il cronoprogramma e il costo.<\/li><li><strong>Progettazione e Prototipazione<\/strong>: Una volta approvata la proposta, passiamo alla fase di progettazione e prototipazione, dove le tue idee iniziano a prendere forma.<\/li><li><strong>Produzione<\/strong>: Dopo l'approvazione del prototipo, procediamo con la produzione, assicurandoci che ogni prodotto sia costruito secondo le specifiche.<\/li><li><strong>Controllo della Qualit\u00e0 e Consegna<\/strong>: La nostra squadra di controllo qualit\u00e0 testa rigorosamente ogni prodotto prima della consegna per assicurare che soddisfi i tuoi standard e i nostri.<\/li><\/ol><p><strong>Contattaci<\/strong><br \/>Per esplorare come i servizi OEM\/ODM di Lynnhan possano beneficiare della tua attivit\u00e0, per favore contattaci. Siamo entusiasti di collaborare con te per rendere la tua visione realt\u00e0.<\/p><ul><li><strong>Email<\/strong>: sales@lynnhan.com<\/li><li><strong>Telefono\/whatsapp<\/strong>: +86 189 2843 1537<\/li><li><strong>Modulo di contatto<\/strong>: Visita la nostra pagina web <a href=\"https:\/\/xinxiangt.sg-host.com\/sales-inquiry\/\"><strong><em>Richiesta di vendita<\/em><\/strong><\/a> per inviare una richiesta direttamente.<\/li><\/ul><p>A Lynnhan, siamo impegnati a favorire partnership a lungo termine con i nostri clienti offrendo servizi OEM\/ODM affidabili, innovativi e di alta qualit\u00e0. Collaboriamo per creare soluzioni tecnologiche intelligenti che guidino il successo.<\/p>\t\t\t\t\t\t\t\t<\/div>\n\t\t\t\t<\/div>\n\t\t\t\t\t<\/div>\n\t\t\t\t<\/div>\n\t\t\t\t<\/div>","protected":false},"excerpt":{"rendered":"<p>IntroductionLynnhan is dedicated to providing innovative smart technology solutions tailored to meet the diverse needs of our clients. With extensive experience in the industry, we offer comprehensive Original Equipment Manufacturer [\u2026]<\/p>","protected":false},"author":1,"featured_media":0,"parent":0,"menu_order":0,"comment_status":"closed","ping_status":"closed","template":"","meta":{"footnotes":""},"class_list":["post-488","page","type-page","status-publish","hentry"],"yoast_head":"<!-- This site is optimized with the Yoast SEO plugin v26.6 - https:\/\/yoast.com\/wordpress\/plugins\/seo\/ -->\n<title>OEM\/ODM Services - Lynnhan Interactive display supplier<\/title>\n<meta name=\"description\" content=\"Lynnhan Interactive display supplier-Discover how OEM\/ODM services can elevate your product quality and innovation.\" \/>\n<meta name=\"robots\" content=\"index, follow, max-snippet:-1, max-image-preview:large, max-video-preview:-1\" \/>\n<link rel=\"canonical\" href=\"https:\/\/lynnhan.com\/it\/oem-odm\/\" \/>\n<meta property=\"og:locale\" content=\"it_IT\" \/>\n<meta property=\"og:type\" content=\"article\" \/>\n<meta property=\"og:title\" content=\"OEM\/ODM Services - Lynnhan Interactive display supplier\" \/>\n<meta property=\"og:description\" content=\"Lynnhan Interactive display supplier-Discover how OEM\/ODM services can elevate your product quality and innovation.\" \/>\n<meta property=\"og:url\" content=\"https:\/\/lynnhan.com\/it\/oem-odm\/\" \/>\n<meta property=\"og:site_name\" content=\"Lynnhan - Trusted Supplier | LED\/OLED\/LCD\/E-paper digital signages\" \/>\n<meta property=\"article:modified_time\" content=\"2025-02-12T14:58:52+00:00\" \/>\n<meta property=\"og:image\" content=\"https:\/\/pub-78925c7bf9ca4c6d820df8293a5c116c.r2.dev\/2024\/12\/OEM.webp\" \/>\n<meta name=\"twitter:card\" content=\"summary_large_image\" \/>\n<meta name=\"twitter:label1\" content=\"Tempo di lettura stimato\" \/>\n\t<meta name=\"twitter:data1\" content=\"3 minuti\" \/>\n<script type=\"application\/ld+json\" class=\"yoast-schema-graph\">{\"@context\":\"https:\/\/schema.org\",\"@graph\":[{\"@type\":\"WebPage\",\"@id\":\"https:\/\/lynnhan.com\/fi\/oem-odm\/\",\"url\":\"https:\/\/lynnhan.com\/fi\/oem-odm\/\",\"name\":\"OEM\/ODM Services - Lynnhan Interactive display supplier\",\"isPartOf\":{\"@id\":\"https:\/\/lynnhan.com\/km\/#website\"},\"primaryImageOfPage\":{\"@id\":\"https:\/\/lynnhan.com\/fi\/oem-odm\/#primaryimage\"},\"image\":{\"@id\":\"https:\/\/lynnhan.com\/fi\/oem-odm\/#primaryimage\"},\"thumbnailUrl\":\"https:\/\/pub-78925c7bf9ca4c6d820df8293a5c116c.r2.dev\/2024\/12\/OEM.webp\",\"datePublished\":\"2024-02-26T13:50:42+00:00\",\"dateModified\":\"2025-02-12T14:58:52+00:00\",\"description\":\"Lynnhan Interactive display supplier-Discover how OEM\/ODM services can elevate your product quality and innovation.\",\"breadcrumb\":{\"@id\":\"https:\/\/lynnhan.com\/fi\/oem-odm\/#breadcrumb\"},\"inLanguage\":\"it-IT\",\"potentialAction\":[{\"@type\":\"ReadAction\",\"target\":[\"https:\/\/lynnhan.com\/fi\/oem-odm\/\"]}]},{\"@type\":\"ImageObject\",\"inLanguage\":\"it-IT\",\"@id\":\"https:\/\/lynnhan.com\/fi\/oem-odm\/#primaryimage\",\"url\":\"https:\/\/pub-78925c7bf9ca4c6d820df8293a5c116c.r2.dev\/2024\/12\/OEM.webp\",\"contentUrl\":\"https:\/\/pub-78925c7bf9ca4c6d820df8293a5c116c.r2.dev\/2024\/12\/OEM.webp\"},{\"@type\":\"BreadcrumbList\",\"@id\":\"https:\/\/lynnhan.com\/fi\/oem-odm\/#breadcrumb\",\"itemListElement\":[{\"@type\":\"ListItem\",\"position\":1,\"name\":\"Home\",\"item\":\"https:\/\/lynnhan.com\/\"},{\"@type\":\"ListItem\",\"position\":2,\"name\":\"OEM\/ODM\"}]},{\"@type\":\"WebSite\",\"@id\":\"https:\/\/lynnhan.com\/km\/#website\",\"url\":\"https:\/\/lynnhan.com\/km\/\",\"name\":\"Lynnhan - Trusted Supplier | LED\/OLED\/LCD\/E-paper digital signages\",\"description\":\"Lynnhan - Trusted Supplier |  LED\/OLED\/LCD\/E-paper digital signages\",\"publisher\":{\"@id\":\"https:\/\/lynnhan.com\/km\/#organization\"},\"potentialAction\":[{\"@type\":\"SearchAction\",\"target\":{\"@type\":\"EntryPoint\",\"urlTemplate\":\"https:\/\/lynnhan.com\/km\/?s={search_term_string}\"},\"query-input\":{\"@type\":\"PropertyValueSpecification\",\"valueRequired\":true,\"valueName\":\"search_term_string\"}}],\"inLanguage\":\"it-IT\"},{\"@type\":\"Organization\",\"@id\":\"https:\/\/lynnhan.com\/km\/#organization\",\"name\":\"Lynnhan - Trusted Supplier | LED\/OLED\/LCD\/E-paper digital signages\",\"url\":\"https:\/\/lynnhan.com\/km\/\",\"logo\":{\"@type\":\"ImageObject\",\"inLanguage\":\"it-IT\",\"@id\":\"https:\/\/lynnhan.com\/km\/#\/schema\/logo\/image\/\",\"url\":\"https:\/\/pub-78925c7bf9ca4c6d820df8293a5c116c.r2.dev\/2024\/07\/LynnHan-logo3.png\",\"contentUrl\":\"https:\/\/pub-78925c7bf9ca4c6d820df8293a5c116c.r2.dev\/2024\/07\/LynnHan-logo3.png\",\"width\":390,\"height\":130,\"caption\":\"Lynnhan - Trusted Supplier | LED\/OLED\/LCD\/E-paper digital signages\"},\"image\":{\"@id\":\"https:\/\/lynnhan.com\/km\/#\/schema\/logo\/image\/\"}}]}<\/script>\n<!-- \/ Yoast SEO plugin. -->","yoast_head_json":{"title":"Servizi OEM\/ODM - Fornitore di display Lynnhan Interactive","description":"Lynnhan Interactive fornitore di display - Scopri come i servizi OEM\/ODM possono migliorare la qualit\u00e0 e l'innovazione del tuo prodotto.","robots":{"index":"index","follow":"follow","max-snippet":"max-snippet:-1","max-image-preview":"max-image-preview:large","max-video-preview":"max-video-preview:-1"},"canonical":"https:\/\/lynnhan.com\/it\/oem-odm\/","og_locale":"it_IT","og_type":"article","og_title":"OEM\/ODM Services - Lynnhan Interactive display supplier","og_description":"Lynnhan Interactive display supplier-Discover how OEM\/ODM services can elevate your product quality and innovation.","og_url":"https:\/\/lynnhan.com\/it\/oem-odm\/","og_site_name":"Lynnhan - Trusted Supplier | LED\/OLED\/LCD\/E-paper digital signages","article_modified_time":"2025-02-12T14:58:52+00:00","og_image":[{"url":"https:\/\/pub-78925c7bf9ca4c6d820df8293a5c116c.r2.dev\/2024\/12\/OEM.webp","type":"","width":"","height":""}],"twitter_card":"summary_large_image","twitter_misc":{"Tempo di lettura stimato":"3 minuti"},"schema":{"@context":"https:\/\/schema.org","@graph":[{"@type":"WebPage","@id":"https:\/\/lynnhan.com\/fi\/oem-odm\/","url":"https:\/\/lynnhan.com\/fi\/oem-odm\/","name":"Servizi OEM\/ODM - Fornitore di display Lynnhan Interactive","isPartOf":{"@id":"https:\/\/lynnhan.com\/km\/#website"},"primaryImageOfPage":{"@id":"https:\/\/lynnhan.com\/fi\/oem-odm\/#primaryimage"},"image":{"@id":"https:\/\/lynnhan.com\/fi\/oem-odm\/#primaryimage"},"thumbnailUrl":"https:\/\/pub-78925c7bf9ca4c6d820df8293a5c116c.r2.dev\/2024\/12\/OEM.webp","datePublished":"2024-02-26T13:50:42+00:00","dateModified":"2025-02-12T14:58:52+00:00","description":"Lynnhan Interactive fornitore di display - Scopri come i servizi OEM\/ODM possono migliorare la qualit\u00e0 e l'innovazione del tuo prodotto.","breadcrumb":{"@id":"https:\/\/lynnhan.com\/fi\/oem-odm\/#breadcrumb"},"inLanguage":"it-IT","potentialAction":[{"@type":"ReadAction","target":["https:\/\/lynnhan.com\/fi\/oem-odm\/"]}]},{"@type":"ImageObject","inLanguage":"it-IT","@id":"https:\/\/lynnhan.com\/fi\/oem-odm\/#primaryimage","url":"https:\/\/pub-78925c7bf9ca4c6d820df8293a5c116c.r2.dev\/2024\/12\/OEM.webp","contentUrl":"https:\/\/pub-78925c7bf9ca4c6d820df8293a5c116c.r2.dev\/2024\/12\/OEM.webp"},{"@type":"BreadcrumbList","@id":"https:\/\/lynnhan.com\/fi\/oem-odm\/#breadcrumb","itemListElement":[{"@type":"ListItem","position":1,"name":"Home","item":"https:\/\/lynnhan.com\/"},{"@type":"ListItem","position":2,"name":"OEM\/ODM"}]},{"@type":"WebSite","@id":"https:\/\/lynnhan.com\/km\/#website","url":"https:\/\/lynnhan.com\/km\/","name":"Lynnhan - Fornitore di fiducia | Segnaletiche digitali LED\/OLED\/LCD\/E-paper","description":"Lynnhan - Fornitore di fiducia |  Segnaletiche digitali LED\/OLED\/LCD\/E-paper","publisher":{"@id":"https:\/\/lynnhan.com\/km\/#organization"},"potentialAction":[{"@type":"SearchAction","target":{"@type":"EntryPoint","urlTemplate":"https:\/\/lynnhan.com\/km\/?s={search_term_string}"},"query-input":{"@type":"PropertyValueSpecification","valueRequired":true,"valueName":"search_term_string"}}],"inLanguage":"it-IT"},{"@type":"Organization","@id":"https:\/\/lynnhan.com\/km\/#organization","name":"Lynnhan - Fornitore di fiducia | Segnaletiche digitali LED\/OLED\/LCD\/E-paper","url":"https:\/\/lynnhan.com\/km\/","logo":{"@type":"ImageObject","inLanguage":"it-IT","@id":"https:\/\/lynnhan.com\/km\/#\/schema\/logo\/image\/","url":"https:\/\/pub-78925c7bf9ca4c6d820df8293a5c116c.r2.dev\/2024\/07\/LynnHan-logo3.png","contentUrl":"https:\/\/pub-78925c7bf9ca4c6d820df8293a5c116c.r2.dev\/2024\/07\/LynnHan-logo3.png","width":390,"height":130,"caption":"Lynnhan - Trusted Supplier | LED\/OLED\/LCD\/E-paper digital signages"},"image":{"@id":"https:\/\/lynnhan.com\/km\/#\/schema\/logo\/image\/"}}]}},"jetpack_sharing_enabled":true,"_links":{"self":[{"href":"https:\/\/lynnhan.com\/it\/wp-json\/wp\/v2\/pages\/488","targetHints":{"allow":["GET"]}}],"collection":[{"href":"https:\/\/lynnhan.com\/it\/wp-json\/wp\/v2\/pages"}],"about":[{"href":"https:\/\/lynnhan.com\/it\/wp-json\/wp\/v2\/types\/page"}],"author":[{"embeddable":true,"href":"https:\/\/lynnhan.com\/it\/wp-json\/wp\/v2\/users\/1"}],"replies":[{"embeddable":true,"href":"https:\/\/lynnhan.com\/it\/wp-json\/wp\/v2\/comments?post=488"}],"version-history":[{"count":0,"href":"https:\/\/lynnhan.com\/it\/wp-json\/wp\/v2\/pages\/488\/revisions"}],"wp:attachment":[{"href":"https:\/\/lynnhan.com\/it\/wp-json\/wp\/v2\/media?parent=488"}],"curies":[{"name":"wp","href":"https:\/\/api.w.org\/{rel}","templated":true}]}}