{"id":603,"date":"2024-02-28T03:02:21","date_gmt":"2024-02-28T03:02:21","guid":{"rendered":"https:\/\/lynnhan.com\/?page_id=603"},"modified":"2024-12-18T10:29:55","modified_gmt":"2024-12-18T10:29:55","slug":"notkunnumyrki","status":"publish","type":"page","link":"https:\/\/lynnhan.com\/is\/notkunnumyrki\/","title":{"rendered":"Skilm\u00e1lar um \u00fej\u00f3nustu"},"content":{"rendered":"<div data-elementor-type=\"wp-page\" data-elementor-id=\"603\" class=\"elementor elementor-603\" data-elementor-post-type=\"page\">\n\t\t\t\t<div class=\"elementor-element elementor-element-15d4236 e-flex e-con-boxed e-con e-parent\" data-id=\"15d4236\" data-element_type=\"container\">\n\t\t\t\t\t<div class=\"e-con-inner\">\n\t\t\t\t<div class=\"elementor-element elementor-element-86e3659 elementor-widget elementor-widget-image\" data-id=\"86e3659\" data-element_type=\"widget\" data-widget_type=\"image.default\">\n\t\t\t\t<div class=\"elementor-widget-container\">\n\t\t\t\t\t\t\t\t\t\t\t\t\t\t\t<img fetchpriority=\"high\" decoding=\"async\" width=\"1456\" height=\"816\" src=\"https:\/\/pub-78925c7bf9ca4c6d820df8293a5c116c.r2.dev\/2024\/12\/Terms-Of-Service.webp\" class=\"attachment-full size-full wp-image-3307\" alt=\"All in One LED Skilm\u00e1lastefning\" srcset=\"https:\/\/pub-78925c7bf9ca4c6d820df8293a5c116c.r2.dev\/2024\/12\/Terms-Of-Service.webp 1456w, https:\/\/pub-78925c7bf9ca4c6d820df8293a5c116c.r2.dev\/2024\/12\/Terms-Of-Service-700x392.webp 700w, https:\/\/pub-78925c7bf9ca4c6d820df8293a5c116c.r2.dev\/2024\/12\/Terms-Of-Service-1024x574.webp 1024w, https:\/\/pub-78925c7bf9ca4c6d820df8293a5c116c.r2.dev\/2024\/12\/Terms-Of-Service-768x430.webp 768w, https:\/\/pub-78925c7bf9ca4c6d820df8293a5c116c.r2.dev\/2024\/12\/Terms-Of-Service-18x10.webp 18w, https:\/\/pub-78925c7bf9ca4c6d820df8293a5c116c.r2.dev\/2024\/12\/Terms-Of-Service-1140x639.webp 1140w, https:\/\/pub-78925c7bf9ca4c6d820df8293a5c116c.r2.dev\/2024\/12\/Terms-Of-Service-920x516.webp 920w, https:\/\/pub-78925c7bf9ca4c6d820df8293a5c116c.r2.dev\/2024\/12\/Terms-Of-Service-575x322.webp 575w, https:\/\/pub-78925c7bf9ca4c6d820df8293a5c116c.r2.dev\/2024\/12\/Terms-Of-Service-380x213.webp 380w, https:\/\/pub-78925c7bf9ca4c6d820df8293a5c116c.r2.dev\/2024\/12\/Terms-Of-Service-1320x740.webp 1320w, https:\/\/pub-78925c7bf9ca4c6d820df8293a5c116c.r2.dev\/2024\/12\/Terms-Of-Service-800x448.webp 800w\" sizes=\"(max-width: 1456px) 100vw, 1456px\" \/>\t\t\t\t\t\t\t\t\t\t\t\t\t\t\t<\/div>\n\t\t\t\t<\/div>\n\t\t\t\t\t<\/div>\n\t\t\t\t<\/div>\n\t\t<div class=\"elementor-element elementor-element-c870f31 e-flex e-con-boxed e-con e-parent\" data-id=\"c870f31\" data-element_type=\"container\">\n\t\t\t\t\t<div class=\"e-con-inner\">\n\t\t\t\t<div class=\"elementor-element elementor-element-1d30a00 elementor-widget elementor-widget-text-editor\" data-id=\"1d30a00\" data-element_type=\"widget\" data-widget_type=\"text-editor.default\">\n\t\t\t\t<div class=\"elementor-widget-container\">\n\t\t\t\t\t\t\t\t\t<h3>1. Skilm\u00e1lastefningar fyrir Lynnhan<\/h3><p><strong>2. Velkominn til Lynnhan<\/strong><\/p><p>3. Takk fyrir a\u00f0 velja Lynnhan fyrir smarta tekn\u00f3log\u00edu \u00fe\u00ednar. Me\u00f0 a\u00f0 sko\u00f0a og nota vefsv\u00e6\u00f0i\u00f0, v\u00f6rurnar og \u00fej\u00f3nusturnar okkar, samastalda \u00fe\u00fa \u00feig vi\u00f0 og ver\u00f0ur bundin vi\u00f0 eftirfarandi skilm\u00e1lastefningar og beting. \u00deessar skilm\u00e1lar virka fyrir allar notendur, heimspekingar og a\u00f0rir sem n\u00e1lgast e\u00f0a nota \u00fej\u00f3nustuna. Vinsamlegast lesa \u00feessar skilm\u00e1lar \u00e1\u00f0ur en \u00fe\u00fa notar \u00fej\u00f3nusturnar okkar.<\/p><p><strong>4. Notkun \u00fej\u00f3nustu okkar<\/strong><\/p><ul><li><strong>5. \u00de\u00e1tttakandi<\/strong>6. : \u00de\u00fa ver\u00f0ur a\u00f0 vera a\u00f0 minnsta kosti 18 \u00e1ra gamall til a\u00f0 nota \u00fej\u00f3nusturnar okkar e\u00f0a hafa l\u00f6gleg gamald\u00f3ms- e\u00f0a gu\u00f0m\u00f3\u00f0ursleyni ef \u00fe\u00fa ert unglinn \u00ed \u00fe\u00ednum r\u00edkislandi.<\/li><li><strong>7. Notkunarleyfi<\/strong>8. : Lynnhan gefur \u00fe\u00e9r a\u00f0 skj\u00e1lfta, ekki einkarekna, \u00f3flytjanlegu notkunarleyfi til a\u00f0 n\u00e1lgast og nota \u00fej\u00f3nusturnar okkar til pers\u00f3nulega e\u00f0a innanr\u00edkislegu hagkerfisnotkunar, undir \u00feessum skilm\u00e1lum. Notkun \u00fej\u00f3nustu okkar<\/li><li><strong>9. Skr\u00e1ning \u00e1 a\u00f0gangi<\/strong>10. : Sumir hlutar af \u00fej\u00f3nustunum okkar gera \u00fearf a\u00f0 \u00fe\u00fa skr\u00e1st. \u00de\u00fa ert skyldingu fyrir a\u00f0 halda gagnvini\u00f0ni \u00e1 a\u00f0gangsau\u00f0kennunum \u00fe\u00ednum og fyrir allar a\u00f0ger\u00f0ir sem ferast undir a\u00f0ganginum \u00fe\u00ednum.<\/li><\/ul><p><strong>11. Bannastu\u00f0 a\u00f0ger\u00f0ir<\/strong><\/p><p>12. \u00de\u00fa samast\u00e6\u00f0ast ekki vi\u00f0 eftirfarandi bannastu\u00f0 a\u00f0ger\u00f0ir:<\/p><ul><li>13. A\u00f0 nota \u00fej\u00f3nustuna fyrir \u00f3l\u00f6gleg \u00e1skor\u00f0 e\u00f0a \u00e1 bryti \u00e1 l\u00f6gum, sveitarstj\u00f3rnarreglunum, r\u00edkis- e\u00f0a al\u00fej\u00f3\u00f0as\u00f6gunum.<\/li><li>14. Brot \u00e1 e\u00f0a tilraunir til a\u00f0 brota \u00e1 \u00f6ryggi \u00fej\u00f3nustu okkar.<\/li><li>15. A\u00f0 nota \u00fej\u00f3nustuna til a\u00f0 dreifa malv\u00e6ri e\u00f0a skammt content.<\/li><li>16. A\u00f0 gera lagaofanberun \u00e1 eignaetturum e\u00f0a eignarr\u00e9ttum Lynnhan e\u00f0a annarra.<\/li><\/ul><p><strong>Geistiges Eigentum<\/strong><\/p><p>17. \u00d6ll innihald sem er birt \u00e1 \u00fej\u00f3nustunum okkar, eins og texta, myndarger\u00f0a, merkinga, myndir og hugb\u00fana\u00f0ur, er eiga til Lynnhan e\u00f0a a\u00f0ra inngangshafa og er var\u00f0veitt af al\u00fej\u00f3\u00f0legum upphafarr\u00e9ttum og eignaettarl\u00f6gdum.<\/p><p><strong>18. Notenda innihald<\/strong><\/p><p>19. Ef \u00fe\u00fa setur upp, sendir upp e\u00f0a \u00e1 annan h\u00e1tt gerir \u00fe\u00fa innihald tilt\u00f6lulega tilt\u00e6kt \u00e1 \u00fej\u00f3nustunum okkar, \u00fe\u00fa gefur Lynnhan a\u00f0 skj\u00e1lfta, heildara, \u00f3ver\u00f0ugt notkunarleyfi til a\u00f0 nota, afmynda, breyta og birta \u00feetta innihald \u00ed tengslum vi\u00f0 a\u00f0 bera fram \u00fej\u00f3nustuna.<\/p><p><strong>20. Upplausn<\/strong><\/p><p>21. Lynnhan \u00e1hyggir s\u00e9r r\u00e9tt a\u00f0 l\u00f8yfa e\u00f0a l\u00e6gja a\u00f0ganginn til \u00fej\u00f3nustu okkar \u00e1n \u00e1\u00f0urskr\u00e1ningar e\u00f0a \u00e1byrg\u00f0ar, af eftirfarandi \u00e1st\u00e6\u00f0um, me\u00f0al annars ef \u00fe\u00fa breytist \u00ed skilm\u00e1lunum.<\/p><p><strong>22. Afs\u00f6gn um varnarleyfi<\/strong><\/p><p>23. \u00dej\u00f3nusturnar okkar eru birtar \u00e1 \"svo sem eru\" og<\/p><p><strong>Limitation of Liability<\/strong><\/p><p>In no event shall Lynnhan or its suppliers be liable for any indirect, incidental, special, consequential, or punitive damages arising out of or in connection with your use of our services.<\/p><p><strong>Changes to Terms of Service<\/strong><\/p><p>Lynnhan reserves the right, at our sole discretion, to modify or replace these Terms of Service at any time. We will provide notice of any significant changes. By continuing to access or use our services after those revisions become effective, you agree to be bound by the revised terms.<\/p><p><strong>Contact Us<\/strong><\/p><p>If you have any questions about these Terms of Service, please contact us at contact@xinxiangt.sg-host.com.<\/p><p><strong>Effective Date: 02.28.2024<br \/><\/strong><\/p><p>By accessing or using our services, you acknowledge that you have read, understood, and agree to be bound by these Terms of Service.<\/p>\t\t\t\t\t\t\t\t<\/div>\n\t\t\t\t<\/div>\n\t\t\t\t\t<\/div>\n\t\t\t\t<\/div>\n\t\t\t\t<\/div>","protected":false},"excerpt":{"rendered":"<p>Terms of Service for Lynnhan Welcome to Lynnhan Thank you for choosing Lynnhan for your smart technology needs. By accessing and using our website, products, and services, you agree to [\u2026]<\/p>","protected":false},"author":1,"featured_media":0,"parent":0,"menu_order":0,"comment_status":"closed","ping_status":"closed","template":"","meta":{"footnotes":""},"class_list":["post-603","page","type-page","status-publish","hentry"],"yoast_head":"<!-- This site is optimized with the Yoast SEO plugin v26.6 - https:\/\/yoast.com\/wordpress\/plugins\/seo\/ -->\n<title>LynnHan Terms of Service: Your Guide to Safe Shopping<\/title>\n<meta name=\"description\" content=\"Fairness and transparency are at the heart of LynnHan&#039;s Terms of Service. Discover how we&#039;re dedicated to your satisfaction.\" \/>\n<meta name=\"robots\" content=\"index, follow, max-snippet:-1, max-image-preview:large, max-video-preview:-1\" \/>\n<link rel=\"canonical\" href=\"https:\/\/lynnhan.com\/is\/notkunnumyrki\/\" \/>\n<meta property=\"og:locale\" content=\"is_IS\" \/>\n<meta property=\"og:type\" content=\"article\" \/>\n<meta property=\"og:title\" content=\"LynnHan Terms of Service: Your Guide to Safe Shopping\" \/>\n<meta property=\"og:description\" content=\"Fairness and transparency are at the heart of LynnHan&#039;s Terms of Service. Discover how we&#039;re dedicated to your satisfaction.\" \/>\n<meta property=\"og:url\" content=\"https:\/\/lynnhan.com\/is\/notkunnumyrki\/\" \/>\n<meta property=\"og:site_name\" content=\"Lynnhan - Trusted Supplier | LED\/OLED\/LCD\/E-paper digital signages\" \/>\n<meta property=\"article:modified_time\" content=\"2024-12-18T10:29:55+00:00\" \/>\n<meta property=\"og:image\" content=\"https:\/\/pub-78925c7bf9ca4c6d820df8293a5c116c.r2.dev\/2024\/12\/Terms-Of-Service.webp\" \/>\n<meta name=\"twitter:card\" content=\"summary_large_image\" \/>\n<meta name=\"twitter:label1\" content=\"Est. reading time\" \/>\n\t<meta name=\"twitter:data1\" content=\"3 minutes\" \/>\n<script type=\"application\/ld+json\" class=\"yoast-schema-graph\">{\"@context\":\"https:\/\/schema.org\",\"@graph\":[{\"@type\":\"WebPage\",\"@id\":\"https:\/\/lynnhan.com\/bo\/terms-of-service\/\",\"url\":\"https:\/\/lynnhan.com\/bo\/terms-of-service\/\",\"name\":\"LynnHan Terms of Service: Your Guide to Safe Shopping\",\"isPartOf\":{\"@id\":\"https:\/\/lynnhan.com\/km\/#website\"},\"primaryImageOfPage\":{\"@id\":\"https:\/\/lynnhan.com\/bo\/terms-of-service\/#primaryimage\"},\"image\":{\"@id\":\"https:\/\/lynnhan.com\/bo\/terms-of-service\/#primaryimage\"},\"thumbnailUrl\":\"https:\/\/pub-78925c7bf9ca4c6d820df8293a5c116c.r2.dev\/2024\/12\/Terms-Of-Service.webp\",\"datePublished\":\"2024-02-28T03:02:21+00:00\",\"dateModified\":\"2024-12-18T10:29:55+00:00\",\"description\":\"Fairness and transparency are at the heart of LynnHan's Terms of Service. Discover how we're dedicated to your satisfaction.\",\"breadcrumb\":{\"@id\":\"https:\/\/lynnhan.com\/bo\/terms-of-service\/#breadcrumb\"},\"inLanguage\":\"is\",\"potentialAction\":[{\"@type\":\"ReadAction\",\"target\":[\"https:\/\/lynnhan.com\/bo\/terms-of-service\/\"]}]},{\"@type\":\"ImageObject\",\"inLanguage\":\"is\",\"@id\":\"https:\/\/lynnhan.com\/bo\/terms-of-service\/#primaryimage\",\"url\":\"https:\/\/pub-78925c7bf9ca4c6d820df8293a5c116c.r2.dev\/2024\/12\/Terms-Of-Service.webp\",\"contentUrl\":\"https:\/\/pub-78925c7bf9ca4c6d820df8293a5c116c.r2.dev\/2024\/12\/Terms-Of-Service.webp\"},{\"@type\":\"BreadcrumbList\",\"@id\":\"https:\/\/lynnhan.com\/bo\/terms-of-service\/#breadcrumb\",\"itemListElement\":[{\"@type\":\"ListItem\",\"position\":1,\"name\":\"Home\",\"item\":\"https:\/\/lynnhan.com\/\"},{\"@type\":\"ListItem\",\"position\":2,\"name\":\"Terms Of Service\"}]},{\"@type\":\"WebSite\",\"@id\":\"https:\/\/lynnhan.com\/km\/#website\",\"url\":\"https:\/\/lynnhan.com\/km\/\",\"name\":\"Lynnhan - Trusted Supplier | LED\/OLED\/LCD\/E-paper digital signages\",\"description\":\"Lynnhan - Trusted Supplier |  LED\/OLED\/LCD\/E-paper digital signages\",\"publisher\":{\"@id\":\"https:\/\/lynnhan.com\/km\/#organization\"},\"potentialAction\":[{\"@type\":\"SearchAction\",\"target\":{\"@type\":\"EntryPoint\",\"urlTemplate\":\"https:\/\/lynnhan.com\/km\/?s={search_term_string}\"},\"query-input\":{\"@type\":\"PropertyValueSpecification\",\"valueRequired\":true,\"valueName\":\"search_term_string\"}}],\"inLanguage\":\"is\"},{\"@type\":\"Organization\",\"@id\":\"https:\/\/lynnhan.com\/km\/#organization\",\"name\":\"Lynnhan - Trusted Supplier | LED\/OLED\/LCD\/E-paper digital signages\",\"url\":\"https:\/\/lynnhan.com\/km\/\",\"logo\":{\"@type\":\"ImageObject\",\"inLanguage\":\"is\",\"@id\":\"https:\/\/lynnhan.com\/km\/#\/schema\/logo\/image\/\",\"url\":\"https:\/\/pub-78925c7bf9ca4c6d820df8293a5c116c.r2.dev\/2024\/07\/LynnHan-logo3.png\",\"contentUrl\":\"https:\/\/pub-78925c7bf9ca4c6d820df8293a5c116c.r2.dev\/2024\/07\/LynnHan-logo3.png\",\"width\":390,\"height\":130,\"caption\":\"Lynnhan - Trusted Supplier | LED\/OLED\/LCD\/E-paper digital signages\"},\"image\":{\"@id\":\"https:\/\/lynnhan.com\/km\/#\/schema\/logo\/image\/\"}}]}<\/script>\n<!-- \/ Yoast SEO plugin. -->","yoast_head_json":{"title":"LynnHan notkunnumyndir: \u00de\u00edn leidni til tryggar notkunar","description":"H\u00e6fileg\u00f0 og gjarnleiki eru hjartast\u00f6\u00f0u \u00ed Skilm\u00e1la\u00fej\u00f3nustunni hj\u00e1 LynnHan. Finndu hvernig vi\u00f0 er fastir a\u00f0 fullnustu \u00fe\u00e9r.","robots":{"index":"index","follow":"follow","max-snippet":"max-snippet:-1","max-image-preview":"max-image-preview:large","max-video-preview":"max-video-preview:-1"},"canonical":"https:\/\/lynnhan.com\/is\/notkunnumyrki\/","og_locale":"is_IS","og_type":"article","og_title":"LynnHan Terms of Service: Your Guide to Safe Shopping","og_description":"Fairness and transparency are at the heart of LynnHan's Terms of Service. Discover how we're dedicated to your satisfaction.","og_url":"https:\/\/lynnhan.com\/is\/notkunnumyrki\/","og_site_name":"Lynnhan - Trusted Supplier | LED\/OLED\/LCD\/E-paper digital signages","article_modified_time":"2024-12-18T10:29:55+00:00","og_image":[{"url":"https:\/\/pub-78925c7bf9ca4c6d820df8293a5c116c.r2.dev\/2024\/12\/Terms-Of-Service.webp","type":"","width":"","height":""}],"twitter_card":"summary_large_image","twitter_misc":{"Est. reading time":"3 minutes"},"schema":{"@context":"https:\/\/schema.org","@graph":[{"@type":"WebPage","@id":"https:\/\/lynnhan.com\/bo\/terms-of-service\/","url":"https:\/\/lynnhan.com\/bo\/terms-of-service\/","name":"LynnHan notkunnumyndir: \u00de\u00edn leidni til tryggar notkunar","isPartOf":{"@id":"https:\/\/lynnhan.com\/km\/#website"},"primaryImageOfPage":{"@id":"https:\/\/lynnhan.com\/bo\/terms-of-service\/#primaryimage"},"image":{"@id":"https:\/\/lynnhan.com\/bo\/terms-of-service\/#primaryimage"},"thumbnailUrl":"https:\/\/pub-78925c7bf9ca4c6d820df8293a5c116c.r2.dev\/2024\/12\/Terms-Of-Service.webp","datePublished":"2024-02-28T03:02:21+00:00","dateModified":"2024-12-18T10:29:55+00:00","description":"H\u00e6fileg\u00f0 og gjarnleiki eru hjartast\u00f6\u00f0u \u00ed Skilm\u00e1la\u00fej\u00f3nustunni hj\u00e1 LynnHan. Finndu hvernig vi\u00f0 er fastir a\u00f0 fullnustu \u00fe\u00e9r.","breadcrumb":{"@id":"https:\/\/lynnhan.com\/bo\/terms-of-service\/#breadcrumb"},"inLanguage":"is","potentialAction":[{"@type":"ReadAction","target":["https:\/\/lynnhan.com\/bo\/terms-of-service\/"]}]},{"@type":"ImageObject","inLanguage":"is","@id":"https:\/\/lynnhan.com\/bo\/terms-of-service\/#primaryimage","url":"https:\/\/pub-78925c7bf9ca4c6d820df8293a5c116c.r2.dev\/2024\/12\/Terms-Of-Service.webp","contentUrl":"https:\/\/pub-78925c7bf9ca4c6d820df8293a5c116c.r2.dev\/2024\/12\/Terms-Of-Service.webp"},{"@type":"BreadcrumbList","@id":"https:\/\/lynnhan.com\/bo\/terms-of-service\/#breadcrumb","itemListElement":[{"@type":"ListItem","position":1,"name":"Home","item":"https:\/\/lynnhan.com\/"},{"@type":"ListItem","position":2,"name":"Terms Of Service"}]},{"@type":"WebSite","@id":"https:\/\/lynnhan.com\/km\/#website","url":"https:\/\/lynnhan.com\/km\/","name":"Lynnhan - Tilverkari\u00f0 vi\u00f0 treystir | LED\/OLED\/LCD\/E-paper digitalsignar","description":"Lynnhan - Tilf\u00f6rlitleg for\u00f0a |  LED\/OLED\/LCD\/e-pap\u00edr digit\u00e1ln\u00ed sk\u00fdrslur","publisher":{"@id":"https:\/\/lynnhan.com\/km\/#organization"},"potentialAction":[{"@type":"SearchAction","target":{"@type":"EntryPoint","urlTemplate":"https:\/\/lynnhan.com\/km\/?s={search_term_string}"},"query-input":{"@type":"PropertyValueSpecification","valueRequired":true,"valueName":"search_term_string"}}],"inLanguage":"is"},{"@type":"Organization","@id":"https:\/\/lynnhan.com\/km\/#organization","name":"Lynnhan - Tilverkari\u00f0 vi\u00f0 treystir | LED\/OLED\/LCD\/E-paper digitalsignar","url":"https:\/\/lynnhan.com\/km\/","logo":{"@type":"ImageObject","inLanguage":"is","@id":"https:\/\/lynnhan.com\/km\/#\/schema\/logo\/image\/","url":"https:\/\/pub-78925c7bf9ca4c6d820df8293a5c116c.r2.dev\/2024\/07\/LynnHan-logo3.png","contentUrl":"https:\/\/pub-78925c7bf9ca4c6d820df8293a5c116c.r2.dev\/2024\/07\/LynnHan-logo3.png","width":390,"height":130,"caption":"Lynnhan - Trusted Supplier | LED\/OLED\/LCD\/E-paper digital signages"},"image":{"@id":"https:\/\/lynnhan.com\/km\/#\/schema\/logo\/image\/"}}]}},"jetpack_sharing_enabled":true,"_links":{"self":[{"href":"https:\/\/lynnhan.com\/is\/wp-json\/wp\/v2\/pages\/603","targetHints":{"allow":["GET"]}}],"collection":[{"href":"https:\/\/lynnhan.com\/is\/wp-json\/wp\/v2\/pages"}],"about":[{"href":"https:\/\/lynnhan.com\/is\/wp-json\/wp\/v2\/types\/page"}],"author":[{"embeddable":true,"href":"https:\/\/lynnhan.com\/is\/wp-json\/wp\/v2\/users\/1"}],"replies":[{"embeddable":true,"href":"https:\/\/lynnhan.com\/is\/wp-json\/wp\/v2\/comments?post=603"}],"version-history":[{"count":0,"href":"https:\/\/lynnhan.com\/is\/wp-json\/wp\/v2\/pages\/603\/revisions"}],"wp:attachment":[{"href":"https:\/\/lynnhan.com\/is\/wp-json\/wp\/v2\/media?parent=603"}],"curies":[{"name":"wp","href":"https:\/\/api.w.org\/{rel}","templated":true}]}}