{"id":601,"date":"2024-02-28T03:19:26","date_gmt":"2024-02-28T03:19:26","guid":{"rendered":"https:\/\/lynnhan.com\/?page_id=601"},"modified":"2024-12-18T10:32:06","modified_gmt":"2024-12-18T10:32:06","slug":"gaesluskyrsla","status":"publish","type":"page","link":"https:\/\/lynnhan.com\/is\/gaesluskyrsla\/","title":{"rendered":"Skilm\u00e1lar um h\u00e6tti"},"content":{"rendered":"<div data-elementor-type=\"wp-page\" data-elementor-id=\"601\" class=\"elementor elementor-601\" data-elementor-post-type=\"page\">\n\t\t\t\t<div class=\"elementor-element elementor-element-1f21eb2 e-flex e-con-boxed e-con e-parent\" data-id=\"1f21eb2\" data-element_type=\"container\">\n\t\t\t\t\t<div class=\"e-con-inner\">\n\t\t\t\t<div class=\"elementor-element elementor-element-bfcddf0 elementor-widget elementor-widget-image\" data-id=\"bfcddf0\" data-element_type=\"widget\" data-widget_type=\"image.default\">\n\t\t\t\t<div class=\"elementor-widget-container\">\n\t\t\t\t\t\t\t\t\t\t\t\t\t\t\t<img fetchpriority=\"high\" decoding=\"async\" width=\"1536\" height=\"768\" src=\"https:\/\/pub-78925c7bf9ca4c6d820df8293a5c116c.r2.dev\/2024\/12\/Code-Of-Conduct.webp\" class=\"attachment-full size-full wp-image-3311\" alt=\"Allt \u00ed einu LED-for\u00f0ara sk\u00fdrsla um h\u00e6fni\" srcset=\"https:\/\/pub-78925c7bf9ca4c6d820df8293a5c116c.r2.dev\/2024\/12\/Code-Of-Conduct.webp 1536w, https:\/\/pub-78925c7bf9ca4c6d820df8293a5c116c.r2.dev\/2024\/12\/Code-Of-Conduct-700x350.webp 700w, https:\/\/pub-78925c7bf9ca4c6d820df8293a5c116c.r2.dev\/2024\/12\/Code-Of-Conduct-1024x512.webp 1024w, https:\/\/pub-78925c7bf9ca4c6d820df8293a5c116c.r2.dev\/2024\/12\/Code-Of-Conduct-768x384.webp 768w, https:\/\/pub-78925c7bf9ca4c6d820df8293a5c116c.r2.dev\/2024\/12\/Code-Of-Conduct-18x9.webp 18w, https:\/\/pub-78925c7bf9ca4c6d820df8293a5c116c.r2.dev\/2024\/12\/Code-Of-Conduct-1140x570.webp 1140w, https:\/\/pub-78925c7bf9ca4c6d820df8293a5c116c.r2.dev\/2024\/12\/Code-Of-Conduct-920x460.webp 920w, https:\/\/pub-78925c7bf9ca4c6d820df8293a5c116c.r2.dev\/2024\/12\/Code-Of-Conduct-575x288.webp 575w, https:\/\/pub-78925c7bf9ca4c6d820df8293a5c116c.r2.dev\/2024\/12\/Code-Of-Conduct-380x190.webp 380w, https:\/\/pub-78925c7bf9ca4c6d820df8293a5c116c.r2.dev\/2024\/12\/Code-Of-Conduct-1320x660.webp 1320w, https:\/\/pub-78925c7bf9ca4c6d820df8293a5c116c.r2.dev\/2024\/12\/Code-Of-Conduct-800x400.webp 800w\" sizes=\"(max-width: 1536px) 100vw, 1536px\" \/>\t\t\t\t\t\t\t\t\t\t\t\t\t\t\t<\/div>\n\t\t\t\t<\/div>\n\t\t\t\t\t<\/div>\n\t\t\t\t<\/div>\n\t\t<div class=\"elementor-element elementor-element-7b6aef8e e-flex e-con-boxed e-con e-parent\" data-id=\"7b6aef8e\" data-element_type=\"container\">\n\t\t\t\t\t<div class=\"e-con-inner\">\n\t\t\t\t<div class=\"elementor-element elementor-element-620072c1 elementor-widget elementor-widget-text-editor\" data-id=\"620072c1\" data-element_type=\"widget\" data-widget_type=\"text-editor.default\">\n\t\t\t\t<div class=\"elementor-widget-container\">\n\t\t\t\t\t\t\t\t\t\n<p><strong>Einleitung<\/strong><\/p>\n\n\n\n<p>Bei Lynnhan sind wir verpflichtet, unser Gesch\u00e4ft gem\u00e4\u00df den h\u00f6chsten Standards an Integrit\u00e4t und Professionalit\u00e4t durchzuf\u00fchren. Dieser Verhaltenskodex dient als Leitfaden f\u00fcr unsere Mitarbeiter, Partner und Affiliates, und skizziert die Prinzipien und Standards, die unser unternehmerisches Verhalten und unsere Entscheidungsprozesse definieren.<\/p>\n\n\n\n<p><strong>Unser Engagement f\u00fcr Integrit\u00e4t<\/strong><\/p>\n\n\n\n<ul class=\"wp-block-list\">\n<li><strong>Ethisches Gesch\u00e4ftsverhalten<\/strong>: Wir sind verpflichtet, unser Gesch\u00e4ft ethisch und mit Integrit\u00e4t durchzuf\u00fchren, alle anwendbaren Gesetze, Vorschriften und Standards zu respektieren.<\/li>\n\n\n\n<li><strong>Transparenz<\/strong>: Wir f\u00f6rdern ein Umfeld der Offenheit und Transparenz in allen unseren Gesch\u00e4ftsbeziehungen, sicherzustellen, dass unsere Stakeholder informiert und in unseren Prozessen engagiert sind.<\/li>\n<\/ul>\n\n\n\n<p><strong>Respekt und Fairness<\/strong><\/p>\n\n\n\n<ul class=\"wp-block-list\">\n<li><strong>Vielfalt und Inklusion<\/strong>: Wir sch\u00e4tzen Vielfalt und sind verpflichtet, ein integratives Umfeld zu schaffen, in dem jeder mit Respekt und W\u00fcrde behandelt wird.<\/li>\n\n\n\n<li><strong>Bel\u00e4stigungsfreier Arbeitsplatz<\/strong>: Lynnhan ist bestrebt, einen Arbeitsplatz zu unterhalten, der vor Bel\u00e4stigung, Diskriminierung oder jeder anderen Form von Missbrauch frei ist. Alle Mitarbeiter sind erwartet, einen positiven und respektvollen Arbeitsplatz beizutragen.<\/li>\n<\/ul>\n\n\n\n<p><strong>Rechenschaftspflicht und Verantwortung<\/strong><\/p>\n\n\n\n<ul class=\"wp-block-list\">\n<li><strong>Einhaltung<\/strong>: Alle Mitarbeiter und Partner m\u00fcssen diesen Verhaltenskodex, die Unternehmensrichtlinien und alle anwendbaren Gesetze und Vorschriften einhalten.<\/li>\n\n\n\n<li><strong>Meldung von Verletzungen<\/strong>: Wir ermutigen die Meldung jeglichen unethischen Verhaltens oder Verst\u00f6\u00dfen gegen diesen Verhaltenskodex. Lynnhan stellt sicher, dass es keine Rache gegen Personen gibt, die in gutem Glauben Verst\u00f6\u00dfe melden.<\/li>\n<\/ul>\n\n\n\n<p><strong>Vertraulichkeit und Datenschutz<\/strong><\/p>\n\n\n\n<ul class=\"wp-block-list\">\n<li><strong>Schutz der Informationen<\/strong>: Wir sind verpflichtet, die Vertraulichkeit und den Datenschutz unserer Kunden, Mitarbeiter und Partner zu wahren. Informationen sind mit \u00e4u\u00dferster Sorgfalt und Sicherheit zu behandeln.<\/li>\n\n\n\n<li><strong>Geistiges Eigentum<\/strong>: Wir respektieren geistige Eigentumsrechte und erwarten von unseren Mitarbeitern und Partnern dasselbe.<\/li>\n<\/ul>\n\n\n\n<p><strong>Interessenkonflikt<\/strong><\/p>\n\n\n\n<ul class=\"wp-block-list\">\n<li><strong>Vermeidung von Konflikten<\/strong>: Mitarbeiter und Partner sollten jegliche pers\u00f6nlichen, finanziellen oder anderen Interessen vermeiden, die ihre F\u00e4higkeit oder Bereitschaft beeintr\u00e4chtigen k\u00f6nnten, ihre Aufgaben unparteiisch auszuf\u00fchren.<\/li>\n\n\n\n<li><strong>Offenlegung<\/strong>: Jegliche potenziellen Interessenkonflikte sollten der Unternehmensleitung zur Bewertung und Anleitung offengelegt werden.<\/li>\n<\/ul>\n\n\n\n<p><strong>Umweltverantwortung<\/strong><\/p>\n\n\n\n<ul class=\"wp-block-list\">\n<li><strong>\u00der\u00f3unarl\u00edking<\/strong>: Lynnhan ist der Nachhaltigkeit und Umweltverantwortung verpflichtet. Wir streben an, unseren \u00f6kologischen Fu\u00dfabdruck zu minimieren und verantwortungsvolle Praktiken in allen Bereichen unseres Gesch\u00e4fts zu f\u00f6rdern.<\/li>\n<\/ul>\n\n\n\n<p><strong>Gemeinwesenbeteiligung<\/strong><\/p>\n\n\n\n<ul class=\"wp-block-list\">\n<li><strong>A\u00f0 gera til baka<\/strong>: Vi tr\u00faum \u00e1 a\u00f0 gera til baka til samf\u00e9lga\u00f0ra sta\u00f0a sem vi\u00f0 virkja, a\u00f0 meita einn si\u00f0ar hugsunarmannast\u00f6\u00f0u og \u00fej\u00f3nusta\u00fej\u00f3nustu \u00e1 milli n\u00fdskr\u00e1\u00f0ra starfsmanna og partnera.<\/li>\n<\/ul>\n\n\n\n<p><strong>Vi\u00f0skipta- og aukendi\u00f0<\/strong><\/p>\n\n\n\n<ul class=\"wp-block-list\">\n<li><strong>\u00dej\u00f3nusta\u00fej\u00f3nustu<\/strong>: \u00d6ll starfsmenn f\u00e6r\u00f0ust a\u00f0 f\u00e1 \u00fej\u00f3nusta\u00fej\u00f3nustu um \u00feetta sk\u00fdrslu um h\u00e6fni til a\u00f0 n\u00e1lgast og uppfylla \u00feessa hugt\u00f6k \u00e1 v\u00f6r\u00f0ugan h\u00e1tt.<\/li>\n\n\n\n<li><strong>Aukendi\u00f0<\/strong>: \u00d6ryggi af \u00feessum sk\u00fdrslu um h\u00e6fni ver\u00f0ur auki\u00f0 og getur leitt til disiplin\u00e1rsamnings, einnig me\u00f0 a\u00f0 skipta af s\u00e9r starfsemi e\u00f0a vi\u00f0skipta\u00fer\u00e1\u00f0um.<\/li>\n<\/ul>\n\n\n\n<p><strong>Afs\u00f6gn<\/strong><\/p>\n\n\n\n<p>\u00deetta sk\u00fdrsla um h\u00e6fni er kerfi\u00f0 vi\u00f0 uppdragi\u00f0 vi\u00f0 Lynnhan. Me\u00f0 a\u00f0 uppr\u00e6tthalda \u00e1 \u00feessum hugt\u00f6kum, uppr\u00e6tthaldum vi\u00f0 heiti\u00f0 um uppr\u00e6tth\u00e6fni, tilheyr\u00f0u g\u00f3\u00f0u starfsmannastigi og byggjum tr\u00fa \u00e1 me\u00f0 unum, sam\u00fe\u00e6tti og samf\u00e9lgi. Saman getum vi\u00f0 sigur\u00f0ast a\u00f0 Lynnhan heldur \u00e1fram a\u00f0 vera sta\u00f0ur \u00fear sem \u00farskifti, respekt og uppr\u00e6tth\u00e6fni bl\u00f3ma.<\/p>\n\t\t\t\t\t\t\t\t<\/div>\n\t\t\t\t<\/div>\n\t\t\t\t\t<\/div>\n\t\t\t\t<\/div>\n\t\t\t\t<\/div>","protected":false},"excerpt":{"rendered":"<p>Introduction At Lynnhan, we are committed to conducting our business according to the highest standards of integrity and professionalism. This Code of Conduct serves as a guide for our employees, [\u2026]<\/p>","protected":false},"author":1,"featured_media":0,"parent":0,"menu_order":0,"comment_status":"closed","ping_status":"closed","template":"","meta":{"footnotes":""},"class_list":["post-601","page","type-page","status-publish","hentry"],"yoast_head":"<!-- This site is optimized with the Yoast SEO plugin v26.6 - https:\/\/yoast.com\/wordpress\/plugins\/seo\/ -->\n<title>Code of Conduct-Lynnhan smart display factory<\/title>\n<meta name=\"description\" content=\"Lynnhan smart display factory&#039;s commits to ethics and integrity. Our code of conduct ensures a respectful and inclusive culture for all.\" \/>\n<meta name=\"robots\" content=\"index, follow, max-snippet:-1, max-image-preview:large, max-video-preview:-1\" \/>\n<link rel=\"canonical\" href=\"https:\/\/lynnhan.com\/is\/gaesluskyrsla\/\" \/>\n<meta property=\"og:locale\" content=\"is_IS\" \/>\n<meta property=\"og:type\" content=\"article\" \/>\n<meta property=\"og:title\" content=\"Code of Conduct-Lynnhan smart display factory\" \/>\n<meta property=\"og:description\" content=\"Lynnhan smart display factory&#039;s commits to ethics and integrity. Our code of conduct ensures a respectful and inclusive culture for all.\" \/>\n<meta property=\"og:url\" content=\"https:\/\/lynnhan.com\/is\/gaesluskyrsla\/\" \/>\n<meta property=\"og:site_name\" content=\"Lynnhan - Trusted Supplier | LED\/OLED\/LCD\/E-paper digital signages\" \/>\n<meta property=\"article:modified_time\" content=\"2024-12-18T10:32:06+00:00\" \/>\n<meta property=\"og:image\" content=\"https:\/\/pub-78925c7bf9ca4c6d820df8293a5c116c.r2.dev\/2024\/12\/Code-Of-Conduct.webp\" \/>\n<meta name=\"twitter:card\" content=\"summary_large_image\" \/>\n<meta name=\"twitter:label1\" content=\"Est. reading time\" \/>\n\t<meta name=\"twitter:data1\" content=\"3 minutes\" \/>\n<script type=\"application\/ld+json\" class=\"yoast-schema-graph\">{\"@context\":\"https:\/\/schema.org\",\"@graph\":[{\"@type\":\"WebPage\",\"@id\":\"https:\/\/lynnhan.com\/ja\/%e8%a1%8c%e5%8b%95%e8%a6%8f%e7%af%84\/\",\"url\":\"https:\/\/lynnhan.com\/ja\/%e8%a1%8c%e5%8b%95%e8%a6%8f%e7%af%84\/\",\"name\":\"Code of Conduct-Lynnhan smart display factory\",\"isPartOf\":{\"@id\":\"https:\/\/lynnhan.com\/km\/#website\"},\"primaryImageOfPage\":{\"@id\":\"https:\/\/lynnhan.com\/ja\/%e8%a1%8c%e5%8b%95%e8%a6%8f%e7%af%84\/#primaryimage\"},\"image\":{\"@id\":\"https:\/\/lynnhan.com\/ja\/%e8%a1%8c%e5%8b%95%e8%a6%8f%e7%af%84\/#primaryimage\"},\"thumbnailUrl\":\"https:\/\/pub-78925c7bf9ca4c6d820df8293a5c116c.r2.dev\/2024\/12\/Code-Of-Conduct.webp\",\"datePublished\":\"2024-02-28T03:19:26+00:00\",\"dateModified\":\"2024-12-18T10:32:06+00:00\",\"description\":\"Lynnhan smart display factory's commits to ethics and integrity. Our code of conduct ensures a respectful and inclusive culture for all.\",\"breadcrumb\":{\"@id\":\"https:\/\/lynnhan.com\/ja\/%e8%a1%8c%e5%8b%95%e8%a6%8f%e7%af%84\/#breadcrumb\"},\"inLanguage\":\"is\",\"potentialAction\":[{\"@type\":\"ReadAction\",\"target\":[\"https:\/\/lynnhan.com\/ja\/%e8%a1%8c%e5%8b%95%e8%a6%8f%e7%af%84\/\"]}]},{\"@type\":\"ImageObject\",\"inLanguage\":\"is\",\"@id\":\"https:\/\/lynnhan.com\/ja\/%e8%a1%8c%e5%8b%95%e8%a6%8f%e7%af%84\/#primaryimage\",\"url\":\"https:\/\/pub-78925c7bf9ca4c6d820df8293a5c116c.r2.dev\/2024\/12\/Code-Of-Conduct.webp\",\"contentUrl\":\"https:\/\/pub-78925c7bf9ca4c6d820df8293a5c116c.r2.dev\/2024\/12\/Code-Of-Conduct.webp\"},{\"@type\":\"BreadcrumbList\",\"@id\":\"https:\/\/lynnhan.com\/ja\/%e8%a1%8c%e5%8b%95%e8%a6%8f%e7%af%84\/#breadcrumb\",\"itemListElement\":[{\"@type\":\"ListItem\",\"position\":1,\"name\":\"Home\",\"item\":\"https:\/\/lynnhan.com\/\"},{\"@type\":\"ListItem\",\"position\":2,\"name\":\"Code Of Conduct\"}]},{\"@type\":\"WebSite\",\"@id\":\"https:\/\/lynnhan.com\/km\/#website\",\"url\":\"https:\/\/lynnhan.com\/km\/\",\"name\":\"Lynnhan - Trusted Supplier | LED\/OLED\/LCD\/E-paper digital signages\",\"description\":\"Lynnhan - Trusted Supplier |  LED\/OLED\/LCD\/E-paper digital signages\",\"publisher\":{\"@id\":\"https:\/\/lynnhan.com\/km\/#organization\"},\"potentialAction\":[{\"@type\":\"SearchAction\",\"target\":{\"@type\":\"EntryPoint\",\"urlTemplate\":\"https:\/\/lynnhan.com\/km\/?s={search_term_string}\"},\"query-input\":{\"@type\":\"PropertyValueSpecification\",\"valueRequired\":true,\"valueName\":\"search_term_string\"}}],\"inLanguage\":\"is\"},{\"@type\":\"Organization\",\"@id\":\"https:\/\/lynnhan.com\/km\/#organization\",\"name\":\"Lynnhan - Trusted Supplier | LED\/OLED\/LCD\/E-paper digital signages\",\"url\":\"https:\/\/lynnhan.com\/km\/\",\"logo\":{\"@type\":\"ImageObject\",\"inLanguage\":\"is\",\"@id\":\"https:\/\/lynnhan.com\/km\/#\/schema\/logo\/image\/\",\"url\":\"https:\/\/pub-78925c7bf9ca4c6d820df8293a5c116c.r2.dev\/2024\/07\/LynnHan-logo3.png\",\"contentUrl\":\"https:\/\/pub-78925c7bf9ca4c6d820df8293a5c116c.r2.dev\/2024\/07\/LynnHan-logo3.png\",\"width\":390,\"height\":130,\"caption\":\"Lynnhan - Trusted Supplier | LED\/OLED\/LCD\/E-paper digital signages\"},\"image\":{\"@id\":\"https:\/\/lynnhan.com\/km\/#\/schema\/logo\/image\/\"}}]}<\/script>\n<!-- \/ Yoast SEO plugin. -->","yoast_head_json":{"title":"Sk\u00fdrsluf\u00e9lag - Lynnhan smi\u00f0jastofa","description":"Lynnhan samskiptaskj\u00e1raverksmi\u00f0ja stendur fyrir heil\u00f6gum si\u00f0 og uppr\u00e6tth\u00e6fni. Vinnslusk\u00fdrslan okkar \u00e1rekkur a\u00f0 halda \u00e1fram \u00e1 uppl\u00fdstum og innbyggjandi hugt\u00f6kum fyrir \u00f6ll.","robots":{"index":"index","follow":"follow","max-snippet":"max-snippet:-1","max-image-preview":"max-image-preview:large","max-video-preview":"max-video-preview:-1"},"canonical":"https:\/\/lynnhan.com\/is\/gaesluskyrsla\/","og_locale":"is_IS","og_type":"article","og_title":"Code of Conduct-Lynnhan smart display factory","og_description":"Lynnhan smart display factory's commits to ethics and integrity. Our code of conduct ensures a respectful and inclusive culture for all.","og_url":"https:\/\/lynnhan.com\/is\/gaesluskyrsla\/","og_site_name":"Lynnhan - Trusted Supplier | LED\/OLED\/LCD\/E-paper digital signages","article_modified_time":"2024-12-18T10:32:06+00:00","og_image":[{"url":"https:\/\/pub-78925c7bf9ca4c6d820df8293a5c116c.r2.dev\/2024\/12\/Code-Of-Conduct.webp","type":"","width":"","height":""}],"twitter_card":"summary_large_image","twitter_misc":{"Est. reading time":"3 minutes"},"schema":{"@context":"https:\/\/schema.org","@graph":[{"@type":"WebPage","@id":"https:\/\/lynnhan.com\/ja\/%e8%a1%8c%e5%8b%95%e8%a6%8f%e7%af%84\/","url":"https:\/\/lynnhan.com\/ja\/%e8%a1%8c%e5%8b%95%e8%a6%8f%e7%af%84\/","name":"Sk\u00fdrsluf\u00e9lag - Lynnhan smi\u00f0jastofa","isPartOf":{"@id":"https:\/\/lynnhan.com\/km\/#website"},"primaryImageOfPage":{"@id":"https:\/\/lynnhan.com\/ja\/%e8%a1%8c%e5%8b%95%e8%a6%8f%e7%af%84\/#primaryimage"},"image":{"@id":"https:\/\/lynnhan.com\/ja\/%e8%a1%8c%e5%8b%95%e8%a6%8f%e7%af%84\/#primaryimage"},"thumbnailUrl":"https:\/\/pub-78925c7bf9ca4c6d820df8293a5c116c.r2.dev\/2024\/12\/Code-Of-Conduct.webp","datePublished":"2024-02-28T03:19:26+00:00","dateModified":"2024-12-18T10:32:06+00:00","description":"Lynnhan samskiptaskj\u00e1raverksmi\u00f0ja stendur fyrir heil\u00f6gum si\u00f0 og uppr\u00e6tth\u00e6fni. Vinnslusk\u00fdrslan okkar \u00e1rekkur a\u00f0 halda \u00e1fram \u00e1 uppl\u00fdstum og innbyggjandi hugt\u00f6kum fyrir \u00f6ll.","breadcrumb":{"@id":"https:\/\/lynnhan.com\/ja\/%e8%a1%8c%e5%8b%95%e8%a6%8f%e7%af%84\/#breadcrumb"},"inLanguage":"is","potentialAction":[{"@type":"ReadAction","target":["https:\/\/lynnhan.com\/ja\/%e8%a1%8c%e5%8b%95%e8%a6%8f%e7%af%84\/"]}]},{"@type":"ImageObject","inLanguage":"is","@id":"https:\/\/lynnhan.com\/ja\/%e8%a1%8c%e5%8b%95%e8%a6%8f%e7%af%84\/#primaryimage","url":"https:\/\/pub-78925c7bf9ca4c6d820df8293a5c116c.r2.dev\/2024\/12\/Code-Of-Conduct.webp","contentUrl":"https:\/\/pub-78925c7bf9ca4c6d820df8293a5c116c.r2.dev\/2024\/12\/Code-Of-Conduct.webp"},{"@type":"BreadcrumbList","@id":"https:\/\/lynnhan.com\/ja\/%e8%a1%8c%e5%8b%95%e8%a6%8f%e7%af%84\/#breadcrumb","itemListElement":[{"@type":"ListItem","position":1,"name":"Home","item":"https:\/\/lynnhan.com\/"},{"@type":"ListItem","position":2,"name":"Code Of Conduct"}]},{"@type":"WebSite","@id":"https:\/\/lynnhan.com\/km\/#website","url":"https:\/\/lynnhan.com\/km\/","name":"Lynnhan - Tilverkari\u00f0 vi\u00f0 treystir | LED\/OLED\/LCD\/E-paper digitalsignar","description":"Lynnhan - Tilf\u00f6rlitleg for\u00f0a |  LED\/OLED\/LCD\/e-pap\u00edr digit\u00e1ln\u00ed sk\u00fdrslur","publisher":{"@id":"https:\/\/lynnhan.com\/km\/#organization"},"potentialAction":[{"@type":"SearchAction","target":{"@type":"EntryPoint","urlTemplate":"https:\/\/lynnhan.com\/km\/?s={search_term_string}"},"query-input":{"@type":"PropertyValueSpecification","valueRequired":true,"valueName":"search_term_string"}}],"inLanguage":"is"},{"@type":"Organization","@id":"https:\/\/lynnhan.com\/km\/#organization","name":"Lynnhan - Tilverkari\u00f0 vi\u00f0 treystir | LED\/OLED\/LCD\/E-paper digitalsignar","url":"https:\/\/lynnhan.com\/km\/","logo":{"@type":"ImageObject","inLanguage":"is","@id":"https:\/\/lynnhan.com\/km\/#\/schema\/logo\/image\/","url":"https:\/\/pub-78925c7bf9ca4c6d820df8293a5c116c.r2.dev\/2024\/07\/LynnHan-logo3.png","contentUrl":"https:\/\/pub-78925c7bf9ca4c6d820df8293a5c116c.r2.dev\/2024\/07\/LynnHan-logo3.png","width":390,"height":130,"caption":"Lynnhan - Trusted Supplier | LED\/OLED\/LCD\/E-paper digital signages"},"image":{"@id":"https:\/\/lynnhan.com\/km\/#\/schema\/logo\/image\/"}}]}},"jetpack_sharing_enabled":true,"_links":{"self":[{"href":"https:\/\/lynnhan.com\/is\/wp-json\/wp\/v2\/pages\/601","targetHints":{"allow":["GET"]}}],"collection":[{"href":"https:\/\/lynnhan.com\/is\/wp-json\/wp\/v2\/pages"}],"about":[{"href":"https:\/\/lynnhan.com\/is\/wp-json\/wp\/v2\/types\/page"}],"author":[{"embeddable":true,"href":"https:\/\/lynnhan.com\/is\/wp-json\/wp\/v2\/users\/1"}],"replies":[{"embeddable":true,"href":"https:\/\/lynnhan.com\/is\/wp-json\/wp\/v2\/comments?post=601"}],"version-history":[{"count":0,"href":"https:\/\/lynnhan.com\/is\/wp-json\/wp\/v2\/pages\/601\/revisions"}],"wp:attachment":[{"href":"https:\/\/lynnhan.com\/is\/wp-json\/wp\/v2\/media?parent=601"}],"curies":[{"name":"wp","href":"https:\/\/api.w.org\/{rel}","templated":true}]}}