{"id":562,"date":"2024-02-28T01:46:45","date_gmt":"2024-02-28T01:46:45","guid":{"rendered":"https:\/\/lynnhan.com\/?page_id=562"},"modified":"2026-01-06T03:52:39","modified_gmt":"2026-01-06T03:52:39","slug":"um-lynnhan-interactive-display-factory","status":"publish","type":"page","link":"https:\/\/lynnhan.com\/is\/um-lynnhan-interactive-display-factory\/","title":{"rendered":"Um"},"content":{"rendered":"<p>\u00c1ttu\u00f0um a\u00f0 Lynnhan Interative Display Factory, erum vi\u00f0 st\u00fdr\u00f0ir einu a\u00f0st\u00e6\u00f0ukerfi: a\u00f0 endurbyggjum hvernig \u00fe\u00fa lever og virkjar me\u00f0 n\u00fdjandi tekn\u00f3log\u00edu. Me\u00f0 yfir tveimur \u00e1ratugum erf\u00f0arranns\u00f3kna \u00ed sm\u00e6\u00f0rastekn\u00f3log\u00eduskipanum, hefurum vi\u00f0 veri\u00f0 framhj\u00e1mlegir \u00ed a\u00f0 formast og senda fram sta\u00f0andasta\u00f0a v\u00f6rur sem stj\u00f3rna\u00f0a\u00f0ir geta styrkt fyrirt\u00e6ki og gj\u00f6r\u00f0u\u00f0 l\u00edf r\u00edkri.<\/p>\n\n\n<p><\/p>","protected":false},"excerpt":{"rendered":"<p>At Lynnhan Interative Display Factory, we are driven by a single mission: to revolutionize the way you live and work through innovative technology. With over a decade of expertise in [\u2026]<\/p>","protected":false},"author":1,"featured_media":0,"parent":0,"menu_order":0,"comment_status":"closed","ping_status":"closed","template":"","meta":{"footnotes":""},"class_list":["post-562","page","type-page","status-publish","hentry"],"yoast_head":"<!-- This site is optimized with the Yoast SEO plugin v26.6 - https:\/\/yoast.com\/wordpress\/plugins\/seo\/ -->\n<title>About - Lynnhan Interactive Display Factory<\/title>\n<meta name=\"description\" content=\"About Lynnhan-We are a reliable Interactive Display factory Of smart boards, portable TVs, smart touch screens, smart portable projectors,etc\" \/>\n<meta name=\"robots\" content=\"index, follow, max-snippet:-1, max-image-preview:large, max-video-preview:-1\" \/>\n<link rel=\"canonical\" href=\"https:\/\/lynnhan.com\/is\/um-lynnhan-interactive-display-factory\/\" \/>\n<meta property=\"og:locale\" content=\"is_IS\" \/>\n<meta property=\"og:type\" content=\"article\" \/>\n<meta property=\"og:title\" content=\"About - Lynnhan Interactive Display Factory\" \/>\n<meta property=\"og:description\" content=\"About Lynnhan-We are a reliable Interactive Display factory Of smart boards, portable TVs, smart touch screens, smart portable projectors,etc\" \/>\n<meta property=\"og:url\" content=\"https:\/\/lynnhan.com\/is\/um-lynnhan-interactive-display-factory\/\" \/>\n<meta property=\"og:site_name\" content=\"Lynnhan - Trusted Supplier | LED\/OLED\/LCD\/E-paper digital signages\" \/>\n<meta property=\"article:modified_time\" content=\"2026-01-06T03:52:39+00:00\" \/>\n<meta name=\"twitter:card\" content=\"summary_large_image\" \/>\n<meta name=\"twitter:label1\" content=\"Est. reading time\" \/>\n\t<meta name=\"twitter:data1\" content=\"1 minute\" \/>\n<script type=\"application\/ld+json\" class=\"yoast-schema-graph\">{\"@context\":\"https:\/\/schema.org\",\"@graph\":[{\"@type\":\"WebPage\",\"@id\":\"https:\/\/lynnhan.com\/about-lynnhan-interactive-display-factory\/\",\"url\":\"https:\/\/lynnhan.com\/about-lynnhan-interactive-display-factory\/\",\"name\":\"About - Lynnhan Interactive Display Factory\",\"isPartOf\":{\"@id\":\"https:\/\/lynnhan.com\/km\/#website\"},\"datePublished\":\"2024-02-28T01:46:45+00:00\",\"dateModified\":\"2026-01-06T03:52:39+00:00\",\"description\":\"About Lynnhan-We are a reliable Interactive Display factory Of smart boards, portable TVs, smart touch screens, smart portable projectors,etc\",\"breadcrumb\":{\"@id\":\"https:\/\/lynnhan.com\/about-lynnhan-interactive-display-factory\/#breadcrumb\"},\"inLanguage\":\"is\",\"potentialAction\":[{\"@type\":\"ReadAction\",\"target\":[\"https:\/\/lynnhan.com\/about-lynnhan-interactive-display-factory\/\"]}]},{\"@type\":\"BreadcrumbList\",\"@id\":\"https:\/\/lynnhan.com\/about-lynnhan-interactive-display-factory\/#breadcrumb\",\"itemListElement\":[{\"@type\":\"ListItem\",\"position\":1,\"name\":\"Home\",\"item\":\"https:\/\/lynnhan.com\/\"},{\"@type\":\"ListItem\",\"position\":2,\"name\":\"About\"}]},{\"@type\":\"WebSite\",\"@id\":\"https:\/\/lynnhan.com\/km\/#website\",\"url\":\"https:\/\/lynnhan.com\/km\/\",\"name\":\"Lynnhan - Trusted Supplier | LED\/OLED\/LCD\/E-paper digital signages\",\"description\":\"Lynnhan - Trusted Supplier |  LED\/OLED\/LCD\/E-paper digital signages\",\"publisher\":{\"@id\":\"https:\/\/lynnhan.com\/km\/#organization\"},\"potentialAction\":[{\"@type\":\"SearchAction\",\"target\":{\"@type\":\"EntryPoint\",\"urlTemplate\":\"https:\/\/lynnhan.com\/km\/?s={search_term_string}\"},\"query-input\":{\"@type\":\"PropertyValueSpecification\",\"valueRequired\":true,\"valueName\":\"search_term_string\"}}],\"inLanguage\":\"is\"},{\"@type\":\"Organization\",\"@id\":\"https:\/\/lynnhan.com\/km\/#organization\",\"name\":\"Lynnhan - Trusted Supplier | LED\/OLED\/LCD\/E-paper digital signages\",\"url\":\"https:\/\/lynnhan.com\/km\/\",\"logo\":{\"@type\":\"ImageObject\",\"inLanguage\":\"is\",\"@id\":\"https:\/\/lynnhan.com\/km\/#\/schema\/logo\/image\/\",\"url\":\"https:\/\/pub-78925c7bf9ca4c6d820df8293a5c116c.r2.dev\/2024\/07\/LynnHan-logo3.png\",\"contentUrl\":\"https:\/\/pub-78925c7bf9ca4c6d820df8293a5c116c.r2.dev\/2024\/07\/LynnHan-logo3.png\",\"width\":390,\"height\":130,\"caption\":\"Lynnhan - Trusted Supplier | LED\/OLED\/LCD\/E-paper digital signages\"},\"image\":{\"@id\":\"https:\/\/lynnhan.com\/km\/#\/schema\/logo\/image\/\"}}]}<\/script>\n<!-- \/ Yoast SEO plugin. -->","yoast_head_json":{"title":"Um - Lynnhan Interactive Display Factory","description":"Um lei\u00f0indi um Lynnhan-\u00c9gum er \u00e1hyggjast\u00e6\u00f0ur geymslafr\u00e6\u00f0i \u00ed samvinnu, me\u00f0 smarta t\u00e1knbr\u00fdnum, fj\u00e1rmagns TV, smartum snertist\u00fdrslum, smartum f\u00e6rslu\u00fej\u00f3nustum, o.s.frv.","robots":{"index":"index","follow":"follow","max-snippet":"max-snippet:-1","max-image-preview":"max-image-preview:large","max-video-preview":"max-video-preview:-1"},"canonical":"https:\/\/lynnhan.com\/is\/um-lynnhan-interactive-display-factory\/","og_locale":"is_IS","og_type":"article","og_title":"About - Lynnhan Interactive Display Factory","og_description":"About Lynnhan-We are a reliable Interactive Display factory Of smart boards, portable TVs, smart touch screens, smart portable projectors,etc","og_url":"https:\/\/lynnhan.com\/is\/um-lynnhan-interactive-display-factory\/","og_site_name":"Lynnhan - Trusted Supplier | LED\/OLED\/LCD\/E-paper digital signages","article_modified_time":"2026-01-06T03:52:39+00:00","twitter_card":"summary_large_image","twitter_misc":{"Est. reading time":"1 minute"},"schema":{"@context":"https:\/\/schema.org","@graph":[{"@type":"WebPage","@id":"https:\/\/lynnhan.com\/about-lynnhan-interactive-display-factory\/","url":"https:\/\/lynnhan.com\/about-lynnhan-interactive-display-factory\/","name":"Um - Lynnhan Interactive Display Factory","isPartOf":{"@id":"https:\/\/lynnhan.com\/km\/#website"},"datePublished":"2024-02-28T01:46:45+00:00","dateModified":"2026-01-06T03:52:39+00:00","description":"Um lei\u00f0indi um Lynnhan-\u00c9gum er \u00e1hyggjast\u00e6\u00f0ur geymslafr\u00e6\u00f0i \u00ed samvinnu, me\u00f0 smarta t\u00e1knbr\u00fdnum, fj\u00e1rmagns TV, smartum snertist\u00fdrslum, smartum f\u00e6rslu\u00fej\u00f3nustum, o.s.frv.","breadcrumb":{"@id":"https:\/\/lynnhan.com\/about-lynnhan-interactive-display-factory\/#breadcrumb"},"inLanguage":"is","potentialAction":[{"@type":"ReadAction","target":["https:\/\/lynnhan.com\/about-lynnhan-interactive-display-factory\/"]}]},{"@type":"BreadcrumbList","@id":"https:\/\/lynnhan.com\/about-lynnhan-interactive-display-factory\/#breadcrumb","itemListElement":[{"@type":"ListItem","position":1,"name":"Home","item":"https:\/\/lynnhan.com\/"},{"@type":"ListItem","position":2,"name":"About"}]},{"@type":"WebSite","@id":"https:\/\/lynnhan.com\/km\/#website","url":"https:\/\/lynnhan.com\/km\/","name":"Lynnhan - Tilverkari\u00f0 vi\u00f0 treystir | LED\/OLED\/LCD\/E-paper digitalsignar","description":"Lynnhan - Tilf\u00f6rlitleg for\u00f0a |  LED\/OLED\/LCD\/e-pap\u00edr digit\u00e1ln\u00ed sk\u00fdrslur","publisher":{"@id":"https:\/\/lynnhan.com\/km\/#organization"},"potentialAction":[{"@type":"SearchAction","target":{"@type":"EntryPoint","urlTemplate":"https:\/\/lynnhan.com\/km\/?s={search_term_string}"},"query-input":{"@type":"PropertyValueSpecification","valueRequired":true,"valueName":"search_term_string"}}],"inLanguage":"is"},{"@type":"Organization","@id":"https:\/\/lynnhan.com\/km\/#organization","name":"Lynnhan - Tilverkari\u00f0 vi\u00f0 treystir | LED\/OLED\/LCD\/E-paper digitalsignar","url":"https:\/\/lynnhan.com\/km\/","logo":{"@type":"ImageObject","inLanguage":"is","@id":"https:\/\/lynnhan.com\/km\/#\/schema\/logo\/image\/","url":"https:\/\/pub-78925c7bf9ca4c6d820df8293a5c116c.r2.dev\/2024\/07\/LynnHan-logo3.png","contentUrl":"https:\/\/pub-78925c7bf9ca4c6d820df8293a5c116c.r2.dev\/2024\/07\/LynnHan-logo3.png","width":390,"height":130,"caption":"Lynnhan - Trusted Supplier | LED\/OLED\/LCD\/E-paper digital signages"},"image":{"@id":"https:\/\/lynnhan.com\/km\/#\/schema\/logo\/image\/"}}]}},"jetpack_sharing_enabled":true,"_links":{"self":[{"href":"https:\/\/lynnhan.com\/is\/wp-json\/wp\/v2\/pages\/562","targetHints":{"allow":["GET"]}}],"collection":[{"href":"https:\/\/lynnhan.com\/is\/wp-json\/wp\/v2\/pages"}],"about":[{"href":"https:\/\/lynnhan.com\/is\/wp-json\/wp\/v2\/types\/page"}],"author":[{"embeddable":true,"href":"https:\/\/lynnhan.com\/is\/wp-json\/wp\/v2\/users\/1"}],"replies":[{"embeddable":true,"href":"https:\/\/lynnhan.com\/is\/wp-json\/wp\/v2\/comments?post=562"}],"version-history":[{"count":1,"href":"https:\/\/lynnhan.com\/is\/wp-json\/wp\/v2\/pages\/562\/revisions"}],"predecessor-version":[{"id":8401,"href":"https:\/\/lynnhan.com\/is\/wp-json\/wp\/v2\/pages\/562\/revisions\/8401"}],"wp:attachment":[{"href":"https:\/\/lynnhan.com\/is\/wp-json\/wp\/v2\/media?parent=562"}],"curies":[{"name":"wp","href":"https:\/\/api.w.org\/{rel}","templated":true}]}}