{"id":527,"date":"2024-02-27T08:12:47","date_gmt":"2024-02-27T08:12:47","guid":{"rendered":"https:\/\/lynnhan.com\/?page_id=527"},"modified":"2024-12-19T02:53:21","modified_gmt":"2024-12-19T02:53:21","slug":"ahaettustodu","status":"publish","type":"page","link":"https:\/\/lynnhan.com\/is\/ahaettustodu\/","title":{"rendered":"\u00der\u00f3unarl\u00edking"},"content":{"rendered":"<div data-elementor-type=\"wp-page\" data-elementor-id=\"527\" class=\"elementor elementor-527\" data-elementor-post-type=\"page\">\n\t\t\t\t<div class=\"elementor-element elementor-element-2320704 e-flex e-con-boxed e-con e-parent\" data-id=\"2320704\" data-element_type=\"container\">\n\t\t\t\t\t<div class=\"e-con-inner\">\n\t\t\t\t<div class=\"elementor-element elementor-element-629222c elementor-widget elementor-widget-image\" data-id=\"629222c\" data-element_type=\"widget\" data-widget_type=\"image.default\">\n\t\t\t\t<div class=\"elementor-widget-container\">\n\t\t\t\t\t\t\t\t\t\t\t\t\t\t\t<img fetchpriority=\"high\" decoding=\"async\" width=\"1024\" height=\"574\" src=\"https:\/\/pub-78925c7bf9ca4c6d820df8293a5c116c.r2.dev\/2024\/12\/All-in-one-LED-sustainability-1024x574.webp\" class=\"attachment-large size-large wp-image-3326\" alt=\"All in one LED sustainability\" srcset=\"https:\/\/pub-78925c7bf9ca4c6d820df8293a5c116c.r2.dev\/2024\/12\/All-in-one-LED-sustainability-1024x574.webp 1024w, https:\/\/pub-78925c7bf9ca4c6d820df8293a5c116c.r2.dev\/2024\/12\/All-in-one-LED-sustainability-700x392.webp 700w, https:\/\/pub-78925c7bf9ca4c6d820df8293a5c116c.r2.dev\/2024\/12\/All-in-one-LED-sustainability-768x430.webp 768w, https:\/\/pub-78925c7bf9ca4c6d820df8293a5c116c.r2.dev\/2024\/12\/All-in-one-LED-sustainability-1536x861.webp 1536w, https:\/\/pub-78925c7bf9ca4c6d820df8293a5c116c.r2.dev\/2024\/12\/All-in-one-LED-sustainability-18x10.webp 18w, https:\/\/pub-78925c7bf9ca4c6d820df8293a5c116c.r2.dev\/2024\/12\/All-in-one-LED-sustainability-1140x639.webp 1140w, https:\/\/pub-78925c7bf9ca4c6d820df8293a5c116c.r2.dev\/2024\/12\/All-in-one-LED-sustainability-920x516.webp 920w, https:\/\/pub-78925c7bf9ca4c6d820df8293a5c116c.r2.dev\/2024\/12\/All-in-one-LED-sustainability-575x322.webp 575w, https:\/\/pub-78925c7bf9ca4c6d820df8293a5c116c.r2.dev\/2024\/12\/All-in-one-LED-sustainability-380x213.webp 380w, https:\/\/pub-78925c7bf9ca4c6d820df8293a5c116c.r2.dev\/2024\/12\/All-in-one-LED-sustainability-1320x740.webp 1320w, https:\/\/pub-78925c7bf9ca4c6d820df8293a5c116c.r2.dev\/2024\/12\/All-in-one-LED-sustainability-800x448.webp 800w, https:\/\/pub-78925c7bf9ca4c6d820df8293a5c116c.r2.dev\/2024\/12\/All-in-one-LED-sustainability.webp 1920w\" sizes=\"(max-width: 1024px) 100vw, 1024px\" \/>\t\t\t\t\t\t\t\t\t\t\t\t\t\t\t<\/div>\n\t\t\t\t<\/div>\n\t\t\t\t\t<\/div>\n\t\t\t\t<\/div>\n\t\t<div class=\"elementor-element elementor-element-d4bc583 e-flex e-con-boxed e-con e-parent\" data-id=\"d4bc583\" data-element_type=\"container\">\n\t\t\t\t\t<div class=\"e-con-inner\">\n\t\t\t\t<div class=\"elementor-element elementor-element-1a85b96 elementor-widget elementor-widget-text-editor\" data-id=\"1a85b96\" data-element_type=\"widget\" data-widget_type=\"text-editor.default\">\n\t\t\t\t<div class=\"elementor-widget-container\">\n\t\t\t\t\t\t\t\t\t<h3>1. Hugtugning \u00e1 Lynnhan: Vi\u00f0tak til a\u00f0 skapa gr\u00e6nnara framt\u00ed\u00f0<\/h3><h5><strong>2. Auki\u00f0 hugtugt umhverfisv\u00e6\u00f0ingu \u00e1 \u00f6llu<\/strong><\/h5><p>3. \u00c1 Lynnhan, vi\u00f0 skiljum \u00e1 mikilv\u00e6gheiti\u00f0 a\u00f0 hugtugt umhverfisv\u00e6\u00f0ingu \u00ed n\u00faverandi heimshagfr\u00e6\u00f0i. Vi\u00f0tak vi\u00f0 umhverfisstj\u00f3rnun er innvefnt \u00ed l\u00ednu vinnslu, v\u00f6rum og stofnunar\u00e6ttri okkar. Vi\u00f0 er fastir a\u00f0 b\u00faa til teknologil\u00f8sningar sem ekki eing\u00f6ngu uppfylla kunda\u00fearfi\u00f0, heldur einnig gera \u00fdmis g\u00f3\u00f0a a\u00f0 umhverfi.<\/p><h5><strong>4. Umhverfisv\u00e6\u00f0ugt v\u00f6rudeild<\/strong><\/h5><p>5. \u00datf\u00e6rsluefnah\u00e6ttan hj\u00e1 Lynnhan er a\u00f0 setja \u00e1framhaldandi hugtugt umhverfisv\u00e6\u00f0ingu. Vi\u00f0 fremja notkun endurb\u00e6rtanlegra materiala, energ\u00eduv\u00e6\u00f0ugra eininga og umhverfisv\u00e6\u00f0ugt framlei\u00f0ni. V\u00f6rurnar okkar eru \u00e6fintaka\u00f0ar til a\u00f0 minnka t\u00ed\u00f0ni skiptingar og minnka avfalli.<\/p><h5><strong>6. Hreinsa\u00f0u CO2-fer\u00f0<\/strong><\/h5><p>7. Vi\u00f0 str\u00e6\u00f0st \u00e1 a\u00f0 minnka CO2-fer\u00f0ina me\u00f0 mismunandi \u00e1\u00e6tlunum, \u00e1 me\u00f0an vi\u00f0 stillum a\u00f0 forystu v\u00f6rufl\u00e6\u00f0i\u00f0, aukar vi\u00f0 energ\u00eduv\u00e6\u00f0ingu \u00ed framlei\u00f0ni og tekur vi\u00f0 n\u00fdjustu umhverfisv\u00e6\u00f0ugum r\u00e6ktum hvar svipanlegt. Lynnhan er fastur a\u00f0 n\u00e1 CO2-neutralt, settast ambisi\u00f3sent m\u00e1lmastig til a\u00f0 minnka our g\u00e1s\u00fatb\u00fdtingu.<\/p><h5><strong>8. Ansvarleg framlei\u00f0ni<\/strong><\/h5><p>9. Vi\u00f0 \u00e1\u00e6tla\u00f0um framlei\u00f0ni til a\u00f0 minnka umhverfis\u00e1hrif. Vi\u00f0 nota avfallssamreglun, v\u00f6tnunni endurk\u00e6ra og n\u00edtu a\u00f0halda til a\u00f0 fylgjast vi\u00f0 umhverfisreglur. V\u00f6r\u00f0uh\u00f3par Lynnhan eru varliga valdir eftir \u00feeirra atvinnuskipanir til a\u00f0 halda \u00e1framhaldandi hugtugt umhverfisv\u00e6\u00f0ingu.<\/p><h4><strong>10. stu\u00f0ningur til umhverfisv\u00e6\u00f0ugra teknol\u00f3ga<\/strong><\/h4><p>11. Lynnhan setur inn \u00ed ranns\u00f3kn og endurk\u00e6ring til a\u00f0 b\u00faa til n\u00fdskipta v\u00f6rur sem stu\u00f0la til umhverfisv\u00e6\u00f0inga. Fr\u00e1 energ\u00eduv\u00e6\u00f0ugum smart-bor\u00f0um og snertiskj\u00e1m til umhverfisv\u00e6\u00f0ugra vistkerfis, er teknol\u00f3gi okkar a\u00f0 st\u00e6kka energ\u00edu\u00e1notkun og st\u00e6kka umhverfisv\u00e6\u00f0ugan l\u00edfsst\u00edl.<\/p><h4><strong>12. tengslum samf\u00e9lags og verksmi\u00f0junnar<\/strong><\/h4><p>13. Vi\u00f0 tr\u00faum \u00e1 a\u00f0 samstarf getur auki\u00f0 hugtugt umhverfisv\u00e6\u00f0inga. Lynnhan tekur aktivt hlutverk \u00ed samf\u00e9l\u00f6gum, verksmi\u00f0jum og umhverfisstofnunum til a\u00f0 stj\u00f3rna umhverfisv\u00e6\u00f0inga\u00e1\u00e6tlunum. Me\u00f0 l\u00edkingu, samstarfi og samf\u00e9lags\u00e1t\u00f6kum, \u00e6tla\u00f0um vi\u00f0 a\u00f0 spjalla uppl\u00fdsingum og a\u00f0 auka samvinnu til a\u00f0 byggja upp gr\u00e6nnan heimin.<\/p><p><strong>14. Hugtugar umhverfisv\u00e6\u00f0ingafr\u00e6\u00f0i<\/strong><\/p><p>15. Lynnhan tekur vi\u00f0 hugtugar umhverfisv\u00e6\u00f0ingafr\u00e6\u00f0i, aukat\u00e6kni a\u00f0 n\u00e1 notkun a\u00f0gengissv\u00e6\u00f0inga, minnka avfalli og endurb\u00e6rtunum og endurb\u00faningum af v\u00f6rum \u00e1 endingu l\u00edfsfer\u00f0<\/p><p><strong>Our Sustainability Promise<\/strong><\/p><p>Sustainability at Lynnhan is not just about meeting today\u2019s needs but ensuring a healthy, thriving planet for future generations. We are committed to continuous improvement in our sustainability practices, setting new standards in the tech industry for environmental responsibility.<\/p><p>By choosing Lynnhan, you\u2019re partnering with a brand that places sustainability at the heart of its mission. Together, we can pave the way for a more sustainable future, leveraging technology to make a positive impact on the world.<\/p>\t\t\t\t\t\t\t\t<\/div>\n\t\t\t\t<\/div>\n\t\t\t\t\t<\/div>\n\t\t\t\t<\/div>\n\t\t\t\t<\/div>","protected":false},"excerpt":{"rendered":"<p>Sustainability at Lynnhan: Our Commitment to a Greener Future Embracing Sustainability in Every Aspect At Lynnhan, we recognize the critical importance of sustainability in today\u2019s global ecosystem. Our commitment to [\u2026]<\/p>","protected":false},"author":1,"featured_media":0,"parent":0,"menu_order":0,"comment_status":"closed","ping_status":"closed","template":"","meta":{"footnotes":""},"class_list":["post-527","page","type-page","status-publish","hentry"],"yoast_head":"<!-- This site is optimized with the Yoast SEO plugin v26.6 - https:\/\/yoast.com\/wordpress\/plugins\/seo\/ -->\n<title>Green Future: Explore LynnHan&#039;s Sustainability Efforts&quot;<\/title>\n<meta name=\"description\" content=\"Explore how LynnHan a leading smart tech manufacturer is making a difference with sustainable practices that benefit both the planet and future generations.\" \/>\n<meta name=\"robots\" content=\"index, follow, max-snippet:-1, max-image-preview:large, max-video-preview:-1\" \/>\n<link rel=\"canonical\" href=\"https:\/\/lynnhan.com\/is\/ahaettustodu\/\" \/>\n<meta property=\"og:locale\" content=\"is_IS\" \/>\n<meta property=\"og:type\" content=\"article\" \/>\n<meta property=\"og:title\" content=\"Green Future: Explore LynnHan&#039;s Sustainability Efforts&quot;\" \/>\n<meta property=\"og:description\" content=\"Explore how LynnHan a leading smart tech manufacturer is making a difference with sustainable practices that benefit both the planet and future generations.\" \/>\n<meta property=\"og:url\" content=\"https:\/\/lynnhan.com\/is\/ahaettustodu\/\" \/>\n<meta property=\"og:site_name\" content=\"Lynnhan - Trusted Supplier | LED\/OLED\/LCD\/E-paper digital signages\" \/>\n<meta property=\"article:modified_time\" content=\"2024-12-19T02:53:21+00:00\" \/>\n<meta property=\"og:image\" content=\"https:\/\/pub-78925c7bf9ca4c6d820df8293a5c116c.r2.dev\/2024\/12\/All-in-one-LED-sustainability-1024x574.webp\" \/>\n<meta name=\"twitter:card\" content=\"summary_large_image\" \/>\n<meta name=\"twitter:label1\" content=\"Est. reading time\" \/>\n\t<meta name=\"twitter:data1\" content=\"3 minutes\" \/>\n<script type=\"application\/ld+json\" class=\"yoast-schema-graph\">{\"@context\":\"https:\/\/schema.org\",\"@graph\":[{\"@type\":\"WebPage\",\"@id\":\"https:\/\/lynnhan.com\/sustainability\/\",\"url\":\"https:\/\/lynnhan.com\/sustainability\/\",\"name\":\"Green Future: Explore LynnHan's Sustainability Efforts\\\"\",\"isPartOf\":{\"@id\":\"https:\/\/lynnhan.com\/km\/#website\"},\"primaryImageOfPage\":{\"@id\":\"https:\/\/lynnhan.com\/sustainability\/#primaryimage\"},\"image\":{\"@id\":\"https:\/\/lynnhan.com\/sustainability\/#primaryimage\"},\"thumbnailUrl\":\"https:\/\/pub-78925c7bf9ca4c6d820df8293a5c116c.r2.dev\/2024\/12\/All-in-one-LED-sustainability-1024x574.webp\",\"datePublished\":\"2024-02-27T08:12:47+00:00\",\"dateModified\":\"2024-12-19T02:53:21+00:00\",\"description\":\"Explore how LynnHan a leading smart tech manufacturer is making a difference with sustainable practices that benefit both the planet and future generations.\",\"breadcrumb\":{\"@id\":\"https:\/\/lynnhan.com\/sustainability\/#breadcrumb\"},\"inLanguage\":\"is\",\"potentialAction\":[{\"@type\":\"ReadAction\",\"target\":[\"https:\/\/lynnhan.com\/sustainability\/\"]}]},{\"@type\":\"ImageObject\",\"inLanguage\":\"is\",\"@id\":\"https:\/\/lynnhan.com\/sustainability\/#primaryimage\",\"url\":\"https:\/\/pub-78925c7bf9ca4c6d820df8293a5c116c.r2.dev\/2024\/12\/All-in-one-LED-sustainability-1024x574.webp\",\"contentUrl\":\"https:\/\/pub-78925c7bf9ca4c6d820df8293a5c116c.r2.dev\/2024\/12\/All-in-one-LED-sustainability-1024x574.webp\"},{\"@type\":\"BreadcrumbList\",\"@id\":\"https:\/\/lynnhan.com\/sustainability\/#breadcrumb\",\"itemListElement\":[{\"@type\":\"ListItem\",\"position\":1,\"name\":\"Home\",\"item\":\"https:\/\/lynnhan.com\/\"},{\"@type\":\"ListItem\",\"position\":2,\"name\":\"Sustainability\"}]},{\"@type\":\"WebSite\",\"@id\":\"https:\/\/lynnhan.com\/km\/#website\",\"url\":\"https:\/\/lynnhan.com\/km\/\",\"name\":\"Lynnhan - Trusted Supplier | LED\/OLED\/LCD\/E-paper digital signages\",\"description\":\"Lynnhan - Trusted Supplier |  LED\/OLED\/LCD\/E-paper digital signages\",\"publisher\":{\"@id\":\"https:\/\/lynnhan.com\/km\/#organization\"},\"potentialAction\":[{\"@type\":\"SearchAction\",\"target\":{\"@type\":\"EntryPoint\",\"urlTemplate\":\"https:\/\/lynnhan.com\/km\/?s={search_term_string}\"},\"query-input\":{\"@type\":\"PropertyValueSpecification\",\"valueRequired\":true,\"valueName\":\"search_term_string\"}}],\"inLanguage\":\"is\"},{\"@type\":\"Organization\",\"@id\":\"https:\/\/lynnhan.com\/km\/#organization\",\"name\":\"Lynnhan - Trusted Supplier | LED\/OLED\/LCD\/E-paper digital signages\",\"url\":\"https:\/\/lynnhan.com\/km\/\",\"logo\":{\"@type\":\"ImageObject\",\"inLanguage\":\"is\",\"@id\":\"https:\/\/lynnhan.com\/km\/#\/schema\/logo\/image\/\",\"url\":\"https:\/\/pub-78925c7bf9ca4c6d820df8293a5c116c.r2.dev\/2024\/07\/LynnHan-logo3.png\",\"contentUrl\":\"https:\/\/pub-78925c7bf9ca4c6d820df8293a5c116c.r2.dev\/2024\/07\/LynnHan-logo3.png\",\"width\":390,\"height\":130,\"caption\":\"Lynnhan - Trusted Supplier | LED\/OLED\/LCD\/E-paper digital signages\"},\"image\":{\"@id\":\"https:\/\/lynnhan.com\/km\/#\/schema\/logo\/image\/\"}}]}<\/script>\n<!-- \/ Yoast SEO plugin. -->","yoast_head_json":{"title":"Gr\u00e6nt Framt\u00ed\u00f0: Sko\u00f0a\u00f0u LynnHan's \u00c6fingaskipanir\"","description":"Sko\u00f0a hvernig LynnHan, a for\u00f0ist\u00e6r\u00f0asta framlei\u00f0andi smarta tekna, gerir fr\u00e1 s\u00e9r me\u00f0 h\u00e6f\u00f0um um h\u00e6fileika sem gagnast heimsheiminn og fremjar aldar.","robots":{"index":"index","follow":"follow","max-snippet":"max-snippet:-1","max-image-preview":"max-image-preview:large","max-video-preview":"max-video-preview:-1"},"canonical":"https:\/\/lynnhan.com\/is\/ahaettustodu\/","og_locale":"is_IS","og_type":"article","og_title":"Green Future: Explore LynnHan's Sustainability Efforts\"","og_description":"Explore how LynnHan a leading smart tech manufacturer is making a difference with sustainable practices that benefit both the planet and future generations.","og_url":"https:\/\/lynnhan.com\/is\/ahaettustodu\/","og_site_name":"Lynnhan - Trusted Supplier | LED\/OLED\/LCD\/E-paper digital signages","article_modified_time":"2024-12-19T02:53:21+00:00","og_image":[{"url":"https:\/\/pub-78925c7bf9ca4c6d820df8293a5c116c.r2.dev\/2024\/12\/All-in-one-LED-sustainability-1024x574.webp","type":"","width":"","height":""}],"twitter_card":"summary_large_image","twitter_misc":{"Est. reading time":"3 minutes"},"schema":{"@context":"https:\/\/schema.org","@graph":[{"@type":"WebPage","@id":"https:\/\/lynnhan.com\/sustainability\/","url":"https:\/\/lynnhan.com\/sustainability\/","name":"Gr\u00e6nt Framt\u00ed\u00f0: Sko\u00f0a\u00f0u LynnHan's \u00c6fingaskipanir\"","isPartOf":{"@id":"https:\/\/lynnhan.com\/km\/#website"},"primaryImageOfPage":{"@id":"https:\/\/lynnhan.com\/sustainability\/#primaryimage"},"image":{"@id":"https:\/\/lynnhan.com\/sustainability\/#primaryimage"},"thumbnailUrl":"https:\/\/pub-78925c7bf9ca4c6d820df8293a5c116c.r2.dev\/2024\/12\/All-in-one-LED-sustainability-1024x574.webp","datePublished":"2024-02-27T08:12:47+00:00","dateModified":"2024-12-19T02:53:21+00:00","description":"Sko\u00f0a hvernig LynnHan, a for\u00f0ist\u00e6r\u00f0asta framlei\u00f0andi smarta tekna, gerir fr\u00e1 s\u00e9r me\u00f0 h\u00e6f\u00f0um um h\u00e6fileika sem gagnast heimsheiminn og fremjar aldar.","breadcrumb":{"@id":"https:\/\/lynnhan.com\/sustainability\/#breadcrumb"},"inLanguage":"is","potentialAction":[{"@type":"ReadAction","target":["https:\/\/lynnhan.com\/sustainability\/"]}]},{"@type":"ImageObject","inLanguage":"is","@id":"https:\/\/lynnhan.com\/sustainability\/#primaryimage","url":"https:\/\/pub-78925c7bf9ca4c6d820df8293a5c116c.r2.dev\/2024\/12\/All-in-one-LED-sustainability-1024x574.webp","contentUrl":"https:\/\/pub-78925c7bf9ca4c6d820df8293a5c116c.r2.dev\/2024\/12\/All-in-one-LED-sustainability-1024x574.webp"},{"@type":"BreadcrumbList","@id":"https:\/\/lynnhan.com\/sustainability\/#breadcrumb","itemListElement":[{"@type":"ListItem","position":1,"name":"Home","item":"https:\/\/lynnhan.com\/"},{"@type":"ListItem","position":2,"name":"Sustainability"}]},{"@type":"WebSite","@id":"https:\/\/lynnhan.com\/km\/#website","url":"https:\/\/lynnhan.com\/km\/","name":"Lynnhan - Tilverkari\u00f0 vi\u00f0 treystir | LED\/OLED\/LCD\/E-paper digitalsignar","description":"Lynnhan - Tilf\u00f6rlitleg for\u00f0a |  LED\/OLED\/LCD\/e-pap\u00edr digit\u00e1ln\u00ed sk\u00fdrslur","publisher":{"@id":"https:\/\/lynnhan.com\/km\/#organization"},"potentialAction":[{"@type":"SearchAction","target":{"@type":"EntryPoint","urlTemplate":"https:\/\/lynnhan.com\/km\/?s={search_term_string}"},"query-input":{"@type":"PropertyValueSpecification","valueRequired":true,"valueName":"search_term_string"}}],"inLanguage":"is"},{"@type":"Organization","@id":"https:\/\/lynnhan.com\/km\/#organization","name":"Lynnhan - Tilverkari\u00f0 vi\u00f0 treystir | LED\/OLED\/LCD\/E-paper digitalsignar","url":"https:\/\/lynnhan.com\/km\/","logo":{"@type":"ImageObject","inLanguage":"is","@id":"https:\/\/lynnhan.com\/km\/#\/schema\/logo\/image\/","url":"https:\/\/pub-78925c7bf9ca4c6d820df8293a5c116c.r2.dev\/2024\/07\/LynnHan-logo3.png","contentUrl":"https:\/\/pub-78925c7bf9ca4c6d820df8293a5c116c.r2.dev\/2024\/07\/LynnHan-logo3.png","width":390,"height":130,"caption":"Lynnhan - Trusted Supplier | LED\/OLED\/LCD\/E-paper digital signages"},"image":{"@id":"https:\/\/lynnhan.com\/km\/#\/schema\/logo\/image\/"}}]}},"jetpack_sharing_enabled":true,"_links":{"self":[{"href":"https:\/\/lynnhan.com\/is\/wp-json\/wp\/v2\/pages\/527","targetHints":{"allow":["GET"]}}],"collection":[{"href":"https:\/\/lynnhan.com\/is\/wp-json\/wp\/v2\/pages"}],"about":[{"href":"https:\/\/lynnhan.com\/is\/wp-json\/wp\/v2\/types\/page"}],"author":[{"embeddable":true,"href":"https:\/\/lynnhan.com\/is\/wp-json\/wp\/v2\/users\/1"}],"replies":[{"embeddable":true,"href":"https:\/\/lynnhan.com\/is\/wp-json\/wp\/v2\/comments?post=527"}],"version-history":[{"count":0,"href":"https:\/\/lynnhan.com\/is\/wp-json\/wp\/v2\/pages\/527\/revisions"}],"wp:attachment":[{"href":"https:\/\/lynnhan.com\/is\/wp-json\/wp\/v2\/media?parent=527"}],"curies":[{"name":"wp","href":"https:\/\/api.w.org\/{rel}","templated":true}]}}